{"id":1965,"date":"2022-07-03T13:10:22","date_gmt":"2022-07-03T13:10:22","guid":{"rendered":"https:\/\/gooddealersmeds.com\/it\/?post_type=product&#038;p=1965"},"modified":"2022-12-29T21:29:22","modified_gmt":"2022-12-29T21:29:22","slug":"compra-concerto-online","status":"publish","type":"product","link":"https:\/\/gooddealersmeds.com\/it\/product\/compra-concerto-online\/","title":{"rendered":"Acquista Concerta online"},"content":{"rendered":"<h2>Concerta in vendita online<\/h2>\n<p>Concerta \u00e8 un farmaco che aiuta a trattare il disturbo da deficit di attenzione (ADD) negli adulti. Contiene metilfenidato, progettato per aiutare le persone a concentrarsi e concentrarsi maggiormente. Concerta tratta l&#8217;ADD negli adulti che non rispondono bene ad altri trattamenti. Pu\u00f2 anche essere usato come trattamento per la narcolessia negli adulti che soffrono di eccessiva sonnolenza diurna, Acquista Concerta online<\/p>\n<p>Il farmaco \u00e8 disponibile in pillole e viene assunto una volta al giorno, con o senza cibo. Non mescolarlo con alcol o altre droghe. \u00c8 un farmaco a lunga durata d&#8217;azione che dura 12 ore dopo l&#8217;assunzione, quindi pu\u00f2 aiutarti a rimanere concentrato e vigile per tutto il giorno.<\/p>\n<p>Ha anche un basso potenziale di abuso, il che significa che \u00e8 improbabile che lo faccia producono effetti collaterali come ipertensione o problemi cardiaci. Concerta agisce aumentando i livelli di dopamina nel cervello, il che aiuta a migliorare la concentrazione, l&#8217;attenzione e il controllo degli impulsi.<\/p>\n<p>In poche parole, Concerta \u00e8 stato prescritto per le persone che hanno difficolt\u00e0 a concentrarsi e prestare attenzione. Aiuta anche a controllare l&#8217;iperattivit\u00e0, come agitarsi o muoversi troppo quando non dovresti.<\/p>\n<p>Non usare questo farmaco in caso di gravidanza o allattamento a causa del rischio di disabilit\u00e0 congenite o sintomi di astinenza se interrompe improvvisamente l&#8217;assunzione del farmaco dopo un uso a lungo termine (pi\u00f9 di due settimane).<\/p>\n<p><strong>\u00a0<\/strong><\/p>\n<p><strong>Perch\u00e9 ordinare Concerta Online?<\/strong><\/p>\n<p><strong>\u00a0<\/strong><\/p>\n<p>Ci sono molti vantaggi nell&#8217;acquistare Concerta online. Supponi di non dover mostrare alcuna prescrizione al venditore per <a href=\"https:\/\/gooddealersmeds.com\/it\/product\/buy-concerta-online\/\">acquistare Concerta<\/a> online. Se solo hai pi\u00f9 di 21 anni, sei a posto. Inoltre, puoi ordinare il prodotto desiderato senza altre limitazioni. Anche questo senza muovere il culo o fare un duro lavoro. Acquista Concerta online<\/p>\n<p><strong>\u00a0<\/strong><\/p>\n<p><strong>Qual \u200b\u200b\u00e8 il posto migliore per acquistare Concerta online?<\/strong><\/p>\n<p><strong>\u00a0<\/strong><\/p>\n<p>La polvere da concerto pu\u00f2 essere acquistata online. Il posto migliore per acquistare il metilfenidato online \u00e8 da un&#8217;azienda affidabile come GoodDealersMeds perch\u00e9 siamo in attivit\u00e0 da oltre 10 anni e ci siamo dimostrati affidabili. Abbiamo molti prodotti, incluso il metilfenidato, ma il nostro obiettivo principale \u00e8 fornire un servizio di alta qualit\u00e0 e la soddisfazione del cliente.<\/p>\n","protected":false},"excerpt":{"rendered":"<p>Compra Concerta Online \u00e8 usato per trattare il disturbo da deficit di attenzione e iperattivit\u00e0 \u2013 ADHD. Funziona modificando le quantit\u00e0 di alcune sostanze naturali nel cervello. Il metilfenidato appartiene a una classe di farmaci noti come stimolanti. Pu\u00f2 aiutare ad aumentare la tua capacit\u00e0 di prestare attenzione, rimanere concentrato su un&#8217;attivit\u00e0 e controllare i problemi comportamentali. Pu\u00f2 anche aiutarti a organizzare i tuoi compiti e migliorare le tue capacit\u00e0 di ascolto.<\/p>\n","protected":false},"featured_media":1966,"comment_status":"open","ping_status":"closed","template":"","meta":{"inline_featured_image":false},"product_brand":[],"product_cat":[346],"product_tag":[],"class_list":{"0":"post-1965","1":"product","2":"type-product","3":"status-publish","4":"has-post-thumbnail","6":"product_cat-stimolanti","8":"first","9":"instock","10":"shipping-taxable","11":"purchasable","12":"product-type-simple"},"yoast_head":"<!-- This site is optimized with the Yoast SEO Premium plugin v20.6 (Yoast SEO v27.3) - https:\/\/yoast.com\/product\/yoast-seo-premium-wordpress\/ -->\n<title>Acquista Concerta online (metilfenidato HCL) | Good Dealers Meds<\/title>\n<meta name=\"description\" content=\"Acquista Concerta online; usato per trattare il disturbo da deficit di attenzione e iperattivit\u00e0. Funziona modificando le sostanze naturali nel cervello.\" \/>\n<meta name=\"robots\" content=\"index, follow, max-snippet:-1, max-image-preview:large, max-video-preview:-1\" \/>\n<link rel=\"canonical\" href=\"https:\/\/gooddealersmeds.com\/it\/product\/compra-concerto-online\/\" \/>\n<meta property=\"og:locale\" content=\"en_US\" \/>\n<meta property=\"og:type\" content=\"article\" \/>\n<meta property=\"og:title\" content=\"Acquista Concerta online\" \/>\n<meta property=\"og:description\" content=\"Acquista Concerta online; usato per trattare il disturbo da deficit di attenzione e iperattivit\u00e0. Funziona modificando le sostanze naturali nel cervello.\" \/>\n<meta property=\"og:url\" content=\"https:\/\/gooddealersmeds.com\/it\/product\/compra-concerto-online\/\" \/>\n<meta property=\"og:site_name\" content=\"Good Dealers Meds\" \/>\n<meta property=\"article:modified_time\" content=\"2022-12-29T21:29:22+00:00\" \/>\n<meta property=\"og:image\" content=\"https:\/\/gooddealersmeds.com\/it\/wp-content\/uploads\/sites\/7\/2022\/07\/concerta-36mg-500x500-1.png\" \/>\n\t<meta property=\"og:image:width\" content=\"500\" \/>\n\t<meta property=\"og:image:height\" content=\"500\" \/>\n\t<meta property=\"og:image:type\" content=\"image\/png\" \/>\n<meta name=\"twitter:card\" content=\"summary_large_image\" \/>\n<meta name=\"twitter:label1\" content=\"Est. reading time\" \/>\n\t<meta name=\"twitter:data1\" content=\"2 minutes\" \/>\n<script type=\"application\/ld+json\" class=\"yoast-schema-graph\">{\"@context\":\"https:\\\/\\\/schema.org\",\"@graph\":[{\"@type\":\"WebPage\",\"@id\":\"https:\\\/\\\/gooddealersmeds.com\\\/it\\\/product\\\/compra-concerto-online\\\/\",\"url\":\"https:\\\/\\\/gooddealersmeds.com\\\/it\\\/product\\\/compra-concerto-online\\\/\",\"name\":\"Acquista Concerta online (metilfenidato HCL) | Good Dealers Meds\",\"isPartOf\":{\"@id\":\"https:\\\/\\\/gooddealersmeds.com\\\/it\\\/#website\"},\"primaryImageOfPage\":{\"@id\":\"https:\\\/\\\/gooddealersmeds.com\\\/it\\\/product\\\/compra-concerto-online\\\/#primaryimage\"},\"image\":{\"@id\":\"https:\\\/\\\/gooddealersmeds.com\\\/it\\\/product\\\/compra-concerto-online\\\/#primaryimage\"},\"thumbnailUrl\":\"https:\\\/\\\/gooddealersmeds.com\\\/it\\\/wp-content\\\/uploads\\\/sites\\\/7\\\/2022\\\/07\\\/concerta-36mg-500x500-1.png\",\"datePublished\":\"2022-07-03T13:10:22+00:00\",\"dateModified\":\"2022-12-29T21:29:22+00:00\",\"description\":\"Acquista Concerta online; usato per trattare il disturbo da deficit di attenzione e iperattivit\u00e0. Funziona modificando le sostanze naturali nel cervello.\",\"breadcrumb\":{\"@id\":\"https:\\\/\\\/gooddealersmeds.com\\\/it\\\/product\\\/compra-concerto-online\\\/#breadcrumb\"},\"inLanguage\":\"en-US\",\"potentialAction\":[{\"@type\":\"ReadAction\",\"target\":[\"https:\\\/\\\/gooddealersmeds.com\\\/it\\\/product\\\/compra-concerto-online\\\/\"]}]},{\"@type\":\"ImageObject\",\"inLanguage\":\"en-US\",\"@id\":\"https:\\\/\\\/gooddealersmeds.com\\\/it\\\/product\\\/compra-concerto-online\\\/#primaryimage\",\"url\":\"https:\\\/\\\/gooddealersmeds.com\\\/it\\\/wp-content\\\/uploads\\\/sites\\\/7\\\/2022\\\/07\\\/concerta-36mg-500x500-1.png\",\"contentUrl\":\"https:\\\/\\\/gooddealersmeds.com\\\/it\\\/wp-content\\\/uploads\\\/sites\\\/7\\\/2022\\\/07\\\/concerta-36mg-500x500-1.png\",\"width\":500,\"height\":500,\"caption\":\"Buy Concerta Online\"},{\"@type\":\"BreadcrumbList\",\"@id\":\"https:\\\/\\\/gooddealersmeds.com\\\/it\\\/product\\\/compra-concerto-online\\\/#breadcrumb\",\"itemListElement\":[{\"@type\":\"ListItem\",\"position\":1,\"name\":\"Home\",\"item\":\"https:\\\/\\\/gooddealersmeds.com\\\/it\\\/\"},{\"@type\":\"ListItem\",\"position\":2,\"name\":\"Prodotti\",\"item\":\"https:\\\/\\\/gooddealersmeds.com\\\/it\\\/prodotti\\\/\"},{\"@type\":\"ListItem\",\"position\":3,\"name\":\"Acquista Concerta online\"}]},{\"@type\":\"WebSite\",\"@id\":\"https:\\\/\\\/gooddealersmeds.com\\\/it\\\/#website\",\"url\":\"https:\\\/\\\/gooddealersmeds.com\\\/it\\\/\",\"name\":\"Good Dealers Meds\",\"description\":\"All our best\",\"publisher\":{\"@id\":\"https:\\\/\\\/gooddealersmeds.com\\\/it\\\/#organization\"},\"potentialAction\":[{\"@type\":\"SearchAction\",\"target\":{\"@type\":\"EntryPoint\",\"urlTemplate\":\"https:\\\/\\\/gooddealersmeds.com\\\/it\\\/?s={search_term_string}\"},\"query-input\":{\"@type\":\"PropertyValueSpecification\",\"valueRequired\":true,\"valueName\":\"search_term_string\"}}],\"inLanguage\":\"en-US\"},{\"@type\":\"Organization\",\"@id\":\"https:\\\/\\\/gooddealersmeds.com\\\/it\\\/#organization\",\"name\":\"Good Dealers Meds\",\"url\":\"https:\\\/\\\/gooddealersmeds.com\\\/it\\\/\",\"logo\":{\"@type\":\"ImageObject\",\"inLanguage\":\"en-US\",\"@id\":\"https:\\\/\\\/gooddealersmeds.com\\\/it\\\/#\\\/schema\\\/logo\\\/image\\\/\",\"url\":\"https:\\\/\\\/gooddealersmeds.com\\\/it\\\/wp-content\\\/uploads\\\/sites\\\/7\\\/2022\\\/03\\\/gooddealersmeds__logo__20220317T222800Z.00.png\",\"contentUrl\":\"https:\\\/\\\/gooddealersmeds.com\\\/it\\\/wp-content\\\/uploads\\\/sites\\\/7\\\/2022\\\/03\\\/gooddealersmeds__logo__20220317T222800Z.00.png\",\"width\":500,\"height\":325,\"caption\":\"Good Dealers Meds\"},\"image\":{\"@id\":\"https:\\\/\\\/gooddealersmeds.com\\\/it\\\/#\\\/schema\\\/logo\\\/image\\\/\"}}]}<\/script>\n<!-- \/ Yoast SEO Premium plugin. -->","yoast_head_json":{"title":"Acquista Concerta online (metilfenidato HCL) | Good Dealers Meds","description":"Acquista Concerta online; usato per trattare il disturbo da deficit di attenzione e iperattivit\u00e0. Funziona modificando le sostanze naturali nel cervello.","robots":{"index":"index","follow":"follow","max-snippet":"max-snippet:-1","max-image-preview":"max-image-preview:large","max-video-preview":"max-video-preview:-1"},"canonical":"https:\/\/gooddealersmeds.com\/it\/product\/compra-concerto-online\/","og_locale":"en_US","og_type":"article","og_title":"Acquista Concerta online","og_description":"Acquista Concerta online; usato per trattare il disturbo da deficit di attenzione e iperattivit\u00e0. Funziona modificando le sostanze naturali nel cervello.","og_url":"https:\/\/gooddealersmeds.com\/it\/product\/compra-concerto-online\/","og_site_name":"Good Dealers Meds","article_modified_time":"2022-12-29T21:29:22+00:00","og_image":[{"width":500,"height":500,"url":"https:\/\/gooddealersmeds.com\/it\/wp-content\/uploads\/sites\/7\/2022\/07\/concerta-36mg-500x500-1.png","type":"image\/png"}],"twitter_card":"summary_large_image","twitter_misc":{"Est. reading time":"2 minutes"},"schema":{"@context":"https:\/\/schema.org","@graph":[{"@type":"WebPage","@id":"https:\/\/gooddealersmeds.com\/it\/product\/compra-concerto-online\/","url":"https:\/\/gooddealersmeds.com\/it\/product\/compra-concerto-online\/","name":"Acquista Concerta online (metilfenidato HCL) | Good Dealers Meds","isPartOf":{"@id":"https:\/\/gooddealersmeds.com\/it\/#website"},"primaryImageOfPage":{"@id":"https:\/\/gooddealersmeds.com\/it\/product\/compra-concerto-online\/#primaryimage"},"image":{"@id":"https:\/\/gooddealersmeds.com\/it\/product\/compra-concerto-online\/#primaryimage"},"thumbnailUrl":"https:\/\/gooddealersmeds.com\/it\/wp-content\/uploads\/sites\/7\/2022\/07\/concerta-36mg-500x500-1.png","datePublished":"2022-07-03T13:10:22+00:00","dateModified":"2022-12-29T21:29:22+00:00","description":"Acquista Concerta online; usato per trattare il disturbo da deficit di attenzione e iperattivit\u00e0. Funziona modificando le sostanze naturali nel cervello.","breadcrumb":{"@id":"https:\/\/gooddealersmeds.com\/it\/product\/compra-concerto-online\/#breadcrumb"},"inLanguage":"en-US","potentialAction":[{"@type":"ReadAction","target":["https:\/\/gooddealersmeds.com\/it\/product\/compra-concerto-online\/"]}]},{"@type":"ImageObject","inLanguage":"en-US","@id":"https:\/\/gooddealersmeds.com\/it\/product\/compra-concerto-online\/#primaryimage","url":"https:\/\/gooddealersmeds.com\/it\/wp-content\/uploads\/sites\/7\/2022\/07\/concerta-36mg-500x500-1.png","contentUrl":"https:\/\/gooddealersmeds.com\/it\/wp-content\/uploads\/sites\/7\/2022\/07\/concerta-36mg-500x500-1.png","width":500,"height":500,"caption":"Buy Concerta Online"},{"@type":"BreadcrumbList","@id":"https:\/\/gooddealersmeds.com\/it\/product\/compra-concerto-online\/#breadcrumb","itemListElement":[{"@type":"ListItem","position":1,"name":"Home","item":"https:\/\/gooddealersmeds.com\/it\/"},{"@type":"ListItem","position":2,"name":"Prodotti","item":"https:\/\/gooddealersmeds.com\/it\/prodotti\/"},{"@type":"ListItem","position":3,"name":"Acquista Concerta online"}]},{"@type":"WebSite","@id":"https:\/\/gooddealersmeds.com\/it\/#website","url":"https:\/\/gooddealersmeds.com\/it\/","name":"Good Dealers Meds","description":"All our best","publisher":{"@id":"https:\/\/gooddealersmeds.com\/it\/#organization"},"potentialAction":[{"@type":"SearchAction","target":{"@type":"EntryPoint","urlTemplate":"https:\/\/gooddealersmeds.com\/it\/?s={search_term_string}"},"query-input":{"@type":"PropertyValueSpecification","valueRequired":true,"valueName":"search_term_string"}}],"inLanguage":"en-US"},{"@type":"Organization","@id":"https:\/\/gooddealersmeds.com\/it\/#organization","name":"Good Dealers Meds","url":"https:\/\/gooddealersmeds.com\/it\/","logo":{"@type":"ImageObject","inLanguage":"en-US","@id":"https:\/\/gooddealersmeds.com\/it\/#\/schema\/logo\/image\/","url":"https:\/\/gooddealersmeds.com\/it\/wp-content\/uploads\/sites\/7\/2022\/03\/gooddealersmeds__logo__20220317T222800Z.00.png","contentUrl":"https:\/\/gooddealersmeds.com\/it\/wp-content\/uploads\/sites\/7\/2022\/03\/gooddealersmeds__logo__20220317T222800Z.00.png","width":500,"height":325,"caption":"Good Dealers Meds"},"image":{"@id":"https:\/\/gooddealersmeds.com\/it\/#\/schema\/logo\/image\/"}}]}},"_links":{"self":[{"href":"https:\/\/gooddealersmeds.com\/it\/wp-json\/wp\/v2\/product\/1965","targetHints":{"allow":["GET"]}}],"collection":[{"href":"https:\/\/gooddealersmeds.com\/it\/wp-json\/wp\/v2\/product"}],"about":[{"href":"https:\/\/gooddealersmeds.com\/it\/wp-json\/wp\/v2\/types\/product"}],"replies":[{"embeddable":true,"href":"https:\/\/gooddealersmeds.com\/it\/wp-json\/wp\/v2\/comments?post=1965"}],"wp:featuredmedia":[{"embeddable":true,"href":"https:\/\/gooddealersmeds.com\/it\/wp-json\/wp\/v2\/media\/1966"}],"wp:attachment":[{"href":"https:\/\/gooddealersmeds.com\/it\/wp-json\/wp\/v2\/media?parent=1965"}],"wp:term":[{"taxonomy":"product_brand","embeddable":true,"href":"https:\/\/gooddealersmeds.com\/it\/wp-json\/wp\/v2\/product_brand?post=1965"},{"taxonomy":"product_cat","embeddable":true,"href":"https:\/\/gooddealersmeds.com\/it\/wp-json\/wp\/v2\/product_cat?post=1965"},{"taxonomy":"product_tag","embeddable":true,"href":"https:\/\/gooddealersmeds.com\/it\/wp-json\/wp\/v2\/product_tag?post=1965"}],"curies":[{"name":"wp","href":"https:\/\/api.w.org\/{rel}","templated":true}]}}