{"id":1951,"date":"2022-07-03T13:05:03","date_gmt":"2022-07-03T13:05:03","guid":{"rendered":"https:\/\/gooddealersmeds.com\/it\/?post_type=product&#038;p=1951"},"modified":"2022-12-29T22:04:29","modified_gmt":"2022-12-29T22:04:29","slug":"comprare-ritalin-pillole","status":"publish","type":"product","link":"https:\/\/gooddealersmeds.com\/it\/product\/comprare-ritalin-pillole\/","title":{"rendered":"Acquista le pillole di Ritalin"},"content":{"rendered":"<h2>Pillole di Ritalin in vendita dal nostro negozio online senza prescrizione medica.<\/h2>\n<p>Acquista le pillole di Ritalin dal nostro negozio online senza prescrizione medica. Ritalin Tablet \u00e8 uno stimolante del sistema nervoso centrale che tratta il disturbo da deficit di attenzione e iperattivit\u00e0 (ADHD). Questo disturbo include azioni incontrollabili, pi\u00f9 difficolt\u00e0 a concentrarsi e rimanere calmi rispetto ad altre persone della stessa fascia di et\u00e0. Questa pillola tratta anche la narcolessia, un disturbo del sonno che provoca attacchi di sonno improvvisi e sonnolenza diurna. Questa pillola pu\u00f2 anche aiutarti a organizzare i tuoi compiti e migliorare le tue capacit\u00e0 di ascolto. Inoltre, questo tablet riduce i sintomi dei problemi comportamentali e aumenta la tua capacit\u00e0 di rimanere concentrato e prestare attenzione. Il Ritalin \u00e8 anche usato nella consulenza o in altre terapie.<\/p>\n<p>Il Ritalin \u00e8 un potente stimolante che pu\u00f2 aiutarti a ridurre i sintomi del disturbo da deficit di attenzione. Medici e farmacisti considerano il Ritalin uno dei trattamenti pi\u00f9 efficaci per la sonnolenza diurna o gli attacchi di sonno imprevisti. Il Ritalin \u00e8 efficace entro venti-trenta minuti dalla somministrazione e ha un&#8217;emivita di circa otto ore. Inoltre, questa pillola ti aiuta a concentrarti e prestare attenzione ai tuoi compiti. Acquista le pillole di Ritalin<\/p>\n<h3>Cos&#8217;\u00e8 il Ritalin e come funziona?<\/h3>\n<p>Il Ritalin \u00e8 una delle migliori opzioni per prevenire e curare il disturbo da deficit di attenzione, iperattivit\u00e0 o problemi del sonno. Questa tavoletta ti permette di alterare la quantit\u00e0 di sostanze naturali nel tuo cervello. Inoltre, il Ritalin \u00e8 considerato sicuro per i bambini di et\u00e0 superiore ai sei anni, gli adulti e gli anziani con disturbo da deficit di attenzione e iperattivit\u00e0 o problemi del sonno.<\/p>\n<p>Il metilfenidato cloridrato, il principio attivo del Ritalin, appartiene a una classe di farmaci noti come stimolanti del sistema nervoso centrale. Questi stimolanti aumentano i livelli di catecolamine (una sostanza chimica) nel cervello, che aumenta l&#8217;energia, la vigilanza e l&#8217;attenzione.<\/p>\n<p>Il Ritalin agisce alterando la concentrazione di sostanze naturali nel cervello (catecolamine). Questo farmaco ti aiuta anche a rimanere concentrato, migliora la tua capacit\u00e0 di prestare attenzione e gestisce i problemi comportamentali.<\/p>\n<p>Di solito, si consiglia di usare il Ritalin su consiglio del medico. Ma, per trattare il disturbo da deficit di attenzione e iperattivit\u00e0 o attacchi di sonno improvvisi, utilizzerai il Ritalin come trattamento a lungo termine. Puoi acquistare le pillole di Ritalin dal nostro <a href=\"https:\/\/gooddealersmeds.com\/it\/products\/\">negozio online<\/a> con spedizione sicura.<\/p>\n<p>&nbsp;<\/p>\n","protected":false},"excerpt":{"rendered":"<p>Acquista Ritalin LA 10mg Capsule 30 online, disponibile ora. Sfoglia il nostro negozio online. Ottieni Ritalin online Garanzia di soddisfazione al 100%. Come posso ottenere il Ritalin senza prescrizione medica.<\/p>\n","protected":false},"featured_media":1963,"comment_status":"open","ping_status":"closed","template":"","meta":{"inline_featured_image":false},"product_brand":[],"product_cat":[346],"product_tag":[502,510,511,504,505,506,508,503,507,509,514,516,515,512,513],"class_list":{"0":"post-1951","1":"product","2":"type-product","3":"status-publish","4":"has-post-thumbnail","6":"product_cat-stimolanti","7":"product_tag-acquista-20mg-ritalin-online","8":"product_tag-comprare-ritalin-pillole","9":"product_tag-comprare-ritalin-pillole-in-sudafrica","10":"product_tag-acquistare-prescrizione-online-ritalin-non-prescritto","11":"product_tag-acquistare-ritalin-10mg-online","12":"product_tag-buy-ritalin-10mg-online-negli-stati-uniti","13":"product_tag-buy-ritalin-forum-online","14":"product_tag-acquistare-generico-ritalin-online","15":"product_tag-compra-ritalin-online","16":"product_tag-comprare-ritalin-online-no-rx","17":"product_tag-dove-acquistare-ritalin-online","18":"product_tag-dove-acquistare-ritalin-online-no-rx-richiesto","19":"product_tag-dove-acquistare-ritalin-online-senza-prescrizione-richiesta","20":"product_tag-reddit-buy-ritalin-online-senza-prescrizione","21":"product_tag-ritalin-acquista-online","23":"first","24":"instock","25":"shipping-taxable","26":"purchasable","27":"product-type-variable","28":"has-default-attributes"},"yoast_head":"<!-- This site is optimized with the Yoast SEO Premium plugin v20.6 (Yoast SEO v27.4) - https:\/\/yoast.com\/product\/yoast-seo-premium-wordpress\/ -->\n<title>Acquista le pillole di Ritalin - Ritalin in vendita | Good Dealers Meds<\/title>\n<meta name=\"description\" content=\"Acquista le pillole di Ritalin 10mg &amp; 30 online. Sfoglia il nostro negozio online senza prescrizione medica. Ottieni Ritalin online con il 100% di soddisfazione.\" \/>\n<meta name=\"robots\" content=\"index, follow, max-snippet:-1, max-image-preview:large, max-video-preview:-1\" \/>\n<link rel=\"canonical\" href=\"https:\/\/gooddealersmeds.com\/it\/product\/comprare-ritalin-pillole\/\" \/>\n<meta property=\"og:locale\" content=\"en_US\" \/>\n<meta property=\"og:type\" content=\"article\" \/>\n<meta property=\"og:title\" content=\"Acquista le pillole di Ritalin\" \/>\n<meta property=\"og:description\" content=\"Acquista le pillole di Ritalin 10mg &amp; 30 online. Sfoglia il nostro negozio online senza prescrizione medica. Ottieni Ritalin online con il 100% di soddisfazione.\" \/>\n<meta property=\"og:url\" content=\"https:\/\/gooddealersmeds.com\/it\/product\/comprare-ritalin-pillole\/\" \/>\n<meta property=\"og:site_name\" content=\"Good Dealers Meds\" \/>\n<meta property=\"article:modified_time\" content=\"2022-12-29T22:04:29+00:00\" \/>\n<meta property=\"og:image\" content=\"https:\/\/gooddealersmeds.com\/it\/wp-content\/uploads\/sites\/7\/2022\/07\/buy-ritalin-online.jpg\" \/>\n\t<meta property=\"og:image:width\" content=\"1464\" \/>\n\t<meta property=\"og:image:height\" content=\"975\" \/>\n\t<meta property=\"og:image:type\" content=\"image\/jpeg\" \/>\n<meta name=\"twitter:card\" content=\"summary_large_image\" \/>\n<meta name=\"twitter:label1\" content=\"Est. reading time\" \/>\n\t<meta name=\"twitter:data1\" content=\"2 minutes\" \/>\n<script type=\"application\/ld+json\" class=\"yoast-schema-graph\">{\"@context\":\"https:\\\/\\\/schema.org\",\"@graph\":[{\"@type\":\"WebPage\",\"@id\":\"https:\\\/\\\/gooddealersmeds.com\\\/it\\\/product\\\/comprare-ritalin-pillole\\\/\",\"url\":\"https:\\\/\\\/gooddealersmeds.com\\\/it\\\/product\\\/comprare-ritalin-pillole\\\/\",\"name\":\"Acquista le pillole di Ritalin - Ritalin in vendita | Good Dealers Meds\",\"isPartOf\":{\"@id\":\"https:\\\/\\\/gooddealersmeds.com\\\/it\\\/#website\"},\"primaryImageOfPage\":{\"@id\":\"https:\\\/\\\/gooddealersmeds.com\\\/it\\\/product\\\/comprare-ritalin-pillole\\\/#primaryimage\"},\"image\":{\"@id\":\"https:\\\/\\\/gooddealersmeds.com\\\/it\\\/product\\\/comprare-ritalin-pillole\\\/#primaryimage\"},\"thumbnailUrl\":\"https:\\\/\\\/gooddealersmeds.com\\\/it\\\/wp-content\\\/uploads\\\/sites\\\/7\\\/2022\\\/07\\\/buy-ritalin-online.jpg\",\"datePublished\":\"2022-07-03T13:05:03+00:00\",\"dateModified\":\"2022-12-29T22:04:29+00:00\",\"description\":\"Acquista le pillole di Ritalin 10mg & 30 online. Sfoglia il nostro negozio online senza prescrizione medica. Ottieni Ritalin online con il 100% di soddisfazione.\",\"breadcrumb\":{\"@id\":\"https:\\\/\\\/gooddealersmeds.com\\\/it\\\/product\\\/comprare-ritalin-pillole\\\/#breadcrumb\"},\"inLanguage\":\"en-US\",\"potentialAction\":[{\"@type\":\"ReadAction\",\"target\":[\"https:\\\/\\\/gooddealersmeds.com\\\/it\\\/product\\\/comprare-ritalin-pillole\\\/\"]}]},{\"@type\":\"ImageObject\",\"inLanguage\":\"en-US\",\"@id\":\"https:\\\/\\\/gooddealersmeds.com\\\/it\\\/product\\\/comprare-ritalin-pillole\\\/#primaryimage\",\"url\":\"https:\\\/\\\/gooddealersmeds.com\\\/it\\\/wp-content\\\/uploads\\\/sites\\\/7\\\/2022\\\/07\\\/buy-ritalin-online.jpg\",\"contentUrl\":\"https:\\\/\\\/gooddealersmeds.com\\\/it\\\/wp-content\\\/uploads\\\/sites\\\/7\\\/2022\\\/07\\\/buy-ritalin-online.jpg\",\"width\":1464,\"height\":975,\"caption\":\"Buy Ritalin Pills\"},{\"@type\":\"BreadcrumbList\",\"@id\":\"https:\\\/\\\/gooddealersmeds.com\\\/it\\\/product\\\/comprare-ritalin-pillole\\\/#breadcrumb\",\"itemListElement\":[{\"@type\":\"ListItem\",\"position\":1,\"name\":\"Home\",\"item\":\"https:\\\/\\\/gooddealersmeds.com\\\/it\\\/\"},{\"@type\":\"ListItem\",\"position\":2,\"name\":\"Prodotti\",\"item\":\"https:\\\/\\\/gooddealersmeds.com\\\/it\\\/prodotti\\\/\"},{\"@type\":\"ListItem\",\"position\":3,\"name\":\"Acquista le pillole di Ritalin\"}]},{\"@type\":\"WebSite\",\"@id\":\"https:\\\/\\\/gooddealersmeds.com\\\/it\\\/#website\",\"url\":\"https:\\\/\\\/gooddealersmeds.com\\\/it\\\/\",\"name\":\"Good Dealers Meds\",\"description\":\"All our best\",\"publisher\":{\"@id\":\"https:\\\/\\\/gooddealersmeds.com\\\/it\\\/#organization\"},\"potentialAction\":[{\"@type\":\"SearchAction\",\"target\":{\"@type\":\"EntryPoint\",\"urlTemplate\":\"https:\\\/\\\/gooddealersmeds.com\\\/it\\\/?s={search_term_string}\"},\"query-input\":{\"@type\":\"PropertyValueSpecification\",\"valueRequired\":true,\"valueName\":\"search_term_string\"}}],\"inLanguage\":\"en-US\"},{\"@type\":\"Organization\",\"@id\":\"https:\\\/\\\/gooddealersmeds.com\\\/it\\\/#organization\",\"name\":\"Good Dealers Meds\",\"url\":\"https:\\\/\\\/gooddealersmeds.com\\\/it\\\/\",\"logo\":{\"@type\":\"ImageObject\",\"inLanguage\":\"en-US\",\"@id\":\"https:\\\/\\\/gooddealersmeds.com\\\/it\\\/#\\\/schema\\\/logo\\\/image\\\/\",\"url\":\"https:\\\/\\\/gooddealersmeds.com\\\/it\\\/wp-content\\\/uploads\\\/sites\\\/7\\\/2022\\\/03\\\/gooddealersmeds__logo__20220317T222800Z.00.png\",\"contentUrl\":\"https:\\\/\\\/gooddealersmeds.com\\\/it\\\/wp-content\\\/uploads\\\/sites\\\/7\\\/2022\\\/03\\\/gooddealersmeds__logo__20220317T222800Z.00.png\",\"width\":500,\"height\":325,\"caption\":\"Good Dealers Meds\"},\"image\":{\"@id\":\"https:\\\/\\\/gooddealersmeds.com\\\/it\\\/#\\\/schema\\\/logo\\\/image\\\/\"}}]}<\/script>\n<!-- \/ Yoast SEO Premium plugin. -->","yoast_head_json":{"title":"Acquista le pillole di Ritalin - Ritalin in vendita | Good Dealers Meds","description":"Acquista le pillole di Ritalin 10mg & 30 online. Sfoglia il nostro negozio online senza prescrizione medica. Ottieni Ritalin online con il 100% di soddisfazione.","robots":{"index":"index","follow":"follow","max-snippet":"max-snippet:-1","max-image-preview":"max-image-preview:large","max-video-preview":"max-video-preview:-1"},"canonical":"https:\/\/gooddealersmeds.com\/it\/product\/comprare-ritalin-pillole\/","og_locale":"en_US","og_type":"article","og_title":"Acquista le pillole di Ritalin","og_description":"Acquista le pillole di Ritalin 10mg & 30 online. Sfoglia il nostro negozio online senza prescrizione medica. Ottieni Ritalin online con il 100% di soddisfazione.","og_url":"https:\/\/gooddealersmeds.com\/it\/product\/comprare-ritalin-pillole\/","og_site_name":"Good Dealers Meds","article_modified_time":"2022-12-29T22:04:29+00:00","og_image":[{"width":1464,"height":975,"url":"https:\/\/gooddealersmeds.com\/it\/wp-content\/uploads\/sites\/7\/2022\/07\/buy-ritalin-online.jpg","type":"image\/jpeg"}],"twitter_card":"summary_large_image","twitter_misc":{"Est. reading time":"2 minutes"},"schema":{"@context":"https:\/\/schema.org","@graph":[{"@type":"WebPage","@id":"https:\/\/gooddealersmeds.com\/it\/product\/comprare-ritalin-pillole\/","url":"https:\/\/gooddealersmeds.com\/it\/product\/comprare-ritalin-pillole\/","name":"Acquista le pillole di Ritalin - Ritalin in vendita | Good Dealers Meds","isPartOf":{"@id":"https:\/\/gooddealersmeds.com\/it\/#website"},"primaryImageOfPage":{"@id":"https:\/\/gooddealersmeds.com\/it\/product\/comprare-ritalin-pillole\/#primaryimage"},"image":{"@id":"https:\/\/gooddealersmeds.com\/it\/product\/comprare-ritalin-pillole\/#primaryimage"},"thumbnailUrl":"https:\/\/gooddealersmeds.com\/it\/wp-content\/uploads\/sites\/7\/2022\/07\/buy-ritalin-online.jpg","datePublished":"2022-07-03T13:05:03+00:00","dateModified":"2022-12-29T22:04:29+00:00","description":"Acquista le pillole di Ritalin 10mg & 30 online. Sfoglia il nostro negozio online senza prescrizione medica. Ottieni Ritalin online con il 100% di soddisfazione.","breadcrumb":{"@id":"https:\/\/gooddealersmeds.com\/it\/product\/comprare-ritalin-pillole\/#breadcrumb"},"inLanguage":"en-US","potentialAction":[{"@type":"ReadAction","target":["https:\/\/gooddealersmeds.com\/it\/product\/comprare-ritalin-pillole\/"]}]},{"@type":"ImageObject","inLanguage":"en-US","@id":"https:\/\/gooddealersmeds.com\/it\/product\/comprare-ritalin-pillole\/#primaryimage","url":"https:\/\/gooddealersmeds.com\/it\/wp-content\/uploads\/sites\/7\/2022\/07\/buy-ritalin-online.jpg","contentUrl":"https:\/\/gooddealersmeds.com\/it\/wp-content\/uploads\/sites\/7\/2022\/07\/buy-ritalin-online.jpg","width":1464,"height":975,"caption":"Buy Ritalin Pills"},{"@type":"BreadcrumbList","@id":"https:\/\/gooddealersmeds.com\/it\/product\/comprare-ritalin-pillole\/#breadcrumb","itemListElement":[{"@type":"ListItem","position":1,"name":"Home","item":"https:\/\/gooddealersmeds.com\/it\/"},{"@type":"ListItem","position":2,"name":"Prodotti","item":"https:\/\/gooddealersmeds.com\/it\/prodotti\/"},{"@type":"ListItem","position":3,"name":"Acquista le pillole di Ritalin"}]},{"@type":"WebSite","@id":"https:\/\/gooddealersmeds.com\/it\/#website","url":"https:\/\/gooddealersmeds.com\/it\/","name":"Good Dealers Meds","description":"All our best","publisher":{"@id":"https:\/\/gooddealersmeds.com\/it\/#organization"},"potentialAction":[{"@type":"SearchAction","target":{"@type":"EntryPoint","urlTemplate":"https:\/\/gooddealersmeds.com\/it\/?s={search_term_string}"},"query-input":{"@type":"PropertyValueSpecification","valueRequired":true,"valueName":"search_term_string"}}],"inLanguage":"en-US"},{"@type":"Organization","@id":"https:\/\/gooddealersmeds.com\/it\/#organization","name":"Good Dealers Meds","url":"https:\/\/gooddealersmeds.com\/it\/","logo":{"@type":"ImageObject","inLanguage":"en-US","@id":"https:\/\/gooddealersmeds.com\/it\/#\/schema\/logo\/image\/","url":"https:\/\/gooddealersmeds.com\/it\/wp-content\/uploads\/sites\/7\/2022\/03\/gooddealersmeds__logo__20220317T222800Z.00.png","contentUrl":"https:\/\/gooddealersmeds.com\/it\/wp-content\/uploads\/sites\/7\/2022\/03\/gooddealersmeds__logo__20220317T222800Z.00.png","width":500,"height":325,"caption":"Good Dealers Meds"},"image":{"@id":"https:\/\/gooddealersmeds.com\/it\/#\/schema\/logo\/image\/"}}]}},"_links":{"self":[{"href":"https:\/\/gooddealersmeds.com\/it\/wp-json\/wp\/v2\/product\/1951","targetHints":{"allow":["GET"]}}],"collection":[{"href":"https:\/\/gooddealersmeds.com\/it\/wp-json\/wp\/v2\/product"}],"about":[{"href":"https:\/\/gooddealersmeds.com\/it\/wp-json\/wp\/v2\/types\/product"}],"replies":[{"embeddable":true,"href":"https:\/\/gooddealersmeds.com\/it\/wp-json\/wp\/v2\/comments?post=1951"}],"wp:featuredmedia":[{"embeddable":true,"href":"https:\/\/gooddealersmeds.com\/it\/wp-json\/wp\/v2\/media\/1963"}],"wp:attachment":[{"href":"https:\/\/gooddealersmeds.com\/it\/wp-json\/wp\/v2\/media?parent=1951"}],"wp:term":[{"taxonomy":"product_brand","embeddable":true,"href":"https:\/\/gooddealersmeds.com\/it\/wp-json\/wp\/v2\/product_brand?post=1951"},{"taxonomy":"product_cat","embeddable":true,"href":"https:\/\/gooddealersmeds.com\/it\/wp-json\/wp\/v2\/product_cat?post=1951"},{"taxonomy":"product_tag","embeddable":true,"href":"https:\/\/gooddealersmeds.com\/it\/wp-json\/wp\/v2\/product_tag?post=1951"}],"curies":[{"name":"wp","href":"https:\/\/api.w.org\/{rel}","templated":true}]}}