{"id":1944,"date":"2022-07-03T12:27:49","date_gmt":"2022-07-03T12:27:49","guid":{"rendered":"https:\/\/gooddealersmeds.com\/it\/?post_type=product&#038;p=1944"},"modified":"2022-12-29T22:31:12","modified_gmt":"2022-12-29T22:31:12","slug":"comprare-dexedrine-er-pillole-online","status":"publish","type":"product","link":"https:\/\/gooddealersmeds.com\/it\/product\/comprare-dexedrine-er-pillole-online\/","title":{"rendered":"Acquista Dexedrine Er  pillole online"},"content":{"rendered":"<h2>Pillole di Dexedrine Er in vendita presso il nostro negozio a un prezzo accessibile<\/h2>\n<p>Acquista le pillole di Dexedrine Er, consegna notturna disponibile in tutti gli stati europei. Dexedrine appartiene alla famiglia di farmaci noti come stimolanti. La dexedrina (desamfetamina) \u00e8 un farmaco usato per trattare il disturbo da deficit di attenzione e iperattivit\u00e0 (ADHD) e la narcolessia (addormentarsi in momenti inappropriati senza alcun controllo). Funziona per trattare la narcolessia agendo come stimolante del cervello. Puoi acquistare Dexedrine Er Pills online in vendita da Good Dealers Meds.<\/p>\n<p><strong>Usi delle pillole Dexedrine Er<\/strong><\/p>\n<p>Questo farmaco \u00e8 usato per trattare l&#8217;ADHD, noto anche come disturbo da deficit di attenzione e iperattivit\u00e0. Funziona alterando le concentrazioni di alcune sostanze chimiche naturali nel cervello. La destroanfetamina \u00e8 un tipo di medicinale noto come pacemaker. Questo pu\u00f2 aiutarti a migliorare la tua capacit\u00e0 di concentrarti su un&#8217;attivit\u00e0 e controllare i problemi comportamentali. Pu\u00f2 anche aiutarti a organizzare e migliorare i tuoi compiti. Questo medicinale \u00e8 anche usato per trattare un problema del sonno (narcolessia), che ti consente di rimanere sveglio tutto il giorno. Non dovrebbe essere usato per curare l&#8217;esaurimento o per impedire il sonno a persone che non hanno un disturbo del sonno sveglio.<\/p>\n<h3>Oltre all&#8217;azione desiderata, questo farmaco pu\u00f2 causare alcuni effetti, in particolare:<\/h3>\n<ul>\n<li>Pu\u00f2 ridurre l&#8217;appetito<\/li>\n<li>Pu\u00f2 causare diarrea o costipazione, a seconda della persona<\/li>\n<li>Pu\u00f2 causare mal di testa<\/li>\n<li>Pu\u00f2 causare disturbi del sonno o insonnia<\/li>\n<\/ul>\n<p><a href=\"https:\/\/gooddealersmeds.com\/it\/product\/buy-dexedrine-er-pills-online\/\">Dexedrine<\/a> Er Le pillole, come la maggior parte dei prodotti farmaceutici, devono essere conservate a temperatura ambiente. Dovrebbe essere conservato in un luogo sicuro lontano da calore eccessivo, umidit\u00e0 e luce solare diretta. Assicurati che eventuali avanzi siano smaltiti correttamente. Acquista le pillole di Dexedrine Er<\/p>\n<p>Prenda questo farmaco con o senza cibo, di solito da 1 a 3 volte al giorno, come consigliato dal medico. La prima dose viene normalmente somministrata per prima cosa al mattino. Se il medico le prescrive pi\u00f9 dosi, le prenda come indicato, generalmente a distanza di 4-6 ore. L&#8217;assunzione di questo farmaco a fine giornata pu\u00f2 rendere difficile il sonno.<\/p>\n<p>Puoi acquistare le pillole di Dexedrine Er (compresse da 15 mg) online senza prescrizione medica (senza RX) da Good Dealers Meds Online.<\/p>\n","protected":false},"excerpt":{"rendered":"<p>Acquista le pillole di Dexedrine Er online senza prescrizione medica. Ordina dexedrine molto rapidamente e facilmente. Il nostro servizio di consegna ti fornir\u00e0 il tuo ordine di destroanfetamina nel pi\u00f9 breve tempo possibile!<\/p>\n","protected":false},"featured_media":1949,"comment_status":"open","ping_status":"closed","template":"","meta":{"inline_featured_image":false},"product_brand":[],"product_cat":[346],"product_tag":[492,501,493,494,495,496,491,498,497,500,499],"class_list":{"0":"post-1944","1":"product","2":"type-product","3":"status-publish","4":"has-post-thumbnail","6":"product_cat-stimolanti","7":"product_tag-comprare-dexedrina-5mg-canada","8":"product_tag-acquisto-dexedrine-online","9":"product_tag-buy-dexedrine-5mg-online","10":"product_tag-buy-dexedrine-5mg-tablets-online","11":"product_tag-buy-dexedrine-5mg-usa","12":"product_tag-buy-dexedrine-australia","13":"product_tag-compra-a-buon-mercato-dexedrina","14":"product_tag-destroanfetamina-5mg-usa","15":"product_tag-dexedrina-5mg-usa","16":"product_tag-ordine-dexedrine-online","17":"product_tag-destroanfetamina-5mg-venditore","19":"first","20":"instock","21":"shipping-taxable","22":"purchasable","23":"product-type-variable","24":"has-default-attributes"},"yoast_head":"<!-- This site is optimized with the Yoast SEO Premium plugin v20.6 (Yoast SEO v27.3) - https:\/\/yoast.com\/product\/yoast-seo-premium-wordpress\/ -->\n<title>Acquista le pillole di Dexedrine Er online senza prescrizione medica<\/title>\n<meta name=\"description\" content=\"Acquista le pillole di Dexedrine Er online senza prescrizione medica. Ordina dexedrine online dal nostro negozio online e ottieni una consegna molto rapida in tutto il mondo.\" \/>\n<meta name=\"robots\" content=\"index, follow, max-snippet:-1, max-image-preview:large, max-video-preview:-1\" \/>\n<link rel=\"canonical\" href=\"https:\/\/gooddealersmeds.com\/it\/product\/comprare-dexedrine-er-pillole-online\/\" \/>\n<meta property=\"og:locale\" content=\"en_US\" \/>\n<meta property=\"og:type\" content=\"article\" \/>\n<meta property=\"og:title\" content=\"Acquista Dexedrine Er pillole online\" \/>\n<meta property=\"og:description\" content=\"Acquista le pillole di Dexedrine Er online senza prescrizione medica. Ordina dexedrine online dal nostro negozio online e ottieni una consegna molto rapida in tutto il mondo.\" \/>\n<meta property=\"og:url\" content=\"https:\/\/gooddealersmeds.com\/it\/product\/comprare-dexedrine-er-pillole-online\/\" \/>\n<meta property=\"og:site_name\" content=\"Good Dealers Meds\" \/>\n<meta property=\"article:modified_time\" content=\"2022-12-29T22:31:12+00:00\" \/>\n<meta property=\"og:image\" content=\"https:\/\/gooddealersmeds.com\/it\/wp-content\/uploads\/sites\/7\/2022\/07\/Buy-Dexedrine-Er-Pills-Online.png\" \/>\n\t<meta property=\"og:image:width\" content=\"600\" \/>\n\t<meta property=\"og:image:height\" content=\"600\" \/>\n\t<meta property=\"og:image:type\" content=\"image\/png\" \/>\n<meta name=\"twitter:card\" content=\"summary_large_image\" \/>\n<meta name=\"twitter:label1\" content=\"Est. reading time\" \/>\n\t<meta name=\"twitter:data1\" content=\"2 minutes\" \/>\n<script type=\"application\/ld+json\" class=\"yoast-schema-graph\">{\"@context\":\"https:\\\/\\\/schema.org\",\"@graph\":[{\"@type\":\"WebPage\",\"@id\":\"https:\\\/\\\/gooddealersmeds.com\\\/it\\\/product\\\/comprare-dexedrine-er-pillole-online\\\/\",\"url\":\"https:\\\/\\\/gooddealersmeds.com\\\/it\\\/product\\\/comprare-dexedrine-er-pillole-online\\\/\",\"name\":\"Acquista le pillole di Dexedrine Er online senza prescrizione medica\",\"isPartOf\":{\"@id\":\"https:\\\/\\\/gooddealersmeds.com\\\/it\\\/#website\"},\"primaryImageOfPage\":{\"@id\":\"https:\\\/\\\/gooddealersmeds.com\\\/it\\\/product\\\/comprare-dexedrine-er-pillole-online\\\/#primaryimage\"},\"image\":{\"@id\":\"https:\\\/\\\/gooddealersmeds.com\\\/it\\\/product\\\/comprare-dexedrine-er-pillole-online\\\/#primaryimage\"},\"thumbnailUrl\":\"https:\\\/\\\/gooddealersmeds.com\\\/it\\\/wp-content\\\/uploads\\\/sites\\\/7\\\/2022\\\/07\\\/Buy-Dexedrine-Er-Pills-Online.png\",\"datePublished\":\"2022-07-03T12:27:49+00:00\",\"dateModified\":\"2022-12-29T22:31:12+00:00\",\"description\":\"Acquista le pillole di Dexedrine Er online senza prescrizione medica. Ordina dexedrine online dal nostro negozio online e ottieni una consegna molto rapida in tutto il mondo.\",\"breadcrumb\":{\"@id\":\"https:\\\/\\\/gooddealersmeds.com\\\/it\\\/product\\\/comprare-dexedrine-er-pillole-online\\\/#breadcrumb\"},\"inLanguage\":\"en-US\",\"potentialAction\":[{\"@type\":\"ReadAction\",\"target\":[\"https:\\\/\\\/gooddealersmeds.com\\\/it\\\/product\\\/comprare-dexedrine-er-pillole-online\\\/\"]}]},{\"@type\":\"ImageObject\",\"inLanguage\":\"en-US\",\"@id\":\"https:\\\/\\\/gooddealersmeds.com\\\/it\\\/product\\\/comprare-dexedrine-er-pillole-online\\\/#primaryimage\",\"url\":\"https:\\\/\\\/gooddealersmeds.com\\\/it\\\/wp-content\\\/uploads\\\/sites\\\/7\\\/2022\\\/07\\\/Buy-Dexedrine-Er-Pills-Online.png\",\"contentUrl\":\"https:\\\/\\\/gooddealersmeds.com\\\/it\\\/wp-content\\\/uploads\\\/sites\\\/7\\\/2022\\\/07\\\/Buy-Dexedrine-Er-Pills-Online.png\",\"width\":600,\"height\":600,\"caption\":\"Buy Dexedrine Er Pills Online\"},{\"@type\":\"BreadcrumbList\",\"@id\":\"https:\\\/\\\/gooddealersmeds.com\\\/it\\\/product\\\/comprare-dexedrine-er-pillole-online\\\/#breadcrumb\",\"itemListElement\":[{\"@type\":\"ListItem\",\"position\":1,\"name\":\"Home\",\"item\":\"https:\\\/\\\/gooddealersmeds.com\\\/it\\\/\"},{\"@type\":\"ListItem\",\"position\":2,\"name\":\"Prodotti\",\"item\":\"https:\\\/\\\/gooddealersmeds.com\\\/it\\\/prodotti\\\/\"},{\"@type\":\"ListItem\",\"position\":3,\"name\":\"Acquista Dexedrine Er pillole online\"}]},{\"@type\":\"WebSite\",\"@id\":\"https:\\\/\\\/gooddealersmeds.com\\\/it\\\/#website\",\"url\":\"https:\\\/\\\/gooddealersmeds.com\\\/it\\\/\",\"name\":\"Good Dealers Meds\",\"description\":\"All our best\",\"publisher\":{\"@id\":\"https:\\\/\\\/gooddealersmeds.com\\\/it\\\/#organization\"},\"potentialAction\":[{\"@type\":\"SearchAction\",\"target\":{\"@type\":\"EntryPoint\",\"urlTemplate\":\"https:\\\/\\\/gooddealersmeds.com\\\/it\\\/?s={search_term_string}\"},\"query-input\":{\"@type\":\"PropertyValueSpecification\",\"valueRequired\":true,\"valueName\":\"search_term_string\"}}],\"inLanguage\":\"en-US\"},{\"@type\":\"Organization\",\"@id\":\"https:\\\/\\\/gooddealersmeds.com\\\/it\\\/#organization\",\"name\":\"Good Dealers Meds\",\"url\":\"https:\\\/\\\/gooddealersmeds.com\\\/it\\\/\",\"logo\":{\"@type\":\"ImageObject\",\"inLanguage\":\"en-US\",\"@id\":\"https:\\\/\\\/gooddealersmeds.com\\\/it\\\/#\\\/schema\\\/logo\\\/image\\\/\",\"url\":\"https:\\\/\\\/gooddealersmeds.com\\\/it\\\/wp-content\\\/uploads\\\/sites\\\/7\\\/2022\\\/03\\\/gooddealersmeds__logo__20220317T222800Z.00.png\",\"contentUrl\":\"https:\\\/\\\/gooddealersmeds.com\\\/it\\\/wp-content\\\/uploads\\\/sites\\\/7\\\/2022\\\/03\\\/gooddealersmeds__logo__20220317T222800Z.00.png\",\"width\":500,\"height\":325,\"caption\":\"Good Dealers Meds\"},\"image\":{\"@id\":\"https:\\\/\\\/gooddealersmeds.com\\\/it\\\/#\\\/schema\\\/logo\\\/image\\\/\"}}]}<\/script>\n<!-- \/ Yoast SEO Premium plugin. -->","yoast_head_json":{"title":"Acquista le pillole di Dexedrine Er online senza prescrizione medica","description":"Acquista le pillole di Dexedrine Er online senza prescrizione medica. Ordina dexedrine online dal nostro negozio online e ottieni una consegna molto rapida in tutto il mondo.","robots":{"index":"index","follow":"follow","max-snippet":"max-snippet:-1","max-image-preview":"max-image-preview:large","max-video-preview":"max-video-preview:-1"},"canonical":"https:\/\/gooddealersmeds.com\/it\/product\/comprare-dexedrine-er-pillole-online\/","og_locale":"en_US","og_type":"article","og_title":"Acquista Dexedrine Er pillole online","og_description":"Acquista le pillole di Dexedrine Er online senza prescrizione medica. Ordina dexedrine online dal nostro negozio online e ottieni una consegna molto rapida in tutto il mondo.","og_url":"https:\/\/gooddealersmeds.com\/it\/product\/comprare-dexedrine-er-pillole-online\/","og_site_name":"Good Dealers Meds","article_modified_time":"2022-12-29T22:31:12+00:00","og_image":[{"width":600,"height":600,"url":"https:\/\/gooddealersmeds.com\/it\/wp-content\/uploads\/sites\/7\/2022\/07\/Buy-Dexedrine-Er-Pills-Online.png","type":"image\/png"}],"twitter_card":"summary_large_image","twitter_misc":{"Est. reading time":"2 minutes"},"schema":{"@context":"https:\/\/schema.org","@graph":[{"@type":"WebPage","@id":"https:\/\/gooddealersmeds.com\/it\/product\/comprare-dexedrine-er-pillole-online\/","url":"https:\/\/gooddealersmeds.com\/it\/product\/comprare-dexedrine-er-pillole-online\/","name":"Acquista le pillole di Dexedrine Er online senza prescrizione medica","isPartOf":{"@id":"https:\/\/gooddealersmeds.com\/it\/#website"},"primaryImageOfPage":{"@id":"https:\/\/gooddealersmeds.com\/it\/product\/comprare-dexedrine-er-pillole-online\/#primaryimage"},"image":{"@id":"https:\/\/gooddealersmeds.com\/it\/product\/comprare-dexedrine-er-pillole-online\/#primaryimage"},"thumbnailUrl":"https:\/\/gooddealersmeds.com\/it\/wp-content\/uploads\/sites\/7\/2022\/07\/Buy-Dexedrine-Er-Pills-Online.png","datePublished":"2022-07-03T12:27:49+00:00","dateModified":"2022-12-29T22:31:12+00:00","description":"Acquista le pillole di Dexedrine Er online senza prescrizione medica. Ordina dexedrine online dal nostro negozio online e ottieni una consegna molto rapida in tutto il mondo.","breadcrumb":{"@id":"https:\/\/gooddealersmeds.com\/it\/product\/comprare-dexedrine-er-pillole-online\/#breadcrumb"},"inLanguage":"en-US","potentialAction":[{"@type":"ReadAction","target":["https:\/\/gooddealersmeds.com\/it\/product\/comprare-dexedrine-er-pillole-online\/"]}]},{"@type":"ImageObject","inLanguage":"en-US","@id":"https:\/\/gooddealersmeds.com\/it\/product\/comprare-dexedrine-er-pillole-online\/#primaryimage","url":"https:\/\/gooddealersmeds.com\/it\/wp-content\/uploads\/sites\/7\/2022\/07\/Buy-Dexedrine-Er-Pills-Online.png","contentUrl":"https:\/\/gooddealersmeds.com\/it\/wp-content\/uploads\/sites\/7\/2022\/07\/Buy-Dexedrine-Er-Pills-Online.png","width":600,"height":600,"caption":"Buy Dexedrine Er Pills Online"},{"@type":"BreadcrumbList","@id":"https:\/\/gooddealersmeds.com\/it\/product\/comprare-dexedrine-er-pillole-online\/#breadcrumb","itemListElement":[{"@type":"ListItem","position":1,"name":"Home","item":"https:\/\/gooddealersmeds.com\/it\/"},{"@type":"ListItem","position":2,"name":"Prodotti","item":"https:\/\/gooddealersmeds.com\/it\/prodotti\/"},{"@type":"ListItem","position":3,"name":"Acquista Dexedrine Er pillole online"}]},{"@type":"WebSite","@id":"https:\/\/gooddealersmeds.com\/it\/#website","url":"https:\/\/gooddealersmeds.com\/it\/","name":"Good Dealers Meds","description":"All our best","publisher":{"@id":"https:\/\/gooddealersmeds.com\/it\/#organization"},"potentialAction":[{"@type":"SearchAction","target":{"@type":"EntryPoint","urlTemplate":"https:\/\/gooddealersmeds.com\/it\/?s={search_term_string}"},"query-input":{"@type":"PropertyValueSpecification","valueRequired":true,"valueName":"search_term_string"}}],"inLanguage":"en-US"},{"@type":"Organization","@id":"https:\/\/gooddealersmeds.com\/it\/#organization","name":"Good Dealers Meds","url":"https:\/\/gooddealersmeds.com\/it\/","logo":{"@type":"ImageObject","inLanguage":"en-US","@id":"https:\/\/gooddealersmeds.com\/it\/#\/schema\/logo\/image\/","url":"https:\/\/gooddealersmeds.com\/it\/wp-content\/uploads\/sites\/7\/2022\/03\/gooddealersmeds__logo__20220317T222800Z.00.png","contentUrl":"https:\/\/gooddealersmeds.com\/it\/wp-content\/uploads\/sites\/7\/2022\/03\/gooddealersmeds__logo__20220317T222800Z.00.png","width":500,"height":325,"caption":"Good Dealers Meds"},"image":{"@id":"https:\/\/gooddealersmeds.com\/it\/#\/schema\/logo\/image\/"}}]}},"_links":{"self":[{"href":"https:\/\/gooddealersmeds.com\/it\/wp-json\/wp\/v2\/product\/1944","targetHints":{"allow":["GET"]}}],"collection":[{"href":"https:\/\/gooddealersmeds.com\/it\/wp-json\/wp\/v2\/product"}],"about":[{"href":"https:\/\/gooddealersmeds.com\/it\/wp-json\/wp\/v2\/types\/product"}],"replies":[{"embeddable":true,"href":"https:\/\/gooddealersmeds.com\/it\/wp-json\/wp\/v2\/comments?post=1944"}],"wp:featuredmedia":[{"embeddable":true,"href":"https:\/\/gooddealersmeds.com\/it\/wp-json\/wp\/v2\/media\/1949"}],"wp:attachment":[{"href":"https:\/\/gooddealersmeds.com\/it\/wp-json\/wp\/v2\/media?parent=1944"}],"wp:term":[{"taxonomy":"product_brand","embeddable":true,"href":"https:\/\/gooddealersmeds.com\/it\/wp-json\/wp\/v2\/product_brand?post=1944"},{"taxonomy":"product_cat","embeddable":true,"href":"https:\/\/gooddealersmeds.com\/it\/wp-json\/wp\/v2\/product_cat?post=1944"},{"taxonomy":"product_tag","embeddable":true,"href":"https:\/\/gooddealersmeds.com\/it\/wp-json\/wp\/v2\/product_tag?post=1944"}],"curies":[{"name":"wp","href":"https:\/\/api.w.org\/{rel}","templated":true}]}}