{"id":1938,"date":"2022-07-03T12:27:31","date_gmt":"2022-07-03T12:27:31","guid":{"rendered":"https:\/\/gooddealersmeds.com\/it\/?post_type=product&#038;p=1938"},"modified":"2022-12-29T23:05:45","modified_gmt":"2022-12-29T23:05:45","slug":"comprare-dexedrina-5mg-pillole-online","status":"publish","type":"product","link":"https:\/\/gooddealersmeds.com\/it\/product\/comprare-dexedrina-5mg-pillole-online\/","title":{"rendered":"Acquista le pillole di Dexedrine 5mg online"},"content":{"rendered":"<h2>Pillole di dexedrina online in vendita presso il nostro negozio<\/h2>\n<p>Dexedrine \u00e8 un farmaco usato per trattare il disturbo da deficit di attenzione e iperattivit\u00e0 (ADHD). Dexedrina in vendita,\u00a0 \u00c8 un&#8217;anfetamina, il che significa che agisce stimolando il sistema nervoso centrale.<\/p>\n<p>La dexedrina contiene sali di d-anfetamina e viene somministrata per via orale o per iniezione. Pu\u00f2 essere assunto con o senza cibo. Il dosaggio raccomandato per gli adulti \u00e8 di 10 mg una volta al giorno, ma alcune persone potrebbero averne bisogno di pi\u00f9 o di meno a seconda delle loro esigenze individuali. Tuttavia, va notato che pu\u00f2 essere pericoloso se assunto in dosi pi\u00f9 elevate di quelle prescritte dal medico.<\/p>\n<p>Concerta si presenta sotto forma di pillola e pu\u00f2 essere assunta una volta al giorno. \u00c8 disponibile in dosaggi che vanno da 5 mg a 60 mg al giorno. La dose raccomandata dipende dall&#8217;et\u00e0 e dal peso, ma la maggior parte degli adulti assume 15 mg al giorno o meno.<\/p>\n<p>&nbsp;<\/p>\n<p><strong>Perch\u00e9 acquistare Dexedrine Pillole da 5 mg online?<\/strong><\/p>\n<p>&nbsp;<\/p>\n<p>Potresti considerare di acquistare i tuoi farmaci da prescrizione online se vuoi risparmiare un po&#8217; di soldi su di essi. Puoi ottenere sconti mentre acquisti online ed \u00e8 semplicissimo da fare. Ecco perch\u00e9: Dexedrina in vendita<\/p>\n<ul>\n<li>L&#8217;acquisto di medicinali online pu\u00f2 far scendere notevolmente il prezzo.<\/li>\n<li>Hai pi\u00f9 opzioni che mai, con le farmacie che offrono di tutto, dai farmaci generici alle opzioni di marca.<\/li>\n<li>La farmacia non ti obbliga a fare la fila per lunghi periodi.<\/li>\n<li>Non devi preoccuparti di essere truffato o di vedere qualcuno che conosci che tenta di venderti qualcosa.<\/li>\n<\/ul>\n<p>&nbsp;<\/p>\n<h3>Dove acquistare le pillole Dexedrine 5mg online?<\/h3>\n<p>&nbsp;<\/p>\n<p>Molte farmacie vendono pillole di Dexedrine 5mg online ma solo se hanno accesso a fornitori di buona qualit\u00e0! Tuttavia, la buona notizia \u00e8 che puoi anche acquistare <a href=\"https:\/\/gooddealersmeds.com\/it\/product\/buy-dexedrine-5mg-pills-online\/\">Dexedrine 5mg Pills<\/a> online da Good Dealers Meds.<\/p>\n<p>&nbsp;<\/p>\n<p>Ti verranno forniti tutti i dettagli sul tuo ordine prima di procedere con il processo di acquisto, quindi non devi preoccuparti di nulla!<\/p>\n","protected":false},"excerpt":{"rendered":"<p>Acquista le pillole di Dexedrine 5mg online senza prescrizione medica. Ordina dexedrine molto rapidamente e facilmente. Il nostro servizio di consegna ti fornir\u00e0 il tuo ordine di destroanfetamina nel pi\u00f9 breve tempo possibile!<\/p>\n","protected":false},"featured_media":1943,"comment_status":"open","ping_status":"closed","template":"","meta":{"inline_featured_image":false},"product_brand":[],"product_cat":[346],"product_tag":[492,501,493,494,495,496,491,498,497,500,499],"class_list":{"0":"post-1938","1":"product","2":"type-product","3":"status-publish","4":"has-post-thumbnail","6":"product_cat-stimolanti","7":"product_tag-comprare-dexedrina-5mg-canada","8":"product_tag-acquisto-dexedrine-online","9":"product_tag-buy-dexedrine-5mg-online","10":"product_tag-buy-dexedrine-5mg-tablets-online","11":"product_tag-buy-dexedrine-5mg-usa","12":"product_tag-buy-dexedrine-australia","13":"product_tag-compra-a-buon-mercato-dexedrina","14":"product_tag-destroanfetamina-5mg-usa","15":"product_tag-dexedrina-5mg-usa","16":"product_tag-ordine-dexedrine-online","17":"product_tag-destroanfetamina-5mg-venditore","19":"first","20":"instock","21":"shipping-taxable","22":"purchasable","23":"product-type-variable","24":"has-default-attributes"},"yoast_head":"<!-- This site is optimized with the Yoast SEO Premium plugin v20.6 (Yoast SEO v27.3) - https:\/\/yoast.com\/product\/yoast-seo-premium-wordpress\/ -->\n<title>Dexedrina in vendita | Come ordinare Dexedrine | Good Dealers Meds<\/title>\n<meta name=\"description\" content=\"Dexedrina in vendita 5mg online senza prescrizione medica. Ordina dexedrine e ricevi il servizio di consegna a casa tua nel pi\u00f9 breve tempo possibile!\" \/>\n<meta name=\"robots\" content=\"index, follow, max-snippet:-1, max-image-preview:large, max-video-preview:-1\" \/>\n<link rel=\"canonical\" href=\"https:\/\/gooddealersmeds.com\/it\/product\/comprare-dexedrina-5mg-pillole-online\/\" \/>\n<meta property=\"og:locale\" content=\"en_US\" \/>\n<meta property=\"og:type\" content=\"article\" \/>\n<meta property=\"og:title\" content=\"Acquista le pillole di Dexedrine 5mg online\" \/>\n<meta property=\"og:description\" content=\"Dexedrina in vendita 5mg online senza prescrizione medica. Ordina dexedrine e ricevi il servizio di consegna a casa tua nel pi\u00f9 breve tempo possibile!\" \/>\n<meta property=\"og:url\" content=\"https:\/\/gooddealersmeds.com\/it\/product\/comprare-dexedrina-5mg-pillole-online\/\" \/>\n<meta property=\"og:site_name\" content=\"Good Dealers Meds\" \/>\n<meta property=\"article:modified_time\" content=\"2022-12-29T23:05:45+00:00\" \/>\n<meta property=\"og:image\" content=\"https:\/\/gooddealersmeds.com\/it\/wp-content\/uploads\/sites\/7\/2022\/07\/Buy-Dexedrine-5mg-Pills-Online.jpg\" \/>\n\t<meta property=\"og:image:width\" content=\"600\" \/>\n\t<meta property=\"og:image:height\" content=\"600\" \/>\n\t<meta property=\"og:image:type\" content=\"image\/jpeg\" \/>\n<meta name=\"twitter:card\" content=\"summary_large_image\" \/>\n<meta name=\"twitter:label1\" content=\"Est. reading time\" \/>\n\t<meta name=\"twitter:data1\" content=\"2 minutes\" \/>\n<script type=\"application\/ld+json\" class=\"yoast-schema-graph\">{\"@context\":\"https:\\\/\\\/schema.org\",\"@graph\":[{\"@type\":\"WebPage\",\"@id\":\"https:\\\/\\\/gooddealersmeds.com\\\/it\\\/product\\\/comprare-dexedrina-5mg-pillole-online\\\/\",\"url\":\"https:\\\/\\\/gooddealersmeds.com\\\/it\\\/product\\\/comprare-dexedrina-5mg-pillole-online\\\/\",\"name\":\"Dexedrina in vendita | Come ordinare Dexedrine | Good Dealers Meds\",\"isPartOf\":{\"@id\":\"https:\\\/\\\/gooddealersmeds.com\\\/it\\\/#website\"},\"primaryImageOfPage\":{\"@id\":\"https:\\\/\\\/gooddealersmeds.com\\\/it\\\/product\\\/comprare-dexedrina-5mg-pillole-online\\\/#primaryimage\"},\"image\":{\"@id\":\"https:\\\/\\\/gooddealersmeds.com\\\/it\\\/product\\\/comprare-dexedrina-5mg-pillole-online\\\/#primaryimage\"},\"thumbnailUrl\":\"https:\\\/\\\/gooddealersmeds.com\\\/it\\\/wp-content\\\/uploads\\\/sites\\\/7\\\/2022\\\/07\\\/Buy-Dexedrine-5mg-Pills-Online.jpg\",\"datePublished\":\"2022-07-03T12:27:31+00:00\",\"dateModified\":\"2022-12-29T23:05:45+00:00\",\"description\":\"Dexedrina in vendita 5mg online senza prescrizione medica. Ordina dexedrine e ricevi il servizio di consegna a casa tua nel pi\u00f9 breve tempo possibile!\",\"breadcrumb\":{\"@id\":\"https:\\\/\\\/gooddealersmeds.com\\\/it\\\/product\\\/comprare-dexedrina-5mg-pillole-online\\\/#breadcrumb\"},\"inLanguage\":\"en-US\",\"potentialAction\":[{\"@type\":\"ReadAction\",\"target\":[\"https:\\\/\\\/gooddealersmeds.com\\\/it\\\/product\\\/comprare-dexedrina-5mg-pillole-online\\\/\"]}]},{\"@type\":\"ImageObject\",\"inLanguage\":\"en-US\",\"@id\":\"https:\\\/\\\/gooddealersmeds.com\\\/it\\\/product\\\/comprare-dexedrina-5mg-pillole-online\\\/#primaryimage\",\"url\":\"https:\\\/\\\/gooddealersmeds.com\\\/it\\\/wp-content\\\/uploads\\\/sites\\\/7\\\/2022\\\/07\\\/Buy-Dexedrine-5mg-Pills-Online.jpg\",\"contentUrl\":\"https:\\\/\\\/gooddealersmeds.com\\\/it\\\/wp-content\\\/uploads\\\/sites\\\/7\\\/2022\\\/07\\\/Buy-Dexedrine-5mg-Pills-Online.jpg\",\"width\":600,\"height\":600,\"caption\":\"Buy Dexedrine 5mg Pills\"},{\"@type\":\"BreadcrumbList\",\"@id\":\"https:\\\/\\\/gooddealersmeds.com\\\/it\\\/product\\\/comprare-dexedrina-5mg-pillole-online\\\/#breadcrumb\",\"itemListElement\":[{\"@type\":\"ListItem\",\"position\":1,\"name\":\"Home\",\"item\":\"https:\\\/\\\/gooddealersmeds.com\\\/it\\\/\"},{\"@type\":\"ListItem\",\"position\":2,\"name\":\"Prodotti\",\"item\":\"https:\\\/\\\/gooddealersmeds.com\\\/it\\\/prodotti\\\/\"},{\"@type\":\"ListItem\",\"position\":3,\"name\":\"Acquista le pillole di Dexedrine 5mg online\"}]},{\"@type\":\"WebSite\",\"@id\":\"https:\\\/\\\/gooddealersmeds.com\\\/it\\\/#website\",\"url\":\"https:\\\/\\\/gooddealersmeds.com\\\/it\\\/\",\"name\":\"Good Dealers Meds\",\"description\":\"All our best\",\"publisher\":{\"@id\":\"https:\\\/\\\/gooddealersmeds.com\\\/it\\\/#organization\"},\"potentialAction\":[{\"@type\":\"SearchAction\",\"target\":{\"@type\":\"EntryPoint\",\"urlTemplate\":\"https:\\\/\\\/gooddealersmeds.com\\\/it\\\/?s={search_term_string}\"},\"query-input\":{\"@type\":\"PropertyValueSpecification\",\"valueRequired\":true,\"valueName\":\"search_term_string\"}}],\"inLanguage\":\"en-US\"},{\"@type\":\"Organization\",\"@id\":\"https:\\\/\\\/gooddealersmeds.com\\\/it\\\/#organization\",\"name\":\"Good Dealers Meds\",\"url\":\"https:\\\/\\\/gooddealersmeds.com\\\/it\\\/\",\"logo\":{\"@type\":\"ImageObject\",\"inLanguage\":\"en-US\",\"@id\":\"https:\\\/\\\/gooddealersmeds.com\\\/it\\\/#\\\/schema\\\/logo\\\/image\\\/\",\"url\":\"https:\\\/\\\/gooddealersmeds.com\\\/it\\\/wp-content\\\/uploads\\\/sites\\\/7\\\/2022\\\/03\\\/gooddealersmeds__logo__20220317T222800Z.00.png\",\"contentUrl\":\"https:\\\/\\\/gooddealersmeds.com\\\/it\\\/wp-content\\\/uploads\\\/sites\\\/7\\\/2022\\\/03\\\/gooddealersmeds__logo__20220317T222800Z.00.png\",\"width\":500,\"height\":325,\"caption\":\"Good Dealers Meds\"},\"image\":{\"@id\":\"https:\\\/\\\/gooddealersmeds.com\\\/it\\\/#\\\/schema\\\/logo\\\/image\\\/\"}}]}<\/script>\n<!-- \/ Yoast SEO Premium plugin. -->","yoast_head_json":{"title":"Dexedrina in vendita | Come ordinare Dexedrine | Good Dealers Meds","description":"Dexedrina in vendita 5mg online senza prescrizione medica. Ordina dexedrine e ricevi il servizio di consegna a casa tua nel pi\u00f9 breve tempo possibile!","robots":{"index":"index","follow":"follow","max-snippet":"max-snippet:-1","max-image-preview":"max-image-preview:large","max-video-preview":"max-video-preview:-1"},"canonical":"https:\/\/gooddealersmeds.com\/it\/product\/comprare-dexedrina-5mg-pillole-online\/","og_locale":"en_US","og_type":"article","og_title":"Acquista le pillole di Dexedrine 5mg online","og_description":"Dexedrina in vendita 5mg online senza prescrizione medica. Ordina dexedrine e ricevi il servizio di consegna a casa tua nel pi\u00f9 breve tempo possibile!","og_url":"https:\/\/gooddealersmeds.com\/it\/product\/comprare-dexedrina-5mg-pillole-online\/","og_site_name":"Good Dealers Meds","article_modified_time":"2022-12-29T23:05:45+00:00","og_image":[{"width":600,"height":600,"url":"https:\/\/gooddealersmeds.com\/it\/wp-content\/uploads\/sites\/7\/2022\/07\/Buy-Dexedrine-5mg-Pills-Online.jpg","type":"image\/jpeg"}],"twitter_card":"summary_large_image","twitter_misc":{"Est. reading time":"2 minutes"},"schema":{"@context":"https:\/\/schema.org","@graph":[{"@type":"WebPage","@id":"https:\/\/gooddealersmeds.com\/it\/product\/comprare-dexedrina-5mg-pillole-online\/","url":"https:\/\/gooddealersmeds.com\/it\/product\/comprare-dexedrina-5mg-pillole-online\/","name":"Dexedrina in vendita | Come ordinare Dexedrine | Good Dealers Meds","isPartOf":{"@id":"https:\/\/gooddealersmeds.com\/it\/#website"},"primaryImageOfPage":{"@id":"https:\/\/gooddealersmeds.com\/it\/product\/comprare-dexedrina-5mg-pillole-online\/#primaryimage"},"image":{"@id":"https:\/\/gooddealersmeds.com\/it\/product\/comprare-dexedrina-5mg-pillole-online\/#primaryimage"},"thumbnailUrl":"https:\/\/gooddealersmeds.com\/it\/wp-content\/uploads\/sites\/7\/2022\/07\/Buy-Dexedrine-5mg-Pills-Online.jpg","datePublished":"2022-07-03T12:27:31+00:00","dateModified":"2022-12-29T23:05:45+00:00","description":"Dexedrina in vendita 5mg online senza prescrizione medica. Ordina dexedrine e ricevi il servizio di consegna a casa tua nel pi\u00f9 breve tempo possibile!","breadcrumb":{"@id":"https:\/\/gooddealersmeds.com\/it\/product\/comprare-dexedrina-5mg-pillole-online\/#breadcrumb"},"inLanguage":"en-US","potentialAction":[{"@type":"ReadAction","target":["https:\/\/gooddealersmeds.com\/it\/product\/comprare-dexedrina-5mg-pillole-online\/"]}]},{"@type":"ImageObject","inLanguage":"en-US","@id":"https:\/\/gooddealersmeds.com\/it\/product\/comprare-dexedrina-5mg-pillole-online\/#primaryimage","url":"https:\/\/gooddealersmeds.com\/it\/wp-content\/uploads\/sites\/7\/2022\/07\/Buy-Dexedrine-5mg-Pills-Online.jpg","contentUrl":"https:\/\/gooddealersmeds.com\/it\/wp-content\/uploads\/sites\/7\/2022\/07\/Buy-Dexedrine-5mg-Pills-Online.jpg","width":600,"height":600,"caption":"Buy Dexedrine 5mg Pills"},{"@type":"BreadcrumbList","@id":"https:\/\/gooddealersmeds.com\/it\/product\/comprare-dexedrina-5mg-pillole-online\/#breadcrumb","itemListElement":[{"@type":"ListItem","position":1,"name":"Home","item":"https:\/\/gooddealersmeds.com\/it\/"},{"@type":"ListItem","position":2,"name":"Prodotti","item":"https:\/\/gooddealersmeds.com\/it\/prodotti\/"},{"@type":"ListItem","position":3,"name":"Acquista le pillole di Dexedrine 5mg online"}]},{"@type":"WebSite","@id":"https:\/\/gooddealersmeds.com\/it\/#website","url":"https:\/\/gooddealersmeds.com\/it\/","name":"Good Dealers Meds","description":"All our best","publisher":{"@id":"https:\/\/gooddealersmeds.com\/it\/#organization"},"potentialAction":[{"@type":"SearchAction","target":{"@type":"EntryPoint","urlTemplate":"https:\/\/gooddealersmeds.com\/it\/?s={search_term_string}"},"query-input":{"@type":"PropertyValueSpecification","valueRequired":true,"valueName":"search_term_string"}}],"inLanguage":"en-US"},{"@type":"Organization","@id":"https:\/\/gooddealersmeds.com\/it\/#organization","name":"Good Dealers Meds","url":"https:\/\/gooddealersmeds.com\/it\/","logo":{"@type":"ImageObject","inLanguage":"en-US","@id":"https:\/\/gooddealersmeds.com\/it\/#\/schema\/logo\/image\/","url":"https:\/\/gooddealersmeds.com\/it\/wp-content\/uploads\/sites\/7\/2022\/03\/gooddealersmeds__logo__20220317T222800Z.00.png","contentUrl":"https:\/\/gooddealersmeds.com\/it\/wp-content\/uploads\/sites\/7\/2022\/03\/gooddealersmeds__logo__20220317T222800Z.00.png","width":500,"height":325,"caption":"Good Dealers Meds"},"image":{"@id":"https:\/\/gooddealersmeds.com\/it\/#\/schema\/logo\/image\/"}}]}},"_links":{"self":[{"href":"https:\/\/gooddealersmeds.com\/it\/wp-json\/wp\/v2\/product\/1938","targetHints":{"allow":["GET"]}}],"collection":[{"href":"https:\/\/gooddealersmeds.com\/it\/wp-json\/wp\/v2\/product"}],"about":[{"href":"https:\/\/gooddealersmeds.com\/it\/wp-json\/wp\/v2\/types\/product"}],"replies":[{"embeddable":true,"href":"https:\/\/gooddealersmeds.com\/it\/wp-json\/wp\/v2\/comments?post=1938"}],"wp:featuredmedia":[{"embeddable":true,"href":"https:\/\/gooddealersmeds.com\/it\/wp-json\/wp\/v2\/media\/1943"}],"wp:attachment":[{"href":"https:\/\/gooddealersmeds.com\/it\/wp-json\/wp\/v2\/media?parent=1938"}],"wp:term":[{"taxonomy":"product_brand","embeddable":true,"href":"https:\/\/gooddealersmeds.com\/it\/wp-json\/wp\/v2\/product_brand?post=1938"},{"taxonomy":"product_cat","embeddable":true,"href":"https:\/\/gooddealersmeds.com\/it\/wp-json\/wp\/v2\/product_cat?post=1938"},{"taxonomy":"product_tag","embeddable":true,"href":"https:\/\/gooddealersmeds.com\/it\/wp-json\/wp\/v2\/product_tag?post=1938"}],"curies":[{"name":"wp","href":"https:\/\/api.w.org\/{rel}","templated":true}]}}