{"id":1912,"date":"2022-07-03T12:03:51","date_gmt":"2022-07-03T12:03:51","guid":{"rendered":"https:\/\/gooddealersmeds.com\/it\/?post_type=product&#038;p=1912"},"modified":"2022-12-30T21:41:09","modified_gmt":"2022-12-30T21:41:09","slug":"2-fdck-droga","status":"publish","type":"product","link":"https:\/\/gooddealersmeds.com\/it\/product\/2-fdck-droga\/","title":{"rendered":"Acquista online il farmaco 2-Fdck"},"content":{"rendered":"<h2>Acquista online il farmaco 2-Fdck di qualit\u00e0<\/h2>\n<p>Il farmaco 2-Fdck online \u00e8 un tipo di farmaco che pu\u00f2 essere utilizzato per il trattamento dell&#8217;erezione disfunzione o eiaculazione precoce. Acquista 2-Fdck in linea, Viene comunemente chiamato Viagra, Levitra, Cialis o Stendra. Questo farmaco agisce migliorando il flusso sanguigno al pene e ispessendo il sangue, permettendogli di rimanere eretto per periodi pi\u00f9 lunghi.<\/p>\n<p>Il farmaco 2-Fdck online \u00e8 disponibile sotto forma di compresse e iniezioni, ognuna delle quali ha i suoi vantaggi e svantaggi. La versione per iniezione pu\u00f2 essere assunta immediatamente dopo il rapporto sessuale, ma ci vuole pi\u00f9 tempo di una pillola per fare la sua magia. La forma in compresse pu\u00f2 essere assunta fino a 36 ore prima dell&#8217;inizio dell&#8217;attivit\u00e0 sessuale; tuttavia, possono essere necessarie fino a quattro ore prima che inizi a sentire qualsiasi effetto. Acquista 2-Fdck in linea<\/p>\n<p><strong>\u00a0<\/strong><\/p>\n<p><strong>Perch\u00e9 acquistare farmaci 2-Fdck online?<\/strong><\/p>\n<p><strong>\u00a0<\/strong><\/p>\n<p>La prima cosa che rende l&#8217;acquisto <a href=\"https:\/\/gooddealersmeds.com\/it\/product\/2-fdck- drug\/\">2-Fdck Drug Online<\/a> cos\u00ec bello che \u00e8 facile. Non ci sono prescrizioni disordinate o lunghe file di scartoffie, solo un sito Web facile da navigare e pacchetti di farmaci gi\u00e0 pronti che ti daranno tutto ci\u00f2 di cui hai bisogno senza alcun problema.<\/p>\n<p><strong>\u00a0<\/strong><\/p>\n<h3>Il punto di riferimento per acquistare online il farmaco 2-Fdck<\/h3>\n<p><strong>\u00a0<\/strong><\/p>\n<p>Stai cercando di acquistare 2-Fdck Drug online? Non sei solo.<\/p>\n<p>Molte persone hanno scoperto che questo prodotto pu\u00f2 aiutarli a migliorare la loro vita sessuale, ma \u00e8 importante fare attenzione quando acquisti questo prodotto.<\/p>\n<p>Ci sono molti diversi luoghi in cui puoi ordinare 2-Fdck Drug Online e, se non leggi attentamente le recensioni, potresti ritrovarti con un prodotto che non funziona come gli altri. Il posto migliore per acquistare 2-Fdck Drug Online \u00e8 attraverso il nostro sito Web perch\u00e9 vendiamo questo tipo di prodotto da anni e sappiamo cosa funziona e cosa no, quindi possiamo assicurarci che chiunque acquisti da noi finisca con la migliore esperienza possibile.<\/p>\n","protected":false},"excerpt":{"rendered":"<p>Acquista il farmaco 2-FDCK Purezza online, 2-FDCK (noto anche come 2-Fl-2\u2032-Oxo-PCM, fluoroketamina e 2-fluorodescloroketamina) \u00e8 un anestetico dissociativo. \u00c8 un analogo della ketamina in cui il gruppo del cloro \u00e8 stato sostituito dal fluoro.<\/p>\n","protected":false},"featured_media":1917,"comment_status":"open","ping_status":"closed","template":"","meta":{"inline_featured_image":false},"product_brand":[],"product_cat":[344],"product_tag":[],"class_list":{"0":"post-1912","1":"product","2":"type-product","3":"status-publish","4":"has-post-thumbnail","6":"product_cat-ricerca-prodotti-chimici","8":"first","9":"instock","10":"shipping-taxable","11":"purchasable","12":"product-type-variable","13":"has-default-attributes"},"yoast_head":"<!-- This site is optimized with the Yoast SEO Premium plugin v20.6 (Yoast SEO v27.4) - https:\/\/yoast.com\/product\/yoast-seo-premium-wordpress\/ -->\n<title>Acquista 2-Fdck in linea | 2-fdck in vendita | ordina 2-Fdck online<\/title>\n<meta name=\"description\" content=\"Acquista 2-Fdck in linea, 2-FDCK (noto anche come 2-Fl-2&#039;-Oxo-PCM, fluoroketamina e 2-fluorodescloroketamina) \u00e8 un anestetico dissociativo.\" \/>\n<meta name=\"robots\" content=\"index, follow, max-snippet:-1, max-image-preview:large, max-video-preview:-1\" \/>\n<link rel=\"canonical\" href=\"https:\/\/gooddealersmeds.com\/it\/product\/2-fdck-droga\/\" \/>\n<meta property=\"og:locale\" content=\"en_US\" \/>\n<meta property=\"og:type\" content=\"article\" \/>\n<meta property=\"og:title\" content=\"Acquista online il farmaco 2-Fdck\" \/>\n<meta property=\"og:description\" content=\"Acquista 2-Fdck in linea, 2-FDCK (noto anche come 2-Fl-2&#039;-Oxo-PCM, fluoroketamina e 2-fluorodescloroketamina) \u00e8 un anestetico dissociativo.\" \/>\n<meta property=\"og:url\" content=\"https:\/\/gooddealersmeds.com\/it\/product\/2-fdck-droga\/\" \/>\n<meta property=\"og:site_name\" content=\"Good Dealers Meds\" \/>\n<meta property=\"article:modified_time\" content=\"2022-12-30T21:41:09+00:00\" \/>\n<meta property=\"og:image\" content=\"https:\/\/gooddealersmeds.com\/it\/wp-content\/uploads\/sites\/7\/2022\/07\/2-Fdck-Drug.jpg\" \/>\n\t<meta property=\"og:image:width\" content=\"600\" \/>\n\t<meta property=\"og:image:height\" content=\"600\" \/>\n\t<meta property=\"og:image:type\" content=\"image\/jpeg\" \/>\n<meta name=\"twitter:card\" content=\"summary_large_image\" \/>\n<meta name=\"twitter:label1\" content=\"Est. reading time\" \/>\n\t<meta name=\"twitter:data1\" content=\"2 minutes\" \/>\n<script type=\"application\/ld+json\" class=\"yoast-schema-graph\">{\"@context\":\"https:\\\/\\\/schema.org\",\"@graph\":[{\"@type\":\"WebPage\",\"@id\":\"https:\\\/\\\/gooddealersmeds.com\\\/it\\\/product\\\/2-fdck-droga\\\/\",\"url\":\"https:\\\/\\\/gooddealersmeds.com\\\/it\\\/product\\\/2-fdck-droga\\\/\",\"name\":\"Acquista 2-Fdck in linea | 2-fdck in vendita | ordina 2-Fdck online\",\"isPartOf\":{\"@id\":\"https:\\\/\\\/gooddealersmeds.com\\\/it\\\/#website\"},\"primaryImageOfPage\":{\"@id\":\"https:\\\/\\\/gooddealersmeds.com\\\/it\\\/product\\\/2-fdck-droga\\\/#primaryimage\"},\"image\":{\"@id\":\"https:\\\/\\\/gooddealersmeds.com\\\/it\\\/product\\\/2-fdck-droga\\\/#primaryimage\"},\"thumbnailUrl\":\"https:\\\/\\\/gooddealersmeds.com\\\/it\\\/wp-content\\\/uploads\\\/sites\\\/7\\\/2022\\\/07\\\/2-Fdck-Drug.jpg\",\"datePublished\":\"2022-07-03T12:03:51+00:00\",\"dateModified\":\"2022-12-30T21:41:09+00:00\",\"description\":\"Acquista 2-Fdck in linea, 2-FDCK (noto anche come 2-Fl-2'-Oxo-PCM, fluoroketamina e 2-fluorodescloroketamina) \u00e8 un anestetico dissociativo.\",\"breadcrumb\":{\"@id\":\"https:\\\/\\\/gooddealersmeds.com\\\/it\\\/product\\\/2-fdck-droga\\\/#breadcrumb\"},\"inLanguage\":\"en-US\",\"potentialAction\":[{\"@type\":\"ReadAction\",\"target\":[\"https:\\\/\\\/gooddealersmeds.com\\\/it\\\/product\\\/2-fdck-droga\\\/\"]}]},{\"@type\":\"ImageObject\",\"inLanguage\":\"en-US\",\"@id\":\"https:\\\/\\\/gooddealersmeds.com\\\/it\\\/product\\\/2-fdck-droga\\\/#primaryimage\",\"url\":\"https:\\\/\\\/gooddealersmeds.com\\\/it\\\/wp-content\\\/uploads\\\/sites\\\/7\\\/2022\\\/07\\\/2-Fdck-Drug.jpg\",\"contentUrl\":\"https:\\\/\\\/gooddealersmeds.com\\\/it\\\/wp-content\\\/uploads\\\/sites\\\/7\\\/2022\\\/07\\\/2-Fdck-Drug.jpg\",\"width\":600,\"height\":600,\"caption\":\"Buy 2-Fdck Drug Online\"},{\"@type\":\"BreadcrumbList\",\"@id\":\"https:\\\/\\\/gooddealersmeds.com\\\/it\\\/product\\\/2-fdck-droga\\\/#breadcrumb\",\"itemListElement\":[{\"@type\":\"ListItem\",\"position\":1,\"name\":\"Home\",\"item\":\"https:\\\/\\\/gooddealersmeds.com\\\/it\\\/\"},{\"@type\":\"ListItem\",\"position\":2,\"name\":\"Prodotti\",\"item\":\"https:\\\/\\\/gooddealersmeds.com\\\/it\\\/prodotti\\\/\"},{\"@type\":\"ListItem\",\"position\":3,\"name\":\"Acquista online il farmaco 2-Fdck\"}]},{\"@type\":\"WebSite\",\"@id\":\"https:\\\/\\\/gooddealersmeds.com\\\/it\\\/#website\",\"url\":\"https:\\\/\\\/gooddealersmeds.com\\\/it\\\/\",\"name\":\"Good Dealers Meds\",\"description\":\"All our best\",\"publisher\":{\"@id\":\"https:\\\/\\\/gooddealersmeds.com\\\/it\\\/#organization\"},\"potentialAction\":[{\"@type\":\"SearchAction\",\"target\":{\"@type\":\"EntryPoint\",\"urlTemplate\":\"https:\\\/\\\/gooddealersmeds.com\\\/it\\\/?s={search_term_string}\"},\"query-input\":{\"@type\":\"PropertyValueSpecification\",\"valueRequired\":true,\"valueName\":\"search_term_string\"}}],\"inLanguage\":\"en-US\"},{\"@type\":\"Organization\",\"@id\":\"https:\\\/\\\/gooddealersmeds.com\\\/it\\\/#organization\",\"name\":\"Good Dealers Meds\",\"url\":\"https:\\\/\\\/gooddealersmeds.com\\\/it\\\/\",\"logo\":{\"@type\":\"ImageObject\",\"inLanguage\":\"en-US\",\"@id\":\"https:\\\/\\\/gooddealersmeds.com\\\/it\\\/#\\\/schema\\\/logo\\\/image\\\/\",\"url\":\"https:\\\/\\\/gooddealersmeds.com\\\/it\\\/wp-content\\\/uploads\\\/sites\\\/7\\\/2022\\\/03\\\/gooddealersmeds__logo__20220317T222800Z.00.png\",\"contentUrl\":\"https:\\\/\\\/gooddealersmeds.com\\\/it\\\/wp-content\\\/uploads\\\/sites\\\/7\\\/2022\\\/03\\\/gooddealersmeds__logo__20220317T222800Z.00.png\",\"width\":500,\"height\":325,\"caption\":\"Good Dealers Meds\"},\"image\":{\"@id\":\"https:\\\/\\\/gooddealersmeds.com\\\/it\\\/#\\\/schema\\\/logo\\\/image\\\/\"}}]}<\/script>\n<!-- \/ Yoast SEO Premium plugin. -->","yoast_head_json":{"title":"Acquista 2-Fdck in linea | 2-fdck in vendita | ordina 2-Fdck online","description":"Acquista 2-Fdck in linea, 2-FDCK (noto anche come 2-Fl-2'-Oxo-PCM, fluoroketamina e 2-fluorodescloroketamina) \u00e8 un anestetico dissociativo.","robots":{"index":"index","follow":"follow","max-snippet":"max-snippet:-1","max-image-preview":"max-image-preview:large","max-video-preview":"max-video-preview:-1"},"canonical":"https:\/\/gooddealersmeds.com\/it\/product\/2-fdck-droga\/","og_locale":"en_US","og_type":"article","og_title":"Acquista online il farmaco 2-Fdck","og_description":"Acquista 2-Fdck in linea, 2-FDCK (noto anche come 2-Fl-2'-Oxo-PCM, fluoroketamina e 2-fluorodescloroketamina) \u00e8 un anestetico dissociativo.","og_url":"https:\/\/gooddealersmeds.com\/it\/product\/2-fdck-droga\/","og_site_name":"Good Dealers Meds","article_modified_time":"2022-12-30T21:41:09+00:00","og_image":[{"width":600,"height":600,"url":"https:\/\/gooddealersmeds.com\/it\/wp-content\/uploads\/sites\/7\/2022\/07\/2-Fdck-Drug.jpg","type":"image\/jpeg"}],"twitter_card":"summary_large_image","twitter_misc":{"Est. reading time":"2 minutes"},"schema":{"@context":"https:\/\/schema.org","@graph":[{"@type":"WebPage","@id":"https:\/\/gooddealersmeds.com\/it\/product\/2-fdck-droga\/","url":"https:\/\/gooddealersmeds.com\/it\/product\/2-fdck-droga\/","name":"Acquista 2-Fdck in linea | 2-fdck in vendita | ordina 2-Fdck online","isPartOf":{"@id":"https:\/\/gooddealersmeds.com\/it\/#website"},"primaryImageOfPage":{"@id":"https:\/\/gooddealersmeds.com\/it\/product\/2-fdck-droga\/#primaryimage"},"image":{"@id":"https:\/\/gooddealersmeds.com\/it\/product\/2-fdck-droga\/#primaryimage"},"thumbnailUrl":"https:\/\/gooddealersmeds.com\/it\/wp-content\/uploads\/sites\/7\/2022\/07\/2-Fdck-Drug.jpg","datePublished":"2022-07-03T12:03:51+00:00","dateModified":"2022-12-30T21:41:09+00:00","description":"Acquista 2-Fdck in linea, 2-FDCK (noto anche come 2-Fl-2'-Oxo-PCM, fluoroketamina e 2-fluorodescloroketamina) \u00e8 un anestetico dissociativo.","breadcrumb":{"@id":"https:\/\/gooddealersmeds.com\/it\/product\/2-fdck-droga\/#breadcrumb"},"inLanguage":"en-US","potentialAction":[{"@type":"ReadAction","target":["https:\/\/gooddealersmeds.com\/it\/product\/2-fdck-droga\/"]}]},{"@type":"ImageObject","inLanguage":"en-US","@id":"https:\/\/gooddealersmeds.com\/it\/product\/2-fdck-droga\/#primaryimage","url":"https:\/\/gooddealersmeds.com\/it\/wp-content\/uploads\/sites\/7\/2022\/07\/2-Fdck-Drug.jpg","contentUrl":"https:\/\/gooddealersmeds.com\/it\/wp-content\/uploads\/sites\/7\/2022\/07\/2-Fdck-Drug.jpg","width":600,"height":600,"caption":"Buy 2-Fdck Drug Online"},{"@type":"BreadcrumbList","@id":"https:\/\/gooddealersmeds.com\/it\/product\/2-fdck-droga\/#breadcrumb","itemListElement":[{"@type":"ListItem","position":1,"name":"Home","item":"https:\/\/gooddealersmeds.com\/it\/"},{"@type":"ListItem","position":2,"name":"Prodotti","item":"https:\/\/gooddealersmeds.com\/it\/prodotti\/"},{"@type":"ListItem","position":3,"name":"Acquista online il farmaco 2-Fdck"}]},{"@type":"WebSite","@id":"https:\/\/gooddealersmeds.com\/it\/#website","url":"https:\/\/gooddealersmeds.com\/it\/","name":"Good Dealers Meds","description":"All our best","publisher":{"@id":"https:\/\/gooddealersmeds.com\/it\/#organization"},"potentialAction":[{"@type":"SearchAction","target":{"@type":"EntryPoint","urlTemplate":"https:\/\/gooddealersmeds.com\/it\/?s={search_term_string}"},"query-input":{"@type":"PropertyValueSpecification","valueRequired":true,"valueName":"search_term_string"}}],"inLanguage":"en-US"},{"@type":"Organization","@id":"https:\/\/gooddealersmeds.com\/it\/#organization","name":"Good Dealers Meds","url":"https:\/\/gooddealersmeds.com\/it\/","logo":{"@type":"ImageObject","inLanguage":"en-US","@id":"https:\/\/gooddealersmeds.com\/it\/#\/schema\/logo\/image\/","url":"https:\/\/gooddealersmeds.com\/it\/wp-content\/uploads\/sites\/7\/2022\/03\/gooddealersmeds__logo__20220317T222800Z.00.png","contentUrl":"https:\/\/gooddealersmeds.com\/it\/wp-content\/uploads\/sites\/7\/2022\/03\/gooddealersmeds__logo__20220317T222800Z.00.png","width":500,"height":325,"caption":"Good Dealers Meds"},"image":{"@id":"https:\/\/gooddealersmeds.com\/it\/#\/schema\/logo\/image\/"}}]}},"_links":{"self":[{"href":"https:\/\/gooddealersmeds.com\/it\/wp-json\/wp\/v2\/product\/1912","targetHints":{"allow":["GET"]}}],"collection":[{"href":"https:\/\/gooddealersmeds.com\/it\/wp-json\/wp\/v2\/product"}],"about":[{"href":"https:\/\/gooddealersmeds.com\/it\/wp-json\/wp\/v2\/types\/product"}],"replies":[{"embeddable":true,"href":"https:\/\/gooddealersmeds.com\/it\/wp-json\/wp\/v2\/comments?post=1912"}],"wp:featuredmedia":[{"embeddable":true,"href":"https:\/\/gooddealersmeds.com\/it\/wp-json\/wp\/v2\/media\/1917"}],"wp:attachment":[{"href":"https:\/\/gooddealersmeds.com\/it\/wp-json\/wp\/v2\/media?parent=1912"}],"wp:term":[{"taxonomy":"product_brand","embeddable":true,"href":"https:\/\/gooddealersmeds.com\/it\/wp-json\/wp\/v2\/product_brand?post=1912"},{"taxonomy":"product_cat","embeddable":true,"href":"https:\/\/gooddealersmeds.com\/it\/wp-json\/wp\/v2\/product_cat?post=1912"},{"taxonomy":"product_tag","embeddable":true,"href":"https:\/\/gooddealersmeds.com\/it\/wp-json\/wp\/v2\/product_tag?post=1912"}],"curies":[{"name":"wp","href":"https:\/\/api.w.org\/{rel}","templated":true}]}}