{"id":1905,"date":"2022-07-03T11:59:56","date_gmt":"2022-07-03T11:59:56","guid":{"rendered":"https:\/\/gooddealersmeds.com\/it\/?post_type=product&#038;p=1905"},"modified":"2022-10-28T21:12:56","modified_gmt":"2022-10-28T21:12:56","slug":"25i-nboh-droghe","status":"publish","type":"product","link":"https:\/\/gooddealersmeds.com\/it\/product\/25i-nboh-droghe\/","title":{"rendered":"Acquista online i farmaci 25i NBOH"},"content":{"rendered":"<p>25i NBOH in vendita, o fenetilammina di classe 2C-I-NBOH, \u00e8 una nuova sostanza psichedelica sintetica strettamente correlata alla 25I-NBOMe. Il <a href=\"https:\/\/gooddealersmeds.com\/it\/product\/25i-nboh-droghe\/\">25i NBOH<\/a> \u00e8 un derivato allucinogeno 2C-I derivato dalla fenetilammina. Un team della Purdue University l&#8217;ha scoperto nel 2006.<\/p>\n<p>\u00c8 stato studiato come potenziale farmaco per la mappatura con tomografia a emissione di positroni dei recettori 5-HT2A nel cervello. Anche se le loro caratteristiche fisiologiche e tossicologiche non sono completamente caratterizzate, i composti NBOH sono proposti come una legittima alternativa ai composti NBOH.<\/p>\n<p>I composti NBOH sono derivati \u200b\u200bN-benzilidrossi della famiglia degli allucinogeni 2C che contengono frequentemente un alogeno gruppo (cio\u00e8 cloro, bromo o iodio) in posizione 4 dell&#8217;anello A e un gruppo ossidrile in posizione 2&#8242; dell&#8217;anello B. Anche se le loro caratteristiche fisiologiche e tossicologiche non sono completamente caratterizzate, i composti NBOH sono proposti come una legittima alternativa ai composti NBOH. 25i NBOH in vendita<\/p>\n<ul>\n<li>I composti NBOH sono inattivi e dovrebbero essere assunti solo per via sublinguale e in modo ci\u00f2 consente un rapido assorbimento.<\/li>\n<li>Se i blotter non funzionano velocemente come ti aspetteresti, non dare per scontato che siano di bassa qualit\u00e0; potrebbero includere un altro farmaco che impiega pi\u00f9 tempo per funzionare.<\/li>\n<li>Questo farmaco deve essere usato con cautela. Dovresti iniziare con una piccola dose. Evitare di combinarlo con altre sostanze, come alcol o farmaci prescritti.<\/li>\n<\/ul>\n<p><strong>Chimica:<\/strong><\/p>\n<p>Fenetilammina 2C-I \u00e8 un derivato fenetilammina di 25I-NBOH. Questo farmaco \u00e8 un derivato serotoninergico N-benzile. I gruppi metossilici CH3O e iodio sono presenti nella composizione chimica del 25I-NBOH.<\/p>\n<p><strong>Aspetto:<\/strong><\/p>\n<p>Solido cristallino, polvere<\/p>\n<p><strong>Spedizione e amp; Conservazione:<\/strong><\/p>\n<ul>\n<li>Conservazione: -20 C<\/li>\n<li>In ghiaccio bagnato<\/li>\n<li>Stabilit\u00e0: ca. 2 anni<\/li>\n<\/ul>\n<p><strong>Precauzione:<\/strong><\/p>\n<p>Se tu o qualcuno con cui sei malato, rivolgiti immediatamente a un medico! Chiama subito l&#8217;ospedale e resta con loro. Se stai partecipando a un evento o un festival, ci sar\u00e0 personale medico e assistenziale a disposizione per assisterti.<\/p>\n<p><strong>Disponibilit\u00e0:<\/strong><\/p>\n<p>Puoi acquistare 25i NBOH Farmaci Online dal nostro negozio con consegna garantita.<\/p>\n","protected":false},"excerpt":{"rendered":"<p>Acquista farmaci 25I-NBOH online \u00e8 un prodotto chimico di ricerca di alta qualit\u00e0. \u00c8 possibile acquistare 25I-NBOH online a prezzo all&#8217;ingrosso dal fornitore di fiducia. Spedizione sicura 25I-NBOH verso USA, BRASILE, UE, Regno Unito e altri paesi.<\/p>\n","protected":false},"featured_media":1911,"comment_status":"open","ping_status":"closed","template":"","meta":{"inline_featured_image":false},"product_brand":[],"product_cat":[344],"product_tag":[],"class_list":{"0":"post-1905","1":"product","2":"type-product","3":"status-publish","4":"has-post-thumbnail","6":"product_cat-ricerca-prodotti-chimici","8":"first","9":"instock","10":"shipping-taxable","11":"purchasable","12":"product-type-variable","13":"has-default-attributes"},"yoast_head":"<!-- This site is optimized with the Yoast SEO Premium plugin v20.6 (Yoast SEO v27.3) - https:\/\/yoast.com\/product\/yoast-seo-premium-wordpress\/ -->\n<title>25i NBOH in vendita | Acquista 25i NBOH alla migliore qualit\u00e0<\/title>\n<meta name=\"description\" content=\"25i NBOH in vendita a prezzo all&#039;ingrosso da un fornitore di fiducia. Spedizione sicura 25I-NBOH verso USA, BRASILE, UE, Regno Unito e altri paesi.\" \/>\n<meta name=\"robots\" content=\"index, follow, max-snippet:-1, max-image-preview:large, max-video-preview:-1\" \/>\n<link rel=\"canonical\" href=\"https:\/\/gooddealersmeds.com\/it\/product\/25i-nboh-droghe\/\" \/>\n<meta property=\"og:locale\" content=\"en_US\" \/>\n<meta property=\"og:type\" content=\"article\" \/>\n<meta property=\"og:title\" content=\"Acquista online i farmaci 25i NBOH\" \/>\n<meta property=\"og:description\" content=\"25i NBOH in vendita a prezzo all&#039;ingrosso da un fornitore di fiducia. Spedizione sicura 25I-NBOH verso USA, BRASILE, UE, Regno Unito e altri paesi.\" \/>\n<meta property=\"og:url\" content=\"https:\/\/gooddealersmeds.com\/it\/product\/25i-nboh-droghe\/\" \/>\n<meta property=\"og:site_name\" content=\"Good Dealers Meds\" \/>\n<meta property=\"article:modified_time\" content=\"2022-10-28T21:12:56+00:00\" \/>\n<meta property=\"og:image\" content=\"https:\/\/gooddealersmeds.com\/it\/wp-content\/uploads\/sites\/7\/2022\/07\/25i-NBOH-Drugs.png\" \/>\n\t<meta property=\"og:image:width\" content=\"600\" \/>\n\t<meta property=\"og:image:height\" content=\"600\" \/>\n\t<meta property=\"og:image:type\" content=\"image\/png\" \/>\n<meta name=\"twitter:card\" content=\"summary_large_image\" \/>\n<meta name=\"twitter:label1\" content=\"Est. reading time\" \/>\n\t<meta name=\"twitter:data1\" content=\"2 minutes\" \/>\n<script type=\"application\/ld+json\" class=\"yoast-schema-graph\">{\"@context\":\"https:\\\/\\\/schema.org\",\"@graph\":[{\"@type\":\"WebPage\",\"@id\":\"https:\\\/\\\/gooddealersmeds.com\\\/it\\\/product\\\/25i-nboh-droghe\\\/\",\"url\":\"https:\\\/\\\/gooddealersmeds.com\\\/it\\\/product\\\/25i-nboh-droghe\\\/\",\"name\":\"25i NBOH in vendita | Acquista 25i NBOH alla migliore qualit\u00e0\",\"isPartOf\":{\"@id\":\"https:\\\/\\\/gooddealersmeds.com\\\/it\\\/#website\"},\"primaryImageOfPage\":{\"@id\":\"https:\\\/\\\/gooddealersmeds.com\\\/it\\\/product\\\/25i-nboh-droghe\\\/#primaryimage\"},\"image\":{\"@id\":\"https:\\\/\\\/gooddealersmeds.com\\\/it\\\/product\\\/25i-nboh-droghe\\\/#primaryimage\"},\"thumbnailUrl\":\"https:\\\/\\\/gooddealersmeds.com\\\/it\\\/wp-content\\\/uploads\\\/sites\\\/7\\\/2022\\\/07\\\/25i-NBOH-Drugs.png\",\"datePublished\":\"2022-07-03T11:59:56+00:00\",\"dateModified\":\"2022-10-28T21:12:56+00:00\",\"description\":\"25i NBOH in vendita a prezzo all'ingrosso da un fornitore di fiducia. Spedizione sicura 25I-NBOH verso USA, BRASILE, UE, Regno Unito e altri paesi.\",\"breadcrumb\":{\"@id\":\"https:\\\/\\\/gooddealersmeds.com\\\/it\\\/product\\\/25i-nboh-droghe\\\/#breadcrumb\"},\"inLanguage\":\"en-US\",\"potentialAction\":[{\"@type\":\"ReadAction\",\"target\":[\"https:\\\/\\\/gooddealersmeds.com\\\/it\\\/product\\\/25i-nboh-droghe\\\/\"]}]},{\"@type\":\"ImageObject\",\"inLanguage\":\"en-US\",\"@id\":\"https:\\\/\\\/gooddealersmeds.com\\\/it\\\/product\\\/25i-nboh-droghe\\\/#primaryimage\",\"url\":\"https:\\\/\\\/gooddealersmeds.com\\\/it\\\/wp-content\\\/uploads\\\/sites\\\/7\\\/2022\\\/07\\\/25i-NBOH-Drugs.png\",\"contentUrl\":\"https:\\\/\\\/gooddealersmeds.com\\\/it\\\/wp-content\\\/uploads\\\/sites\\\/7\\\/2022\\\/07\\\/25i-NBOH-Drugs.png\",\"width\":600,\"height\":600,\"caption\":\"25i NBOH Drugs\"},{\"@type\":\"BreadcrumbList\",\"@id\":\"https:\\\/\\\/gooddealersmeds.com\\\/it\\\/product\\\/25i-nboh-droghe\\\/#breadcrumb\",\"itemListElement\":[{\"@type\":\"ListItem\",\"position\":1,\"name\":\"Home\",\"item\":\"https:\\\/\\\/gooddealersmeds.com\\\/it\\\/\"},{\"@type\":\"ListItem\",\"position\":2,\"name\":\"Prodotti\",\"item\":\"https:\\\/\\\/gooddealersmeds.com\\\/it\\\/prodotti\\\/\"},{\"@type\":\"ListItem\",\"position\":3,\"name\":\"Acquista online i farmaci 25i NBOH\"}]},{\"@type\":\"WebSite\",\"@id\":\"https:\\\/\\\/gooddealersmeds.com\\\/it\\\/#website\",\"url\":\"https:\\\/\\\/gooddealersmeds.com\\\/it\\\/\",\"name\":\"Good Dealers Meds\",\"description\":\"All our best\",\"publisher\":{\"@id\":\"https:\\\/\\\/gooddealersmeds.com\\\/it\\\/#organization\"},\"potentialAction\":[{\"@type\":\"SearchAction\",\"target\":{\"@type\":\"EntryPoint\",\"urlTemplate\":\"https:\\\/\\\/gooddealersmeds.com\\\/it\\\/?s={search_term_string}\"},\"query-input\":{\"@type\":\"PropertyValueSpecification\",\"valueRequired\":true,\"valueName\":\"search_term_string\"}}],\"inLanguage\":\"en-US\"},{\"@type\":\"Organization\",\"@id\":\"https:\\\/\\\/gooddealersmeds.com\\\/it\\\/#organization\",\"name\":\"Good Dealers Meds\",\"url\":\"https:\\\/\\\/gooddealersmeds.com\\\/it\\\/\",\"logo\":{\"@type\":\"ImageObject\",\"inLanguage\":\"en-US\",\"@id\":\"https:\\\/\\\/gooddealersmeds.com\\\/it\\\/#\\\/schema\\\/logo\\\/image\\\/\",\"url\":\"https:\\\/\\\/gooddealersmeds.com\\\/it\\\/wp-content\\\/uploads\\\/sites\\\/7\\\/2022\\\/03\\\/gooddealersmeds__logo__20220317T222800Z.00.png\",\"contentUrl\":\"https:\\\/\\\/gooddealersmeds.com\\\/it\\\/wp-content\\\/uploads\\\/sites\\\/7\\\/2022\\\/03\\\/gooddealersmeds__logo__20220317T222800Z.00.png\",\"width\":500,\"height\":325,\"caption\":\"Good Dealers Meds\"},\"image\":{\"@id\":\"https:\\\/\\\/gooddealersmeds.com\\\/it\\\/#\\\/schema\\\/logo\\\/image\\\/\"}}]}<\/script>\n<!-- \/ Yoast SEO Premium plugin. -->","yoast_head_json":{"title":"25i NBOH in vendita | Acquista 25i NBOH alla migliore qualit\u00e0","description":"25i NBOH in vendita a prezzo all'ingrosso da un fornitore di fiducia. Spedizione sicura 25I-NBOH verso USA, BRASILE, UE, Regno Unito e altri paesi.","robots":{"index":"index","follow":"follow","max-snippet":"max-snippet:-1","max-image-preview":"max-image-preview:large","max-video-preview":"max-video-preview:-1"},"canonical":"https:\/\/gooddealersmeds.com\/it\/product\/25i-nboh-droghe\/","og_locale":"en_US","og_type":"article","og_title":"Acquista online i farmaci 25i NBOH","og_description":"25i NBOH in vendita a prezzo all'ingrosso da un fornitore di fiducia. Spedizione sicura 25I-NBOH verso USA, BRASILE, UE, Regno Unito e altri paesi.","og_url":"https:\/\/gooddealersmeds.com\/it\/product\/25i-nboh-droghe\/","og_site_name":"Good Dealers Meds","article_modified_time":"2022-10-28T21:12:56+00:00","og_image":[{"width":600,"height":600,"url":"https:\/\/gooddealersmeds.com\/it\/wp-content\/uploads\/sites\/7\/2022\/07\/25i-NBOH-Drugs.png","type":"image\/png"}],"twitter_card":"summary_large_image","twitter_misc":{"Est. reading time":"2 minutes"},"schema":{"@context":"https:\/\/schema.org","@graph":[{"@type":"WebPage","@id":"https:\/\/gooddealersmeds.com\/it\/product\/25i-nboh-droghe\/","url":"https:\/\/gooddealersmeds.com\/it\/product\/25i-nboh-droghe\/","name":"25i NBOH in vendita | Acquista 25i NBOH alla migliore qualit\u00e0","isPartOf":{"@id":"https:\/\/gooddealersmeds.com\/it\/#website"},"primaryImageOfPage":{"@id":"https:\/\/gooddealersmeds.com\/it\/product\/25i-nboh-droghe\/#primaryimage"},"image":{"@id":"https:\/\/gooddealersmeds.com\/it\/product\/25i-nboh-droghe\/#primaryimage"},"thumbnailUrl":"https:\/\/gooddealersmeds.com\/it\/wp-content\/uploads\/sites\/7\/2022\/07\/25i-NBOH-Drugs.png","datePublished":"2022-07-03T11:59:56+00:00","dateModified":"2022-10-28T21:12:56+00:00","description":"25i NBOH in vendita a prezzo all'ingrosso da un fornitore di fiducia. Spedizione sicura 25I-NBOH verso USA, BRASILE, UE, Regno Unito e altri paesi.","breadcrumb":{"@id":"https:\/\/gooddealersmeds.com\/it\/product\/25i-nboh-droghe\/#breadcrumb"},"inLanguage":"en-US","potentialAction":[{"@type":"ReadAction","target":["https:\/\/gooddealersmeds.com\/it\/product\/25i-nboh-droghe\/"]}]},{"@type":"ImageObject","inLanguage":"en-US","@id":"https:\/\/gooddealersmeds.com\/it\/product\/25i-nboh-droghe\/#primaryimage","url":"https:\/\/gooddealersmeds.com\/it\/wp-content\/uploads\/sites\/7\/2022\/07\/25i-NBOH-Drugs.png","contentUrl":"https:\/\/gooddealersmeds.com\/it\/wp-content\/uploads\/sites\/7\/2022\/07\/25i-NBOH-Drugs.png","width":600,"height":600,"caption":"25i NBOH Drugs"},{"@type":"BreadcrumbList","@id":"https:\/\/gooddealersmeds.com\/it\/product\/25i-nboh-droghe\/#breadcrumb","itemListElement":[{"@type":"ListItem","position":1,"name":"Home","item":"https:\/\/gooddealersmeds.com\/it\/"},{"@type":"ListItem","position":2,"name":"Prodotti","item":"https:\/\/gooddealersmeds.com\/it\/prodotti\/"},{"@type":"ListItem","position":3,"name":"Acquista online i farmaci 25i NBOH"}]},{"@type":"WebSite","@id":"https:\/\/gooddealersmeds.com\/it\/#website","url":"https:\/\/gooddealersmeds.com\/it\/","name":"Good Dealers Meds","description":"All our best","publisher":{"@id":"https:\/\/gooddealersmeds.com\/it\/#organization"},"potentialAction":[{"@type":"SearchAction","target":{"@type":"EntryPoint","urlTemplate":"https:\/\/gooddealersmeds.com\/it\/?s={search_term_string}"},"query-input":{"@type":"PropertyValueSpecification","valueRequired":true,"valueName":"search_term_string"}}],"inLanguage":"en-US"},{"@type":"Organization","@id":"https:\/\/gooddealersmeds.com\/it\/#organization","name":"Good Dealers Meds","url":"https:\/\/gooddealersmeds.com\/it\/","logo":{"@type":"ImageObject","inLanguage":"en-US","@id":"https:\/\/gooddealersmeds.com\/it\/#\/schema\/logo\/image\/","url":"https:\/\/gooddealersmeds.com\/it\/wp-content\/uploads\/sites\/7\/2022\/03\/gooddealersmeds__logo__20220317T222800Z.00.png","contentUrl":"https:\/\/gooddealersmeds.com\/it\/wp-content\/uploads\/sites\/7\/2022\/03\/gooddealersmeds__logo__20220317T222800Z.00.png","width":500,"height":325,"caption":"Good Dealers Meds"},"image":{"@id":"https:\/\/gooddealersmeds.com\/it\/#\/schema\/logo\/image\/"}}]}},"_links":{"self":[{"href":"https:\/\/gooddealersmeds.com\/it\/wp-json\/wp\/v2\/product\/1905","targetHints":{"allow":["GET"]}}],"collection":[{"href":"https:\/\/gooddealersmeds.com\/it\/wp-json\/wp\/v2\/product"}],"about":[{"href":"https:\/\/gooddealersmeds.com\/it\/wp-json\/wp\/v2\/types\/product"}],"replies":[{"embeddable":true,"href":"https:\/\/gooddealersmeds.com\/it\/wp-json\/wp\/v2\/comments?post=1905"}],"wp:featuredmedia":[{"embeddable":true,"href":"https:\/\/gooddealersmeds.com\/it\/wp-json\/wp\/v2\/media\/1911"}],"wp:attachment":[{"href":"https:\/\/gooddealersmeds.com\/it\/wp-json\/wp\/v2\/media?parent=1905"}],"wp:term":[{"taxonomy":"product_brand","embeddable":true,"href":"https:\/\/gooddealersmeds.com\/it\/wp-json\/wp\/v2\/product_brand?post=1905"},{"taxonomy":"product_cat","embeddable":true,"href":"https:\/\/gooddealersmeds.com\/it\/wp-json\/wp\/v2\/product_cat?post=1905"},{"taxonomy":"product_tag","embeddable":true,"href":"https:\/\/gooddealersmeds.com\/it\/wp-json\/wp\/v2\/product_tag?post=1905"}],"curies":[{"name":"wp","href":"https:\/\/api.w.org\/{rel}","templated":true}]}}