{"id":1898,"date":"2022-07-03T11:54:52","date_gmt":"2022-07-03T11:54:52","guid":{"rendered":"https:\/\/gooddealersmeds.com\/it\/?post_type=product&#038;p=1898"},"modified":"2022-12-30T21:46:25","modified_gmt":"2022-12-30T21:46:25","slug":"25i-nbome-droga","status":"publish","type":"product","link":"https:\/\/gooddealersmeds.com\/it\/product\/25i-nbome-droga\/","title":{"rendered":"Ordina il farmaco 25i NBOME"},"content":{"rendered":"<h2>Acquista online il farmaco 25i NBOME di qualit\u00e0<\/h2>\n<p>Il farmaco 25i NBOME \u00e8 un tipo di farmaco utilizzato per il trattamento di un&#8217;ampia gamma di condizioni mediche. Il farmaco \u00e8 noto come 1-metil-4-fenil-1,2,3,6-tetraidropiridina (MPTP) ed \u00e8 stato utilizzato in passato per il trattamento del morbo di Parkinson. Tuttavia, ora \u00e8 stato bandito a causa dei suoi effetti tossici sul cervello ed \u00e8 diventato chiaro che l&#8217;uso di questo farmaco pu\u00f2 causare danni permanenti al sistema nervoso, Acquista 25I NBOME online<\/p>\n<p>Se stai pensando di acquistare 25i NBOME Drug Online, allora dovresti sapere che questo medicinale \u00e8 stato utilizzato negli studi clinici. I risultati di questi studi hanno mostrato che ha avuto un beneficio generale sui pazienti che soffrivano di vari tipi di cancro, compreso il cancro del polmone e il linfoma. Inoltre, \u00e8 risultato efficace contro pi\u00f9 tipi di cancro contemporaneamente. Acquista 25I NBOME online<\/p>\n<p><strong>\u00a0<\/strong><\/p>\n<p><strong>Perch\u00e9 acquistare online il farmaco 25i NBOME?<\/strong><\/p>\n<p>Molte persone che usano questo farmaco da anni hanno riferito di sentirsi depressi o di avere scarsa concentrazione dopo averlo usato per troppo tempo. Sebbene ci\u00f2 possa essere dovuto al fatto che hanno raggiunto il limite di dose o smesso del tutto di prenderlo, alcune persone continueranno a soffrire di questi sintomi anche dopo aver interrotto l&#8217;assunzione di farmaci 25i NBOME online. Ci\u00f2 significa che ci sono molte persone che hanno sofferto di effetti collaterali a seguito dell&#8217;uso di questo farmaco senza conoscere in anticipo i suoi pericoli!<\/p>\n<p><strong>\u00a0<\/strong><\/p>\n<p><strong>Dove acquistare il farmaco 25i NBOME online?<\/strong><\/p>\n<p>Se stai cercando di sbarazzarti degli effetti tossici sul tuo cervello, dai un&#8217;occhiata a 25i NBOME Drug Online. Good Dealers Meds offre una vasta gamma di prodotti per tutte le esigenze del tuo cervello.<\/p>\n<p>Abbiamo ci\u00f2 di cui hai bisogno, sia che tu stia cercando qualcosa che ti aiuti a rilassarti o ad alzarti in piedi. Vendiamo anche altri farmaci che possono essere utili. Naturalmente, se desideri acquistare uno di questi farmaci senza il fastidio di recarti in una vera farmacia, allora siamo il posto che fa per te!<\/p>\n<p><strong>\u00a0<\/strong><\/p>\n","protected":false},"excerpt":{"rendered":"<p>Acquista 25I NBOMe Drug Online \u00e8 un prodotto chimico di ricerca di alta qualit\u00e0. Puoi acquistare 25I-NBOMe online a prezzo da grossista. Spedizione sicura 25I-NBOMe verso USA, UE, Regno Unito e altri paesi.<\/p>\n","protected":false},"featured_media":1904,"comment_status":"open","ping_status":"closed","template":"","meta":{"inline_featured_image":false},"product_brand":[],"product_cat":[344],"product_tag":[],"class_list":{"0":"post-1898","1":"product","2":"type-product","3":"status-publish","4":"has-post-thumbnail","6":"product_cat-ricerca-prodotti-chimici","8":"first","9":"instock","10":"shipping-taxable","11":"purchasable","12":"product-type-variable","13":"has-default-attributes"},"yoast_head":"<!-- This site is optimized with the Yoast SEO Premium plugin v20.6 (Yoast SEO v27.4) - https:\/\/yoast.com\/product\/yoast-seo-premium-wordpress\/ -->\n<title>Acquista 25I NBOME online - 25I NBOMe in vendita | Good Dealers Meds<\/title>\n<meta name=\"description\" content=\"Acquista 25I NBOME online, puoi acquistare 25I-NBOMe online a prezzo all&#039;ingrosso. Spedizione sicura 25I-NBOMe negli Stati Uniti, nell&#039;UE, nel Regno Unito e in altri paesi.\" \/>\n<meta name=\"robots\" content=\"index, follow, max-snippet:-1, max-image-preview:large, max-video-preview:-1\" \/>\n<link rel=\"canonical\" href=\"https:\/\/gooddealersmeds.com\/it\/product\/25i-nbome-droga\/\" \/>\n<meta property=\"og:locale\" content=\"en_US\" \/>\n<meta property=\"og:type\" content=\"article\" \/>\n<meta property=\"og:title\" content=\"Ordina il farmaco 25i NBOME\" \/>\n<meta property=\"og:description\" content=\"Acquista 25I NBOME online, puoi acquistare 25I-NBOMe online a prezzo all&#039;ingrosso. Spedizione sicura 25I-NBOMe negli Stati Uniti, nell&#039;UE, nel Regno Unito e in altri paesi.\" \/>\n<meta property=\"og:url\" content=\"https:\/\/gooddealersmeds.com\/it\/product\/25i-nbome-droga\/\" \/>\n<meta property=\"og:site_name\" content=\"Good Dealers Meds\" \/>\n<meta property=\"article:modified_time\" content=\"2022-12-30T21:46:25+00:00\" \/>\n<meta property=\"og:image\" content=\"https:\/\/gooddealersmeds.com\/it\/wp-content\/uploads\/sites\/7\/2022\/07\/25i-NBOME-Drug.jpg\" \/>\n\t<meta property=\"og:image:width\" content=\"600\" \/>\n\t<meta property=\"og:image:height\" content=\"600\" \/>\n\t<meta property=\"og:image:type\" content=\"image\/jpeg\" \/>\n<meta name=\"twitter:card\" content=\"summary_large_image\" \/>\n<meta name=\"twitter:label1\" content=\"Est. reading time\" \/>\n\t<meta name=\"twitter:data1\" content=\"2 minutes\" \/>\n<script type=\"application\/ld+json\" class=\"yoast-schema-graph\">{\"@context\":\"https:\\\/\\\/schema.org\",\"@graph\":[{\"@type\":\"WebPage\",\"@id\":\"https:\\\/\\\/gooddealersmeds.com\\\/it\\\/product\\\/25i-nbome-droga\\\/\",\"url\":\"https:\\\/\\\/gooddealersmeds.com\\\/it\\\/product\\\/25i-nbome-droga\\\/\",\"name\":\"Acquista 25I NBOME online - 25I NBOMe in vendita | Good Dealers Meds\",\"isPartOf\":{\"@id\":\"https:\\\/\\\/gooddealersmeds.com\\\/it\\\/#website\"},\"primaryImageOfPage\":{\"@id\":\"https:\\\/\\\/gooddealersmeds.com\\\/it\\\/product\\\/25i-nbome-droga\\\/#primaryimage\"},\"image\":{\"@id\":\"https:\\\/\\\/gooddealersmeds.com\\\/it\\\/product\\\/25i-nbome-droga\\\/#primaryimage\"},\"thumbnailUrl\":\"https:\\\/\\\/gooddealersmeds.com\\\/it\\\/wp-content\\\/uploads\\\/sites\\\/7\\\/2022\\\/07\\\/25i-NBOME-Drug.jpg\",\"datePublished\":\"2022-07-03T11:54:52+00:00\",\"dateModified\":\"2022-12-30T21:46:25+00:00\",\"description\":\"Acquista 25I NBOME online, puoi acquistare 25I-NBOMe online a prezzo all'ingrosso. Spedizione sicura 25I-NBOMe negli Stati Uniti, nell'UE, nel Regno Unito e in altri paesi.\",\"breadcrumb\":{\"@id\":\"https:\\\/\\\/gooddealersmeds.com\\\/it\\\/product\\\/25i-nbome-droga\\\/#breadcrumb\"},\"inLanguage\":\"en-US\",\"potentialAction\":[{\"@type\":\"ReadAction\",\"target\":[\"https:\\\/\\\/gooddealersmeds.com\\\/it\\\/product\\\/25i-nbome-droga\\\/\"]}]},{\"@type\":\"ImageObject\",\"inLanguage\":\"en-US\",\"@id\":\"https:\\\/\\\/gooddealersmeds.com\\\/it\\\/product\\\/25i-nbome-droga\\\/#primaryimage\",\"url\":\"https:\\\/\\\/gooddealersmeds.com\\\/it\\\/wp-content\\\/uploads\\\/sites\\\/7\\\/2022\\\/07\\\/25i-NBOME-Drug.jpg\",\"contentUrl\":\"https:\\\/\\\/gooddealersmeds.com\\\/it\\\/wp-content\\\/uploads\\\/sites\\\/7\\\/2022\\\/07\\\/25i-NBOME-Drug.jpg\",\"width\":600,\"height\":600,\"caption\":\"Buy 25I NBOMe Drug\"},{\"@type\":\"BreadcrumbList\",\"@id\":\"https:\\\/\\\/gooddealersmeds.com\\\/it\\\/product\\\/25i-nbome-droga\\\/#breadcrumb\",\"itemListElement\":[{\"@type\":\"ListItem\",\"position\":1,\"name\":\"Home\",\"item\":\"https:\\\/\\\/gooddealersmeds.com\\\/it\\\/\"},{\"@type\":\"ListItem\",\"position\":2,\"name\":\"Prodotti\",\"item\":\"https:\\\/\\\/gooddealersmeds.com\\\/it\\\/prodotti\\\/\"},{\"@type\":\"ListItem\",\"position\":3,\"name\":\"Ordina il farmaco 25i NBOME\"}]},{\"@type\":\"WebSite\",\"@id\":\"https:\\\/\\\/gooddealersmeds.com\\\/it\\\/#website\",\"url\":\"https:\\\/\\\/gooddealersmeds.com\\\/it\\\/\",\"name\":\"Good Dealers Meds\",\"description\":\"All our best\",\"publisher\":{\"@id\":\"https:\\\/\\\/gooddealersmeds.com\\\/it\\\/#organization\"},\"potentialAction\":[{\"@type\":\"SearchAction\",\"target\":{\"@type\":\"EntryPoint\",\"urlTemplate\":\"https:\\\/\\\/gooddealersmeds.com\\\/it\\\/?s={search_term_string}\"},\"query-input\":{\"@type\":\"PropertyValueSpecification\",\"valueRequired\":true,\"valueName\":\"search_term_string\"}}],\"inLanguage\":\"en-US\"},{\"@type\":\"Organization\",\"@id\":\"https:\\\/\\\/gooddealersmeds.com\\\/it\\\/#organization\",\"name\":\"Good Dealers Meds\",\"url\":\"https:\\\/\\\/gooddealersmeds.com\\\/it\\\/\",\"logo\":{\"@type\":\"ImageObject\",\"inLanguage\":\"en-US\",\"@id\":\"https:\\\/\\\/gooddealersmeds.com\\\/it\\\/#\\\/schema\\\/logo\\\/image\\\/\",\"url\":\"https:\\\/\\\/gooddealersmeds.com\\\/it\\\/wp-content\\\/uploads\\\/sites\\\/7\\\/2022\\\/03\\\/gooddealersmeds__logo__20220317T222800Z.00.png\",\"contentUrl\":\"https:\\\/\\\/gooddealersmeds.com\\\/it\\\/wp-content\\\/uploads\\\/sites\\\/7\\\/2022\\\/03\\\/gooddealersmeds__logo__20220317T222800Z.00.png\",\"width\":500,\"height\":325,\"caption\":\"Good Dealers Meds\"},\"image\":{\"@id\":\"https:\\\/\\\/gooddealersmeds.com\\\/it\\\/#\\\/schema\\\/logo\\\/image\\\/\"}}]}<\/script>\n<!-- \/ Yoast SEO Premium plugin. -->","yoast_head_json":{"title":"Acquista 25I NBOME online - 25I NBOMe in vendita | Good Dealers Meds","description":"Acquista 25I NBOME online, puoi acquistare 25I-NBOMe online a prezzo all'ingrosso. Spedizione sicura 25I-NBOMe negli Stati Uniti, nell'UE, nel Regno Unito e in altri paesi.","robots":{"index":"index","follow":"follow","max-snippet":"max-snippet:-1","max-image-preview":"max-image-preview:large","max-video-preview":"max-video-preview:-1"},"canonical":"https:\/\/gooddealersmeds.com\/it\/product\/25i-nbome-droga\/","og_locale":"en_US","og_type":"article","og_title":"Ordina il farmaco 25i NBOME","og_description":"Acquista 25I NBOME online, puoi acquistare 25I-NBOMe online a prezzo all'ingrosso. Spedizione sicura 25I-NBOMe negli Stati Uniti, nell'UE, nel Regno Unito e in altri paesi.","og_url":"https:\/\/gooddealersmeds.com\/it\/product\/25i-nbome-droga\/","og_site_name":"Good Dealers Meds","article_modified_time":"2022-12-30T21:46:25+00:00","og_image":[{"width":600,"height":600,"url":"https:\/\/gooddealersmeds.com\/it\/wp-content\/uploads\/sites\/7\/2022\/07\/25i-NBOME-Drug.jpg","type":"image\/jpeg"}],"twitter_card":"summary_large_image","twitter_misc":{"Est. reading time":"2 minutes"},"schema":{"@context":"https:\/\/schema.org","@graph":[{"@type":"WebPage","@id":"https:\/\/gooddealersmeds.com\/it\/product\/25i-nbome-droga\/","url":"https:\/\/gooddealersmeds.com\/it\/product\/25i-nbome-droga\/","name":"Acquista 25I NBOME online - 25I NBOMe in vendita | Good Dealers Meds","isPartOf":{"@id":"https:\/\/gooddealersmeds.com\/it\/#website"},"primaryImageOfPage":{"@id":"https:\/\/gooddealersmeds.com\/it\/product\/25i-nbome-droga\/#primaryimage"},"image":{"@id":"https:\/\/gooddealersmeds.com\/it\/product\/25i-nbome-droga\/#primaryimage"},"thumbnailUrl":"https:\/\/gooddealersmeds.com\/it\/wp-content\/uploads\/sites\/7\/2022\/07\/25i-NBOME-Drug.jpg","datePublished":"2022-07-03T11:54:52+00:00","dateModified":"2022-12-30T21:46:25+00:00","description":"Acquista 25I NBOME online, puoi acquistare 25I-NBOMe online a prezzo all'ingrosso. Spedizione sicura 25I-NBOMe negli Stati Uniti, nell'UE, nel Regno Unito e in altri paesi.","breadcrumb":{"@id":"https:\/\/gooddealersmeds.com\/it\/product\/25i-nbome-droga\/#breadcrumb"},"inLanguage":"en-US","potentialAction":[{"@type":"ReadAction","target":["https:\/\/gooddealersmeds.com\/it\/product\/25i-nbome-droga\/"]}]},{"@type":"ImageObject","inLanguage":"en-US","@id":"https:\/\/gooddealersmeds.com\/it\/product\/25i-nbome-droga\/#primaryimage","url":"https:\/\/gooddealersmeds.com\/it\/wp-content\/uploads\/sites\/7\/2022\/07\/25i-NBOME-Drug.jpg","contentUrl":"https:\/\/gooddealersmeds.com\/it\/wp-content\/uploads\/sites\/7\/2022\/07\/25i-NBOME-Drug.jpg","width":600,"height":600,"caption":"Buy 25I NBOMe Drug"},{"@type":"BreadcrumbList","@id":"https:\/\/gooddealersmeds.com\/it\/product\/25i-nbome-droga\/#breadcrumb","itemListElement":[{"@type":"ListItem","position":1,"name":"Home","item":"https:\/\/gooddealersmeds.com\/it\/"},{"@type":"ListItem","position":2,"name":"Prodotti","item":"https:\/\/gooddealersmeds.com\/it\/prodotti\/"},{"@type":"ListItem","position":3,"name":"Ordina il farmaco 25i NBOME"}]},{"@type":"WebSite","@id":"https:\/\/gooddealersmeds.com\/it\/#website","url":"https:\/\/gooddealersmeds.com\/it\/","name":"Good Dealers Meds","description":"All our best","publisher":{"@id":"https:\/\/gooddealersmeds.com\/it\/#organization"},"potentialAction":[{"@type":"SearchAction","target":{"@type":"EntryPoint","urlTemplate":"https:\/\/gooddealersmeds.com\/it\/?s={search_term_string}"},"query-input":{"@type":"PropertyValueSpecification","valueRequired":true,"valueName":"search_term_string"}}],"inLanguage":"en-US"},{"@type":"Organization","@id":"https:\/\/gooddealersmeds.com\/it\/#organization","name":"Good Dealers Meds","url":"https:\/\/gooddealersmeds.com\/it\/","logo":{"@type":"ImageObject","inLanguage":"en-US","@id":"https:\/\/gooddealersmeds.com\/it\/#\/schema\/logo\/image\/","url":"https:\/\/gooddealersmeds.com\/it\/wp-content\/uploads\/sites\/7\/2022\/03\/gooddealersmeds__logo__20220317T222800Z.00.png","contentUrl":"https:\/\/gooddealersmeds.com\/it\/wp-content\/uploads\/sites\/7\/2022\/03\/gooddealersmeds__logo__20220317T222800Z.00.png","width":500,"height":325,"caption":"Good Dealers Meds"},"image":{"@id":"https:\/\/gooddealersmeds.com\/it\/#\/schema\/logo\/image\/"}}]}},"_links":{"self":[{"href":"https:\/\/gooddealersmeds.com\/it\/wp-json\/wp\/v2\/product\/1898","targetHints":{"allow":["GET"]}}],"collection":[{"href":"https:\/\/gooddealersmeds.com\/it\/wp-json\/wp\/v2\/product"}],"about":[{"href":"https:\/\/gooddealersmeds.com\/it\/wp-json\/wp\/v2\/types\/product"}],"replies":[{"embeddable":true,"href":"https:\/\/gooddealersmeds.com\/it\/wp-json\/wp\/v2\/comments?post=1898"}],"wp:featuredmedia":[{"embeddable":true,"href":"https:\/\/gooddealersmeds.com\/it\/wp-json\/wp\/v2\/media\/1904"}],"wp:attachment":[{"href":"https:\/\/gooddealersmeds.com\/it\/wp-json\/wp\/v2\/media?parent=1898"}],"wp:term":[{"taxonomy":"product_brand","embeddable":true,"href":"https:\/\/gooddealersmeds.com\/it\/wp-json\/wp\/v2\/product_brand?post=1898"},{"taxonomy":"product_cat","embeddable":true,"href":"https:\/\/gooddealersmeds.com\/it\/wp-json\/wp\/v2\/product_cat?post=1898"},{"taxonomy":"product_tag","embeddable":true,"href":"https:\/\/gooddealersmeds.com\/it\/wp-json\/wp\/v2\/product_tag?post=1898"}],"curies":[{"name":"wp","href":"https:\/\/api.w.org\/{rel}","templated":true}]}}