{"id":1885,"date":"2022-07-03T11:42:40","date_gmt":"2022-07-03T11:42:40","guid":{"rendered":"https:\/\/gooddealersmeds.com\/it\/?post_type=product&#038;p=1885"},"modified":"2022-12-30T21:50:44","modified_gmt":"2022-12-30T21:50:44","slug":"4-aco-dmt-farmaco","status":"publish","type":"product","link":"https:\/\/gooddealersmeds.com\/it\/product\/4-aco-dmt-farmaco\/","title":{"rendered":"Acquista il farmaco 4-ACO DMT"},"content":{"rendered":"<h2>Acquista il farmaco 4-ACO DMT online da Good Dealers Meds.<\/h2>\n<p>4-ACO DMT Drug \u00e8 una droga psicoattiva prodotta dal veleno del corpo di un certo tipo di coleottero. Il nome significa &#8220;quattrocento&#8221; in spagnolo. I nativi originariamente lo usavano in Messico e in America Centrale per scopi spirituali, ma ora \u00e8 legale per uso ricreativo in alcuni paesi. Acquista online il farmaco 4-ACO-DMT<\/p>\n<p>Il principio attivo del farmaco 4-ACO DMT \u00e8 5-Methoxy-N (5-MeO-DIPT). \u00c8 simile ad altre triptamine come i funghi psilocibina e la salvia Divinorum ma pi\u00f9 forte. Gli effetti di questo farmaco durano pi\u00f9 a lungo ed \u00e8 meno probabile che vengano avvertiti dalle persone che lo usano a scopo ricreativo rispetto a quelli che usano i funghi psilocibina o la salvia Divinorum a scopo ricreativo perch\u00e9 ha una concentrazione molto pi\u00f9 alta di 5-MeO-DIPT rispetto a uno di questi altri composti.<\/p>\n<p><strong>\u00a0<\/strong><\/p>\n<p><strong>Perch\u00e9 acquistare un farmaco 4-ACO DMT online?<\/strong><\/p>\n<p>Acquistare un farmaco 4-ACO DMT Online \u00e8 il modo migliore per acquistare il farmaco perch\u00e9 molti siti Web online offrono comodit\u00e0 e sicurezza infallibili. Con l&#8217;arrivo di Internet, sempre pi\u00f9 persone utilizzano siti Web e farmacie online per acquistare farmaci che trovano difficile acquistare fisicamente. Acquista online il farmaco 4-ACO-DMT<\/p>\n<p><strong>\u00a0<\/strong><\/p>\n<p><strong>Il posto migliore per ordinare il farmaco 4-ACO DMT<\/strong><\/p>\n<p>Il posto migliore per acquistare 4-ACO DMT Drug Online \u00e8 <a href=\"https:\/\/gooddealersmeds.com\/it\/product\/4-aco-dmt-drug\/\">Good Dealers Meds<\/a>. Offrono una vasta gamma di diversi tipi di farmaci a prezzi bassi, cos\u00ec puoi ottenere esattamente ci\u00f2 che desideri senza preoccuparti di rompere il tuo budget!<\/p>\n","protected":false},"excerpt":{"rendered":"<p>Acquista 4-Aco-DMT Drug Online, 4-AcO-DMT \u00a0\u00e8 un farmaco psicoattivo prodotto sinteticamente ed \u00e8 stato suggerito da David Nichols come un&#8217;alternativa potenzialmente utile alla psilocibina per studi farmacologici.<\/p>\n","protected":false},"featured_media":1890,"comment_status":"open","ping_status":"closed","template":"","meta":{"inline_featured_image":false},"product_brand":[],"product_cat":[344],"product_tag":[],"class_list":{"0":"post-1885","1":"product","2":"type-product","3":"status-publish","4":"has-post-thumbnail","6":"product_cat-ricerca-prodotti-chimici","8":"first","9":"instock","10":"shipping-taxable","11":"purchasable","12":"product-type-variable","13":"has-default-attributes"},"yoast_head":"<!-- This site is optimized with the Yoast SEO Premium plugin v20.6 (Yoast SEO v27.3) - https:\/\/yoast.com\/product\/yoast-seo-premium-wordpress\/ -->\n<title>Acquista 4-ACO-DMT online - 4-ACO-DMT in vendita | Good Dealers Meds<\/title>\n<meta name=\"description\" content=\"Acquista 4-ACO-DMT online, farmaco psicoattivo prodotto sinteticamente, alternativa potenzialmente utile alla psilocibina per studi farmacologici.\" \/>\n<meta name=\"robots\" content=\"index, follow, max-snippet:-1, max-image-preview:large, max-video-preview:-1\" \/>\n<link rel=\"canonical\" href=\"https:\/\/gooddealersmeds.com\/it\/product\/4-aco-dmt-farmaco\/\" \/>\n<meta property=\"og:locale\" content=\"en_US\" \/>\n<meta property=\"og:type\" content=\"article\" \/>\n<meta property=\"og:title\" content=\"Acquista il farmaco 4-ACO DMT\" \/>\n<meta property=\"og:description\" content=\"Acquista 4-ACO-DMT online, farmaco psicoattivo prodotto sinteticamente, alternativa potenzialmente utile alla psilocibina per studi farmacologici.\" \/>\n<meta property=\"og:url\" content=\"https:\/\/gooddealersmeds.com\/it\/product\/4-aco-dmt-farmaco\/\" \/>\n<meta property=\"og:site_name\" content=\"Good Dealers Meds\" \/>\n<meta property=\"article:modified_time\" content=\"2022-12-30T21:50:44+00:00\" \/>\n<meta property=\"og:image\" content=\"https:\/\/gooddealersmeds.com\/it\/wp-content\/uploads\/sites\/7\/2022\/07\/Buy-4-Aco-DMT-Quality-Drug-Online.jpg\" \/>\n\t<meta property=\"og:image:width\" content=\"600\" \/>\n\t<meta property=\"og:image:height\" content=\"600\" \/>\n\t<meta property=\"og:image:type\" content=\"image\/jpeg\" \/>\n<meta name=\"twitter:card\" content=\"summary_large_image\" \/>\n<meta name=\"twitter:label1\" content=\"Est. reading time\" \/>\n\t<meta name=\"twitter:data1\" content=\"1 minute\" \/>\n<script type=\"application\/ld+json\" class=\"yoast-schema-graph\">{\"@context\":\"https:\\\/\\\/schema.org\",\"@graph\":[{\"@type\":\"WebPage\",\"@id\":\"https:\\\/\\\/gooddealersmeds.com\\\/it\\\/product\\\/4-aco-dmt-farmaco\\\/\",\"url\":\"https:\\\/\\\/gooddealersmeds.com\\\/it\\\/product\\\/4-aco-dmt-farmaco\\\/\",\"name\":\"Acquista 4-ACO-DMT online - 4-ACO-DMT in vendita | Good Dealers Meds\",\"isPartOf\":{\"@id\":\"https:\\\/\\\/gooddealersmeds.com\\\/it\\\/#website\"},\"primaryImageOfPage\":{\"@id\":\"https:\\\/\\\/gooddealersmeds.com\\\/it\\\/product\\\/4-aco-dmt-farmaco\\\/#primaryimage\"},\"image\":{\"@id\":\"https:\\\/\\\/gooddealersmeds.com\\\/it\\\/product\\\/4-aco-dmt-farmaco\\\/#primaryimage\"},\"thumbnailUrl\":\"https:\\\/\\\/gooddealersmeds.com\\\/it\\\/wp-content\\\/uploads\\\/sites\\\/7\\\/2022\\\/07\\\/Buy-4-Aco-DMT-Quality-Drug-Online.jpg\",\"datePublished\":\"2022-07-03T11:42:40+00:00\",\"dateModified\":\"2022-12-30T21:50:44+00:00\",\"description\":\"Acquista 4-ACO-DMT online, farmaco psicoattivo prodotto sinteticamente, alternativa potenzialmente utile alla psilocibina per studi farmacologici.\",\"breadcrumb\":{\"@id\":\"https:\\\/\\\/gooddealersmeds.com\\\/it\\\/product\\\/4-aco-dmt-farmaco\\\/#breadcrumb\"},\"inLanguage\":\"en-US\",\"potentialAction\":[{\"@type\":\"ReadAction\",\"target\":[\"https:\\\/\\\/gooddealersmeds.com\\\/it\\\/product\\\/4-aco-dmt-farmaco\\\/\"]}]},{\"@type\":\"ImageObject\",\"inLanguage\":\"en-US\",\"@id\":\"https:\\\/\\\/gooddealersmeds.com\\\/it\\\/product\\\/4-aco-dmt-farmaco\\\/#primaryimage\",\"url\":\"https:\\\/\\\/gooddealersmeds.com\\\/it\\\/wp-content\\\/uploads\\\/sites\\\/7\\\/2022\\\/07\\\/Buy-4-Aco-DMT-Quality-Drug-Online.jpg\",\"contentUrl\":\"https:\\\/\\\/gooddealersmeds.com\\\/it\\\/wp-content\\\/uploads\\\/sites\\\/7\\\/2022\\\/07\\\/Buy-4-Aco-DMT-Quality-Drug-Online.jpg\",\"width\":600,\"height\":600,\"caption\":\"Buy 4-ACO-DMT Drug Online\"},{\"@type\":\"BreadcrumbList\",\"@id\":\"https:\\\/\\\/gooddealersmeds.com\\\/it\\\/product\\\/4-aco-dmt-farmaco\\\/#breadcrumb\",\"itemListElement\":[{\"@type\":\"ListItem\",\"position\":1,\"name\":\"Home\",\"item\":\"https:\\\/\\\/gooddealersmeds.com\\\/it\\\/\"},{\"@type\":\"ListItem\",\"position\":2,\"name\":\"Prodotti\",\"item\":\"https:\\\/\\\/gooddealersmeds.com\\\/it\\\/prodotti\\\/\"},{\"@type\":\"ListItem\",\"position\":3,\"name\":\"Acquista il farmaco 4-ACO DMT\"}]},{\"@type\":\"WebSite\",\"@id\":\"https:\\\/\\\/gooddealersmeds.com\\\/it\\\/#website\",\"url\":\"https:\\\/\\\/gooddealersmeds.com\\\/it\\\/\",\"name\":\"Good Dealers Meds\",\"description\":\"All our best\",\"publisher\":{\"@id\":\"https:\\\/\\\/gooddealersmeds.com\\\/it\\\/#organization\"},\"potentialAction\":[{\"@type\":\"SearchAction\",\"target\":{\"@type\":\"EntryPoint\",\"urlTemplate\":\"https:\\\/\\\/gooddealersmeds.com\\\/it\\\/?s={search_term_string}\"},\"query-input\":{\"@type\":\"PropertyValueSpecification\",\"valueRequired\":true,\"valueName\":\"search_term_string\"}}],\"inLanguage\":\"en-US\"},{\"@type\":\"Organization\",\"@id\":\"https:\\\/\\\/gooddealersmeds.com\\\/it\\\/#organization\",\"name\":\"Good Dealers Meds\",\"url\":\"https:\\\/\\\/gooddealersmeds.com\\\/it\\\/\",\"logo\":{\"@type\":\"ImageObject\",\"inLanguage\":\"en-US\",\"@id\":\"https:\\\/\\\/gooddealersmeds.com\\\/it\\\/#\\\/schema\\\/logo\\\/image\\\/\",\"url\":\"https:\\\/\\\/gooddealersmeds.com\\\/it\\\/wp-content\\\/uploads\\\/sites\\\/7\\\/2022\\\/03\\\/gooddealersmeds__logo__20220317T222800Z.00.png\",\"contentUrl\":\"https:\\\/\\\/gooddealersmeds.com\\\/it\\\/wp-content\\\/uploads\\\/sites\\\/7\\\/2022\\\/03\\\/gooddealersmeds__logo__20220317T222800Z.00.png\",\"width\":500,\"height\":325,\"caption\":\"Good Dealers Meds\"},\"image\":{\"@id\":\"https:\\\/\\\/gooddealersmeds.com\\\/it\\\/#\\\/schema\\\/logo\\\/image\\\/\"}}]}<\/script>\n<!-- \/ Yoast SEO Premium plugin. -->","yoast_head_json":{"title":"Acquista 4-ACO-DMT online - 4-ACO-DMT in vendita | Good Dealers Meds","description":"Acquista 4-ACO-DMT online, farmaco psicoattivo prodotto sinteticamente, alternativa potenzialmente utile alla psilocibina per studi farmacologici.","robots":{"index":"index","follow":"follow","max-snippet":"max-snippet:-1","max-image-preview":"max-image-preview:large","max-video-preview":"max-video-preview:-1"},"canonical":"https:\/\/gooddealersmeds.com\/it\/product\/4-aco-dmt-farmaco\/","og_locale":"en_US","og_type":"article","og_title":"Acquista il farmaco 4-ACO DMT","og_description":"Acquista 4-ACO-DMT online, farmaco psicoattivo prodotto sinteticamente, alternativa potenzialmente utile alla psilocibina per studi farmacologici.","og_url":"https:\/\/gooddealersmeds.com\/it\/product\/4-aco-dmt-farmaco\/","og_site_name":"Good Dealers Meds","article_modified_time":"2022-12-30T21:50:44+00:00","og_image":[{"width":600,"height":600,"url":"https:\/\/gooddealersmeds.com\/it\/wp-content\/uploads\/sites\/7\/2022\/07\/Buy-4-Aco-DMT-Quality-Drug-Online.jpg","type":"image\/jpeg"}],"twitter_card":"summary_large_image","twitter_misc":{"Est. reading time":"1 minute"},"schema":{"@context":"https:\/\/schema.org","@graph":[{"@type":"WebPage","@id":"https:\/\/gooddealersmeds.com\/it\/product\/4-aco-dmt-farmaco\/","url":"https:\/\/gooddealersmeds.com\/it\/product\/4-aco-dmt-farmaco\/","name":"Acquista 4-ACO-DMT online - 4-ACO-DMT in vendita | Good Dealers Meds","isPartOf":{"@id":"https:\/\/gooddealersmeds.com\/it\/#website"},"primaryImageOfPage":{"@id":"https:\/\/gooddealersmeds.com\/it\/product\/4-aco-dmt-farmaco\/#primaryimage"},"image":{"@id":"https:\/\/gooddealersmeds.com\/it\/product\/4-aco-dmt-farmaco\/#primaryimage"},"thumbnailUrl":"https:\/\/gooddealersmeds.com\/it\/wp-content\/uploads\/sites\/7\/2022\/07\/Buy-4-Aco-DMT-Quality-Drug-Online.jpg","datePublished":"2022-07-03T11:42:40+00:00","dateModified":"2022-12-30T21:50:44+00:00","description":"Acquista 4-ACO-DMT online, farmaco psicoattivo prodotto sinteticamente, alternativa potenzialmente utile alla psilocibina per studi farmacologici.","breadcrumb":{"@id":"https:\/\/gooddealersmeds.com\/it\/product\/4-aco-dmt-farmaco\/#breadcrumb"},"inLanguage":"en-US","potentialAction":[{"@type":"ReadAction","target":["https:\/\/gooddealersmeds.com\/it\/product\/4-aco-dmt-farmaco\/"]}]},{"@type":"ImageObject","inLanguage":"en-US","@id":"https:\/\/gooddealersmeds.com\/it\/product\/4-aco-dmt-farmaco\/#primaryimage","url":"https:\/\/gooddealersmeds.com\/it\/wp-content\/uploads\/sites\/7\/2022\/07\/Buy-4-Aco-DMT-Quality-Drug-Online.jpg","contentUrl":"https:\/\/gooddealersmeds.com\/it\/wp-content\/uploads\/sites\/7\/2022\/07\/Buy-4-Aco-DMT-Quality-Drug-Online.jpg","width":600,"height":600,"caption":"Buy 4-ACO-DMT Drug Online"},{"@type":"BreadcrumbList","@id":"https:\/\/gooddealersmeds.com\/it\/product\/4-aco-dmt-farmaco\/#breadcrumb","itemListElement":[{"@type":"ListItem","position":1,"name":"Home","item":"https:\/\/gooddealersmeds.com\/it\/"},{"@type":"ListItem","position":2,"name":"Prodotti","item":"https:\/\/gooddealersmeds.com\/it\/prodotti\/"},{"@type":"ListItem","position":3,"name":"Acquista il farmaco 4-ACO DMT"}]},{"@type":"WebSite","@id":"https:\/\/gooddealersmeds.com\/it\/#website","url":"https:\/\/gooddealersmeds.com\/it\/","name":"Good Dealers Meds","description":"All our best","publisher":{"@id":"https:\/\/gooddealersmeds.com\/it\/#organization"},"potentialAction":[{"@type":"SearchAction","target":{"@type":"EntryPoint","urlTemplate":"https:\/\/gooddealersmeds.com\/it\/?s={search_term_string}"},"query-input":{"@type":"PropertyValueSpecification","valueRequired":true,"valueName":"search_term_string"}}],"inLanguage":"en-US"},{"@type":"Organization","@id":"https:\/\/gooddealersmeds.com\/it\/#organization","name":"Good Dealers Meds","url":"https:\/\/gooddealersmeds.com\/it\/","logo":{"@type":"ImageObject","inLanguage":"en-US","@id":"https:\/\/gooddealersmeds.com\/it\/#\/schema\/logo\/image\/","url":"https:\/\/gooddealersmeds.com\/it\/wp-content\/uploads\/sites\/7\/2022\/03\/gooddealersmeds__logo__20220317T222800Z.00.png","contentUrl":"https:\/\/gooddealersmeds.com\/it\/wp-content\/uploads\/sites\/7\/2022\/03\/gooddealersmeds__logo__20220317T222800Z.00.png","width":500,"height":325,"caption":"Good Dealers Meds"},"image":{"@id":"https:\/\/gooddealersmeds.com\/it\/#\/schema\/logo\/image\/"}}]}},"_links":{"self":[{"href":"https:\/\/gooddealersmeds.com\/it\/wp-json\/wp\/v2\/product\/1885","targetHints":{"allow":["GET"]}}],"collection":[{"href":"https:\/\/gooddealersmeds.com\/it\/wp-json\/wp\/v2\/product"}],"about":[{"href":"https:\/\/gooddealersmeds.com\/it\/wp-json\/wp\/v2\/types\/product"}],"replies":[{"embeddable":true,"href":"https:\/\/gooddealersmeds.com\/it\/wp-json\/wp\/v2\/comments?post=1885"}],"wp:featuredmedia":[{"embeddable":true,"href":"https:\/\/gooddealersmeds.com\/it\/wp-json\/wp\/v2\/media\/1890"}],"wp:attachment":[{"href":"https:\/\/gooddealersmeds.com\/it\/wp-json\/wp\/v2\/media?parent=1885"}],"wp:term":[{"taxonomy":"product_brand","embeddable":true,"href":"https:\/\/gooddealersmeds.com\/it\/wp-json\/wp\/v2\/product_brand?post=1885"},{"taxonomy":"product_cat","embeddable":true,"href":"https:\/\/gooddealersmeds.com\/it\/wp-json\/wp\/v2\/product_cat?post=1885"},{"taxonomy":"product_tag","embeddable":true,"href":"https:\/\/gooddealersmeds.com\/it\/wp-json\/wp\/v2\/product_tag?post=1885"}],"curies":[{"name":"wp","href":"https:\/\/api.w.org\/{rel}","templated":true}]}}