{"id":1877,"date":"2022-07-03T11:36:36","date_gmt":"2022-07-03T11:36:36","guid":{"rendered":"https:\/\/gooddealersmeds.com\/it\/?post_type=product&#038;p=1877"},"modified":"2022-12-30T21:52:07","modified_gmt":"2022-12-30T21:52:07","slug":"4-cec-farmaco","status":"publish","type":"product","link":"https:\/\/gooddealersmeds.com\/it\/product\/4-cec-farmaco\/","title":{"rendered":"Acquista online il farmaco 4-CEC"},"content":{"rendered":"<h2>Acquista il farmaco 4-CEC online da Good Dealers Meds<\/h2>\n<p>Il farmaco 4-CEC online \u00e8 un nuovo tipo di farmaco che ha stato sviluppato per aiutare le persone che soffrono di dolore cronico. Pu\u00f2 essere utilizzato per i pazienti che soffrono da molto tempo di dolori cronici, come mal di schiena o sciatica.<\/p>\n<p>Questo farmaco \u00e8 disponibile sotto forma di compresse, ma pu\u00f2 anche essere assunto per via sublinguale semplicemente posizionandone uno pezzo sotto la lingua per 30 secondi o due pezzi alla volta se preferisci questo metodo rispetto a masticare o deglutire le compresse intere.<\/p>\n<p>&nbsp;<\/p>\n<p><strong>Motivi per acquistare il farmaco 4-CEC Online.<\/strong><\/p>\n<p>Dovresti considerare <a href=\"https:\/\/infoboerse-neue-drogen.de\/substanzen\/4-cec-4-chloroethcatinon\/\">4-CEC<\/a> Farmaco online perch\u00e9 \u00e8 stato dimostrato che funziona pi\u00f9 velocemente di altri farmaci. Gli utenti noteranno un miglioramento delle loro condizioni entro pochi giorni dall&#8217;utilizzo di questo farmaco. I vantaggi dell&#8217;utilizzo del farmaco 4-CEC online includono:<\/p>\n<p>&nbsp;<\/p>\n<ol>\n<li>Riduce il rischio di ulteriori lesioni e ti aiuta a riprenderti pi\u00f9 velocemente dal tuo infortunio attuale;<\/li>\n<li>Aiuta a ridurre l&#8217;infiammazione e il gonfiore in modo da migliorare la mobilit\u00e0;<\/li>\n<li>Attenua gli spasmi muscolari e migliora la mobilit\u00e0 riducendo il dolore e la rigidit\u00e0;<\/li>\n<li>Aiuta ad alleviare l&#8217;ansia e depressione migliorando l&#8217;umore generale;<\/li>\n<li>Aiuta a ripristinare l&#8217;equilibrio del tuo corpo dopo un incidente o un intervento chirurgico riducendo l&#8217;infiammazione nella zona lesa;<\/li>\n<li>Funziona meglio della maggior parte degli altri farmaci sulla mercato oggi perch\u00e9 non ha effetti collaterali negativi come secchezza delle fauci o costipazione.<\/li>\n<\/ol>\n<p>&nbsp;<\/p>\n<p><strong>Dove acquistare i farmaci 4-CEC online? <\/strong><\/p>\n<p>Il posto migliore per <a href=\"https:\/\/gooddealersmeds.com\/it\/product\/4-cec-drug\/\">acquistare 4-CEC Drugs Online<\/a> \u00e8 Great Dealers Meds. Offrono molti tipi di farmaci a basso costo, cos\u00ec puoi ottenere esattamente ci\u00f2 di cui hai bisogno senza stressarti per spendere pi\u00f9 soldi di quanto pensassi. Acquista online il farmaco 4-CEC.<\/p>\n","protected":false},"excerpt":{"rendered":"<p>Acquista 4-CEC Drug Online, il 4-Chloromethcatinone \u00e8 un farmaco stimolante della classe dei catinone che \u00e8 stato venduto online come farmaco di sintesi. \u00c8 simile al 4-CMC (analogo 4-CMC).<\/p>\n","protected":false},"featured_media":1884,"comment_status":"open","ping_status":"closed","template":"","meta":{"inline_featured_image":false},"product_brand":[],"product_cat":[344],"product_tag":[],"class_list":{"0":"post-1877","1":"product","2":"type-product","3":"status-publish","4":"has-post-thumbnail","6":"product_cat-ricerca-prodotti-chimici","8":"first","9":"instock","10":"shipping-taxable","11":"purchasable","12":"product-type-variable","13":"has-default-attributes"},"yoast_head":"<!-- This site is optimized with the Yoast SEO Premium plugin v20.6 (Yoast SEO v27.4) - https:\/\/yoast.com\/product\/yoast-seo-premium-wordpress\/ -->\n<title>Acquista 4-CEC online - (4-cloroetcatinone) | 4-CEC in vendita<\/title>\n<meta name=\"description\" content=\"Acquista 4-CEC online, \u00e8 un farmaco stimolante della classe dei catinone che \u00e8 stato venduto online come droga di design. \u00c8 simile con 4-CMC.\" \/>\n<meta name=\"robots\" content=\"index, follow, max-snippet:-1, max-image-preview:large, max-video-preview:-1\" \/>\n<link rel=\"canonical\" href=\"https:\/\/gooddealersmeds.com\/it\/product\/4-cec-farmaco\/\" \/>\n<meta property=\"og:locale\" content=\"en_US\" \/>\n<meta property=\"og:type\" content=\"article\" \/>\n<meta property=\"og:title\" content=\"Acquista online il farmaco 4-CEC\" \/>\n<meta property=\"og:description\" content=\"Acquista 4-CEC online, \u00e8 un farmaco stimolante della classe dei catinone che \u00e8 stato venduto online come droga di design. \u00c8 simile con 4-CMC.\" \/>\n<meta property=\"og:url\" content=\"https:\/\/gooddealersmeds.com\/it\/product\/4-cec-farmaco\/\" \/>\n<meta property=\"og:site_name\" content=\"Good Dealers Meds\" \/>\n<meta property=\"article:modified_time\" content=\"2022-12-30T21:52:07+00:00\" \/>\n<meta property=\"og:image\" content=\"https:\/\/gooddealersmeds.com\/it\/wp-content\/uploads\/sites\/7\/2022\/07\/4-CEC.jpg\" \/>\n\t<meta property=\"og:image:width\" content=\"600\" \/>\n\t<meta property=\"og:image:height\" content=\"600\" \/>\n\t<meta property=\"og:image:type\" content=\"image\/jpeg\" \/>\n<meta name=\"twitter:card\" content=\"summary_large_image\" \/>\n<meta name=\"twitter:label1\" content=\"Est. reading time\" \/>\n\t<meta name=\"twitter:data1\" content=\"1 minute\" \/>\n<script type=\"application\/ld+json\" class=\"yoast-schema-graph\">{\"@context\":\"https:\\\/\\\/schema.org\",\"@graph\":[{\"@type\":\"WebPage\",\"@id\":\"https:\\\/\\\/gooddealersmeds.com\\\/it\\\/product\\\/4-cec-farmaco\\\/\",\"url\":\"https:\\\/\\\/gooddealersmeds.com\\\/it\\\/product\\\/4-cec-farmaco\\\/\",\"name\":\"Acquista 4-CEC online - (4-cloroetcatinone) | 4-CEC in vendita\",\"isPartOf\":{\"@id\":\"https:\\\/\\\/gooddealersmeds.com\\\/it\\\/#website\"},\"primaryImageOfPage\":{\"@id\":\"https:\\\/\\\/gooddealersmeds.com\\\/it\\\/product\\\/4-cec-farmaco\\\/#primaryimage\"},\"image\":{\"@id\":\"https:\\\/\\\/gooddealersmeds.com\\\/it\\\/product\\\/4-cec-farmaco\\\/#primaryimage\"},\"thumbnailUrl\":\"https:\\\/\\\/gooddealersmeds.com\\\/it\\\/wp-content\\\/uploads\\\/sites\\\/7\\\/2022\\\/07\\\/4-CEC.jpg\",\"datePublished\":\"2022-07-03T11:36:36+00:00\",\"dateModified\":\"2022-12-30T21:52:07+00:00\",\"description\":\"Acquista 4-CEC online, \u00e8 un farmaco stimolante della classe dei catinone che \u00e8 stato venduto online come droga di design. \u00c8 simile con 4-CMC.\",\"breadcrumb\":{\"@id\":\"https:\\\/\\\/gooddealersmeds.com\\\/it\\\/product\\\/4-cec-farmaco\\\/#breadcrumb\"},\"inLanguage\":\"en-US\",\"potentialAction\":[{\"@type\":\"ReadAction\",\"target\":[\"https:\\\/\\\/gooddealersmeds.com\\\/it\\\/product\\\/4-cec-farmaco\\\/\"]}]},{\"@type\":\"ImageObject\",\"inLanguage\":\"en-US\",\"@id\":\"https:\\\/\\\/gooddealersmeds.com\\\/it\\\/product\\\/4-cec-farmaco\\\/#primaryimage\",\"url\":\"https:\\\/\\\/gooddealersmeds.com\\\/it\\\/wp-content\\\/uploads\\\/sites\\\/7\\\/2022\\\/07\\\/4-CEC.jpg\",\"contentUrl\":\"https:\\\/\\\/gooddealersmeds.com\\\/it\\\/wp-content\\\/uploads\\\/sites\\\/7\\\/2022\\\/07\\\/4-CEC.jpg\",\"width\":600,\"height\":600,\"caption\":\"Buy 4-CEC Drug Online\"},{\"@type\":\"BreadcrumbList\",\"@id\":\"https:\\\/\\\/gooddealersmeds.com\\\/it\\\/product\\\/4-cec-farmaco\\\/#breadcrumb\",\"itemListElement\":[{\"@type\":\"ListItem\",\"position\":1,\"name\":\"Home\",\"item\":\"https:\\\/\\\/gooddealersmeds.com\\\/it\\\/\"},{\"@type\":\"ListItem\",\"position\":2,\"name\":\"Prodotti\",\"item\":\"https:\\\/\\\/gooddealersmeds.com\\\/it\\\/prodotti\\\/\"},{\"@type\":\"ListItem\",\"position\":3,\"name\":\"Acquista online il farmaco 4-CEC\"}]},{\"@type\":\"WebSite\",\"@id\":\"https:\\\/\\\/gooddealersmeds.com\\\/it\\\/#website\",\"url\":\"https:\\\/\\\/gooddealersmeds.com\\\/it\\\/\",\"name\":\"Good Dealers Meds\",\"description\":\"All our best\",\"publisher\":{\"@id\":\"https:\\\/\\\/gooddealersmeds.com\\\/it\\\/#organization\"},\"potentialAction\":[{\"@type\":\"SearchAction\",\"target\":{\"@type\":\"EntryPoint\",\"urlTemplate\":\"https:\\\/\\\/gooddealersmeds.com\\\/it\\\/?s={search_term_string}\"},\"query-input\":{\"@type\":\"PropertyValueSpecification\",\"valueRequired\":true,\"valueName\":\"search_term_string\"}}],\"inLanguage\":\"en-US\"},{\"@type\":\"Organization\",\"@id\":\"https:\\\/\\\/gooddealersmeds.com\\\/it\\\/#organization\",\"name\":\"Good Dealers Meds\",\"url\":\"https:\\\/\\\/gooddealersmeds.com\\\/it\\\/\",\"logo\":{\"@type\":\"ImageObject\",\"inLanguage\":\"en-US\",\"@id\":\"https:\\\/\\\/gooddealersmeds.com\\\/it\\\/#\\\/schema\\\/logo\\\/image\\\/\",\"url\":\"https:\\\/\\\/gooddealersmeds.com\\\/it\\\/wp-content\\\/uploads\\\/sites\\\/7\\\/2022\\\/03\\\/gooddealersmeds__logo__20220317T222800Z.00.png\",\"contentUrl\":\"https:\\\/\\\/gooddealersmeds.com\\\/it\\\/wp-content\\\/uploads\\\/sites\\\/7\\\/2022\\\/03\\\/gooddealersmeds__logo__20220317T222800Z.00.png\",\"width\":500,\"height\":325,\"caption\":\"Good Dealers Meds\"},\"image\":{\"@id\":\"https:\\\/\\\/gooddealersmeds.com\\\/it\\\/#\\\/schema\\\/logo\\\/image\\\/\"}}]}<\/script>\n<!-- \/ Yoast SEO Premium plugin. -->","yoast_head_json":{"title":"Acquista 4-CEC online - (4-cloroetcatinone) | 4-CEC in vendita","description":"Acquista 4-CEC online, \u00e8 un farmaco stimolante della classe dei catinone che \u00e8 stato venduto online come droga di design. \u00c8 simile con 4-CMC.","robots":{"index":"index","follow":"follow","max-snippet":"max-snippet:-1","max-image-preview":"max-image-preview:large","max-video-preview":"max-video-preview:-1"},"canonical":"https:\/\/gooddealersmeds.com\/it\/product\/4-cec-farmaco\/","og_locale":"en_US","og_type":"article","og_title":"Acquista online il farmaco 4-CEC","og_description":"Acquista 4-CEC online, \u00e8 un farmaco stimolante della classe dei catinone che \u00e8 stato venduto online come droga di design. \u00c8 simile con 4-CMC.","og_url":"https:\/\/gooddealersmeds.com\/it\/product\/4-cec-farmaco\/","og_site_name":"Good Dealers Meds","article_modified_time":"2022-12-30T21:52:07+00:00","og_image":[{"width":600,"height":600,"url":"https:\/\/gooddealersmeds.com\/it\/wp-content\/uploads\/sites\/7\/2022\/07\/4-CEC.jpg","type":"image\/jpeg"}],"twitter_card":"summary_large_image","twitter_misc":{"Est. reading time":"1 minute"},"schema":{"@context":"https:\/\/schema.org","@graph":[{"@type":"WebPage","@id":"https:\/\/gooddealersmeds.com\/it\/product\/4-cec-farmaco\/","url":"https:\/\/gooddealersmeds.com\/it\/product\/4-cec-farmaco\/","name":"Acquista 4-CEC online - (4-cloroetcatinone) | 4-CEC in vendita","isPartOf":{"@id":"https:\/\/gooddealersmeds.com\/it\/#website"},"primaryImageOfPage":{"@id":"https:\/\/gooddealersmeds.com\/it\/product\/4-cec-farmaco\/#primaryimage"},"image":{"@id":"https:\/\/gooddealersmeds.com\/it\/product\/4-cec-farmaco\/#primaryimage"},"thumbnailUrl":"https:\/\/gooddealersmeds.com\/it\/wp-content\/uploads\/sites\/7\/2022\/07\/4-CEC.jpg","datePublished":"2022-07-03T11:36:36+00:00","dateModified":"2022-12-30T21:52:07+00:00","description":"Acquista 4-CEC online, \u00e8 un farmaco stimolante della classe dei catinone che \u00e8 stato venduto online come droga di design. \u00c8 simile con 4-CMC.","breadcrumb":{"@id":"https:\/\/gooddealersmeds.com\/it\/product\/4-cec-farmaco\/#breadcrumb"},"inLanguage":"en-US","potentialAction":[{"@type":"ReadAction","target":["https:\/\/gooddealersmeds.com\/it\/product\/4-cec-farmaco\/"]}]},{"@type":"ImageObject","inLanguage":"en-US","@id":"https:\/\/gooddealersmeds.com\/it\/product\/4-cec-farmaco\/#primaryimage","url":"https:\/\/gooddealersmeds.com\/it\/wp-content\/uploads\/sites\/7\/2022\/07\/4-CEC.jpg","contentUrl":"https:\/\/gooddealersmeds.com\/it\/wp-content\/uploads\/sites\/7\/2022\/07\/4-CEC.jpg","width":600,"height":600,"caption":"Buy 4-CEC Drug Online"},{"@type":"BreadcrumbList","@id":"https:\/\/gooddealersmeds.com\/it\/product\/4-cec-farmaco\/#breadcrumb","itemListElement":[{"@type":"ListItem","position":1,"name":"Home","item":"https:\/\/gooddealersmeds.com\/it\/"},{"@type":"ListItem","position":2,"name":"Prodotti","item":"https:\/\/gooddealersmeds.com\/it\/prodotti\/"},{"@type":"ListItem","position":3,"name":"Acquista online il farmaco 4-CEC"}]},{"@type":"WebSite","@id":"https:\/\/gooddealersmeds.com\/it\/#website","url":"https:\/\/gooddealersmeds.com\/it\/","name":"Good Dealers Meds","description":"All our best","publisher":{"@id":"https:\/\/gooddealersmeds.com\/it\/#organization"},"potentialAction":[{"@type":"SearchAction","target":{"@type":"EntryPoint","urlTemplate":"https:\/\/gooddealersmeds.com\/it\/?s={search_term_string}"},"query-input":{"@type":"PropertyValueSpecification","valueRequired":true,"valueName":"search_term_string"}}],"inLanguage":"en-US"},{"@type":"Organization","@id":"https:\/\/gooddealersmeds.com\/it\/#organization","name":"Good Dealers Meds","url":"https:\/\/gooddealersmeds.com\/it\/","logo":{"@type":"ImageObject","inLanguage":"en-US","@id":"https:\/\/gooddealersmeds.com\/it\/#\/schema\/logo\/image\/","url":"https:\/\/gooddealersmeds.com\/it\/wp-content\/uploads\/sites\/7\/2022\/03\/gooddealersmeds__logo__20220317T222800Z.00.png","contentUrl":"https:\/\/gooddealersmeds.com\/it\/wp-content\/uploads\/sites\/7\/2022\/03\/gooddealersmeds__logo__20220317T222800Z.00.png","width":500,"height":325,"caption":"Good Dealers Meds"},"image":{"@id":"https:\/\/gooddealersmeds.com\/it\/#\/schema\/logo\/image\/"}}]}},"_links":{"self":[{"href":"https:\/\/gooddealersmeds.com\/it\/wp-json\/wp\/v2\/product\/1877","targetHints":{"allow":["GET"]}}],"collection":[{"href":"https:\/\/gooddealersmeds.com\/it\/wp-json\/wp\/v2\/product"}],"about":[{"href":"https:\/\/gooddealersmeds.com\/it\/wp-json\/wp\/v2\/types\/product"}],"replies":[{"embeddable":true,"href":"https:\/\/gooddealersmeds.com\/it\/wp-json\/wp\/v2\/comments?post=1877"}],"wp:featuredmedia":[{"embeddable":true,"href":"https:\/\/gooddealersmeds.com\/it\/wp-json\/wp\/v2\/media\/1884"}],"wp:attachment":[{"href":"https:\/\/gooddealersmeds.com\/it\/wp-json\/wp\/v2\/media?parent=1877"}],"wp:term":[{"taxonomy":"product_brand","embeddable":true,"href":"https:\/\/gooddealersmeds.com\/it\/wp-json\/wp\/v2\/product_brand?post=1877"},{"taxonomy":"product_cat","embeddable":true,"href":"https:\/\/gooddealersmeds.com\/it\/wp-json\/wp\/v2\/product_cat?post=1877"},{"taxonomy":"product_tag","embeddable":true,"href":"https:\/\/gooddealersmeds.com\/it\/wp-json\/wp\/v2\/product_tag?post=1877"}],"curies":[{"name":"wp","href":"https:\/\/api.w.org\/{rel}","templated":true}]}}