{"id":1875,"date":"2022-06-30T00:12:13","date_gmt":"2022-06-30T00:12:13","guid":{"rendered":"https:\/\/gooddealersmeds.com\/it\/?post_type=product&#038;p=1875"},"modified":"2022-12-30T21:54:53","modified_gmt":"2022-12-30T21:54:53","slug":"viola-regina","status":"publish","type":"product","link":"https:\/\/gooddealersmeds.com\/it\/product\/viola-regina\/","title":{"rendered":"Acquista Purple Queen online"},"content":{"rendered":"<h2>Erbaccia Purple Queen in vendita online<\/h2>\n<p>Purple Queen online \u00e8 un farmaco utilizzato nel trattamento di un&#8217;ampia gamma di condizioni. \u00c8 stato approvato dalla FDA e da molti altri paesi in tutto il mondo. \u00c8 un potente antidepressivo che agisce bloccando la trasmissione di serotonina, noradrenalina, dopamina e altri neurotrasmettitori nel cervello. Quando ci\u00f2 accade, ti sentirai pi\u00f9 felice, pi\u00f9 rilassato e avrai un umore migliore, Acquista Purple Queen online<\/p>\n<p>Purple Queen Online \u00e8 un farmaco usato per curare la depressione. Funziona promuovendo la produzione di determinate sostanze chimiche nel cervello.<\/p>\n<p>Purple Queen Online non \u00e8 per tutti: dovrebbe essere usato solo se hai provato altri farmaci senza successo.<\/p>\n<p>Il la buona notizia \u00e8 che Purple Queen Online \u00e8 stato approvato dalla FDA ed \u00e8 generalmente considerato sicuro da usare. Tuttavia, pu\u00f2 causare effetti collaterali in alcune persone, quindi \u00e8 importante che parli con il medico prima di assumere questo farmaco in caso di domande o dubbi sul suo utilizzo. Acquista Purple Queen online<\/p>\n<p>Purple Queen Online funziona meglio se assunto un programma regolare, quindi non \u00e8 raccomandato per l&#8217;uso come sostituto di sessioni di terapia o consulenza. Se decidi di provarlo senza prima consultare il tuo medico, digli quali passaggi intendi intraprendere prima di iniziare il trattamento con Purple Queen Online.<\/p>\n<p>Purple Queen \u00e8 disponibile sotto forma di compresse, in un flacone contenente 120 compresse compresse (30 mg ciascuna). Questo farmaco deve essere assunto per via orale 30 minuti prima dei pasti con abbondante acqua.<\/p>\n<p><strong>\u00a0<\/strong><\/p>\n<p><strong>Perch\u00e9 acquistare Purple Queen online?<\/strong><\/p>\n<p>Il modo migliore per ottenere Purple Queen Online \u00e8 acquistarlo da uno spacciatore di fiducia che vende droga da anni. Puoi fidarti di loro perch\u00e9 sanno come assicurarsi di ottenere il miglior farmaco per le tue esigenze senza problemi o effetti collaterali. Hanno una vasta conoscenza dei diversi tipi di farmaci e di come agiscono sul tuo corpo, quindi sono in grado di trovare quello giusto per te in modo rapido e semplice.<\/p>\n<p>Puoi acquistare Purple Queen online da Good Dealers Meds.<\/p>\n","protected":false},"excerpt":{"rendered":"<p>La Purple Queen \u00e8 pura regalit\u00e0 indica. Combinando i fenotipi viola pi\u00f9 sfuggenti e pregiati dei ceppi di montagna Kush, i maestri breeder della Royal Queen Seeds hanno sviluppato un ibrido Kush unico. Da Purple Queen ci si aspettano colori viola vibranti, aromi pungenti di carburante di pino e un effetto fisicamente lapidato profondamente penetrante.<\/p>\n","protected":false},"featured_media":1876,"comment_status":"open","ping_status":"closed","template":"","meta":{"inline_featured_image":false},"product_brand":[],"product_cat":[348],"product_tag":[451,471,482,453,460,459,462,465,463,464,483,484,472,473,474,475,476,477,478,487,479,480,454,456,461,490,489,467,411,485,468,470,469,452,481,486,455,457,458,466,488],"class_list":{"0":"post-1875","1":"product","2":"type-product","3":"status-publish","4":"has-post-thumbnail","6":"product_cat-marijuana","7":"product_tag-100-olio-di-cannabis-in-vendita","8":"product_tag-cibo-pianta-di-cannabis-in-vendita","9":"product_tag-erbe-cannabis-in-vendita","10":"product_tag-cannabis-buds-for-sale","11":"product_tag-cannabis-e-liquido-in-vendita","12":"product_tag-cannabis-sigarette-in-vendita","13":"product_tag-cannabis-in-vendita","14":"product_tag-cannabis-in-vendita-uk","15":"product_tag-cannabis-in-vendita-online","16":"product_tag-cannabis-in-vendita-online-uk","17":"product_tag-cannabis-legale-in-vendita","18":"product_tag-legal-cannabis-for-sale-uk","19":"product_tag-cannabis-plant-for-sale","20":"product_tag-cannabis-plants-for-sale","21":"product_tag-cannabis-plants-for-sale-uk","22":"product_tag-cannabis-pollen-for-sale","23":"product_tag-cannabis-resin-for-sale","24":"product_tag-cannabis-sale-uk","25":"product_tag-cannabis-seeds-for-sale-in-england","26":"product_tag-cannabis-sintetica-in-vendita","27":"product_tag-cannabis-terpenes-for-sale","28":"product_tag-cannabis-vaporizer-for-sale","29":"product_tag-capsule-di-cannabis-in-vendita","30":"product_tag-cannabis-cloni-in-vendita","31":"product_tag-commestibili-di-cannabis-in-vendita","32":"product_tag-dove-ordinare-la-cannabis","33":"product_tag-dove-posso-prendere-cannabis","34":"product_tag-candele-cannabis-in-vendita","35":"product_tag-marijuana-in-vendita","36":"product_tag-marijuana-oil-for-sale","37":"product_tag-olio-di-cannabis-in-vendita","38":"product_tag-olio-di-cannabis-in-vendita-nel-regno-unito","39":"product_tag-olio-di-cannabis-in-vendita-online","40":"product_tag-posso-comprare-cannabis","41":"product_tag-semi-di-cannabis-in-vendita","42":"product_tag-semi-di-marijuana-in-vendita","43":"product_tag-sigarette-cannabis-in-vendita","44":"product_tag-talee-di-cannabis-in-vendita","45":"product_tag-talee-di-cannabis-in-vendita-uk","46":"product_tag-tende-in-vendita-per-la-coltivazione-di-cannabis","47":"product_tag-thc-olio-di-cannabis-in-vendita","49":"first","50":"instock","51":"shipping-taxable","52":"purchasable","53":"product-type-simple"},"yoast_head":"<!-- This site is optimized with the Yoast SEO Premium plugin v20.6 (Yoast SEO v27.4) - https:\/\/yoast.com\/product\/yoast-seo-premium-wordpress\/ -->\n<title>Acquista Purple Queen Online - Ordina Marijuana | Acquista Kush online<\/title>\n<meta name=\"description\" content=\"Stai cercando di Acquista Purple Queen online a prezzi convenienti \uff06 ricevilo a casa tua. Spediamo in tutto il mondo, soddisfazione garantita.\" \/>\n<meta name=\"robots\" content=\"index, follow, max-snippet:-1, max-image-preview:large, max-video-preview:-1\" \/>\n<link rel=\"canonical\" href=\"https:\/\/gooddealersmeds.com\/it\/product\/viola-regina\/\" \/>\n<meta property=\"og:locale\" content=\"en_US\" \/>\n<meta property=\"og:type\" content=\"article\" \/>\n<meta property=\"og:title\" content=\"Acquista Purple Queen online\" \/>\n<meta property=\"og:description\" content=\"Stai cercando di Acquista Purple Queen online a prezzi convenienti \uff06 ricevilo a casa tua. Spediamo in tutto il mondo, soddisfazione garantita.\" \/>\n<meta property=\"og:url\" content=\"https:\/\/gooddealersmeds.com\/it\/product\/viola-regina\/\" \/>\n<meta property=\"og:site_name\" content=\"Good Dealers Meds\" \/>\n<meta property=\"article:modified_time\" content=\"2022-12-30T21:54:53+00:00\" \/>\n<meta property=\"og:image\" content=\"https:\/\/gooddealersmeds.com\/it\/wp-content\/uploads\/sites\/7\/2022\/06\/PURPLE-QUEEN.jpg\" \/>\n\t<meta property=\"og:image:width\" content=\"600\" \/>\n\t<meta property=\"og:image:height\" content=\"600\" \/>\n\t<meta property=\"og:image:type\" content=\"image\/jpeg\" \/>\n<meta name=\"twitter:card\" content=\"summary_large_image\" \/>\n<meta name=\"twitter:label1\" content=\"Est. reading time\" \/>\n\t<meta name=\"twitter:data1\" content=\"2 minutes\" \/>\n<script type=\"application\/ld+json\" class=\"yoast-schema-graph\">{\"@context\":\"https:\\\/\\\/schema.org\",\"@graph\":[{\"@type\":\"WebPage\",\"@id\":\"https:\\\/\\\/gooddealersmeds.com\\\/it\\\/product\\\/viola-regina\\\/\",\"url\":\"https:\\\/\\\/gooddealersmeds.com\\\/it\\\/product\\\/viola-regina\\\/\",\"name\":\"Acquista Purple Queen Online - Ordina Marijuana | Acquista Kush online\",\"isPartOf\":{\"@id\":\"https:\\\/\\\/gooddealersmeds.com\\\/it\\\/#website\"},\"primaryImageOfPage\":{\"@id\":\"https:\\\/\\\/gooddealersmeds.com\\\/it\\\/product\\\/viola-regina\\\/#primaryimage\"},\"image\":{\"@id\":\"https:\\\/\\\/gooddealersmeds.com\\\/it\\\/product\\\/viola-regina\\\/#primaryimage\"},\"thumbnailUrl\":\"https:\\\/\\\/gooddealersmeds.com\\\/it\\\/wp-content\\\/uploads\\\/sites\\\/7\\\/2022\\\/06\\\/PURPLE-QUEEN.jpg\",\"datePublished\":\"2022-06-30T00:12:13+00:00\",\"dateModified\":\"2022-12-30T21:54:53+00:00\",\"description\":\"Stai cercando di Acquista Purple Queen online a prezzi convenienti \uff06 ricevilo a casa tua. Spediamo in tutto il mondo, soddisfazione garantita.\",\"breadcrumb\":{\"@id\":\"https:\\\/\\\/gooddealersmeds.com\\\/it\\\/product\\\/viola-regina\\\/#breadcrumb\"},\"inLanguage\":\"en-US\",\"potentialAction\":[{\"@type\":\"ReadAction\",\"target\":[\"https:\\\/\\\/gooddealersmeds.com\\\/it\\\/product\\\/viola-regina\\\/\"]}]},{\"@type\":\"ImageObject\",\"inLanguage\":\"en-US\",\"@id\":\"https:\\\/\\\/gooddealersmeds.com\\\/it\\\/product\\\/viola-regina\\\/#primaryimage\",\"url\":\"https:\\\/\\\/gooddealersmeds.com\\\/it\\\/wp-content\\\/uploads\\\/sites\\\/7\\\/2022\\\/06\\\/PURPLE-QUEEN.jpg\",\"contentUrl\":\"https:\\\/\\\/gooddealersmeds.com\\\/it\\\/wp-content\\\/uploads\\\/sites\\\/7\\\/2022\\\/06\\\/PURPLE-QUEEN.jpg\",\"width\":600,\"height\":600,\"caption\":\"Buy Purple Queen Online\"},{\"@type\":\"BreadcrumbList\",\"@id\":\"https:\\\/\\\/gooddealersmeds.com\\\/it\\\/product\\\/viola-regina\\\/#breadcrumb\",\"itemListElement\":[{\"@type\":\"ListItem\",\"position\":1,\"name\":\"Home\",\"item\":\"https:\\\/\\\/gooddealersmeds.com\\\/it\\\/\"},{\"@type\":\"ListItem\",\"position\":2,\"name\":\"Prodotti\",\"item\":\"https:\\\/\\\/gooddealersmeds.com\\\/it\\\/prodotti\\\/\"},{\"@type\":\"ListItem\",\"position\":3,\"name\":\"Acquista Purple Queen online\"}]},{\"@type\":\"WebSite\",\"@id\":\"https:\\\/\\\/gooddealersmeds.com\\\/it\\\/#website\",\"url\":\"https:\\\/\\\/gooddealersmeds.com\\\/it\\\/\",\"name\":\"Good Dealers Meds\",\"description\":\"All our best\",\"publisher\":{\"@id\":\"https:\\\/\\\/gooddealersmeds.com\\\/it\\\/#organization\"},\"potentialAction\":[{\"@type\":\"SearchAction\",\"target\":{\"@type\":\"EntryPoint\",\"urlTemplate\":\"https:\\\/\\\/gooddealersmeds.com\\\/it\\\/?s={search_term_string}\"},\"query-input\":{\"@type\":\"PropertyValueSpecification\",\"valueRequired\":true,\"valueName\":\"search_term_string\"}}],\"inLanguage\":\"en-US\"},{\"@type\":\"Organization\",\"@id\":\"https:\\\/\\\/gooddealersmeds.com\\\/it\\\/#organization\",\"name\":\"Good Dealers Meds\",\"url\":\"https:\\\/\\\/gooddealersmeds.com\\\/it\\\/\",\"logo\":{\"@type\":\"ImageObject\",\"inLanguage\":\"en-US\",\"@id\":\"https:\\\/\\\/gooddealersmeds.com\\\/it\\\/#\\\/schema\\\/logo\\\/image\\\/\",\"url\":\"https:\\\/\\\/gooddealersmeds.com\\\/it\\\/wp-content\\\/uploads\\\/sites\\\/7\\\/2022\\\/03\\\/gooddealersmeds__logo__20220317T222800Z.00.png\",\"contentUrl\":\"https:\\\/\\\/gooddealersmeds.com\\\/it\\\/wp-content\\\/uploads\\\/sites\\\/7\\\/2022\\\/03\\\/gooddealersmeds__logo__20220317T222800Z.00.png\",\"width\":500,\"height\":325,\"caption\":\"Good Dealers Meds\"},\"image\":{\"@id\":\"https:\\\/\\\/gooddealersmeds.com\\\/it\\\/#\\\/schema\\\/logo\\\/image\\\/\"}}]}<\/script>\n<!-- \/ Yoast SEO Premium plugin. -->","yoast_head_json":{"title":"Acquista Purple Queen Online - Ordina Marijuana | Acquista Kush online","description":"Stai cercando di Acquista Purple Queen online a prezzi convenienti \uff06 ricevilo a casa tua. Spediamo in tutto il mondo, soddisfazione garantita.","robots":{"index":"index","follow":"follow","max-snippet":"max-snippet:-1","max-image-preview":"max-image-preview:large","max-video-preview":"max-video-preview:-1"},"canonical":"https:\/\/gooddealersmeds.com\/it\/product\/viola-regina\/","og_locale":"en_US","og_type":"article","og_title":"Acquista Purple Queen online","og_description":"Stai cercando di Acquista Purple Queen online a prezzi convenienti \uff06 ricevilo a casa tua. Spediamo in tutto il mondo, soddisfazione garantita.","og_url":"https:\/\/gooddealersmeds.com\/it\/product\/viola-regina\/","og_site_name":"Good Dealers Meds","article_modified_time":"2022-12-30T21:54:53+00:00","og_image":[{"width":600,"height":600,"url":"https:\/\/gooddealersmeds.com\/it\/wp-content\/uploads\/sites\/7\/2022\/06\/PURPLE-QUEEN.jpg","type":"image\/jpeg"}],"twitter_card":"summary_large_image","twitter_misc":{"Est. reading time":"2 minutes"},"schema":{"@context":"https:\/\/schema.org","@graph":[{"@type":"WebPage","@id":"https:\/\/gooddealersmeds.com\/it\/product\/viola-regina\/","url":"https:\/\/gooddealersmeds.com\/it\/product\/viola-regina\/","name":"Acquista Purple Queen Online - Ordina Marijuana | Acquista Kush online","isPartOf":{"@id":"https:\/\/gooddealersmeds.com\/it\/#website"},"primaryImageOfPage":{"@id":"https:\/\/gooddealersmeds.com\/it\/product\/viola-regina\/#primaryimage"},"image":{"@id":"https:\/\/gooddealersmeds.com\/it\/product\/viola-regina\/#primaryimage"},"thumbnailUrl":"https:\/\/gooddealersmeds.com\/it\/wp-content\/uploads\/sites\/7\/2022\/06\/PURPLE-QUEEN.jpg","datePublished":"2022-06-30T00:12:13+00:00","dateModified":"2022-12-30T21:54:53+00:00","description":"Stai cercando di Acquista Purple Queen online a prezzi convenienti \uff06 ricevilo a casa tua. Spediamo in tutto il mondo, soddisfazione garantita.","breadcrumb":{"@id":"https:\/\/gooddealersmeds.com\/it\/product\/viola-regina\/#breadcrumb"},"inLanguage":"en-US","potentialAction":[{"@type":"ReadAction","target":["https:\/\/gooddealersmeds.com\/it\/product\/viola-regina\/"]}]},{"@type":"ImageObject","inLanguage":"en-US","@id":"https:\/\/gooddealersmeds.com\/it\/product\/viola-regina\/#primaryimage","url":"https:\/\/gooddealersmeds.com\/it\/wp-content\/uploads\/sites\/7\/2022\/06\/PURPLE-QUEEN.jpg","contentUrl":"https:\/\/gooddealersmeds.com\/it\/wp-content\/uploads\/sites\/7\/2022\/06\/PURPLE-QUEEN.jpg","width":600,"height":600,"caption":"Buy Purple Queen Online"},{"@type":"BreadcrumbList","@id":"https:\/\/gooddealersmeds.com\/it\/product\/viola-regina\/#breadcrumb","itemListElement":[{"@type":"ListItem","position":1,"name":"Home","item":"https:\/\/gooddealersmeds.com\/it\/"},{"@type":"ListItem","position":2,"name":"Prodotti","item":"https:\/\/gooddealersmeds.com\/it\/prodotti\/"},{"@type":"ListItem","position":3,"name":"Acquista Purple Queen online"}]},{"@type":"WebSite","@id":"https:\/\/gooddealersmeds.com\/it\/#website","url":"https:\/\/gooddealersmeds.com\/it\/","name":"Good Dealers Meds","description":"All our best","publisher":{"@id":"https:\/\/gooddealersmeds.com\/it\/#organization"},"potentialAction":[{"@type":"SearchAction","target":{"@type":"EntryPoint","urlTemplate":"https:\/\/gooddealersmeds.com\/it\/?s={search_term_string}"},"query-input":{"@type":"PropertyValueSpecification","valueRequired":true,"valueName":"search_term_string"}}],"inLanguage":"en-US"},{"@type":"Organization","@id":"https:\/\/gooddealersmeds.com\/it\/#organization","name":"Good Dealers Meds","url":"https:\/\/gooddealersmeds.com\/it\/","logo":{"@type":"ImageObject","inLanguage":"en-US","@id":"https:\/\/gooddealersmeds.com\/it\/#\/schema\/logo\/image\/","url":"https:\/\/gooddealersmeds.com\/it\/wp-content\/uploads\/sites\/7\/2022\/03\/gooddealersmeds__logo__20220317T222800Z.00.png","contentUrl":"https:\/\/gooddealersmeds.com\/it\/wp-content\/uploads\/sites\/7\/2022\/03\/gooddealersmeds__logo__20220317T222800Z.00.png","width":500,"height":325,"caption":"Good Dealers Meds"},"image":{"@id":"https:\/\/gooddealersmeds.com\/it\/#\/schema\/logo\/image\/"}}]}},"_links":{"self":[{"href":"https:\/\/gooddealersmeds.com\/it\/wp-json\/wp\/v2\/product\/1875","targetHints":{"allow":["GET"]}}],"collection":[{"href":"https:\/\/gooddealersmeds.com\/it\/wp-json\/wp\/v2\/product"}],"about":[{"href":"https:\/\/gooddealersmeds.com\/it\/wp-json\/wp\/v2\/types\/product"}],"replies":[{"embeddable":true,"href":"https:\/\/gooddealersmeds.com\/it\/wp-json\/wp\/v2\/comments?post=1875"}],"wp:featuredmedia":[{"embeddable":true,"href":"https:\/\/gooddealersmeds.com\/it\/wp-json\/wp\/v2\/media\/1876"}],"wp:attachment":[{"href":"https:\/\/gooddealersmeds.com\/it\/wp-json\/wp\/v2\/media?parent=1875"}],"wp:term":[{"taxonomy":"product_brand","embeddable":true,"href":"https:\/\/gooddealersmeds.com\/it\/wp-json\/wp\/v2\/product_brand?post=1875"},{"taxonomy":"product_cat","embeddable":true,"href":"https:\/\/gooddealersmeds.com\/it\/wp-json\/wp\/v2\/product_cat?post=1875"},{"taxonomy":"product_tag","embeddable":true,"href":"https:\/\/gooddealersmeds.com\/it\/wp-json\/wp\/v2\/product_tag?post=1875"}],"curies":[{"name":"wp","href":"https:\/\/api.w.org\/{rel}","templated":true}]}}