{"id":1873,"date":"2022-06-30T00:09:17","date_gmt":"2022-06-30T00:09:17","guid":{"rendered":"https:\/\/gooddealersmeds.com\/it\/?post_type=product&#038;p=1873"},"modified":"2022-10-28T21:35:06","modified_gmt":"2022-10-28T21:35:06","slug":"compra-hulkberry-online","status":"publish","type":"product","link":"https:\/\/gooddealersmeds.com\/it\/product\/compra-hulkberry-online\/","title":{"rendered":"Acquista Hulkberry in linea"},"content":{"rendered":"<p>Acquista Hulkberry in linea dal nostro negozio. Questa signora \u00e8 la progenie di due ceppi molto apprezzati. La OG Kush e la Strawberry Diesel si sono fuse nelle montagne del Colorado per creare questa potente variet\u00e0 umida. Il risultato finale \u00e8 una sana dose di sapori sciropposi e fruttati. \u00c8 stato scoperto che gli esemplari di HulkBerry contengono il 28% di THC. Sebbene fossero vendute solo in Colorado, sono state femminizzate e ora sono vendute in tutto il mondo.<\/p>\n<p>Le foglie di questa variet\u00e0 sono complesse, viola scuro e marrone. Contrasta magnificamente con la rigogliosa vivacit\u00e0 delle cime. Le cime non sono solo lussureggianti; c&#8217;\u00e8 anche una rete di peli rosso scuro che sono quasi marroni e arancioni che attraversano le cime.<\/p>\n<p>HulkBerry \u00e8 la variet\u00e0 pi\u00f9 recente emersa dalla ricerca di variet\u00e0 ad alta potenza. Improvvisamente e inaspettatamente offre un cervello travolgente. Ti mette in uno stato psicoattivo. Alcuni consumatori potrebbero trovarla spaventosa. Acquista Hulkberry in linea<\/p>\n<p>Sebbene questa variet\u00e0 produca uno sballo intenso, ha anche una serie di benefici medicinali. La sua potenza combatte lo stress, la depressione e la paura. Gli utenti possono assumere piccole dosi fino a quando non sono in grado di gestire la loro depressione. Altri riferiscono che il ceppo aumenta il loro appetito. I suoi munchies sono ideali per le persone che soffrono di nausea.<\/p>\n<p>I semi femminizzati HulkBerry sono una delle variet\u00e0 di marijuana medica pi\u00f9 popolari oggi sul mercato. Questi semi sono noti per le loro potenti propriet\u00e0 medicinali, che includono sollievo dal dolore, sollievo dall&#8217;ansia, depressione e perdita di appetito. Sono anche noti per avere un alto contenuto di THC, che li rende una scelta popolare tra i pazienti con marijuana medica.<\/p>\n<p>Oltre alle loro propriet\u00e0 medicinali, i semi sono anche noti per il loro sapore e aroma distinti. Il sapore e l&#8217;aroma sono spesso descritti come terrosi e agrumati. I semi sono popolari sia tra i pazienti di marijuana medica che tra i consumatori di marijuana ricreativa.<\/p>\n<p>Forniamo hulkberry di qualit\u00e0, acquista hulkberry online dal nostro <a href=\"https:\/\/gooddealersmeds.com\/it\/products\/\"> negozio<\/a>. Il nostro negozio online offre inoltre ai pazienti le risorse di cui hanno bisogno per gestire l&#8217;ADHD e sentirsi pi\u00f9 in controllo della propria vita.<\/p>\n","protected":false},"excerpt":{"rendered":"<p>HulkBerry \u00e8 l&#8217;alter ego de L&#8217;incredibile Hulk. Questo supereroe sinsemilla \u00e8 qui per salvare la scorta di testa. Da qualche parte nelle Montagne Rocciose del Colorado, le forze umide di OG Kush e Strawberry Diesel si sono scontrate. Ora, l&#8217;onda d&#8217;urto del THC si sta diffondendo in tutta Europa.<\/p>\n","protected":false},"featured_media":1874,"comment_status":"open","ping_status":"closed","template":"","meta":{"inline_featured_image":false},"product_brand":[],"product_cat":[348],"product_tag":[374,436,435,445,439,440,437,438,367,449,448,434,446,420,415,376,442,411,441,444,443,447],"class_list":{"0":"post-1873","1":"product","2":"type-product","3":"status-publish","4":"has-post-thumbnail","6":"product_cat-marijuana","7":"product_tag-comprare-a-buon-mercato-erba-on-line","8":"product_tag-compra-erba-per-mail","9":"product_tag-comprare-ganja-online","10":"product_tag-qualit-cannbis-online","11":"product_tag-cannbis-for-you","12":"product_tag-come-ordinare-erba-on-line","13":"product_tag-compra-erba-vicino-a-me","14":"product_tag-comprare-erba-on-line","15":"product_tag-dove-comprare-erba-in-uk","16":"product_tag-dove-prendere-marijuana-a-londra","17":"product_tag-dove-comprare-marijuana","18":"product_tag-amsterdam-erbaccia","19":"product_tag-qualit-erba-online","20":"product_tag-erba-in-vendita","21":"product_tag-fornitore-di-marijuana","22":"product_tag-ganja-for-sale","23":"product_tag-marijuana-in-linea","24":"product_tag-marijuana-in-vendita","25":"product_tag-kush-negozio-online","26":"product_tag-order-weed-online","27":"product_tag-ordina-ganja-qui","28":"product_tag-thc","30":"first","31":"instock","32":"shipping-taxable","33":"purchasable","34":"product-type-simple"},"yoast_head":"<!-- This site is optimized with the Yoast SEO Premium plugin v20.6 (Yoast SEO v27.3) - https:\/\/yoast.com\/product\/yoast-seo-premium-wordpress\/ -->\n<title>Acquista Hulkberry in linea | Comprare Cannabis di Qualit\u00e0 | Kush qui<\/title>\n<meta name=\"description\" content=\"Acquista Hulkberry in linea, forniamo erba di buona qualit\u00e0 a prezzi convenienti acquista qui e ottieni ceppi di grado A +. Spediamo in tutta Europa.\" \/>\n<meta name=\"robots\" content=\"index, follow, max-snippet:-1, max-image-preview:large, max-video-preview:-1\" \/>\n<link rel=\"canonical\" href=\"https:\/\/gooddealersmeds.com\/it\/product\/compra-hulkberry-online\/\" \/>\n<meta property=\"og:locale\" content=\"en_US\" \/>\n<meta property=\"og:type\" content=\"article\" \/>\n<meta property=\"og:title\" content=\"Acquista Hulkberry in linea\" \/>\n<meta property=\"og:description\" content=\"Acquista Hulkberry in linea, forniamo erba di buona qualit\u00e0 a prezzi convenienti acquista qui e ottieni ceppi di grado A +. Spediamo in tutta Europa.\" \/>\n<meta property=\"og:url\" content=\"https:\/\/gooddealersmeds.com\/it\/product\/compra-hulkberry-online\/\" \/>\n<meta property=\"og:site_name\" content=\"Good Dealers Meds\" \/>\n<meta property=\"article:modified_time\" content=\"2022-10-28T21:35:06+00:00\" \/>\n<meta property=\"og:image\" content=\"https:\/\/gooddealersmeds.com\/it\/wp-content\/uploads\/sites\/7\/2022\/06\/HULKBERRY.jpg\" \/>\n\t<meta property=\"og:image:width\" content=\"600\" \/>\n\t<meta property=\"og:image:height\" content=\"600\" \/>\n\t<meta property=\"og:image:type\" content=\"image\/jpeg\" \/>\n<meta name=\"twitter:card\" content=\"summary_large_image\" \/>\n<meta name=\"twitter:label1\" content=\"Est. reading time\" \/>\n\t<meta name=\"twitter:data1\" content=\"2 minutes\" \/>\n<script type=\"application\/ld+json\" class=\"yoast-schema-graph\">{\"@context\":\"https:\\\/\\\/schema.org\",\"@graph\":[{\"@type\":\"WebPage\",\"@id\":\"https:\\\/\\\/gooddealersmeds.com\\\/it\\\/product\\\/compra-hulkberry-online\\\/\",\"url\":\"https:\\\/\\\/gooddealersmeds.com\\\/it\\\/product\\\/compra-hulkberry-online\\\/\",\"name\":\"Acquista Hulkberry in linea | Comprare Cannabis di Qualit\u00e0 | Kush qui\",\"isPartOf\":{\"@id\":\"https:\\\/\\\/gooddealersmeds.com\\\/it\\\/#website\"},\"primaryImageOfPage\":{\"@id\":\"https:\\\/\\\/gooddealersmeds.com\\\/it\\\/product\\\/compra-hulkberry-online\\\/#primaryimage\"},\"image\":{\"@id\":\"https:\\\/\\\/gooddealersmeds.com\\\/it\\\/product\\\/compra-hulkberry-online\\\/#primaryimage\"},\"thumbnailUrl\":\"https:\\\/\\\/gooddealersmeds.com\\\/it\\\/wp-content\\\/uploads\\\/sites\\\/7\\\/2022\\\/06\\\/HULKBERRY.jpg\",\"datePublished\":\"2022-06-30T00:09:17+00:00\",\"dateModified\":\"2022-10-28T21:35:06+00:00\",\"description\":\"Acquista Hulkberry in linea, forniamo erba di buona qualit\u00e0 a prezzi convenienti acquista qui e ottieni ceppi di grado A +. Spediamo in tutta Europa.\",\"breadcrumb\":{\"@id\":\"https:\\\/\\\/gooddealersmeds.com\\\/it\\\/product\\\/compra-hulkberry-online\\\/#breadcrumb\"},\"inLanguage\":\"en-US\",\"potentialAction\":[{\"@type\":\"ReadAction\",\"target\":[\"https:\\\/\\\/gooddealersmeds.com\\\/it\\\/product\\\/compra-hulkberry-online\\\/\"]}]},{\"@type\":\"ImageObject\",\"inLanguage\":\"en-US\",\"@id\":\"https:\\\/\\\/gooddealersmeds.com\\\/it\\\/product\\\/compra-hulkberry-online\\\/#primaryimage\",\"url\":\"https:\\\/\\\/gooddealersmeds.com\\\/it\\\/wp-content\\\/uploads\\\/sites\\\/7\\\/2022\\\/06\\\/HULKBERRY.jpg\",\"contentUrl\":\"https:\\\/\\\/gooddealersmeds.com\\\/it\\\/wp-content\\\/uploads\\\/sites\\\/7\\\/2022\\\/06\\\/HULKBERRY.jpg\",\"width\":600,\"height\":600,\"caption\":\"Buy Hulkberry Online\"},{\"@type\":\"BreadcrumbList\",\"@id\":\"https:\\\/\\\/gooddealersmeds.com\\\/it\\\/product\\\/compra-hulkberry-online\\\/#breadcrumb\",\"itemListElement\":[{\"@type\":\"ListItem\",\"position\":1,\"name\":\"Home\",\"item\":\"https:\\\/\\\/gooddealersmeds.com\\\/it\\\/\"},{\"@type\":\"ListItem\",\"position\":2,\"name\":\"Prodotti\",\"item\":\"https:\\\/\\\/gooddealersmeds.com\\\/it\\\/prodotti\\\/\"},{\"@type\":\"ListItem\",\"position\":3,\"name\":\"Acquista Hulkberry in linea\"}]},{\"@type\":\"WebSite\",\"@id\":\"https:\\\/\\\/gooddealersmeds.com\\\/it\\\/#website\",\"url\":\"https:\\\/\\\/gooddealersmeds.com\\\/it\\\/\",\"name\":\"Good Dealers Meds\",\"description\":\"All our best\",\"publisher\":{\"@id\":\"https:\\\/\\\/gooddealersmeds.com\\\/it\\\/#organization\"},\"potentialAction\":[{\"@type\":\"SearchAction\",\"target\":{\"@type\":\"EntryPoint\",\"urlTemplate\":\"https:\\\/\\\/gooddealersmeds.com\\\/it\\\/?s={search_term_string}\"},\"query-input\":{\"@type\":\"PropertyValueSpecification\",\"valueRequired\":true,\"valueName\":\"search_term_string\"}}],\"inLanguage\":\"en-US\"},{\"@type\":\"Organization\",\"@id\":\"https:\\\/\\\/gooddealersmeds.com\\\/it\\\/#organization\",\"name\":\"Good Dealers Meds\",\"url\":\"https:\\\/\\\/gooddealersmeds.com\\\/it\\\/\",\"logo\":{\"@type\":\"ImageObject\",\"inLanguage\":\"en-US\",\"@id\":\"https:\\\/\\\/gooddealersmeds.com\\\/it\\\/#\\\/schema\\\/logo\\\/image\\\/\",\"url\":\"https:\\\/\\\/gooddealersmeds.com\\\/it\\\/wp-content\\\/uploads\\\/sites\\\/7\\\/2022\\\/03\\\/gooddealersmeds__logo__20220317T222800Z.00.png\",\"contentUrl\":\"https:\\\/\\\/gooddealersmeds.com\\\/it\\\/wp-content\\\/uploads\\\/sites\\\/7\\\/2022\\\/03\\\/gooddealersmeds__logo__20220317T222800Z.00.png\",\"width\":500,\"height\":325,\"caption\":\"Good Dealers Meds\"},\"image\":{\"@id\":\"https:\\\/\\\/gooddealersmeds.com\\\/it\\\/#\\\/schema\\\/logo\\\/image\\\/\"}}]}<\/script>\n<!-- \/ Yoast SEO Premium plugin. -->","yoast_head_json":{"title":"Acquista Hulkberry in linea | Comprare Cannabis di Qualit\u00e0 | Kush qui","description":"Acquista Hulkberry in linea, forniamo erba di buona qualit\u00e0 a prezzi convenienti acquista qui e ottieni ceppi di grado A +. Spediamo in tutta Europa.","robots":{"index":"index","follow":"follow","max-snippet":"max-snippet:-1","max-image-preview":"max-image-preview:large","max-video-preview":"max-video-preview:-1"},"canonical":"https:\/\/gooddealersmeds.com\/it\/product\/compra-hulkberry-online\/","og_locale":"en_US","og_type":"article","og_title":"Acquista Hulkberry in linea","og_description":"Acquista Hulkberry in linea, forniamo erba di buona qualit\u00e0 a prezzi convenienti acquista qui e ottieni ceppi di grado A +. Spediamo in tutta Europa.","og_url":"https:\/\/gooddealersmeds.com\/it\/product\/compra-hulkberry-online\/","og_site_name":"Good Dealers Meds","article_modified_time":"2022-10-28T21:35:06+00:00","og_image":[{"width":600,"height":600,"url":"https:\/\/gooddealersmeds.com\/it\/wp-content\/uploads\/sites\/7\/2022\/06\/HULKBERRY.jpg","type":"image\/jpeg"}],"twitter_card":"summary_large_image","twitter_misc":{"Est. reading time":"2 minutes"},"schema":{"@context":"https:\/\/schema.org","@graph":[{"@type":"WebPage","@id":"https:\/\/gooddealersmeds.com\/it\/product\/compra-hulkberry-online\/","url":"https:\/\/gooddealersmeds.com\/it\/product\/compra-hulkberry-online\/","name":"Acquista Hulkberry in linea | Comprare Cannabis di Qualit\u00e0 | Kush qui","isPartOf":{"@id":"https:\/\/gooddealersmeds.com\/it\/#website"},"primaryImageOfPage":{"@id":"https:\/\/gooddealersmeds.com\/it\/product\/compra-hulkberry-online\/#primaryimage"},"image":{"@id":"https:\/\/gooddealersmeds.com\/it\/product\/compra-hulkberry-online\/#primaryimage"},"thumbnailUrl":"https:\/\/gooddealersmeds.com\/it\/wp-content\/uploads\/sites\/7\/2022\/06\/HULKBERRY.jpg","datePublished":"2022-06-30T00:09:17+00:00","dateModified":"2022-10-28T21:35:06+00:00","description":"Acquista Hulkberry in linea, forniamo erba di buona qualit\u00e0 a prezzi convenienti acquista qui e ottieni ceppi di grado A +. Spediamo in tutta Europa.","breadcrumb":{"@id":"https:\/\/gooddealersmeds.com\/it\/product\/compra-hulkberry-online\/#breadcrumb"},"inLanguage":"en-US","potentialAction":[{"@type":"ReadAction","target":["https:\/\/gooddealersmeds.com\/it\/product\/compra-hulkberry-online\/"]}]},{"@type":"ImageObject","inLanguage":"en-US","@id":"https:\/\/gooddealersmeds.com\/it\/product\/compra-hulkberry-online\/#primaryimage","url":"https:\/\/gooddealersmeds.com\/it\/wp-content\/uploads\/sites\/7\/2022\/06\/HULKBERRY.jpg","contentUrl":"https:\/\/gooddealersmeds.com\/it\/wp-content\/uploads\/sites\/7\/2022\/06\/HULKBERRY.jpg","width":600,"height":600,"caption":"Buy Hulkberry Online"},{"@type":"BreadcrumbList","@id":"https:\/\/gooddealersmeds.com\/it\/product\/compra-hulkberry-online\/#breadcrumb","itemListElement":[{"@type":"ListItem","position":1,"name":"Home","item":"https:\/\/gooddealersmeds.com\/it\/"},{"@type":"ListItem","position":2,"name":"Prodotti","item":"https:\/\/gooddealersmeds.com\/it\/prodotti\/"},{"@type":"ListItem","position":3,"name":"Acquista Hulkberry in linea"}]},{"@type":"WebSite","@id":"https:\/\/gooddealersmeds.com\/it\/#website","url":"https:\/\/gooddealersmeds.com\/it\/","name":"Good Dealers Meds","description":"All our best","publisher":{"@id":"https:\/\/gooddealersmeds.com\/it\/#organization"},"potentialAction":[{"@type":"SearchAction","target":{"@type":"EntryPoint","urlTemplate":"https:\/\/gooddealersmeds.com\/it\/?s={search_term_string}"},"query-input":{"@type":"PropertyValueSpecification","valueRequired":true,"valueName":"search_term_string"}}],"inLanguage":"en-US"},{"@type":"Organization","@id":"https:\/\/gooddealersmeds.com\/it\/#organization","name":"Good Dealers Meds","url":"https:\/\/gooddealersmeds.com\/it\/","logo":{"@type":"ImageObject","inLanguage":"en-US","@id":"https:\/\/gooddealersmeds.com\/it\/#\/schema\/logo\/image\/","url":"https:\/\/gooddealersmeds.com\/it\/wp-content\/uploads\/sites\/7\/2022\/03\/gooddealersmeds__logo__20220317T222800Z.00.png","contentUrl":"https:\/\/gooddealersmeds.com\/it\/wp-content\/uploads\/sites\/7\/2022\/03\/gooddealersmeds__logo__20220317T222800Z.00.png","width":500,"height":325,"caption":"Good Dealers Meds"},"image":{"@id":"https:\/\/gooddealersmeds.com\/it\/#\/schema\/logo\/image\/"}}]}},"_links":{"self":[{"href":"https:\/\/gooddealersmeds.com\/it\/wp-json\/wp\/v2\/product\/1873","targetHints":{"allow":["GET"]}}],"collection":[{"href":"https:\/\/gooddealersmeds.com\/it\/wp-json\/wp\/v2\/product"}],"about":[{"href":"https:\/\/gooddealersmeds.com\/it\/wp-json\/wp\/v2\/types\/product"}],"replies":[{"embeddable":true,"href":"https:\/\/gooddealersmeds.com\/it\/wp-json\/wp\/v2\/comments?post=1873"}],"wp:featuredmedia":[{"embeddable":true,"href":"https:\/\/gooddealersmeds.com\/it\/wp-json\/wp\/v2\/media\/1874"}],"wp:attachment":[{"href":"https:\/\/gooddealersmeds.com\/it\/wp-json\/wp\/v2\/media?parent=1873"}],"wp:term":[{"taxonomy":"product_brand","embeddable":true,"href":"https:\/\/gooddealersmeds.com\/it\/wp-json\/wp\/v2\/product_brand?post=1873"},{"taxonomy":"product_cat","embeddable":true,"href":"https:\/\/gooddealersmeds.com\/it\/wp-json\/wp\/v2\/product_cat?post=1873"},{"taxonomy":"product_tag","embeddable":true,"href":"https:\/\/gooddealersmeds.com\/it\/wp-json\/wp\/v2\/product_tag?post=1873"}],"curies":[{"name":"wp","href":"https:\/\/api.w.org\/{rel}","templated":true}]}}