{"id":1871,"date":"2022-06-30T00:04:45","date_gmt":"2022-06-30T00:04:45","guid":{"rendered":"https:\/\/gooddealersmeds.com\/it\/?post_type=product&#038;p=1871"},"modified":"2022-12-30T21:58:51","modified_gmt":"2022-12-30T21:58:51","slug":"banana-grassa","status":"publish","type":"product","link":"https:\/\/gooddealersmeds.com\/it\/product\/banana-grassa\/","title":{"rendered":"Ordina online la Fat Banana Kush"},"content":{"rendered":"<h2>Acquista la variet\u00e0 di erbaccia Fat Banana online di alta qualit\u00e0<\/h2>\n<p>La variet\u00e0 Fat Banana Weed \u00e8 una variet\u00e0 famosa per le sue caratteristiche a predominanza Indica. Fat Banana For Sale, \u00e8 nota per essere estremamente rilassante ed edificante, il che la rende perfetta per coloro che vogliono rilassarsi dopo una lunga giornata di lavoro o di scuola. La variet\u00e0 ha anche un odore dolce, che lo rende facile da identificare quando si cerca la marijuana giusta in un dispensario.<\/p>\n<p>La variet\u00e0 Fat Banana Weed, nota anche come Banana OG, \u00e8 una potente variet\u00e0 ibrida di cannabis che \u00e8 noto per il suo aroma e gusto fruttati e dolci. Descritto come dal sapore di banana e gomma da masticare, \u00e8 perfetto per trattare l&#8217;ansia e la depressione. Descritto come dal sapore di banana e gomma da masticare, \u00e8 perfetto per il trattamento di ansia e depressione.<\/p>\n<p>La variet\u00e0 Fat Banana Weed ha vinto numerosi premi per la sua efficacia medica e la sua capacit\u00e0 di aiutare gli utenti a rilassarsi. Pu\u00f2 anche essere utilizzato per ridurre lo stress e aumentare la concentrazione per migliorare la produttivit\u00e0 al lavoro o a scuola.<\/p>\n<p>&nbsp;<\/p>\n<p><strong>Perch\u00e9 ordinare online una variet\u00e0 Fat Banana Weed?<\/strong><\/p>\n<p>&nbsp;<\/p>\n<p><a href=\"https:\/\/www.leafly.com\/strains\/fat-banana\">La variet\u00e0 Fat Banana Weed<\/a> \u00e8 una delle migliori variet\u00e0 da acquistare online perch\u00e9 \u00e8 facile da trovare e non c&#8217;\u00e8 bisogno di preoccuparsi di essere derubati da un commerciante che vende erba falsa. In effetti, se acquisti da un rivenditore rispettabile, ti invieranno persino il prodotto direttamente a casa tua. Per quanto amiamo acquistare noi stessi dai dispensari, a volte hai bisogno di qualcosa di veloce e conveniente quando stai finendo il tempo o semplicemente non hai tempo per andare in giro alla ricerca di qualcosa di specifico. Se suona come te, allora la variet\u00e0 Fat Banana Weed potrebbe essere proprio ci\u00f2 di cui hai bisogno!<\/p>\n<p>&nbsp;<\/p>\n<h3>I Posti Migliori Per Acquistare Online La Variet\u00e0 Di Erba Fat Banana<\/h3>\n<p>Poich\u00e9 questa variet\u00e0 \u00e8 cos\u00ec popolare, ci sono molti modi per <a href=\"https:\/\/gooddealersmeds.com\/it\/product\/fat-banana\/\">acquistare online la variet\u00e0 Fat Banana Weed senza essere truffati dai rivenditori che cercano di venderti prodotti scadenti<\/a>. Good Dealers Meds \u00e8 il posto migliore per acquistare online la variet\u00e0 Fat Banana Weed.<\/p>\n","protected":false},"excerpt":{"rendered":"<p>Fat Banana \u00e8 il prodotto di un processo di sviluppo di ceppi super selettivo che mirava a ibridare gli esemplari di Banana OG pi\u00f9 grandi e grassi. Ora RQS pu\u00f2 offrirti il \u200b\u200bmeglio del gruppo. La banana grassa ha un sapore eccezionale e contiene una notevole quantit\u00e0 di cannabinoidi.<\/p>\n","protected":false},"featured_media":1872,"comment_status":"open","ping_status":"closed","template":"","meta":{"inline_featured_image":false},"product_brand":[],"product_cat":[348],"product_tag":[396,418,397,416,401,406,402,398,432,433,431,407,420,421,422,409,429,415,404,405,408,410,412,413,411,428,414,417,424,425,399,403,400,427,426,423,430,419],"class_list":{"0":"post-1871","1":"product","2":"type-product","3":"status-publish","4":"has-post-thumbnail","6":"product_cat-marijuana","7":"product_tag-100-erbacce-in-vendita","8":"product_tag-acquisto-marijuana-online","9":"product_tag-benefici-del-fumo-marijuana","10":"product_tag-benefici-medici-della-marijuana","11":"product_tag-benefici-per-la-salute-della-marijuana","12":"product_tag-come-ottenere-erba-on-line","13":"product_tag-come-posso-ordinare-la-marijuana","14":"product_tag-compra-erba-on-line","15":"product_tag-dove-comprare-erba-a-buon-mercato","16":"product_tag-dove-ordinare-erba","17":"product_tag-dove-posso-prendere-erba","18":"product_tag--erba-legale","19":"product_tag-erba-in-vendita","20":"product_tag-erba-in-vendita-in-inghilterra","21":"product_tag-erba-in-vendita-uk","22":"product_tag-legale-erba-in-vendita","23":"product_tag-fornitore-di-erbacce","24":"product_tag-fornitore-di-marijuana","25":"product_tag-how-to-acquire-marijuana","26":"product_tag-how-to-acquire-weed","27":"product_tag-kush-in-vendita","28":"product_tag-legal-weedfor-sale","29":"product_tag-marijuana-for-sale-uk","30":"product_tag-marijuana-health-benefits","31":"product_tag-marijuana-in-vendita","32":"product_tag-negozio-di-erbacce","33":"product_tag-negozio-di-marijuana","34":"product_tag-ordering-weed-online","35":"product_tag-piante-infestanti-in-vendita","36":"product_tag-piante-infestanti-in-vendita-uk","37":"product_tag-posso-comprare-erba","38":"product_tag-quanto--marijuana","39":"product_tag-erbaccia-a-buon-mercato-in-vendita","40":"product_tag-vendita-erbaccia-uk","41":"product_tag-resina-per-erbacce-in-vendita","42":"product_tag-tende-per-la-crescita-di-erba-in-vendita","43":"product_tag-vaporizzatore-per-erbacce-in-vendita","44":"product_tag-voglio-comprare-marijuana","46":"first","47":"instock","48":"shipping-taxable","49":"purchasable","50":"product-type-simple"},"yoast_head":"<!-- This site is optimized with the Yoast SEO Premium plugin v20.6 (Yoast SEO v27.4) - https:\/\/yoast.com\/product\/yoast-seo-premium-wordpress\/ -->\n<title>Ordina Fat Banana Kush - Ordina Cannabis Online | Marijuana in vendita<\/title>\n<meta name=\"description\" content=\"Ordina Fat Banana Kush \u00e8 una variet\u00e0 di marijuana ibrida ottenuta incrociando OG Kush con Chiquita Banana. Acquistalo dal nostro negozio di Cannabis online.\" \/>\n<meta name=\"robots\" content=\"index, follow, max-snippet:-1, max-image-preview:large, max-video-preview:-1\" \/>\n<link rel=\"canonical\" href=\"https:\/\/gooddealersmeds.com\/it\/product\/banana-grassa\/\" \/>\n<meta property=\"og:locale\" content=\"en_US\" \/>\n<meta property=\"og:type\" content=\"article\" \/>\n<meta property=\"og:title\" content=\"Ordina online la Fat Banana Kush\" \/>\n<meta property=\"og:description\" content=\"Ordina Fat Banana Kush \u00e8 una variet\u00e0 di marijuana ibrida ottenuta incrociando OG Kush con Chiquita Banana. Acquistalo dal nostro negozio di Cannabis online.\" \/>\n<meta property=\"og:url\" content=\"https:\/\/gooddealersmeds.com\/it\/product\/banana-grassa\/\" \/>\n<meta property=\"og:site_name\" content=\"Good Dealers Meds\" \/>\n<meta property=\"article:modified_time\" content=\"2022-12-30T21:58:51+00:00\" \/>\n<meta property=\"og:image\" content=\"https:\/\/gooddealersmeds.com\/it\/wp-content\/uploads\/sites\/7\/2022\/06\/FAT-BANANA.jpg\" \/>\n\t<meta property=\"og:image:width\" content=\"600\" \/>\n\t<meta property=\"og:image:height\" content=\"600\" \/>\n\t<meta property=\"og:image:type\" content=\"image\/jpeg\" \/>\n<meta name=\"twitter:card\" content=\"summary_large_image\" \/>\n<meta name=\"twitter:label1\" content=\"Est. reading time\" \/>\n\t<meta name=\"twitter:data1\" content=\"2 minutes\" \/>\n<script type=\"application\/ld+json\" class=\"yoast-schema-graph\">{\"@context\":\"https:\\\/\\\/schema.org\",\"@graph\":[{\"@type\":\"WebPage\",\"@id\":\"https:\\\/\\\/gooddealersmeds.com\\\/it\\\/product\\\/banana-grassa\\\/\",\"url\":\"https:\\\/\\\/gooddealersmeds.com\\\/it\\\/product\\\/banana-grassa\\\/\",\"name\":\"Ordina Fat Banana Kush - Ordina Cannabis Online | Marijuana in vendita\",\"isPartOf\":{\"@id\":\"https:\\\/\\\/gooddealersmeds.com\\\/it\\\/#website\"},\"primaryImageOfPage\":{\"@id\":\"https:\\\/\\\/gooddealersmeds.com\\\/it\\\/product\\\/banana-grassa\\\/#primaryimage\"},\"image\":{\"@id\":\"https:\\\/\\\/gooddealersmeds.com\\\/it\\\/product\\\/banana-grassa\\\/#primaryimage\"},\"thumbnailUrl\":\"https:\\\/\\\/gooddealersmeds.com\\\/it\\\/wp-content\\\/uploads\\\/sites\\\/7\\\/2022\\\/06\\\/FAT-BANANA.jpg\",\"datePublished\":\"2022-06-30T00:04:45+00:00\",\"dateModified\":\"2022-12-30T21:58:51+00:00\",\"description\":\"Ordina Fat Banana Kush \u00e8 una variet\u00e0 di marijuana ibrida ottenuta incrociando OG Kush con Chiquita Banana. Acquistalo dal nostro negozio di Cannabis online.\",\"breadcrumb\":{\"@id\":\"https:\\\/\\\/gooddealersmeds.com\\\/it\\\/product\\\/banana-grassa\\\/#breadcrumb\"},\"inLanguage\":\"en-US\",\"potentialAction\":[{\"@type\":\"ReadAction\",\"target\":[\"https:\\\/\\\/gooddealersmeds.com\\\/it\\\/product\\\/banana-grassa\\\/\"]}]},{\"@type\":\"ImageObject\",\"inLanguage\":\"en-US\",\"@id\":\"https:\\\/\\\/gooddealersmeds.com\\\/it\\\/product\\\/banana-grassa\\\/#primaryimage\",\"url\":\"https:\\\/\\\/gooddealersmeds.com\\\/it\\\/wp-content\\\/uploads\\\/sites\\\/7\\\/2022\\\/06\\\/FAT-BANANA.jpg\",\"contentUrl\":\"https:\\\/\\\/gooddealersmeds.com\\\/it\\\/wp-content\\\/uploads\\\/sites\\\/7\\\/2022\\\/06\\\/FAT-BANANA.jpg\",\"width\":600,\"height\":600,\"caption\":\"Buy Fat Banana Online\"},{\"@type\":\"BreadcrumbList\",\"@id\":\"https:\\\/\\\/gooddealersmeds.com\\\/it\\\/product\\\/banana-grassa\\\/#breadcrumb\",\"itemListElement\":[{\"@type\":\"ListItem\",\"position\":1,\"name\":\"Home\",\"item\":\"https:\\\/\\\/gooddealersmeds.com\\\/it\\\/\"},{\"@type\":\"ListItem\",\"position\":2,\"name\":\"Prodotti\",\"item\":\"https:\\\/\\\/gooddealersmeds.com\\\/it\\\/prodotti\\\/\"},{\"@type\":\"ListItem\",\"position\":3,\"name\":\"Ordina online la Fat Banana Kush\"}]},{\"@type\":\"WebSite\",\"@id\":\"https:\\\/\\\/gooddealersmeds.com\\\/it\\\/#website\",\"url\":\"https:\\\/\\\/gooddealersmeds.com\\\/it\\\/\",\"name\":\"Good Dealers Meds\",\"description\":\"All our best\",\"publisher\":{\"@id\":\"https:\\\/\\\/gooddealersmeds.com\\\/it\\\/#organization\"},\"potentialAction\":[{\"@type\":\"SearchAction\",\"target\":{\"@type\":\"EntryPoint\",\"urlTemplate\":\"https:\\\/\\\/gooddealersmeds.com\\\/it\\\/?s={search_term_string}\"},\"query-input\":{\"@type\":\"PropertyValueSpecification\",\"valueRequired\":true,\"valueName\":\"search_term_string\"}}],\"inLanguage\":\"en-US\"},{\"@type\":\"Organization\",\"@id\":\"https:\\\/\\\/gooddealersmeds.com\\\/it\\\/#organization\",\"name\":\"Good Dealers Meds\",\"url\":\"https:\\\/\\\/gooddealersmeds.com\\\/it\\\/\",\"logo\":{\"@type\":\"ImageObject\",\"inLanguage\":\"en-US\",\"@id\":\"https:\\\/\\\/gooddealersmeds.com\\\/it\\\/#\\\/schema\\\/logo\\\/image\\\/\",\"url\":\"https:\\\/\\\/gooddealersmeds.com\\\/it\\\/wp-content\\\/uploads\\\/sites\\\/7\\\/2022\\\/03\\\/gooddealersmeds__logo__20220317T222800Z.00.png\",\"contentUrl\":\"https:\\\/\\\/gooddealersmeds.com\\\/it\\\/wp-content\\\/uploads\\\/sites\\\/7\\\/2022\\\/03\\\/gooddealersmeds__logo__20220317T222800Z.00.png\",\"width\":500,\"height\":325,\"caption\":\"Good Dealers Meds\"},\"image\":{\"@id\":\"https:\\\/\\\/gooddealersmeds.com\\\/it\\\/#\\\/schema\\\/logo\\\/image\\\/\"}}]}<\/script>\n<!-- \/ Yoast SEO Premium plugin. -->","yoast_head_json":{"title":"Ordina Fat Banana Kush - Ordina Cannabis Online | Marijuana in vendita","description":"Ordina Fat Banana Kush \u00e8 una variet\u00e0 di marijuana ibrida ottenuta incrociando OG Kush con Chiquita Banana. Acquistalo dal nostro negozio di Cannabis online.","robots":{"index":"index","follow":"follow","max-snippet":"max-snippet:-1","max-image-preview":"max-image-preview:large","max-video-preview":"max-video-preview:-1"},"canonical":"https:\/\/gooddealersmeds.com\/it\/product\/banana-grassa\/","og_locale":"en_US","og_type":"article","og_title":"Ordina online la Fat Banana Kush","og_description":"Ordina Fat Banana Kush \u00e8 una variet\u00e0 di marijuana ibrida ottenuta incrociando OG Kush con Chiquita Banana. Acquistalo dal nostro negozio di Cannabis online.","og_url":"https:\/\/gooddealersmeds.com\/it\/product\/banana-grassa\/","og_site_name":"Good Dealers Meds","article_modified_time":"2022-12-30T21:58:51+00:00","og_image":[{"width":600,"height":600,"url":"https:\/\/gooddealersmeds.com\/it\/wp-content\/uploads\/sites\/7\/2022\/06\/FAT-BANANA.jpg","type":"image\/jpeg"}],"twitter_card":"summary_large_image","twitter_misc":{"Est. reading time":"2 minutes"},"schema":{"@context":"https:\/\/schema.org","@graph":[{"@type":"WebPage","@id":"https:\/\/gooddealersmeds.com\/it\/product\/banana-grassa\/","url":"https:\/\/gooddealersmeds.com\/it\/product\/banana-grassa\/","name":"Ordina Fat Banana Kush - Ordina Cannabis Online | Marijuana in vendita","isPartOf":{"@id":"https:\/\/gooddealersmeds.com\/it\/#website"},"primaryImageOfPage":{"@id":"https:\/\/gooddealersmeds.com\/it\/product\/banana-grassa\/#primaryimage"},"image":{"@id":"https:\/\/gooddealersmeds.com\/it\/product\/banana-grassa\/#primaryimage"},"thumbnailUrl":"https:\/\/gooddealersmeds.com\/it\/wp-content\/uploads\/sites\/7\/2022\/06\/FAT-BANANA.jpg","datePublished":"2022-06-30T00:04:45+00:00","dateModified":"2022-12-30T21:58:51+00:00","description":"Ordina Fat Banana Kush \u00e8 una variet\u00e0 di marijuana ibrida ottenuta incrociando OG Kush con Chiquita Banana. Acquistalo dal nostro negozio di Cannabis online.","breadcrumb":{"@id":"https:\/\/gooddealersmeds.com\/it\/product\/banana-grassa\/#breadcrumb"},"inLanguage":"en-US","potentialAction":[{"@type":"ReadAction","target":["https:\/\/gooddealersmeds.com\/it\/product\/banana-grassa\/"]}]},{"@type":"ImageObject","inLanguage":"en-US","@id":"https:\/\/gooddealersmeds.com\/it\/product\/banana-grassa\/#primaryimage","url":"https:\/\/gooddealersmeds.com\/it\/wp-content\/uploads\/sites\/7\/2022\/06\/FAT-BANANA.jpg","contentUrl":"https:\/\/gooddealersmeds.com\/it\/wp-content\/uploads\/sites\/7\/2022\/06\/FAT-BANANA.jpg","width":600,"height":600,"caption":"Buy Fat Banana Online"},{"@type":"BreadcrumbList","@id":"https:\/\/gooddealersmeds.com\/it\/product\/banana-grassa\/#breadcrumb","itemListElement":[{"@type":"ListItem","position":1,"name":"Home","item":"https:\/\/gooddealersmeds.com\/it\/"},{"@type":"ListItem","position":2,"name":"Prodotti","item":"https:\/\/gooddealersmeds.com\/it\/prodotti\/"},{"@type":"ListItem","position":3,"name":"Ordina online la Fat Banana Kush"}]},{"@type":"WebSite","@id":"https:\/\/gooddealersmeds.com\/it\/#website","url":"https:\/\/gooddealersmeds.com\/it\/","name":"Good Dealers Meds","description":"All our best","publisher":{"@id":"https:\/\/gooddealersmeds.com\/it\/#organization"},"potentialAction":[{"@type":"SearchAction","target":{"@type":"EntryPoint","urlTemplate":"https:\/\/gooddealersmeds.com\/it\/?s={search_term_string}"},"query-input":{"@type":"PropertyValueSpecification","valueRequired":true,"valueName":"search_term_string"}}],"inLanguage":"en-US"},{"@type":"Organization","@id":"https:\/\/gooddealersmeds.com\/it\/#organization","name":"Good Dealers Meds","url":"https:\/\/gooddealersmeds.com\/it\/","logo":{"@type":"ImageObject","inLanguage":"en-US","@id":"https:\/\/gooddealersmeds.com\/it\/#\/schema\/logo\/image\/","url":"https:\/\/gooddealersmeds.com\/it\/wp-content\/uploads\/sites\/7\/2022\/03\/gooddealersmeds__logo__20220317T222800Z.00.png","contentUrl":"https:\/\/gooddealersmeds.com\/it\/wp-content\/uploads\/sites\/7\/2022\/03\/gooddealersmeds__logo__20220317T222800Z.00.png","width":500,"height":325,"caption":"Good Dealers Meds"},"image":{"@id":"https:\/\/gooddealersmeds.com\/it\/#\/schema\/logo\/image\/"}}]}},"_links":{"self":[{"href":"https:\/\/gooddealersmeds.com\/it\/wp-json\/wp\/v2\/product\/1871","targetHints":{"allow":["GET"]}}],"collection":[{"href":"https:\/\/gooddealersmeds.com\/it\/wp-json\/wp\/v2\/product"}],"about":[{"href":"https:\/\/gooddealersmeds.com\/it\/wp-json\/wp\/v2\/types\/product"}],"replies":[{"embeddable":true,"href":"https:\/\/gooddealersmeds.com\/it\/wp-json\/wp\/v2\/comments?post=1871"}],"wp:featuredmedia":[{"embeddable":true,"href":"https:\/\/gooddealersmeds.com\/it\/wp-json\/wp\/v2\/media\/1872"}],"wp:attachment":[{"href":"https:\/\/gooddealersmeds.com\/it\/wp-json\/wp\/v2\/media?parent=1871"}],"wp:term":[{"taxonomy":"product_brand","embeddable":true,"href":"https:\/\/gooddealersmeds.com\/it\/wp-json\/wp\/v2\/product_brand?post=1871"},{"taxonomy":"product_cat","embeddable":true,"href":"https:\/\/gooddealersmeds.com\/it\/wp-json\/wp\/v2\/product_cat?post=1871"},{"taxonomy":"product_tag","embeddable":true,"href":"https:\/\/gooddealersmeds.com\/it\/wp-json\/wp\/v2\/product_tag?post=1871"}],"curies":[{"name":"wp","href":"https:\/\/api.w.org\/{rel}","templated":true}]}}