{"id":1869,"date":"2022-06-30T00:00:32","date_gmt":"2022-06-30T00:00:32","guid":{"rendered":"https:\/\/gooddealersmeds.com\/it\/?post_type=product&#038;p=1869"},"modified":"2022-12-30T22:01:10","modified_gmt":"2022-12-30T22:01:10","slug":"biscotti-gelato","status":"publish","type":"product","link":"https:\/\/gooddealersmeds.com\/it\/product\/biscotti-gelato\/","title":{"rendered":"Acquista Cookies Gelato Online"},"content":{"rendered":"<h2>Cookie Gelato In Vendita Alta Qualit\u00e0<\/h2>\n<p>Cookies Gelato Online \u00e8 un sito <a href=\"https:\/\/gooddealersmeds.com\/it\/product\/cookies-gelato\/\"> dove puoi acquistare il gelato al biscotto online<\/a>. Cookies Gelato In Vendita, l&#8217;azienda \u00e8 stata fondata nel 2016 e ha sede a New York. Cookies Gelato Online vende una variet\u00e0 di diversi tipi di gelato, ma il loro prodotto pi\u00f9 popolare \u00e8 il gelato cookies. Vendono anche altri tipi di gelato, ma il loro tipo di gelato pi\u00f9 popolare \u00e8 il gelato biscotto. L&#8217;azienda esiste da circa un anno e continua a crescere molto rapidamente! Cookies Gelato Online sta diventando ogni giorno sempre pi\u00f9 popolare perch\u00e9 \u00e8 facile acquistare il gelato online da loro; devi semplicemente compilare un modulo online con tutte le tue informazioni e poi ti invieranno immediatamente il tuo ordine!<\/p>\n<p><strong>\u00a0<\/strong><\/p>\n<p><strong>Perch\u00e9 Comprare Cookies Gelato Online?<\/strong><\/p>\n<p>&nbsp;<\/p>\n<p>Ci sono moltissimi motivi per cui dovresti comprare cookies gelato online da Cookies Gelato Online: Cookies Gelato In Vendita<\/p>\n<p>1) Puoi scegliere il gusto che desideri.<\/p>\n<p>2) Non devi andare da nessuna parte o uscire di casa.<\/p>\n<p>3) Puoi ottenere esattamente quello che vuoi senza qualsiasi problema.<\/p>\n<p>&nbsp;<\/p>\n<p><strong>Il posto migliore per acquistare Cookies Gelato online?<\/strong><\/p>\n<p>&nbsp;<\/p>\n<p>Ce ne sono molti! Ma, se vuoi andare al sodo e atterrare in un solo posto che ti offre il miglior affare di sempre, Good Dealers Meds \u00e8 il posto dove venire. Dai un&#8217;occhiata alla nostra intera gamma di droghe ricreative e medicinali per trovare le offerte di cui non ti pentirai di aver speso i tuoi soldi.<\/p>\n","protected":false},"excerpt":{"rendered":"<p>Cookies Gelato \u00e8 il figlio d&#8217;amore di due leggendarie variet\u00e0 di cannabis. Ha ereditato una potenza folle, un gusto dolce e una produttivit\u00e0 impressionante.<\/p>\n","protected":false},"featured_media":1870,"comment_status":"open","ping_status":"closed","template":"","meta":{"inline_featured_image":false},"product_brand":[],"product_cat":[348],"product_tag":[393,374,375,385,371,372,377,380,379,392,386,389,376,382,381,369,387,383,373,388,378,384,390,394,370,391,395],"class_list":{"0":"post-1869","1":"product","2":"type-product","3":"status-publish","4":"has-post-thumbnail","6":"product_cat-marijuana","7":"product_tag-agrodolce","8":"product_tag-comprare-a-buon-mercato-erba-on-line","9":"product_tag-comprare-ingrosso-marijuana","10":"product_tag-aurora-boreale-5","11":"product_tag-best-weed-joints","12":"product_tag-big-bud","13":"product_tag-biscotti-girl-scout","14":"product_tag-canapa-in-vendita","15":"product_tag-crepa-verde","16":"product_tag-diesel-acido","17":"product_tag-e-kush","18":"product_tag-viola-foschia","19":"product_tag-ganja-for-sale","20":"product_tag-goccia-di-limone","21":"product_tag-kandy-kush","22":"product_tag-afgano-kush","23":"product_tag-ananas-kush","24":"product_tag-mango-kush","25":"product_tag-mirtillo-gnam-gnam","26":"product_tag-naufragio","27":"product_tag-nonno-viola","28":"product_tag-piante-di-marijuana","29":"product_tag-viola-kush","30":"product_tag-bianco-rinoceronte","31":"product_tag-sacca","32":"product_tag-sensi-star-x-ak47","33":"product_tag-white-widow-x-aurora-boreale","35":"first","36":"instock","37":"shipping-taxable","38":"purchasable","39":"product-type-simple"},"yoast_head":"<!-- This site is optimized with the Yoast SEO Premium plugin v20.6 (Yoast SEO v27.4) - https:\/\/yoast.com\/product\/yoast-seo-premium-wordpress\/ -->\n<title>Cookies Gelato In Vendita | Il posto migliore per comprare marijuana<\/title>\n<meta name=\"description\" content=\"Cookies Gelato In Vendita. Gelato \u00e8 una stuzzicante variet\u00e0 di cannabis ibrida di Cookie Fam e Sherbinski. Biscotti Gelato In Vendita\" \/>\n<meta name=\"robots\" content=\"index, follow, max-snippet:-1, max-image-preview:large, max-video-preview:-1\" \/>\n<link rel=\"canonical\" href=\"https:\/\/gooddealersmeds.com\/it\/product\/biscotti-gelato\/\" \/>\n<meta property=\"og:locale\" content=\"en_US\" \/>\n<meta property=\"og:type\" content=\"article\" \/>\n<meta property=\"og:title\" content=\"Acquista Cookies Gelato Online\" \/>\n<meta property=\"og:description\" content=\"Cookies Gelato In Vendita. Gelato \u00e8 una stuzzicante variet\u00e0 di cannabis ibrida di Cookie Fam e Sherbinski. Biscotti Gelato In Vendita\" \/>\n<meta property=\"og:url\" content=\"https:\/\/gooddealersmeds.com\/it\/product\/biscotti-gelato\/\" \/>\n<meta property=\"og:site_name\" content=\"Good Dealers Meds\" \/>\n<meta property=\"article:modified_time\" content=\"2022-12-30T22:01:10+00:00\" \/>\n<meta property=\"og:image\" content=\"https:\/\/gooddealersmeds.com\/it\/wp-content\/uploads\/sites\/7\/2022\/06\/COOKIES-GELATO.jpg\" \/>\n\t<meta property=\"og:image:width\" content=\"600\" \/>\n\t<meta property=\"og:image:height\" content=\"600\" \/>\n\t<meta property=\"og:image:type\" content=\"image\/jpeg\" \/>\n<meta name=\"twitter:card\" content=\"summary_large_image\" \/>\n<meta name=\"twitter:label1\" content=\"Est. reading time\" \/>\n\t<meta name=\"twitter:data1\" content=\"1 minute\" \/>\n<script type=\"application\/ld+json\" class=\"yoast-schema-graph\">{\"@context\":\"https:\\\/\\\/schema.org\",\"@graph\":[{\"@type\":\"WebPage\",\"@id\":\"https:\\\/\\\/gooddealersmeds.com\\\/it\\\/product\\\/biscotti-gelato\\\/\",\"url\":\"https:\\\/\\\/gooddealersmeds.com\\\/it\\\/product\\\/biscotti-gelato\\\/\",\"name\":\"Cookies Gelato In Vendita | Il posto migliore per comprare marijuana\",\"isPartOf\":{\"@id\":\"https:\\\/\\\/gooddealersmeds.com\\\/it\\\/#website\"},\"primaryImageOfPage\":{\"@id\":\"https:\\\/\\\/gooddealersmeds.com\\\/it\\\/product\\\/biscotti-gelato\\\/#primaryimage\"},\"image\":{\"@id\":\"https:\\\/\\\/gooddealersmeds.com\\\/it\\\/product\\\/biscotti-gelato\\\/#primaryimage\"},\"thumbnailUrl\":\"https:\\\/\\\/gooddealersmeds.com\\\/it\\\/wp-content\\\/uploads\\\/sites\\\/7\\\/2022\\\/06\\\/COOKIES-GELATO.jpg\",\"datePublished\":\"2022-06-30T00:00:32+00:00\",\"dateModified\":\"2022-12-30T22:01:10+00:00\",\"description\":\"Cookies Gelato In Vendita. Gelato \u00e8 una stuzzicante variet\u00e0 di cannabis ibrida di Cookie Fam e Sherbinski. Biscotti Gelato In Vendita\",\"breadcrumb\":{\"@id\":\"https:\\\/\\\/gooddealersmeds.com\\\/it\\\/product\\\/biscotti-gelato\\\/#breadcrumb\"},\"inLanguage\":\"en-US\",\"potentialAction\":[{\"@type\":\"ReadAction\",\"target\":[\"https:\\\/\\\/gooddealersmeds.com\\\/it\\\/product\\\/biscotti-gelato\\\/\"]}]},{\"@type\":\"ImageObject\",\"inLanguage\":\"en-US\",\"@id\":\"https:\\\/\\\/gooddealersmeds.com\\\/it\\\/product\\\/biscotti-gelato\\\/#primaryimage\",\"url\":\"https:\\\/\\\/gooddealersmeds.com\\\/it\\\/wp-content\\\/uploads\\\/sites\\\/7\\\/2022\\\/06\\\/COOKIES-GELATO.jpg\",\"contentUrl\":\"https:\\\/\\\/gooddealersmeds.com\\\/it\\\/wp-content\\\/uploads\\\/sites\\\/7\\\/2022\\\/06\\\/COOKIES-GELATO.jpg\",\"width\":600,\"height\":600,\"caption\":\"Cookies Gelato\"},{\"@type\":\"BreadcrumbList\",\"@id\":\"https:\\\/\\\/gooddealersmeds.com\\\/it\\\/product\\\/biscotti-gelato\\\/#breadcrumb\",\"itemListElement\":[{\"@type\":\"ListItem\",\"position\":1,\"name\":\"Home\",\"item\":\"https:\\\/\\\/gooddealersmeds.com\\\/it\\\/\"},{\"@type\":\"ListItem\",\"position\":2,\"name\":\"Prodotti\",\"item\":\"https:\\\/\\\/gooddealersmeds.com\\\/it\\\/prodotti\\\/\"},{\"@type\":\"ListItem\",\"position\":3,\"name\":\"Acquista Cookies Gelato Online\"}]},{\"@type\":\"WebSite\",\"@id\":\"https:\\\/\\\/gooddealersmeds.com\\\/it\\\/#website\",\"url\":\"https:\\\/\\\/gooddealersmeds.com\\\/it\\\/\",\"name\":\"Good Dealers Meds\",\"description\":\"All our best\",\"publisher\":{\"@id\":\"https:\\\/\\\/gooddealersmeds.com\\\/it\\\/#organization\"},\"potentialAction\":[{\"@type\":\"SearchAction\",\"target\":{\"@type\":\"EntryPoint\",\"urlTemplate\":\"https:\\\/\\\/gooddealersmeds.com\\\/it\\\/?s={search_term_string}\"},\"query-input\":{\"@type\":\"PropertyValueSpecification\",\"valueRequired\":true,\"valueName\":\"search_term_string\"}}],\"inLanguage\":\"en-US\"},{\"@type\":\"Organization\",\"@id\":\"https:\\\/\\\/gooddealersmeds.com\\\/it\\\/#organization\",\"name\":\"Good Dealers Meds\",\"url\":\"https:\\\/\\\/gooddealersmeds.com\\\/it\\\/\",\"logo\":{\"@type\":\"ImageObject\",\"inLanguage\":\"en-US\",\"@id\":\"https:\\\/\\\/gooddealersmeds.com\\\/it\\\/#\\\/schema\\\/logo\\\/image\\\/\",\"url\":\"https:\\\/\\\/gooddealersmeds.com\\\/it\\\/wp-content\\\/uploads\\\/sites\\\/7\\\/2022\\\/03\\\/gooddealersmeds__logo__20220317T222800Z.00.png\",\"contentUrl\":\"https:\\\/\\\/gooddealersmeds.com\\\/it\\\/wp-content\\\/uploads\\\/sites\\\/7\\\/2022\\\/03\\\/gooddealersmeds__logo__20220317T222800Z.00.png\",\"width\":500,\"height\":325,\"caption\":\"Good Dealers Meds\"},\"image\":{\"@id\":\"https:\\\/\\\/gooddealersmeds.com\\\/it\\\/#\\\/schema\\\/logo\\\/image\\\/\"}}]}<\/script>\n<!-- \/ Yoast SEO Premium plugin. -->","yoast_head_json":{"title":"Cookies Gelato In Vendita | Il posto migliore per comprare marijuana","description":"Cookies Gelato In Vendita. Gelato \u00e8 una stuzzicante variet\u00e0 di cannabis ibrida di Cookie Fam e Sherbinski. Biscotti Gelato In Vendita","robots":{"index":"index","follow":"follow","max-snippet":"max-snippet:-1","max-image-preview":"max-image-preview:large","max-video-preview":"max-video-preview:-1"},"canonical":"https:\/\/gooddealersmeds.com\/it\/product\/biscotti-gelato\/","og_locale":"en_US","og_type":"article","og_title":"Acquista Cookies Gelato Online","og_description":"Cookies Gelato In Vendita. Gelato \u00e8 una stuzzicante variet\u00e0 di cannabis ibrida di Cookie Fam e Sherbinski. Biscotti Gelato In Vendita","og_url":"https:\/\/gooddealersmeds.com\/it\/product\/biscotti-gelato\/","og_site_name":"Good Dealers Meds","article_modified_time":"2022-12-30T22:01:10+00:00","og_image":[{"width":600,"height":600,"url":"https:\/\/gooddealersmeds.com\/it\/wp-content\/uploads\/sites\/7\/2022\/06\/COOKIES-GELATO.jpg","type":"image\/jpeg"}],"twitter_card":"summary_large_image","twitter_misc":{"Est. reading time":"1 minute"},"schema":{"@context":"https:\/\/schema.org","@graph":[{"@type":"WebPage","@id":"https:\/\/gooddealersmeds.com\/it\/product\/biscotti-gelato\/","url":"https:\/\/gooddealersmeds.com\/it\/product\/biscotti-gelato\/","name":"Cookies Gelato In Vendita | Il posto migliore per comprare marijuana","isPartOf":{"@id":"https:\/\/gooddealersmeds.com\/it\/#website"},"primaryImageOfPage":{"@id":"https:\/\/gooddealersmeds.com\/it\/product\/biscotti-gelato\/#primaryimage"},"image":{"@id":"https:\/\/gooddealersmeds.com\/it\/product\/biscotti-gelato\/#primaryimage"},"thumbnailUrl":"https:\/\/gooddealersmeds.com\/it\/wp-content\/uploads\/sites\/7\/2022\/06\/COOKIES-GELATO.jpg","datePublished":"2022-06-30T00:00:32+00:00","dateModified":"2022-12-30T22:01:10+00:00","description":"Cookies Gelato In Vendita. Gelato \u00e8 una stuzzicante variet\u00e0 di cannabis ibrida di Cookie Fam e Sherbinski. Biscotti Gelato In Vendita","breadcrumb":{"@id":"https:\/\/gooddealersmeds.com\/it\/product\/biscotti-gelato\/#breadcrumb"},"inLanguage":"en-US","potentialAction":[{"@type":"ReadAction","target":["https:\/\/gooddealersmeds.com\/it\/product\/biscotti-gelato\/"]}]},{"@type":"ImageObject","inLanguage":"en-US","@id":"https:\/\/gooddealersmeds.com\/it\/product\/biscotti-gelato\/#primaryimage","url":"https:\/\/gooddealersmeds.com\/it\/wp-content\/uploads\/sites\/7\/2022\/06\/COOKIES-GELATO.jpg","contentUrl":"https:\/\/gooddealersmeds.com\/it\/wp-content\/uploads\/sites\/7\/2022\/06\/COOKIES-GELATO.jpg","width":600,"height":600,"caption":"Cookies Gelato"},{"@type":"BreadcrumbList","@id":"https:\/\/gooddealersmeds.com\/it\/product\/biscotti-gelato\/#breadcrumb","itemListElement":[{"@type":"ListItem","position":1,"name":"Home","item":"https:\/\/gooddealersmeds.com\/it\/"},{"@type":"ListItem","position":2,"name":"Prodotti","item":"https:\/\/gooddealersmeds.com\/it\/prodotti\/"},{"@type":"ListItem","position":3,"name":"Acquista Cookies Gelato Online"}]},{"@type":"WebSite","@id":"https:\/\/gooddealersmeds.com\/it\/#website","url":"https:\/\/gooddealersmeds.com\/it\/","name":"Good Dealers Meds","description":"All our best","publisher":{"@id":"https:\/\/gooddealersmeds.com\/it\/#organization"},"potentialAction":[{"@type":"SearchAction","target":{"@type":"EntryPoint","urlTemplate":"https:\/\/gooddealersmeds.com\/it\/?s={search_term_string}"},"query-input":{"@type":"PropertyValueSpecification","valueRequired":true,"valueName":"search_term_string"}}],"inLanguage":"en-US"},{"@type":"Organization","@id":"https:\/\/gooddealersmeds.com\/it\/#organization","name":"Good Dealers Meds","url":"https:\/\/gooddealersmeds.com\/it\/","logo":{"@type":"ImageObject","inLanguage":"en-US","@id":"https:\/\/gooddealersmeds.com\/it\/#\/schema\/logo\/image\/","url":"https:\/\/gooddealersmeds.com\/it\/wp-content\/uploads\/sites\/7\/2022\/03\/gooddealersmeds__logo__20220317T222800Z.00.png","contentUrl":"https:\/\/gooddealersmeds.com\/it\/wp-content\/uploads\/sites\/7\/2022\/03\/gooddealersmeds__logo__20220317T222800Z.00.png","width":500,"height":325,"caption":"Good Dealers Meds"},"image":{"@id":"https:\/\/gooddealersmeds.com\/it\/#\/schema\/logo\/image\/"}}]}},"_links":{"self":[{"href":"https:\/\/gooddealersmeds.com\/it\/wp-json\/wp\/v2\/product\/1869","targetHints":{"allow":["GET"]}}],"collection":[{"href":"https:\/\/gooddealersmeds.com\/it\/wp-json\/wp\/v2\/product"}],"about":[{"href":"https:\/\/gooddealersmeds.com\/it\/wp-json\/wp\/v2\/types\/product"}],"replies":[{"embeddable":true,"href":"https:\/\/gooddealersmeds.com\/it\/wp-json\/wp\/v2\/comments?post=1869"}],"wp:featuredmedia":[{"embeddable":true,"href":"https:\/\/gooddealersmeds.com\/it\/wp-json\/wp\/v2\/media\/1870"}],"wp:attachment":[{"href":"https:\/\/gooddealersmeds.com\/it\/wp-json\/wp\/v2\/media?parent=1869"}],"wp:term":[{"taxonomy":"product_brand","embeddable":true,"href":"https:\/\/gooddealersmeds.com\/it\/wp-json\/wp\/v2\/product_brand?post=1869"},{"taxonomy":"product_cat","embeddable":true,"href":"https:\/\/gooddealersmeds.com\/it\/wp-json\/wp\/v2\/product_cat?post=1869"},{"taxonomy":"product_tag","embeddable":true,"href":"https:\/\/gooddealersmeds.com\/it\/wp-json\/wp\/v2\/product_tag?post=1869"}],"curies":[{"name":"wp","href":"https:\/\/api.w.org\/{rel}","templated":true}]}}