{"id":1867,"date":"2022-06-29T23:56:03","date_gmt":"2022-06-29T23:56:03","guid":{"rendered":"https:\/\/gooddealersmeds.com\/it\/?post_type=product&#038;p=1867"},"modified":"2022-12-30T22:13:25","modified_gmt":"2022-12-30T22:13:25","slug":"amnesia-foschia","status":"publish","type":"product","link":"https:\/\/gooddealersmeds.com\/it\/product\/amnesia-foschia\/","title":{"rendered":"Acquista Amnesia Haze online"},"content":{"rendered":"<h2>Amnesia Haze in vendita online di alta qualit\u00e0<\/h2>\n<p><strong>\u00a0<\/strong><\/p>\n<p><a href=\"https:\/\/gooddealersmeds.com\/it\/ product\/amnesia-haze\/\">Amnesia Haze Online<\/a> sono le variet\u00e0 di cannabis della migliore qualit\u00e0 e pi\u00f9 efficaci che puoi trovare. \u00c8 una variet\u00e0 a predominanza Sativa con un aroma e un gusto umidi. L&#8217;effetto \u00e8 molto forte e durer\u00e0 per circa 2 ore. Ha un rapporto Sativa\/Indica 60\/40 con un contenuto di THC del 16% e un contenuto di CBD dell&#8217;1%. Acquista Amnesia Haze online<\/p>\n<p>Amnesia Haze \u00e8 una variet\u00e0 Indica potente e corposa che cresce in una forma folta e densa . Le cime sono ricoperte di pistilli verdi e peli arancioni. Le cime hanno un forte aroma skunk con sentori di frutta dolce. La pianta \u00e8 di medie dimensioni, con foglie lunghe di colore verde scuro. I fiori hanno pistilli viola e peli arancioni.<\/p>\n<p>L&#8217;Amnesia Haze \u00e8 uno sballo dolce con effetti che durano fino a due ore. \u00c8 l&#8217;ideale per rilassarsi, leggere o guardare film.<\/p>\n<p>Lo sballo arriva lentamente e aumenta nel tempo man mano che il suo contenuto di THC aumenta nel corso dell&#8217;esperienza. Gli effetti cerebrali includono una forte euforia che pu\u00f2 essere accompagnata da vertigini, rilassamento e livelli di ansia ridotti. Gli effetti sul corpo includono intorpidimento alle estremit\u00e0, secchezza delle fauci e problemi alla vista, che possono comportare una scarsa sicurezza di guida durante l&#8217;utilizzo di questo prodotto. Acquista Amnesia Haze online<\/p>\n<p><strong>\u00a0<\/strong><\/p>\n<p><strong>Perch\u00e9 acquistare Amnesia Haze online <\/strong><\/p>\n<p><strong>\u00a0<\/strong><\/p>\n<p>Quando sei pronto per acquistare cannabis, ci sono molte ragioni per cui dovresti acquistare amnesia haze online .<\/p>\n<p>In primo luogo, potrai accedere a diversi ceppi mentre sono ancora disponibili.<\/p>\n<p>In secondo luogo, puoi risparmiare tempo perch\u00e9 non ci sono periodi di attesa o limiti quando si tratta di acquistare prodotti online.<\/p>\n<p>In terzo luogo, se vuoi acquistare accessori extra come bong o vaporizzatori, questo \u00e8 un altro vantaggio e, infine, per molte persone che non vivono abbastanza vicino, questo \u00e8 neanche un grosso problema perch\u00e9<\/p>\n<p><strong>\u00a0<\/strong><\/p>\n<p><strong>Il posto migliore per acquistare Amnesia Haze online<\/strong><\/p>\n<p>Vi siete mai chiesti qual \u00e8 il posto migliore per acquistare Amnesia Haze Online? Non sei solo. Puoi ordinare Amnesia Haze online da Good Dealers Meds ai migliori prezzi. Effettua il tuo ordine con noi, siediti e rilassati. Riceverai il tuo ordine nei tempi promessi.<\/p>\n","protected":false},"excerpt":{"rendered":"<p>Dopo che la genetica haze \u00e8 arrivata in Olanda e sono stati realizzati diversi ibridi, un espatriato americano ha successivamente combinato uno di questi ibridi con un maschio derivato da semi di foschia della vecchia scuola creando l&#8217;Amnesia Haze.<\/p>\n","protected":false},"featured_media":1868,"comment_status":"open","ping_status":"closed","template":"","meta":{"inline_featured_image":false},"product_brand":[],"product_cat":[348],"product_tag":[350,349,351,352,353,354,359,355,356,357,358,361,362,363,364,365,366,367,368,360],"class_list":{"0":"post-1867","1":"product","2":"type-product","3":"status-publish","4":"has-post-thumbnail","6":"product_cat-marijuana","7":"product_tag-comprare-erba-edibles-online","8":"product_tag-best-weed-stock-to-buy","9":"product_tag-can-you-buy-weed","10":"product_tag-can-you-buy-weed-in-austria","11":"product_tag-can-you-buy-weed-in-switzerland","12":"product_tag-can-you-buy-weed-online","13":"product_tag-come-acquistare-erba-on-line","14":"product_tag-come-comprare-erba","15":"product_tag-come-comprare-erba-in-germania","16":"product_tag-come-acquistare-erba-in-slovacchia","17":"product_tag-come-acquistare-erba-in-slovenia","18":"product_tag-dove-comprare-erba","19":"product_tag-dove-comprare-erba-in-austria","20":"product_tag-dove-comprare-erba-in-germania","21":"product_tag-dove-comprare-erba-in-polonia","22":"product_tag-dove-comprare-erba-in-slovacchia","23":"product_tag-dove-comprare-erba-in-svizzera","24":"product_tag-dove-comprare-erba-in-uk","25":"product_tag-dove-comprare-erba-vicino-a-me","26":"product_tag-scorte-di-erbaccia-da-acquistare","28":"first","29":"instock","30":"shipping-taxable","31":"purchasable","32":"product-type-simple"},"yoast_head":"<!-- This site is optimized with the Yoast SEO Premium plugin v20.6 (Yoast SEO v27.3) - https:\/\/yoast.com\/product\/yoast-seo-premium-wordpress\/ -->\n<title>Acquista Amnesia Haze Online - Semi di Cannabis | Good Dealers Meds<\/title>\n<meta name=\"description\" content=\"Acquista Amnesia Haze online Strain da Good Dealers Meds e ottieni i prezzi migliori. Il meglio della canapa svizzera sotto lo stesso tetto. Acquista online ora!\" \/>\n<meta name=\"robots\" content=\"index, follow, max-snippet:-1, max-image-preview:large, max-video-preview:-1\" \/>\n<link rel=\"canonical\" href=\"https:\/\/gooddealersmeds.com\/it\/product\/amnesia-foschia\/\" \/>\n<meta property=\"og:locale\" content=\"en_US\" \/>\n<meta property=\"og:type\" content=\"article\" \/>\n<meta property=\"og:title\" content=\"Acquista Amnesia Haze online\" \/>\n<meta property=\"og:description\" content=\"Acquista Amnesia Haze online Strain da Good Dealers Meds e ottieni i prezzi migliori. Il meglio della canapa svizzera sotto lo stesso tetto. Acquista online ora!\" \/>\n<meta property=\"og:url\" content=\"https:\/\/gooddealersmeds.com\/it\/product\/amnesia-foschia\/\" \/>\n<meta property=\"og:site_name\" content=\"Good Dealers Meds\" \/>\n<meta property=\"article:modified_time\" content=\"2022-12-30T22:13:25+00:00\" \/>\n<meta property=\"og:image\" content=\"https:\/\/gooddealersmeds.com\/it\/wp-content\/uploads\/sites\/7\/2022\/06\/AMNESIA-HAZE.jpg\" \/>\n\t<meta property=\"og:image:width\" content=\"600\" \/>\n\t<meta property=\"og:image:height\" content=\"600\" \/>\n\t<meta property=\"og:image:type\" content=\"image\/jpeg\" \/>\n<meta name=\"twitter:card\" content=\"summary_large_image\" \/>\n<meta name=\"twitter:label1\" content=\"Est. reading time\" \/>\n\t<meta name=\"twitter:data1\" content=\"2 minutes\" \/>\n<script type=\"application\/ld+json\" class=\"yoast-schema-graph\">{\"@context\":\"https:\\\/\\\/schema.org\",\"@graph\":[{\"@type\":\"WebPage\",\"@id\":\"https:\\\/\\\/gooddealersmeds.com\\\/it\\\/product\\\/amnesia-foschia\\\/\",\"url\":\"https:\\\/\\\/gooddealersmeds.com\\\/it\\\/product\\\/amnesia-foschia\\\/\",\"name\":\"Acquista Amnesia Haze Online - Semi di Cannabis | Good Dealers Meds\",\"isPartOf\":{\"@id\":\"https:\\\/\\\/gooddealersmeds.com\\\/it\\\/#website\"},\"primaryImageOfPage\":{\"@id\":\"https:\\\/\\\/gooddealersmeds.com\\\/it\\\/product\\\/amnesia-foschia\\\/#primaryimage\"},\"image\":{\"@id\":\"https:\\\/\\\/gooddealersmeds.com\\\/it\\\/product\\\/amnesia-foschia\\\/#primaryimage\"},\"thumbnailUrl\":\"https:\\\/\\\/gooddealersmeds.com\\\/it\\\/wp-content\\\/uploads\\\/sites\\\/7\\\/2022\\\/06\\\/AMNESIA-HAZE.jpg\",\"datePublished\":\"2022-06-29T23:56:03+00:00\",\"dateModified\":\"2022-12-30T22:13:25+00:00\",\"description\":\"Acquista Amnesia Haze online Strain da Good Dealers Meds e ottieni i prezzi migliori. Il meglio della canapa svizzera sotto lo stesso tetto. Acquista online ora!\",\"breadcrumb\":{\"@id\":\"https:\\\/\\\/gooddealersmeds.com\\\/it\\\/product\\\/amnesia-foschia\\\/#breadcrumb\"},\"inLanguage\":\"en-US\",\"potentialAction\":[{\"@type\":\"ReadAction\",\"target\":[\"https:\\\/\\\/gooddealersmeds.com\\\/it\\\/product\\\/amnesia-foschia\\\/\"]}]},{\"@type\":\"ImageObject\",\"inLanguage\":\"en-US\",\"@id\":\"https:\\\/\\\/gooddealersmeds.com\\\/it\\\/product\\\/amnesia-foschia\\\/#primaryimage\",\"url\":\"https:\\\/\\\/gooddealersmeds.com\\\/it\\\/wp-content\\\/uploads\\\/sites\\\/7\\\/2022\\\/06\\\/AMNESIA-HAZE.jpg\",\"contentUrl\":\"https:\\\/\\\/gooddealersmeds.com\\\/it\\\/wp-content\\\/uploads\\\/sites\\\/7\\\/2022\\\/06\\\/AMNESIA-HAZE.jpg\",\"width\":600,\"height\":600,\"caption\":\"Buy Amnesia Haze\"},{\"@type\":\"BreadcrumbList\",\"@id\":\"https:\\\/\\\/gooddealersmeds.com\\\/it\\\/product\\\/amnesia-foschia\\\/#breadcrumb\",\"itemListElement\":[{\"@type\":\"ListItem\",\"position\":1,\"name\":\"Home\",\"item\":\"https:\\\/\\\/gooddealersmeds.com\\\/it\\\/\"},{\"@type\":\"ListItem\",\"position\":2,\"name\":\"Prodotti\",\"item\":\"https:\\\/\\\/gooddealersmeds.com\\\/it\\\/prodotti\\\/\"},{\"@type\":\"ListItem\",\"position\":3,\"name\":\"Acquista Amnesia Haze online\"}]},{\"@type\":\"WebSite\",\"@id\":\"https:\\\/\\\/gooddealersmeds.com\\\/it\\\/#website\",\"url\":\"https:\\\/\\\/gooddealersmeds.com\\\/it\\\/\",\"name\":\"Good Dealers Meds\",\"description\":\"All our best\",\"publisher\":{\"@id\":\"https:\\\/\\\/gooddealersmeds.com\\\/it\\\/#organization\"},\"potentialAction\":[{\"@type\":\"SearchAction\",\"target\":{\"@type\":\"EntryPoint\",\"urlTemplate\":\"https:\\\/\\\/gooddealersmeds.com\\\/it\\\/?s={search_term_string}\"},\"query-input\":{\"@type\":\"PropertyValueSpecification\",\"valueRequired\":true,\"valueName\":\"search_term_string\"}}],\"inLanguage\":\"en-US\"},{\"@type\":\"Organization\",\"@id\":\"https:\\\/\\\/gooddealersmeds.com\\\/it\\\/#organization\",\"name\":\"Good Dealers Meds\",\"url\":\"https:\\\/\\\/gooddealersmeds.com\\\/it\\\/\",\"logo\":{\"@type\":\"ImageObject\",\"inLanguage\":\"en-US\",\"@id\":\"https:\\\/\\\/gooddealersmeds.com\\\/it\\\/#\\\/schema\\\/logo\\\/image\\\/\",\"url\":\"https:\\\/\\\/gooddealersmeds.com\\\/it\\\/wp-content\\\/uploads\\\/sites\\\/7\\\/2022\\\/03\\\/gooddealersmeds__logo__20220317T222800Z.00.png\",\"contentUrl\":\"https:\\\/\\\/gooddealersmeds.com\\\/it\\\/wp-content\\\/uploads\\\/sites\\\/7\\\/2022\\\/03\\\/gooddealersmeds__logo__20220317T222800Z.00.png\",\"width\":500,\"height\":325,\"caption\":\"Good Dealers Meds\"},\"image\":{\"@id\":\"https:\\\/\\\/gooddealersmeds.com\\\/it\\\/#\\\/schema\\\/logo\\\/image\\\/\"}}]}<\/script>\n<!-- \/ Yoast SEO Premium plugin. -->","yoast_head_json":{"title":"Acquista Amnesia Haze Online - Semi di Cannabis | Good Dealers Meds","description":"Acquista Amnesia Haze online Strain da Good Dealers Meds e ottieni i prezzi migliori. Il meglio della canapa svizzera sotto lo stesso tetto. Acquista online ora!","robots":{"index":"index","follow":"follow","max-snippet":"max-snippet:-1","max-image-preview":"max-image-preview:large","max-video-preview":"max-video-preview:-1"},"canonical":"https:\/\/gooddealersmeds.com\/it\/product\/amnesia-foschia\/","og_locale":"en_US","og_type":"article","og_title":"Acquista Amnesia Haze online","og_description":"Acquista Amnesia Haze online Strain da Good Dealers Meds e ottieni i prezzi migliori. Il meglio della canapa svizzera sotto lo stesso tetto. Acquista online ora!","og_url":"https:\/\/gooddealersmeds.com\/it\/product\/amnesia-foschia\/","og_site_name":"Good Dealers Meds","article_modified_time":"2022-12-30T22:13:25+00:00","og_image":[{"width":600,"height":600,"url":"https:\/\/gooddealersmeds.com\/it\/wp-content\/uploads\/sites\/7\/2022\/06\/AMNESIA-HAZE.jpg","type":"image\/jpeg"}],"twitter_card":"summary_large_image","twitter_misc":{"Est. reading time":"2 minutes"},"schema":{"@context":"https:\/\/schema.org","@graph":[{"@type":"WebPage","@id":"https:\/\/gooddealersmeds.com\/it\/product\/amnesia-foschia\/","url":"https:\/\/gooddealersmeds.com\/it\/product\/amnesia-foschia\/","name":"Acquista Amnesia Haze Online - Semi di Cannabis | Good Dealers Meds","isPartOf":{"@id":"https:\/\/gooddealersmeds.com\/it\/#website"},"primaryImageOfPage":{"@id":"https:\/\/gooddealersmeds.com\/it\/product\/amnesia-foschia\/#primaryimage"},"image":{"@id":"https:\/\/gooddealersmeds.com\/it\/product\/amnesia-foschia\/#primaryimage"},"thumbnailUrl":"https:\/\/gooddealersmeds.com\/it\/wp-content\/uploads\/sites\/7\/2022\/06\/AMNESIA-HAZE.jpg","datePublished":"2022-06-29T23:56:03+00:00","dateModified":"2022-12-30T22:13:25+00:00","description":"Acquista Amnesia Haze online Strain da Good Dealers Meds e ottieni i prezzi migliori. Il meglio della canapa svizzera sotto lo stesso tetto. Acquista online ora!","breadcrumb":{"@id":"https:\/\/gooddealersmeds.com\/it\/product\/amnesia-foschia\/#breadcrumb"},"inLanguage":"en-US","potentialAction":[{"@type":"ReadAction","target":["https:\/\/gooddealersmeds.com\/it\/product\/amnesia-foschia\/"]}]},{"@type":"ImageObject","inLanguage":"en-US","@id":"https:\/\/gooddealersmeds.com\/it\/product\/amnesia-foschia\/#primaryimage","url":"https:\/\/gooddealersmeds.com\/it\/wp-content\/uploads\/sites\/7\/2022\/06\/AMNESIA-HAZE.jpg","contentUrl":"https:\/\/gooddealersmeds.com\/it\/wp-content\/uploads\/sites\/7\/2022\/06\/AMNESIA-HAZE.jpg","width":600,"height":600,"caption":"Buy Amnesia Haze"},{"@type":"BreadcrumbList","@id":"https:\/\/gooddealersmeds.com\/it\/product\/amnesia-foschia\/#breadcrumb","itemListElement":[{"@type":"ListItem","position":1,"name":"Home","item":"https:\/\/gooddealersmeds.com\/it\/"},{"@type":"ListItem","position":2,"name":"Prodotti","item":"https:\/\/gooddealersmeds.com\/it\/prodotti\/"},{"@type":"ListItem","position":3,"name":"Acquista Amnesia Haze online"}]},{"@type":"WebSite","@id":"https:\/\/gooddealersmeds.com\/it\/#website","url":"https:\/\/gooddealersmeds.com\/it\/","name":"Good Dealers Meds","description":"All our best","publisher":{"@id":"https:\/\/gooddealersmeds.com\/it\/#organization"},"potentialAction":[{"@type":"SearchAction","target":{"@type":"EntryPoint","urlTemplate":"https:\/\/gooddealersmeds.com\/it\/?s={search_term_string}"},"query-input":{"@type":"PropertyValueSpecification","valueRequired":true,"valueName":"search_term_string"}}],"inLanguage":"en-US"},{"@type":"Organization","@id":"https:\/\/gooddealersmeds.com\/it\/#organization","name":"Good Dealers Meds","url":"https:\/\/gooddealersmeds.com\/it\/","logo":{"@type":"ImageObject","inLanguage":"en-US","@id":"https:\/\/gooddealersmeds.com\/it\/#\/schema\/logo\/image\/","url":"https:\/\/gooddealersmeds.com\/it\/wp-content\/uploads\/sites\/7\/2022\/03\/gooddealersmeds__logo__20220317T222800Z.00.png","contentUrl":"https:\/\/gooddealersmeds.com\/it\/wp-content\/uploads\/sites\/7\/2022\/03\/gooddealersmeds__logo__20220317T222800Z.00.png","width":500,"height":325,"caption":"Good Dealers Meds"},"image":{"@id":"https:\/\/gooddealersmeds.com\/it\/#\/schema\/logo\/image\/"}}]}},"_links":{"self":[{"href":"https:\/\/gooddealersmeds.com\/it\/wp-json\/wp\/v2\/product\/1867","targetHints":{"allow":["GET"]}}],"collection":[{"href":"https:\/\/gooddealersmeds.com\/it\/wp-json\/wp\/v2\/product"}],"about":[{"href":"https:\/\/gooddealersmeds.com\/it\/wp-json\/wp\/v2\/types\/product"}],"replies":[{"embeddable":true,"href":"https:\/\/gooddealersmeds.com\/it\/wp-json\/wp\/v2\/comments?post=1867"}],"wp:featuredmedia":[{"embeddable":true,"href":"https:\/\/gooddealersmeds.com\/it\/wp-json\/wp\/v2\/media\/1868"}],"wp:attachment":[{"href":"https:\/\/gooddealersmeds.com\/it\/wp-json\/wp\/v2\/media?parent=1867"}],"wp:term":[{"taxonomy":"product_brand","embeddable":true,"href":"https:\/\/gooddealersmeds.com\/it\/wp-json\/wp\/v2\/product_brand?post=1867"},{"taxonomy":"product_cat","embeddable":true,"href":"https:\/\/gooddealersmeds.com\/it\/wp-json\/wp\/v2\/product_cat?post=1867"},{"taxonomy":"product_tag","embeddable":true,"href":"https:\/\/gooddealersmeds.com\/it\/wp-json\/wp\/v2\/product_tag?post=1867"}],"curies":[{"name":"wp","href":"https:\/\/api.w.org\/{rel}","templated":true}]}}