{"id":1833,"date":"2022-06-22T20:57:16","date_gmt":"2022-06-22T20:57:16","guid":{"rendered":"https:\/\/gooddealersmeds.com\/it\/?post_type=product&#038;p=1833"},"modified":"2022-12-30T22:15:46","modified_gmt":"2022-12-30T22:15:46","slug":"rivotrillo","status":"publish","type":"product","link":"https:\/\/gooddealersmeds.com\/it\/product\/rivotrillo\/","title":{"rendered":"Acquista Rivotril online"},"content":{"rendered":"<h2>Acquistare Rivotril online dal top-notch<\/h2>\n<p><a href=\"https:\/\/gooddealersmeds.com\/it\/product\/rivotril\/\">Rivotril<\/a> \u00e8 un farmaco utilizzato nel trattamento della pressione alta. \u00c8 disponibile in compresse, capsule e compresse a rilascio prolungato. Il farmaco appartiene al gruppo dei calcio-antagonisti. A differenza di altri farmaci per l&#8217;ipertensione, che rilassano le arterie e riducono la frequenza cardiaca, questo farmaco blocca i canali del calcio nel cuore, portando ad un aumento della frequenza cardiaca e della pressione sanguigna.<\/p>\n<p>&nbsp;<\/p>\n<p>Rivotril \u00e8 un farmaco che pu\u00f2 essere usato per trattare la depressione, l&#8217;ansia e gli attacchi di panico. Funziona bloccando alcune sostanze chimiche nel cervello che potrebbero causare i sintomi. \u00c8 disponibile come farmacia online.<\/p>\n<p>Il farmaco \u00e8 stato approvato dalla Food and Drug Administration statunitense nel 1987 ed \u00e8 diventato disponibile su prescrizione medica per curare la depressione e <a href=\"https:\/\/www.apotheken -umschau.de\/medikamente\/beipackzettel\/rivotril-2-mg-tabletten-1874385.html\">disturbi d&#8217;ansia<\/a>. Da allora, \u00e8 stato prescritto anche per altre condizioni come il disturbo bipolare e gli attacchi di panico. Acquista Rivotril online<\/p>\n<p><strong>\u00a0<\/strong><\/p>\n<p><strong>Perch\u00e9 acquistare Rivotril online?<\/strong><\/p>\n<p><strong>\u00a0<\/strong><\/p>\n<p>I vantaggi dell&#8217;uso di questo farmaco includono:<\/p>\n<p>1)\u00a0\u00c8 efficace nel controllare la pressione sanguigna e ridurre il rischio di ictus<\/p>\n<p>2)\u00a0 Aiuta a prevenire i calcoli renali regolando la minzione<\/p>\n<p>3)\u00a0 Con i suoi effetti a lunga durata, pu\u00f2 aiutarti a dormire meglio e ridurre la stanchezza dopo il lavoro ore<\/p>\n<p>4)\u00a0 Aiuta a prevenire i danni renali dovuti alla ritenzione idrica eccessiva causata dall&#8217;ipertensione<\/p>\n<p><strong>\u00a0<\/strong><\/p>\n<p><strong> Il posto migliore per acquistare Rivotril online<\/strong><\/p>\n<p>Molte farmacie danno Rivotril sul web, ma Great Dealers Meds \u00e8 il posto migliore per rintracciare questo medicinale. Offriamo costi elevati e un gran numero di farmaci, incluso Rivotril. Puoi anche prenotare Rivotril online tramite Great Dealers Meds visitando la nostra pagina del negozio online.<\/p>\n","protected":false},"excerpt":{"rendered":"<p>Acquista Rivotril 2mg online, \u00e8 una benzodiazepina, il che significa che ha un effetto calmante sul cervello. Riduce le convulsioni, l&#8217;ansia ed \u00e8 usato per trattare i disturbi convulsivi. Rivotril rallenta l&#8217;attivit\u00e0 dei nervi nel cervello, rilassa i muscoli tesi e pu\u00f2 aiutare con difficolt\u00e0 a dormire (insonnia). Rivotril 2 mg viene solitamente prescritto per un breve periodo di tempo se usato per trattare i problemi del sonno. Se sta assumendo Clonazepam da molto tempo o in dosi elevate, consulti il \u200b\u200bmedico prima di interrompere.<\/p>\n","protected":false},"featured_media":1840,"comment_status":"open","ping_status":"closed","template":"","meta":{"inline_featured_image":false},"product_brand":[],"product_cat":[347],"product_tag":[338,341,339,340],"class_list":{"0":"post-1833","1":"product","2":"type-product","3":"status-publish","4":"has-post-thumbnail","6":"product_cat-antidolorifici-oppioidi","7":"product_tag-barbiturici","8":"product_tag-kit-suicidi","9":"product_tag-nembutale","10":"product_tag-ricerca-prodotti-chimici","12":"first","13":"instock","14":"shipping-taxable","15":"purchasable","16":"product-type-variable","17":"has-default-attributes"},"yoast_head":"<!-- This site is optimized with the Yoast SEO Premium plugin v20.6 (Yoast SEO v27.3) - https:\/\/yoast.com\/product\/yoast-seo-premium-wordpress\/ -->\n<title>Acquista Rivotril Online ( 2mg ) Clonazepam | Rivotril in vendita<\/title>\n<meta name=\"description\" content=\"Acquista Rivotril 2mg online da Good Dealers Meds. \u00c8 usato per il trattamento di convulsioni, ansia e viene usato per trattare i disturbi convulsivi.\" \/>\n<meta name=\"robots\" content=\"index, follow, max-snippet:-1, max-image-preview:large, max-video-preview:-1\" \/>\n<link rel=\"canonical\" href=\"https:\/\/gooddealersmeds.com\/it\/product\/rivotrillo\/\" \/>\n<meta property=\"og:locale\" content=\"en_US\" \/>\n<meta property=\"og:type\" content=\"article\" \/>\n<meta property=\"og:title\" content=\"Acquista Rivotril online\" \/>\n<meta property=\"og:description\" content=\"Acquista Rivotril 2mg online da Good Dealers Meds. \u00c8 usato per il trattamento di convulsioni, ansia e viene usato per trattare i disturbi convulsivi.\" \/>\n<meta property=\"og:url\" content=\"https:\/\/gooddealersmeds.com\/it\/product\/rivotrillo\/\" \/>\n<meta property=\"og:site_name\" content=\"Good Dealers Meds\" \/>\n<meta property=\"article:modified_time\" content=\"2022-12-30T22:15:46+00:00\" \/>\n<meta property=\"og:image\" content=\"https:\/\/gooddealersmeds.com\/it\/wp-content\/uploads\/sites\/7\/2022\/06\/Rivotril-2mg.webp\" \/>\n\t<meta property=\"og:image:width\" content=\"600\" \/>\n\t<meta property=\"og:image:height\" content=\"600\" \/>\n\t<meta property=\"og:image:type\" content=\"image\/webp\" \/>\n<meta name=\"twitter:card\" content=\"summary_large_image\" \/>\n<meta name=\"twitter:label1\" content=\"Est. reading time\" \/>\n\t<meta name=\"twitter:data1\" content=\"1 minute\" \/>\n<script type=\"application\/ld+json\" class=\"yoast-schema-graph\">{\"@context\":\"https:\\\/\\\/schema.org\",\"@graph\":[{\"@type\":\"WebPage\",\"@id\":\"https:\\\/\\\/gooddealersmeds.com\\\/it\\\/product\\\/rivotrillo\\\/\",\"url\":\"https:\\\/\\\/gooddealersmeds.com\\\/it\\\/product\\\/rivotrillo\\\/\",\"name\":\"Acquista Rivotril Online ( 2mg ) Clonazepam | Rivotril in vendita\",\"isPartOf\":{\"@id\":\"https:\\\/\\\/gooddealersmeds.com\\\/it\\\/#website\"},\"primaryImageOfPage\":{\"@id\":\"https:\\\/\\\/gooddealersmeds.com\\\/it\\\/product\\\/rivotrillo\\\/#primaryimage\"},\"image\":{\"@id\":\"https:\\\/\\\/gooddealersmeds.com\\\/it\\\/product\\\/rivotrillo\\\/#primaryimage\"},\"thumbnailUrl\":\"https:\\\/\\\/gooddealersmeds.com\\\/it\\\/wp-content\\\/uploads\\\/sites\\\/7\\\/2022\\\/06\\\/Rivotril-2mg.webp\",\"datePublished\":\"2022-06-22T20:57:16+00:00\",\"dateModified\":\"2022-12-30T22:15:46+00:00\",\"description\":\"Acquista Rivotril 2mg online da Good Dealers Meds. \u00c8 usato per il trattamento di convulsioni, ansia e viene usato per trattare i disturbi convulsivi.\",\"breadcrumb\":{\"@id\":\"https:\\\/\\\/gooddealersmeds.com\\\/it\\\/product\\\/rivotrillo\\\/#breadcrumb\"},\"inLanguage\":\"en-US\",\"potentialAction\":[{\"@type\":\"ReadAction\",\"target\":[\"https:\\\/\\\/gooddealersmeds.com\\\/it\\\/product\\\/rivotrillo\\\/\"]}]},{\"@type\":\"ImageObject\",\"inLanguage\":\"en-US\",\"@id\":\"https:\\\/\\\/gooddealersmeds.com\\\/it\\\/product\\\/rivotrillo\\\/#primaryimage\",\"url\":\"https:\\\/\\\/gooddealersmeds.com\\\/it\\\/wp-content\\\/uploads\\\/sites\\\/7\\\/2022\\\/06\\\/Rivotril-2mg.webp\",\"contentUrl\":\"https:\\\/\\\/gooddealersmeds.com\\\/it\\\/wp-content\\\/uploads\\\/sites\\\/7\\\/2022\\\/06\\\/Rivotril-2mg.webp\",\"width\":600,\"height\":600,\"caption\":\"Buy Rivotril Online\"},{\"@type\":\"BreadcrumbList\",\"@id\":\"https:\\\/\\\/gooddealersmeds.com\\\/it\\\/product\\\/rivotrillo\\\/#breadcrumb\",\"itemListElement\":[{\"@type\":\"ListItem\",\"position\":1,\"name\":\"Home\",\"item\":\"https:\\\/\\\/gooddealersmeds.com\\\/it\\\/\"},{\"@type\":\"ListItem\",\"position\":2,\"name\":\"Prodotti\",\"item\":\"https:\\\/\\\/gooddealersmeds.com\\\/it\\\/prodotti\\\/\"},{\"@type\":\"ListItem\",\"position\":3,\"name\":\"Acquista Rivotril online\"}]},{\"@type\":\"WebSite\",\"@id\":\"https:\\\/\\\/gooddealersmeds.com\\\/it\\\/#website\",\"url\":\"https:\\\/\\\/gooddealersmeds.com\\\/it\\\/\",\"name\":\"Good Dealers Meds\",\"description\":\"All our best\",\"publisher\":{\"@id\":\"https:\\\/\\\/gooddealersmeds.com\\\/it\\\/#organization\"},\"potentialAction\":[{\"@type\":\"SearchAction\",\"target\":{\"@type\":\"EntryPoint\",\"urlTemplate\":\"https:\\\/\\\/gooddealersmeds.com\\\/it\\\/?s={search_term_string}\"},\"query-input\":{\"@type\":\"PropertyValueSpecification\",\"valueRequired\":true,\"valueName\":\"search_term_string\"}}],\"inLanguage\":\"en-US\"},{\"@type\":\"Organization\",\"@id\":\"https:\\\/\\\/gooddealersmeds.com\\\/it\\\/#organization\",\"name\":\"Good Dealers Meds\",\"url\":\"https:\\\/\\\/gooddealersmeds.com\\\/it\\\/\",\"logo\":{\"@type\":\"ImageObject\",\"inLanguage\":\"en-US\",\"@id\":\"https:\\\/\\\/gooddealersmeds.com\\\/it\\\/#\\\/schema\\\/logo\\\/image\\\/\",\"url\":\"https:\\\/\\\/gooddealersmeds.com\\\/it\\\/wp-content\\\/uploads\\\/sites\\\/7\\\/2022\\\/03\\\/gooddealersmeds__logo__20220317T222800Z.00.png\",\"contentUrl\":\"https:\\\/\\\/gooddealersmeds.com\\\/it\\\/wp-content\\\/uploads\\\/sites\\\/7\\\/2022\\\/03\\\/gooddealersmeds__logo__20220317T222800Z.00.png\",\"width\":500,\"height\":325,\"caption\":\"Good Dealers Meds\"},\"image\":{\"@id\":\"https:\\\/\\\/gooddealersmeds.com\\\/it\\\/#\\\/schema\\\/logo\\\/image\\\/\"}}]}<\/script>\n<!-- \/ Yoast SEO Premium plugin. -->","yoast_head_json":{"title":"Acquista Rivotril Online ( 2mg ) Clonazepam | Rivotril in vendita","description":"Acquista Rivotril 2mg online da Good Dealers Meds. \u00c8 usato per il trattamento di convulsioni, ansia e viene usato per trattare i disturbi convulsivi.","robots":{"index":"index","follow":"follow","max-snippet":"max-snippet:-1","max-image-preview":"max-image-preview:large","max-video-preview":"max-video-preview:-1"},"canonical":"https:\/\/gooddealersmeds.com\/it\/product\/rivotrillo\/","og_locale":"en_US","og_type":"article","og_title":"Acquista Rivotril online","og_description":"Acquista Rivotril 2mg online da Good Dealers Meds. \u00c8 usato per il trattamento di convulsioni, ansia e viene usato per trattare i disturbi convulsivi.","og_url":"https:\/\/gooddealersmeds.com\/it\/product\/rivotrillo\/","og_site_name":"Good Dealers Meds","article_modified_time":"2022-12-30T22:15:46+00:00","og_image":[{"width":600,"height":600,"url":"https:\/\/gooddealersmeds.com\/it\/wp-content\/uploads\/sites\/7\/2022\/06\/Rivotril-2mg.webp","type":"image\/webp"}],"twitter_card":"summary_large_image","twitter_misc":{"Est. reading time":"1 minute"},"schema":{"@context":"https:\/\/schema.org","@graph":[{"@type":"WebPage","@id":"https:\/\/gooddealersmeds.com\/it\/product\/rivotrillo\/","url":"https:\/\/gooddealersmeds.com\/it\/product\/rivotrillo\/","name":"Acquista Rivotril Online ( 2mg ) Clonazepam | Rivotril in vendita","isPartOf":{"@id":"https:\/\/gooddealersmeds.com\/it\/#website"},"primaryImageOfPage":{"@id":"https:\/\/gooddealersmeds.com\/it\/product\/rivotrillo\/#primaryimage"},"image":{"@id":"https:\/\/gooddealersmeds.com\/it\/product\/rivotrillo\/#primaryimage"},"thumbnailUrl":"https:\/\/gooddealersmeds.com\/it\/wp-content\/uploads\/sites\/7\/2022\/06\/Rivotril-2mg.webp","datePublished":"2022-06-22T20:57:16+00:00","dateModified":"2022-12-30T22:15:46+00:00","description":"Acquista Rivotril 2mg online da Good Dealers Meds. \u00c8 usato per il trattamento di convulsioni, ansia e viene usato per trattare i disturbi convulsivi.","breadcrumb":{"@id":"https:\/\/gooddealersmeds.com\/it\/product\/rivotrillo\/#breadcrumb"},"inLanguage":"en-US","potentialAction":[{"@type":"ReadAction","target":["https:\/\/gooddealersmeds.com\/it\/product\/rivotrillo\/"]}]},{"@type":"ImageObject","inLanguage":"en-US","@id":"https:\/\/gooddealersmeds.com\/it\/product\/rivotrillo\/#primaryimage","url":"https:\/\/gooddealersmeds.com\/it\/wp-content\/uploads\/sites\/7\/2022\/06\/Rivotril-2mg.webp","contentUrl":"https:\/\/gooddealersmeds.com\/it\/wp-content\/uploads\/sites\/7\/2022\/06\/Rivotril-2mg.webp","width":600,"height":600,"caption":"Buy Rivotril Online"},{"@type":"BreadcrumbList","@id":"https:\/\/gooddealersmeds.com\/it\/product\/rivotrillo\/#breadcrumb","itemListElement":[{"@type":"ListItem","position":1,"name":"Home","item":"https:\/\/gooddealersmeds.com\/it\/"},{"@type":"ListItem","position":2,"name":"Prodotti","item":"https:\/\/gooddealersmeds.com\/it\/prodotti\/"},{"@type":"ListItem","position":3,"name":"Acquista Rivotril online"}]},{"@type":"WebSite","@id":"https:\/\/gooddealersmeds.com\/it\/#website","url":"https:\/\/gooddealersmeds.com\/it\/","name":"Good Dealers Meds","description":"All our best","publisher":{"@id":"https:\/\/gooddealersmeds.com\/it\/#organization"},"potentialAction":[{"@type":"SearchAction","target":{"@type":"EntryPoint","urlTemplate":"https:\/\/gooddealersmeds.com\/it\/?s={search_term_string}"},"query-input":{"@type":"PropertyValueSpecification","valueRequired":true,"valueName":"search_term_string"}}],"inLanguage":"en-US"},{"@type":"Organization","@id":"https:\/\/gooddealersmeds.com\/it\/#organization","name":"Good Dealers Meds","url":"https:\/\/gooddealersmeds.com\/it\/","logo":{"@type":"ImageObject","inLanguage":"en-US","@id":"https:\/\/gooddealersmeds.com\/it\/#\/schema\/logo\/image\/","url":"https:\/\/gooddealersmeds.com\/it\/wp-content\/uploads\/sites\/7\/2022\/03\/gooddealersmeds__logo__20220317T222800Z.00.png","contentUrl":"https:\/\/gooddealersmeds.com\/it\/wp-content\/uploads\/sites\/7\/2022\/03\/gooddealersmeds__logo__20220317T222800Z.00.png","width":500,"height":325,"caption":"Good Dealers Meds"},"image":{"@id":"https:\/\/gooddealersmeds.com\/it\/#\/schema\/logo\/image\/"}}]}},"_links":{"self":[{"href":"https:\/\/gooddealersmeds.com\/it\/wp-json\/wp\/v2\/product\/1833","targetHints":{"allow":["GET"]}}],"collection":[{"href":"https:\/\/gooddealersmeds.com\/it\/wp-json\/wp\/v2\/product"}],"about":[{"href":"https:\/\/gooddealersmeds.com\/it\/wp-json\/wp\/v2\/types\/product"}],"replies":[{"embeddable":true,"href":"https:\/\/gooddealersmeds.com\/it\/wp-json\/wp\/v2\/comments?post=1833"}],"wp:featuredmedia":[{"embeddable":true,"href":"https:\/\/gooddealersmeds.com\/it\/wp-json\/wp\/v2\/media\/1840"}],"wp:attachment":[{"href":"https:\/\/gooddealersmeds.com\/it\/wp-json\/wp\/v2\/media?parent=1833"}],"wp:term":[{"taxonomy":"product_brand","embeddable":true,"href":"https:\/\/gooddealersmeds.com\/it\/wp-json\/wp\/v2\/product_brand?post=1833"},{"taxonomy":"product_cat","embeddable":true,"href":"https:\/\/gooddealersmeds.com\/it\/wp-json\/wp\/v2\/product_cat?post=1833"},{"taxonomy":"product_tag","embeddable":true,"href":"https:\/\/gooddealersmeds.com\/it\/wp-json\/wp\/v2\/product_tag?post=1833"}],"curies":[{"name":"wp","href":"https:\/\/api.w.org\/{rel}","templated":true}]}}