{"id":1823,"date":"2022-06-22T20:56:09","date_gmt":"2022-06-22T20:56:09","guid":{"rendered":"https:\/\/gooddealersmeds.com\/it\/?post_type=product&#038;p=1823"},"modified":"2022-12-30T22:17:04","modified_gmt":"2022-12-30T22:17:04","slug":"pillole-di-nembutal","status":"publish","type":"product","link":"https:\/\/gooddealersmeds.com\/it\/product\/pillole-di-nembutal\/","title":{"rendered":"Acquista le pillole di Nembutal online"},"content":{"rendered":"<h2>Acquista le pillole di Nembutal online in modo sicuro e discreto<\/h2>\n<p>Le pillole di nembutal sono un tipo di barbiturico usato per trattare l&#8217;insonnia e l&#8217;ansia . Il farmaco pu\u00f2 essere utilizzato anche per altre condizioni determinate dal medico. Ordina le pillole di Nembutal online<\/p>\n<p>&nbsp;<\/p>\n<p>Le pillole di nembutal sono disponibili in diversi dosaggi (o livelli) a seconda del farmaco che stai assumendo , il che li rende pi\u00f9 efficaci della maggior parte degli altri tipi di sonniferi. Questi farmaci agiscono rallentando l&#8217;attivit\u00e0 nel cervello, causandoti sonnolenza o addormentandoti rapidamente. Alcune persone scoprono che non riescono ad addormentarsi finch\u00e9 non prendono queste pillole, mentre altri scoprono che possono addormentarsi rapidamente e rimanere addormentati per tutta la notte con una sola pillola.<\/p>\n<p><strong>\u00a0<\/strong><\/p>\n<p><strong>Perch\u00e9 acquistare le pillole di Nembutal online<\/strong><\/p>\n<p>&nbsp;<\/p>\n<p>Il <a href=\"https:\/\/it.wikipedia.org\/wiki\/Pentobarbital\">Nembutal<\/a> pu\u00f2 essere acquistato invece online di una farmacia locale per una serie di motivi. Innanzitutto coster\u00e0 meno che se ci andassi di persona; secondo, \u00e8 conveniente ordinare online quando ne hai bisogno; in terzo luogo, fa risparmiare tempo perch\u00e9 non devi aspettare allo sportello di una farmacia; in quarto luogo, puoi risparmiare acquistando i tuoi farmaci online invece di pagare i prezzi al dettaglio in farmacia ogni mese.<\/p>\n<p>&nbsp;<\/p>\n<p><strong>Il posto migliore per ordinare <\/strong><strong>Pillole di Nembutal online<\/strong><\/p>\n<p>&nbsp;<\/p>\n<p>Molte farmacie forniscono pillole di Nembutal online, ma Good Dealers Meds \u00e8 il posto migliore per trovare questo farmaco. Offriamo prezzi competitivi e un&#8217;ampia gamma di farmaci, tra cui\u00a0 <a href=\"https:\/\/gooddealersmeds.com\/it\/product\/nembutal-pills\/\">Nembutal-pillole<\/a>. Puoi anche prenotare medicinali rari qui facendo clic sul pulsante &#8220;Prenota ora qui sotto.<\/p>\n","protected":false},"excerpt":{"rendered":"<p>L&#8217;acquisto di pillole di Nembutal online \u00e8 un farmaco classificato in un gruppo di farmaci chiamati\u00a0barbiturici. Era comunemente e ampiamente usato negli anni &#8217;40 e &#8217;50 come sonnifero o come trattamento ansiogeno (sedativo). Sebbene le pillole di Nembutal siano utilizzate nel trattamento dell&#8217;insonnia, \u00e8 altamente letale in caso di sovradosaggio.<\/p>\n","protected":false},"featured_media":1831,"comment_status":"open","ping_status":"closed","template":"","meta":{"inline_featured_image":false},"product_brand":[],"product_cat":[343],"product_tag":[],"class_list":{"0":"post-1823","1":"product","2":"type-product","3":"status-publish","4":"has-post-thumbnail","6":"product_cat-altri","8":"first","9":"instock","10":"shipping-taxable","11":"purchasable","12":"product-type-variable","13":"has-default-attributes"},"yoast_head":"<!-- This site is optimized with the Yoast SEO Premium plugin v20.6 (Yoast SEO v27.4) - https:\/\/yoast.com\/product\/yoast-seo-premium-wordpress\/ -->\n<title>Ordina le pillole di Nembutal online | Nembutal | Good Dealers Meds<\/title>\n<meta name=\"description\" content=\"Ordina le pillole di Nembutal online, forniamo Nembutal (Pentobarbital) di alta qualit\u00e0 ai migliori prezzi. Acquista ora e ricevilo a casa tua.\" \/>\n<meta name=\"robots\" content=\"index, follow, max-snippet:-1, max-image-preview:large, max-video-preview:-1\" \/>\n<link rel=\"canonical\" href=\"https:\/\/gooddealersmeds.com\/it\/product\/pillole-di-nembutal\/\" \/>\n<meta property=\"og:locale\" content=\"en_US\" \/>\n<meta property=\"og:type\" content=\"article\" \/>\n<meta property=\"og:title\" content=\"Acquista le pillole di Nembutal online\" \/>\n<meta property=\"og:description\" content=\"Ordina le pillole di Nembutal online, forniamo Nembutal (Pentobarbital) di alta qualit\u00e0 ai migliori prezzi. Acquista ora e ricevilo a casa tua.\" \/>\n<meta property=\"og:url\" content=\"https:\/\/gooddealersmeds.com\/it\/product\/pillole-di-nembutal\/\" \/>\n<meta property=\"og:site_name\" content=\"Good Dealers Meds\" \/>\n<meta property=\"article:modified_time\" content=\"2022-12-30T22:17:04+00:00\" \/>\n<meta property=\"og:image\" content=\"https:\/\/gooddealersmeds.com\/it\/wp-content\/uploads\/sites\/7\/2022\/06\/Nembutal-Pills.webp\" \/>\n\t<meta property=\"og:image:width\" content=\"1200\" \/>\n\t<meta property=\"og:image:height\" content=\"630\" \/>\n\t<meta property=\"og:image:type\" content=\"image\/webp\" \/>\n<meta name=\"twitter:card\" content=\"summary_large_image\" \/>\n<meta name=\"twitter:label1\" content=\"Est. reading time\" \/>\n\t<meta name=\"twitter:data1\" content=\"1 minute\" \/>\n<script type=\"application\/ld+json\" class=\"yoast-schema-graph\">{\"@context\":\"https:\\\/\\\/schema.org\",\"@graph\":[{\"@type\":\"WebPage\",\"@id\":\"https:\\\/\\\/gooddealersmeds.com\\\/it\\\/product\\\/pillole-di-nembutal\\\/\",\"url\":\"https:\\\/\\\/gooddealersmeds.com\\\/it\\\/product\\\/pillole-di-nembutal\\\/\",\"name\":\"Ordina le pillole di Nembutal online | Nembutal | Good Dealers Meds\",\"isPartOf\":{\"@id\":\"https:\\\/\\\/gooddealersmeds.com\\\/it\\\/#website\"},\"primaryImageOfPage\":{\"@id\":\"https:\\\/\\\/gooddealersmeds.com\\\/it\\\/product\\\/pillole-di-nembutal\\\/#primaryimage\"},\"image\":{\"@id\":\"https:\\\/\\\/gooddealersmeds.com\\\/it\\\/product\\\/pillole-di-nembutal\\\/#primaryimage\"},\"thumbnailUrl\":\"https:\\\/\\\/gooddealersmeds.com\\\/it\\\/wp-content\\\/uploads\\\/sites\\\/7\\\/2022\\\/06\\\/Nembutal-Pills.webp\",\"datePublished\":\"2022-06-22T20:56:09+00:00\",\"dateModified\":\"2022-12-30T22:17:04+00:00\",\"description\":\"Ordina le pillole di Nembutal online, forniamo Nembutal (Pentobarbital) di alta qualit\u00e0 ai migliori prezzi. Acquista ora e ricevilo a casa tua.\",\"breadcrumb\":{\"@id\":\"https:\\\/\\\/gooddealersmeds.com\\\/it\\\/product\\\/pillole-di-nembutal\\\/#breadcrumb\"},\"inLanguage\":\"en-US\",\"potentialAction\":[{\"@type\":\"ReadAction\",\"target\":[\"https:\\\/\\\/gooddealersmeds.com\\\/it\\\/product\\\/pillole-di-nembutal\\\/\"]}]},{\"@type\":\"ImageObject\",\"inLanguage\":\"en-US\",\"@id\":\"https:\\\/\\\/gooddealersmeds.com\\\/it\\\/product\\\/pillole-di-nembutal\\\/#primaryimage\",\"url\":\"https:\\\/\\\/gooddealersmeds.com\\\/it\\\/wp-content\\\/uploads\\\/sites\\\/7\\\/2022\\\/06\\\/Nembutal-Pills.webp\",\"contentUrl\":\"https:\\\/\\\/gooddealersmeds.com\\\/it\\\/wp-content\\\/uploads\\\/sites\\\/7\\\/2022\\\/06\\\/Nembutal-Pills.webp\",\"width\":1200,\"height\":630,\"caption\":\"Nembutal Pills Online\"},{\"@type\":\"BreadcrumbList\",\"@id\":\"https:\\\/\\\/gooddealersmeds.com\\\/it\\\/product\\\/pillole-di-nembutal\\\/#breadcrumb\",\"itemListElement\":[{\"@type\":\"ListItem\",\"position\":1,\"name\":\"Home\",\"item\":\"https:\\\/\\\/gooddealersmeds.com\\\/it\\\/\"},{\"@type\":\"ListItem\",\"position\":2,\"name\":\"Prodotti\",\"item\":\"https:\\\/\\\/gooddealersmeds.com\\\/it\\\/prodotti\\\/\"},{\"@type\":\"ListItem\",\"position\":3,\"name\":\"Acquista le pillole di Nembutal online\"}]},{\"@type\":\"WebSite\",\"@id\":\"https:\\\/\\\/gooddealersmeds.com\\\/it\\\/#website\",\"url\":\"https:\\\/\\\/gooddealersmeds.com\\\/it\\\/\",\"name\":\"Good Dealers Meds\",\"description\":\"All our best\",\"publisher\":{\"@id\":\"https:\\\/\\\/gooddealersmeds.com\\\/it\\\/#organization\"},\"potentialAction\":[{\"@type\":\"SearchAction\",\"target\":{\"@type\":\"EntryPoint\",\"urlTemplate\":\"https:\\\/\\\/gooddealersmeds.com\\\/it\\\/?s={search_term_string}\"},\"query-input\":{\"@type\":\"PropertyValueSpecification\",\"valueRequired\":true,\"valueName\":\"search_term_string\"}}],\"inLanguage\":\"en-US\"},{\"@type\":\"Organization\",\"@id\":\"https:\\\/\\\/gooddealersmeds.com\\\/it\\\/#organization\",\"name\":\"Good Dealers Meds\",\"url\":\"https:\\\/\\\/gooddealersmeds.com\\\/it\\\/\",\"logo\":{\"@type\":\"ImageObject\",\"inLanguage\":\"en-US\",\"@id\":\"https:\\\/\\\/gooddealersmeds.com\\\/it\\\/#\\\/schema\\\/logo\\\/image\\\/\",\"url\":\"https:\\\/\\\/gooddealersmeds.com\\\/it\\\/wp-content\\\/uploads\\\/sites\\\/7\\\/2022\\\/03\\\/gooddealersmeds__logo__20220317T222800Z.00.png\",\"contentUrl\":\"https:\\\/\\\/gooddealersmeds.com\\\/it\\\/wp-content\\\/uploads\\\/sites\\\/7\\\/2022\\\/03\\\/gooddealersmeds__logo__20220317T222800Z.00.png\",\"width\":500,\"height\":325,\"caption\":\"Good Dealers Meds\"},\"image\":{\"@id\":\"https:\\\/\\\/gooddealersmeds.com\\\/it\\\/#\\\/schema\\\/logo\\\/image\\\/\"}}]}<\/script>\n<!-- \/ Yoast SEO Premium plugin. -->","yoast_head_json":{"title":"Ordina le pillole di Nembutal online | Nembutal | Good Dealers Meds","description":"Ordina le pillole di Nembutal online, forniamo Nembutal (Pentobarbital) di alta qualit\u00e0 ai migliori prezzi. Acquista ora e ricevilo a casa tua.","robots":{"index":"index","follow":"follow","max-snippet":"max-snippet:-1","max-image-preview":"max-image-preview:large","max-video-preview":"max-video-preview:-1"},"canonical":"https:\/\/gooddealersmeds.com\/it\/product\/pillole-di-nembutal\/","og_locale":"en_US","og_type":"article","og_title":"Acquista le pillole di Nembutal online","og_description":"Ordina le pillole di Nembutal online, forniamo Nembutal (Pentobarbital) di alta qualit\u00e0 ai migliori prezzi. Acquista ora e ricevilo a casa tua.","og_url":"https:\/\/gooddealersmeds.com\/it\/product\/pillole-di-nembutal\/","og_site_name":"Good Dealers Meds","article_modified_time":"2022-12-30T22:17:04+00:00","og_image":[{"width":1200,"height":630,"url":"https:\/\/gooddealersmeds.com\/it\/wp-content\/uploads\/sites\/7\/2022\/06\/Nembutal-Pills.webp","type":"image\/webp"}],"twitter_card":"summary_large_image","twitter_misc":{"Est. reading time":"1 minute"},"schema":{"@context":"https:\/\/schema.org","@graph":[{"@type":"WebPage","@id":"https:\/\/gooddealersmeds.com\/it\/product\/pillole-di-nembutal\/","url":"https:\/\/gooddealersmeds.com\/it\/product\/pillole-di-nembutal\/","name":"Ordina le pillole di Nembutal online | Nembutal | Good Dealers Meds","isPartOf":{"@id":"https:\/\/gooddealersmeds.com\/it\/#website"},"primaryImageOfPage":{"@id":"https:\/\/gooddealersmeds.com\/it\/product\/pillole-di-nembutal\/#primaryimage"},"image":{"@id":"https:\/\/gooddealersmeds.com\/it\/product\/pillole-di-nembutal\/#primaryimage"},"thumbnailUrl":"https:\/\/gooddealersmeds.com\/it\/wp-content\/uploads\/sites\/7\/2022\/06\/Nembutal-Pills.webp","datePublished":"2022-06-22T20:56:09+00:00","dateModified":"2022-12-30T22:17:04+00:00","description":"Ordina le pillole di Nembutal online, forniamo Nembutal (Pentobarbital) di alta qualit\u00e0 ai migliori prezzi. Acquista ora e ricevilo a casa tua.","breadcrumb":{"@id":"https:\/\/gooddealersmeds.com\/it\/product\/pillole-di-nembutal\/#breadcrumb"},"inLanguage":"en-US","potentialAction":[{"@type":"ReadAction","target":["https:\/\/gooddealersmeds.com\/it\/product\/pillole-di-nembutal\/"]}]},{"@type":"ImageObject","inLanguage":"en-US","@id":"https:\/\/gooddealersmeds.com\/it\/product\/pillole-di-nembutal\/#primaryimage","url":"https:\/\/gooddealersmeds.com\/it\/wp-content\/uploads\/sites\/7\/2022\/06\/Nembutal-Pills.webp","contentUrl":"https:\/\/gooddealersmeds.com\/it\/wp-content\/uploads\/sites\/7\/2022\/06\/Nembutal-Pills.webp","width":1200,"height":630,"caption":"Nembutal Pills Online"},{"@type":"BreadcrumbList","@id":"https:\/\/gooddealersmeds.com\/it\/product\/pillole-di-nembutal\/#breadcrumb","itemListElement":[{"@type":"ListItem","position":1,"name":"Home","item":"https:\/\/gooddealersmeds.com\/it\/"},{"@type":"ListItem","position":2,"name":"Prodotti","item":"https:\/\/gooddealersmeds.com\/it\/prodotti\/"},{"@type":"ListItem","position":3,"name":"Acquista le pillole di Nembutal online"}]},{"@type":"WebSite","@id":"https:\/\/gooddealersmeds.com\/it\/#website","url":"https:\/\/gooddealersmeds.com\/it\/","name":"Good Dealers Meds","description":"All our best","publisher":{"@id":"https:\/\/gooddealersmeds.com\/it\/#organization"},"potentialAction":[{"@type":"SearchAction","target":{"@type":"EntryPoint","urlTemplate":"https:\/\/gooddealersmeds.com\/it\/?s={search_term_string}"},"query-input":{"@type":"PropertyValueSpecification","valueRequired":true,"valueName":"search_term_string"}}],"inLanguage":"en-US"},{"@type":"Organization","@id":"https:\/\/gooddealersmeds.com\/it\/#organization","name":"Good Dealers Meds","url":"https:\/\/gooddealersmeds.com\/it\/","logo":{"@type":"ImageObject","inLanguage":"en-US","@id":"https:\/\/gooddealersmeds.com\/it\/#\/schema\/logo\/image\/","url":"https:\/\/gooddealersmeds.com\/it\/wp-content\/uploads\/sites\/7\/2022\/03\/gooddealersmeds__logo__20220317T222800Z.00.png","contentUrl":"https:\/\/gooddealersmeds.com\/it\/wp-content\/uploads\/sites\/7\/2022\/03\/gooddealersmeds__logo__20220317T222800Z.00.png","width":500,"height":325,"caption":"Good Dealers Meds"},"image":{"@id":"https:\/\/gooddealersmeds.com\/it\/#\/schema\/logo\/image\/"}}]}},"_links":{"self":[{"href":"https:\/\/gooddealersmeds.com\/it\/wp-json\/wp\/v2\/product\/1823","targetHints":{"allow":["GET"]}}],"collection":[{"href":"https:\/\/gooddealersmeds.com\/it\/wp-json\/wp\/v2\/product"}],"about":[{"href":"https:\/\/gooddealersmeds.com\/it\/wp-json\/wp\/v2\/types\/product"}],"replies":[{"embeddable":true,"href":"https:\/\/gooddealersmeds.com\/it\/wp-json\/wp\/v2\/comments?post=1823"}],"wp:featuredmedia":[{"embeddable":true,"href":"https:\/\/gooddealersmeds.com\/it\/wp-json\/wp\/v2\/media\/1831"}],"wp:attachment":[{"href":"https:\/\/gooddealersmeds.com\/it\/wp-json\/wp\/v2\/media?parent=1823"}],"wp:term":[{"taxonomy":"product_brand","embeddable":true,"href":"https:\/\/gooddealersmeds.com\/it\/wp-json\/wp\/v2\/product_brand?post=1823"},{"taxonomy":"product_cat","embeddable":true,"href":"https:\/\/gooddealersmeds.com\/it\/wp-json\/wp\/v2\/product_cat?post=1823"},{"taxonomy":"product_tag","embeddable":true,"href":"https:\/\/gooddealersmeds.com\/it\/wp-json\/wp\/v2\/product_tag?post=1823"}],"curies":[{"name":"wp","href":"https:\/\/api.w.org\/{rel}","templated":true}]}}