{"id":1818,"date":"2022-06-22T20:49:15","date_gmt":"2022-06-22T20:49:15","guid":{"rendered":"https:\/\/gooddealersmeds.com\/it\/?post_type=product&#038;p=1818"},"modified":"2022-12-30T22:23:14","modified_gmt":"2022-12-30T22:23:14","slug":"nembutal-orale-liquido","status":"publish","type":"product","link":"https:\/\/gooddealersmeds.com\/it\/product\/nembutal-orale-liquido\/","title":{"rendered":"Acquista Nembutal Liquido Orale"},"content":{"rendered":"<h2>Dove trovare Nembutal liquido orale online dalla farmacia professionale<\/h2>\n<p>Acquista Nembutal Liquid\u00a0Online, il Nembutal liquido \u00e8 stato uno dei fattori principali per cui le persone scelgono Nembutal Pentobarbital per uso orale.<\/p>\n<p>Nembutal Liquid Fenobarbital (nome commerciale: Nembutal) \u00e8 un medicinale barbiturico. \u00c8 comunemente usato come farmaco sedativo o ansiogeno. A differenza dei moderni sonniferi, il Nembutal \u00e8 estremamente letale in caso di sovradosaggio.<\/p>\n<p>Il Pentobarbital (<a href=\"https:\/\/gooddealersmeds.com\/it%20\/product\/nembutal-oral-liquid\/\">Nembutal<\/a>) \u00e8 un barbiturico. I barbiturici sono acidi deboli che vengono rapidamente assorbiti e distribuiti in tutto il corpo, con alte concentrazioni nel cervello, nel fegato e nei reni. La liposolubilit\u00e0 dei barbiturici \u00e8 il fattore pi\u00f9 importante nella loro distribuzione all&#8217;interno dell&#8217;organismo. Pi\u00f9 il barbiturico \u00e8 liposolubile, pi\u00f9 velocemente penetra in tutti i tessuti del corpo. Riduce l&#8217;attivit\u00e0 del cervello e del sistema nervoso. \u00c8 usato come sedativo a breve termine per curare l&#8217;insonnia o per addormentarti prima dell&#8217;intervento chirurgico. Il pentobarbital \u00e8 anche usato come trattamento di emergenza per le crisi epilettiche.<\/p>\n<p><strong>Cos&#8217;\u00e8 il liquido orale Nembutal e come viene utilizzato?<\/strong><\/p>\n<p>Dopo aver ricevuto pentobarbital in ambiente ospedaliero, la respirazione, la pressione sanguigna, i livelli di ossigeno, la funzionalit\u00e0 renale e altri segni vitali saranno monitorati da vicino. Se il pentobarbital ha cambiato colore o contiene particelle, non usarlo. Per nuovi farmaci, contatta il tuo farmacista.<\/p>\n<p>Se usi questo medicinale a lungo termine, potresti aver bisogno di frequenti esami medici. Non smettere di usare questo medicinale improvvisamente dopo un uso a lungo termine, altrimenti potresti avere spiacevoli sintomi di astinenza. Chieda al medico come interrompere in sicurezza l&#8217;uso del pentobarbital.<\/p>\n<ul>\n<li>Conservare a temperatura ambiente lontano da umidit\u00e0 e calore.<\/li>\n<li>Non congelare<\/li>\n<\/ul>\n<p><strong>Nembutal liquido orale per l&#8217;eutanasia<\/strong><\/p>\n<p>I barbiturici devono essere usati con cautela nei pazienti che soffrono di dolore acuto o cronico, poich\u00e9 possono verificarsi eccitazione paradossale o mascheramento di sintomi importanti. I barbiturici, invece, hanno una lunga storia di utilizzo come sedativi nel periodo chirurgico postoperatorio e come coadiuvanti della chemioterapia antitumorale.<\/p>\n<p>Puoi acquista Nembutal orale liquido dal nostro negozio online con spedizione sicura.<\/p>\n","protected":false},"excerpt":{"rendered":"<p>Acquista Pentobarbital online, con il marchio Nembutal, il pentobarbital sodico \u00e8 disponibile come soluzione orale per le persone da assumere per via orale. Pu\u00f2 essere somministrato da professionisti qualificati in ospedali e cliniche o a casa. Ha l&#8217;effetto collaterale di provocare sonnolenza, ma non dovrebbe portare a blackout o perdita di memoria. Questo prodotto deve essere utilizzato solo sotto la diretta supervisione di un medico.<\/p>\n","protected":false},"featured_media":1822,"comment_status":"open","ping_status":"closed","template":"","meta":{"inline_featured_image":false},"product_brand":[],"product_cat":[343],"product_tag":[],"class_list":{"0":"post-1818","1":"product","2":"type-product","3":"status-publish","4":"has-post-thumbnail","6":"product_cat-altri","8":"first","9":"instock","10":"shipping-taxable","11":"purchasable","12":"product-type-variable","13":"has-default-attributes"},"yoast_head":"<!-- This site is optimized with the Yoast SEO Premium plugin v20.6 (Yoast SEO v27.4) - https:\/\/yoast.com\/product\/yoast-seo-premium-wordpress\/ -->\n<title>Acquista Nembutal Liquido Orale (Pentobarbital) | Good Dealers Meds<\/title>\n<meta name=\"description\" content=\"Acquista Nembutal Liquido Orale (Pentobarbital Sodium), un barbiturico che agisce come sedativo o sedativo, usato a breve termine per curare l&#039;insonnia.\" \/>\n<meta name=\"robots\" content=\"index, follow, max-snippet:-1, max-image-preview:large, max-video-preview:-1\" \/>\n<link rel=\"canonical\" href=\"https:\/\/gooddealersmeds.com\/it\/product\/nembutal-orale-liquido\/\" \/>\n<meta property=\"og:locale\" content=\"en_US\" \/>\n<meta property=\"og:type\" content=\"article\" \/>\n<meta property=\"og:title\" content=\"Acquista Nembutal Liquido Orale\" \/>\n<meta property=\"og:description\" content=\"Acquista Nembutal Liquido Orale (Pentobarbital Sodium), un barbiturico che agisce come sedativo o sedativo, usato a breve termine per curare l&#039;insonnia.\" \/>\n<meta property=\"og:url\" content=\"https:\/\/gooddealersmeds.com\/it\/product\/nembutal-orale-liquido\/\" \/>\n<meta property=\"og:site_name\" content=\"Good Dealers Meds\" \/>\n<meta property=\"article:modified_time\" content=\"2022-12-30T22:23:14+00:00\" \/>\n<meta property=\"og:image\" content=\"https:\/\/gooddealersmeds.com\/it\/wp-content\/uploads\/sites\/7\/2022\/06\/Buy-Nembutal-oral-Liquid.webp\" \/>\n\t<meta property=\"og:image:width\" content=\"600\" \/>\n\t<meta property=\"og:image:height\" content=\"600\" \/>\n\t<meta property=\"og:image:type\" content=\"image\/webp\" \/>\n<meta name=\"twitter:card\" content=\"summary_large_image\" \/>\n<meta name=\"twitter:label1\" content=\"Est. reading time\" \/>\n\t<meta name=\"twitter:data1\" content=\"2 minutes\" \/>\n<script type=\"application\/ld+json\" class=\"yoast-schema-graph\">{\"@context\":\"https:\\\/\\\/schema.org\",\"@graph\":[{\"@type\":\"WebPage\",\"@id\":\"https:\\\/\\\/gooddealersmeds.com\\\/it\\\/product\\\/nembutal-orale-liquido\\\/\",\"url\":\"https:\\\/\\\/gooddealersmeds.com\\\/it\\\/product\\\/nembutal-orale-liquido\\\/\",\"name\":\"Acquista Nembutal Liquido Orale (Pentobarbital) | Good Dealers Meds\",\"isPartOf\":{\"@id\":\"https:\\\/\\\/gooddealersmeds.com\\\/it\\\/#website\"},\"primaryImageOfPage\":{\"@id\":\"https:\\\/\\\/gooddealersmeds.com\\\/it\\\/product\\\/nembutal-orale-liquido\\\/#primaryimage\"},\"image\":{\"@id\":\"https:\\\/\\\/gooddealersmeds.com\\\/it\\\/product\\\/nembutal-orale-liquido\\\/#primaryimage\"},\"thumbnailUrl\":\"https:\\\/\\\/gooddealersmeds.com\\\/it\\\/wp-content\\\/uploads\\\/sites\\\/7\\\/2022\\\/06\\\/Buy-Nembutal-oral-Liquid.webp\",\"datePublished\":\"2022-06-22T20:49:15+00:00\",\"dateModified\":\"2022-12-30T22:23:14+00:00\",\"description\":\"Acquista Nembutal Liquido Orale (Pentobarbital Sodium), un barbiturico che agisce come sedativo o sedativo, usato a breve termine per curare l'insonnia.\",\"breadcrumb\":{\"@id\":\"https:\\\/\\\/gooddealersmeds.com\\\/it\\\/product\\\/nembutal-orale-liquido\\\/#breadcrumb\"},\"inLanguage\":\"en-US\",\"potentialAction\":[{\"@type\":\"ReadAction\",\"target\":[\"https:\\\/\\\/gooddealersmeds.com\\\/it\\\/product\\\/nembutal-orale-liquido\\\/\"]}]},{\"@type\":\"ImageObject\",\"inLanguage\":\"en-US\",\"@id\":\"https:\\\/\\\/gooddealersmeds.com\\\/it\\\/product\\\/nembutal-orale-liquido\\\/#primaryimage\",\"url\":\"https:\\\/\\\/gooddealersmeds.com\\\/it\\\/wp-content\\\/uploads\\\/sites\\\/7\\\/2022\\\/06\\\/Buy-Nembutal-oral-Liquid.webp\",\"contentUrl\":\"https:\\\/\\\/gooddealersmeds.com\\\/it\\\/wp-content\\\/uploads\\\/sites\\\/7\\\/2022\\\/06\\\/Buy-Nembutal-oral-Liquid.webp\",\"width\":600,\"height\":600,\"caption\":\"Buy Nembutal Oral Liquid\"},{\"@type\":\"BreadcrumbList\",\"@id\":\"https:\\\/\\\/gooddealersmeds.com\\\/it\\\/product\\\/nembutal-orale-liquido\\\/#breadcrumb\",\"itemListElement\":[{\"@type\":\"ListItem\",\"position\":1,\"name\":\"Home\",\"item\":\"https:\\\/\\\/gooddealersmeds.com\\\/it\\\/\"},{\"@type\":\"ListItem\",\"position\":2,\"name\":\"Prodotti\",\"item\":\"https:\\\/\\\/gooddealersmeds.com\\\/it\\\/prodotti\\\/\"},{\"@type\":\"ListItem\",\"position\":3,\"name\":\"Acquista Nembutal Liquido Orale\"}]},{\"@type\":\"WebSite\",\"@id\":\"https:\\\/\\\/gooddealersmeds.com\\\/it\\\/#website\",\"url\":\"https:\\\/\\\/gooddealersmeds.com\\\/it\\\/\",\"name\":\"Good Dealers Meds\",\"description\":\"All our best\",\"publisher\":{\"@id\":\"https:\\\/\\\/gooddealersmeds.com\\\/it\\\/#organization\"},\"potentialAction\":[{\"@type\":\"SearchAction\",\"target\":{\"@type\":\"EntryPoint\",\"urlTemplate\":\"https:\\\/\\\/gooddealersmeds.com\\\/it\\\/?s={search_term_string}\"},\"query-input\":{\"@type\":\"PropertyValueSpecification\",\"valueRequired\":true,\"valueName\":\"search_term_string\"}}],\"inLanguage\":\"en-US\"},{\"@type\":\"Organization\",\"@id\":\"https:\\\/\\\/gooddealersmeds.com\\\/it\\\/#organization\",\"name\":\"Good Dealers Meds\",\"url\":\"https:\\\/\\\/gooddealersmeds.com\\\/it\\\/\",\"logo\":{\"@type\":\"ImageObject\",\"inLanguage\":\"en-US\",\"@id\":\"https:\\\/\\\/gooddealersmeds.com\\\/it\\\/#\\\/schema\\\/logo\\\/image\\\/\",\"url\":\"https:\\\/\\\/gooddealersmeds.com\\\/it\\\/wp-content\\\/uploads\\\/sites\\\/7\\\/2022\\\/03\\\/gooddealersmeds__logo__20220317T222800Z.00.png\",\"contentUrl\":\"https:\\\/\\\/gooddealersmeds.com\\\/it\\\/wp-content\\\/uploads\\\/sites\\\/7\\\/2022\\\/03\\\/gooddealersmeds__logo__20220317T222800Z.00.png\",\"width\":500,\"height\":325,\"caption\":\"Good Dealers Meds\"},\"image\":{\"@id\":\"https:\\\/\\\/gooddealersmeds.com\\\/it\\\/#\\\/schema\\\/logo\\\/image\\\/\"}}]}<\/script>\n<!-- \/ Yoast SEO Premium plugin. -->","yoast_head_json":{"title":"Acquista Nembutal Liquido Orale (Pentobarbital) | Good Dealers Meds","description":"Acquista Nembutal Liquido Orale (Pentobarbital Sodium), un barbiturico che agisce come sedativo o sedativo, usato a breve termine per curare l'insonnia.","robots":{"index":"index","follow":"follow","max-snippet":"max-snippet:-1","max-image-preview":"max-image-preview:large","max-video-preview":"max-video-preview:-1"},"canonical":"https:\/\/gooddealersmeds.com\/it\/product\/nembutal-orale-liquido\/","og_locale":"en_US","og_type":"article","og_title":"Acquista Nembutal Liquido Orale","og_description":"Acquista Nembutal Liquido Orale (Pentobarbital Sodium), un barbiturico che agisce come sedativo o sedativo, usato a breve termine per curare l'insonnia.","og_url":"https:\/\/gooddealersmeds.com\/it\/product\/nembutal-orale-liquido\/","og_site_name":"Good Dealers Meds","article_modified_time":"2022-12-30T22:23:14+00:00","og_image":[{"width":600,"height":600,"url":"https:\/\/gooddealersmeds.com\/it\/wp-content\/uploads\/sites\/7\/2022\/06\/Buy-Nembutal-oral-Liquid.webp","type":"image\/webp"}],"twitter_card":"summary_large_image","twitter_misc":{"Est. reading time":"2 minutes"},"schema":{"@context":"https:\/\/schema.org","@graph":[{"@type":"WebPage","@id":"https:\/\/gooddealersmeds.com\/it\/product\/nembutal-orale-liquido\/","url":"https:\/\/gooddealersmeds.com\/it\/product\/nembutal-orale-liquido\/","name":"Acquista Nembutal Liquido Orale (Pentobarbital) | Good Dealers Meds","isPartOf":{"@id":"https:\/\/gooddealersmeds.com\/it\/#website"},"primaryImageOfPage":{"@id":"https:\/\/gooddealersmeds.com\/it\/product\/nembutal-orale-liquido\/#primaryimage"},"image":{"@id":"https:\/\/gooddealersmeds.com\/it\/product\/nembutal-orale-liquido\/#primaryimage"},"thumbnailUrl":"https:\/\/gooddealersmeds.com\/it\/wp-content\/uploads\/sites\/7\/2022\/06\/Buy-Nembutal-oral-Liquid.webp","datePublished":"2022-06-22T20:49:15+00:00","dateModified":"2022-12-30T22:23:14+00:00","description":"Acquista Nembutal Liquido Orale (Pentobarbital Sodium), un barbiturico che agisce come sedativo o sedativo, usato a breve termine per curare l'insonnia.","breadcrumb":{"@id":"https:\/\/gooddealersmeds.com\/it\/product\/nembutal-orale-liquido\/#breadcrumb"},"inLanguage":"en-US","potentialAction":[{"@type":"ReadAction","target":["https:\/\/gooddealersmeds.com\/it\/product\/nembutal-orale-liquido\/"]}]},{"@type":"ImageObject","inLanguage":"en-US","@id":"https:\/\/gooddealersmeds.com\/it\/product\/nembutal-orale-liquido\/#primaryimage","url":"https:\/\/gooddealersmeds.com\/it\/wp-content\/uploads\/sites\/7\/2022\/06\/Buy-Nembutal-oral-Liquid.webp","contentUrl":"https:\/\/gooddealersmeds.com\/it\/wp-content\/uploads\/sites\/7\/2022\/06\/Buy-Nembutal-oral-Liquid.webp","width":600,"height":600,"caption":"Buy Nembutal Oral Liquid"},{"@type":"BreadcrumbList","@id":"https:\/\/gooddealersmeds.com\/it\/product\/nembutal-orale-liquido\/#breadcrumb","itemListElement":[{"@type":"ListItem","position":1,"name":"Home","item":"https:\/\/gooddealersmeds.com\/it\/"},{"@type":"ListItem","position":2,"name":"Prodotti","item":"https:\/\/gooddealersmeds.com\/it\/prodotti\/"},{"@type":"ListItem","position":3,"name":"Acquista Nembutal Liquido Orale"}]},{"@type":"WebSite","@id":"https:\/\/gooddealersmeds.com\/it\/#website","url":"https:\/\/gooddealersmeds.com\/it\/","name":"Good Dealers Meds","description":"All our best","publisher":{"@id":"https:\/\/gooddealersmeds.com\/it\/#organization"},"potentialAction":[{"@type":"SearchAction","target":{"@type":"EntryPoint","urlTemplate":"https:\/\/gooddealersmeds.com\/it\/?s={search_term_string}"},"query-input":{"@type":"PropertyValueSpecification","valueRequired":true,"valueName":"search_term_string"}}],"inLanguage":"en-US"},{"@type":"Organization","@id":"https:\/\/gooddealersmeds.com\/it\/#organization","name":"Good Dealers Meds","url":"https:\/\/gooddealersmeds.com\/it\/","logo":{"@type":"ImageObject","inLanguage":"en-US","@id":"https:\/\/gooddealersmeds.com\/it\/#\/schema\/logo\/image\/","url":"https:\/\/gooddealersmeds.com\/it\/wp-content\/uploads\/sites\/7\/2022\/03\/gooddealersmeds__logo__20220317T222800Z.00.png","contentUrl":"https:\/\/gooddealersmeds.com\/it\/wp-content\/uploads\/sites\/7\/2022\/03\/gooddealersmeds__logo__20220317T222800Z.00.png","width":500,"height":325,"caption":"Good Dealers Meds"},"image":{"@id":"https:\/\/gooddealersmeds.com\/it\/#\/schema\/logo\/image\/"}}]}},"_links":{"self":[{"href":"https:\/\/gooddealersmeds.com\/it\/wp-json\/wp\/v2\/product\/1818","targetHints":{"allow":["GET"]}}],"collection":[{"href":"https:\/\/gooddealersmeds.com\/it\/wp-json\/wp\/v2\/product"}],"about":[{"href":"https:\/\/gooddealersmeds.com\/it\/wp-json\/wp\/v2\/types\/product"}],"replies":[{"embeddable":true,"href":"https:\/\/gooddealersmeds.com\/it\/wp-json\/wp\/v2\/comments?post=1818"}],"wp:featuredmedia":[{"embeddable":true,"href":"https:\/\/gooddealersmeds.com\/it\/wp-json\/wp\/v2\/media\/1822"}],"wp:attachment":[{"href":"https:\/\/gooddealersmeds.com\/it\/wp-json\/wp\/v2\/media?parent=1818"}],"wp:term":[{"taxonomy":"product_brand","embeddable":true,"href":"https:\/\/gooddealersmeds.com\/it\/wp-json\/wp\/v2\/product_brand?post=1818"},{"taxonomy":"product_cat","embeddable":true,"href":"https:\/\/gooddealersmeds.com\/it\/wp-json\/wp\/v2\/product_cat?post=1818"},{"taxonomy":"product_tag","embeddable":true,"href":"https:\/\/gooddealersmeds.com\/it\/wp-json\/wp\/v2\/product_tag?post=1818"}],"curies":[{"name":"wp","href":"https:\/\/api.w.org\/{rel}","templated":true}]}}