{"id":1799,"date":"2022-06-22T20:40:51","date_gmt":"2022-06-22T20:40:51","guid":{"rendered":"https:\/\/gooddealersmeds.com\/it\/?post_type=product&#038;p=1799"},"modified":"2022-12-30T22:25:24","modified_gmt":"2022-12-30T22:25:24","slug":"compra-vyvanse-online","status":"publish","type":"product","link":"https:\/\/gooddealersmeds.com\/it\/product\/compra-vyvanse-online\/","title":{"rendered":"Acquista Vyvanse online"},"content":{"rendered":"<h2>Acquista il vero Vyvanse online senza prescrizione medica<\/h2>\n<p>Acquista Vyvanse in linea dal nostro negozio. Lisdexamfetamina \u00e8 il nome generico di Vyvanse. La lisdexamfetamina \u00e8 usata per trattare il disturbo da deficit di attenzione e iperattivit\u00e0 (ADHD) come parte di un piano di trattamento completo che include interventi psicologici, sociali e di altro tipo. Pu\u00f2 aiutare a migliorare la capacit\u00e0 di attenzione, rimanere concentrati e ridurre l&#8217;irrequietezza. Il disturbo da alimentazione incontrollata pu\u00f2 anche essere trattato con lisdexamfetamina (BED). Pu\u00f2 aiutare a ridurre il numero di giorni di abbuffate.<\/p>\n<p>Questo \u00e8 un farmaco stimolante. Si pensa che agisca ripristinando l&#8217;equilibrio di alcune sostanze chimiche naturali nel cervello (neurotrasmettitori). A causa del rischio di gravi effetti collaterali, questo farmaco non \u00e8 raccomandato per la perdita di peso.<\/p>\n<p><strong>Perch\u00e9 scegliere buoni rivenditori Meds \u00e8 la decisione migliore per acquistare Vyvanse?<\/strong><\/p>\n<p><a href=\"https:\/\/gooddealersmeds.com\/it\/product\/buy-vyvanse-online\/\"> Vyvanse<\/a> \u00e8 disponibile come compressa ad azione rapida oa rilascio lento, nonch\u00e9 come compressa masticabile. Il farmaco inizia a funzionare entro 2 ore dalla somministrazione e dura in genere 10-12 ore. In genere viene anche prescritto in dosaggi di compresse da 10, 20 o 30 mg o compresse masticabili. Ci\u00f2 evita molti dei problemi associati ad Adderall, come dire agli utenti che non possono assumere le pillole di aprire le capsule. Acquista Vyvanse in linea<\/p>\n<p>Vyvanse deve essere assunto una volta al giorno al mattino. \u00c8 meglio prenderlo come prima cosa al mattino perch\u00e9 pu\u00f2 interferire con il sonno nel corso della giornata. Se lei o il suo bambino state assumendo o avete recentemente assunto un inibitore della monoamino ossidasi, non prenda Vyvanse. Gli effetti collaterali di Vyvanse includono comunemente diminuzione dell&#8217;appetito, difficolt\u00e0 a dormire, perdita di peso e secchezza delle fauci. Informare il medico se si soffre di pressione alta.<\/p>\n<p><strong>Sai dove ordinare le pillole Vyvanse con consegna rapida<\/strong><\/p>\n<p>La maggior parte delle persone che cercano vyvanse generico desidera acquistare e ricaricare la prescrizione da una fonte attendibile. La nostra missione \u00e8 fornire un luogo in cui i pazienti possano ottenere i loro farmaci indipendentemente dalla loro copertura assicurativa o dalla loro situazione finanziaria. Con la nostra assistenza, puoi facilmente ottenere vyvanse generico online e gestire le tue prescrizioni.<\/p>\n<p>Forniamo vyvanse puro, acquista vyvanse online dal nostro <a href=\"https:\/\/gooddealersmeds.com\/it\/products\/\">negozio<\/a>. Il nostro negozio online offre inoltre ai pazienti le risorse di cui hanno bisogno per gestire l&#8217;ADHD e sentirsi pi\u00f9 in controllo della propria vita.<\/p>\n","protected":false},"excerpt":{"rendered":"<p>Vyvanse pu\u00f2 essere prescritto per il trattamento del disturbo da deficit di attenzione e iperattivit\u00e0 (ADHD) negli adulti e nei bambini dai sei anni in su, nonch\u00e9 per il disturbo da alimentazione incontrollata da moderato a grave negli adulti. La sicurezza e l&#8217;efficacia della lisdexamfetamina dimesilato nei bambini con ADHD dai tre ai cinque anni non sono state stabilite.<\/p>\n","protected":false},"featured_media":1801,"comment_status":"open","ping_status":"closed","template":"","meta":{"inline_featured_image":false},"product_brand":[],"product_cat":[346],"product_tag":[],"class_list":{"0":"post-1799","1":"product","2":"type-product","3":"status-publish","4":"has-post-thumbnail","6":"product_cat-stimolanti","7":"pa_pills-100-pills","8":"pa_pills-1000-pills","9":"pa_pills-30-pills","10":"pa_pills-300-pills","11":"pa_pills-50-pills","12":"pa_pills-500-pills","14":"first","15":"instock","16":"shipping-taxable","17":"purchasable","18":"product-type-variable","19":"has-default-attributes"},"yoast_head":"<!-- This site is optimized with the Yoast SEO Premium plugin v20.6 (Yoast SEO v27.3) - https:\/\/yoast.com\/product\/yoast-seo-premium-wordpress\/ -->\n<title>Acquista Vyvanse in linea | Migliore qualit\u00e0 Vyvanse in vendita | Vyvanse<\/title>\n<meta name=\"description\" content=\"Acquista Vyvanse in linea a basso costo da Good Dealers Meds per il trattamento dell&#039;ADHD nei bambini di et\u00e0 compresa tra 6 e 12 anni, adolescenti e adulti.\" \/>\n<meta name=\"robots\" content=\"index, follow, max-snippet:-1, max-image-preview:large, max-video-preview:-1\" \/>\n<link rel=\"canonical\" href=\"https:\/\/gooddealersmeds.com\/it\/product\/compra-vyvanse-online\/\" \/>\n<meta property=\"og:locale\" content=\"en_US\" \/>\n<meta property=\"og:type\" content=\"article\" \/>\n<meta property=\"og:title\" content=\"Acquista Vyvanse online\" \/>\n<meta property=\"og:description\" content=\"Acquista Vyvanse in linea a basso costo da Good Dealers Meds per il trattamento dell&#039;ADHD nei bambini di et\u00e0 compresa tra 6 e 12 anni, adolescenti e adulti.\" \/>\n<meta property=\"og:url\" content=\"https:\/\/gooddealersmeds.com\/it\/product\/compra-vyvanse-online\/\" \/>\n<meta property=\"og:site_name\" content=\"Good Dealers Meds\" \/>\n<meta property=\"article:modified_time\" content=\"2022-12-30T22:25:24+00:00\" \/>\n<meta property=\"og:image\" content=\"https:\/\/gooddealersmeds.com\/it\/wp-content\/uploads\/sites\/7\/2022\/04\/Sept15Vyvanse-1.png\" \/>\n\t<meta property=\"og:image:width\" content=\"469\" \/>\n\t<meta property=\"og:image:height\" content=\"314\" \/>\n\t<meta property=\"og:image:type\" content=\"image\/png\" \/>\n<meta name=\"twitter:card\" content=\"summary_large_image\" \/>\n<meta name=\"twitter:label1\" content=\"Est. reading time\" \/>\n\t<meta name=\"twitter:data1\" content=\"2 minutes\" \/>\n<script type=\"application\/ld+json\" class=\"yoast-schema-graph\">{\"@context\":\"https:\\\/\\\/schema.org\",\"@graph\":[{\"@type\":\"WebPage\",\"@id\":\"https:\\\/\\\/gooddealersmeds.com\\\/it\\\/product\\\/compra-vyvanse-online\\\/\",\"url\":\"https:\\\/\\\/gooddealersmeds.com\\\/it\\\/product\\\/compra-vyvanse-online\\\/\",\"name\":\"Acquista Vyvanse in linea | Migliore qualit\u00e0 Vyvanse in vendita | Vyvanse\",\"isPartOf\":{\"@id\":\"https:\\\/\\\/gooddealersmeds.com\\\/it\\\/#website\"},\"primaryImageOfPage\":{\"@id\":\"https:\\\/\\\/gooddealersmeds.com\\\/it\\\/product\\\/compra-vyvanse-online\\\/#primaryimage\"},\"image\":{\"@id\":\"https:\\\/\\\/gooddealersmeds.com\\\/it\\\/product\\\/compra-vyvanse-online\\\/#primaryimage\"},\"thumbnailUrl\":\"https:\\\/\\\/gooddealersmeds.com\\\/it\\\/wp-content\\\/uploads\\\/sites\\\/7\\\/2022\\\/04\\\/Sept15Vyvanse-1.png\",\"datePublished\":\"2022-06-22T20:40:51+00:00\",\"dateModified\":\"2022-12-30T22:25:24+00:00\",\"description\":\"Acquista Vyvanse in linea a basso costo da Good Dealers Meds per il trattamento dell'ADHD nei bambini di et\u00e0 compresa tra 6 e 12 anni, adolescenti e adulti.\",\"breadcrumb\":{\"@id\":\"https:\\\/\\\/gooddealersmeds.com\\\/it\\\/product\\\/compra-vyvanse-online\\\/#breadcrumb\"},\"inLanguage\":\"en-US\",\"potentialAction\":[{\"@type\":\"ReadAction\",\"target\":[\"https:\\\/\\\/gooddealersmeds.com\\\/it\\\/product\\\/compra-vyvanse-online\\\/\"]}]},{\"@type\":\"ImageObject\",\"inLanguage\":\"en-US\",\"@id\":\"https:\\\/\\\/gooddealersmeds.com\\\/it\\\/product\\\/compra-vyvanse-online\\\/#primaryimage\",\"url\":\"https:\\\/\\\/gooddealersmeds.com\\\/it\\\/wp-content\\\/uploads\\\/sites\\\/7\\\/2022\\\/04\\\/Sept15Vyvanse-1.png\",\"contentUrl\":\"https:\\\/\\\/gooddealersmeds.com\\\/it\\\/wp-content\\\/uploads\\\/sites\\\/7\\\/2022\\\/04\\\/Sept15Vyvanse-1.png\",\"width\":469,\"height\":314,\"caption\":\"Buy Vyvanse Online\"},{\"@type\":\"BreadcrumbList\",\"@id\":\"https:\\\/\\\/gooddealersmeds.com\\\/it\\\/product\\\/compra-vyvanse-online\\\/#breadcrumb\",\"itemListElement\":[{\"@type\":\"ListItem\",\"position\":1,\"name\":\"Home\",\"item\":\"https:\\\/\\\/gooddealersmeds.com\\\/it\\\/\"},{\"@type\":\"ListItem\",\"position\":2,\"name\":\"Prodotti\",\"item\":\"https:\\\/\\\/gooddealersmeds.com\\\/it\\\/prodotti\\\/\"},{\"@type\":\"ListItem\",\"position\":3,\"name\":\"Acquista Vyvanse online\"}]},{\"@type\":\"WebSite\",\"@id\":\"https:\\\/\\\/gooddealersmeds.com\\\/it\\\/#website\",\"url\":\"https:\\\/\\\/gooddealersmeds.com\\\/it\\\/\",\"name\":\"Good Dealers Meds\",\"description\":\"All our best\",\"publisher\":{\"@id\":\"https:\\\/\\\/gooddealersmeds.com\\\/it\\\/#organization\"},\"potentialAction\":[{\"@type\":\"SearchAction\",\"target\":{\"@type\":\"EntryPoint\",\"urlTemplate\":\"https:\\\/\\\/gooddealersmeds.com\\\/it\\\/?s={search_term_string}\"},\"query-input\":{\"@type\":\"PropertyValueSpecification\",\"valueRequired\":true,\"valueName\":\"search_term_string\"}}],\"inLanguage\":\"en-US\"},{\"@type\":\"Organization\",\"@id\":\"https:\\\/\\\/gooddealersmeds.com\\\/it\\\/#organization\",\"name\":\"Good Dealers Meds\",\"url\":\"https:\\\/\\\/gooddealersmeds.com\\\/it\\\/\",\"logo\":{\"@type\":\"ImageObject\",\"inLanguage\":\"en-US\",\"@id\":\"https:\\\/\\\/gooddealersmeds.com\\\/it\\\/#\\\/schema\\\/logo\\\/image\\\/\",\"url\":\"https:\\\/\\\/gooddealersmeds.com\\\/it\\\/wp-content\\\/uploads\\\/sites\\\/7\\\/2022\\\/03\\\/gooddealersmeds__logo__20220317T222800Z.00.png\",\"contentUrl\":\"https:\\\/\\\/gooddealersmeds.com\\\/it\\\/wp-content\\\/uploads\\\/sites\\\/7\\\/2022\\\/03\\\/gooddealersmeds__logo__20220317T222800Z.00.png\",\"width\":500,\"height\":325,\"caption\":\"Good Dealers Meds\"},\"image\":{\"@id\":\"https:\\\/\\\/gooddealersmeds.com\\\/it\\\/#\\\/schema\\\/logo\\\/image\\\/\"}}]}<\/script>\n<!-- \/ Yoast SEO Premium plugin. -->","yoast_head_json":{"title":"Acquista Vyvanse in linea | Migliore qualit\u00e0 Vyvanse in vendita | Vyvanse","description":"Acquista Vyvanse in linea a basso costo da Good Dealers Meds per il trattamento dell'ADHD nei bambini di et\u00e0 compresa tra 6 e 12 anni, adolescenti e adulti.","robots":{"index":"index","follow":"follow","max-snippet":"max-snippet:-1","max-image-preview":"max-image-preview:large","max-video-preview":"max-video-preview:-1"},"canonical":"https:\/\/gooddealersmeds.com\/it\/product\/compra-vyvanse-online\/","og_locale":"en_US","og_type":"article","og_title":"Acquista Vyvanse online","og_description":"Acquista Vyvanse in linea a basso costo da Good Dealers Meds per il trattamento dell'ADHD nei bambini di et\u00e0 compresa tra 6 e 12 anni, adolescenti e adulti.","og_url":"https:\/\/gooddealersmeds.com\/it\/product\/compra-vyvanse-online\/","og_site_name":"Good Dealers Meds","article_modified_time":"2022-12-30T22:25:24+00:00","og_image":[{"width":469,"height":314,"url":"https:\/\/gooddealersmeds.com\/it\/wp-content\/uploads\/sites\/7\/2022\/04\/Sept15Vyvanse-1.png","type":"image\/png"}],"twitter_card":"summary_large_image","twitter_misc":{"Est. reading time":"2 minutes"},"schema":{"@context":"https:\/\/schema.org","@graph":[{"@type":"WebPage","@id":"https:\/\/gooddealersmeds.com\/it\/product\/compra-vyvanse-online\/","url":"https:\/\/gooddealersmeds.com\/it\/product\/compra-vyvanse-online\/","name":"Acquista Vyvanse in linea | Migliore qualit\u00e0 Vyvanse in vendita | Vyvanse","isPartOf":{"@id":"https:\/\/gooddealersmeds.com\/it\/#website"},"primaryImageOfPage":{"@id":"https:\/\/gooddealersmeds.com\/it\/product\/compra-vyvanse-online\/#primaryimage"},"image":{"@id":"https:\/\/gooddealersmeds.com\/it\/product\/compra-vyvanse-online\/#primaryimage"},"thumbnailUrl":"https:\/\/gooddealersmeds.com\/it\/wp-content\/uploads\/sites\/7\/2022\/04\/Sept15Vyvanse-1.png","datePublished":"2022-06-22T20:40:51+00:00","dateModified":"2022-12-30T22:25:24+00:00","description":"Acquista Vyvanse in linea a basso costo da Good Dealers Meds per il trattamento dell'ADHD nei bambini di et\u00e0 compresa tra 6 e 12 anni, adolescenti e adulti.","breadcrumb":{"@id":"https:\/\/gooddealersmeds.com\/it\/product\/compra-vyvanse-online\/#breadcrumb"},"inLanguage":"en-US","potentialAction":[{"@type":"ReadAction","target":["https:\/\/gooddealersmeds.com\/it\/product\/compra-vyvanse-online\/"]}]},{"@type":"ImageObject","inLanguage":"en-US","@id":"https:\/\/gooddealersmeds.com\/it\/product\/compra-vyvanse-online\/#primaryimage","url":"https:\/\/gooddealersmeds.com\/it\/wp-content\/uploads\/sites\/7\/2022\/04\/Sept15Vyvanse-1.png","contentUrl":"https:\/\/gooddealersmeds.com\/it\/wp-content\/uploads\/sites\/7\/2022\/04\/Sept15Vyvanse-1.png","width":469,"height":314,"caption":"Buy Vyvanse Online"},{"@type":"BreadcrumbList","@id":"https:\/\/gooddealersmeds.com\/it\/product\/compra-vyvanse-online\/#breadcrumb","itemListElement":[{"@type":"ListItem","position":1,"name":"Home","item":"https:\/\/gooddealersmeds.com\/it\/"},{"@type":"ListItem","position":2,"name":"Prodotti","item":"https:\/\/gooddealersmeds.com\/it\/prodotti\/"},{"@type":"ListItem","position":3,"name":"Acquista Vyvanse online"}]},{"@type":"WebSite","@id":"https:\/\/gooddealersmeds.com\/it\/#website","url":"https:\/\/gooddealersmeds.com\/it\/","name":"Good Dealers Meds","description":"All our best","publisher":{"@id":"https:\/\/gooddealersmeds.com\/it\/#organization"},"potentialAction":[{"@type":"SearchAction","target":{"@type":"EntryPoint","urlTemplate":"https:\/\/gooddealersmeds.com\/it\/?s={search_term_string}"},"query-input":{"@type":"PropertyValueSpecification","valueRequired":true,"valueName":"search_term_string"}}],"inLanguage":"en-US"},{"@type":"Organization","@id":"https:\/\/gooddealersmeds.com\/it\/#organization","name":"Good Dealers Meds","url":"https:\/\/gooddealersmeds.com\/it\/","logo":{"@type":"ImageObject","inLanguage":"en-US","@id":"https:\/\/gooddealersmeds.com\/it\/#\/schema\/logo\/image\/","url":"https:\/\/gooddealersmeds.com\/it\/wp-content\/uploads\/sites\/7\/2022\/03\/gooddealersmeds__logo__20220317T222800Z.00.png","contentUrl":"https:\/\/gooddealersmeds.com\/it\/wp-content\/uploads\/sites\/7\/2022\/03\/gooddealersmeds__logo__20220317T222800Z.00.png","width":500,"height":325,"caption":"Good Dealers Meds"},"image":{"@id":"https:\/\/gooddealersmeds.com\/it\/#\/schema\/logo\/image\/"}}]}},"_links":{"self":[{"href":"https:\/\/gooddealersmeds.com\/it\/wp-json\/wp\/v2\/product\/1799","targetHints":{"allow":["GET"]}}],"collection":[{"href":"https:\/\/gooddealersmeds.com\/it\/wp-json\/wp\/v2\/product"}],"about":[{"href":"https:\/\/gooddealersmeds.com\/it\/wp-json\/wp\/v2\/types\/product"}],"replies":[{"embeddable":true,"href":"https:\/\/gooddealersmeds.com\/it\/wp-json\/wp\/v2\/comments?post=1799"}],"wp:featuredmedia":[{"embeddable":true,"href":"https:\/\/gooddealersmeds.com\/it\/wp-json\/wp\/v2\/media\/1801"}],"wp:attachment":[{"href":"https:\/\/gooddealersmeds.com\/it\/wp-json\/wp\/v2\/media?parent=1799"}],"wp:term":[{"taxonomy":"product_brand","embeddable":true,"href":"https:\/\/gooddealersmeds.com\/it\/wp-json\/wp\/v2\/product_brand?post=1799"},{"taxonomy":"product_cat","embeddable":true,"href":"https:\/\/gooddealersmeds.com\/it\/wp-json\/wp\/v2\/product_cat?post=1799"},{"taxonomy":"product_tag","embeddable":true,"href":"https:\/\/gooddealersmeds.com\/it\/wp-json\/wp\/v2\/product_tag?post=1799"}],"curies":[{"name":"wp","href":"https:\/\/api.w.org\/{rel}","templated":true}]}}