{"id":1744,"date":"2022-03-19T02:44:47","date_gmt":"2022-03-19T02:44:47","guid":{"rendered":"https:\/\/gooddealersmeds.com\/it\/?post_type=product&#038;p=1744"},"modified":"2022-12-30T22:34:38","modified_gmt":"2022-12-30T22:34:38","slug":"comprare-lsd-tablets-online","status":"publish","type":"product","link":"https:\/\/gooddealersmeds.com\/it\/product\/comprare-lsd-tablets-online\/","title":{"rendered":"Acquista online compresse di LSD"},"content":{"rendered":"<h2>Acquista compresse di LSD da 50 mcg online.<\/h2>\n<p>Acquista compresse LSD in linea, ordina compresse LSD nelle nostre compresse LSD <a href=\"https:\/\/gooddealersmeds.com\/it\/products\/\"><span style=\"color: #333333\">acquista<\/span>.<\/a>\u00a0Se desideri acquistare compresse di LSD di buona qualit\u00e0, non cercare oltre, sei nel posto giusto. Le nostre compresse di LSD sono le migliori sul mercato in questo momento.<\/p>\n<p>Dietilamide dell&#8217;acido lisergico (LSD), noto anche come acido, \u00e8 una droga psichedelica nota per il suo <span style=\"color: #333333\"><a style=\"color: #333333\" href=\"https:\/\/adf.org.au\/drug-facts\/psychedelics\/\">effetti psichedelici<\/a><\/span>. L&#8217;LSD \u00e8 il pi\u00f9 potente e famigerato degli allucinogeni e quello che ha portato questa classe di droghe alla ribalta del pubblico negli anni &#8217;60. L&#8217;LSD \u00e8 stato originariamente sintetizzato da alcaloidi della segale cornuta estratti dal fungo della segale cornuta Claviceps purpurea. Ci\u00f2 pu\u00f2 includere una consapevolezza alterata dell&#8217;ambiente circostante, delle percezioni e dei sentimenti, nonch\u00e9 sensazioni e immagini che sembrano reali anche se non lo sono. \u00c8 usato principalmente come droga ricreativa e per ragioni spirituali. Acquista compresse LSD in linea<\/p>\n<p>L&#8217;LSD \u00e8 una droga che altera la mente. Interagendo con i recettori della serotonina nel cervello, si pensa che l&#8217;LSD provochi i suoi caratteristici effetti allucinogeni. La serotonina \u00e8 un neurotrasmettitore che aiuta a regolare l&#8217;umore e il comportamento, regola i sensi e modera i pensieri.<\/p>\n<p>Nome generico: dietilamide dell&#8217;acido lisergico<br \/>\nNomi comuni o delle strade: l&#8217;LSD \u00e8 venduto a meno di 80 nomi di strade tra cui acido, blotter, cid, dosi, punti e trip, nonch\u00e9 nomi che riflettono i disegni sui fogli di carta assorbente (ad esempio, &#8220;drago viola&#8221;)<\/p>\n<p>&nbsp;<\/p>\n<p>&nbsp;<\/p>\n<pre><strong>Acquista compresse di LSD da 50 mcg online - acquista compresse di LSD, acquista compresse di LSD da 50 mcg, acquista LSD da 50 mcg online, Dove acquistare compresse di LSD da 50 mcg, compresse di LSD da 50 mcg in vendita, LSD compresse in vendita, acquista compresse online, dove acquistare compresse LSD da 50 mcg online, compresse LSD da 50 mcg in vendita negli Stati Uniti, Stati Uniti, Canada, Regno Unito, acquista, online, fornitori, consegna sicura, \u00c8 ancora possibile ottenere compresse LSD da 50 mcg, \u00c8 50 mcg LSD compresse legali negli Stati Uniti, acquista compresse di LSD da 50 mcg online negli Stati Uniti, come ordinare compresse di LSD da 50 mcg , Le compresse di LSD da 50 mcg sono legali in Canada<\/strong><\/pre>\n","protected":false},"excerpt":{"rendered":"<p>Acquista compresse di LSD da 50 mcg online da Good Dealers Meds. Compresse LSD in vendita negli Stati Uniti e in Canada a un prezzo molto conveniente e ricevi la tua consegna a casa in tempi brevi.<\/p>\n","protected":false},"featured_media":1748,"comment_status":"open","ping_status":"closed","template":"","meta":{"inline_featured_image":false},"product_brand":[],"product_cat":[345],"product_tag":[299,107,309,101,105,310,301,300,306,110,302,305,307,109,108,311,308,104,106,304,303],"class_list":{"0":"post-1744","1":"product","2":"type-product","3":"status-publish","4":"has-post-thumbnail","6":"product_cat-droghe-psichedeliche","7":"product_tag-comprare-50mcg-lsd-compresse-online-acquistare-lsd-compresse","8":"product_tag-acquistare","9":"product_tag-buy-50mcg-lsd-tablets-online-usa","10":"product_tag-compra-compresse-online","11":"product_tag-canada","12":"product_tag-come-ordinare-50mcg-lsd-compresse","13":"product_tag-comprare-50mcg-lsd-online","14":"product_tag-comprare-50mcg-lsd-compresse","15":"product_tag-compresse-50mcg-lsd-in-vendita-negli-stati-uniti","16":"product_tag-consegna-sicura","17":"product_tag-dove-acquistare-50mcg-lsd-compresse","18":"product_tag-dove-comprare-50mcg-lsd-compresse-online","19":"product_tag--ancora-possibile-ottenere-compresse-da-50-mcg-lsd","20":"product_tag-fornitori","21":"product_tag-in-linea","22":"product_tag-is-50mcg-lsd-tablets-legal-in-canada","23":"product_tag-is-50mcg-lsd-tablets-legal-in-usa","24":"product_tag-stati-uniti-damerica","25":"product_tag-uk","26":"product_tag-lsd-compresse-in-vendita","27":"product_tag-50mcg-lsd-compresse-in-vendita","29":"first","30":"instock","31":"shipping-taxable","32":"purchasable","33":"product-type-variable","34":"has-default-attributes"},"yoast_head":"<!-- This site is optimized with the Yoast SEO Premium plugin v20.6 (Yoast SEO v27.4) - https:\/\/yoast.com\/product\/yoast-seo-premium-wordpress\/ -->\n<title>Acquista compresse LSD in linea - La migliore qualit\u00e0 di LSD in vendita<\/title>\n<meta name=\"description\" content=\"Acquista compresse LSD in linea da 50mcg nel negozio di Good Dealers Meds. Compresse LSD in vendita negli Stati Uniti e in Canada a prezzi economici, consegnati a domicilio!\" \/>\n<meta name=\"robots\" content=\"index, follow, max-snippet:-1, max-image-preview:large, max-video-preview:-1\" \/>\n<link rel=\"canonical\" href=\"https:\/\/gooddealersmeds.com\/it\/product\/comprare-lsd-tablets-online\/\" \/>\n<meta property=\"og:locale\" content=\"en_US\" \/>\n<meta property=\"og:type\" content=\"article\" \/>\n<meta property=\"og:title\" content=\"Acquista online compresse di LSD\" \/>\n<meta property=\"og:description\" content=\"Acquista compresse LSD in linea da 50mcg nel negozio di Good Dealers Meds. Compresse LSD in vendita negli Stati Uniti e in Canada a prezzi economici, consegnati a domicilio!\" \/>\n<meta property=\"og:url\" content=\"https:\/\/gooddealersmeds.com\/it\/product\/comprare-lsd-tablets-online\/\" \/>\n<meta property=\"og:site_name\" content=\"Good Dealers Meds\" \/>\n<meta property=\"article:modified_time\" content=\"2022-12-30T22:34:38+00:00\" \/>\n<meta property=\"og:image\" content=\"https:\/\/gooddealersmeds.com\/it\/wp-content\/uploads\/sites\/7\/2022\/03\/buy-50mcg-lsd-tablets-online.jpg\" \/>\n\t<meta property=\"og:image:width\" content=\"600\" \/>\n\t<meta property=\"og:image:height\" content=\"600\" \/>\n\t<meta property=\"og:image:type\" content=\"image\/jpeg\" \/>\n<meta name=\"twitter:card\" content=\"summary_large_image\" \/>\n<meta name=\"twitter:label1\" content=\"Est. reading time\" \/>\n\t<meta name=\"twitter:data1\" content=\"2 minutes\" \/>\n<script type=\"application\/ld+json\" class=\"yoast-schema-graph\">{\"@context\":\"https:\\\/\\\/schema.org\",\"@graph\":[{\"@type\":\"WebPage\",\"@id\":\"https:\\\/\\\/gooddealersmeds.com\\\/it\\\/product\\\/comprare-lsd-tablets-online\\\/\",\"url\":\"https:\\\/\\\/gooddealersmeds.com\\\/it\\\/product\\\/comprare-lsd-tablets-online\\\/\",\"name\":\"Acquista compresse LSD in linea - La migliore qualit\u00e0 di LSD in vendita\",\"isPartOf\":{\"@id\":\"https:\\\/\\\/gooddealersmeds.com\\\/it\\\/#website\"},\"primaryImageOfPage\":{\"@id\":\"https:\\\/\\\/gooddealersmeds.com\\\/it\\\/product\\\/comprare-lsd-tablets-online\\\/#primaryimage\"},\"image\":{\"@id\":\"https:\\\/\\\/gooddealersmeds.com\\\/it\\\/product\\\/comprare-lsd-tablets-online\\\/#primaryimage\"},\"thumbnailUrl\":\"https:\\\/\\\/gooddealersmeds.com\\\/it\\\/wp-content\\\/uploads\\\/sites\\\/7\\\/2022\\\/03\\\/buy-50mcg-lsd-tablets-online.jpg\",\"datePublished\":\"2022-03-19T02:44:47+00:00\",\"dateModified\":\"2022-12-30T22:34:38+00:00\",\"description\":\"Acquista compresse LSD in linea da 50mcg nel negozio di Good Dealers Meds. Compresse LSD in vendita negli Stati Uniti e in Canada a prezzi economici, consegnati a domicilio!\",\"breadcrumb\":{\"@id\":\"https:\\\/\\\/gooddealersmeds.com\\\/it\\\/product\\\/comprare-lsd-tablets-online\\\/#breadcrumb\"},\"inLanguage\":\"en-US\",\"potentialAction\":[{\"@type\":\"ReadAction\",\"target\":[\"https:\\\/\\\/gooddealersmeds.com\\\/it\\\/product\\\/comprare-lsd-tablets-online\\\/\"]}]},{\"@type\":\"ImageObject\",\"inLanguage\":\"en-US\",\"@id\":\"https:\\\/\\\/gooddealersmeds.com\\\/it\\\/product\\\/comprare-lsd-tablets-online\\\/#primaryimage\",\"url\":\"https:\\\/\\\/gooddealersmeds.com\\\/it\\\/wp-content\\\/uploads\\\/sites\\\/7\\\/2022\\\/03\\\/buy-50mcg-lsd-tablets-online.jpg\",\"contentUrl\":\"https:\\\/\\\/gooddealersmeds.com\\\/it\\\/wp-content\\\/uploads\\\/sites\\\/7\\\/2022\\\/03\\\/buy-50mcg-lsd-tablets-online.jpg\",\"width\":600,\"height\":600,\"caption\":\"Buy LSD Tablets Online\"},{\"@type\":\"BreadcrumbList\",\"@id\":\"https:\\\/\\\/gooddealersmeds.com\\\/it\\\/product\\\/comprare-lsd-tablets-online\\\/#breadcrumb\",\"itemListElement\":[{\"@type\":\"ListItem\",\"position\":1,\"name\":\"Home\",\"item\":\"https:\\\/\\\/gooddealersmeds.com\\\/it\\\/\"},{\"@type\":\"ListItem\",\"position\":2,\"name\":\"Prodotti\",\"item\":\"https:\\\/\\\/gooddealersmeds.com\\\/it\\\/prodotti\\\/\"},{\"@type\":\"ListItem\",\"position\":3,\"name\":\"Acquista online compresse di LSD\"}]},{\"@type\":\"WebSite\",\"@id\":\"https:\\\/\\\/gooddealersmeds.com\\\/it\\\/#website\",\"url\":\"https:\\\/\\\/gooddealersmeds.com\\\/it\\\/\",\"name\":\"Good Dealers Meds\",\"description\":\"All our best\",\"publisher\":{\"@id\":\"https:\\\/\\\/gooddealersmeds.com\\\/it\\\/#organization\"},\"potentialAction\":[{\"@type\":\"SearchAction\",\"target\":{\"@type\":\"EntryPoint\",\"urlTemplate\":\"https:\\\/\\\/gooddealersmeds.com\\\/it\\\/?s={search_term_string}\"},\"query-input\":{\"@type\":\"PropertyValueSpecification\",\"valueRequired\":true,\"valueName\":\"search_term_string\"}}],\"inLanguage\":\"en-US\"},{\"@type\":\"Organization\",\"@id\":\"https:\\\/\\\/gooddealersmeds.com\\\/it\\\/#organization\",\"name\":\"Good Dealers Meds\",\"url\":\"https:\\\/\\\/gooddealersmeds.com\\\/it\\\/\",\"logo\":{\"@type\":\"ImageObject\",\"inLanguage\":\"en-US\",\"@id\":\"https:\\\/\\\/gooddealersmeds.com\\\/it\\\/#\\\/schema\\\/logo\\\/image\\\/\",\"url\":\"https:\\\/\\\/gooddealersmeds.com\\\/it\\\/wp-content\\\/uploads\\\/sites\\\/7\\\/2022\\\/03\\\/gooddealersmeds__logo__20220317T222800Z.00.png\",\"contentUrl\":\"https:\\\/\\\/gooddealersmeds.com\\\/it\\\/wp-content\\\/uploads\\\/sites\\\/7\\\/2022\\\/03\\\/gooddealersmeds__logo__20220317T222800Z.00.png\",\"width\":500,\"height\":325,\"caption\":\"Good Dealers Meds\"},\"image\":{\"@id\":\"https:\\\/\\\/gooddealersmeds.com\\\/it\\\/#\\\/schema\\\/logo\\\/image\\\/\"}}]}<\/script>\n<!-- \/ Yoast SEO Premium plugin. -->","yoast_head_json":{"title":"Acquista compresse LSD in linea - La migliore qualit\u00e0 di LSD in vendita","description":"Acquista compresse LSD in linea da 50mcg nel negozio di Good Dealers Meds. Compresse LSD in vendita negli Stati Uniti e in Canada a prezzi economici, consegnati a domicilio!","robots":{"index":"index","follow":"follow","max-snippet":"max-snippet:-1","max-image-preview":"max-image-preview:large","max-video-preview":"max-video-preview:-1"},"canonical":"https:\/\/gooddealersmeds.com\/it\/product\/comprare-lsd-tablets-online\/","og_locale":"en_US","og_type":"article","og_title":"Acquista online compresse di LSD","og_description":"Acquista compresse LSD in linea da 50mcg nel negozio di Good Dealers Meds. Compresse LSD in vendita negli Stati Uniti e in Canada a prezzi economici, consegnati a domicilio!","og_url":"https:\/\/gooddealersmeds.com\/it\/product\/comprare-lsd-tablets-online\/","og_site_name":"Good Dealers Meds","article_modified_time":"2022-12-30T22:34:38+00:00","og_image":[{"width":600,"height":600,"url":"https:\/\/gooddealersmeds.com\/it\/wp-content\/uploads\/sites\/7\/2022\/03\/buy-50mcg-lsd-tablets-online.jpg","type":"image\/jpeg"}],"twitter_card":"summary_large_image","twitter_misc":{"Est. reading time":"2 minutes"},"schema":{"@context":"https:\/\/schema.org","@graph":[{"@type":"WebPage","@id":"https:\/\/gooddealersmeds.com\/it\/product\/comprare-lsd-tablets-online\/","url":"https:\/\/gooddealersmeds.com\/it\/product\/comprare-lsd-tablets-online\/","name":"Acquista compresse LSD in linea - La migliore qualit\u00e0 di LSD in vendita","isPartOf":{"@id":"https:\/\/gooddealersmeds.com\/it\/#website"},"primaryImageOfPage":{"@id":"https:\/\/gooddealersmeds.com\/it\/product\/comprare-lsd-tablets-online\/#primaryimage"},"image":{"@id":"https:\/\/gooddealersmeds.com\/it\/product\/comprare-lsd-tablets-online\/#primaryimage"},"thumbnailUrl":"https:\/\/gooddealersmeds.com\/it\/wp-content\/uploads\/sites\/7\/2022\/03\/buy-50mcg-lsd-tablets-online.jpg","datePublished":"2022-03-19T02:44:47+00:00","dateModified":"2022-12-30T22:34:38+00:00","description":"Acquista compresse LSD in linea da 50mcg nel negozio di Good Dealers Meds. Compresse LSD in vendita negli Stati Uniti e in Canada a prezzi economici, consegnati a domicilio!","breadcrumb":{"@id":"https:\/\/gooddealersmeds.com\/it\/product\/comprare-lsd-tablets-online\/#breadcrumb"},"inLanguage":"en-US","potentialAction":[{"@type":"ReadAction","target":["https:\/\/gooddealersmeds.com\/it\/product\/comprare-lsd-tablets-online\/"]}]},{"@type":"ImageObject","inLanguage":"en-US","@id":"https:\/\/gooddealersmeds.com\/it\/product\/comprare-lsd-tablets-online\/#primaryimage","url":"https:\/\/gooddealersmeds.com\/it\/wp-content\/uploads\/sites\/7\/2022\/03\/buy-50mcg-lsd-tablets-online.jpg","contentUrl":"https:\/\/gooddealersmeds.com\/it\/wp-content\/uploads\/sites\/7\/2022\/03\/buy-50mcg-lsd-tablets-online.jpg","width":600,"height":600,"caption":"Buy LSD Tablets Online"},{"@type":"BreadcrumbList","@id":"https:\/\/gooddealersmeds.com\/it\/product\/comprare-lsd-tablets-online\/#breadcrumb","itemListElement":[{"@type":"ListItem","position":1,"name":"Home","item":"https:\/\/gooddealersmeds.com\/it\/"},{"@type":"ListItem","position":2,"name":"Prodotti","item":"https:\/\/gooddealersmeds.com\/it\/prodotti\/"},{"@type":"ListItem","position":3,"name":"Acquista online compresse di LSD"}]},{"@type":"WebSite","@id":"https:\/\/gooddealersmeds.com\/it\/#website","url":"https:\/\/gooddealersmeds.com\/it\/","name":"Good Dealers Meds","description":"All our best","publisher":{"@id":"https:\/\/gooddealersmeds.com\/it\/#organization"},"potentialAction":[{"@type":"SearchAction","target":{"@type":"EntryPoint","urlTemplate":"https:\/\/gooddealersmeds.com\/it\/?s={search_term_string}"},"query-input":{"@type":"PropertyValueSpecification","valueRequired":true,"valueName":"search_term_string"}}],"inLanguage":"en-US"},{"@type":"Organization","@id":"https:\/\/gooddealersmeds.com\/it\/#organization","name":"Good Dealers Meds","url":"https:\/\/gooddealersmeds.com\/it\/","logo":{"@type":"ImageObject","inLanguage":"en-US","@id":"https:\/\/gooddealersmeds.com\/it\/#\/schema\/logo\/image\/","url":"https:\/\/gooddealersmeds.com\/it\/wp-content\/uploads\/sites\/7\/2022\/03\/gooddealersmeds__logo__20220317T222800Z.00.png","contentUrl":"https:\/\/gooddealersmeds.com\/it\/wp-content\/uploads\/sites\/7\/2022\/03\/gooddealersmeds__logo__20220317T222800Z.00.png","width":500,"height":325,"caption":"Good Dealers Meds"},"image":{"@id":"https:\/\/gooddealersmeds.com\/it\/#\/schema\/logo\/image\/"}}]}},"_links":{"self":[{"href":"https:\/\/gooddealersmeds.com\/it\/wp-json\/wp\/v2\/product\/1744","targetHints":{"allow":["GET"]}}],"collection":[{"href":"https:\/\/gooddealersmeds.com\/it\/wp-json\/wp\/v2\/product"}],"about":[{"href":"https:\/\/gooddealersmeds.com\/it\/wp-json\/wp\/v2\/types\/product"}],"replies":[{"embeddable":true,"href":"https:\/\/gooddealersmeds.com\/it\/wp-json\/wp\/v2\/comments?post=1744"}],"wp:featuredmedia":[{"embeddable":true,"href":"https:\/\/gooddealersmeds.com\/it\/wp-json\/wp\/v2\/media\/1748"}],"wp:attachment":[{"href":"https:\/\/gooddealersmeds.com\/it\/wp-json\/wp\/v2\/media?parent=1744"}],"wp:term":[{"taxonomy":"product_brand","embeddable":true,"href":"https:\/\/gooddealersmeds.com\/it\/wp-json\/wp\/v2\/product_brand?post=1744"},{"taxonomy":"product_cat","embeddable":true,"href":"https:\/\/gooddealersmeds.com\/it\/wp-json\/wp\/v2\/product_cat?post=1744"},{"taxonomy":"product_tag","embeddable":true,"href":"https:\/\/gooddealersmeds.com\/it\/wp-json\/wp\/v2\/product_tag?post=1744"}],"curies":[{"name":"wp","href":"https:\/\/api.w.org\/{rel}","templated":true}]}}