{"id":1728,"date":"2022-03-19T02:16:28","date_gmt":"2022-03-19T02:16:28","guid":{"rendered":"https:\/\/gooddealersmeds.com\/it\/?post_type=product&#038;p=1728"},"modified":"2022-12-30T22:38:21","modified_gmt":"2022-12-30T22:38:21","slug":"cerotti-al-fentanil","status":"publish","type":"product","link":"https:\/\/gooddealersmeds.com\/it\/product\/cerotti-al-fentanil\/","title":{"rendered":"Acquista online i cerotti al fentanil"},"content":{"rendered":"<h2>Dove acquistare i cerotti al fentanil: ordina i cerotti al fentanil a un prezzo accessibile con un fornitore di fiducia<\/h2>\n<p>Acquista online i cerotti al fentanil (noti anche come fentanil) \u00e8 un potente analgesico oppioide sintetico con una breve durata d&#8217;azione. \u00c8 un potente agonista dei recettori -oppioidi. Si stima che il fentanil sia da 50 a 100 volte pi\u00f9 potente della morfina.<\/p>\n<p>Il fentanil appartiene a un gruppo di farmaci chiamati oppioidi. <a href=\"https:\/\/gooddealersmeds.com\/it\/product\/fentanyl-patches\/\">Fentanyl<\/a> \u00e8 usato per trattare il dolore cronico persistente (a lungo termine) per coloro che hanno bisogno di un sollievo dal dolore costante e sono attualmente sta assumendo altri farmaci oppioidi (narcotici).<\/p>\n<p>L&#8217;antidolorifico oppioide nel cerotto di fentanil entra gradualmente nel tuo corpo. Potrebbero essere necessari fino a due giorni prima che il cerotto iniziale di fentanil abbia un impatto evidente, ma i cerotti successivi manterranno questo effetto. Ci\u00f2 significa che puoi mantenere il sollievo dal dolore finch\u00e9 ti ricordi di cambiare il cerotto ogni tre giorni. Cambia il cerotto ogni giorno alla stessa ora.<\/p>\n<p><strong>Che cos&#8217;\u00e8 il cerotto Fentanyl e come funziona?<\/strong><\/p>\n<p>Gli oppioidi (come i cerotti al fentanil) raramente forniscono un sollievo totale dal dolore. Il medico, l&#8217;infermiere o il farmacista locale determineranno l&#8217;approccio migliore per gestire il dolore e modificare la dose per fornire sollievo dal dolore la maggior parte delle volte. Mireranno anche a ridurre al minimo gli effetti negativi. Acquista online i cerotti al fentanil<\/p>\n<p>Se questi effetti avversi persistono per pi\u00f9 di qualche giorno, il medico pu\u00f2 prescrivere ulteriori farmaci per aiutare, come i farmaci anti-malattia. La stitichezza \u00e8 un effetto collaterale comune che non scompare dopo pochi giorni. Per affrontare la stitichezza, potresti dover provare un lassativo o aumentare la quantit\u00e0 di fibre e acqua nella tua dieta.<\/p>\n<p><strong>Effetti<\/strong><\/p>\n<p>Nausea, vomito, stitichezza, stordimento, vertigini, sonnolenza o mal di testa sono tutti possibili effetti collaterali. Nel sito di applicazione possono verificarsi anche lievi disagi, prurito o arrossamento. Alcuni di questi effetti avversi possono scomparire dopo un periodo di utilizzo di questo farmaco. Informare immediatamente il medico o il farmacista se uno qualsiasi di questi effetti collaterali persiste o peggiora.<\/p>\n<p>Puoi acquistare i cerotti di fentanil online dal nostro negozio senza prescrizione medica.<\/p>\n","protected":false},"excerpt":{"rendered":"<p>Il fentanil, anche scritto fentanil, \u00e8 un oppioide usato come antidolorifico e insieme ad altri farmaci per l&#8217;anestesia. Il fentanil \u00e8 anche usato come droga ricreativa, spesso mescolato con eroina o cocaina. Ha una rapida insorgenza e i suoi effetti durano generalmente meno di due ore. Acquista fentanil online, acquista cerotti fentanil online<\/p>\n<p>&nbsp;<\/p>\n<p><strong>5 cerotti per confezione<\/strong><\/p>\n","protected":false},"featured_media":1734,"comment_status":"open","ping_status":"closed","template":"","meta":{"inline_featured_image":false},"product_brand":[],"product_cat":[347],"product_tag":[297,298,97],"class_list":{"0":"post-1728","1":"product","2":"type-product","3":"status-publish","4":"has-post-thumbnail","6":"product_cat-antidolorifici-oppioidi","7":"product_tag-buy-fentanil-cerotti","8":"product_tag-acquistare-fentanil-cerotti-online","9":"product_tag-comprare-fentanil-online","11":"first","12":"instock","13":"featured","14":"shipping-taxable","15":"purchasable","16":"product-type-variable","17":"has-default-attributes"},"yoast_head":"<!-- This site is optimized with the Yoast SEO Premium plugin v20.6 (Yoast SEO v27.3) - https:\/\/yoast.com\/product\/yoast-seo-premium-wordpress\/ -->\n<title>Acquista online i cerotti al fentanil | fentanil in vendita | Ordina Fentanil<\/title>\n<meta name=\"description\" content=\"Acquista online i cerotti al fentanil senza prescrizione medica. Il fentanil \u00e8 un oppioide usato come antidolorifico per l&#039;anestesia o il dolore cronico persistente.\" \/>\n<meta name=\"robots\" content=\"index, follow, max-snippet:-1, max-image-preview:large, max-video-preview:-1\" \/>\n<link rel=\"canonical\" href=\"https:\/\/gooddealersmeds.com\/it\/product\/cerotti-al-fentanil\/\" \/>\n<meta property=\"og:locale\" content=\"en_US\" \/>\n<meta property=\"og:type\" content=\"article\" \/>\n<meta property=\"og:title\" content=\"Acquista online i cerotti al fentanil\" \/>\n<meta property=\"og:description\" content=\"Acquista online i cerotti al fentanil senza prescrizione medica. Il fentanil \u00e8 un oppioide usato come antidolorifico per l&#039;anestesia o il dolore cronico persistente.\" \/>\n<meta property=\"og:url\" content=\"https:\/\/gooddealersmeds.com\/it\/product\/cerotti-al-fentanil\/\" \/>\n<meta property=\"og:site_name\" content=\"Good Dealers Meds\" \/>\n<meta property=\"article:modified_time\" content=\"2022-12-30T22:38:21+00:00\" \/>\n<meta property=\"og:image\" content=\"https:\/\/gooddealersmeds.com\/it\/wp-content\/uploads\/sites\/7\/2022\/03\/Fentanyl-Patch-75mcg-e1573043473107-500x500-1.jpg\" \/>\n\t<meta property=\"og:image:width\" content=\"500\" \/>\n\t<meta property=\"og:image:height\" content=\"500\" \/>\n\t<meta property=\"og:image:type\" content=\"image\/jpeg\" \/>\n<meta name=\"twitter:card\" content=\"summary_large_image\" \/>\n<meta name=\"twitter:label1\" content=\"Est. reading time\" \/>\n\t<meta name=\"twitter:data1\" content=\"2 minutes\" \/>\n<script type=\"application\/ld+json\" class=\"yoast-schema-graph\">{\"@context\":\"https:\\\/\\\/schema.org\",\"@graph\":[{\"@type\":\"WebPage\",\"@id\":\"https:\\\/\\\/gooddealersmeds.com\\\/it\\\/product\\\/cerotti-al-fentanil\\\/\",\"url\":\"https:\\\/\\\/gooddealersmeds.com\\\/it\\\/product\\\/cerotti-al-fentanil\\\/\",\"name\":\"Acquista online i cerotti al fentanil | fentanil in vendita | Ordina Fentanil\",\"isPartOf\":{\"@id\":\"https:\\\/\\\/gooddealersmeds.com\\\/it\\\/#website\"},\"primaryImageOfPage\":{\"@id\":\"https:\\\/\\\/gooddealersmeds.com\\\/it\\\/product\\\/cerotti-al-fentanil\\\/#primaryimage\"},\"image\":{\"@id\":\"https:\\\/\\\/gooddealersmeds.com\\\/it\\\/product\\\/cerotti-al-fentanil\\\/#primaryimage\"},\"thumbnailUrl\":\"https:\\\/\\\/gooddealersmeds.com\\\/it\\\/wp-content\\\/uploads\\\/sites\\\/7\\\/2022\\\/03\\\/Fentanyl-Patch-75mcg-e1573043473107-500x500-1.jpg\",\"datePublished\":\"2022-03-19T02:16:28+00:00\",\"dateModified\":\"2022-12-30T22:38:21+00:00\",\"description\":\"Acquista online i cerotti al fentanil senza prescrizione medica. Il fentanil \u00e8 un oppioide usato come antidolorifico per l'anestesia o il dolore cronico persistente.\",\"breadcrumb\":{\"@id\":\"https:\\\/\\\/gooddealersmeds.com\\\/it\\\/product\\\/cerotti-al-fentanil\\\/#breadcrumb\"},\"inLanguage\":\"en-US\",\"potentialAction\":[{\"@type\":\"ReadAction\",\"target\":[\"https:\\\/\\\/gooddealersmeds.com\\\/it\\\/product\\\/cerotti-al-fentanil\\\/\"]}]},{\"@type\":\"ImageObject\",\"inLanguage\":\"en-US\",\"@id\":\"https:\\\/\\\/gooddealersmeds.com\\\/it\\\/product\\\/cerotti-al-fentanil\\\/#primaryimage\",\"url\":\"https:\\\/\\\/gooddealersmeds.com\\\/it\\\/wp-content\\\/uploads\\\/sites\\\/7\\\/2022\\\/03\\\/Fentanyl-Patch-75mcg-e1573043473107-500x500-1.jpg\",\"contentUrl\":\"https:\\\/\\\/gooddealersmeds.com\\\/it\\\/wp-content\\\/uploads\\\/sites\\\/7\\\/2022\\\/03\\\/Fentanyl-Patch-75mcg-e1573043473107-500x500-1.jpg\",\"width\":500,\"height\":500,\"caption\":\"Buy Fentanyl Online\"},{\"@type\":\"BreadcrumbList\",\"@id\":\"https:\\\/\\\/gooddealersmeds.com\\\/it\\\/product\\\/cerotti-al-fentanil\\\/#breadcrumb\",\"itemListElement\":[{\"@type\":\"ListItem\",\"position\":1,\"name\":\"Home\",\"item\":\"https:\\\/\\\/gooddealersmeds.com\\\/it\\\/\"},{\"@type\":\"ListItem\",\"position\":2,\"name\":\"Prodotti\",\"item\":\"https:\\\/\\\/gooddealersmeds.com\\\/it\\\/prodotti\\\/\"},{\"@type\":\"ListItem\",\"position\":3,\"name\":\"Acquista online i cerotti al fentanil\"}]},{\"@type\":\"WebSite\",\"@id\":\"https:\\\/\\\/gooddealersmeds.com\\\/it\\\/#website\",\"url\":\"https:\\\/\\\/gooddealersmeds.com\\\/it\\\/\",\"name\":\"Good Dealers Meds\",\"description\":\"All our best\",\"publisher\":{\"@id\":\"https:\\\/\\\/gooddealersmeds.com\\\/it\\\/#organization\"},\"potentialAction\":[{\"@type\":\"SearchAction\",\"target\":{\"@type\":\"EntryPoint\",\"urlTemplate\":\"https:\\\/\\\/gooddealersmeds.com\\\/it\\\/?s={search_term_string}\"},\"query-input\":{\"@type\":\"PropertyValueSpecification\",\"valueRequired\":true,\"valueName\":\"search_term_string\"}}],\"inLanguage\":\"en-US\"},{\"@type\":\"Organization\",\"@id\":\"https:\\\/\\\/gooddealersmeds.com\\\/it\\\/#organization\",\"name\":\"Good Dealers Meds\",\"url\":\"https:\\\/\\\/gooddealersmeds.com\\\/it\\\/\",\"logo\":{\"@type\":\"ImageObject\",\"inLanguage\":\"en-US\",\"@id\":\"https:\\\/\\\/gooddealersmeds.com\\\/it\\\/#\\\/schema\\\/logo\\\/image\\\/\",\"url\":\"https:\\\/\\\/gooddealersmeds.com\\\/it\\\/wp-content\\\/uploads\\\/sites\\\/7\\\/2022\\\/03\\\/gooddealersmeds__logo__20220317T222800Z.00.png\",\"contentUrl\":\"https:\\\/\\\/gooddealersmeds.com\\\/it\\\/wp-content\\\/uploads\\\/sites\\\/7\\\/2022\\\/03\\\/gooddealersmeds__logo__20220317T222800Z.00.png\",\"width\":500,\"height\":325,\"caption\":\"Good Dealers Meds\"},\"image\":{\"@id\":\"https:\\\/\\\/gooddealersmeds.com\\\/it\\\/#\\\/schema\\\/logo\\\/image\\\/\"}}]}<\/script>\n<!-- \/ Yoast SEO Premium plugin. -->","yoast_head_json":{"title":"Acquista online i cerotti al fentanil | fentanil in vendita | Ordina Fentanil","description":"Acquista online i cerotti al fentanil senza prescrizione medica. Il fentanil \u00e8 un oppioide usato come antidolorifico per l'anestesia o il dolore cronico persistente.","robots":{"index":"index","follow":"follow","max-snippet":"max-snippet:-1","max-image-preview":"max-image-preview:large","max-video-preview":"max-video-preview:-1"},"canonical":"https:\/\/gooddealersmeds.com\/it\/product\/cerotti-al-fentanil\/","og_locale":"en_US","og_type":"article","og_title":"Acquista online i cerotti al fentanil","og_description":"Acquista online i cerotti al fentanil senza prescrizione medica. Il fentanil \u00e8 un oppioide usato come antidolorifico per l'anestesia o il dolore cronico persistente.","og_url":"https:\/\/gooddealersmeds.com\/it\/product\/cerotti-al-fentanil\/","og_site_name":"Good Dealers Meds","article_modified_time":"2022-12-30T22:38:21+00:00","og_image":[{"width":500,"height":500,"url":"https:\/\/gooddealersmeds.com\/it\/wp-content\/uploads\/sites\/7\/2022\/03\/Fentanyl-Patch-75mcg-e1573043473107-500x500-1.jpg","type":"image\/jpeg"}],"twitter_card":"summary_large_image","twitter_misc":{"Est. reading time":"2 minutes"},"schema":{"@context":"https:\/\/schema.org","@graph":[{"@type":"WebPage","@id":"https:\/\/gooddealersmeds.com\/it\/product\/cerotti-al-fentanil\/","url":"https:\/\/gooddealersmeds.com\/it\/product\/cerotti-al-fentanil\/","name":"Acquista online i cerotti al fentanil | fentanil in vendita | Ordina Fentanil","isPartOf":{"@id":"https:\/\/gooddealersmeds.com\/it\/#website"},"primaryImageOfPage":{"@id":"https:\/\/gooddealersmeds.com\/it\/product\/cerotti-al-fentanil\/#primaryimage"},"image":{"@id":"https:\/\/gooddealersmeds.com\/it\/product\/cerotti-al-fentanil\/#primaryimage"},"thumbnailUrl":"https:\/\/gooddealersmeds.com\/it\/wp-content\/uploads\/sites\/7\/2022\/03\/Fentanyl-Patch-75mcg-e1573043473107-500x500-1.jpg","datePublished":"2022-03-19T02:16:28+00:00","dateModified":"2022-12-30T22:38:21+00:00","description":"Acquista online i cerotti al fentanil senza prescrizione medica. Il fentanil \u00e8 un oppioide usato come antidolorifico per l'anestesia o il dolore cronico persistente.","breadcrumb":{"@id":"https:\/\/gooddealersmeds.com\/it\/product\/cerotti-al-fentanil\/#breadcrumb"},"inLanguage":"en-US","potentialAction":[{"@type":"ReadAction","target":["https:\/\/gooddealersmeds.com\/it\/product\/cerotti-al-fentanil\/"]}]},{"@type":"ImageObject","inLanguage":"en-US","@id":"https:\/\/gooddealersmeds.com\/it\/product\/cerotti-al-fentanil\/#primaryimage","url":"https:\/\/gooddealersmeds.com\/it\/wp-content\/uploads\/sites\/7\/2022\/03\/Fentanyl-Patch-75mcg-e1573043473107-500x500-1.jpg","contentUrl":"https:\/\/gooddealersmeds.com\/it\/wp-content\/uploads\/sites\/7\/2022\/03\/Fentanyl-Patch-75mcg-e1573043473107-500x500-1.jpg","width":500,"height":500,"caption":"Buy Fentanyl Online"},{"@type":"BreadcrumbList","@id":"https:\/\/gooddealersmeds.com\/it\/product\/cerotti-al-fentanil\/#breadcrumb","itemListElement":[{"@type":"ListItem","position":1,"name":"Home","item":"https:\/\/gooddealersmeds.com\/it\/"},{"@type":"ListItem","position":2,"name":"Prodotti","item":"https:\/\/gooddealersmeds.com\/it\/prodotti\/"},{"@type":"ListItem","position":3,"name":"Acquista online i cerotti al fentanil"}]},{"@type":"WebSite","@id":"https:\/\/gooddealersmeds.com\/it\/#website","url":"https:\/\/gooddealersmeds.com\/it\/","name":"Good Dealers Meds","description":"All our best","publisher":{"@id":"https:\/\/gooddealersmeds.com\/it\/#organization"},"potentialAction":[{"@type":"SearchAction","target":{"@type":"EntryPoint","urlTemplate":"https:\/\/gooddealersmeds.com\/it\/?s={search_term_string}"},"query-input":{"@type":"PropertyValueSpecification","valueRequired":true,"valueName":"search_term_string"}}],"inLanguage":"en-US"},{"@type":"Organization","@id":"https:\/\/gooddealersmeds.com\/it\/#organization","name":"Good Dealers Meds","url":"https:\/\/gooddealersmeds.com\/it\/","logo":{"@type":"ImageObject","inLanguage":"en-US","@id":"https:\/\/gooddealersmeds.com\/it\/#\/schema\/logo\/image\/","url":"https:\/\/gooddealersmeds.com\/it\/wp-content\/uploads\/sites\/7\/2022\/03\/gooddealersmeds__logo__20220317T222800Z.00.png","contentUrl":"https:\/\/gooddealersmeds.com\/it\/wp-content\/uploads\/sites\/7\/2022\/03\/gooddealersmeds__logo__20220317T222800Z.00.png","width":500,"height":325,"caption":"Good Dealers Meds"},"image":{"@id":"https:\/\/gooddealersmeds.com\/it\/#\/schema\/logo\/image\/"}}]}},"_links":{"self":[{"href":"https:\/\/gooddealersmeds.com\/it\/wp-json\/wp\/v2\/product\/1728","targetHints":{"allow":["GET"]}}],"collection":[{"href":"https:\/\/gooddealersmeds.com\/it\/wp-json\/wp\/v2\/product"}],"about":[{"href":"https:\/\/gooddealersmeds.com\/it\/wp-json\/wp\/v2\/types\/product"}],"replies":[{"embeddable":true,"href":"https:\/\/gooddealersmeds.com\/it\/wp-json\/wp\/v2\/comments?post=1728"}],"wp:featuredmedia":[{"embeddable":true,"href":"https:\/\/gooddealersmeds.com\/it\/wp-json\/wp\/v2\/media\/1734"}],"wp:attachment":[{"href":"https:\/\/gooddealersmeds.com\/it\/wp-json\/wp\/v2\/media?parent=1728"}],"wp:term":[{"taxonomy":"product_brand","embeddable":true,"href":"https:\/\/gooddealersmeds.com\/it\/wp-json\/wp\/v2\/product_brand?post=1728"},{"taxonomy":"product_cat","embeddable":true,"href":"https:\/\/gooddealersmeds.com\/it\/wp-json\/wp\/v2\/product_cat?post=1728"},{"taxonomy":"product_tag","embeddable":true,"href":"https:\/\/gooddealersmeds.com\/it\/wp-json\/wp\/v2\/product_tag?post=1728"}],"curies":[{"name":"wp","href":"https:\/\/api.w.org\/{rel}","templated":true}]}}