{"id":1718,"date":"2022-03-19T01:50:33","date_gmt":"2022-03-19T01:50:33","guid":{"rendered":"https:\/\/gooddealersmeds.com\/it\/?post_type=product&#038;p=1718"},"modified":"2022-12-30T22:41:33","modified_gmt":"2022-12-30T22:41:33","slug":"comprare-morfina-solfato-online","status":"publish","type":"product","link":"https:\/\/gooddealersmeds.com\/it\/product\/comprare-morfina-solfato-online\/","title":{"rendered":"Acquista solfato di morfina online"},"content":{"rendered":"<h2>Acquisto di solfato di morfina online dai migliori<\/h2>\n<p>Acquista Morfina in linea. La morfina \u00e8 un potente antidolorifico. \u00c8 usato per trattare il dolore intenso. Questo medicinale \u00e8 usato per trattare il dolore cronico grave (come quello dovuto al cancro). La morfina appartiene alla classe dei farmaci analgesici oppioidi. Cambia il modo in cui il tuo corpo percepisce e risponde al dolore agendo sul cervello. I dosaggi pi\u00f9 elevati di questo farmaco (90 e 120 milligrammi per capsula) devono essere utilizzati solo se si stanno assumendo regolarmente dosi da moderate ad alte di antidolorifici oppioidi.<\/p>\n<p>&#8220;Non masticare, schiacciare, o sciogliere questo farmaco o il contenuto delle capsule. Inoltre, non consumare alcol o utilizzare altri prodotti contenenti alcol durante l&#8217;assunzione di questo farmaco. L&#8217;assunzione di morfina solfato insieme ad alcol o tipi di <a href=\"https:\/\/gooddealersmeds.com\/it\/product\/comprare-morfina-solfato-online\/\">morfina<\/a> a rilascio prolungato frantumati, masticati o disciolti potrebbe causare sovradosaggio letale.&#8221; Acquista Morfina in linea<\/p>\n<p>Prima di iniziare a usare la morfina e ogni volta che ricevi una ricarica, leggi la Guida ai farmaci rilasciata dal tuo farmacista. Consulta il tuo medico o il farmacista in caso di domande.<\/p>\n<h2>Effetti che ottieni usando il solfato di morfina &#8211; Acquista Morfina in linea<\/h2>\n<p>La morfina agisce impedendo ai segnali del dolore di raggiungere il cervello attraverso i nervi. Gli effetti avversi pi\u00f9 diffusi della morfina sono costipazione, nausea e stanchezza. La dipendenza da morfina \u00e8 concepibile, ma \u00e8 raro se la stai assumendo per gestire il dolore e il tuo medico valuta i tuoi farmaci su base frequente.<\/p>\n<p>La morfina pu\u00f2 essere assunta da bambini e adulti di tutte le et\u00e0. Tuttavia i neonati, i bambini piccoli e gli anziani hanno maggiori probabilit\u00e0 di avere effetti collaterali. Informi il medico prima di iniziare il medicinale se:<\/p>\n<ul>\n<li>Ha mai avuto una reazione allergica alla morfina o a qualsiasi altro medicinale<\/li>\n<li>Ha difficolt\u00e0 respiratorie o problemi ai polmoni<\/li>\n<li>Ha una dipendenza dall&#8217;alcol<\/li>\n<li>Ha una condizione che causa attacchi o convulsioni<\/li>\n<li>Ha un trauma cranico<\/li>\n<li>Ha bassi livelli di tiroide<\/li>\n<li>Ha problemi alle ghiandole surrenali<\/li>\n<li>Ha problemi ai reni o al fegato<\/li>\n<li>Ha la prostata ingrossata<\/li>\n<li>Ha la pressione sanguigna bassa<\/li>\n<\/ul>\n<p><strong>Qui puoi ordinare il solfato di morfina, uno dei migliori per liberarti.<\/strong><\/p>\n<p>Diamo risalto all&#8217;eccellenza del prodotto e garantiamo che i nostri farmaci abbiano un prezzo ragionevole. Quando fai acquisti nel negozio di farmaci e prodotti chimici, la tua privacy \u00e8 sempre al sicuro. Puoi acquistare facilmente la morfina solfato online dal nostro negozio online.<\/p>\n","protected":false},"excerpt":{"rendered":"<p>La morfina \u00e8 usata per alleviare il dolore intenso. Appartiene a una classe di farmaci noti come analgesici oppioidi. Funziona nel cervello per cambiare il modo in cui il tuo corpo si sente e risponde al dolore.<\/p>\n","protected":false},"featured_media":1727,"comment_status":"open","ping_status":"closed","template":"","meta":{"inline_featured_image":false},"product_brand":[],"product_cat":[347],"product_tag":[],"class_list":{"0":"post-1718","1":"product","2":"type-product","3":"status-publish","4":"has-post-thumbnail","6":"product_cat-antidolorifici-oppioidi","7":"pa_milliliters-100-ml","8":"pa_milliliters-250-ml","9":"pa_milliliters-50-ml","10":"pa_milliliters-500-ml","12":"first","13":"instock","14":"featured","15":"shipping-taxable","16":"purchasable","17":"product-type-variable","18":"has-default-attributes"},"yoast_head":"<!-- This site is optimized with the Yoast SEO Premium plugin v20.6 (Yoast SEO v27.3) - https:\/\/yoast.com\/product\/yoast-seo-premium-wordpress\/ -->\n<title>Acquista Morfina in linea | dove trovare la morfina | Fornitore di morfina<\/title>\n<meta name=\"description\" content=\"Acquista Morfina in linea 50mg\/Ml 20ml da Good Dealers Meds al miglior prezzo. \u00c8 usato per alleviare il dolore da moderato a grave.\" \/>\n<meta name=\"robots\" content=\"index, follow, max-snippet:-1, max-image-preview:large, max-video-preview:-1\" \/>\n<link rel=\"canonical\" href=\"https:\/\/gooddealersmeds.com\/it\/product\/comprare-morfina-solfato-online\/\" \/>\n<meta property=\"og:locale\" content=\"en_US\" \/>\n<meta property=\"og:type\" content=\"article\" \/>\n<meta property=\"og:title\" content=\"Acquista solfato di morfina online\" \/>\n<meta property=\"og:description\" content=\"Acquista Morfina in linea 50mg\/Ml 20ml da Good Dealers Meds al miglior prezzo. \u00c8 usato per alleviare il dolore da moderato a grave.\" \/>\n<meta property=\"og:url\" content=\"https:\/\/gooddealersmeds.com\/it\/product\/comprare-morfina-solfato-online\/\" \/>\n<meta property=\"og:site_name\" content=\"Good Dealers Meds\" \/>\n<meta property=\"article:modified_time\" content=\"2022-12-30T22:41:33+00:00\" \/>\n<meta property=\"og:image\" content=\"https:\/\/gooddealersmeds.com\/it\/wp-content\/uploads\/sites\/7\/2022\/03\/Morphine.jpeg\" \/>\n\t<meta property=\"og:image:width\" content=\"800\" \/>\n\t<meta property=\"og:image:height\" content=\"800\" \/>\n\t<meta property=\"og:image:type\" content=\"image\/jpeg\" \/>\n<meta name=\"twitter:card\" content=\"summary_large_image\" \/>\n<meta name=\"twitter:label1\" content=\"Est. reading time\" \/>\n\t<meta name=\"twitter:data1\" content=\"2 minutes\" \/>\n<script type=\"application\/ld+json\" class=\"yoast-schema-graph\">{\"@context\":\"https:\\\/\\\/schema.org\",\"@graph\":[{\"@type\":\"WebPage\",\"@id\":\"https:\\\/\\\/gooddealersmeds.com\\\/it\\\/product\\\/comprare-morfina-solfato-online\\\/\",\"url\":\"https:\\\/\\\/gooddealersmeds.com\\\/it\\\/product\\\/comprare-morfina-solfato-online\\\/\",\"name\":\"Acquista Morfina in linea | dove trovare la morfina | Fornitore di morfina\",\"isPartOf\":{\"@id\":\"https:\\\/\\\/gooddealersmeds.com\\\/it\\\/#website\"},\"primaryImageOfPage\":{\"@id\":\"https:\\\/\\\/gooddealersmeds.com\\\/it\\\/product\\\/comprare-morfina-solfato-online\\\/#primaryimage\"},\"image\":{\"@id\":\"https:\\\/\\\/gooddealersmeds.com\\\/it\\\/product\\\/comprare-morfina-solfato-online\\\/#primaryimage\"},\"thumbnailUrl\":\"https:\\\/\\\/gooddealersmeds.com\\\/it\\\/wp-content\\\/uploads\\\/sites\\\/7\\\/2022\\\/03\\\/Morphine.jpeg\",\"datePublished\":\"2022-03-19T01:50:33+00:00\",\"dateModified\":\"2022-12-30T22:41:33+00:00\",\"description\":\"Acquista Morfina in linea 50mg\\\/Ml 20ml da Good Dealers Meds al miglior prezzo. \u00c8 usato per alleviare il dolore da moderato a grave.\",\"breadcrumb\":{\"@id\":\"https:\\\/\\\/gooddealersmeds.com\\\/it\\\/product\\\/comprare-morfina-solfato-online\\\/#breadcrumb\"},\"inLanguage\":\"en-US\",\"potentialAction\":[{\"@type\":\"ReadAction\",\"target\":[\"https:\\\/\\\/gooddealersmeds.com\\\/it\\\/product\\\/comprare-morfina-solfato-online\\\/\"]}]},{\"@type\":\"ImageObject\",\"inLanguage\":\"en-US\",\"@id\":\"https:\\\/\\\/gooddealersmeds.com\\\/it\\\/product\\\/comprare-morfina-solfato-online\\\/#primaryimage\",\"url\":\"https:\\\/\\\/gooddealersmeds.com\\\/it\\\/wp-content\\\/uploads\\\/sites\\\/7\\\/2022\\\/03\\\/Morphine.jpeg\",\"contentUrl\":\"https:\\\/\\\/gooddealersmeds.com\\\/it\\\/wp-content\\\/uploads\\\/sites\\\/7\\\/2022\\\/03\\\/Morphine.jpeg\",\"width\":800,\"height\":800,\"caption\":\"Buy Morphine Sulfate Online\"},{\"@type\":\"BreadcrumbList\",\"@id\":\"https:\\\/\\\/gooddealersmeds.com\\\/it\\\/product\\\/comprare-morfina-solfato-online\\\/#breadcrumb\",\"itemListElement\":[{\"@type\":\"ListItem\",\"position\":1,\"name\":\"Home\",\"item\":\"https:\\\/\\\/gooddealersmeds.com\\\/it\\\/\"},{\"@type\":\"ListItem\",\"position\":2,\"name\":\"Prodotti\",\"item\":\"https:\\\/\\\/gooddealersmeds.com\\\/it\\\/prodotti\\\/\"},{\"@type\":\"ListItem\",\"position\":3,\"name\":\"Acquista solfato di morfina online\"}]},{\"@type\":\"WebSite\",\"@id\":\"https:\\\/\\\/gooddealersmeds.com\\\/it\\\/#website\",\"url\":\"https:\\\/\\\/gooddealersmeds.com\\\/it\\\/\",\"name\":\"Good Dealers Meds\",\"description\":\"All our best\",\"publisher\":{\"@id\":\"https:\\\/\\\/gooddealersmeds.com\\\/it\\\/#organization\"},\"potentialAction\":[{\"@type\":\"SearchAction\",\"target\":{\"@type\":\"EntryPoint\",\"urlTemplate\":\"https:\\\/\\\/gooddealersmeds.com\\\/it\\\/?s={search_term_string}\"},\"query-input\":{\"@type\":\"PropertyValueSpecification\",\"valueRequired\":true,\"valueName\":\"search_term_string\"}}],\"inLanguage\":\"en-US\"},{\"@type\":\"Organization\",\"@id\":\"https:\\\/\\\/gooddealersmeds.com\\\/it\\\/#organization\",\"name\":\"Good Dealers Meds\",\"url\":\"https:\\\/\\\/gooddealersmeds.com\\\/it\\\/\",\"logo\":{\"@type\":\"ImageObject\",\"inLanguage\":\"en-US\",\"@id\":\"https:\\\/\\\/gooddealersmeds.com\\\/it\\\/#\\\/schema\\\/logo\\\/image\\\/\",\"url\":\"https:\\\/\\\/gooddealersmeds.com\\\/it\\\/wp-content\\\/uploads\\\/sites\\\/7\\\/2022\\\/03\\\/gooddealersmeds__logo__20220317T222800Z.00.png\",\"contentUrl\":\"https:\\\/\\\/gooddealersmeds.com\\\/it\\\/wp-content\\\/uploads\\\/sites\\\/7\\\/2022\\\/03\\\/gooddealersmeds__logo__20220317T222800Z.00.png\",\"width\":500,\"height\":325,\"caption\":\"Good Dealers Meds\"},\"image\":{\"@id\":\"https:\\\/\\\/gooddealersmeds.com\\\/it\\\/#\\\/schema\\\/logo\\\/image\\\/\"}}]}<\/script>\n<!-- \/ Yoast SEO Premium plugin. -->","yoast_head_json":{"title":"Acquista Morfina in linea | dove trovare la morfina | Fornitore di morfina","description":"Acquista Morfina in linea 50mg\/Ml 20ml da Good Dealers Meds al miglior prezzo. \u00c8 usato per alleviare il dolore da moderato a grave.","robots":{"index":"index","follow":"follow","max-snippet":"max-snippet:-1","max-image-preview":"max-image-preview:large","max-video-preview":"max-video-preview:-1"},"canonical":"https:\/\/gooddealersmeds.com\/it\/product\/comprare-morfina-solfato-online\/","og_locale":"en_US","og_type":"article","og_title":"Acquista solfato di morfina online","og_description":"Acquista Morfina in linea 50mg\/Ml 20ml da Good Dealers Meds al miglior prezzo. \u00c8 usato per alleviare il dolore da moderato a grave.","og_url":"https:\/\/gooddealersmeds.com\/it\/product\/comprare-morfina-solfato-online\/","og_site_name":"Good Dealers Meds","article_modified_time":"2022-12-30T22:41:33+00:00","og_image":[{"width":800,"height":800,"url":"https:\/\/gooddealersmeds.com\/it\/wp-content\/uploads\/sites\/7\/2022\/03\/Morphine.jpeg","type":"image\/jpeg"}],"twitter_card":"summary_large_image","twitter_misc":{"Est. reading time":"2 minutes"},"schema":{"@context":"https:\/\/schema.org","@graph":[{"@type":"WebPage","@id":"https:\/\/gooddealersmeds.com\/it\/product\/comprare-morfina-solfato-online\/","url":"https:\/\/gooddealersmeds.com\/it\/product\/comprare-morfina-solfato-online\/","name":"Acquista Morfina in linea | dove trovare la morfina | Fornitore di morfina","isPartOf":{"@id":"https:\/\/gooddealersmeds.com\/it\/#website"},"primaryImageOfPage":{"@id":"https:\/\/gooddealersmeds.com\/it\/product\/comprare-morfina-solfato-online\/#primaryimage"},"image":{"@id":"https:\/\/gooddealersmeds.com\/it\/product\/comprare-morfina-solfato-online\/#primaryimage"},"thumbnailUrl":"https:\/\/gooddealersmeds.com\/it\/wp-content\/uploads\/sites\/7\/2022\/03\/Morphine.jpeg","datePublished":"2022-03-19T01:50:33+00:00","dateModified":"2022-12-30T22:41:33+00:00","description":"Acquista Morfina in linea 50mg\/Ml 20ml da Good Dealers Meds al miglior prezzo. \u00c8 usato per alleviare il dolore da moderato a grave.","breadcrumb":{"@id":"https:\/\/gooddealersmeds.com\/it\/product\/comprare-morfina-solfato-online\/#breadcrumb"},"inLanguage":"en-US","potentialAction":[{"@type":"ReadAction","target":["https:\/\/gooddealersmeds.com\/it\/product\/comprare-morfina-solfato-online\/"]}]},{"@type":"ImageObject","inLanguage":"en-US","@id":"https:\/\/gooddealersmeds.com\/it\/product\/comprare-morfina-solfato-online\/#primaryimage","url":"https:\/\/gooddealersmeds.com\/it\/wp-content\/uploads\/sites\/7\/2022\/03\/Morphine.jpeg","contentUrl":"https:\/\/gooddealersmeds.com\/it\/wp-content\/uploads\/sites\/7\/2022\/03\/Morphine.jpeg","width":800,"height":800,"caption":"Buy Morphine Sulfate Online"},{"@type":"BreadcrumbList","@id":"https:\/\/gooddealersmeds.com\/it\/product\/comprare-morfina-solfato-online\/#breadcrumb","itemListElement":[{"@type":"ListItem","position":1,"name":"Home","item":"https:\/\/gooddealersmeds.com\/it\/"},{"@type":"ListItem","position":2,"name":"Prodotti","item":"https:\/\/gooddealersmeds.com\/it\/prodotti\/"},{"@type":"ListItem","position":3,"name":"Acquista solfato di morfina online"}]},{"@type":"WebSite","@id":"https:\/\/gooddealersmeds.com\/it\/#website","url":"https:\/\/gooddealersmeds.com\/it\/","name":"Good Dealers Meds","description":"All our best","publisher":{"@id":"https:\/\/gooddealersmeds.com\/it\/#organization"},"potentialAction":[{"@type":"SearchAction","target":{"@type":"EntryPoint","urlTemplate":"https:\/\/gooddealersmeds.com\/it\/?s={search_term_string}"},"query-input":{"@type":"PropertyValueSpecification","valueRequired":true,"valueName":"search_term_string"}}],"inLanguage":"en-US"},{"@type":"Organization","@id":"https:\/\/gooddealersmeds.com\/it\/#organization","name":"Good Dealers Meds","url":"https:\/\/gooddealersmeds.com\/it\/","logo":{"@type":"ImageObject","inLanguage":"en-US","@id":"https:\/\/gooddealersmeds.com\/it\/#\/schema\/logo\/image\/","url":"https:\/\/gooddealersmeds.com\/it\/wp-content\/uploads\/sites\/7\/2022\/03\/gooddealersmeds__logo__20220317T222800Z.00.png","contentUrl":"https:\/\/gooddealersmeds.com\/it\/wp-content\/uploads\/sites\/7\/2022\/03\/gooddealersmeds__logo__20220317T222800Z.00.png","width":500,"height":325,"caption":"Good Dealers Meds"},"image":{"@id":"https:\/\/gooddealersmeds.com\/it\/#\/schema\/logo\/image\/"}}]}},"_links":{"self":[{"href":"https:\/\/gooddealersmeds.com\/it\/wp-json\/wp\/v2\/product\/1718","targetHints":{"allow":["GET"]}}],"collection":[{"href":"https:\/\/gooddealersmeds.com\/it\/wp-json\/wp\/v2\/product"}],"about":[{"href":"https:\/\/gooddealersmeds.com\/it\/wp-json\/wp\/v2\/types\/product"}],"replies":[{"embeddable":true,"href":"https:\/\/gooddealersmeds.com\/it\/wp-json\/wp\/v2\/comments?post=1718"}],"wp:featuredmedia":[{"embeddable":true,"href":"https:\/\/gooddealersmeds.com\/it\/wp-json\/wp\/v2\/media\/1727"}],"wp:attachment":[{"href":"https:\/\/gooddealersmeds.com\/it\/wp-json\/wp\/v2\/media?parent=1718"}],"wp:term":[{"taxonomy":"product_brand","embeddable":true,"href":"https:\/\/gooddealersmeds.com\/it\/wp-json\/wp\/v2\/product_brand?post=1718"},{"taxonomy":"product_cat","embeddable":true,"href":"https:\/\/gooddealersmeds.com\/it\/wp-json\/wp\/v2\/product_cat?post=1718"},{"taxonomy":"product_tag","embeddable":true,"href":"https:\/\/gooddealersmeds.com\/it\/wp-json\/wp\/v2\/product_tag?post=1718"}],"curies":[{"name":"wp","href":"https:\/\/api.w.org\/{rel}","templated":true}]}}