{"id":1715,"date":"2022-03-19T01:50:06","date_gmt":"2022-03-19T01:50:06","guid":{"rendered":"https:\/\/gooddealersmeds.com\/it\/?post_type=product&#038;p=1715"},"modified":"2022-12-30T22:46:42","modified_gmt":"2022-12-30T22:46:42","slug":"acquistare-iniezioni-di-fentanil-online","status":"publish","type":"product","link":"https:\/\/gooddealersmeds.com\/it\/product\/acquistare-iniezioni-di-fentanil-online\/","title":{"rendered":"Acquista iniezioni di fentanil online"},"content":{"rendered":"<h2>Ottieni l&#8217;iniezione di fentanil online ordinando sul nostro sito web.<\/h2>\n<p>Le iniezioni di fentanil vengono utilizzate per trattare il dolore estremo durante e dopo l&#8217;intervento chirurgico. Pu\u00f2 anche essere assunto insieme ad altri farmaci subito prima o durante l&#8217;intervento chirurgico per migliorare l&#8217;efficacia dell&#8217;anestetico (un agente paralizzante). Acquista l&#8217;iniezione di fentanil online<\/p>\n<p>&nbsp;<\/p>\n<p>Il fentanil \u00e8 un membro della classe di farmaci noti come analgesici narcotici (medicinali per il dolore). Il fentanil \u00e8 un potente analgesico oppioide. Funziona per ridurre il dolore agendo sul cervello o sul sistema nervoso centrale (SNC). Il SNC \u00e8 anche responsabile di molti dei suoi effetti avversi, tra cui sonnolenza e vertigini. iniezione di fentanil in vendita &#8211; I vantaggi di iniezione di fentanil devono essere valutati rispetto ai rischi quando si determina se utilizzarlo. Questo \u00e8 qualcosa che deciderai tu e il tuo medico.<\/p>\n<p>Il fentanil pu\u00f2 essere usato per trattare il dolore intenso. Viene somministrato quando altri analgesici sono inefficaci o intollerabili. Agisce ostruendo la ricezione del dolore da parte del cervello. \u00c8 un membro della classe dei farmaci oppioidi. Acquista online l&#8217;iniezione di fentanil<\/p>\n<p><strong>Che cos&#8217;\u00e8 l&#8217;iniezione di fentanil e come viene utilizzata?<\/strong><\/p>\n<p>Questo farmaco pu\u00f2 essere utilizzato anche per altre cose. Non prendere mai pi\u00f9 medicinale di quanto raccomandato. Se hai difficolt\u00e0 a respirare o ti senti insolitamente debole o assonnato, chiama immediatamente i soccorsi. L&#8217;iniezione di fentanil pu\u00f2 essere dannosa per te se hai mai avuto reazioni allergiche al fentanil o ad altri medicinali o se hai problemi respiratori come l&#8217;asma o qualsiasi condizione polmonare preesistente. Dovresti evitare il fentanil se stai cercando di rimanere incinta o se sei incinta o stai allattando. \u00c8 stato correlato a diversi problemi per il tuo bambino nelle prime fasi della gravidanza. C&#8217;\u00e8 la possibilit\u00e0 che se usi il fentanil verso la fine della gravidanza, il tuo bambino non ancora nato svilupper\u00e0 una dipendenza da fentanil o sperimenter\u00e0 sintomi di astinenza. Tuttavia, \u00e8 fondamentale gestire il dolore correlato alla gravidanza. Il fentanil pu\u00f2 essere la soluzione migliore per alcune donne in gravidanza che hanno un grave disagio. La persona migliore per guidarti nella scelta migliore per te e per il tuo bambino non ancora nato \u00e8 il tuo medico.<\/p>\n<p><strong>iniezione di fentanil in vendita presso Good Dealers Meds<\/strong><\/p>\n<p>Anche se ritieni che il dosaggio raccomandato non sia sufficiente per curare il tuo dolore, <a href=\"https:\/\/gooddealersmeds.com\/it\/product\/buy-fentanyl-injections-online\/\">ordina l&#8217;iniezione di fentanil online<\/a>, \u00e8 importante seguire esattamente le indicazioni. Se ritieni di aver bisogno di una dose diversa, consulta prima il tuo medico. Un eccesso di fentanil pu\u00f2 essere pericoloso. La quantit\u00e0 che pu\u00f2 causare un sovradosaggio varia da persona a persona. Proprio come altri oppioidi, le iniezioni di fentanil possono creare dipendenza se non si presta attenzione.<\/p>\n","protected":false},"excerpt":{"rendered":"<p>Iniezione di citrato di fentanil, USP \u00e8 una soluzione acquosa sterile, apirogena e priva di conservanti per iniezione endovenosa o<br \/>\nintramuscolare<\/p>\n","protected":false},"featured_media":1725,"comment_status":"open","ping_status":"closed","template":"","meta":{"inline_featured_image":false},"product_brand":[],"product_cat":[347],"product_tag":[284,107,294,289,105,295,97,285,110,286,290,109,108,287,291,288,296,293,292,104,106],"class_list":{"0":"post-1715","1":"product","2":"type-product","3":"status-publish","4":"has-post-thumbnail","6":"product_cat-antidolorifici-oppioidi","7":"product_tag-acquistare-iniezioni-di-fentanil-acquistare-iniezioni-online","8":"product_tag-acquistare","9":"product_tag-buy-fentanil-iniezioni-online-usa","10":"product_tag-compra-iniezioni-online","11":"product_tag-canada","12":"product_tag-come-ordinare-iniezioni-di-fentanil","13":"product_tag-comprare-fentanil-online","14":"product_tag-buy-fentanil-iniezioni","15":"product_tag-consegna-sicura","16":"product_tag-dove-acquistare-iniezioni-di-fentanil","17":"product_tag-dove-acquistare-iniezioni-di-fentanil-online","18":"product_tag-fornitori","19":"product_tag-in-linea","20":"product_tag-fentanil-iniezioni-in-vendita","21":"product_tag-fentanil-iniezioni-in-vendita-negli-stati-uniti","22":"product_tag-iniezioni-in-vendita","23":"product_tag-is-fentanil-iniezioni-legali-in-canada","24":"product_tag-is-fentanil-iniezioni-legali-negli-usa","25":"product_tag-puoi-ancora-ricevere-iniezioni-di-fentanil","26":"product_tag-stati-uniti-damerica","27":"product_tag-uk","28":"pa_milliliters-100-ml","29":"pa_milliliters-250-ml","30":"pa_milliliters-50-ml","31":"pa_milliliters-500-ml","33":"first","34":"instock","35":"featured","36":"shipping-taxable","37":"purchasable","38":"product-type-variable","39":"has-default-attributes"},"yoast_head":"<!-- This site is optimized with the Yoast SEO Premium plugin v20.6 (Yoast SEO v27.4) - https:\/\/yoast.com\/product\/yoast-seo-premium-wordpress\/ -->\n<title>Acquista l&#039;iniezione di fentanil online | ordina l&#039;iniezione di fentanil<\/title>\n<meta name=\"description\" content=\"Acquista l&#039;iniezione di fentanil online, USP \u00e8 una soluzione acquosa sterile, apirogena e priva di conservanti per iniezione endovenosa o intramuscolare\" \/>\n<meta name=\"robots\" content=\"index, follow, max-snippet:-1, max-image-preview:large, max-video-preview:-1\" \/>\n<link rel=\"canonical\" href=\"https:\/\/gooddealersmeds.com\/it\/product\/acquistare-iniezioni-di-fentanil-online\/\" \/>\n<meta property=\"og:locale\" content=\"en_US\" \/>\n<meta property=\"og:type\" content=\"article\" \/>\n<meta property=\"og:title\" content=\"Acquista iniezioni di fentanil online\" \/>\n<meta property=\"og:description\" content=\"Acquista l&#039;iniezione di fentanil online, USP \u00e8 una soluzione acquosa sterile, apirogena e priva di conservanti per iniezione endovenosa o intramuscolare\" \/>\n<meta property=\"og:url\" content=\"https:\/\/gooddealersmeds.com\/it\/product\/acquistare-iniezioni-di-fentanil-online\/\" \/>\n<meta property=\"og:site_name\" content=\"Good Dealers Meds\" \/>\n<meta property=\"article:modified_time\" content=\"2022-12-30T22:46:42+00:00\" \/>\n<meta property=\"og:image\" content=\"https:\/\/gooddealersmeds.com\/it\/wp-content\/uploads\/sites\/7\/2022\/03\/buy-fentanyl-injections-online.jpg\" \/>\n\t<meta property=\"og:image:width\" content=\"600\" \/>\n\t<meta property=\"og:image:height\" content=\"600\" \/>\n\t<meta property=\"og:image:type\" content=\"image\/jpeg\" \/>\n<meta name=\"twitter:card\" content=\"summary_large_image\" \/>\n<meta name=\"twitter:label1\" content=\"Est. reading time\" \/>\n\t<meta name=\"twitter:data1\" content=\"2 minutes\" \/>\n<script type=\"application\/ld+json\" class=\"yoast-schema-graph\">{\"@context\":\"https:\\\/\\\/schema.org\",\"@graph\":[{\"@type\":\"WebPage\",\"@id\":\"https:\\\/\\\/gooddealersmeds.com\\\/it\\\/product\\\/acquistare-iniezioni-di-fentanil-online\\\/\",\"url\":\"https:\\\/\\\/gooddealersmeds.com\\\/it\\\/product\\\/acquistare-iniezioni-di-fentanil-online\\\/\",\"name\":\"Acquista l'iniezione di fentanil online | ordina l'iniezione di fentanil\",\"isPartOf\":{\"@id\":\"https:\\\/\\\/gooddealersmeds.com\\\/it\\\/#website\"},\"primaryImageOfPage\":{\"@id\":\"https:\\\/\\\/gooddealersmeds.com\\\/it\\\/product\\\/acquistare-iniezioni-di-fentanil-online\\\/#primaryimage\"},\"image\":{\"@id\":\"https:\\\/\\\/gooddealersmeds.com\\\/it\\\/product\\\/acquistare-iniezioni-di-fentanil-online\\\/#primaryimage\"},\"thumbnailUrl\":\"https:\\\/\\\/gooddealersmeds.com\\\/it\\\/wp-content\\\/uploads\\\/sites\\\/7\\\/2022\\\/03\\\/buy-fentanyl-injections-online.jpg\",\"datePublished\":\"2022-03-19T01:50:06+00:00\",\"dateModified\":\"2022-12-30T22:46:42+00:00\",\"description\":\"Acquista l'iniezione di fentanil online, USP \u00e8 una soluzione acquosa sterile, apirogena e priva di conservanti per iniezione endovenosa o intramuscolare\",\"breadcrumb\":{\"@id\":\"https:\\\/\\\/gooddealersmeds.com\\\/it\\\/product\\\/acquistare-iniezioni-di-fentanil-online\\\/#breadcrumb\"},\"inLanguage\":\"en-US\",\"potentialAction\":[{\"@type\":\"ReadAction\",\"target\":[\"https:\\\/\\\/gooddealersmeds.com\\\/it\\\/product\\\/acquistare-iniezioni-di-fentanil-online\\\/\"]}]},{\"@type\":\"ImageObject\",\"inLanguage\":\"en-US\",\"@id\":\"https:\\\/\\\/gooddealersmeds.com\\\/it\\\/product\\\/acquistare-iniezioni-di-fentanil-online\\\/#primaryimage\",\"url\":\"https:\\\/\\\/gooddealersmeds.com\\\/it\\\/wp-content\\\/uploads\\\/sites\\\/7\\\/2022\\\/03\\\/buy-fentanyl-injections-online.jpg\",\"contentUrl\":\"https:\\\/\\\/gooddealersmeds.com\\\/it\\\/wp-content\\\/uploads\\\/sites\\\/7\\\/2022\\\/03\\\/buy-fentanyl-injections-online.jpg\",\"width\":600,\"height\":600,\"caption\":\"Buy fentanyl Injections Online\"},{\"@type\":\"BreadcrumbList\",\"@id\":\"https:\\\/\\\/gooddealersmeds.com\\\/it\\\/product\\\/acquistare-iniezioni-di-fentanil-online\\\/#breadcrumb\",\"itemListElement\":[{\"@type\":\"ListItem\",\"position\":1,\"name\":\"Home\",\"item\":\"https:\\\/\\\/gooddealersmeds.com\\\/it\\\/\"},{\"@type\":\"ListItem\",\"position\":2,\"name\":\"Prodotti\",\"item\":\"https:\\\/\\\/gooddealersmeds.com\\\/it\\\/prodotti\\\/\"},{\"@type\":\"ListItem\",\"position\":3,\"name\":\"Acquista iniezioni di fentanil online\"}]},{\"@type\":\"WebSite\",\"@id\":\"https:\\\/\\\/gooddealersmeds.com\\\/it\\\/#website\",\"url\":\"https:\\\/\\\/gooddealersmeds.com\\\/it\\\/\",\"name\":\"Good Dealers Meds\",\"description\":\"All our best\",\"publisher\":{\"@id\":\"https:\\\/\\\/gooddealersmeds.com\\\/it\\\/#organization\"},\"potentialAction\":[{\"@type\":\"SearchAction\",\"target\":{\"@type\":\"EntryPoint\",\"urlTemplate\":\"https:\\\/\\\/gooddealersmeds.com\\\/it\\\/?s={search_term_string}\"},\"query-input\":{\"@type\":\"PropertyValueSpecification\",\"valueRequired\":true,\"valueName\":\"search_term_string\"}}],\"inLanguage\":\"en-US\"},{\"@type\":\"Organization\",\"@id\":\"https:\\\/\\\/gooddealersmeds.com\\\/it\\\/#organization\",\"name\":\"Good Dealers Meds\",\"url\":\"https:\\\/\\\/gooddealersmeds.com\\\/it\\\/\",\"logo\":{\"@type\":\"ImageObject\",\"inLanguage\":\"en-US\",\"@id\":\"https:\\\/\\\/gooddealersmeds.com\\\/it\\\/#\\\/schema\\\/logo\\\/image\\\/\",\"url\":\"https:\\\/\\\/gooddealersmeds.com\\\/it\\\/wp-content\\\/uploads\\\/sites\\\/7\\\/2022\\\/03\\\/gooddealersmeds__logo__20220317T222800Z.00.png\",\"contentUrl\":\"https:\\\/\\\/gooddealersmeds.com\\\/it\\\/wp-content\\\/uploads\\\/sites\\\/7\\\/2022\\\/03\\\/gooddealersmeds__logo__20220317T222800Z.00.png\",\"width\":500,\"height\":325,\"caption\":\"Good Dealers Meds\"},\"image\":{\"@id\":\"https:\\\/\\\/gooddealersmeds.com\\\/it\\\/#\\\/schema\\\/logo\\\/image\\\/\"}}]}<\/script>\n<!-- \/ Yoast SEO Premium plugin. -->","yoast_head_json":{"title":"Acquista l'iniezione di fentanil online | ordina l'iniezione di fentanil","description":"Acquista l'iniezione di fentanil online, USP \u00e8 una soluzione acquosa sterile, apirogena e priva di conservanti per iniezione endovenosa o intramuscolare","robots":{"index":"index","follow":"follow","max-snippet":"max-snippet:-1","max-image-preview":"max-image-preview:large","max-video-preview":"max-video-preview:-1"},"canonical":"https:\/\/gooddealersmeds.com\/it\/product\/acquistare-iniezioni-di-fentanil-online\/","og_locale":"en_US","og_type":"article","og_title":"Acquista iniezioni di fentanil online","og_description":"Acquista l'iniezione di fentanil online, USP \u00e8 una soluzione acquosa sterile, apirogena e priva di conservanti per iniezione endovenosa o intramuscolare","og_url":"https:\/\/gooddealersmeds.com\/it\/product\/acquistare-iniezioni-di-fentanil-online\/","og_site_name":"Good Dealers Meds","article_modified_time":"2022-12-30T22:46:42+00:00","og_image":[{"width":600,"height":600,"url":"https:\/\/gooddealersmeds.com\/it\/wp-content\/uploads\/sites\/7\/2022\/03\/buy-fentanyl-injections-online.jpg","type":"image\/jpeg"}],"twitter_card":"summary_large_image","twitter_misc":{"Est. reading time":"2 minutes"},"schema":{"@context":"https:\/\/schema.org","@graph":[{"@type":"WebPage","@id":"https:\/\/gooddealersmeds.com\/it\/product\/acquistare-iniezioni-di-fentanil-online\/","url":"https:\/\/gooddealersmeds.com\/it\/product\/acquistare-iniezioni-di-fentanil-online\/","name":"Acquista l'iniezione di fentanil online | ordina l'iniezione di fentanil","isPartOf":{"@id":"https:\/\/gooddealersmeds.com\/it\/#website"},"primaryImageOfPage":{"@id":"https:\/\/gooddealersmeds.com\/it\/product\/acquistare-iniezioni-di-fentanil-online\/#primaryimage"},"image":{"@id":"https:\/\/gooddealersmeds.com\/it\/product\/acquistare-iniezioni-di-fentanil-online\/#primaryimage"},"thumbnailUrl":"https:\/\/gooddealersmeds.com\/it\/wp-content\/uploads\/sites\/7\/2022\/03\/buy-fentanyl-injections-online.jpg","datePublished":"2022-03-19T01:50:06+00:00","dateModified":"2022-12-30T22:46:42+00:00","description":"Acquista l'iniezione di fentanil online, USP \u00e8 una soluzione acquosa sterile, apirogena e priva di conservanti per iniezione endovenosa o intramuscolare","breadcrumb":{"@id":"https:\/\/gooddealersmeds.com\/it\/product\/acquistare-iniezioni-di-fentanil-online\/#breadcrumb"},"inLanguage":"en-US","potentialAction":[{"@type":"ReadAction","target":["https:\/\/gooddealersmeds.com\/it\/product\/acquistare-iniezioni-di-fentanil-online\/"]}]},{"@type":"ImageObject","inLanguage":"en-US","@id":"https:\/\/gooddealersmeds.com\/it\/product\/acquistare-iniezioni-di-fentanil-online\/#primaryimage","url":"https:\/\/gooddealersmeds.com\/it\/wp-content\/uploads\/sites\/7\/2022\/03\/buy-fentanyl-injections-online.jpg","contentUrl":"https:\/\/gooddealersmeds.com\/it\/wp-content\/uploads\/sites\/7\/2022\/03\/buy-fentanyl-injections-online.jpg","width":600,"height":600,"caption":"Buy fentanyl Injections Online"},{"@type":"BreadcrumbList","@id":"https:\/\/gooddealersmeds.com\/it\/product\/acquistare-iniezioni-di-fentanil-online\/#breadcrumb","itemListElement":[{"@type":"ListItem","position":1,"name":"Home","item":"https:\/\/gooddealersmeds.com\/it\/"},{"@type":"ListItem","position":2,"name":"Prodotti","item":"https:\/\/gooddealersmeds.com\/it\/prodotti\/"},{"@type":"ListItem","position":3,"name":"Acquista iniezioni di fentanil online"}]},{"@type":"WebSite","@id":"https:\/\/gooddealersmeds.com\/it\/#website","url":"https:\/\/gooddealersmeds.com\/it\/","name":"Good Dealers Meds","description":"All our best","publisher":{"@id":"https:\/\/gooddealersmeds.com\/it\/#organization"},"potentialAction":[{"@type":"SearchAction","target":{"@type":"EntryPoint","urlTemplate":"https:\/\/gooddealersmeds.com\/it\/?s={search_term_string}"},"query-input":{"@type":"PropertyValueSpecification","valueRequired":true,"valueName":"search_term_string"}}],"inLanguage":"en-US"},{"@type":"Organization","@id":"https:\/\/gooddealersmeds.com\/it\/#organization","name":"Good Dealers Meds","url":"https:\/\/gooddealersmeds.com\/it\/","logo":{"@type":"ImageObject","inLanguage":"en-US","@id":"https:\/\/gooddealersmeds.com\/it\/#\/schema\/logo\/image\/","url":"https:\/\/gooddealersmeds.com\/it\/wp-content\/uploads\/sites\/7\/2022\/03\/gooddealersmeds__logo__20220317T222800Z.00.png","contentUrl":"https:\/\/gooddealersmeds.com\/it\/wp-content\/uploads\/sites\/7\/2022\/03\/gooddealersmeds__logo__20220317T222800Z.00.png","width":500,"height":325,"caption":"Good Dealers Meds"},"image":{"@id":"https:\/\/gooddealersmeds.com\/it\/#\/schema\/logo\/image\/"}}]}},"_links":{"self":[{"href":"https:\/\/gooddealersmeds.com\/it\/wp-json\/wp\/v2\/product\/1715","targetHints":{"allow":["GET"]}}],"collection":[{"href":"https:\/\/gooddealersmeds.com\/it\/wp-json\/wp\/v2\/product"}],"about":[{"href":"https:\/\/gooddealersmeds.com\/it\/wp-json\/wp\/v2\/types\/product"}],"replies":[{"embeddable":true,"href":"https:\/\/gooddealersmeds.com\/it\/wp-json\/wp\/v2\/comments?post=1715"}],"wp:featuredmedia":[{"embeddable":true,"href":"https:\/\/gooddealersmeds.com\/it\/wp-json\/wp\/v2\/media\/1725"}],"wp:attachment":[{"href":"https:\/\/gooddealersmeds.com\/it\/wp-json\/wp\/v2\/media?parent=1715"}],"wp:term":[{"taxonomy":"product_brand","embeddable":true,"href":"https:\/\/gooddealersmeds.com\/it\/wp-json\/wp\/v2\/product_brand?post=1715"},{"taxonomy":"product_cat","embeddable":true,"href":"https:\/\/gooddealersmeds.com\/it\/wp-json\/wp\/v2\/product_cat?post=1715"},{"taxonomy":"product_tag","embeddable":true,"href":"https:\/\/gooddealersmeds.com\/it\/wp-json\/wp\/v2\/product_tag?post=1715"}],"curies":[{"name":"wp","href":"https:\/\/api.w.org\/{rel}","templated":true}]}}