{"id":1701,"date":"2022-03-19T01:31:58","date_gmt":"2022-03-19T01:31:58","guid":{"rendered":"https:\/\/gooddealersmeds.com\/it\/?post_type=product&#038;p=1701"},"modified":"2022-12-30T22:50:56","modified_gmt":"2022-12-30T22:50:56","slug":"compra-ketamina-liquido-online","status":"publish","type":"product","link":"https:\/\/gooddealersmeds.com\/it\/product\/compra-ketamina-liquido-online\/","title":{"rendered":"Acquista online il liquido di ketamina"},"content":{"rendered":"<h2>Dove trovare il liquido di ketamina Con un fornitore di fiducia<\/h2>\n<p>Acquista online il liquido di ketamina senza problemi e senza costi nascosti su prodotti chimici industriali online. La ketamina \u00e8 un farmaco unico e le persone sono andate fuori di testa, sono state danneggiate, derubate o tentate perch\u00e9 non erano a conoscenza delle propriet\u00e0 &#8220;dissociative&#8221; della ketamina.<\/p>\n<p>La ketamina pu\u00f2 causare sensazioni di irrealt\u00e0, oltre che visive e sensoriali distorsioni, un senso distorto del proprio corpo, pensieri e convinzioni temporaneamente strani ed euforia o ronzio.<\/p>\n<p>Sebbene la ketamina duri solo 15-40 minuti, dissocia la coscienza dal corpo, rendendolo incapace di senti o controlla il tuo corpo con certezza. Camminare, correre o persino muoversi pu\u00f2 essere impossibile, il che potrebbe essere dannoso se ti trovi improvvisamente in una circostanza pericolosa.<\/p>\n<p>I farmaci dissociativi possono causare distorsioni della vista, del colore, del suono, di se stessi e dell&#8217;ambiente. La ketamina si presenta sotto forma di liquido trasparente o polvere biancastra per iniezione endovenosa o spray nasale.<\/p>\n<p>Perch\u00e9 la ketamina viene usata in medicina? La ketamina pu\u00f2 alleviare il dolore e causare la perdita di memoria a breve termine (ad esempio, l&#8217;amnesia di una procedura medica).<\/p>\n<p><strong>Ordina qui la ketamina liquida e ricevila direttamente a casa tua<\/strong><\/p>\n<ul>\n<li><a href=\"https:\/\/gooddealersmeds.com\/it\/product\/buy -ketamina-liquid-online\/\">Ketamina<\/a>, attraverso il blocco nel sito dell&#8217;N-metil-D-aspartato (NMDA), ha un&#8217;azione rapida nel ridurre i sintomi della depressione e dell&#8217;ideazione suicidaria acuta.<\/li>\n<li>In chirurgia, viene utilizzato un agente di induzione e mantenimento per la sedazione e per l&#8217;anestesia generale.<\/li>\n<li>\u00c8 stato utilizzato anche per il controllo del dolore nella terapia delle ustioni, nelle lesioni sul campo di battaglia e nei bambini che non possono usare altri anestetici a causa di effetti collaterali o allergie. Acquista online il liquido di ketamina<\/li>\n<\/ul>\n<p>Poich\u00e9 possono verificarsi gravi effetti avversi, come ritmi cardiaci irregolari, \u00e8 necessario utilizzare amiodarone o droxidopa. Questo non \u00e8 un elenco esaustivo di tutte le possibili interazioni. Chiedi al tuo medico se la ketamina pu\u00f2 interferire con altri farmaci che stai assumendo. Prima di iniziare o interrompere, consulta il tuo medico.<\/p>\n<p>Acquista online Ketamina liquido da <a href=\"https:\/\/gooddealersmeds.com\/it\">gooddealersmeds.com\/it<\/a>. Migliori offerte! Disponibile polvere di ketamina ad alta purezza e liquido per iniezione. Nessuna prescrizione richiesta. Imballaggio discreto. Spedizione gratuita in tutto il mondo.<\/p>\n","protected":false},"excerpt":{"rendered":"<p>KETAMINA LIQUIDA IN VENDITA \u00e8 un anestetico, la ketamina \u00e8 in realt\u00e0 un tipo speciale di anestetico noto come anestetico dissociativo.<\/p>\n","protected":false},"featured_media":1866,"comment_status":"open","ping_status":"closed","template":"","meta":{"inline_featured_image":false},"product_brand":[],"product_cat":[347],"product_tag":[273,275,276,267,268,264,265,266,269,270,272,271,274,279,277,280,281,282,283,278],"class_list":{"0":"post-1701","1":"product","2":"type-product","3":"status-publish","4":"has-post-thumbnail","6":"product_cat-antidolorifici-oppioidi","7":"product_tag-cintura-di-paneolus","8":"product_tag-pholiotina-cyanopus","9":"product_tag-pholiotina-smithii","10":"product_tag-gimnopilus-giallo","11":"product_tag-gymnopilus-purpuratus","12":"product_tag-gymnopilus-aeruginosus","13":"product_tag-gymnopilus-luteofolius","14":"product_tag-gymnopilus-luteoviridis","15":"product_tag-gymnopilus-viridans","16":"product_tag-inocybe-aeruginascens","17":"product_tag-micenea-cianorriza","18":"product_tag-palestra-delle-risate","19":"product_tag-paneolus-cyanescens","20":"product_tag-pluteo-villoso","21":"product_tag-pluteus-nigroviridis","22":"product_tag-psilocybe-allenii","23":"product_tag-psilocybe-azurescens","24":"product_tag-psilocybe-messicana","25":"product_tag-psilocybe-subaeruginosa","26":"product_tag-scaffale-salice","27":"pa_milliliters-100-ml","28":"pa_milliliters-250-ml","29":"pa_milliliters-50-ml","30":"pa_milliliters-500-ml","32":"first","33":"instock","34":"featured","35":"shipping-taxable","36":"purchasable","37":"product-type-variable","38":"has-default-attributes"},"yoast_head":"<!-- This site is optimized with the Yoast SEO Premium plugin v20.6 (Yoast SEO v27.4) - https:\/\/yoast.com\/product\/yoast-seo-premium-wordpress\/ -->\n<title>Acquista online il liquido di ketamina | Fornitore di ketamina<\/title>\n<meta name=\"description\" content=\"Acquista online il liquido di ketamina; in realt\u00e0 un tipo speciale di anestetico noto come anestetico dissociativo con conseguente perdita parziale della sensibilit\u00e0.\" \/>\n<meta name=\"robots\" content=\"index, follow, max-snippet:-1, max-image-preview:large, max-video-preview:-1\" \/>\n<link rel=\"canonical\" href=\"https:\/\/gooddealersmeds.com\/it\/product\/compra-ketamina-liquido-online\/\" \/>\n<meta property=\"og:locale\" content=\"en_US\" \/>\n<meta property=\"og:type\" content=\"article\" \/>\n<meta property=\"og:title\" content=\"Acquista online il liquido di ketamina\" \/>\n<meta property=\"og:description\" content=\"Acquista online il liquido di ketamina; in realt\u00e0 un tipo speciale di anestetico noto come anestetico dissociativo con conseguente perdita parziale della sensibilit\u00e0.\" \/>\n<meta property=\"og:url\" content=\"https:\/\/gooddealersmeds.com\/it\/product\/compra-ketamina-liquido-online\/\" \/>\n<meta property=\"og:site_name\" content=\"Good Dealers Meds\" \/>\n<meta property=\"article:modified_time\" content=\"2022-12-30T22:50:56+00:00\" \/>\n<meta property=\"og:image\" content=\"https:\/\/gooddealersmeds.com\/it\/wp-content\/uploads\/sites\/7\/2022\/03\/page_1_thumb_large.jpg\" \/>\n\t<meta property=\"og:image:width\" content=\"480\" \/>\n\t<meta property=\"og:image:height\" content=\"360\" \/>\n\t<meta property=\"og:image:type\" content=\"image\/jpeg\" \/>\n<meta name=\"twitter:card\" content=\"summary_large_image\" \/>\n<meta name=\"twitter:label1\" content=\"Est. reading time\" \/>\n\t<meta name=\"twitter:data1\" content=\"2 minutes\" \/>\n<script type=\"application\/ld+json\" class=\"yoast-schema-graph\">{\"@context\":\"https:\\\/\\\/schema.org\",\"@graph\":[{\"@type\":\"WebPage\",\"@id\":\"https:\\\/\\\/gooddealersmeds.com\\\/it\\\/product\\\/compra-ketamina-liquido-online\\\/\",\"url\":\"https:\\\/\\\/gooddealersmeds.com\\\/it\\\/product\\\/compra-ketamina-liquido-online\\\/\",\"name\":\"Acquista online il liquido di ketamina | Fornitore di ketamina\",\"isPartOf\":{\"@id\":\"https:\\\/\\\/gooddealersmeds.com\\\/it\\\/#website\"},\"primaryImageOfPage\":{\"@id\":\"https:\\\/\\\/gooddealersmeds.com\\\/it\\\/product\\\/compra-ketamina-liquido-online\\\/#primaryimage\"},\"image\":{\"@id\":\"https:\\\/\\\/gooddealersmeds.com\\\/it\\\/product\\\/compra-ketamina-liquido-online\\\/#primaryimage\"},\"thumbnailUrl\":\"https:\\\/\\\/gooddealersmeds.com\\\/it\\\/wp-content\\\/uploads\\\/sites\\\/7\\\/2022\\\/03\\\/page_1_thumb_large.jpg\",\"datePublished\":\"2022-03-19T01:31:58+00:00\",\"dateModified\":\"2022-12-30T22:50:56+00:00\",\"description\":\"Acquista online il liquido di ketamina; in realt\u00e0 un tipo speciale di anestetico noto come anestetico dissociativo con conseguente perdita parziale della sensibilit\u00e0.\",\"breadcrumb\":{\"@id\":\"https:\\\/\\\/gooddealersmeds.com\\\/it\\\/product\\\/compra-ketamina-liquido-online\\\/#breadcrumb\"},\"inLanguage\":\"en-US\",\"potentialAction\":[{\"@type\":\"ReadAction\",\"target\":[\"https:\\\/\\\/gooddealersmeds.com\\\/it\\\/product\\\/compra-ketamina-liquido-online\\\/\"]}]},{\"@type\":\"ImageObject\",\"inLanguage\":\"en-US\",\"@id\":\"https:\\\/\\\/gooddealersmeds.com\\\/it\\\/product\\\/compra-ketamina-liquido-online\\\/#primaryimage\",\"url\":\"https:\\\/\\\/gooddealersmeds.com\\\/it\\\/wp-content\\\/uploads\\\/sites\\\/7\\\/2022\\\/03\\\/page_1_thumb_large.jpg\",\"contentUrl\":\"https:\\\/\\\/gooddealersmeds.com\\\/it\\\/wp-content\\\/uploads\\\/sites\\\/7\\\/2022\\\/03\\\/page_1_thumb_large.jpg\",\"width\":480,\"height\":360,\"caption\":\"Buy Ketamine Liquid Online\"},{\"@type\":\"BreadcrumbList\",\"@id\":\"https:\\\/\\\/gooddealersmeds.com\\\/it\\\/product\\\/compra-ketamina-liquido-online\\\/#breadcrumb\",\"itemListElement\":[{\"@type\":\"ListItem\",\"position\":1,\"name\":\"Home\",\"item\":\"https:\\\/\\\/gooddealersmeds.com\\\/it\\\/\"},{\"@type\":\"ListItem\",\"position\":2,\"name\":\"Prodotti\",\"item\":\"https:\\\/\\\/gooddealersmeds.com\\\/it\\\/prodotti\\\/\"},{\"@type\":\"ListItem\",\"position\":3,\"name\":\"Acquista online il liquido di ketamina\"}]},{\"@type\":\"WebSite\",\"@id\":\"https:\\\/\\\/gooddealersmeds.com\\\/it\\\/#website\",\"url\":\"https:\\\/\\\/gooddealersmeds.com\\\/it\\\/\",\"name\":\"Good Dealers Meds\",\"description\":\"All our best\",\"publisher\":{\"@id\":\"https:\\\/\\\/gooddealersmeds.com\\\/it\\\/#organization\"},\"potentialAction\":[{\"@type\":\"SearchAction\",\"target\":{\"@type\":\"EntryPoint\",\"urlTemplate\":\"https:\\\/\\\/gooddealersmeds.com\\\/it\\\/?s={search_term_string}\"},\"query-input\":{\"@type\":\"PropertyValueSpecification\",\"valueRequired\":true,\"valueName\":\"search_term_string\"}}],\"inLanguage\":\"en-US\"},{\"@type\":\"Organization\",\"@id\":\"https:\\\/\\\/gooddealersmeds.com\\\/it\\\/#organization\",\"name\":\"Good Dealers Meds\",\"url\":\"https:\\\/\\\/gooddealersmeds.com\\\/it\\\/\",\"logo\":{\"@type\":\"ImageObject\",\"inLanguage\":\"en-US\",\"@id\":\"https:\\\/\\\/gooddealersmeds.com\\\/it\\\/#\\\/schema\\\/logo\\\/image\\\/\",\"url\":\"https:\\\/\\\/gooddealersmeds.com\\\/it\\\/wp-content\\\/uploads\\\/sites\\\/7\\\/2022\\\/03\\\/gooddealersmeds__logo__20220317T222800Z.00.png\",\"contentUrl\":\"https:\\\/\\\/gooddealersmeds.com\\\/it\\\/wp-content\\\/uploads\\\/sites\\\/7\\\/2022\\\/03\\\/gooddealersmeds__logo__20220317T222800Z.00.png\",\"width\":500,\"height\":325,\"caption\":\"Good Dealers Meds\"},\"image\":{\"@id\":\"https:\\\/\\\/gooddealersmeds.com\\\/it\\\/#\\\/schema\\\/logo\\\/image\\\/\"}}]}<\/script>\n<!-- \/ Yoast SEO Premium plugin. -->","yoast_head_json":{"title":"Acquista online il liquido di ketamina | Fornitore di ketamina","description":"Acquista online il liquido di ketamina; in realt\u00e0 un tipo speciale di anestetico noto come anestetico dissociativo con conseguente perdita parziale della sensibilit\u00e0.","robots":{"index":"index","follow":"follow","max-snippet":"max-snippet:-1","max-image-preview":"max-image-preview:large","max-video-preview":"max-video-preview:-1"},"canonical":"https:\/\/gooddealersmeds.com\/it\/product\/compra-ketamina-liquido-online\/","og_locale":"en_US","og_type":"article","og_title":"Acquista online il liquido di ketamina","og_description":"Acquista online il liquido di ketamina; in realt\u00e0 un tipo speciale di anestetico noto come anestetico dissociativo con conseguente perdita parziale della sensibilit\u00e0.","og_url":"https:\/\/gooddealersmeds.com\/it\/product\/compra-ketamina-liquido-online\/","og_site_name":"Good Dealers Meds","article_modified_time":"2022-12-30T22:50:56+00:00","og_image":[{"width":480,"height":360,"url":"https:\/\/gooddealersmeds.com\/it\/wp-content\/uploads\/sites\/7\/2022\/03\/page_1_thumb_large.jpg","type":"image\/jpeg"}],"twitter_card":"summary_large_image","twitter_misc":{"Est. reading time":"2 minutes"},"schema":{"@context":"https:\/\/schema.org","@graph":[{"@type":"WebPage","@id":"https:\/\/gooddealersmeds.com\/it\/product\/compra-ketamina-liquido-online\/","url":"https:\/\/gooddealersmeds.com\/it\/product\/compra-ketamina-liquido-online\/","name":"Acquista online il liquido di ketamina | Fornitore di ketamina","isPartOf":{"@id":"https:\/\/gooddealersmeds.com\/it\/#website"},"primaryImageOfPage":{"@id":"https:\/\/gooddealersmeds.com\/it\/product\/compra-ketamina-liquido-online\/#primaryimage"},"image":{"@id":"https:\/\/gooddealersmeds.com\/it\/product\/compra-ketamina-liquido-online\/#primaryimage"},"thumbnailUrl":"https:\/\/gooddealersmeds.com\/it\/wp-content\/uploads\/sites\/7\/2022\/03\/page_1_thumb_large.jpg","datePublished":"2022-03-19T01:31:58+00:00","dateModified":"2022-12-30T22:50:56+00:00","description":"Acquista online il liquido di ketamina; in realt\u00e0 un tipo speciale di anestetico noto come anestetico dissociativo con conseguente perdita parziale della sensibilit\u00e0.","breadcrumb":{"@id":"https:\/\/gooddealersmeds.com\/it\/product\/compra-ketamina-liquido-online\/#breadcrumb"},"inLanguage":"en-US","potentialAction":[{"@type":"ReadAction","target":["https:\/\/gooddealersmeds.com\/it\/product\/compra-ketamina-liquido-online\/"]}]},{"@type":"ImageObject","inLanguage":"en-US","@id":"https:\/\/gooddealersmeds.com\/it\/product\/compra-ketamina-liquido-online\/#primaryimage","url":"https:\/\/gooddealersmeds.com\/it\/wp-content\/uploads\/sites\/7\/2022\/03\/page_1_thumb_large.jpg","contentUrl":"https:\/\/gooddealersmeds.com\/it\/wp-content\/uploads\/sites\/7\/2022\/03\/page_1_thumb_large.jpg","width":480,"height":360,"caption":"Buy Ketamine Liquid Online"},{"@type":"BreadcrumbList","@id":"https:\/\/gooddealersmeds.com\/it\/product\/compra-ketamina-liquido-online\/#breadcrumb","itemListElement":[{"@type":"ListItem","position":1,"name":"Home","item":"https:\/\/gooddealersmeds.com\/it\/"},{"@type":"ListItem","position":2,"name":"Prodotti","item":"https:\/\/gooddealersmeds.com\/it\/prodotti\/"},{"@type":"ListItem","position":3,"name":"Acquista online il liquido di ketamina"}]},{"@type":"WebSite","@id":"https:\/\/gooddealersmeds.com\/it\/#website","url":"https:\/\/gooddealersmeds.com\/it\/","name":"Good Dealers Meds","description":"All our best","publisher":{"@id":"https:\/\/gooddealersmeds.com\/it\/#organization"},"potentialAction":[{"@type":"SearchAction","target":{"@type":"EntryPoint","urlTemplate":"https:\/\/gooddealersmeds.com\/it\/?s={search_term_string}"},"query-input":{"@type":"PropertyValueSpecification","valueRequired":true,"valueName":"search_term_string"}}],"inLanguage":"en-US"},{"@type":"Organization","@id":"https:\/\/gooddealersmeds.com\/it\/#organization","name":"Good Dealers Meds","url":"https:\/\/gooddealersmeds.com\/it\/","logo":{"@type":"ImageObject","inLanguage":"en-US","@id":"https:\/\/gooddealersmeds.com\/it\/#\/schema\/logo\/image\/","url":"https:\/\/gooddealersmeds.com\/it\/wp-content\/uploads\/sites\/7\/2022\/03\/gooddealersmeds__logo__20220317T222800Z.00.png","contentUrl":"https:\/\/gooddealersmeds.com\/it\/wp-content\/uploads\/sites\/7\/2022\/03\/gooddealersmeds__logo__20220317T222800Z.00.png","width":500,"height":325,"caption":"Good Dealers Meds"},"image":{"@id":"https:\/\/gooddealersmeds.com\/it\/#\/schema\/logo\/image\/"}}]}},"_links":{"self":[{"href":"https:\/\/gooddealersmeds.com\/it\/wp-json\/wp\/v2\/product\/1701","targetHints":{"allow":["GET"]}}],"collection":[{"href":"https:\/\/gooddealersmeds.com\/it\/wp-json\/wp\/v2\/product"}],"about":[{"href":"https:\/\/gooddealersmeds.com\/it\/wp-json\/wp\/v2\/types\/product"}],"replies":[{"embeddable":true,"href":"https:\/\/gooddealersmeds.com\/it\/wp-json\/wp\/v2\/comments?post=1701"}],"wp:featuredmedia":[{"embeddable":true,"href":"https:\/\/gooddealersmeds.com\/it\/wp-json\/wp\/v2\/media\/1866"}],"wp:attachment":[{"href":"https:\/\/gooddealersmeds.com\/it\/wp-json\/wp\/v2\/media?parent=1701"}],"wp:term":[{"taxonomy":"product_brand","embeddable":true,"href":"https:\/\/gooddealersmeds.com\/it\/wp-json\/wp\/v2\/product_brand?post=1701"},{"taxonomy":"product_cat","embeddable":true,"href":"https:\/\/gooddealersmeds.com\/it\/wp-json\/wp\/v2\/product_cat?post=1701"},{"taxonomy":"product_tag","embeddable":true,"href":"https:\/\/gooddealersmeds.com\/it\/wp-json\/wp\/v2\/product_tag?post=1701"}],"curies":[{"name":"wp","href":"https:\/\/api.w.org\/{rel}","templated":true}]}}