{"id":1689,"date":"2022-03-19T01:19:42","date_gmt":"2022-03-19T01:19:42","guid":{"rendered":"https:\/\/gooddealersmeds.com\/it\/?post_type=product&#038;p=1689"},"modified":"2022-12-30T22:53:26","modified_gmt":"2022-12-30T22:53:26","slug":"comprare-cocaina-online","status":"publish","type":"product","link":"https:\/\/gooddealersmeds.com\/it\/product\/comprare-cocaina-online\/","title":{"rendered":"Acquista cocaina online"},"content":{"rendered":"<h2>Cocaina in vendita online su Good Dealers Meds<\/h2>\n<p>I clienti di tutta Europa possono Acquista cocaina online dal nostro sito con o senza prescrizione medica. La cocaina \u00e8 una polvere bianca. \u00c8 uno stimolante del sistema nervoso centrale che provoca il rilascio di alti livelli di dopamina. Il cervello ci &#8220;premia&#8221; per aver intrapreso un comportamento che migliora la vita, rilasciando una marea di piacevoli sostanze neurochimiche.<\/p>\n<p>La cocaina \u00e8 una polvere bianca con un sapore amaro e paralizzante. Si presenta in 3 forme principali: cocaina cloridrato, freebase e crack. Pu\u00f2 essere sniffato dal naso o mescolato con acqua e iniettato con un ago. Pu\u00f2 anche essere iniettato, strofinato sulle gengive o aggiunto a cibi e bevande. La cocaina pu\u00f2 anche essere trasformata in piccole rocce bianche, chiamate crack. Il crack viene fumato in una piccola pipa di vetro.<\/p>\n<p><strong>Effetti della cocaina &#8211; Ordina cocaina di elevata purezza da noi?<\/strong><\/p>\n<p>Accelera tutto il tuo corpo. Potresti sentirti pieno di energia, felice ed eccitato. Ma poi il tuo umore pu\u00f2 cambiare. Puoi diventare arrabbiato, nervoso e spaventato dal fatto che qualcuno cerchi di prenderti. La cocaina aumenta la frequenza cardiaca, la respirazione e la pressione sanguigna. L&#8217;up-phase \u00e8 veloce, porta all&#8217;euforia e a una sensazione di potere e potere intellettuale. La cocaina pu\u00f2 imitare una maggiore vigilanza, ostacolare i sentimenti di affaticamento e shock fisico. Potresti fare cose che non hanno senso. Dopo che lo &#8220;sballo&#8221; di svanisce, puoi &#8220;andare in crash&#8221; e sentirti stanco e triste per giorni. Hai anche un forte desiderio di prendere di nuovo la droga per cercare di sentirti meglio. Acquista cocaina online<\/p>\n<p>\u00c8 un farmaco stimolante che crea una forte dipendenza a base delle foglie della pianta di coca originaria del Sud America. Sebbene gli operatori sanitari possano utilizzarlo per scopi medici validi, come l&#8217;anestesia locale per alcuni interventi chirurgici, la cocaina \u00e8 una droga illegale. \u00c8 facile perdere il controllo sul suo utilizzo e diventare dipendenti. Quindi, anche se si riceve un trattamento, pu\u00f2 essere difficile evitare il farmaco. Le persone che hanno smesso di usare la cocaina possono ancora provare un forte desiderio per la droga, a volte anche anni dopo.<\/p>\n<p>Puoi acquistare cocaina online dal nostro <a href=\"https:\/\/gooddealersmeds.com\/it\/products\/\">negozio<\/a> con spedizione sicura in tutta Europa.<\/p>\n<p>&nbsp;<\/p>\n","protected":false},"excerpt":{"rendered":"<p>Acquista ora la Cocaina online nel nostro negozio, \u00e8 un farmaco stimolante estratto dalle foglie dell&#8217;Erythroxylon coca Lam, una specie della pianta della coca, che viene coltivata nella regione andina del Sud America. Pu\u00f2 essere consumato sotto forma di cocaina in polvere, che di solito viene sniffata o iniettata. Pu\u00f2 anche essere consumato sotto forma di crack, che di solito viene fumato, e in forma di pasta, anch&#8217;esso affumicato.<\/p>\n","protected":false},"featured_media":1700,"comment_status":"open","ping_status":"closed","template":"","meta":{"inline_featured_image":false},"product_brand":[],"product_cat":[343],"product_tag":[258,254,251,245,249,250,252,253,261,260,244,248,255,589,592,241,246,256,247,257,242,243,590,262,591,259,263],"class_list":{"0":"post-1689","1":"product","2":"type-product","3":"status-publish","4":"has-post-thumbnail","6":"product_cat-altri","7":"product_tag-acquista-variety-pack-online","8":"product_tag-acquistare-psilocybe-tempensis-online","9":"product_tag-comprare-psilocybe-mckennaii-online","10":"product_tag-buy-lisergico-acido-dietilamide","11":"product_tag-comprare-paneolus-cyanescens-online","12":"product_tag-acquistare-psilocybe-azurenscens-online","13":"product_tag-comprare-psilocybe-mexicana-online","14":"product_tag-comprare-psilocybe-stuntzil-online","15":"product_tag-mastermind-barre-di-cioccolato-fondente","16":"product_tag-biscotti-e-crema-cioccolato","17":"product_tag-buy-dmt-online","18":"product_tag-buy-methamphetamine-online","19":"product_tag-buy-psilocybe-weilii-online","20":"product_tag-cocaina-in-vendita","21":"product_tag-come-acquistare-cocaina-con-discrezione","22":"product_tag-compra-albino-p-e-fungo","23":"product_tag-compra-malabar-funghi-magici","24":"product_tag-comprare-sale-mare-cioccolato-fondente","25":"product_tag-compra-mazatapec-fungo-magico","26":"product_tag-compra-transkei-fungo-magico","27":"product_tag-buy-berry-sour-stars","28":"product_tag-comprare-cocaina-online","29":"product_tag-dove-comprare-la-cocaina","30":"product_tag-pene-invidia-fungo-magico","31":"product_tag-pura-cocaina-ordine-online","32":"product_tag-ciliegia-lime-orsetti-gommosi","33":"product_tag-top-lsd-in-vendita","34":"pa_grams-1-kg-1000-g","35":"pa_grams-10-g","36":"pa_grams-100-g","37":"pa_grams-20-g","38":"pa_grams-200-g","39":"pa_grams-35-g","40":"pa_grams-50-g","41":"pa_grams-500-g","43":"first","44":"instock","45":"featured","46":"shipping-taxable","47":"purchasable","48":"product-type-variable","49":"has-default-attributes"},"yoast_head":"<!-- This site is optimized with the Yoast SEO Premium plugin v20.6 (Yoast SEO v27.3) - https:\/\/yoast.com\/product\/yoast-seo-premium-wordpress\/ -->\n<title>Acquista cocaina online - Vendita di cocaina | Fornitore di cocaina<\/title>\n<meta name=\"description\" content=\"Acquista Cocaina online nel nostro negozio, \u00e8 un farmaco stimolante estratto dalle foglie dell&#039;Erythroxylon coca Lam, una specie della pianta della coca.\" \/>\n<meta name=\"robots\" content=\"index, follow, max-snippet:-1, max-image-preview:large, max-video-preview:-1\" \/>\n<link rel=\"canonical\" href=\"https:\/\/gooddealersmeds.com\/it\/product\/comprare-cocaina-online\/\" \/>\n<meta property=\"og:locale\" content=\"en_US\" \/>\n<meta property=\"og:type\" content=\"article\" \/>\n<meta property=\"og:title\" content=\"Acquista cocaina online\" \/>\n<meta property=\"og:description\" content=\"Acquista Cocaina online nel nostro negozio, \u00e8 un farmaco stimolante estratto dalle foglie dell&#039;Erythroxylon coca Lam, una specie della pianta della coca.\" \/>\n<meta property=\"og:url\" content=\"https:\/\/gooddealersmeds.com\/it\/product\/comprare-cocaina-online\/\" \/>\n<meta property=\"og:site_name\" content=\"Good Dealers Meds\" \/>\n<meta property=\"article:modified_time\" content=\"2022-12-30T22:53:26+00:00\" \/>\n<meta property=\"og:image\" content=\"https:\/\/gooddealersmeds.com\/it\/wp-content\/uploads\/sites\/7\/2022\/03\/8097e257-2271-4a0c-9aeb-1705fa7333e8.jpg\" \/>\n\t<meta property=\"og:image:width\" content=\"687\" \/>\n\t<meta property=\"og:image:height\" content=\"687\" \/>\n\t<meta property=\"og:image:type\" content=\"image\/jpeg\" \/>\n<meta name=\"twitter:card\" content=\"summary_large_image\" \/>\n<meta name=\"twitter:label1\" content=\"Est. reading time\" \/>\n\t<meta name=\"twitter:data1\" content=\"2 minutes\" \/>\n<script type=\"application\/ld+json\" class=\"yoast-schema-graph\">{\"@context\":\"https:\\\/\\\/schema.org\",\"@graph\":[{\"@type\":\"WebPage\",\"@id\":\"https:\\\/\\\/gooddealersmeds.com\\\/it\\\/product\\\/comprare-cocaina-online\\\/\",\"url\":\"https:\\\/\\\/gooddealersmeds.com\\\/it\\\/product\\\/comprare-cocaina-online\\\/\",\"name\":\"Acquista cocaina online - Vendita di cocaina | Fornitore di cocaina\",\"isPartOf\":{\"@id\":\"https:\\\/\\\/gooddealersmeds.com\\\/it\\\/#website\"},\"primaryImageOfPage\":{\"@id\":\"https:\\\/\\\/gooddealersmeds.com\\\/it\\\/product\\\/comprare-cocaina-online\\\/#primaryimage\"},\"image\":{\"@id\":\"https:\\\/\\\/gooddealersmeds.com\\\/it\\\/product\\\/comprare-cocaina-online\\\/#primaryimage\"},\"thumbnailUrl\":\"https:\\\/\\\/gooddealersmeds.com\\\/it\\\/wp-content\\\/uploads\\\/sites\\\/7\\\/2022\\\/03\\\/8097e257-2271-4a0c-9aeb-1705fa7333e8.jpg\",\"datePublished\":\"2022-03-19T01:19:42+00:00\",\"dateModified\":\"2022-12-30T22:53:26+00:00\",\"description\":\"Acquista Cocaina online nel nostro negozio, \u00e8 un farmaco stimolante estratto dalle foglie dell'Erythroxylon coca Lam, una specie della pianta della coca.\",\"breadcrumb\":{\"@id\":\"https:\\\/\\\/gooddealersmeds.com\\\/it\\\/product\\\/comprare-cocaina-online\\\/#breadcrumb\"},\"inLanguage\":\"en-US\",\"potentialAction\":[{\"@type\":\"ReadAction\",\"target\":[\"https:\\\/\\\/gooddealersmeds.com\\\/it\\\/product\\\/comprare-cocaina-online\\\/\"]}]},{\"@type\":\"ImageObject\",\"inLanguage\":\"en-US\",\"@id\":\"https:\\\/\\\/gooddealersmeds.com\\\/it\\\/product\\\/comprare-cocaina-online\\\/#primaryimage\",\"url\":\"https:\\\/\\\/gooddealersmeds.com\\\/it\\\/wp-content\\\/uploads\\\/sites\\\/7\\\/2022\\\/03\\\/8097e257-2271-4a0c-9aeb-1705fa7333e8.jpg\",\"contentUrl\":\"https:\\\/\\\/gooddealersmeds.com\\\/it\\\/wp-content\\\/uploads\\\/sites\\\/7\\\/2022\\\/03\\\/8097e257-2271-4a0c-9aeb-1705fa7333e8.jpg\",\"width\":687,\"height\":687,\"caption\":\"Buy Cocaine Online\"},{\"@type\":\"BreadcrumbList\",\"@id\":\"https:\\\/\\\/gooddealersmeds.com\\\/it\\\/product\\\/comprare-cocaina-online\\\/#breadcrumb\",\"itemListElement\":[{\"@type\":\"ListItem\",\"position\":1,\"name\":\"Home\",\"item\":\"https:\\\/\\\/gooddealersmeds.com\\\/it\\\/\"},{\"@type\":\"ListItem\",\"position\":2,\"name\":\"Prodotti\",\"item\":\"https:\\\/\\\/gooddealersmeds.com\\\/it\\\/prodotti\\\/\"},{\"@type\":\"ListItem\",\"position\":3,\"name\":\"Acquista cocaina online\"}]},{\"@type\":\"WebSite\",\"@id\":\"https:\\\/\\\/gooddealersmeds.com\\\/it\\\/#website\",\"url\":\"https:\\\/\\\/gooddealersmeds.com\\\/it\\\/\",\"name\":\"Good Dealers Meds\",\"description\":\"All our best\",\"publisher\":{\"@id\":\"https:\\\/\\\/gooddealersmeds.com\\\/it\\\/#organization\"},\"potentialAction\":[{\"@type\":\"SearchAction\",\"target\":{\"@type\":\"EntryPoint\",\"urlTemplate\":\"https:\\\/\\\/gooddealersmeds.com\\\/it\\\/?s={search_term_string}\"},\"query-input\":{\"@type\":\"PropertyValueSpecification\",\"valueRequired\":true,\"valueName\":\"search_term_string\"}}],\"inLanguage\":\"en-US\"},{\"@type\":\"Organization\",\"@id\":\"https:\\\/\\\/gooddealersmeds.com\\\/it\\\/#organization\",\"name\":\"Good Dealers Meds\",\"url\":\"https:\\\/\\\/gooddealersmeds.com\\\/it\\\/\",\"logo\":{\"@type\":\"ImageObject\",\"inLanguage\":\"en-US\",\"@id\":\"https:\\\/\\\/gooddealersmeds.com\\\/it\\\/#\\\/schema\\\/logo\\\/image\\\/\",\"url\":\"https:\\\/\\\/gooddealersmeds.com\\\/it\\\/wp-content\\\/uploads\\\/sites\\\/7\\\/2022\\\/03\\\/gooddealersmeds__logo__20220317T222800Z.00.png\",\"contentUrl\":\"https:\\\/\\\/gooddealersmeds.com\\\/it\\\/wp-content\\\/uploads\\\/sites\\\/7\\\/2022\\\/03\\\/gooddealersmeds__logo__20220317T222800Z.00.png\",\"width\":500,\"height\":325,\"caption\":\"Good Dealers Meds\"},\"image\":{\"@id\":\"https:\\\/\\\/gooddealersmeds.com\\\/it\\\/#\\\/schema\\\/logo\\\/image\\\/\"}}]}<\/script>\n<!-- \/ Yoast SEO Premium plugin. -->","yoast_head_json":{"title":"Acquista cocaina online - Vendita di cocaina | Fornitore di cocaina","description":"Acquista Cocaina online nel nostro negozio, \u00e8 un farmaco stimolante estratto dalle foglie dell'Erythroxylon coca Lam, una specie della pianta della coca.","robots":{"index":"index","follow":"follow","max-snippet":"max-snippet:-1","max-image-preview":"max-image-preview:large","max-video-preview":"max-video-preview:-1"},"canonical":"https:\/\/gooddealersmeds.com\/it\/product\/comprare-cocaina-online\/","og_locale":"en_US","og_type":"article","og_title":"Acquista cocaina online","og_description":"Acquista Cocaina online nel nostro negozio, \u00e8 un farmaco stimolante estratto dalle foglie dell'Erythroxylon coca Lam, una specie della pianta della coca.","og_url":"https:\/\/gooddealersmeds.com\/it\/product\/comprare-cocaina-online\/","og_site_name":"Good Dealers Meds","article_modified_time":"2022-12-30T22:53:26+00:00","og_image":[{"width":687,"height":687,"url":"https:\/\/gooddealersmeds.com\/it\/wp-content\/uploads\/sites\/7\/2022\/03\/8097e257-2271-4a0c-9aeb-1705fa7333e8.jpg","type":"image\/jpeg"}],"twitter_card":"summary_large_image","twitter_misc":{"Est. reading time":"2 minutes"},"schema":{"@context":"https:\/\/schema.org","@graph":[{"@type":"WebPage","@id":"https:\/\/gooddealersmeds.com\/it\/product\/comprare-cocaina-online\/","url":"https:\/\/gooddealersmeds.com\/it\/product\/comprare-cocaina-online\/","name":"Acquista cocaina online - Vendita di cocaina | Fornitore di cocaina","isPartOf":{"@id":"https:\/\/gooddealersmeds.com\/it\/#website"},"primaryImageOfPage":{"@id":"https:\/\/gooddealersmeds.com\/it\/product\/comprare-cocaina-online\/#primaryimage"},"image":{"@id":"https:\/\/gooddealersmeds.com\/it\/product\/comprare-cocaina-online\/#primaryimage"},"thumbnailUrl":"https:\/\/gooddealersmeds.com\/it\/wp-content\/uploads\/sites\/7\/2022\/03\/8097e257-2271-4a0c-9aeb-1705fa7333e8.jpg","datePublished":"2022-03-19T01:19:42+00:00","dateModified":"2022-12-30T22:53:26+00:00","description":"Acquista Cocaina online nel nostro negozio, \u00e8 un farmaco stimolante estratto dalle foglie dell'Erythroxylon coca Lam, una specie della pianta della coca.","breadcrumb":{"@id":"https:\/\/gooddealersmeds.com\/it\/product\/comprare-cocaina-online\/#breadcrumb"},"inLanguage":"en-US","potentialAction":[{"@type":"ReadAction","target":["https:\/\/gooddealersmeds.com\/it\/product\/comprare-cocaina-online\/"]}]},{"@type":"ImageObject","inLanguage":"en-US","@id":"https:\/\/gooddealersmeds.com\/it\/product\/comprare-cocaina-online\/#primaryimage","url":"https:\/\/gooddealersmeds.com\/it\/wp-content\/uploads\/sites\/7\/2022\/03\/8097e257-2271-4a0c-9aeb-1705fa7333e8.jpg","contentUrl":"https:\/\/gooddealersmeds.com\/it\/wp-content\/uploads\/sites\/7\/2022\/03\/8097e257-2271-4a0c-9aeb-1705fa7333e8.jpg","width":687,"height":687,"caption":"Buy Cocaine Online"},{"@type":"BreadcrumbList","@id":"https:\/\/gooddealersmeds.com\/it\/product\/comprare-cocaina-online\/#breadcrumb","itemListElement":[{"@type":"ListItem","position":1,"name":"Home","item":"https:\/\/gooddealersmeds.com\/it\/"},{"@type":"ListItem","position":2,"name":"Prodotti","item":"https:\/\/gooddealersmeds.com\/it\/prodotti\/"},{"@type":"ListItem","position":3,"name":"Acquista cocaina online"}]},{"@type":"WebSite","@id":"https:\/\/gooddealersmeds.com\/it\/#website","url":"https:\/\/gooddealersmeds.com\/it\/","name":"Good Dealers Meds","description":"All our best","publisher":{"@id":"https:\/\/gooddealersmeds.com\/it\/#organization"},"potentialAction":[{"@type":"SearchAction","target":{"@type":"EntryPoint","urlTemplate":"https:\/\/gooddealersmeds.com\/it\/?s={search_term_string}"},"query-input":{"@type":"PropertyValueSpecification","valueRequired":true,"valueName":"search_term_string"}}],"inLanguage":"en-US"},{"@type":"Organization","@id":"https:\/\/gooddealersmeds.com\/it\/#organization","name":"Good Dealers Meds","url":"https:\/\/gooddealersmeds.com\/it\/","logo":{"@type":"ImageObject","inLanguage":"en-US","@id":"https:\/\/gooddealersmeds.com\/it\/#\/schema\/logo\/image\/","url":"https:\/\/gooddealersmeds.com\/it\/wp-content\/uploads\/sites\/7\/2022\/03\/gooddealersmeds__logo__20220317T222800Z.00.png","contentUrl":"https:\/\/gooddealersmeds.com\/it\/wp-content\/uploads\/sites\/7\/2022\/03\/gooddealersmeds__logo__20220317T222800Z.00.png","width":500,"height":325,"caption":"Good Dealers Meds"},"image":{"@id":"https:\/\/gooddealersmeds.com\/it\/#\/schema\/logo\/image\/"}}]}},"_links":{"self":[{"href":"https:\/\/gooddealersmeds.com\/it\/wp-json\/wp\/v2\/product\/1689","targetHints":{"allow":["GET"]}}],"collection":[{"href":"https:\/\/gooddealersmeds.com\/it\/wp-json\/wp\/v2\/product"}],"about":[{"href":"https:\/\/gooddealersmeds.com\/it\/wp-json\/wp\/v2\/types\/product"}],"replies":[{"embeddable":true,"href":"https:\/\/gooddealersmeds.com\/it\/wp-json\/wp\/v2\/comments?post=1689"}],"wp:featuredmedia":[{"embeddable":true,"href":"https:\/\/gooddealersmeds.com\/it\/wp-json\/wp\/v2\/media\/1700"}],"wp:attachment":[{"href":"https:\/\/gooddealersmeds.com\/it\/wp-json\/wp\/v2\/media?parent=1689"}],"wp:term":[{"taxonomy":"product_brand","embeddable":true,"href":"https:\/\/gooddealersmeds.com\/it\/wp-json\/wp\/v2\/product_brand?post=1689"},{"taxonomy":"product_cat","embeddable":true,"href":"https:\/\/gooddealersmeds.com\/it\/wp-json\/wp\/v2\/product_cat?post=1689"},{"taxonomy":"product_tag","embeddable":true,"href":"https:\/\/gooddealersmeds.com\/it\/wp-json\/wp\/v2\/product_tag?post=1689"}],"curies":[{"name":"wp","href":"https:\/\/api.w.org\/{rel}","templated":true}]}}