{"id":1678,"date":"2022-03-19T01:13:31","date_gmt":"2022-03-19T01:13:31","guid":{"rendered":"https:\/\/gooddealersmeds.com\/it\/?post_type=product&#038;p=1678"},"modified":"2022-12-30T22:56:56","modified_gmt":"2022-12-30T22:56:56","slug":"acquistare-dmt-cristallo-online","status":"publish","type":"product","link":"https:\/\/gooddealersmeds.com\/it\/product\/acquistare-dmt-cristallo-online\/","title":{"rendered":"Acquista cristallo DMT online"},"content":{"rendered":"<h2>Cristallo DMT di qualit\u00e0 in vendita online su Good Dealers Meds<\/h2>\n<p>Acquista cristallo DMT online dal nostro negozio. La DMT \u00e8 un composto psichedelico e allucinogeno derivato dalla pianta dell&#8217;Ayahuasca. La DMT \u00e8 una sostanza chimica presente in natura che si trova in una variet\u00e0 di animali e piante.<\/p>\n<p>\u00c8 stato scoperto che si trova anche naturalmente negli esseri umani. DMT proviene principalmente dal Sud America, in particolare dalla foresta pluviale amazzonica. Una volta consumato, il DMT \u00e8 noto per causare una serie di effetti visivi e allucinogeni. \u00c8 anche noto per fornire tutti i benefici per la salute mentale di altre sostanze psichedeliche.<\/p>\n<p>Acquista i cristalli DMT online a un prezzo molto conveniente. Abbiamo solo cristalli DMT per uso di laboratorio perch\u00e9 sono puri al 98,98%. Ci\u00f2 indica che \u00e8 estremamente forte e, se consumato, pu\u00f2 ferire l&#8217;individuo.<\/p>\n<p>Cristalli DMT in vendita in Europa. Questo \u00e8 DMT in forma cristallina. DMT Crystals \u00e8 l&#8217;abbreviazione di N, N-dimetiltriptamina. \u00c8 una potente droga psichedelica con effetti serotoninergici sul cervello umano che pu\u00f2 fornire un&#8217;esperienza psichedelica rapida e intensa nota come &#8220;viaggio DMT&#8221;. Le esperienze DMT sono tipicamente contrassegnate da allucinazioni visive, che spesso coinvolgono entit\u00e0 potenti e sono spesso associate a un significato pi\u00f9 profondo. Questa profonda esperienza viene spesso definita una &#8220;svolta DMT&#8221;. La DMT nella sua forma cristallina pu\u00f2 essere fumata, sniffata o iniettata come droga ricreativa. Acquista cristallo DMT online<\/p>\n<p><strong>Ordina DMT Crystal con noi &#8211; Scopri come utilizzare DMT Crystal<\/strong><\/p>\n<p>La DMT di solito non \u00e8 per uso orale, tranne se combinata con un inibitore della monoamino ossidasi. Esistono molteplici strategie di assorbimento; ad esempio, vaporizzare, infondere o insufflare la droga creerebbe sogni irrealizzabili per un breve lasso di tempo.<\/p>\n<p>La DMT pu\u00f2 essere consumata come t\u00e8 (ayahuasca), ma il modo pi\u00f9 comune per consumarla \u00e8 fumare \/ vaporizzalo. Quando fumato\/vaporizzato, l&#8217;esordio \u00e8 rapido e gli effetti sono intensi e di breve durata.<\/p>\n<p>Ai fini della riduzione del danno, non \u00e8 consigliabile combinare sostanze. Una combinazione di sostanze non produrr\u00e0 necessariamente un&#8217;uguale miscelazione di effetti. Ed \u00e8 essenzialmente un nuovo farmaco a s\u00e9 stante.<\/p>\n<p>Puoi acquistare il cristallo DMT online dal nostro negozio.<\/p>\n<p>&nbsp;<\/p>\n","protected":false},"excerpt":{"rendered":"<p>N, N-dimetiltriptamina \u00e8 una sostanza chimica presente in molte piante e animali e che \u00e8 sia un derivato che un analogo strutturale della triptamina. Pu\u00f2 essere consumato come droga psichedelica ed \u00e8 stato storicamente preparato da varie culture per scopi rituali come enteogeno<\/p>\n","protected":false},"featured_media":2018,"comment_status":"open","ping_status":"closed","template":"","meta":{"inline_featured_image":false},"product_brand":[],"product_cat":[345],"product_tag":[],"class_list":{"0":"post-1678","1":"product","2":"type-product","3":"status-publish","4":"has-post-thumbnail","6":"product_cat-droghe-psichedeliche","7":"pa_grams-1-kg-1000-g","8":"pa_grams-10-g","9":"pa_grams-100-g","10":"pa_grams-20-g","11":"pa_grams-200-g","12":"pa_grams-35-g","13":"pa_grams-50-g","14":"pa_grams-500-g","16":"first","17":"instock","18":"featured","19":"shipping-taxable","20":"purchasable","21":"product-type-variable","22":"has-default-attributes"},"yoast_head":"<!-- This site is optimized with the Yoast SEO Premium plugin v20.6 (Yoast SEO v27.3) - https:\/\/yoast.com\/product\/yoast-seo-premium-wordpress\/ -->\n<title>Acquista cristallo DMT online | Vendo cristallo DMT | fornitore DMT<\/title>\n<meta name=\"description\" content=\"Acquista cristallo DMT online: DMT \u00e8 una droga allucinogena e psichedelica che altera la percezione dell&#039;individuo del mondo che lo circonda.\" \/>\n<meta name=\"robots\" content=\"index, follow, max-snippet:-1, max-image-preview:large, max-video-preview:-1\" \/>\n<link rel=\"canonical\" href=\"https:\/\/gooddealersmeds.com\/it\/product\/acquistare-dmt-cristallo-online\/\" \/>\n<meta property=\"og:locale\" content=\"en_US\" \/>\n<meta property=\"og:type\" content=\"article\" \/>\n<meta property=\"og:title\" content=\"Acquista cristallo DMT online\" \/>\n<meta property=\"og:description\" content=\"Acquista cristallo DMT online: DMT \u00e8 una droga allucinogena e psichedelica che altera la percezione dell&#039;individuo del mondo che lo circonda.\" \/>\n<meta property=\"og:url\" content=\"https:\/\/gooddealersmeds.com\/it\/product\/acquistare-dmt-cristallo-online\/\" \/>\n<meta property=\"og:site_name\" content=\"Good Dealers Meds\" \/>\n<meta property=\"article:modified_time\" content=\"2022-12-30T22:56:56+00:00\" \/>\n<meta property=\"og:image\" content=\"https:\/\/gooddealersmeds.com\/it\/wp-content\/uploads\/sites\/7\/2022\/03\/wcafo2x8fv051-scaled.webp\" \/>\n\t<meta property=\"og:image:width\" content=\"2560\" \/>\n\t<meta property=\"og:image:height\" content=\"1920\" \/>\n\t<meta property=\"og:image:type\" content=\"image\/webp\" \/>\n<meta name=\"twitter:card\" content=\"summary_large_image\" \/>\n<meta name=\"twitter:label1\" content=\"Est. reading time\" \/>\n\t<meta name=\"twitter:data1\" content=\"2 minutes\" \/>\n<script type=\"application\/ld+json\" class=\"yoast-schema-graph\">{\"@context\":\"https:\\\/\\\/schema.org\",\"@graph\":[{\"@type\":\"WebPage\",\"@id\":\"https:\\\/\\\/gooddealersmeds.com\\\/it\\\/product\\\/acquistare-dmt-cristallo-online\\\/\",\"url\":\"https:\\\/\\\/gooddealersmeds.com\\\/it\\\/product\\\/acquistare-dmt-cristallo-online\\\/\",\"name\":\"Acquista cristallo DMT online | Vendo cristallo DMT | fornitore DMT\",\"isPartOf\":{\"@id\":\"https:\\\/\\\/gooddealersmeds.com\\\/it\\\/#website\"},\"primaryImageOfPage\":{\"@id\":\"https:\\\/\\\/gooddealersmeds.com\\\/it\\\/product\\\/acquistare-dmt-cristallo-online\\\/#primaryimage\"},\"image\":{\"@id\":\"https:\\\/\\\/gooddealersmeds.com\\\/it\\\/product\\\/acquistare-dmt-cristallo-online\\\/#primaryimage\"},\"thumbnailUrl\":\"https:\\\/\\\/gooddealersmeds.com\\\/it\\\/wp-content\\\/uploads\\\/sites\\\/7\\\/2022\\\/03\\\/wcafo2x8fv051-scaled.webp\",\"datePublished\":\"2022-03-19T01:13:31+00:00\",\"dateModified\":\"2022-12-30T22:56:56+00:00\",\"description\":\"Acquista cristallo DMT online: DMT \u00e8 una droga allucinogena e psichedelica che altera la percezione dell'individuo del mondo che lo circonda.\",\"breadcrumb\":{\"@id\":\"https:\\\/\\\/gooddealersmeds.com\\\/it\\\/product\\\/acquistare-dmt-cristallo-online\\\/#breadcrumb\"},\"inLanguage\":\"en-US\",\"potentialAction\":[{\"@type\":\"ReadAction\",\"target\":[\"https:\\\/\\\/gooddealersmeds.com\\\/it\\\/product\\\/acquistare-dmt-cristallo-online\\\/\"]}]},{\"@type\":\"ImageObject\",\"inLanguage\":\"en-US\",\"@id\":\"https:\\\/\\\/gooddealersmeds.com\\\/it\\\/product\\\/acquistare-dmt-cristallo-online\\\/#primaryimage\",\"url\":\"https:\\\/\\\/gooddealersmeds.com\\\/it\\\/wp-content\\\/uploads\\\/sites\\\/7\\\/2022\\\/03\\\/wcafo2x8fv051-scaled.webp\",\"contentUrl\":\"https:\\\/\\\/gooddealersmeds.com\\\/it\\\/wp-content\\\/uploads\\\/sites\\\/7\\\/2022\\\/03\\\/wcafo2x8fv051-scaled.webp\",\"width\":2560,\"height\":1920,\"caption\":\"Buy DMT Crystal Online\"},{\"@type\":\"BreadcrumbList\",\"@id\":\"https:\\\/\\\/gooddealersmeds.com\\\/it\\\/product\\\/acquistare-dmt-cristallo-online\\\/#breadcrumb\",\"itemListElement\":[{\"@type\":\"ListItem\",\"position\":1,\"name\":\"Home\",\"item\":\"https:\\\/\\\/gooddealersmeds.com\\\/it\\\/\"},{\"@type\":\"ListItem\",\"position\":2,\"name\":\"Prodotti\",\"item\":\"https:\\\/\\\/gooddealersmeds.com\\\/it\\\/prodotti\\\/\"},{\"@type\":\"ListItem\",\"position\":3,\"name\":\"Acquista cristallo DMT online\"}]},{\"@type\":\"WebSite\",\"@id\":\"https:\\\/\\\/gooddealersmeds.com\\\/it\\\/#website\",\"url\":\"https:\\\/\\\/gooddealersmeds.com\\\/it\\\/\",\"name\":\"Good Dealers Meds\",\"description\":\"All our best\",\"publisher\":{\"@id\":\"https:\\\/\\\/gooddealersmeds.com\\\/it\\\/#organization\"},\"potentialAction\":[{\"@type\":\"SearchAction\",\"target\":{\"@type\":\"EntryPoint\",\"urlTemplate\":\"https:\\\/\\\/gooddealersmeds.com\\\/it\\\/?s={search_term_string}\"},\"query-input\":{\"@type\":\"PropertyValueSpecification\",\"valueRequired\":true,\"valueName\":\"search_term_string\"}}],\"inLanguage\":\"en-US\"},{\"@type\":\"Organization\",\"@id\":\"https:\\\/\\\/gooddealersmeds.com\\\/it\\\/#organization\",\"name\":\"Good Dealers Meds\",\"url\":\"https:\\\/\\\/gooddealersmeds.com\\\/it\\\/\",\"logo\":{\"@type\":\"ImageObject\",\"inLanguage\":\"en-US\",\"@id\":\"https:\\\/\\\/gooddealersmeds.com\\\/it\\\/#\\\/schema\\\/logo\\\/image\\\/\",\"url\":\"https:\\\/\\\/gooddealersmeds.com\\\/it\\\/wp-content\\\/uploads\\\/sites\\\/7\\\/2022\\\/03\\\/gooddealersmeds__logo__20220317T222800Z.00.png\",\"contentUrl\":\"https:\\\/\\\/gooddealersmeds.com\\\/it\\\/wp-content\\\/uploads\\\/sites\\\/7\\\/2022\\\/03\\\/gooddealersmeds__logo__20220317T222800Z.00.png\",\"width\":500,\"height\":325,\"caption\":\"Good Dealers Meds\"},\"image\":{\"@id\":\"https:\\\/\\\/gooddealersmeds.com\\\/it\\\/#\\\/schema\\\/logo\\\/image\\\/\"}}]}<\/script>\n<!-- \/ Yoast SEO Premium plugin. -->","yoast_head_json":{"title":"Acquista cristallo DMT online | Vendo cristallo DMT | fornitore DMT","description":"Acquista cristallo DMT online: DMT \u00e8 una droga allucinogena e psichedelica che altera la percezione dell'individuo del mondo che lo circonda.","robots":{"index":"index","follow":"follow","max-snippet":"max-snippet:-1","max-image-preview":"max-image-preview:large","max-video-preview":"max-video-preview:-1"},"canonical":"https:\/\/gooddealersmeds.com\/it\/product\/acquistare-dmt-cristallo-online\/","og_locale":"en_US","og_type":"article","og_title":"Acquista cristallo DMT online","og_description":"Acquista cristallo DMT online: DMT \u00e8 una droga allucinogena e psichedelica che altera la percezione dell'individuo del mondo che lo circonda.","og_url":"https:\/\/gooddealersmeds.com\/it\/product\/acquistare-dmt-cristallo-online\/","og_site_name":"Good Dealers Meds","article_modified_time":"2022-12-30T22:56:56+00:00","og_image":[{"width":2560,"height":1920,"url":"https:\/\/gooddealersmeds.com\/it\/wp-content\/uploads\/sites\/7\/2022\/03\/wcafo2x8fv051-scaled.webp","type":"image\/webp"}],"twitter_card":"summary_large_image","twitter_misc":{"Est. reading time":"2 minutes"},"schema":{"@context":"https:\/\/schema.org","@graph":[{"@type":"WebPage","@id":"https:\/\/gooddealersmeds.com\/it\/product\/acquistare-dmt-cristallo-online\/","url":"https:\/\/gooddealersmeds.com\/it\/product\/acquistare-dmt-cristallo-online\/","name":"Acquista cristallo DMT online | Vendo cristallo DMT | fornitore DMT","isPartOf":{"@id":"https:\/\/gooddealersmeds.com\/it\/#website"},"primaryImageOfPage":{"@id":"https:\/\/gooddealersmeds.com\/it\/product\/acquistare-dmt-cristallo-online\/#primaryimage"},"image":{"@id":"https:\/\/gooddealersmeds.com\/it\/product\/acquistare-dmt-cristallo-online\/#primaryimage"},"thumbnailUrl":"https:\/\/gooddealersmeds.com\/it\/wp-content\/uploads\/sites\/7\/2022\/03\/wcafo2x8fv051-scaled.webp","datePublished":"2022-03-19T01:13:31+00:00","dateModified":"2022-12-30T22:56:56+00:00","description":"Acquista cristallo DMT online: DMT \u00e8 una droga allucinogena e psichedelica che altera la percezione dell'individuo del mondo che lo circonda.","breadcrumb":{"@id":"https:\/\/gooddealersmeds.com\/it\/product\/acquistare-dmt-cristallo-online\/#breadcrumb"},"inLanguage":"en-US","potentialAction":[{"@type":"ReadAction","target":["https:\/\/gooddealersmeds.com\/it\/product\/acquistare-dmt-cristallo-online\/"]}]},{"@type":"ImageObject","inLanguage":"en-US","@id":"https:\/\/gooddealersmeds.com\/it\/product\/acquistare-dmt-cristallo-online\/#primaryimage","url":"https:\/\/gooddealersmeds.com\/it\/wp-content\/uploads\/sites\/7\/2022\/03\/wcafo2x8fv051-scaled.webp","contentUrl":"https:\/\/gooddealersmeds.com\/it\/wp-content\/uploads\/sites\/7\/2022\/03\/wcafo2x8fv051-scaled.webp","width":2560,"height":1920,"caption":"Buy DMT Crystal Online"},{"@type":"BreadcrumbList","@id":"https:\/\/gooddealersmeds.com\/it\/product\/acquistare-dmt-cristallo-online\/#breadcrumb","itemListElement":[{"@type":"ListItem","position":1,"name":"Home","item":"https:\/\/gooddealersmeds.com\/it\/"},{"@type":"ListItem","position":2,"name":"Prodotti","item":"https:\/\/gooddealersmeds.com\/it\/prodotti\/"},{"@type":"ListItem","position":3,"name":"Acquista cristallo DMT online"}]},{"@type":"WebSite","@id":"https:\/\/gooddealersmeds.com\/it\/#website","url":"https:\/\/gooddealersmeds.com\/it\/","name":"Good Dealers Meds","description":"All our best","publisher":{"@id":"https:\/\/gooddealersmeds.com\/it\/#organization"},"potentialAction":[{"@type":"SearchAction","target":{"@type":"EntryPoint","urlTemplate":"https:\/\/gooddealersmeds.com\/it\/?s={search_term_string}"},"query-input":{"@type":"PropertyValueSpecification","valueRequired":true,"valueName":"search_term_string"}}],"inLanguage":"en-US"},{"@type":"Organization","@id":"https:\/\/gooddealersmeds.com\/it\/#organization","name":"Good Dealers Meds","url":"https:\/\/gooddealersmeds.com\/it\/","logo":{"@type":"ImageObject","inLanguage":"en-US","@id":"https:\/\/gooddealersmeds.com\/it\/#\/schema\/logo\/image\/","url":"https:\/\/gooddealersmeds.com\/it\/wp-content\/uploads\/sites\/7\/2022\/03\/gooddealersmeds__logo__20220317T222800Z.00.png","contentUrl":"https:\/\/gooddealersmeds.com\/it\/wp-content\/uploads\/sites\/7\/2022\/03\/gooddealersmeds__logo__20220317T222800Z.00.png","width":500,"height":325,"caption":"Good Dealers Meds"},"image":{"@id":"https:\/\/gooddealersmeds.com\/it\/#\/schema\/logo\/image\/"}}]}},"_links":{"self":[{"href":"https:\/\/gooddealersmeds.com\/it\/wp-json\/wp\/v2\/product\/1678","targetHints":{"allow":["GET"]}}],"collection":[{"href":"https:\/\/gooddealersmeds.com\/it\/wp-json\/wp\/v2\/product"}],"about":[{"href":"https:\/\/gooddealersmeds.com\/it\/wp-json\/wp\/v2\/types\/product"}],"replies":[{"embeddable":true,"href":"https:\/\/gooddealersmeds.com\/it\/wp-json\/wp\/v2\/comments?post=1678"}],"wp:featuredmedia":[{"embeddable":true,"href":"https:\/\/gooddealersmeds.com\/it\/wp-json\/wp\/v2\/media\/2018"}],"wp:attachment":[{"href":"https:\/\/gooddealersmeds.com\/it\/wp-json\/wp\/v2\/media?parent=1678"}],"wp:term":[{"taxonomy":"product_brand","embeddable":true,"href":"https:\/\/gooddealersmeds.com\/it\/wp-json\/wp\/v2\/product_brand?post=1678"},{"taxonomy":"product_cat","embeddable":true,"href":"https:\/\/gooddealersmeds.com\/it\/wp-json\/wp\/v2\/product_cat?post=1678"},{"taxonomy":"product_tag","embeddable":true,"href":"https:\/\/gooddealersmeds.com\/it\/wp-json\/wp\/v2\/product_tag?post=1678"}],"curies":[{"name":"wp","href":"https:\/\/api.w.org\/{rel}","templated":true}]}}