{"id":1657,"date":"2022-03-19T00:58:27","date_gmt":"2022-03-19T00:58:27","guid":{"rendered":"https:\/\/gooddealersmeds.com\/it\/?post_type=product&#038;p=1657"},"modified":"2022-12-30T23:01:54","modified_gmt":"2022-12-30T23:01:54","slug":"ordinare-cocaina-in-polvere-online-98-8-puro","status":"publish","type":"product","link":"https:\/\/gooddealersmeds.com\/it\/product\/ordinare-cocaina-in-polvere-online-98-8-puro\/","title":{"rendered":"Ordina online la cocaina in polvere pura al 98,8%."},"content":{"rendered":"<h2>Acquista la polvere di cocaina online<\/h2>\n<p>Acquista la polvere di cocaina pura online nella migliore qualit\u00e0 dal nostro <a href=\"https:\/\/gooddealersmeds.com\/it\/products\/\"><span style=\"color: #333333\">negozio online<\/span><\/a>. La cocaina in polvere \u00e8 la forma pi\u00f9 comune di cocaina. \u00c8 anche noto come droga da strada per questo motivo. Questa polvere \u00e8 composta dalle piante di Coca che si trovano principalmente e comunemente nei Paesi del Sud.<\/p>\n<p>\u00c8 un potente stimolante che viene utilizzato nel trattamento di molte malattie agendo direttamente sul cervello centrale. Questo stimolante migliora le particolari sostanze chimiche nel cervello per eseguire alcune azioni desiderate sul sistema degli organi umani. A causa delle molteplici caratteristiche, \u00e8 per lo pi\u00f9 utilizzata sotto forma di cocaina in tutto il mondo.<\/p>\n<p>Cocaina in polvere contro un&#8217;altra forma di cocaina<\/p>\n<p>Metodo per utilizzare la cocaina in polvere<\/p>\n<p><strong>Metodo per utilizzare la polvere di cocaina<\/strong><\/p>\n<p>La polvere di cocaina non \u00e8 utile solo per il corpo umano. Ma \u00e8 anche meno dannoso per la salute umana che \u00e8 la caratteristica chiave del suo successo. Viene spesso utilizzato mescolato con altri pro-farmaci come fentanil, talco, ecc. Ma pu\u00f2 essere dannoso per la salute umana se usato mescolato con fentanil senza controllo.<\/p>\n<p>Quindi, dovrebbe essere controllato durante l&#8217;uso un cos\u00ec potente pro-farmaco. Ci sono molti modi in cui le persone usano questa polvere come sniffando, fumando sotto forma di sigaretta o iniettando direttamente nella vena. Il modo in cui dovrebbe essere utilizzato dipende dalle condizioni fisiche e mentali degli esseri umani.<\/p>\n<p>Alcune persone hanno anche usato questa polvere mescolandola con bibite, ma \u00e8 un metodo molto pericoloso per assumerla.<\/p>\n<p><strong>L&#8217;uso medico della polvere di cocaina<\/strong><\/p>\n<p>La polvere di cocaina aumenta anche il sistema reattivo del cervello umano aumentando la quantit\u00e0 di sostanze chimiche al suo interno. I medici prescrivono questo medicinale quando hanno a che fare con persone che soffrono di pigrizia nei loro movimenti e nelle loro azioni. Cocaina cloridrato in vendita<\/p>\n<p>Inoltre, viene utilizzata dai medici in molti interventi chirurgici per ridurre la sensazione di dolore. Il suo breve utilizzo \u00e8 molto utile per gli esseri umani perch\u00e9 fornisce alla mente umana un senso di felicit\u00e0 ed energia. Grazie a queste caratteristiche, \u00e8 popolare tra tutti i tipi di persone in questo mondo.<\/p>\n<p>La polvere di cocaina \u00e8 disponibile e facilmente accessibile a tutti nel mercato online. Anche il nostro negozio online tratta questa polvere unica a prezzi molto ragionevoli. Inoltre, stiamo fornendo la consegna pi\u00f9 veloce del prodotto a portata di mano.<\/p>\n<p>&nbsp;<\/p>\n<p>&nbsp;<\/p>\n<pre><strong>Ordina online cocaina in polvere pura al 98,8% - acquistare cocaina in polvere, acquistare cocaina in polvere online pura al 98,8%, acquistare cocaina in polvere online, Dove acquistare cocaina in polvere online pura al 98,8%, cocaina in polvere online pura al 98,8% in vendita, vendita online di cocaina in polvere pura al 98,8%, acquistare cocaina in polvere online , dove acquistare cocaina in polvere online, cocaina in polvere online pura al 98,8% in vendita negli Stati Uniti, Stati Uniti, Canada, Regno Unito, acquistare, online, fornitori, consegna sicura, \u00c8 ancora possibile ottenere cocaina in polvere online pura al 98,8%, \u00c8 cocaina in polvere online 98,8 % puro legale negli Stati Uniti, acquistare cocaina in polvere online puro al 98,8% online negli Stati Uniti, come ordinare cocaina in polvere online puro al 98,8%, \u00c8 cocaina in polvere online puro al 98,8% legale in Canada<\/strong><\/pre>\n","protected":false},"excerpt":{"rendered":"<p>Compra la cocaina in polvere online. Compra cocaina, cocaina, crack cocaina. Polvere bianca pura non tagliata e tagliata disponibile in stock L&#8217;imballaggio e la spedizione sono molto discreti e aggirano tutte le dogane o le forze dell&#8217;ordine. comprare cocaina online, vendita di cocaina, cocaina legale, comprare cocaina online con carta di credito, vendita di cocaina in polvere.<\/p>\n","protected":false},"featured_media":1666,"comment_status":"open","ping_status":"closed","template":"","meta":{"inline_featured_image":false},"product_brand":[],"product_cat":[343],"product_tag":[596,597,594,599,107,593,105,595,598,214,600,110,217,601,109,108,223,220,212,602],"class_list":{"0":"post-1657","1":"product","2":"type-product","3":"status-publish","4":"has-post-thumbnail","6":"product_cat-altri","7":"product_tag-8-in-vendita","8":"product_tag-8-in-vendita-negli-stati-uniti","9":"product_tag-8-negli-stati-uniti","10":"product_tag-599","11":"product_tag-acquistare","12":"product_tag-acquistare-cocaina-in-polvere-online-puro-al-98","13":"product_tag-canada","14":"product_tag-cocaina-in-polvere-online-pura-al-98","15":"product_tag-come-ordinare-online-la-cocaina-in-polvere-pura-al-98","16":"product_tag-comprare-cocaina-in-polvere-online","17":"product_tag-comprare-cocaina-in-polvere-online-pura-al-98","18":"product_tag-consegna-sicura","19":"product_tag-dove-acquistare-la-cocaina-in-polvere-online","20":"product_tag-dove-acquistare-cocaina-in-polvere-online-pura-al-98","21":"product_tag-fornitori","22":"product_tag-in-linea","23":"product_tag-is-powdered-cocaine-online-98-8-pure-legal-in-canada","24":"product_tag-is-powdered-cocaine-online-98-8-pure-legal-in-usa","25":"product_tag-order-powdered-cocaine-online-98-8-pure-buy-powdered-cocaine","26":"product_tag-puoi-ancora-acquistare-cocaina-in-polvere-online-pura-al-98","27":"pa_grams-1-kg-1000-g","28":"pa_grams-10-g","29":"pa_grams-100-g","30":"pa_grams-20-g","31":"pa_grams-200-g","32":"pa_grams-35-g","33":"pa_grams-50-g","34":"pa_grams-500-g","36":"first","37":"instock","38":"featured","39":"shipping-taxable","40":"purchasable","41":"product-type-variable","42":"has-default-attributes"},"yoast_head":"<!-- This site is optimized with the Yoast SEO Premium plugin v20.6 (Yoast SEO v27.3) - https:\/\/yoast.com\/product\/yoast-seo-premium-wordpress\/ -->\n<title>Acquista online la polvere di cocaina (pura al 98,8%) | fornitore di cocaina<\/title>\n<meta name=\"description\" content=\"Acquista la polvere di cocaina pura online nella migliore qualit\u00e0. Siamo il fornitore pi\u00f9 affidabile e discreto di cocaina crack a buon mercato online.\" \/>\n<meta name=\"robots\" content=\"index, follow, max-snippet:-1, max-image-preview:large, max-video-preview:-1\" \/>\n<link rel=\"canonical\" href=\"https:\/\/gooddealersmeds.com\/it\/product\/ordinare-cocaina-in-polvere-online-98-8-puro\/\" \/>\n<meta property=\"og:locale\" content=\"en_US\" \/>\n<meta property=\"og:type\" content=\"article\" \/>\n<meta property=\"og:title\" content=\"Ordina online la cocaina in polvere pura al 98,8%.\" \/>\n<meta property=\"og:description\" content=\"Acquista la polvere di cocaina pura online nella migliore qualit\u00e0. Siamo il fornitore pi\u00f9 affidabile e discreto di cocaina crack a buon mercato online.\" \/>\n<meta property=\"og:url\" content=\"https:\/\/gooddealersmeds.com\/it\/product\/ordinare-cocaina-in-polvere-online-98-8-puro\/\" \/>\n<meta property=\"og:site_name\" content=\"Good Dealers Meds\" \/>\n<meta property=\"article:modified_time\" content=\"2022-12-30T23:01:54+00:00\" \/>\n<meta property=\"og:image\" content=\"https:\/\/gooddealersmeds.com\/it\/wp-content\/uploads\/sites\/7\/2022\/03\/coc.jpg\" \/>\n\t<meta property=\"og:image:width\" content=\"600\" \/>\n\t<meta property=\"og:image:height\" content=\"600\" \/>\n\t<meta property=\"og:image:type\" content=\"image\/jpeg\" \/>\n<meta name=\"twitter:card\" content=\"summary_large_image\" \/>\n<meta name=\"twitter:label1\" content=\"Est. reading time\" \/>\n\t<meta name=\"twitter:data1\" content=\"3 minutes\" \/>\n<script type=\"application\/ld+json\" class=\"yoast-schema-graph\">{\"@context\":\"https:\\\/\\\/schema.org\",\"@graph\":[{\"@type\":\"WebPage\",\"@id\":\"https:\\\/\\\/gooddealersmeds.com\\\/it\\\/product\\\/ordinare-cocaina-in-polvere-online-98-8-puro\\\/\",\"url\":\"https:\\\/\\\/gooddealersmeds.com\\\/it\\\/product\\\/ordinare-cocaina-in-polvere-online-98-8-puro\\\/\",\"name\":\"Acquista online la polvere di cocaina (pura al 98,8%) | fornitore di cocaina\",\"isPartOf\":{\"@id\":\"https:\\\/\\\/gooddealersmeds.com\\\/it\\\/#website\"},\"primaryImageOfPage\":{\"@id\":\"https:\\\/\\\/gooddealersmeds.com\\\/it\\\/product\\\/ordinare-cocaina-in-polvere-online-98-8-puro\\\/#primaryimage\"},\"image\":{\"@id\":\"https:\\\/\\\/gooddealersmeds.com\\\/it\\\/product\\\/ordinare-cocaina-in-polvere-online-98-8-puro\\\/#primaryimage\"},\"thumbnailUrl\":\"https:\\\/\\\/gooddealersmeds.com\\\/it\\\/wp-content\\\/uploads\\\/sites\\\/7\\\/2022\\\/03\\\/coc.jpg\",\"datePublished\":\"2022-03-19T00:58:27+00:00\",\"dateModified\":\"2022-12-30T23:01:54+00:00\",\"description\":\"Acquista la polvere di cocaina pura online nella migliore qualit\u00e0. Siamo il fornitore pi\u00f9 affidabile e discreto di cocaina crack a buon mercato online.\",\"breadcrumb\":{\"@id\":\"https:\\\/\\\/gooddealersmeds.com\\\/it\\\/product\\\/ordinare-cocaina-in-polvere-online-98-8-puro\\\/#breadcrumb\"},\"inLanguage\":\"en-US\",\"potentialAction\":[{\"@type\":\"ReadAction\",\"target\":[\"https:\\\/\\\/gooddealersmeds.com\\\/it\\\/product\\\/ordinare-cocaina-in-polvere-online-98-8-puro\\\/\"]}]},{\"@type\":\"ImageObject\",\"inLanguage\":\"en-US\",\"@id\":\"https:\\\/\\\/gooddealersmeds.com\\\/it\\\/product\\\/ordinare-cocaina-in-polvere-online-98-8-puro\\\/#primaryimage\",\"url\":\"https:\\\/\\\/gooddealersmeds.com\\\/it\\\/wp-content\\\/uploads\\\/sites\\\/7\\\/2022\\\/03\\\/coc.jpg\",\"contentUrl\":\"https:\\\/\\\/gooddealersmeds.com\\\/it\\\/wp-content\\\/uploads\\\/sites\\\/7\\\/2022\\\/03\\\/coc.jpg\",\"width\":600,\"height\":600,\"caption\":\"Buy Cocaine Powder Online\"},{\"@type\":\"BreadcrumbList\",\"@id\":\"https:\\\/\\\/gooddealersmeds.com\\\/it\\\/product\\\/ordinare-cocaina-in-polvere-online-98-8-puro\\\/#breadcrumb\",\"itemListElement\":[{\"@type\":\"ListItem\",\"position\":1,\"name\":\"Home\",\"item\":\"https:\\\/\\\/gooddealersmeds.com\\\/it\\\/\"},{\"@type\":\"ListItem\",\"position\":2,\"name\":\"Prodotti\",\"item\":\"https:\\\/\\\/gooddealersmeds.com\\\/it\\\/prodotti\\\/\"},{\"@type\":\"ListItem\",\"position\":3,\"name\":\"Ordina online la cocaina in polvere pura al 98,8%.\"}]},{\"@type\":\"WebSite\",\"@id\":\"https:\\\/\\\/gooddealersmeds.com\\\/it\\\/#website\",\"url\":\"https:\\\/\\\/gooddealersmeds.com\\\/it\\\/\",\"name\":\"Good Dealers Meds\",\"description\":\"All our best\",\"publisher\":{\"@id\":\"https:\\\/\\\/gooddealersmeds.com\\\/it\\\/#organization\"},\"potentialAction\":[{\"@type\":\"SearchAction\",\"target\":{\"@type\":\"EntryPoint\",\"urlTemplate\":\"https:\\\/\\\/gooddealersmeds.com\\\/it\\\/?s={search_term_string}\"},\"query-input\":{\"@type\":\"PropertyValueSpecification\",\"valueRequired\":true,\"valueName\":\"search_term_string\"}}],\"inLanguage\":\"en-US\"},{\"@type\":\"Organization\",\"@id\":\"https:\\\/\\\/gooddealersmeds.com\\\/it\\\/#organization\",\"name\":\"Good Dealers Meds\",\"url\":\"https:\\\/\\\/gooddealersmeds.com\\\/it\\\/\",\"logo\":{\"@type\":\"ImageObject\",\"inLanguage\":\"en-US\",\"@id\":\"https:\\\/\\\/gooddealersmeds.com\\\/it\\\/#\\\/schema\\\/logo\\\/image\\\/\",\"url\":\"https:\\\/\\\/gooddealersmeds.com\\\/it\\\/wp-content\\\/uploads\\\/sites\\\/7\\\/2022\\\/03\\\/gooddealersmeds__logo__20220317T222800Z.00.png\",\"contentUrl\":\"https:\\\/\\\/gooddealersmeds.com\\\/it\\\/wp-content\\\/uploads\\\/sites\\\/7\\\/2022\\\/03\\\/gooddealersmeds__logo__20220317T222800Z.00.png\",\"width\":500,\"height\":325,\"caption\":\"Good Dealers Meds\"},\"image\":{\"@id\":\"https:\\\/\\\/gooddealersmeds.com\\\/it\\\/#\\\/schema\\\/logo\\\/image\\\/\"}}]}<\/script>\n<!-- \/ Yoast SEO Premium plugin. -->","yoast_head_json":{"title":"Acquista online la polvere di cocaina (pura al 98,8%) | fornitore di cocaina","description":"Acquista la polvere di cocaina pura online nella migliore qualit\u00e0. Siamo il fornitore pi\u00f9 affidabile e discreto di cocaina crack a buon mercato online.","robots":{"index":"index","follow":"follow","max-snippet":"max-snippet:-1","max-image-preview":"max-image-preview:large","max-video-preview":"max-video-preview:-1"},"canonical":"https:\/\/gooddealersmeds.com\/it\/product\/ordinare-cocaina-in-polvere-online-98-8-puro\/","og_locale":"en_US","og_type":"article","og_title":"Ordina online la cocaina in polvere pura al 98,8%.","og_description":"Acquista la polvere di cocaina pura online nella migliore qualit\u00e0. Siamo il fornitore pi\u00f9 affidabile e discreto di cocaina crack a buon mercato online.","og_url":"https:\/\/gooddealersmeds.com\/it\/product\/ordinare-cocaina-in-polvere-online-98-8-puro\/","og_site_name":"Good Dealers Meds","article_modified_time":"2022-12-30T23:01:54+00:00","og_image":[{"width":600,"height":600,"url":"https:\/\/gooddealersmeds.com\/it\/wp-content\/uploads\/sites\/7\/2022\/03\/coc.jpg","type":"image\/jpeg"}],"twitter_card":"summary_large_image","twitter_misc":{"Est. reading time":"3 minutes"},"schema":{"@context":"https:\/\/schema.org","@graph":[{"@type":"WebPage","@id":"https:\/\/gooddealersmeds.com\/it\/product\/ordinare-cocaina-in-polvere-online-98-8-puro\/","url":"https:\/\/gooddealersmeds.com\/it\/product\/ordinare-cocaina-in-polvere-online-98-8-puro\/","name":"Acquista online la polvere di cocaina (pura al 98,8%) | fornitore di cocaina","isPartOf":{"@id":"https:\/\/gooddealersmeds.com\/it\/#website"},"primaryImageOfPage":{"@id":"https:\/\/gooddealersmeds.com\/it\/product\/ordinare-cocaina-in-polvere-online-98-8-puro\/#primaryimage"},"image":{"@id":"https:\/\/gooddealersmeds.com\/it\/product\/ordinare-cocaina-in-polvere-online-98-8-puro\/#primaryimage"},"thumbnailUrl":"https:\/\/gooddealersmeds.com\/it\/wp-content\/uploads\/sites\/7\/2022\/03\/coc.jpg","datePublished":"2022-03-19T00:58:27+00:00","dateModified":"2022-12-30T23:01:54+00:00","description":"Acquista la polvere di cocaina pura online nella migliore qualit\u00e0. Siamo il fornitore pi\u00f9 affidabile e discreto di cocaina crack a buon mercato online.","breadcrumb":{"@id":"https:\/\/gooddealersmeds.com\/it\/product\/ordinare-cocaina-in-polvere-online-98-8-puro\/#breadcrumb"},"inLanguage":"en-US","potentialAction":[{"@type":"ReadAction","target":["https:\/\/gooddealersmeds.com\/it\/product\/ordinare-cocaina-in-polvere-online-98-8-puro\/"]}]},{"@type":"ImageObject","inLanguage":"en-US","@id":"https:\/\/gooddealersmeds.com\/it\/product\/ordinare-cocaina-in-polvere-online-98-8-puro\/#primaryimage","url":"https:\/\/gooddealersmeds.com\/it\/wp-content\/uploads\/sites\/7\/2022\/03\/coc.jpg","contentUrl":"https:\/\/gooddealersmeds.com\/it\/wp-content\/uploads\/sites\/7\/2022\/03\/coc.jpg","width":600,"height":600,"caption":"Buy Cocaine Powder Online"},{"@type":"BreadcrumbList","@id":"https:\/\/gooddealersmeds.com\/it\/product\/ordinare-cocaina-in-polvere-online-98-8-puro\/#breadcrumb","itemListElement":[{"@type":"ListItem","position":1,"name":"Home","item":"https:\/\/gooddealersmeds.com\/it\/"},{"@type":"ListItem","position":2,"name":"Prodotti","item":"https:\/\/gooddealersmeds.com\/it\/prodotti\/"},{"@type":"ListItem","position":3,"name":"Ordina online la cocaina in polvere pura al 98,8%."}]},{"@type":"WebSite","@id":"https:\/\/gooddealersmeds.com\/it\/#website","url":"https:\/\/gooddealersmeds.com\/it\/","name":"Good Dealers Meds","description":"All our best","publisher":{"@id":"https:\/\/gooddealersmeds.com\/it\/#organization"},"potentialAction":[{"@type":"SearchAction","target":{"@type":"EntryPoint","urlTemplate":"https:\/\/gooddealersmeds.com\/it\/?s={search_term_string}"},"query-input":{"@type":"PropertyValueSpecification","valueRequired":true,"valueName":"search_term_string"}}],"inLanguage":"en-US"},{"@type":"Organization","@id":"https:\/\/gooddealersmeds.com\/it\/#organization","name":"Good Dealers Meds","url":"https:\/\/gooddealersmeds.com\/it\/","logo":{"@type":"ImageObject","inLanguage":"en-US","@id":"https:\/\/gooddealersmeds.com\/it\/#\/schema\/logo\/image\/","url":"https:\/\/gooddealersmeds.com\/it\/wp-content\/uploads\/sites\/7\/2022\/03\/gooddealersmeds__logo__20220317T222800Z.00.png","contentUrl":"https:\/\/gooddealersmeds.com\/it\/wp-content\/uploads\/sites\/7\/2022\/03\/gooddealersmeds__logo__20220317T222800Z.00.png","width":500,"height":325,"caption":"Good Dealers Meds"},"image":{"@id":"https:\/\/gooddealersmeds.com\/it\/#\/schema\/logo\/image\/"}}]}},"_links":{"self":[{"href":"https:\/\/gooddealersmeds.com\/it\/wp-json\/wp\/v2\/product\/1657","targetHints":{"allow":["GET"]}}],"collection":[{"href":"https:\/\/gooddealersmeds.com\/it\/wp-json\/wp\/v2\/product"}],"about":[{"href":"https:\/\/gooddealersmeds.com\/it\/wp-json\/wp\/v2\/types\/product"}],"replies":[{"embeddable":true,"href":"https:\/\/gooddealersmeds.com\/it\/wp-json\/wp\/v2\/comments?post=1657"}],"wp:featuredmedia":[{"embeddable":true,"href":"https:\/\/gooddealersmeds.com\/it\/wp-json\/wp\/v2\/media\/1666"}],"wp:attachment":[{"href":"https:\/\/gooddealersmeds.com\/it\/wp-json\/wp\/v2\/media?parent=1657"}],"wp:term":[{"taxonomy":"product_brand","embeddable":true,"href":"https:\/\/gooddealersmeds.com\/it\/wp-json\/wp\/v2\/product_brand?post=1657"},{"taxonomy":"product_cat","embeddable":true,"href":"https:\/\/gooddealersmeds.com\/it\/wp-json\/wp\/v2\/product_cat?post=1657"},{"taxonomy":"product_tag","embeddable":true,"href":"https:\/\/gooddealersmeds.com\/it\/wp-json\/wp\/v2\/product_tag?post=1657"}],"curies":[{"name":"wp","href":"https:\/\/api.w.org\/{rel}","templated":true}]}}