{"id":1639,"date":"2022-03-19T00:39:57","date_gmt":"2022-03-19T00:39:57","guid":{"rendered":"https:\/\/gooddealersmeds.com\/it\/?post_type=product&#038;p=1639"},"modified":"2022-12-30T23:06:08","modified_gmt":"2022-12-30T23:06:08","slug":"comprare-fentanil-polvere-online","status":"publish","type":"product","link":"https:\/\/gooddealersmeds.com\/it\/product\/comprare-fentanil-polvere-online\/","title":{"rendered":"Acquista online la polvere di fentanil"},"content":{"rendered":"<h2><b>Polvere di fentanil in vendita online con la migliore qualit\u00e0<\/b><\/h2>\n<p>Vendo Fentanil in polvere; Il fentanil \u00e8 un membro della famiglia pro-droga nota come oppioide. Questa polvere \u00e8 usata nel trattamento di molte malattie. Si trova sia in pillole che in polvere. La polvere di fentanil \u00e8 l&#8217;antidolorifico che viene utilizzato per ottenere sollievo dal dolore.<\/p>\n<p>Il fentanil viene utilizzato anche per ridurre o rimuovere qualsiasi tipo di dolore, ad esempio anche il dolore cronico. \u00c8 stato sintetizzato per la prima volta negli anni &#8217;60 ed \u00e8 entrato nel mercato come medicinale. Poi \u00e8 stato utilizzato per scopi minori. Ma negli ultimi anni non \u00e8 stato utilizzato solo come medicinale, ma in alcuni casi anche come farmaco.<\/p>\n<p>La polvere di fentanil viene spesso paragonata al pi\u00f9 famoso pro-farmaco noto come Morfina. \u00c8 un pro-farmaco ad altissimo potenziale che viene ancora utilizzato e prodotto in campo medico.<\/p>\n<p>La polvere di fentanil \u00e8 quasi 50-100 volte pi\u00f9 forte del profarmaco della morfina. Questa \u00e8 la ragione principale del suo successo e del suo utilizzo su cos\u00ec vasta scala. Vendo Fentanil in polvere<\/p>\n<p>La polvere di fentanil agisce direttamente sul cervello e cambia completamente il senso di provare dolore. Rimuove permanentemente o parzialmente il dolore dal corpo a seconda della condizione del dolore. A causa della sua elevata potenza, comunemente usato per trattare qualsiasi tipo di dolore che va dal dolore iniziale a quello cronico.<\/p>\n<p><strong>Panoramica sugli effetti della polvere di fentanil<\/strong><\/p>\n<p>Queste sono alcune caratteristiche per cui molti medici usano questo profarmaco nei loro trattamenti. Molti medicinali utilizzati nelle operazioni chirurgiche contengono una parte di questo pro-farmaco per ridurre il dolore dell&#8217;intervento chirurgico.<\/p>\n<p>La polvere di fentanil non \u00e8 solo popolare tra i medici, ma anche tra le persone che vengono a ballare bar e club. Le persone usano questo pro-farmaco per rilassarsi quando si stancano del proprio lavoro e vogliono godersi la vita.<\/p>\n<p>Gli ingredienti utilizzati per creare questo pro-farmaco hanno anche alcune propriet\u00e0 utili per dormire bene. Per questo motivo, \u00e8 diventato molto popolare tra le persone che devono affrontare problemi come la depressione.<\/p>\n<p>La polvere di fentanil \u00e8 facilmente disponibile sul mercato online. Anche il nostro <span style=\"color: #333333\"><a style=\"color: #333333\" href=\"https:\/\/gooddealersmeds.com\/it\/\">negozio online<\/a><\/span> con questo pro-farmaco sia in compresse che in polvere. Il nostro negozio provvede anche alla consegna del prodotto in brevissimo tempo a casa tua.<\/p>\n<p>&nbsp;<\/p>\n<p>&nbsp;<\/p>\n<pre><strong>Acquista Fentanil in polvere Online - acquista polvere, acquista polvere di fentanil, acquista fentanil online, dove acquistare polvere di fentanil, polvere di fentanil in vendita, polvere in vendita, acquista polvere online, dove acquistare polvere di fentanil online, polvere di fentanil in vendita negli Stati Uniti, negli Stati Uniti, in Canada, Regno Unito, acquista, online, fornitori, consegna sicura, \u00c8 ancora possibile ottenere la polvere di fentanil, la polvere di fentanil \u00e8 legale negli Stati Uniti, acquistare la polvere di fentanil online negli Stati Uniti, come ordinare la polvere di fentanil, la polvere di fentanil \u00e8 legale in Canada<\/strong><\/pre>\n","protected":false},"excerpt":{"rendered":"<p>Fentanil tratta il dolore intenso e persistente che non pu\u00f2 essere controllato con altri medicinali. Questo medicinale \u00e8 un antidolorifico narcotico.<br \/>\nAcquista oggi il Fentanyl della migliore qualit\u00e0 online a prezzi molto bassi da Offriamo una spedizione discreta e una garanzia di rimborso.<\/p>\n<p>Il prezzo del prodotto \u00e8 pari a: per grammo<\/p>\n","protected":false},"featured_media":1648,"comment_status":"open","ping_status":"closed","template":"","meta":{"inline_featured_image":false},"product_brand":[],"product_cat":[347],"product_tag":[198,203,107,208,105,209,199,97,110,200,204,205,109,108,210,207,202,206,104,106,201],"class_list":{"0":"post-1639","1":"product","2":"type-product","3":"status-publish","4":"has-post-thumbnail","6":"product_cat-antidolorifici-oppioidi","7":"product_tag-comprare-fentanil-polvere-online-acquistare-polvere","8":"product_tag-compra-polvere-online","9":"product_tag-acquistare","10":"product_tag-comprare-fentanil-polvere-online-usa","11":"product_tag-canada","12":"product_tag-come-ordinare-la-polvere-di-fentanil","13":"product_tag-comprare-fentanil-polvere","14":"product_tag-comprare-fentanil-online","15":"product_tag-consegna-sicura","16":"product_tag-dove-acquistare-fentanil-polvere","17":"product_tag-dove-acquistare-la-polvere-di-fentanil-online","18":"product_tag-fentanil-polvere-in-vendita-negli-usa","19":"product_tag-fornitori","20":"product_tag-in-linea","21":"product_tag--fentanil-polvere-legale-in-canada","22":"product_tag--fentanil-polvere-legale-negli-usa","23":"product_tag-polvere-in-vendita","24":"product_tag-puoi-ancora-prendere-la-polvere-di-fentanil","25":"product_tag-stati-uniti-damerica","26":"product_tag-uk","27":"product_tag-fentanil-polvere-in-vendita","28":"pa_grams-1-kg-1000-g","29":"pa_grams-10-g","30":"pa_grams-100-g","31":"pa_grams-20-g","32":"pa_grams-200-g","33":"pa_grams-35-g","34":"pa_grams-50-g","35":"pa_grams-500-g","37":"first","38":"instock","39":"featured","40":"shipping-taxable","41":"purchasable","42":"product-type-variable","43":"has-default-attributes"},"yoast_head":"<!-- This site is optimized with the Yoast SEO Premium plugin v20.6 (Yoast SEO v27.3) - https:\/\/yoast.com\/product\/yoast-seo-premium-wordpress\/ -->\n<title>Vendo Fentanil in polvere | Acquista online la polvere di fentanil<\/title>\n<meta name=\"description\" content=\"La polvere di fentanil \u00e8 ampiamente usata come farmaco estremo. Vendo Fentanil in polvere senza prescrizione medica ai migliori prezzi da Good Dealers Meds.\" \/>\n<meta name=\"robots\" content=\"index, follow, max-snippet:-1, max-image-preview:large, max-video-preview:-1\" \/>\n<link rel=\"canonical\" href=\"https:\/\/gooddealersmeds.com\/it\/product\/comprare-fentanil-polvere-online\/\" \/>\n<meta property=\"og:locale\" content=\"en_US\" \/>\n<meta property=\"og:type\" content=\"article\" \/>\n<meta property=\"og:title\" content=\"Acquista online la polvere di fentanil\" \/>\n<meta property=\"og:description\" content=\"La polvere di fentanil \u00e8 ampiamente usata come farmaco estremo. Vendo Fentanil in polvere senza prescrizione medica ai migliori prezzi da Good Dealers Meds.\" \/>\n<meta property=\"og:url\" content=\"https:\/\/gooddealersmeds.com\/it\/product\/comprare-fentanil-polvere-online\/\" \/>\n<meta property=\"og:site_name\" content=\"Good Dealers Meds\" \/>\n<meta property=\"article:modified_time\" content=\"2022-12-30T23:06:08+00:00\" \/>\n<meta property=\"og:image\" content=\"https:\/\/gooddealersmeds.com\/it\/wp-content\/uploads\/sites\/7\/2022\/03\/buy-metizolam-powder-online.jpg\" \/>\n\t<meta property=\"og:image:width\" content=\"600\" \/>\n\t<meta property=\"og:image:height\" content=\"600\" \/>\n\t<meta property=\"og:image:type\" content=\"image\/jpeg\" \/>\n<meta name=\"twitter:card\" content=\"summary_large_image\" \/>\n<meta name=\"twitter:label1\" content=\"Est. reading time\" \/>\n\t<meta name=\"twitter:data1\" content=\"2 minutes\" \/>\n<script type=\"application\/ld+json\" class=\"yoast-schema-graph\">{\"@context\":\"https:\\\/\\\/schema.org\",\"@graph\":[{\"@type\":\"WebPage\",\"@id\":\"https:\\\/\\\/gooddealersmeds.com\\\/it\\\/product\\\/comprare-fentanil-polvere-online\\\/\",\"url\":\"https:\\\/\\\/gooddealersmeds.com\\\/it\\\/product\\\/comprare-fentanil-polvere-online\\\/\",\"name\":\"Vendo Fentanil in polvere | Acquista online la polvere di fentanil\",\"isPartOf\":{\"@id\":\"https:\\\/\\\/gooddealersmeds.com\\\/it\\\/#website\"},\"primaryImageOfPage\":{\"@id\":\"https:\\\/\\\/gooddealersmeds.com\\\/it\\\/product\\\/comprare-fentanil-polvere-online\\\/#primaryimage\"},\"image\":{\"@id\":\"https:\\\/\\\/gooddealersmeds.com\\\/it\\\/product\\\/comprare-fentanil-polvere-online\\\/#primaryimage\"},\"thumbnailUrl\":\"https:\\\/\\\/gooddealersmeds.com\\\/it\\\/wp-content\\\/uploads\\\/sites\\\/7\\\/2022\\\/03\\\/buy-metizolam-powder-online.jpg\",\"datePublished\":\"2022-03-19T00:39:57+00:00\",\"dateModified\":\"2022-12-30T23:06:08+00:00\",\"description\":\"La polvere di fentanil \u00e8 ampiamente usata come farmaco estremo. Vendo Fentanil in polvere senza prescrizione medica ai migliori prezzi da Good Dealers Meds.\",\"breadcrumb\":{\"@id\":\"https:\\\/\\\/gooddealersmeds.com\\\/it\\\/product\\\/comprare-fentanil-polvere-online\\\/#breadcrumb\"},\"inLanguage\":\"en-US\",\"potentialAction\":[{\"@type\":\"ReadAction\",\"target\":[\"https:\\\/\\\/gooddealersmeds.com\\\/it\\\/product\\\/comprare-fentanil-polvere-online\\\/\"]}]},{\"@type\":\"ImageObject\",\"inLanguage\":\"en-US\",\"@id\":\"https:\\\/\\\/gooddealersmeds.com\\\/it\\\/product\\\/comprare-fentanil-polvere-online\\\/#primaryimage\",\"url\":\"https:\\\/\\\/gooddealersmeds.com\\\/it\\\/wp-content\\\/uploads\\\/sites\\\/7\\\/2022\\\/03\\\/buy-metizolam-powder-online.jpg\",\"contentUrl\":\"https:\\\/\\\/gooddealersmeds.com\\\/it\\\/wp-content\\\/uploads\\\/sites\\\/7\\\/2022\\\/03\\\/buy-metizolam-powder-online.jpg\",\"width\":600,\"height\":600,\"caption\":\"Buy Fentanyl Powder Online\"},{\"@type\":\"BreadcrumbList\",\"@id\":\"https:\\\/\\\/gooddealersmeds.com\\\/it\\\/product\\\/comprare-fentanil-polvere-online\\\/#breadcrumb\",\"itemListElement\":[{\"@type\":\"ListItem\",\"position\":1,\"name\":\"Home\",\"item\":\"https:\\\/\\\/gooddealersmeds.com\\\/it\\\/\"},{\"@type\":\"ListItem\",\"position\":2,\"name\":\"Prodotti\",\"item\":\"https:\\\/\\\/gooddealersmeds.com\\\/it\\\/prodotti\\\/\"},{\"@type\":\"ListItem\",\"position\":3,\"name\":\"Acquista online la polvere di fentanil\"}]},{\"@type\":\"WebSite\",\"@id\":\"https:\\\/\\\/gooddealersmeds.com\\\/it\\\/#website\",\"url\":\"https:\\\/\\\/gooddealersmeds.com\\\/it\\\/\",\"name\":\"Good Dealers Meds\",\"description\":\"All our best\",\"publisher\":{\"@id\":\"https:\\\/\\\/gooddealersmeds.com\\\/it\\\/#organization\"},\"potentialAction\":[{\"@type\":\"SearchAction\",\"target\":{\"@type\":\"EntryPoint\",\"urlTemplate\":\"https:\\\/\\\/gooddealersmeds.com\\\/it\\\/?s={search_term_string}\"},\"query-input\":{\"@type\":\"PropertyValueSpecification\",\"valueRequired\":true,\"valueName\":\"search_term_string\"}}],\"inLanguage\":\"en-US\"},{\"@type\":\"Organization\",\"@id\":\"https:\\\/\\\/gooddealersmeds.com\\\/it\\\/#organization\",\"name\":\"Good Dealers Meds\",\"url\":\"https:\\\/\\\/gooddealersmeds.com\\\/it\\\/\",\"logo\":{\"@type\":\"ImageObject\",\"inLanguage\":\"en-US\",\"@id\":\"https:\\\/\\\/gooddealersmeds.com\\\/it\\\/#\\\/schema\\\/logo\\\/image\\\/\",\"url\":\"https:\\\/\\\/gooddealersmeds.com\\\/it\\\/wp-content\\\/uploads\\\/sites\\\/7\\\/2022\\\/03\\\/gooddealersmeds__logo__20220317T222800Z.00.png\",\"contentUrl\":\"https:\\\/\\\/gooddealersmeds.com\\\/it\\\/wp-content\\\/uploads\\\/sites\\\/7\\\/2022\\\/03\\\/gooddealersmeds__logo__20220317T222800Z.00.png\",\"width\":500,\"height\":325,\"caption\":\"Good Dealers Meds\"},\"image\":{\"@id\":\"https:\\\/\\\/gooddealersmeds.com\\\/it\\\/#\\\/schema\\\/logo\\\/image\\\/\"}}]}<\/script>\n<!-- \/ Yoast SEO Premium plugin. -->","yoast_head_json":{"title":"Vendo Fentanil in polvere | Acquista online la polvere di fentanil","description":"La polvere di fentanil \u00e8 ampiamente usata come farmaco estremo. Vendo Fentanil in polvere senza prescrizione medica ai migliori prezzi da Good Dealers Meds.","robots":{"index":"index","follow":"follow","max-snippet":"max-snippet:-1","max-image-preview":"max-image-preview:large","max-video-preview":"max-video-preview:-1"},"canonical":"https:\/\/gooddealersmeds.com\/it\/product\/comprare-fentanil-polvere-online\/","og_locale":"en_US","og_type":"article","og_title":"Acquista online la polvere di fentanil","og_description":"La polvere di fentanil \u00e8 ampiamente usata come farmaco estremo. Vendo Fentanil in polvere senza prescrizione medica ai migliori prezzi da Good Dealers Meds.","og_url":"https:\/\/gooddealersmeds.com\/it\/product\/comprare-fentanil-polvere-online\/","og_site_name":"Good Dealers Meds","article_modified_time":"2022-12-30T23:06:08+00:00","og_image":[{"width":600,"height":600,"url":"https:\/\/gooddealersmeds.com\/it\/wp-content\/uploads\/sites\/7\/2022\/03\/buy-metizolam-powder-online.jpg","type":"image\/jpeg"}],"twitter_card":"summary_large_image","twitter_misc":{"Est. reading time":"2 minutes"},"schema":{"@context":"https:\/\/schema.org","@graph":[{"@type":"WebPage","@id":"https:\/\/gooddealersmeds.com\/it\/product\/comprare-fentanil-polvere-online\/","url":"https:\/\/gooddealersmeds.com\/it\/product\/comprare-fentanil-polvere-online\/","name":"Vendo Fentanil in polvere | Acquista online la polvere di fentanil","isPartOf":{"@id":"https:\/\/gooddealersmeds.com\/it\/#website"},"primaryImageOfPage":{"@id":"https:\/\/gooddealersmeds.com\/it\/product\/comprare-fentanil-polvere-online\/#primaryimage"},"image":{"@id":"https:\/\/gooddealersmeds.com\/it\/product\/comprare-fentanil-polvere-online\/#primaryimage"},"thumbnailUrl":"https:\/\/gooddealersmeds.com\/it\/wp-content\/uploads\/sites\/7\/2022\/03\/buy-metizolam-powder-online.jpg","datePublished":"2022-03-19T00:39:57+00:00","dateModified":"2022-12-30T23:06:08+00:00","description":"La polvere di fentanil \u00e8 ampiamente usata come farmaco estremo. Vendo Fentanil in polvere senza prescrizione medica ai migliori prezzi da Good Dealers Meds.","breadcrumb":{"@id":"https:\/\/gooddealersmeds.com\/it\/product\/comprare-fentanil-polvere-online\/#breadcrumb"},"inLanguage":"en-US","potentialAction":[{"@type":"ReadAction","target":["https:\/\/gooddealersmeds.com\/it\/product\/comprare-fentanil-polvere-online\/"]}]},{"@type":"ImageObject","inLanguage":"en-US","@id":"https:\/\/gooddealersmeds.com\/it\/product\/comprare-fentanil-polvere-online\/#primaryimage","url":"https:\/\/gooddealersmeds.com\/it\/wp-content\/uploads\/sites\/7\/2022\/03\/buy-metizolam-powder-online.jpg","contentUrl":"https:\/\/gooddealersmeds.com\/it\/wp-content\/uploads\/sites\/7\/2022\/03\/buy-metizolam-powder-online.jpg","width":600,"height":600,"caption":"Buy Fentanyl Powder Online"},{"@type":"BreadcrumbList","@id":"https:\/\/gooddealersmeds.com\/it\/product\/comprare-fentanil-polvere-online\/#breadcrumb","itemListElement":[{"@type":"ListItem","position":1,"name":"Home","item":"https:\/\/gooddealersmeds.com\/it\/"},{"@type":"ListItem","position":2,"name":"Prodotti","item":"https:\/\/gooddealersmeds.com\/it\/prodotti\/"},{"@type":"ListItem","position":3,"name":"Acquista online la polvere di fentanil"}]},{"@type":"WebSite","@id":"https:\/\/gooddealersmeds.com\/it\/#website","url":"https:\/\/gooddealersmeds.com\/it\/","name":"Good Dealers Meds","description":"All our best","publisher":{"@id":"https:\/\/gooddealersmeds.com\/it\/#organization"},"potentialAction":[{"@type":"SearchAction","target":{"@type":"EntryPoint","urlTemplate":"https:\/\/gooddealersmeds.com\/it\/?s={search_term_string}"},"query-input":{"@type":"PropertyValueSpecification","valueRequired":true,"valueName":"search_term_string"}}],"inLanguage":"en-US"},{"@type":"Organization","@id":"https:\/\/gooddealersmeds.com\/it\/#organization","name":"Good Dealers Meds","url":"https:\/\/gooddealersmeds.com\/it\/","logo":{"@type":"ImageObject","inLanguage":"en-US","@id":"https:\/\/gooddealersmeds.com\/it\/#\/schema\/logo\/image\/","url":"https:\/\/gooddealersmeds.com\/it\/wp-content\/uploads\/sites\/7\/2022\/03\/gooddealersmeds__logo__20220317T222800Z.00.png","contentUrl":"https:\/\/gooddealersmeds.com\/it\/wp-content\/uploads\/sites\/7\/2022\/03\/gooddealersmeds__logo__20220317T222800Z.00.png","width":500,"height":325,"caption":"Good Dealers Meds"},"image":{"@id":"https:\/\/gooddealersmeds.com\/it\/#\/schema\/logo\/image\/"}}]}},"_links":{"self":[{"href":"https:\/\/gooddealersmeds.com\/it\/wp-json\/wp\/v2\/product\/1639","targetHints":{"allow":["GET"]}}],"collection":[{"href":"https:\/\/gooddealersmeds.com\/it\/wp-json\/wp\/v2\/product"}],"about":[{"href":"https:\/\/gooddealersmeds.com\/it\/wp-json\/wp\/v2\/types\/product"}],"replies":[{"embeddable":true,"href":"https:\/\/gooddealersmeds.com\/it\/wp-json\/wp\/v2\/comments?post=1639"}],"wp:featuredmedia":[{"embeddable":true,"href":"https:\/\/gooddealersmeds.com\/it\/wp-json\/wp\/v2\/media\/1648"}],"wp:attachment":[{"href":"https:\/\/gooddealersmeds.com\/it\/wp-json\/wp\/v2\/media?parent=1639"}],"wp:term":[{"taxonomy":"product_brand","embeddable":true,"href":"https:\/\/gooddealersmeds.com\/it\/wp-json\/wp\/v2\/product_brand?post=1639"},{"taxonomy":"product_cat","embeddable":true,"href":"https:\/\/gooddealersmeds.com\/it\/wp-json\/wp\/v2\/product_cat?post=1639"},{"taxonomy":"product_tag","embeddable":true,"href":"https:\/\/gooddealersmeds.com\/it\/wp-json\/wp\/v2\/product_tag?post=1639"}],"curies":[{"name":"wp","href":"https:\/\/api.w.org\/{rel}","templated":true}]}}