{"id":1627,"date":"2022-03-19T00:28:52","date_gmt":"2022-03-19T00:28:52","guid":{"rendered":"https:\/\/gooddealersmeds.com\/it\/?post_type=product&#038;p=1627"},"modified":"2022-12-30T23:08:31","modified_gmt":"2022-12-30T23:08:31","slug":"acquistare-pure-mdma-cristalli-online","status":"publish","type":"product","link":"https:\/\/gooddealersmeds.com\/it\/product\/acquistare-pure-mdma-cristalli-online\/","title":{"rendered":"Acquista online cristalli di MDMA puro"},"content":{"rendered":"<h2>Ordina i cristalli di MDMA online e\u00a0i cristalli di MDMA in vendita a un prezzo conveniente<\/h2>\n<p>Acquista cristalli di MDMA puro dal nostro negozio. <a href=\"https:\/\/gooddealersmeds.com\/it\/product\/buy-pure-mdma-crystals-online\/\">MDMA<\/a> \u00e8 un farmaco stimolante con propriet\u00e0 euforiche e leggermente allucinogene. L&#8217;MDMA \u00e8 disponibile in due forme, pillole e polvere\/cristalli e pu\u00f2 essere assunta per via orale o sniffata.<\/p>\n<p>La sostanza 3, 4-metilendiossimetanfetamina \u00e8 un derivato dell&#8217;anfetamina che ha guadagnato una notevole popolarit\u00e0 negli ultimi anni ed \u00e8 diventato il ricreativo farmaco di scelta per molti adolescenti e giovani adulti. Gli individui che assumono MDMA descrivono un senso di euforia, perdita di inibizione, una sensazione di vicinanza e\/o empatia e una maggiore sensualit\u00e0. &#8220;<a href=\"https:\/\/it.wikipedia.org\/wiki\/MDMA\">Molly<\/a>&#8220;, la polvere o la forma cristallina dell&#8217;MDMA, la sostanza chimica utilizzata nell&#8217;ecstasy, \u00e8 stata una droga popolare.<\/p>\n<p>Il dosaggio dipender\u00e0 da una serie di fattori tra cui la tolleranza, il sesso e il modo in cui viene assunta (per via nasale o per via orale). Questa \u00e8 solo una guida. Acquista cristalli di MDMA puro<\/p>\n<p>Dose consigliata = 50 mg + il tuo peso corporeo in chili<\/p>\n<h3>Tra gli effetti che possono verificarsi a seguito dell&#8217;uso di MDMA sono i seguenti:<\/h3>\n<ul>\n<li>Maggiore vitalit\u00e0\/consapevolezza<\/li>\n<li>Euforia<\/li>\n<li>Maggiore empatia o sensazione di essere &#8216;amati&#8217;<\/li>\n<li>Maggiore stima per la musica<\/li>\n<li>Allucinazioni di natura lieve<\/li>\n<li>Aumento della temperatura<\/li>\n<li>Stringimento della\u00a0mascella, digrignamento dei denti e masticazione della lingua e delle guance (gurning)<\/li>\n<li>Nausea\/vomito<\/li>\n<li>Incapacit\u00e0 di raggiungere l&#8217;orgasmo\/disfunzione erettile<\/li>\n<\/ul>\n<p>Il nostro ordine \u00e8 completamente privato e sicuro. Inoltre, trattiamo i nostri ordini nel massimo rispetto della tua privacy come cliente. In secondo luogo, lavoriamo sodo per mantenere la tua consegna il pi\u00f9 discreta possibile. Per la tua consegna VIP, utilizziamo una rispettabile compagnia di spedizioni.<\/p>\n<p>Inoltre, possiamo assicurare il tuo pacco per garantirne la sicurezza durante il transito dalla nave alla tua porta. Infine, manteniamo tutte le tue informazioni al sicuro e non le daremo n\u00e9 divulgheremo senza la tua autorizzazione.<\/p>\n<p>I clienti di tutto il mondo possono acquistare cristalli di MDMA puro online con o senza prescrizione dal nostro <a href=\"https:\/\/gooddealersmeds.com\/it\/products\/\">negozio<\/a>.<\/p>\n","protected":false},"excerpt":{"rendered":"<p>Cristalli Ecstasy\/Molly in vendita (acquista Cristalli Ecstasy\/Molly online). Acquista online cristalli di MDMA puro, cristalli di metilone online, acquista online di metilone, acquista cristalli di ecstasy online, acquista online cristalli di Molly<\/p>\n","protected":false},"featured_media":1637,"comment_status":"open","ping_status":"closed","template":"","meta":{"inline_featured_image":false},"product_brand":[],"product_cat":[343],"product_tag":[186,107,185,191,187,196,189,193,190,188,192,197,195,194],"class_list":{"0":"post-1627","1":"product","2":"type-product","3":"status-publish","4":"has-post-thumbnail","6":"product_cat-altri","7":"product_tag-buy-pure-mdma-crystals-usa","8":"product_tag-acquistare","9":"product_tag-buy-pure-mdma-crystals-online-buy-pure-mdma-crystals","10":"product_tag-buy-pure-mdma-crystals-online-near-me","11":"product_tag-buy-pure-mdma-crystals-online-usa","12":"product_tag-come-ordinare-cristalli-puri-di-mdma","13":"product_tag-pure-mdma-cristalli-in-vendita","14":"product_tag-pure-mdma-cristalli-in-vendita-negli-usa","15":"product_tag-pure-mdma-cristalli-in-vendita-vicino-a-me","16":"product_tag-dove-acquistare-cristalli-puri-di-mdma","17":"product_tag-dove-acquistare-pure-mdma-crystals-online","18":"product_tag-is-pure-mdma-crystals-legal-in-canada","19":"product_tag-is-pure-mdma-crystals-legal-in-usa","20":"product_tag-puoi-ancora-ottenere-cristalli-di-mdma-puri","21":"pa_grams-1-kg-1000-g","22":"pa_grams-100-g","23":"pa_grams-20-g","24":"pa_grams-200-g","25":"pa_grams-250-g","26":"pa_grams-35-g","27":"pa_grams-50-g","28":"pa_grams-500-g","30":"first","31":"instock","32":"featured","33":"shipping-taxable","34":"purchasable","35":"product-type-variable","36":"has-default-attributes"},"yoast_head":"<!-- This site is optimized with the Yoast SEO Premium plugin v20.6 (Yoast SEO v27.3) - https:\/\/yoast.com\/product\/yoast-seo-premium-wordpress\/ -->\n<title>Acquista online cristalli di MDMA puro | MDMA in vendita | Ordina MDMA<\/title>\n<meta name=\"description\" content=\"Acquista online cristalli di MDMA puro. Vendiamo MDMA puro con offerte pi\u00f9 economiche disponibili per l&#039;acquisto all&#039;ingrosso da Good Dealers Meds e rimani anonimo.\" \/>\n<meta name=\"robots\" content=\"index, follow, max-snippet:-1, max-image-preview:large, max-video-preview:-1\" \/>\n<link rel=\"canonical\" href=\"https:\/\/gooddealersmeds.com\/it\/product\/acquistare-pure-mdma-cristalli-online\/\" \/>\n<meta property=\"og:locale\" content=\"en_US\" \/>\n<meta property=\"og:type\" content=\"article\" \/>\n<meta property=\"og:title\" content=\"Acquista online cristalli di MDMA puro\" \/>\n<meta property=\"og:description\" content=\"Acquista online cristalli di MDMA puro. Vendiamo MDMA puro con offerte pi\u00f9 economiche disponibili per l&#039;acquisto all&#039;ingrosso da Good Dealers Meds e rimani anonimo.\" \/>\n<meta property=\"og:url\" content=\"https:\/\/gooddealersmeds.com\/it\/product\/acquistare-pure-mdma-cristalli-online\/\" \/>\n<meta property=\"og:site_name\" content=\"Good Dealers Meds\" \/>\n<meta property=\"article:modified_time\" content=\"2022-12-30T23:08:31+00:00\" \/>\n<meta property=\"og:image\" content=\"https:\/\/gooddealersmeds.com\/it\/wp-content\/uploads\/sites\/7\/2022\/03\/Buy-pure-MDMA-Crystals-online.jpg\" \/>\n\t<meta property=\"og:image:width\" content=\"600\" \/>\n\t<meta property=\"og:image:height\" content=\"600\" \/>\n\t<meta property=\"og:image:type\" content=\"image\/jpeg\" \/>\n<meta name=\"twitter:card\" content=\"summary_large_image\" \/>\n<meta name=\"twitter:label1\" content=\"Est. reading time\" \/>\n\t<meta name=\"twitter:data1\" content=\"2 minutes\" \/>\n<script type=\"application\/ld+json\" class=\"yoast-schema-graph\">{\"@context\":\"https:\\\/\\\/schema.org\",\"@graph\":[{\"@type\":\"WebPage\",\"@id\":\"https:\\\/\\\/gooddealersmeds.com\\\/it\\\/product\\\/acquistare-pure-mdma-cristalli-online\\\/\",\"url\":\"https:\\\/\\\/gooddealersmeds.com\\\/it\\\/product\\\/acquistare-pure-mdma-cristalli-online\\\/\",\"name\":\"Acquista online cristalli di MDMA puro | MDMA in vendita | Ordina MDMA\",\"isPartOf\":{\"@id\":\"https:\\\/\\\/gooddealersmeds.com\\\/it\\\/#website\"},\"primaryImageOfPage\":{\"@id\":\"https:\\\/\\\/gooddealersmeds.com\\\/it\\\/product\\\/acquistare-pure-mdma-cristalli-online\\\/#primaryimage\"},\"image\":{\"@id\":\"https:\\\/\\\/gooddealersmeds.com\\\/it\\\/product\\\/acquistare-pure-mdma-cristalli-online\\\/#primaryimage\"},\"thumbnailUrl\":\"https:\\\/\\\/gooddealersmeds.com\\\/it\\\/wp-content\\\/uploads\\\/sites\\\/7\\\/2022\\\/03\\\/Buy-pure-MDMA-Crystals-online.jpg\",\"datePublished\":\"2022-03-19T00:28:52+00:00\",\"dateModified\":\"2022-12-30T23:08:31+00:00\",\"description\":\"Acquista online cristalli di MDMA puro. Vendiamo MDMA puro con offerte pi\u00f9 economiche disponibili per l'acquisto all'ingrosso da Good Dealers Meds e rimani anonimo.\",\"breadcrumb\":{\"@id\":\"https:\\\/\\\/gooddealersmeds.com\\\/it\\\/product\\\/acquistare-pure-mdma-cristalli-online\\\/#breadcrumb\"},\"inLanguage\":\"en-US\",\"potentialAction\":[{\"@type\":\"ReadAction\",\"target\":[\"https:\\\/\\\/gooddealersmeds.com\\\/it\\\/product\\\/acquistare-pure-mdma-cristalli-online\\\/\"]}]},{\"@type\":\"ImageObject\",\"inLanguage\":\"en-US\",\"@id\":\"https:\\\/\\\/gooddealersmeds.com\\\/it\\\/product\\\/acquistare-pure-mdma-cristalli-online\\\/#primaryimage\",\"url\":\"https:\\\/\\\/gooddealersmeds.com\\\/it\\\/wp-content\\\/uploads\\\/sites\\\/7\\\/2022\\\/03\\\/Buy-pure-MDMA-Crystals-online.jpg\",\"contentUrl\":\"https:\\\/\\\/gooddealersmeds.com\\\/it\\\/wp-content\\\/uploads\\\/sites\\\/7\\\/2022\\\/03\\\/Buy-pure-MDMA-Crystals-online.jpg\",\"width\":600,\"height\":600,\"caption\":\"Buy MDMA Powder Online\"},{\"@type\":\"BreadcrumbList\",\"@id\":\"https:\\\/\\\/gooddealersmeds.com\\\/it\\\/product\\\/acquistare-pure-mdma-cristalli-online\\\/#breadcrumb\",\"itemListElement\":[{\"@type\":\"ListItem\",\"position\":1,\"name\":\"Home\",\"item\":\"https:\\\/\\\/gooddealersmeds.com\\\/it\\\/\"},{\"@type\":\"ListItem\",\"position\":2,\"name\":\"Prodotti\",\"item\":\"https:\\\/\\\/gooddealersmeds.com\\\/it\\\/prodotti\\\/\"},{\"@type\":\"ListItem\",\"position\":3,\"name\":\"Acquista online cristalli di MDMA puro\"}]},{\"@type\":\"WebSite\",\"@id\":\"https:\\\/\\\/gooddealersmeds.com\\\/it\\\/#website\",\"url\":\"https:\\\/\\\/gooddealersmeds.com\\\/it\\\/\",\"name\":\"Good Dealers Meds\",\"description\":\"All our best\",\"publisher\":{\"@id\":\"https:\\\/\\\/gooddealersmeds.com\\\/it\\\/#organization\"},\"potentialAction\":[{\"@type\":\"SearchAction\",\"target\":{\"@type\":\"EntryPoint\",\"urlTemplate\":\"https:\\\/\\\/gooddealersmeds.com\\\/it\\\/?s={search_term_string}\"},\"query-input\":{\"@type\":\"PropertyValueSpecification\",\"valueRequired\":true,\"valueName\":\"search_term_string\"}}],\"inLanguage\":\"en-US\"},{\"@type\":\"Organization\",\"@id\":\"https:\\\/\\\/gooddealersmeds.com\\\/it\\\/#organization\",\"name\":\"Good Dealers Meds\",\"url\":\"https:\\\/\\\/gooddealersmeds.com\\\/it\\\/\",\"logo\":{\"@type\":\"ImageObject\",\"inLanguage\":\"en-US\",\"@id\":\"https:\\\/\\\/gooddealersmeds.com\\\/it\\\/#\\\/schema\\\/logo\\\/image\\\/\",\"url\":\"https:\\\/\\\/gooddealersmeds.com\\\/it\\\/wp-content\\\/uploads\\\/sites\\\/7\\\/2022\\\/03\\\/gooddealersmeds__logo__20220317T222800Z.00.png\",\"contentUrl\":\"https:\\\/\\\/gooddealersmeds.com\\\/it\\\/wp-content\\\/uploads\\\/sites\\\/7\\\/2022\\\/03\\\/gooddealersmeds__logo__20220317T222800Z.00.png\",\"width\":500,\"height\":325,\"caption\":\"Good Dealers Meds\"},\"image\":{\"@id\":\"https:\\\/\\\/gooddealersmeds.com\\\/it\\\/#\\\/schema\\\/logo\\\/image\\\/\"}}]}<\/script>\n<!-- \/ Yoast SEO Premium plugin. -->","yoast_head_json":{"title":"Acquista online cristalli di MDMA puro | MDMA in vendita | Ordina MDMA","description":"Acquista online cristalli di MDMA puro. Vendiamo MDMA puro con offerte pi\u00f9 economiche disponibili per l'acquisto all'ingrosso da Good Dealers Meds e rimani anonimo.","robots":{"index":"index","follow":"follow","max-snippet":"max-snippet:-1","max-image-preview":"max-image-preview:large","max-video-preview":"max-video-preview:-1"},"canonical":"https:\/\/gooddealersmeds.com\/it\/product\/acquistare-pure-mdma-cristalli-online\/","og_locale":"en_US","og_type":"article","og_title":"Acquista online cristalli di MDMA puro","og_description":"Acquista online cristalli di MDMA puro. Vendiamo MDMA puro con offerte pi\u00f9 economiche disponibili per l'acquisto all'ingrosso da Good Dealers Meds e rimani anonimo.","og_url":"https:\/\/gooddealersmeds.com\/it\/product\/acquistare-pure-mdma-cristalli-online\/","og_site_name":"Good Dealers Meds","article_modified_time":"2022-12-30T23:08:31+00:00","og_image":[{"width":600,"height":600,"url":"https:\/\/gooddealersmeds.com\/it\/wp-content\/uploads\/sites\/7\/2022\/03\/Buy-pure-MDMA-Crystals-online.jpg","type":"image\/jpeg"}],"twitter_card":"summary_large_image","twitter_misc":{"Est. reading time":"2 minutes"},"schema":{"@context":"https:\/\/schema.org","@graph":[{"@type":"WebPage","@id":"https:\/\/gooddealersmeds.com\/it\/product\/acquistare-pure-mdma-cristalli-online\/","url":"https:\/\/gooddealersmeds.com\/it\/product\/acquistare-pure-mdma-cristalli-online\/","name":"Acquista online cristalli di MDMA puro | MDMA in vendita | Ordina MDMA","isPartOf":{"@id":"https:\/\/gooddealersmeds.com\/it\/#website"},"primaryImageOfPage":{"@id":"https:\/\/gooddealersmeds.com\/it\/product\/acquistare-pure-mdma-cristalli-online\/#primaryimage"},"image":{"@id":"https:\/\/gooddealersmeds.com\/it\/product\/acquistare-pure-mdma-cristalli-online\/#primaryimage"},"thumbnailUrl":"https:\/\/gooddealersmeds.com\/it\/wp-content\/uploads\/sites\/7\/2022\/03\/Buy-pure-MDMA-Crystals-online.jpg","datePublished":"2022-03-19T00:28:52+00:00","dateModified":"2022-12-30T23:08:31+00:00","description":"Acquista online cristalli di MDMA puro. Vendiamo MDMA puro con offerte pi\u00f9 economiche disponibili per l'acquisto all'ingrosso da Good Dealers Meds e rimani anonimo.","breadcrumb":{"@id":"https:\/\/gooddealersmeds.com\/it\/product\/acquistare-pure-mdma-cristalli-online\/#breadcrumb"},"inLanguage":"en-US","potentialAction":[{"@type":"ReadAction","target":["https:\/\/gooddealersmeds.com\/it\/product\/acquistare-pure-mdma-cristalli-online\/"]}]},{"@type":"ImageObject","inLanguage":"en-US","@id":"https:\/\/gooddealersmeds.com\/it\/product\/acquistare-pure-mdma-cristalli-online\/#primaryimage","url":"https:\/\/gooddealersmeds.com\/it\/wp-content\/uploads\/sites\/7\/2022\/03\/Buy-pure-MDMA-Crystals-online.jpg","contentUrl":"https:\/\/gooddealersmeds.com\/it\/wp-content\/uploads\/sites\/7\/2022\/03\/Buy-pure-MDMA-Crystals-online.jpg","width":600,"height":600,"caption":"Buy MDMA Powder Online"},{"@type":"BreadcrumbList","@id":"https:\/\/gooddealersmeds.com\/it\/product\/acquistare-pure-mdma-cristalli-online\/#breadcrumb","itemListElement":[{"@type":"ListItem","position":1,"name":"Home","item":"https:\/\/gooddealersmeds.com\/it\/"},{"@type":"ListItem","position":2,"name":"Prodotti","item":"https:\/\/gooddealersmeds.com\/it\/prodotti\/"},{"@type":"ListItem","position":3,"name":"Acquista online cristalli di MDMA puro"}]},{"@type":"WebSite","@id":"https:\/\/gooddealersmeds.com\/it\/#website","url":"https:\/\/gooddealersmeds.com\/it\/","name":"Good Dealers Meds","description":"All our best","publisher":{"@id":"https:\/\/gooddealersmeds.com\/it\/#organization"},"potentialAction":[{"@type":"SearchAction","target":{"@type":"EntryPoint","urlTemplate":"https:\/\/gooddealersmeds.com\/it\/?s={search_term_string}"},"query-input":{"@type":"PropertyValueSpecification","valueRequired":true,"valueName":"search_term_string"}}],"inLanguage":"en-US"},{"@type":"Organization","@id":"https:\/\/gooddealersmeds.com\/it\/#organization","name":"Good Dealers Meds","url":"https:\/\/gooddealersmeds.com\/it\/","logo":{"@type":"ImageObject","inLanguage":"en-US","@id":"https:\/\/gooddealersmeds.com\/it\/#\/schema\/logo\/image\/","url":"https:\/\/gooddealersmeds.com\/it\/wp-content\/uploads\/sites\/7\/2022\/03\/gooddealersmeds__logo__20220317T222800Z.00.png","contentUrl":"https:\/\/gooddealersmeds.com\/it\/wp-content\/uploads\/sites\/7\/2022\/03\/gooddealersmeds__logo__20220317T222800Z.00.png","width":500,"height":325,"caption":"Good Dealers Meds"},"image":{"@id":"https:\/\/gooddealersmeds.com\/it\/#\/schema\/logo\/image\/"}}]}},"_links":{"self":[{"href":"https:\/\/gooddealersmeds.com\/it\/wp-json\/wp\/v2\/product\/1627","targetHints":{"allow":["GET"]}}],"collection":[{"href":"https:\/\/gooddealersmeds.com\/it\/wp-json\/wp\/v2\/product"}],"about":[{"href":"https:\/\/gooddealersmeds.com\/it\/wp-json\/wp\/v2\/types\/product"}],"replies":[{"embeddable":true,"href":"https:\/\/gooddealersmeds.com\/it\/wp-json\/wp\/v2\/comments?post=1627"}],"wp:featuredmedia":[{"embeddable":true,"href":"https:\/\/gooddealersmeds.com\/it\/wp-json\/wp\/v2\/media\/1637"}],"wp:attachment":[{"href":"https:\/\/gooddealersmeds.com\/it\/wp-json\/wp\/v2\/media?parent=1627"}],"wp:term":[{"taxonomy":"product_brand","embeddable":true,"href":"https:\/\/gooddealersmeds.com\/it\/wp-json\/wp\/v2\/product_brand?post=1627"},{"taxonomy":"product_cat","embeddable":true,"href":"https:\/\/gooddealersmeds.com\/it\/wp-json\/wp\/v2\/product_cat?post=1627"},{"taxonomy":"product_tag","embeddable":true,"href":"https:\/\/gooddealersmeds.com\/it\/wp-json\/wp\/v2\/product_tag?post=1627"}],"curies":[{"name":"wp","href":"https:\/\/api.w.org\/{rel}","templated":true}]}}