{"id":1615,"date":"2022-03-19T00:11:34","date_gmt":"2022-03-19T00:11:34","guid":{"rendered":"https:\/\/gooddealersmeds.com\/it\/?post_type=product&#038;p=1615"},"modified":"2022-12-30T23:11:00","modified_gmt":"2022-12-30T23:11:00","slug":"acquistare-crystal-meth-metanfetamine-online","status":"publish","type":"product","link":"https:\/\/gooddealersmeds.com\/it\/product\/acquistare-crystal-meth-metanfetamine-online\/","title":{"rendered":"Acquista Crystal Meth (Metamfetamina) in linea"},"content":{"rendered":"<h2>Acquisto di Crystal Meth (metamfetamina) online dal top-notch<\/h2>\n<p>Il ghiaccio (crystal meth) \u00e8 una metanfetamina, un membro della famiglia delle droghe delle anfetamine. \u00c8 uno stimolante potente e altamente avvincente che colpisce il sistema nervoso centrale. Acquista Crystal Meth online viene maltrattato e venduto a causa del loro potenziale uso ricreativo.<\/p>\n<p>La metanfetamina \u00e8 un membro della famiglia delle fenetilammine, che comprende una gamma di sostanze che possono essere stimolanti, entactogeni o allucinogeni. Crystal meth \u00e8 uno stimolante del SNC che provoca ipertensione e tachicardia con sensazioni di maggiore sicurezza, socialit\u00e0 ed energia. La metanfetamina ha un uso terapeutico occasionale nel trattamento della narcolessia e del disturbo da deficit di attenzione e iperattivit\u00e0 (ADHD).<\/p>\n<p>Noto anche come metanfetamina, gesso, ghiaccio e cristallo, tra molti altri termini, assume la forma di un bianco , polvere cristallina inodore, dal sapore amaro che si scioglie facilmente in acqua o alcool. \u00e8 stato sviluppato all&#8217;inizio del 20\u00b0 secolo dalla sua sostanza chimica madre, l&#8217;anfetamina, ed era originariamente impiegato nei decongestionanti nasali e negli inalatori bronchiali.<\/p>\n<p>Questa droga relativamente comune \u00e8 rimasta popolare tra i consumatori di droghe ricreative perch\u00e9 agisce rapidamente e produce un intensa sensazione di euforia. Dal momento che \u00e8 facilmente realizzabile nei laboratori domestici, c&#8217;\u00e8 un flusso costante e facilmente accessibile del prodotto per coloro che diventano dipendenti.<\/p>\n<p><strong>Perch\u00e9 dovresti ordinare\u00a0Crystal Meth (metamfetamina) da noi?<\/strong><\/p>\n<p>Come l&#8217;anfetamina, la crystal meth provoca una maggiore attivit\u00e0 e loquacit\u00e0, diminuzione dell&#8217;appetito e un delizioso senso di benessere o euforia. Tuttavia, la crystal meth differisce dall&#8217;anfetamina in quanto, a dosi comparabili, molte pi\u00f9 quantit\u00e0 della sostanza entrano nel cervello, rendendolo uno stimolante pi\u00f9 efficace. Ha anche effetti pi\u00f9 duraturi e pi\u00f9 gravi sul sistema nervoso centrale. Queste propriet\u00e0 lo rendono un farmaco con un potenziale significativo di abuso diffuso.<\/p>\n<p>La metanfetamina pu\u00f2 essere fumata, sniffata, ingerita o iniettata. Viene spesso utilizzato alle feste perch\u00e9 aumenta lo stato di veglia e ti consente di rimanere vigile pi\u00f9 a lungo del normale.<\/p>\n<p>La forte fretta che le persone ottengono dall&#8217;uso della metanfetamina fa s\u00ec che molti si appassionino fin dall&#8217;inizio. Quando viene utilizzata, una sostanza chimica chiamata dopamina inonda le parti del cervello che regolano le sensazioni di piacere. Gli utenti si sentono anche sicuri ed energici.<\/p>\n<p>Puoi ordinare Crystal Meth online dal nostro <a href=\"https:\/\/gooddealersmeds.com\/it\/products\/\">negozio<\/a> con spedizione sicura tutto in Europa.<\/p>\n","protected":false},"excerpt":{"rendered":"<p>Il miglior negozio per ordinare il vetro. Puoi acquistare <strong>crystal meth<\/strong> online ora e riceverlo il giorno successivo. La forma pi\u00f9 recente o pi\u00f9 recente di metanfetamina cristallina \u00e8 pura quasi al 100%. \u00c8 inodore e pu\u00f2 essere fumato in tubi di vetro.<\/p>\n<p>Forniamo prodotti di elevata purezza con un sistema di spedizione molto buono e discreto. Con un&#8217;esperienza di 12 anni nella fornitura di prodotti chimici di ricerca; ci concentriamo sulla sicurezza.<\/p>\n<p>Siamo affidabili, affidabili, consegna veloce e prodotti di alta qualit\u00e0 solo a un prezzo accessibile.<\/p>\n","protected":false},"featured_media":1626,"comment_status":"open","ping_status":"closed","template":"","meta":{"inline_featured_image":false},"product_brand":[],"product_cat":[343],"product_tag":[179,107,177,172,166,167,164,165,168,183,173,171,108,174,181,182,170,169,178,176,175,184,180],"class_list":{"0":"post-1615","1":"product","2":"type-product","3":"status-publish","4":"has-post-thumbnail","6":"product_cat-altri","7":"product_tag-acquista","8":"product_tag-acquistare","9":"product_tag-acquisto-cristallo-metanfetamina","10":"product_tag-compra-ricerca-prodotti-chimici-online-acquista-cristallo-meta","11":"product_tag-buy-meth-crystal","12":"product_tag-buy-meth-crystal-methamphetamine-online","13":"product_tag-buy-meth-crystal-methamphetamine-online-cheaply","14":"product_tag-buy-meth-crystal-online","15":"product_tag-buy-methamphetamine","16":"product_tag-cristallo","17":"product_tag-dove-acquistare-crystal-meth","18":"product_tag-dove-acquistare-la-metanfetamina","19":"product_tag-in-linea","20":"product_tag-metanfetamine-in-vendita-online","21":"product_tag-meth","22":"product_tag-methamphetamine","23":"product_tag-methamphetamine-for-sale","24":"product_tag-order-methamphetamine-online","25":"product_tag-ordine-cristallo-metanfetamina","26":"product_tag-ordine-cristallo-meth-on-line","27":"product_tag-ordine-meth","28":"product_tag-polvere","29":"product_tag-sicuro","30":"pa_grams-1-kg-1000-g","31":"pa_grams-100-g","32":"pa_grams-20-g","33":"pa_grams-200-g","34":"pa_grams-250-g","35":"pa_grams-35-g","36":"pa_grams-50-g","37":"pa_grams-500-g","39":"first","40":"instock","41":"featured","42":"shipping-taxable","43":"purchasable","44":"product-type-variable","45":"has-default-attributes"},"yoast_head":"<!-- This site is optimized with the Yoast SEO Premium plugin v20.6 (Yoast SEO v27.3) - https:\/\/yoast.com\/product\/yoast-seo-premium-wordpress\/ -->\n<title>Acquista Crystal Meth online (metamfetamina) | Metanfetamina in vendita<\/title>\n<meta name=\"description\" content=\"Acquista Crystal Meth Online (Metamfetamina) da Good Dealers Meds. Consegniamo spedizioni sicure negli Stati Uniti, in Canada e nel mondo.\" \/>\n<meta name=\"robots\" content=\"index, follow, max-snippet:-1, max-image-preview:large, max-video-preview:-1\" \/>\n<link rel=\"canonical\" href=\"https:\/\/gooddealersmeds.com\/it\/product\/acquistare-crystal-meth-metanfetamine-online\/\" \/>\n<meta property=\"og:locale\" content=\"en_US\" \/>\n<meta property=\"og:type\" content=\"article\" \/>\n<meta property=\"og:title\" content=\"Acquista Crystal Meth (Metamfetamina) in linea\" \/>\n<meta property=\"og:description\" content=\"Acquista Crystal Meth Online (Metamfetamina) da Good Dealers Meds. Consegniamo spedizioni sicure negli Stati Uniti, in Canada e nel mondo.\" \/>\n<meta property=\"og:url\" content=\"https:\/\/gooddealersmeds.com\/it\/product\/acquistare-crystal-meth-metanfetamine-online\/\" \/>\n<meta property=\"og:site_name\" content=\"Good Dealers Meds\" \/>\n<meta property=\"article:modified_time\" content=\"2022-12-30T23:11:00+00:00\" \/>\n<meta property=\"og:image\" content=\"https:\/\/gooddealersmeds.com\/it\/wp-content\/uploads\/sites\/7\/2022\/03\/Buy-Crystal-Meth-Online.jpg\" \/>\n\t<meta property=\"og:image:width\" content=\"600\" \/>\n\t<meta property=\"og:image:height\" content=\"600\" \/>\n\t<meta property=\"og:image:type\" content=\"image\/jpeg\" \/>\n<meta name=\"twitter:card\" content=\"summary_large_image\" \/>\n<meta name=\"twitter:label1\" content=\"Est. reading time\" \/>\n\t<meta name=\"twitter:data1\" content=\"2 minutes\" \/>\n<script type=\"application\/ld+json\" class=\"yoast-schema-graph\">{\"@context\":\"https:\\\/\\\/schema.org\",\"@graph\":[{\"@type\":\"WebPage\",\"@id\":\"https:\\\/\\\/gooddealersmeds.com\\\/it\\\/product\\\/acquistare-crystal-meth-metanfetamine-online\\\/\",\"url\":\"https:\\\/\\\/gooddealersmeds.com\\\/it\\\/product\\\/acquistare-crystal-meth-metanfetamine-online\\\/\",\"name\":\"Acquista Crystal Meth online (metamfetamina) | Metanfetamina in vendita\",\"isPartOf\":{\"@id\":\"https:\\\/\\\/gooddealersmeds.com\\\/it\\\/#website\"},\"primaryImageOfPage\":{\"@id\":\"https:\\\/\\\/gooddealersmeds.com\\\/it\\\/product\\\/acquistare-crystal-meth-metanfetamine-online\\\/#primaryimage\"},\"image\":{\"@id\":\"https:\\\/\\\/gooddealersmeds.com\\\/it\\\/product\\\/acquistare-crystal-meth-metanfetamine-online\\\/#primaryimage\"},\"thumbnailUrl\":\"https:\\\/\\\/gooddealersmeds.com\\\/it\\\/wp-content\\\/uploads\\\/sites\\\/7\\\/2022\\\/03\\\/Buy-Crystal-Meth-Online.jpg\",\"datePublished\":\"2022-03-19T00:11:34+00:00\",\"dateModified\":\"2022-12-30T23:11:00+00:00\",\"description\":\"Acquista Crystal Meth Online (Metamfetamina) da Good Dealers Meds. Consegniamo spedizioni sicure negli Stati Uniti, in Canada e nel mondo.\",\"breadcrumb\":{\"@id\":\"https:\\\/\\\/gooddealersmeds.com\\\/it\\\/product\\\/acquistare-crystal-meth-metanfetamine-online\\\/#breadcrumb\"},\"inLanguage\":\"en-US\",\"potentialAction\":[{\"@type\":\"ReadAction\",\"target\":[\"https:\\\/\\\/gooddealersmeds.com\\\/it\\\/product\\\/acquistare-crystal-meth-metanfetamine-online\\\/\"]}]},{\"@type\":\"ImageObject\",\"inLanguage\":\"en-US\",\"@id\":\"https:\\\/\\\/gooddealersmeds.com\\\/it\\\/product\\\/acquistare-crystal-meth-metanfetamine-online\\\/#primaryimage\",\"url\":\"https:\\\/\\\/gooddealersmeds.com\\\/it\\\/wp-content\\\/uploads\\\/sites\\\/7\\\/2022\\\/03\\\/Buy-Crystal-Meth-Online.jpg\",\"contentUrl\":\"https:\\\/\\\/gooddealersmeds.com\\\/it\\\/wp-content\\\/uploads\\\/sites\\\/7\\\/2022\\\/03\\\/Buy-Crystal-Meth-Online.jpg\",\"width\":600,\"height\":600,\"caption\":\"Buy Crystal Meth Online\"},{\"@type\":\"BreadcrumbList\",\"@id\":\"https:\\\/\\\/gooddealersmeds.com\\\/it\\\/product\\\/acquistare-crystal-meth-metanfetamine-online\\\/#breadcrumb\",\"itemListElement\":[{\"@type\":\"ListItem\",\"position\":1,\"name\":\"Home\",\"item\":\"https:\\\/\\\/gooddealersmeds.com\\\/it\\\/\"},{\"@type\":\"ListItem\",\"position\":2,\"name\":\"Prodotti\",\"item\":\"https:\\\/\\\/gooddealersmeds.com\\\/it\\\/prodotti\\\/\"},{\"@type\":\"ListItem\",\"position\":3,\"name\":\"Acquista Crystal Meth (Metamfetamina) in linea\"}]},{\"@type\":\"WebSite\",\"@id\":\"https:\\\/\\\/gooddealersmeds.com\\\/it\\\/#website\",\"url\":\"https:\\\/\\\/gooddealersmeds.com\\\/it\\\/\",\"name\":\"Good Dealers Meds\",\"description\":\"All our best\",\"publisher\":{\"@id\":\"https:\\\/\\\/gooddealersmeds.com\\\/it\\\/#organization\"},\"potentialAction\":[{\"@type\":\"SearchAction\",\"target\":{\"@type\":\"EntryPoint\",\"urlTemplate\":\"https:\\\/\\\/gooddealersmeds.com\\\/it\\\/?s={search_term_string}\"},\"query-input\":{\"@type\":\"PropertyValueSpecification\",\"valueRequired\":true,\"valueName\":\"search_term_string\"}}],\"inLanguage\":\"en-US\"},{\"@type\":\"Organization\",\"@id\":\"https:\\\/\\\/gooddealersmeds.com\\\/it\\\/#organization\",\"name\":\"Good Dealers Meds\",\"url\":\"https:\\\/\\\/gooddealersmeds.com\\\/it\\\/\",\"logo\":{\"@type\":\"ImageObject\",\"inLanguage\":\"en-US\",\"@id\":\"https:\\\/\\\/gooddealersmeds.com\\\/it\\\/#\\\/schema\\\/logo\\\/image\\\/\",\"url\":\"https:\\\/\\\/gooddealersmeds.com\\\/it\\\/wp-content\\\/uploads\\\/sites\\\/7\\\/2022\\\/03\\\/gooddealersmeds__logo__20220317T222800Z.00.png\",\"contentUrl\":\"https:\\\/\\\/gooddealersmeds.com\\\/it\\\/wp-content\\\/uploads\\\/sites\\\/7\\\/2022\\\/03\\\/gooddealersmeds__logo__20220317T222800Z.00.png\",\"width\":500,\"height\":325,\"caption\":\"Good Dealers Meds\"},\"image\":{\"@id\":\"https:\\\/\\\/gooddealersmeds.com\\\/it\\\/#\\\/schema\\\/logo\\\/image\\\/\"}}]}<\/script>\n<!-- \/ Yoast SEO Premium plugin. -->","yoast_head_json":{"title":"Acquista Crystal Meth online (metamfetamina) | Metanfetamina in vendita","description":"Acquista Crystal Meth Online (Metamfetamina) da Good Dealers Meds. Consegniamo spedizioni sicure negli Stati Uniti, in Canada e nel mondo.","robots":{"index":"index","follow":"follow","max-snippet":"max-snippet:-1","max-image-preview":"max-image-preview:large","max-video-preview":"max-video-preview:-1"},"canonical":"https:\/\/gooddealersmeds.com\/it\/product\/acquistare-crystal-meth-metanfetamine-online\/","og_locale":"en_US","og_type":"article","og_title":"Acquista Crystal Meth (Metamfetamina) in linea","og_description":"Acquista Crystal Meth Online (Metamfetamina) da Good Dealers Meds. Consegniamo spedizioni sicure negli Stati Uniti, in Canada e nel mondo.","og_url":"https:\/\/gooddealersmeds.com\/it\/product\/acquistare-crystal-meth-metanfetamine-online\/","og_site_name":"Good Dealers Meds","article_modified_time":"2022-12-30T23:11:00+00:00","og_image":[{"width":600,"height":600,"url":"https:\/\/gooddealersmeds.com\/it\/wp-content\/uploads\/sites\/7\/2022\/03\/Buy-Crystal-Meth-Online.jpg","type":"image\/jpeg"}],"twitter_card":"summary_large_image","twitter_misc":{"Est. reading time":"2 minutes"},"schema":{"@context":"https:\/\/schema.org","@graph":[{"@type":"WebPage","@id":"https:\/\/gooddealersmeds.com\/it\/product\/acquistare-crystal-meth-metanfetamine-online\/","url":"https:\/\/gooddealersmeds.com\/it\/product\/acquistare-crystal-meth-metanfetamine-online\/","name":"Acquista Crystal Meth online (metamfetamina) | Metanfetamina in vendita","isPartOf":{"@id":"https:\/\/gooddealersmeds.com\/it\/#website"},"primaryImageOfPage":{"@id":"https:\/\/gooddealersmeds.com\/it\/product\/acquistare-crystal-meth-metanfetamine-online\/#primaryimage"},"image":{"@id":"https:\/\/gooddealersmeds.com\/it\/product\/acquistare-crystal-meth-metanfetamine-online\/#primaryimage"},"thumbnailUrl":"https:\/\/gooddealersmeds.com\/it\/wp-content\/uploads\/sites\/7\/2022\/03\/Buy-Crystal-Meth-Online.jpg","datePublished":"2022-03-19T00:11:34+00:00","dateModified":"2022-12-30T23:11:00+00:00","description":"Acquista Crystal Meth Online (Metamfetamina) da Good Dealers Meds. Consegniamo spedizioni sicure negli Stati Uniti, in Canada e nel mondo.","breadcrumb":{"@id":"https:\/\/gooddealersmeds.com\/it\/product\/acquistare-crystal-meth-metanfetamine-online\/#breadcrumb"},"inLanguage":"en-US","potentialAction":[{"@type":"ReadAction","target":["https:\/\/gooddealersmeds.com\/it\/product\/acquistare-crystal-meth-metanfetamine-online\/"]}]},{"@type":"ImageObject","inLanguage":"en-US","@id":"https:\/\/gooddealersmeds.com\/it\/product\/acquistare-crystal-meth-metanfetamine-online\/#primaryimage","url":"https:\/\/gooddealersmeds.com\/it\/wp-content\/uploads\/sites\/7\/2022\/03\/Buy-Crystal-Meth-Online.jpg","contentUrl":"https:\/\/gooddealersmeds.com\/it\/wp-content\/uploads\/sites\/7\/2022\/03\/Buy-Crystal-Meth-Online.jpg","width":600,"height":600,"caption":"Buy Crystal Meth Online"},{"@type":"BreadcrumbList","@id":"https:\/\/gooddealersmeds.com\/it\/product\/acquistare-crystal-meth-metanfetamine-online\/#breadcrumb","itemListElement":[{"@type":"ListItem","position":1,"name":"Home","item":"https:\/\/gooddealersmeds.com\/it\/"},{"@type":"ListItem","position":2,"name":"Prodotti","item":"https:\/\/gooddealersmeds.com\/it\/prodotti\/"},{"@type":"ListItem","position":3,"name":"Acquista Crystal Meth (Metamfetamina) in linea"}]},{"@type":"WebSite","@id":"https:\/\/gooddealersmeds.com\/it\/#website","url":"https:\/\/gooddealersmeds.com\/it\/","name":"Good Dealers Meds","description":"All our best","publisher":{"@id":"https:\/\/gooddealersmeds.com\/it\/#organization"},"potentialAction":[{"@type":"SearchAction","target":{"@type":"EntryPoint","urlTemplate":"https:\/\/gooddealersmeds.com\/it\/?s={search_term_string}"},"query-input":{"@type":"PropertyValueSpecification","valueRequired":true,"valueName":"search_term_string"}}],"inLanguage":"en-US"},{"@type":"Organization","@id":"https:\/\/gooddealersmeds.com\/it\/#organization","name":"Good Dealers Meds","url":"https:\/\/gooddealersmeds.com\/it\/","logo":{"@type":"ImageObject","inLanguage":"en-US","@id":"https:\/\/gooddealersmeds.com\/it\/#\/schema\/logo\/image\/","url":"https:\/\/gooddealersmeds.com\/it\/wp-content\/uploads\/sites\/7\/2022\/03\/gooddealersmeds__logo__20220317T222800Z.00.png","contentUrl":"https:\/\/gooddealersmeds.com\/it\/wp-content\/uploads\/sites\/7\/2022\/03\/gooddealersmeds__logo__20220317T222800Z.00.png","width":500,"height":325,"caption":"Good Dealers Meds"},"image":{"@id":"https:\/\/gooddealersmeds.com\/it\/#\/schema\/logo\/image\/"}}]}},"_links":{"self":[{"href":"https:\/\/gooddealersmeds.com\/it\/wp-json\/wp\/v2\/product\/1615","targetHints":{"allow":["GET"]}}],"collection":[{"href":"https:\/\/gooddealersmeds.com\/it\/wp-json\/wp\/v2\/product"}],"about":[{"href":"https:\/\/gooddealersmeds.com\/it\/wp-json\/wp\/v2\/types\/product"}],"replies":[{"embeddable":true,"href":"https:\/\/gooddealersmeds.com\/it\/wp-json\/wp\/v2\/comments?post=1615"}],"wp:featuredmedia":[{"embeddable":true,"href":"https:\/\/gooddealersmeds.com\/it\/wp-json\/wp\/v2\/media\/1626"}],"wp:attachment":[{"href":"https:\/\/gooddealersmeds.com\/it\/wp-json\/wp\/v2\/media?parent=1615"}],"wp:term":[{"taxonomy":"product_brand","embeddable":true,"href":"https:\/\/gooddealersmeds.com\/it\/wp-json\/wp\/v2\/product_brand?post=1615"},{"taxonomy":"product_cat","embeddable":true,"href":"https:\/\/gooddealersmeds.com\/it\/wp-json\/wp\/v2\/product_cat?post=1615"},{"taxonomy":"product_tag","embeddable":true,"href":"https:\/\/gooddealersmeds.com\/it\/wp-json\/wp\/v2\/product_tag?post=1615"}],"curies":[{"name":"wp","href":"https:\/\/api.w.org\/{rel}","templated":true}]}}