{"id":1605,"date":"2022-03-19T00:01:04","date_gmt":"2022-03-19T00:01:04","guid":{"rendered":"https:\/\/gooddealersmeds.com\/it\/?post_type=product&#038;p=1605"},"modified":"2022-12-30T23:15:24","modified_gmt":"2022-12-30T23:15:24","slug":"compra-4mmc-mefedrone-online","status":"publish","type":"product","link":"https:\/\/gooddealersmeds.com\/it\/product\/compra-4mmc-mefedrone-online\/","title":{"rendered":"Acquista 4MMC (Mefedrone) online"},"content":{"rendered":"<h2>Qualit\u00e0 4MMC (mefedrone) in vendita online su Good Dealers Meds<\/h2>\n<p>Acquista mefedrone in line dal nostro sito Web con o senza prescrizione medica. Forniamo prodotti chimici di ricerca di alta qualit\u00e0. I nostri prodotti chimici sono puri al 99,5% e sono stati standardizzati sia per la ricerca che per uso personale. Vendiamo a prezzi molto bassi e offriamo sconti all&#8217;ingrosso. Poich\u00e9 abbiamo accesso diretto a un impianto di produzione, i nostri prodotti chimici di ricerca hanno un prezzo molto competitivo.<\/p>\n<p>Mefedrone <a href=\"https:\/\/gooddealersmeds.com\/it\/product\/buy-4mmc-mephedrone- online\/\">4MMC in vendita<\/a> online. Viene anche chiamato 4-metilmetcatinone (4-MMC), o<a href=\"https:\/\/it.wikipedia.org\/wiki\/Mefedrone\"> 4-metilefedrone<\/a>, e non va confuso<br \/>\ncon il metadone, che \u00e8 una sostanza completamente diversa. \u00c8 una sostanza chimica chirale ed entrambe le sue molecole hanno una potenza simile ai substrati del trasportatore della dopamina. L&#8217;R-mefedrone \u00e8 un substrato significativamente pi\u00f9 debole dell&#8217;S-mefedrone. Il mefedrone \u00e8 disponibile per l&#8217;acquisto online.<\/p>\n<p>Il mefedrone (4-MMC) \u00e8 ampiamente utilizzato insieme ai liquori. Uno studio sui topi ha esaminato l&#8217;interazione di questi due farmaci e si \u00e8 concentrato sulle caratteristiche psicostimolanti e di ricompensa del 4-MMC. \u00c8 stato rivelato che basse dosi di liquore (non energizzante) miglioravano fondamentalmente gli effetti psicostimolanti del 4-MMC. Questo effetto \u00e8 stato mitigato da un aumento della dopamina sinaptica, poich\u00e9 l&#8217;aloperidolo, ma non la ketanserina, aveva la capacit\u00e0 di prevenire il potenziamento del liquor. Alle propriet\u00e0 remunerative di 4-MMC \u00e8 stata aggiunta anche una porzione minore di liquore non compensativa. Acquista mefedrone in line<\/p>\n<p>Il mefedrone, come altre feniletilammine, funge da substrato di trasporto della dopamina (DA) e della serotonina (5-HT), interrompendo deposito vescicolare e aumento significativo dei livelli di dopamina e serotonina, con conseguenti potenti effetti psicostimolanti, enactogenici e allucinogeni.<\/p>\n<p><strong>Gli utenti di mefedrone affermano che d\u00e0 una sensazione di stimolazione e che potenzia le seguenti funzioni:<\/strong><\/p>\n<ul>\n<li>Vigilanza<\/li>\n<li>Inquietudine<\/li>\n<li>Euforia<\/li>\n<li>Eccitazione<\/li>\n<li>La voglia di parlare<\/li>\n<li>Apertura<\/li>\n<li>Volont\u00e0 sessuale<\/li>\n<\/ul>\n<p>Ordinare il mefedrone (4-MMC) online \u00e8 sempre una buona decisione in quanto ti aiuta a risparmiare tempo e denaro. E l&#8217;unico modo affidabile per acquistare il mefedrone (4-MMC) online \u00e8 connettersi con una farmacia online. Puoi aspettarti prodotti di prima qualit\u00e0 e consegne puntuali da loro e non sentirti alcun onere di alcun tipo.<\/p>\n<p>Puoi acquistare facilmente il mefedrone online dal nostro <a href=\"https:\/\/gooddealersmeds.com\/it \/products\/\">sito web<\/a> con o senza prescrizione medica.<\/p>\n<p>&nbsp;<\/p>\n","protected":false},"excerpt":{"rendered":"<p><strong>Siamo qui per aiutarti con tutte le tue esigenze e requisiti. Mettiti in contatto facilmente con il nostro negozio online ed effettua il tuo acquisto comodamente. Le tue esigenze sono ora a portata di clic. Connettiti subito con noi! (Acquista Mephedrone 4MMC)<\/strong><\/p>\n<p>Forniamo prodotti di elevata purezza con un sistema di spedizione molto buono e discreto. Con un&#8217;esperienza di 12 anni nella fornitura di prodotti chimici di ricerca; ci concentriamo sulla sicurezza.<\/p>\n","protected":false},"featured_media":1698,"comment_status":"open","ping_status":"closed","template":"","meta":{"inline_featured_image":false},"product_brand":[],"product_cat":[343],"product_tag":[158,161,120,121,116,126,122,153,129,107,133,149,134,142,143,156,105,139,154,118,147,127,117,137,132,130,144,155,160,131,135,110,119,123,150,148,145,151,136,128,163,109,125,108,157,162,152,146,138,141,124,140,159,104,106],"class_list":{"0":"post-1605","1":"product","2":"type-product","3":"status-publish","4":"has-post-thumbnail","6":"product_cat-altri","7":"product_tag-4-mmc-mefedrone","8":"product_tag-4-metilmetcatinone-mefedrone","9":"product_tag-4-mmc-mefedrone-in-vendita","10":"product_tag-4-mmc-mefedrone-in-vendita-negli-usa","11":"product_tag-compra-4mmc-mefedrone-acquista-online-mefedrone","12":"product_tag-buy-4mmc-mephedrone-online-usa","13":"product_tag-acquista-4mmc-mefedrone-online-ora","14":"product_tag-mefedrone-pianta-cibo-compra","15":"product_tag-compra-mefedrone-4mmc-acquista-online-mefedrone","16":"product_tag-acquistare","17":"product_tag-compra-mefedrone-online-usa","18":"product_tag-best-site-to-buy-mephedrone","19":"product_tag-buy-mephedrone-plant-food-online-supplier","20":"product_tag-buy-mephedrone-powder","21":"product_tag-buy-mephedrone-usa-mastercard","22":"product_tag-buy-mephedrone-wholesale","23":"product_tag-canada","24":"product_tag-mefedrone-cibo-vegetale","25":"product_tag-mefedrone-cibo-vegetale-acquista-online","26":"product_tag-come-acquistare-4mmc-mefedrone-online","27":"product_tag-come-acquistare-mefedrone-online","28":"product_tag-come-ordinare-4mmc-mefedrone","29":"product_tag-compra-4mmc-mefedrone-vicino-a-me","30":"product_tag-compra-mefedrone-dalla-cina","31":"product_tag-compra-mefedrone-repubblica-ceca","32":"product_tag-comprare-mefedrone-cibo-vegetale","33":"product_tag-compra-mefedrone-pianta-cibo-per-pianta-di-marijuana","34":"product_tag-compra-cibo-vegetale-online-mefedrone","35":"product_tag-comprare-fertilizzante-vegetale-mefedrone","36":"product_tag-compra-mefedrone-online","37":"product_tag-compra-mefedrone-sali-da-bagno","38":"product_tag-consegna-sicura","39":"product_tag-dove-acquistare-4mmc-mefedrone","40":"product_tag-dove-acquistare-4mmc-mefedrone-online","41":"product_tag-dove-acquistare-mefedrone-negli-stati-uniti","42":"product_tag-dove-posso-comprare-mefedrone-online","43":"product_tag-dove-posso-comprare-mefedrone","44":"product_tag-dove-posso-comprare-mefedrone-negli-usa","45":"product_tag-dove-posso-comprare-mefedrone-uk","46":"product_tag--4mmc-mefedrone-in-canada","47":"product_tag-farmaci-forum-mefedrone","48":"product_tag-fornitori","49":"product_tag-is-4mmc-mefedrone-legale-negli-usa","50":"product_tag-in-linea","51":"product_tag-mefedrone-4-mmc","52":"product_tag-mefedrone-4-metilmetcatinone","53":"product_tag-mephedrone-buy-online-usa","54":"product_tag-mefedrone-da-acquistare","55":"product_tag-mefedrone-in-vendita","56":"product_tag-plant-food-mephedrone-suppliers","57":"product_tag-puoi-ancora-ottenere-4-mmc-mefedrone","58":"product_tag-purchase-mephedrone-online","59":"product_tag-snort-mefedrone","60":"product_tag-stati-uniti-damerica","61":"product_tag-uk","62":"pa_grams-1-kg-1000-g","63":"pa_grams-100-g","64":"pa_grams-20-g","65":"pa_grams-200-g","66":"pa_grams-250-g","67":"pa_grams-35-g","68":"pa_grams-50-g","69":"pa_grams-500-g","71":"first","72":"instock","73":"featured","74":"shipping-taxable","75":"purchasable","76":"product-type-variable","77":"has-default-attributes"},"yoast_head":"<!-- This site is optimized with the Yoast SEO Premium plugin v20.6 (Yoast SEO v27.4) - https:\/\/yoast.com\/product\/yoast-seo-premium-wordpress\/ -->\n<title>Acquista mefedrone in line (4MMC) | 4MMC in vendita | Ordina 4MMC<\/title>\n<meta name=\"description\" content=\"Acquista mefedrone in line (4MMC). Prodotti chimici per l&#039;ansia e la ricerca di qualit\u00e0 disponibili per l&#039;acquisto online su Good Dealers Meds.\" \/>\n<meta name=\"robots\" content=\"index, follow, max-snippet:-1, max-image-preview:large, max-video-preview:-1\" \/>\n<link rel=\"canonical\" href=\"https:\/\/gooddealersmeds.com\/it\/product\/compra-4mmc-mefedrone-online\/\" \/>\n<meta property=\"og:locale\" content=\"en_US\" \/>\n<meta property=\"og:type\" content=\"article\" \/>\n<meta property=\"og:title\" content=\"Acquista 4MMC (Mefedrone) online\" \/>\n<meta property=\"og:description\" content=\"Acquista mefedrone in line (4MMC). Prodotti chimici per l&#039;ansia e la ricerca di qualit\u00e0 disponibili per l&#039;acquisto online su Good Dealers Meds.\" \/>\n<meta property=\"og:url\" content=\"https:\/\/gooddealersmeds.com\/it\/product\/compra-4mmc-mefedrone-online\/\" \/>\n<meta property=\"og:site_name\" content=\"Good Dealers Meds\" \/>\n<meta property=\"article:modified_time\" content=\"2022-12-30T23:15:24+00:00\" \/>\n<meta property=\"og:image\" content=\"https:\/\/gooddealersmeds.com\/it\/wp-content\/uploads\/sites\/7\/2022\/03\/ff.jpg\" \/>\n\t<meta property=\"og:image:width\" content=\"550\" \/>\n\t<meta property=\"og:image:height\" content=\"412\" \/>\n\t<meta property=\"og:image:type\" content=\"image\/jpeg\" \/>\n<meta name=\"twitter:card\" content=\"summary_large_image\" \/>\n<meta name=\"twitter:label1\" content=\"Est. reading time\" \/>\n\t<meta name=\"twitter:data1\" content=\"2 minutes\" \/>\n<script type=\"application\/ld+json\" class=\"yoast-schema-graph\">{\"@context\":\"https:\\\/\\\/schema.org\",\"@graph\":[{\"@type\":\"WebPage\",\"@id\":\"https:\\\/\\\/gooddealersmeds.com\\\/it\\\/product\\\/compra-4mmc-mefedrone-online\\\/\",\"url\":\"https:\\\/\\\/gooddealersmeds.com\\\/it\\\/product\\\/compra-4mmc-mefedrone-online\\\/\",\"name\":\"Acquista mefedrone in line (4MMC) | 4MMC in vendita | Ordina 4MMC\",\"isPartOf\":{\"@id\":\"https:\\\/\\\/gooddealersmeds.com\\\/it\\\/#website\"},\"primaryImageOfPage\":{\"@id\":\"https:\\\/\\\/gooddealersmeds.com\\\/it\\\/product\\\/compra-4mmc-mefedrone-online\\\/#primaryimage\"},\"image\":{\"@id\":\"https:\\\/\\\/gooddealersmeds.com\\\/it\\\/product\\\/compra-4mmc-mefedrone-online\\\/#primaryimage\"},\"thumbnailUrl\":\"https:\\\/\\\/gooddealersmeds.com\\\/it\\\/wp-content\\\/uploads\\\/sites\\\/7\\\/2022\\\/03\\\/ff.jpg\",\"datePublished\":\"2022-03-19T00:01:04+00:00\",\"dateModified\":\"2022-12-30T23:15:24+00:00\",\"description\":\"Acquista mefedrone in line (4MMC). Prodotti chimici per l'ansia e la ricerca di qualit\u00e0 disponibili per l'acquisto online su Good Dealers Meds.\",\"breadcrumb\":{\"@id\":\"https:\\\/\\\/gooddealersmeds.com\\\/it\\\/product\\\/compra-4mmc-mefedrone-online\\\/#breadcrumb\"},\"inLanguage\":\"en-US\",\"potentialAction\":[{\"@type\":\"ReadAction\",\"target\":[\"https:\\\/\\\/gooddealersmeds.com\\\/it\\\/product\\\/compra-4mmc-mefedrone-online\\\/\"]}]},{\"@type\":\"ImageObject\",\"inLanguage\":\"en-US\",\"@id\":\"https:\\\/\\\/gooddealersmeds.com\\\/it\\\/product\\\/compra-4mmc-mefedrone-online\\\/#primaryimage\",\"url\":\"https:\\\/\\\/gooddealersmeds.com\\\/it\\\/wp-content\\\/uploads\\\/sites\\\/7\\\/2022\\\/03\\\/ff.jpg\",\"contentUrl\":\"https:\\\/\\\/gooddealersmeds.com\\\/it\\\/wp-content\\\/uploads\\\/sites\\\/7\\\/2022\\\/03\\\/ff.jpg\",\"width\":550,\"height\":412,\"caption\":\"Buy 4MMC Mephedrone Online\"},{\"@type\":\"BreadcrumbList\",\"@id\":\"https:\\\/\\\/gooddealersmeds.com\\\/it\\\/product\\\/compra-4mmc-mefedrone-online\\\/#breadcrumb\",\"itemListElement\":[{\"@type\":\"ListItem\",\"position\":1,\"name\":\"Home\",\"item\":\"https:\\\/\\\/gooddealersmeds.com\\\/it\\\/\"},{\"@type\":\"ListItem\",\"position\":2,\"name\":\"Prodotti\",\"item\":\"https:\\\/\\\/gooddealersmeds.com\\\/it\\\/prodotti\\\/\"},{\"@type\":\"ListItem\",\"position\":3,\"name\":\"Acquista 4MMC (Mefedrone) online\"}]},{\"@type\":\"WebSite\",\"@id\":\"https:\\\/\\\/gooddealersmeds.com\\\/it\\\/#website\",\"url\":\"https:\\\/\\\/gooddealersmeds.com\\\/it\\\/\",\"name\":\"Good Dealers Meds\",\"description\":\"All our best\",\"publisher\":{\"@id\":\"https:\\\/\\\/gooddealersmeds.com\\\/it\\\/#organization\"},\"potentialAction\":[{\"@type\":\"SearchAction\",\"target\":{\"@type\":\"EntryPoint\",\"urlTemplate\":\"https:\\\/\\\/gooddealersmeds.com\\\/it\\\/?s={search_term_string}\"},\"query-input\":{\"@type\":\"PropertyValueSpecification\",\"valueRequired\":true,\"valueName\":\"search_term_string\"}}],\"inLanguage\":\"en-US\"},{\"@type\":\"Organization\",\"@id\":\"https:\\\/\\\/gooddealersmeds.com\\\/it\\\/#organization\",\"name\":\"Good Dealers Meds\",\"url\":\"https:\\\/\\\/gooddealersmeds.com\\\/it\\\/\",\"logo\":{\"@type\":\"ImageObject\",\"inLanguage\":\"en-US\",\"@id\":\"https:\\\/\\\/gooddealersmeds.com\\\/it\\\/#\\\/schema\\\/logo\\\/image\\\/\",\"url\":\"https:\\\/\\\/gooddealersmeds.com\\\/it\\\/wp-content\\\/uploads\\\/sites\\\/7\\\/2022\\\/03\\\/gooddealersmeds__logo__20220317T222800Z.00.png\",\"contentUrl\":\"https:\\\/\\\/gooddealersmeds.com\\\/it\\\/wp-content\\\/uploads\\\/sites\\\/7\\\/2022\\\/03\\\/gooddealersmeds__logo__20220317T222800Z.00.png\",\"width\":500,\"height\":325,\"caption\":\"Good Dealers Meds\"},\"image\":{\"@id\":\"https:\\\/\\\/gooddealersmeds.com\\\/it\\\/#\\\/schema\\\/logo\\\/image\\\/\"}}]}<\/script>\n<!-- \/ Yoast SEO Premium plugin. -->","yoast_head_json":{"title":"Acquista mefedrone in line (4MMC) | 4MMC in vendita | Ordina 4MMC","description":"Acquista mefedrone in line (4MMC). Prodotti chimici per l'ansia e la ricerca di qualit\u00e0 disponibili per l'acquisto online su Good Dealers Meds.","robots":{"index":"index","follow":"follow","max-snippet":"max-snippet:-1","max-image-preview":"max-image-preview:large","max-video-preview":"max-video-preview:-1"},"canonical":"https:\/\/gooddealersmeds.com\/it\/product\/compra-4mmc-mefedrone-online\/","og_locale":"en_US","og_type":"article","og_title":"Acquista 4MMC (Mefedrone) online","og_description":"Acquista mefedrone in line (4MMC). Prodotti chimici per l'ansia e la ricerca di qualit\u00e0 disponibili per l'acquisto online su Good Dealers Meds.","og_url":"https:\/\/gooddealersmeds.com\/it\/product\/compra-4mmc-mefedrone-online\/","og_site_name":"Good Dealers Meds","article_modified_time":"2022-12-30T23:15:24+00:00","og_image":[{"width":550,"height":412,"url":"https:\/\/gooddealersmeds.com\/it\/wp-content\/uploads\/sites\/7\/2022\/03\/ff.jpg","type":"image\/jpeg"}],"twitter_card":"summary_large_image","twitter_misc":{"Est. reading time":"2 minutes"},"schema":{"@context":"https:\/\/schema.org","@graph":[{"@type":"WebPage","@id":"https:\/\/gooddealersmeds.com\/it\/product\/compra-4mmc-mefedrone-online\/","url":"https:\/\/gooddealersmeds.com\/it\/product\/compra-4mmc-mefedrone-online\/","name":"Acquista mefedrone in line (4MMC) | 4MMC in vendita | Ordina 4MMC","isPartOf":{"@id":"https:\/\/gooddealersmeds.com\/it\/#website"},"primaryImageOfPage":{"@id":"https:\/\/gooddealersmeds.com\/it\/product\/compra-4mmc-mefedrone-online\/#primaryimage"},"image":{"@id":"https:\/\/gooddealersmeds.com\/it\/product\/compra-4mmc-mefedrone-online\/#primaryimage"},"thumbnailUrl":"https:\/\/gooddealersmeds.com\/it\/wp-content\/uploads\/sites\/7\/2022\/03\/ff.jpg","datePublished":"2022-03-19T00:01:04+00:00","dateModified":"2022-12-30T23:15:24+00:00","description":"Acquista mefedrone in line (4MMC). Prodotti chimici per l'ansia e la ricerca di qualit\u00e0 disponibili per l'acquisto online su Good Dealers Meds.","breadcrumb":{"@id":"https:\/\/gooddealersmeds.com\/it\/product\/compra-4mmc-mefedrone-online\/#breadcrumb"},"inLanguage":"en-US","potentialAction":[{"@type":"ReadAction","target":["https:\/\/gooddealersmeds.com\/it\/product\/compra-4mmc-mefedrone-online\/"]}]},{"@type":"ImageObject","inLanguage":"en-US","@id":"https:\/\/gooddealersmeds.com\/it\/product\/compra-4mmc-mefedrone-online\/#primaryimage","url":"https:\/\/gooddealersmeds.com\/it\/wp-content\/uploads\/sites\/7\/2022\/03\/ff.jpg","contentUrl":"https:\/\/gooddealersmeds.com\/it\/wp-content\/uploads\/sites\/7\/2022\/03\/ff.jpg","width":550,"height":412,"caption":"Buy 4MMC Mephedrone Online"},{"@type":"BreadcrumbList","@id":"https:\/\/gooddealersmeds.com\/it\/product\/compra-4mmc-mefedrone-online\/#breadcrumb","itemListElement":[{"@type":"ListItem","position":1,"name":"Home","item":"https:\/\/gooddealersmeds.com\/it\/"},{"@type":"ListItem","position":2,"name":"Prodotti","item":"https:\/\/gooddealersmeds.com\/it\/prodotti\/"},{"@type":"ListItem","position":3,"name":"Acquista 4MMC (Mefedrone) online"}]},{"@type":"WebSite","@id":"https:\/\/gooddealersmeds.com\/it\/#website","url":"https:\/\/gooddealersmeds.com\/it\/","name":"Good Dealers Meds","description":"All our best","publisher":{"@id":"https:\/\/gooddealersmeds.com\/it\/#organization"},"potentialAction":[{"@type":"SearchAction","target":{"@type":"EntryPoint","urlTemplate":"https:\/\/gooddealersmeds.com\/it\/?s={search_term_string}"},"query-input":{"@type":"PropertyValueSpecification","valueRequired":true,"valueName":"search_term_string"}}],"inLanguage":"en-US"},{"@type":"Organization","@id":"https:\/\/gooddealersmeds.com\/it\/#organization","name":"Good Dealers Meds","url":"https:\/\/gooddealersmeds.com\/it\/","logo":{"@type":"ImageObject","inLanguage":"en-US","@id":"https:\/\/gooddealersmeds.com\/it\/#\/schema\/logo\/image\/","url":"https:\/\/gooddealersmeds.com\/it\/wp-content\/uploads\/sites\/7\/2022\/03\/gooddealersmeds__logo__20220317T222800Z.00.png","contentUrl":"https:\/\/gooddealersmeds.com\/it\/wp-content\/uploads\/sites\/7\/2022\/03\/gooddealersmeds__logo__20220317T222800Z.00.png","width":500,"height":325,"caption":"Good Dealers Meds"},"image":{"@id":"https:\/\/gooddealersmeds.com\/it\/#\/schema\/logo\/image\/"}}]}},"_links":{"self":[{"href":"https:\/\/gooddealersmeds.com\/it\/wp-json\/wp\/v2\/product\/1605","targetHints":{"allow":["GET"]}}],"collection":[{"href":"https:\/\/gooddealersmeds.com\/it\/wp-json\/wp\/v2\/product"}],"about":[{"href":"https:\/\/gooddealersmeds.com\/it\/wp-json\/wp\/v2\/types\/product"}],"replies":[{"embeddable":true,"href":"https:\/\/gooddealersmeds.com\/it\/wp-json\/wp\/v2\/comments?post=1605"}],"wp:featuredmedia":[{"embeddable":true,"href":"https:\/\/gooddealersmeds.com\/it\/wp-json\/wp\/v2\/media\/1698"}],"wp:attachment":[{"href":"https:\/\/gooddealersmeds.com\/it\/wp-json\/wp\/v2\/media?parent=1605"}],"wp:term":[{"taxonomy":"product_brand","embeddable":true,"href":"https:\/\/gooddealersmeds.com\/it\/wp-json\/wp\/v2\/product_brand?post=1605"},{"taxonomy":"product_cat","embeddable":true,"href":"https:\/\/gooddealersmeds.com\/it\/wp-json\/wp\/v2\/product_cat?post=1605"},{"taxonomy":"product_tag","embeddable":true,"href":"https:\/\/gooddealersmeds.com\/it\/wp-json\/wp\/v2\/product_tag?post=1605"}],"curies":[{"name":"wp","href":"https:\/\/api.w.org\/{rel}","templated":true}]}}