{"id":1588,"date":"2022-03-18T23:47:24","date_gmt":"2022-03-18T23:47:24","guid":{"rendered":"https:\/\/gooddealersmeds.com\/it\/?post_type=product&#038;p=1588"},"modified":"2022-12-30T23:22:08","modified_gmt":"2022-12-30T23:22:08","slug":"comprare-fentanil-compresse-online","status":"publish","type":"product","link":"https:\/\/gooddealersmeds.com\/it\/product\/comprare-fentanil-compresse-online\/","title":{"rendered":"Acquista online le compresse di fentanil"},"content":{"rendered":"<h2>Compresse di fentanil in vendita<\/h2>\n<p>Il fentanil \u00e8 un membro della classe di farmaci noti come fentanil; \u00e8 un farmaco oppioide (oppiaceo sintetico) ad azione rapida che allevia il dolore senza causare perdita di coscienza (analgesico) &#8211; Acquista online le compresse di fentanil. Il funzionamento del sistema nervoso centrale (SNC) e la funzione respiratoria sono entrambi ridotti dal fentanil. \u00c8 50-100 volte pi\u00f9 forte della morfina ma \u00e8 molto identica ad essa.<\/p>\n<p>La respirazione delle vittime di overdose di fentanil pu\u00f2 diventare affannosa o cessare del tutto. Un sovradosaggio si verifica quando un farmaco produce gravi effetti avversi e sintomi potenzialmente letali. Quando le persone assumono una dose eccessiva di fentanil, la loro respirazione pu\u00f2 rallentare o fermarsi. Questo pu\u00f2 ridurre la quantit\u00e0 di ossigeno che raggiunge le cellule del corpo, una condizione chiamata ipossia. La potenza del fentanyl lo rende avvincente. Quando si utilizza il fentanil su prescrizione medica, una persona pu\u00f2 sviluppare dipendenza, che \u00e8 caratterizzata da sintomi di astinenza dopo l&#8217;interruzione del medicinale. Sebbene una persona possa fare affidamento su una sostanza senza esserne dipendente, la dipendenza pu\u00f2 occasionalmente seguire la dipendenza del cervello &#8211; Come posso acquistare una compressa di fentanil. \u00c8 l&#8217;antidolorifico oppioide pi\u00f9 efficace attualmente utilizzato nelle cure mediche, Acquista online le compresse di fentanil<\/p>\n<p>Nonostante il fatto che il fentanil sia considerato sicuro ed efficace quando viene utilizzato in un ambiente medico controllato, il farmaco ha un alto potenziale di abuso. Alcune persone producono analoghi del fentanil che sono molto simili al farmaco originale. Il fentanil si lega ai recettori nel cervello che controllano il dolore e le emozioni, proprio come fanno altri farmaci oppioidi. Il fentanil di solito provoca reazioni avverse come nausea, vomito, stitichezza, prurito, sonnolenza, confusione e lesioni dovute alla mancanza di coordinazione. Depressione respiratoria, allucinazioni, sindrome serotoninergica, pressione sanguigna bassa o l&#8217;emergere di un problema di consumo di oppioidi sono esempi di gravi effetti negativi.<\/p>\n<h3>Perch\u00e9 dovresti ordinare le compresse di fentanil da noi &#8211; Acquista online le compresse di fentanil<\/h3>\n<p>Inoltre, viene utilizzato per il trattamento del dolore persistente, come il dolore da cancro . I pazienti che non possono assumere morfina o la cui dispnea \u00e8 resistente alla morfina possono anche usare il fentanil per trattare i loro sintomi. Negli ambienti di cure palliative, dove il dolore intenso e la mancanza di respiro devono essere trattati con oppioidi ad alta potenza, il fentanil \u00e8 particolarmente utile per mostrare una combinazione.<\/p>\n<p>A causa del suo dosaggio fatale estremamente variabile quando combinato con altri medicinali, il fentanil presenta un pericolo eccezionalmente elevato di sovradosaggio negli esseri umani. I sovradosaggi sono solo marginalmente imprevedibili nella loro forma pi\u00f9 pura. Dove acquistare le compresse di fentanil senza prescrizione medica<\/p>\n<p><a href=\"https:\/\/gooddealersmeds.com\/it\/product\/buy-fentanyl-tablets-online\/\">Pillole di fentanil in vendita<\/a> su GoodDealersMeds, sarebbe opportuno sottolineare che gli attributi benefici e ricreativi dei prodotti menzionati dipendono da un uso responsabile.<\/p>\n","protected":false},"excerpt":{"rendered":"<h1>Acquista fentanil cerotto transdermico per sistema<\/h1>\n<p>Il rischio di gravi effetti collaterali (come respiro lento\/poco profondo, grave sonnolenza\/vertigini) pu\u00f2 aumentare se questo medicinale viene utilizzato con altri prodotti che possono anche causare sonnolenza o problemi respiratori.<\/p>\n","protected":false},"featured_media":1596,"comment_status":"open","ping_status":"closed","template":"","meta":{"inline_featured_image":false},"product_brand":[],"product_cat":[347],"product_tag":[95,96,113,101,114,97,99,103,100,110,98,102,112,115,111],"class_list":{"0":"post-1588","1":"product","2":"type-product","3":"status-publish","4":"has-post-thumbnail","6":"product_cat-antidolorifici-oppioidi","7":"product_tag-compra-compresse-fentanil-compra-compresse-online","8":"product_tag-comprare-fentanil-compresse","9":"product_tag-comprare-fentanil-compresse-online-usa","10":"product_tag-compra-compresse-online","11":"product_tag-come-ordinare-le-compresse-di-fentanil","12":"product_tag-comprare-fentanil-online","13":"product_tag-fentanil-compresse-in-vendita","14":"product_tag-fentanil-compresse-in-vendita-negli-usa","15":"product_tag-compresse-in-vendita","16":"product_tag-consegna-sicura","17":"product_tag-dove-acquistare-le-compresse-di-fentanil","18":"product_tag-dove-acquistare-compresse-di-fentanil-online","19":"product_tag-is-fentanyl-tablets-legal-in-usa","20":"product_tag-is-fentanil-compresse-legali-in-canada","21":"product_tag-puoi-ancora-ottenere-compresse-di-fentanil","22":"pa_pills-100-pills","23":"pa_pills-1000-pills","24":"pa_pills-30-pills","25":"pa_pills-300-pills","26":"pa_pills-50-pills","27":"pa_pills-500-pills","29":"first","30":"instock","31":"featured","32":"shipping-taxable","33":"purchasable","34":"product-type-variable","35":"has-default-attributes"},"yoast_head":"<!-- This site is optimized with the Yoast SEO Premium plugin v20.6 (Yoast SEO v27.4) - https:\/\/yoast.com\/product\/yoast-seo-premium-wordpress\/ -->\n<title>Acquista online le compresse di fentanil senza ricetta | Good Dealers Meds<\/title>\n<meta name=\"description\" content=\"Acquista le compresse di fentanil online da GoodDealersMeds. Pillole di fentanil in vendita in tutto il mondo. Ordina ora e ricevi la tua consegna a domicilio.\" \/>\n<meta name=\"robots\" content=\"index, follow, max-snippet:-1, max-image-preview:large, max-video-preview:-1\" \/>\n<link rel=\"canonical\" href=\"https:\/\/gooddealersmeds.com\/it\/product\/comprare-fentanil-compresse-online\/\" \/>\n<meta property=\"og:locale\" content=\"en_US\" \/>\n<meta property=\"og:type\" content=\"article\" \/>\n<meta property=\"og:title\" content=\"Acquista online le compresse di fentanil\" \/>\n<meta property=\"og:description\" content=\"Acquista le compresse di fentanil online da GoodDealersMeds. Pillole di fentanil in vendita in tutto il mondo. Ordina ora e ricevi la tua consegna a domicilio.\" \/>\n<meta property=\"og:url\" content=\"https:\/\/gooddealersmeds.com\/it\/product\/comprare-fentanil-compresse-online\/\" \/>\n<meta property=\"og:site_name\" content=\"Good Dealers Meds\" \/>\n<meta property=\"article:modified_time\" content=\"2022-12-30T23:22:08+00:00\" \/>\n<meta property=\"og:image\" content=\"https:\/\/gooddealersmeds.com\/it\/wp-content\/uploads\/sites\/7\/2022\/03\/buy-fentanyl-tablets-online.jpg\" \/>\n\t<meta property=\"og:image:width\" content=\"600\" \/>\n\t<meta property=\"og:image:height\" content=\"600\" \/>\n\t<meta property=\"og:image:type\" content=\"image\/jpeg\" \/>\n<meta name=\"twitter:card\" content=\"summary_large_image\" \/>\n<meta name=\"twitter:label1\" content=\"Est. reading time\" \/>\n\t<meta name=\"twitter:data1\" content=\"2 minutes\" \/>\n<script type=\"application\/ld+json\" class=\"yoast-schema-graph\">{\"@context\":\"https:\\\/\\\/schema.org\",\"@graph\":[{\"@type\":\"WebPage\",\"@id\":\"https:\\\/\\\/gooddealersmeds.com\\\/it\\\/product\\\/comprare-fentanil-compresse-online\\\/\",\"url\":\"https:\\\/\\\/gooddealersmeds.com\\\/it\\\/product\\\/comprare-fentanil-compresse-online\\\/\",\"name\":\"Acquista online le compresse di fentanil senza ricetta | Good Dealers Meds\",\"isPartOf\":{\"@id\":\"https:\\\/\\\/gooddealersmeds.com\\\/it\\\/#website\"},\"primaryImageOfPage\":{\"@id\":\"https:\\\/\\\/gooddealersmeds.com\\\/it\\\/product\\\/comprare-fentanil-compresse-online\\\/#primaryimage\"},\"image\":{\"@id\":\"https:\\\/\\\/gooddealersmeds.com\\\/it\\\/product\\\/comprare-fentanil-compresse-online\\\/#primaryimage\"},\"thumbnailUrl\":\"https:\\\/\\\/gooddealersmeds.com\\\/it\\\/wp-content\\\/uploads\\\/sites\\\/7\\\/2022\\\/03\\\/buy-fentanyl-tablets-online.jpg\",\"datePublished\":\"2022-03-18T23:47:24+00:00\",\"dateModified\":\"2022-12-30T23:22:08+00:00\",\"description\":\"Acquista le compresse di fentanil online da GoodDealersMeds. Pillole di fentanil in vendita in tutto il mondo. Ordina ora e ricevi la tua consegna a domicilio.\",\"breadcrumb\":{\"@id\":\"https:\\\/\\\/gooddealersmeds.com\\\/it\\\/product\\\/comprare-fentanil-compresse-online\\\/#breadcrumb\"},\"inLanguage\":\"en-US\",\"potentialAction\":[{\"@type\":\"ReadAction\",\"target\":[\"https:\\\/\\\/gooddealersmeds.com\\\/it\\\/product\\\/comprare-fentanil-compresse-online\\\/\"]}]},{\"@type\":\"ImageObject\",\"inLanguage\":\"en-US\",\"@id\":\"https:\\\/\\\/gooddealersmeds.com\\\/it\\\/product\\\/comprare-fentanil-compresse-online\\\/#primaryimage\",\"url\":\"https:\\\/\\\/gooddealersmeds.com\\\/it\\\/wp-content\\\/uploads\\\/sites\\\/7\\\/2022\\\/03\\\/buy-fentanyl-tablets-online.jpg\",\"contentUrl\":\"https:\\\/\\\/gooddealersmeds.com\\\/it\\\/wp-content\\\/uploads\\\/sites\\\/7\\\/2022\\\/03\\\/buy-fentanyl-tablets-online.jpg\",\"width\":600,\"height\":600,\"caption\":\"Buy Fentanyl Tablets Online\"},{\"@type\":\"BreadcrumbList\",\"@id\":\"https:\\\/\\\/gooddealersmeds.com\\\/it\\\/product\\\/comprare-fentanil-compresse-online\\\/#breadcrumb\",\"itemListElement\":[{\"@type\":\"ListItem\",\"position\":1,\"name\":\"Home\",\"item\":\"https:\\\/\\\/gooddealersmeds.com\\\/it\\\/\"},{\"@type\":\"ListItem\",\"position\":2,\"name\":\"Prodotti\",\"item\":\"https:\\\/\\\/gooddealersmeds.com\\\/it\\\/prodotti\\\/\"},{\"@type\":\"ListItem\",\"position\":3,\"name\":\"Acquista online le compresse di fentanil\"}]},{\"@type\":\"WebSite\",\"@id\":\"https:\\\/\\\/gooddealersmeds.com\\\/it\\\/#website\",\"url\":\"https:\\\/\\\/gooddealersmeds.com\\\/it\\\/\",\"name\":\"Good Dealers Meds\",\"description\":\"All our best\",\"publisher\":{\"@id\":\"https:\\\/\\\/gooddealersmeds.com\\\/it\\\/#organization\"},\"potentialAction\":[{\"@type\":\"SearchAction\",\"target\":{\"@type\":\"EntryPoint\",\"urlTemplate\":\"https:\\\/\\\/gooddealersmeds.com\\\/it\\\/?s={search_term_string}\"},\"query-input\":{\"@type\":\"PropertyValueSpecification\",\"valueRequired\":true,\"valueName\":\"search_term_string\"}}],\"inLanguage\":\"en-US\"},{\"@type\":\"Organization\",\"@id\":\"https:\\\/\\\/gooddealersmeds.com\\\/it\\\/#organization\",\"name\":\"Good Dealers Meds\",\"url\":\"https:\\\/\\\/gooddealersmeds.com\\\/it\\\/\",\"logo\":{\"@type\":\"ImageObject\",\"inLanguage\":\"en-US\",\"@id\":\"https:\\\/\\\/gooddealersmeds.com\\\/it\\\/#\\\/schema\\\/logo\\\/image\\\/\",\"url\":\"https:\\\/\\\/gooddealersmeds.com\\\/it\\\/wp-content\\\/uploads\\\/sites\\\/7\\\/2022\\\/03\\\/gooddealersmeds__logo__20220317T222800Z.00.png\",\"contentUrl\":\"https:\\\/\\\/gooddealersmeds.com\\\/it\\\/wp-content\\\/uploads\\\/sites\\\/7\\\/2022\\\/03\\\/gooddealersmeds__logo__20220317T222800Z.00.png\",\"width\":500,\"height\":325,\"caption\":\"Good Dealers Meds\"},\"image\":{\"@id\":\"https:\\\/\\\/gooddealersmeds.com\\\/it\\\/#\\\/schema\\\/logo\\\/image\\\/\"}}]}<\/script>\n<!-- \/ Yoast SEO Premium plugin. -->","yoast_head_json":{"title":"Acquista online le compresse di fentanil senza ricetta | Good Dealers Meds","description":"Acquista le compresse di fentanil online da GoodDealersMeds. Pillole di fentanil in vendita in tutto il mondo. Ordina ora e ricevi la tua consegna a domicilio.","robots":{"index":"index","follow":"follow","max-snippet":"max-snippet:-1","max-image-preview":"max-image-preview:large","max-video-preview":"max-video-preview:-1"},"canonical":"https:\/\/gooddealersmeds.com\/it\/product\/comprare-fentanil-compresse-online\/","og_locale":"en_US","og_type":"article","og_title":"Acquista online le compresse di fentanil","og_description":"Acquista le compresse di fentanil online da GoodDealersMeds. Pillole di fentanil in vendita in tutto il mondo. Ordina ora e ricevi la tua consegna a domicilio.","og_url":"https:\/\/gooddealersmeds.com\/it\/product\/comprare-fentanil-compresse-online\/","og_site_name":"Good Dealers Meds","article_modified_time":"2022-12-30T23:22:08+00:00","og_image":[{"width":600,"height":600,"url":"https:\/\/gooddealersmeds.com\/it\/wp-content\/uploads\/sites\/7\/2022\/03\/buy-fentanyl-tablets-online.jpg","type":"image\/jpeg"}],"twitter_card":"summary_large_image","twitter_misc":{"Est. reading time":"2 minutes"},"schema":{"@context":"https:\/\/schema.org","@graph":[{"@type":"WebPage","@id":"https:\/\/gooddealersmeds.com\/it\/product\/comprare-fentanil-compresse-online\/","url":"https:\/\/gooddealersmeds.com\/it\/product\/comprare-fentanil-compresse-online\/","name":"Acquista online le compresse di fentanil senza ricetta | Good Dealers Meds","isPartOf":{"@id":"https:\/\/gooddealersmeds.com\/it\/#website"},"primaryImageOfPage":{"@id":"https:\/\/gooddealersmeds.com\/it\/product\/comprare-fentanil-compresse-online\/#primaryimage"},"image":{"@id":"https:\/\/gooddealersmeds.com\/it\/product\/comprare-fentanil-compresse-online\/#primaryimage"},"thumbnailUrl":"https:\/\/gooddealersmeds.com\/it\/wp-content\/uploads\/sites\/7\/2022\/03\/buy-fentanyl-tablets-online.jpg","datePublished":"2022-03-18T23:47:24+00:00","dateModified":"2022-12-30T23:22:08+00:00","description":"Acquista le compresse di fentanil online da GoodDealersMeds. Pillole di fentanil in vendita in tutto il mondo. Ordina ora e ricevi la tua consegna a domicilio.","breadcrumb":{"@id":"https:\/\/gooddealersmeds.com\/it\/product\/comprare-fentanil-compresse-online\/#breadcrumb"},"inLanguage":"en-US","potentialAction":[{"@type":"ReadAction","target":["https:\/\/gooddealersmeds.com\/it\/product\/comprare-fentanil-compresse-online\/"]}]},{"@type":"ImageObject","inLanguage":"en-US","@id":"https:\/\/gooddealersmeds.com\/it\/product\/comprare-fentanil-compresse-online\/#primaryimage","url":"https:\/\/gooddealersmeds.com\/it\/wp-content\/uploads\/sites\/7\/2022\/03\/buy-fentanyl-tablets-online.jpg","contentUrl":"https:\/\/gooddealersmeds.com\/it\/wp-content\/uploads\/sites\/7\/2022\/03\/buy-fentanyl-tablets-online.jpg","width":600,"height":600,"caption":"Buy Fentanyl Tablets Online"},{"@type":"BreadcrumbList","@id":"https:\/\/gooddealersmeds.com\/it\/product\/comprare-fentanil-compresse-online\/#breadcrumb","itemListElement":[{"@type":"ListItem","position":1,"name":"Home","item":"https:\/\/gooddealersmeds.com\/it\/"},{"@type":"ListItem","position":2,"name":"Prodotti","item":"https:\/\/gooddealersmeds.com\/it\/prodotti\/"},{"@type":"ListItem","position":3,"name":"Acquista online le compresse di fentanil"}]},{"@type":"WebSite","@id":"https:\/\/gooddealersmeds.com\/it\/#website","url":"https:\/\/gooddealersmeds.com\/it\/","name":"Good Dealers Meds","description":"All our best","publisher":{"@id":"https:\/\/gooddealersmeds.com\/it\/#organization"},"potentialAction":[{"@type":"SearchAction","target":{"@type":"EntryPoint","urlTemplate":"https:\/\/gooddealersmeds.com\/it\/?s={search_term_string}"},"query-input":{"@type":"PropertyValueSpecification","valueRequired":true,"valueName":"search_term_string"}}],"inLanguage":"en-US"},{"@type":"Organization","@id":"https:\/\/gooddealersmeds.com\/it\/#organization","name":"Good Dealers Meds","url":"https:\/\/gooddealersmeds.com\/it\/","logo":{"@type":"ImageObject","inLanguage":"en-US","@id":"https:\/\/gooddealersmeds.com\/it\/#\/schema\/logo\/image\/","url":"https:\/\/gooddealersmeds.com\/it\/wp-content\/uploads\/sites\/7\/2022\/03\/gooddealersmeds__logo__20220317T222800Z.00.png","contentUrl":"https:\/\/gooddealersmeds.com\/it\/wp-content\/uploads\/sites\/7\/2022\/03\/gooddealersmeds__logo__20220317T222800Z.00.png","width":500,"height":325,"caption":"Good Dealers Meds"},"image":{"@id":"https:\/\/gooddealersmeds.com\/it\/#\/schema\/logo\/image\/"}}]}},"_links":{"self":[{"href":"https:\/\/gooddealersmeds.com\/it\/wp-json\/wp\/v2\/product\/1588","targetHints":{"allow":["GET"]}}],"collection":[{"href":"https:\/\/gooddealersmeds.com\/it\/wp-json\/wp\/v2\/product"}],"about":[{"href":"https:\/\/gooddealersmeds.com\/it\/wp-json\/wp\/v2\/types\/product"}],"replies":[{"embeddable":true,"href":"https:\/\/gooddealersmeds.com\/it\/wp-json\/wp\/v2\/comments?post=1588"}],"wp:featuredmedia":[{"embeddable":true,"href":"https:\/\/gooddealersmeds.com\/it\/wp-json\/wp\/v2\/media\/1596"}],"wp:attachment":[{"href":"https:\/\/gooddealersmeds.com\/it\/wp-json\/wp\/v2\/media?parent=1588"}],"wp:term":[{"taxonomy":"product_brand","embeddable":true,"href":"https:\/\/gooddealersmeds.com\/it\/wp-json\/wp\/v2\/product_brand?post=1588"},{"taxonomy":"product_cat","embeddable":true,"href":"https:\/\/gooddealersmeds.com\/it\/wp-json\/wp\/v2\/product_cat?post=1588"},{"taxonomy":"product_tag","embeddable":true,"href":"https:\/\/gooddealersmeds.com\/it\/wp-json\/wp\/v2\/product_tag?post=1588"}],"curies":[{"name":"wp","href":"https:\/\/api.w.org\/{rel}","templated":true}]}}