{"id":1554,"date":"2022-03-18T00:49:43","date_gmt":"2022-03-18T00:49:43","guid":{"rendered":"https:\/\/gooddealersmeds.com\/it\/?post_type=product&#038;p=1554"},"modified":"2022-12-30T23:40:53","modified_gmt":"2022-12-30T23:40:53","slug":"efedrina-hcl","status":"publish","type":"product","link":"https:\/\/gooddealersmeds.com\/it\/product\/efedrina-hcl\/","title":{"rendered":"Acquista efedrina HCL online"},"content":{"rendered":"<h2>Acquista l&#8217;efedrina online senza prescrizione medica a un prezzo accessibile<\/h2>\n<p>L&#8217;efedrina \u00e8 un farmaco e uno stimolante. Viene spesso utilizzato per prevenire la pressione bassa durante l&#8217;anestesia spinale. \u00c8 stato utilizzato anche per <a href=\"https:\/\/www.cdc.gov\/asthma\/faqs.htm\" target=\"_blank\"><span style=\"color: #333333\">asma<\/span><\/a>, narcolessia e obesit\u00e0, ma non \u00e8 il trattamento preferito. Non \u00e8 di chiaro beneficio nella congestione nasale. Pu\u00f2 essere assunto per via orale o per iniezione in un muscolo, in una vena o appena sotto la pelle. acquista questo prodotto con noi, l&#8217;esordio con l&#8217;uso endovenoso \u00e8 veloce, mentre l&#8217;iniezione in un muscolo pu\u00f2 richiedere 20 minuti e per via orale pu\u00f2 richiedere un&#8217;ora per l&#8217;effetto. Se somministrato per iniezione dura circa un&#8217;ora e se assunto per via orale pu\u00f2 durare fino a quattro ore. <a href=\"https:\/\/gooddealersmeds.com\/it\/product\/efedrine-hcl\/\">efedrina in vendita<\/a> online da <span style=\"color: #333333\"><a style=\"color: #333333\" href=\"https:\/\/gooddealersmeds.com\/it\/\" target=\"_blank\">Good Dealers Meds<\/a><\/span>. Acquista efedrina online<\/p>\n<p>Sebbene sia sicuro in gravidanza, il suo uso in questa popolazione \u00e8 poco studiato. L&#8217;uso durante l&#8217;allattamento non \u00e8 raccomandato. L&#8217;efedrina agisce aumentando l&#8217;attivit\u00e0 dei recettori adrenergici \u03b1 e \u03b2.<\/p>\n<p>L&#8217;efedrina viene utilizzata per alleviare temporaneamente la mancanza di respiro, la costrizione toracica e il respiro sibilante dovuto all&#8217;asma bronchiale. L&#8217;efedrina pu\u00f2 essere utilizzata anche per altre condizioni, come stabilito dal medico.<\/p>\n<p>L&#8217;efedrina \u00e8 un decongestionante e un broncodilatatore. Agisce riducendo il gonfiore e restringendo i vasi sanguigni nei passaggi nasali e allargando le vie aeree polmonari, consentendoti di respirare pi\u00f9 facilmente.<\/p>\n<p>Con l&#8217;esperienza e la natura genuina dei nostri farmaci, abbiamo aiutato molti pazienti per ottenere una buona salute. Il nostro efficiente team di farmacisti e tecnici si impegna a fornire un servizio rapido e amichevole. La qualit\u00e0 e l&#8217;accuratezza sono valori che rifiutiamo di scendere a compromessi. acquistare efedrina online<\/p>\n","protected":false},"excerpt":{"rendered":"<p>L&#8217;efedrina viene utilizzata per alleviare temporaneamente la mancanza di respiro, la costrizione toracica e il respiro sibilante dovuto all&#8217;asma bronchiale.<\/p>\n","protected":false},"featured_media":1562,"comment_status":"open","ping_status":"closed","template":"","meta":{"inline_featured_image":false},"product_brand":[],"product_cat":[346],"product_tag":[],"class_list":{"0":"post-1554","1":"product","2":"type-product","3":"status-publish","4":"has-post-thumbnail","6":"product_cat-stimolanti","7":"pa_pills-100-pills","8":"pa_pills-1000-pills","9":"pa_pills-30-pills","10":"pa_pills-300-pills","11":"pa_pills-50-pills","12":"pa_pills-500-pills","14":"first","15":"instock","16":"featured","17":"shipping-taxable","18":"purchasable","19":"product-type-variable","20":"has-default-attributes"},"yoast_head":"<!-- This site is optimized with the Yoast SEO Premium plugin v20.6 (Yoast SEO v27.3) - https:\/\/yoast.com\/product\/yoast-seo-premium-wordpress\/ -->\n<title>Acquista efedrina online senza ricetta | Ordina l&#039;efedrina online<\/title>\n<meta name=\"description\" content=\"Acquista efedrina online nella migliore qualit\u00e0 da buoni rivenditori Farmaci usati per alleviare temporaneamente mancanza di respiro, costrizione toracica e respiro sibilante.\" \/>\n<meta name=\"robots\" content=\"index, follow, max-snippet:-1, max-image-preview:large, max-video-preview:-1\" \/>\n<link rel=\"canonical\" href=\"https:\/\/gooddealersmeds.com\/it\/product\/efedrina-hcl\/\" \/>\n<meta property=\"og:locale\" content=\"en_US\" \/>\n<meta property=\"og:type\" content=\"article\" \/>\n<meta property=\"og:title\" content=\"Acquista efedrina HCL online\" \/>\n<meta property=\"og:description\" content=\"Acquista efedrina online nella migliore qualit\u00e0 da buoni rivenditori Farmaci usati per alleviare temporaneamente mancanza di respiro, costrizione toracica e respiro sibilante.\" \/>\n<meta property=\"og:url\" content=\"https:\/\/gooddealersmeds.com\/it\/product\/efedrina-hcl\/\" \/>\n<meta property=\"og:site_name\" content=\"Good Dealers Meds\" \/>\n<meta property=\"article:modified_time\" content=\"2022-12-30T23:40:53+00:00\" \/>\n<meta property=\"og:image\" content=\"https:\/\/gooddealersmeds.com\/it\/wp-content\/uploads\/sites\/7\/2022\/03\/buy-ephedrine-online.jpg\" \/>\n\t<meta property=\"og:image:width\" content=\"900\" \/>\n\t<meta property=\"og:image:height\" content=\"800\" \/>\n\t<meta property=\"og:image:type\" content=\"image\/jpeg\" \/>\n<meta name=\"twitter:card\" content=\"summary_large_image\" \/>\n<meta name=\"twitter:label1\" content=\"Est. reading time\" \/>\n\t<meta name=\"twitter:data1\" content=\"1 minute\" \/>\n<script type=\"application\/ld+json\" class=\"yoast-schema-graph\">{\"@context\":\"https:\\\/\\\/schema.org\",\"@graph\":[{\"@type\":\"WebPage\",\"@id\":\"https:\\\/\\\/gooddealersmeds.com\\\/it\\\/product\\\/efedrina-hcl\\\/\",\"url\":\"https:\\\/\\\/gooddealersmeds.com\\\/it\\\/product\\\/efedrina-hcl\\\/\",\"name\":\"Acquista efedrina online senza ricetta | Ordina l'efedrina online\",\"isPartOf\":{\"@id\":\"https:\\\/\\\/gooddealersmeds.com\\\/it\\\/#website\"},\"primaryImageOfPage\":{\"@id\":\"https:\\\/\\\/gooddealersmeds.com\\\/it\\\/product\\\/efedrina-hcl\\\/#primaryimage\"},\"image\":{\"@id\":\"https:\\\/\\\/gooddealersmeds.com\\\/it\\\/product\\\/efedrina-hcl\\\/#primaryimage\"},\"thumbnailUrl\":\"https:\\\/\\\/gooddealersmeds.com\\\/it\\\/wp-content\\\/uploads\\\/sites\\\/7\\\/2022\\\/03\\\/buy-ephedrine-online.jpg\",\"datePublished\":\"2022-03-18T00:49:43+00:00\",\"dateModified\":\"2022-12-30T23:40:53+00:00\",\"description\":\"Acquista efedrina online nella migliore qualit\u00e0 da buoni rivenditori Farmaci usati per alleviare temporaneamente mancanza di respiro, costrizione toracica e respiro sibilante.\",\"breadcrumb\":{\"@id\":\"https:\\\/\\\/gooddealersmeds.com\\\/it\\\/product\\\/efedrina-hcl\\\/#breadcrumb\"},\"inLanguage\":\"en-US\",\"potentialAction\":[{\"@type\":\"ReadAction\",\"target\":[\"https:\\\/\\\/gooddealersmeds.com\\\/it\\\/product\\\/efedrina-hcl\\\/\"]}]},{\"@type\":\"ImageObject\",\"inLanguage\":\"en-US\",\"@id\":\"https:\\\/\\\/gooddealersmeds.com\\\/it\\\/product\\\/efedrina-hcl\\\/#primaryimage\",\"url\":\"https:\\\/\\\/gooddealersmeds.com\\\/it\\\/wp-content\\\/uploads\\\/sites\\\/7\\\/2022\\\/03\\\/buy-ephedrine-online.jpg\",\"contentUrl\":\"https:\\\/\\\/gooddealersmeds.com\\\/it\\\/wp-content\\\/uploads\\\/sites\\\/7\\\/2022\\\/03\\\/buy-ephedrine-online.jpg\",\"width\":900,\"height\":800,\"caption\":\"Buy Ephedrine Online\"},{\"@type\":\"BreadcrumbList\",\"@id\":\"https:\\\/\\\/gooddealersmeds.com\\\/it\\\/product\\\/efedrina-hcl\\\/#breadcrumb\",\"itemListElement\":[{\"@type\":\"ListItem\",\"position\":1,\"name\":\"Home\",\"item\":\"https:\\\/\\\/gooddealersmeds.com\\\/it\\\/\"},{\"@type\":\"ListItem\",\"position\":2,\"name\":\"Prodotti\",\"item\":\"https:\\\/\\\/gooddealersmeds.com\\\/it\\\/prodotti\\\/\"},{\"@type\":\"ListItem\",\"position\":3,\"name\":\"Acquista efedrina HCL online\"}]},{\"@type\":\"WebSite\",\"@id\":\"https:\\\/\\\/gooddealersmeds.com\\\/it\\\/#website\",\"url\":\"https:\\\/\\\/gooddealersmeds.com\\\/it\\\/\",\"name\":\"Good Dealers Meds\",\"description\":\"All our best\",\"publisher\":{\"@id\":\"https:\\\/\\\/gooddealersmeds.com\\\/it\\\/#organization\"},\"potentialAction\":[{\"@type\":\"SearchAction\",\"target\":{\"@type\":\"EntryPoint\",\"urlTemplate\":\"https:\\\/\\\/gooddealersmeds.com\\\/it\\\/?s={search_term_string}\"},\"query-input\":{\"@type\":\"PropertyValueSpecification\",\"valueRequired\":true,\"valueName\":\"search_term_string\"}}],\"inLanguage\":\"en-US\"},{\"@type\":\"Organization\",\"@id\":\"https:\\\/\\\/gooddealersmeds.com\\\/it\\\/#organization\",\"name\":\"Good Dealers Meds\",\"url\":\"https:\\\/\\\/gooddealersmeds.com\\\/it\\\/\",\"logo\":{\"@type\":\"ImageObject\",\"inLanguage\":\"en-US\",\"@id\":\"https:\\\/\\\/gooddealersmeds.com\\\/it\\\/#\\\/schema\\\/logo\\\/image\\\/\",\"url\":\"https:\\\/\\\/gooddealersmeds.com\\\/it\\\/wp-content\\\/uploads\\\/sites\\\/7\\\/2022\\\/03\\\/gooddealersmeds__logo__20220317T222800Z.00.png\",\"contentUrl\":\"https:\\\/\\\/gooddealersmeds.com\\\/it\\\/wp-content\\\/uploads\\\/sites\\\/7\\\/2022\\\/03\\\/gooddealersmeds__logo__20220317T222800Z.00.png\",\"width\":500,\"height\":325,\"caption\":\"Good Dealers Meds\"},\"image\":{\"@id\":\"https:\\\/\\\/gooddealersmeds.com\\\/it\\\/#\\\/schema\\\/logo\\\/image\\\/\"}}]}<\/script>\n<!-- \/ Yoast SEO Premium plugin. -->","yoast_head_json":{"title":"Acquista efedrina online senza ricetta | Ordina l'efedrina online","description":"Acquista efedrina online nella migliore qualit\u00e0 da buoni rivenditori Farmaci usati per alleviare temporaneamente mancanza di respiro, costrizione toracica e respiro sibilante.","robots":{"index":"index","follow":"follow","max-snippet":"max-snippet:-1","max-image-preview":"max-image-preview:large","max-video-preview":"max-video-preview:-1"},"canonical":"https:\/\/gooddealersmeds.com\/it\/product\/efedrina-hcl\/","og_locale":"en_US","og_type":"article","og_title":"Acquista efedrina HCL online","og_description":"Acquista efedrina online nella migliore qualit\u00e0 da buoni rivenditori Farmaci usati per alleviare temporaneamente mancanza di respiro, costrizione toracica e respiro sibilante.","og_url":"https:\/\/gooddealersmeds.com\/it\/product\/efedrina-hcl\/","og_site_name":"Good Dealers Meds","article_modified_time":"2022-12-30T23:40:53+00:00","og_image":[{"width":900,"height":800,"url":"https:\/\/gooddealersmeds.com\/it\/wp-content\/uploads\/sites\/7\/2022\/03\/buy-ephedrine-online.jpg","type":"image\/jpeg"}],"twitter_card":"summary_large_image","twitter_misc":{"Est. reading time":"1 minute"},"schema":{"@context":"https:\/\/schema.org","@graph":[{"@type":"WebPage","@id":"https:\/\/gooddealersmeds.com\/it\/product\/efedrina-hcl\/","url":"https:\/\/gooddealersmeds.com\/it\/product\/efedrina-hcl\/","name":"Acquista efedrina online senza ricetta | Ordina l'efedrina online","isPartOf":{"@id":"https:\/\/gooddealersmeds.com\/it\/#website"},"primaryImageOfPage":{"@id":"https:\/\/gooddealersmeds.com\/it\/product\/efedrina-hcl\/#primaryimage"},"image":{"@id":"https:\/\/gooddealersmeds.com\/it\/product\/efedrina-hcl\/#primaryimage"},"thumbnailUrl":"https:\/\/gooddealersmeds.com\/it\/wp-content\/uploads\/sites\/7\/2022\/03\/buy-ephedrine-online.jpg","datePublished":"2022-03-18T00:49:43+00:00","dateModified":"2022-12-30T23:40:53+00:00","description":"Acquista efedrina online nella migliore qualit\u00e0 da buoni rivenditori Farmaci usati per alleviare temporaneamente mancanza di respiro, costrizione toracica e respiro sibilante.","breadcrumb":{"@id":"https:\/\/gooddealersmeds.com\/it\/product\/efedrina-hcl\/#breadcrumb"},"inLanguage":"en-US","potentialAction":[{"@type":"ReadAction","target":["https:\/\/gooddealersmeds.com\/it\/product\/efedrina-hcl\/"]}]},{"@type":"ImageObject","inLanguage":"en-US","@id":"https:\/\/gooddealersmeds.com\/it\/product\/efedrina-hcl\/#primaryimage","url":"https:\/\/gooddealersmeds.com\/it\/wp-content\/uploads\/sites\/7\/2022\/03\/buy-ephedrine-online.jpg","contentUrl":"https:\/\/gooddealersmeds.com\/it\/wp-content\/uploads\/sites\/7\/2022\/03\/buy-ephedrine-online.jpg","width":900,"height":800,"caption":"Buy Ephedrine Online"},{"@type":"BreadcrumbList","@id":"https:\/\/gooddealersmeds.com\/it\/product\/efedrina-hcl\/#breadcrumb","itemListElement":[{"@type":"ListItem","position":1,"name":"Home","item":"https:\/\/gooddealersmeds.com\/it\/"},{"@type":"ListItem","position":2,"name":"Prodotti","item":"https:\/\/gooddealersmeds.com\/it\/prodotti\/"},{"@type":"ListItem","position":3,"name":"Acquista efedrina HCL online"}]},{"@type":"WebSite","@id":"https:\/\/gooddealersmeds.com\/it\/#website","url":"https:\/\/gooddealersmeds.com\/it\/","name":"Good Dealers Meds","description":"All our best","publisher":{"@id":"https:\/\/gooddealersmeds.com\/it\/#organization"},"potentialAction":[{"@type":"SearchAction","target":{"@type":"EntryPoint","urlTemplate":"https:\/\/gooddealersmeds.com\/it\/?s={search_term_string}"},"query-input":{"@type":"PropertyValueSpecification","valueRequired":true,"valueName":"search_term_string"}}],"inLanguage":"en-US"},{"@type":"Organization","@id":"https:\/\/gooddealersmeds.com\/it\/#organization","name":"Good Dealers Meds","url":"https:\/\/gooddealersmeds.com\/it\/","logo":{"@type":"ImageObject","inLanguage":"en-US","@id":"https:\/\/gooddealersmeds.com\/it\/#\/schema\/logo\/image\/","url":"https:\/\/gooddealersmeds.com\/it\/wp-content\/uploads\/sites\/7\/2022\/03\/gooddealersmeds__logo__20220317T222800Z.00.png","contentUrl":"https:\/\/gooddealersmeds.com\/it\/wp-content\/uploads\/sites\/7\/2022\/03\/gooddealersmeds__logo__20220317T222800Z.00.png","width":500,"height":325,"caption":"Good Dealers Meds"},"image":{"@id":"https:\/\/gooddealersmeds.com\/it\/#\/schema\/logo\/image\/"}}]}},"_links":{"self":[{"href":"https:\/\/gooddealersmeds.com\/it\/wp-json\/wp\/v2\/product\/1554","targetHints":{"allow":["GET"]}}],"collection":[{"href":"https:\/\/gooddealersmeds.com\/it\/wp-json\/wp\/v2\/product"}],"about":[{"href":"https:\/\/gooddealersmeds.com\/it\/wp-json\/wp\/v2\/types\/product"}],"replies":[{"embeddable":true,"href":"https:\/\/gooddealersmeds.com\/it\/wp-json\/wp\/v2\/comments?post=1554"}],"wp:featuredmedia":[{"embeddable":true,"href":"https:\/\/gooddealersmeds.com\/it\/wp-json\/wp\/v2\/media\/1562"}],"wp:attachment":[{"href":"https:\/\/gooddealersmeds.com\/it\/wp-json\/wp\/v2\/media?parent=1554"}],"wp:term":[{"taxonomy":"product_brand","embeddable":true,"href":"https:\/\/gooddealersmeds.com\/it\/wp-json\/wp\/v2\/product_brand?post=1554"},{"taxonomy":"product_cat","embeddable":true,"href":"https:\/\/gooddealersmeds.com\/it\/wp-json\/wp\/v2\/product_cat?post=1554"},{"taxonomy":"product_tag","embeddable":true,"href":"https:\/\/gooddealersmeds.com\/it\/wp-json\/wp\/v2\/product_tag?post=1554"}],"curies":[{"name":"wp","href":"https:\/\/api.w.org\/{rel}","templated":true}]}}