{"id":1544,"date":"2022-03-18T00:24:33","date_gmt":"2022-03-18T00:24:33","guid":{"rendered":"https:\/\/gooddealersmeds.com\/it\/?post_type=product&#038;p=1544"},"modified":"2022-12-30T23:45:04","modified_gmt":"2022-12-30T23:45:04","slug":"ossicontina","status":"publish","type":"product","link":"https:\/\/gooddealersmeds.com\/it\/product\/ossicontina\/","title":{"rendered":"Oxycontin in vendita"},"content":{"rendered":"<h2>Oxycontin in vendita online<\/h2>\n<p class=\"p1\">&#8220;<em><strong>Acquista Oxycontin online<\/strong><\/em>&#8220;, Questo farmaco \u00e8 usato per alleviare il dolore intenso in corso (come come dovuto al cancro). L&#8217;ossicodone appartiene a una classe di farmaci noti come analgesici oppioidi. Funziona nel cervello per cambiare il modo in cui il tuo corpo si sente e risponde al dolore. <a href=\"https:\/\/gooddealersmeds.com\/it\/product\/oxycontin\/\">Acquista Oxycontin<\/a> online, acquista oxy online senza ricetta<\/p>\n<p class=\"p1\">I maggiori punti di forza di questo farmaco (pi\u00f9 di 40 milligrammi per compressa) deve essere usato solo se ha assunto regolarmente quantit\u00e0 da moderate a grandi di antidolorifici oppioidi. Questi punti di forza possono causare un sovradosaggio (anche la morte) se assunti da una persona che non ha assunto regolarmente oppioidi.<\/p>\n<p class=\"p1\">Non utilizzare la forma a rilascio prolungato di ossicodone per alleviare il dolore che \u00e8 lieve o che sparir\u00e0 in pochi giorni. Questo farmaco non \u00e8 per uso occasionale (&#8220;secondo necessit\u00e0&#8221;).<\/p>\n<p class=\"p1\">Questo farmaco \u00e8 usato per alleviare il dolore in corso grave (come dovuto al cancro). L&#8217;ossicodone appartiene a una classe di farmaci noti come analgesici oppioidi. Funziona nel cervello per cambiare il modo in cui il tuo corpo si sente e risponde al dolore.<\/p>\n<p class=\"p1\">Non usare la forma a rilascio prolungato di ossicodone per alleviare il dolore che \u00e8 lieve o che andr\u00e0 via in pochi giorni. Questo farmaco non \u00e8 per uso occasionale (&#8220;secondo necessit\u00e0&#8221;).<\/p>\n<h3 class=\"p1\">Abuso, abuso e diversione di oppioidi<\/h3>\n<p class=\" p1\">L&#8217;ossicodone \u00e8 un agonista oppioide di tipo morfina. Tali droghe sono ricercate dai tossicodipendenti e dalle persone con disturbi da dipendenza e sono soggette a diversione criminale. <span style=\"color: #000000\"><a style=\"color: #000000\" href=\"https:\/\/gooddealersmeds.com\/it\/products\/\">L&#8217;ossicodone<\/a><\/span> pu\u00f2 essere abusato in modo simile ad altri agonisti degli oppioidi, legali o illeciti. Questo dovrebbe essere preso in considerazione quando si prescrive o si somministra OxyContin in situazioni in cui il medico o il farmacista sono preoccupati per un aumento del rischio di uso improprio, abuso o diversione. \u00c8 stato segnalato che OxyContin ha subito abusi schiacciando, masticando, sniffando o iniettando il prodotto disciolto.<\/p>\n<h3 class=\"p1\">PRECAUZIONI<\/h3>\n<p class=\"p1 \">Gli analgesici oppioidi hanno un indice terapeutico ristretto in alcune popolazioni di pazienti, specialmente se combinati con farmaci depressivi del SNC, e dovrebbero essere riservati ai casi in cui i benefici dell&#8217;analgesia oppioide superano i rischi noti di depressione respiratoria, stato mentale alterato e ipotensione posturale. L&#8217;uso di Oxycontin \u00e8 associato ad un aumento dei rischi potenziali e deve essere usato solo con cautela nelle seguenti condizioni: alcolismo acuto; insufficienza corticosurrenale (es. morbo di Addison); depressione o coma del SNC; Delirium tremens; pazienti debilitati; cifoscoliosi associata a depressione respiratoria; mixedema o ipotiroidismo; ipertrofia prostatica o stenosi uretrale; grave compromissione della funzionalit\u00e0 epatica, polmonare o renale; e psicosi tossica. La somministrazione di ossicodone pu\u00f2 oscurare la diagnosi o il decorso clinico nei pazienti con <span style=\"color: #333333\"><a style=\"color: #333333\" href=\"https:\/\/www.mountsinai.org\/health -library\/symptoms\/addominal-pain\">condizioni addominali<\/a><\/span>. L&#8217;ossicodone pu\u00f2 aggravare le convulsioni nei pazienti con disturbi convulsivi e tutti gli oppioidi possono indurre o aggravare le convulsioni in alcuni contesti clinici.<\/p>\n","protected":false},"excerpt":{"rendered":"<p>Oxycontin 40 mg \u00e8 un analgesico. \u00c8 usato per trattare il dolore costante che dura per pi\u00f9 di pochi giorni. \u00c8 usato da persone che hanno assunto farmaci antidolorifici oppioidi o narcotici<\/p>\n","protected":false},"featured_media":1553,"comment_status":"open","ping_status":"closed","template":"","meta":{"inline_featured_image":false},"product_brand":[],"product_cat":[347],"product_tag":[88,86,89,87,85,90,92,91],"class_list":{"0":"post-1544","1":"product","2":"type-product","3":"status-publish","4":"has-post-thumbnail","6":"product_cat-antidolorifici-oppioidi","7":"product_tag-comprare-oxycontin-farmacia-online","8":"product_tag-compra-online-oxycontin","9":"product_tag-buy-oxycontin-online-uk","10":"product_tag-acquistare-oxycontin-on-line-senza-prescrizione","11":"product_tag-buy-legal-oxycontin-online","12":"product_tag-oxycontin-in-vendita-australia","13":"product_tag-oxycontin-compresse-in-vendita","14":"product_tag-oxycontin-pillole-in-vendita","15":"pa_pills-100-pills","16":"pa_pills-1000-pills","17":"pa_pills-30-pills","18":"pa_pills-300-pills","19":"pa_pills-50-pills","20":"pa_pills-500-pills","22":"first","23":"instock","24":"featured","25":"shipping-taxable","26":"purchasable","27":"product-type-variable","28":"has-default-attributes"},"yoast_head":"<!-- This site is optimized with the Yoast SEO Premium plugin v20.6 (Yoast SEO v27.3) - https:\/\/yoast.com\/product\/yoast-seo-premium-wordpress\/ -->\n<title>Acquista Oxycontin online | Acquista Oxy online senza ricetta<\/title>\n<meta name=\"description\" content=\"Oxycontin \u00e8 usato per alleviare il dolore intenso. Influenza il cervello per consentire al corpo di resistere al dolore. acquista Oxycontin online, acquista oxy online.\" \/>\n<meta name=\"robots\" content=\"index, follow, max-snippet:-1, max-image-preview:large, max-video-preview:-1\" \/>\n<link rel=\"canonical\" href=\"https:\/\/gooddealersmeds.com\/it\/product\/ossicontina\/\" \/>\n<meta property=\"og:locale\" content=\"en_US\" \/>\n<meta property=\"og:type\" content=\"article\" \/>\n<meta property=\"og:title\" content=\"Oxycontin in vendita\" \/>\n<meta property=\"og:description\" content=\"Oxycontin \u00e8 usato per alleviare il dolore intenso. Influenza il cervello per consentire al corpo di resistere al dolore. acquista Oxycontin online, acquista oxy online.\" \/>\n<meta property=\"og:url\" content=\"https:\/\/gooddealersmeds.com\/it\/product\/ossicontina\/\" \/>\n<meta property=\"og:site_name\" content=\"Good Dealers Meds\" \/>\n<meta property=\"article:modified_time\" content=\"2022-12-30T23:45:04+00:00\" \/>\n<meta property=\"og:image\" content=\"https:\/\/gooddealersmeds.com\/it\/wp-content\/uploads\/sites\/7\/2022\/03\/Buy-Oxycontin-online-one.jpg\" \/>\n\t<meta property=\"og:image:width\" content=\"600\" \/>\n\t<meta property=\"og:image:height\" content=\"450\" \/>\n\t<meta property=\"og:image:type\" content=\"image\/jpeg\" \/>\n<meta name=\"twitter:card\" content=\"summary_large_image\" \/>\n<meta name=\"twitter:label1\" content=\"Est. reading time\" \/>\n\t<meta name=\"twitter:data1\" content=\"2 minutes\" \/>\n<script type=\"application\/ld+json\" class=\"yoast-schema-graph\">{\"@context\":\"https:\\\/\\\/schema.org\",\"@graph\":[{\"@type\":\"WebPage\",\"@id\":\"https:\\\/\\\/gooddealersmeds.com\\\/it\\\/product\\\/ossicontina\\\/\",\"url\":\"https:\\\/\\\/gooddealersmeds.com\\\/it\\\/product\\\/ossicontina\\\/\",\"name\":\"Acquista Oxycontin online | Acquista Oxy online senza ricetta\",\"isPartOf\":{\"@id\":\"https:\\\/\\\/gooddealersmeds.com\\\/it\\\/#website\"},\"primaryImageOfPage\":{\"@id\":\"https:\\\/\\\/gooddealersmeds.com\\\/it\\\/product\\\/ossicontina\\\/#primaryimage\"},\"image\":{\"@id\":\"https:\\\/\\\/gooddealersmeds.com\\\/it\\\/product\\\/ossicontina\\\/#primaryimage\"},\"thumbnailUrl\":\"https:\\\/\\\/gooddealersmeds.com\\\/it\\\/wp-content\\\/uploads\\\/sites\\\/7\\\/2022\\\/03\\\/Buy-Oxycontin-online-one.jpg\",\"datePublished\":\"2022-03-18T00:24:33+00:00\",\"dateModified\":\"2022-12-30T23:45:04+00:00\",\"description\":\"Oxycontin \u00e8 usato per alleviare il dolore intenso. Influenza il cervello per consentire al corpo di resistere al dolore. acquista Oxycontin online, acquista oxy online.\",\"breadcrumb\":{\"@id\":\"https:\\\/\\\/gooddealersmeds.com\\\/it\\\/product\\\/ossicontina\\\/#breadcrumb\"},\"inLanguage\":\"en-US\",\"potentialAction\":[{\"@type\":\"ReadAction\",\"target\":[\"https:\\\/\\\/gooddealersmeds.com\\\/it\\\/product\\\/ossicontina\\\/\"]}]},{\"@type\":\"ImageObject\",\"inLanguage\":\"en-US\",\"@id\":\"https:\\\/\\\/gooddealersmeds.com\\\/it\\\/product\\\/ossicontina\\\/#primaryimage\",\"url\":\"https:\\\/\\\/gooddealersmeds.com\\\/it\\\/wp-content\\\/uploads\\\/sites\\\/7\\\/2022\\\/03\\\/Buy-Oxycontin-online-one.jpg\",\"contentUrl\":\"https:\\\/\\\/gooddealersmeds.com\\\/it\\\/wp-content\\\/uploads\\\/sites\\\/7\\\/2022\\\/03\\\/Buy-Oxycontin-online-one.jpg\",\"width\":600,\"height\":450,\"caption\":\"Buy Oxycontin Online\"},{\"@type\":\"BreadcrumbList\",\"@id\":\"https:\\\/\\\/gooddealersmeds.com\\\/it\\\/product\\\/ossicontina\\\/#breadcrumb\",\"itemListElement\":[{\"@type\":\"ListItem\",\"position\":1,\"name\":\"Home\",\"item\":\"https:\\\/\\\/gooddealersmeds.com\\\/it\\\/\"},{\"@type\":\"ListItem\",\"position\":2,\"name\":\"Prodotti\",\"item\":\"https:\\\/\\\/gooddealersmeds.com\\\/it\\\/prodotti\\\/\"},{\"@type\":\"ListItem\",\"position\":3,\"name\":\"Oxycontin in vendita\"}]},{\"@type\":\"WebSite\",\"@id\":\"https:\\\/\\\/gooddealersmeds.com\\\/it\\\/#website\",\"url\":\"https:\\\/\\\/gooddealersmeds.com\\\/it\\\/\",\"name\":\"Good Dealers Meds\",\"description\":\"All our best\",\"publisher\":{\"@id\":\"https:\\\/\\\/gooddealersmeds.com\\\/it\\\/#organization\"},\"potentialAction\":[{\"@type\":\"SearchAction\",\"target\":{\"@type\":\"EntryPoint\",\"urlTemplate\":\"https:\\\/\\\/gooddealersmeds.com\\\/it\\\/?s={search_term_string}\"},\"query-input\":{\"@type\":\"PropertyValueSpecification\",\"valueRequired\":true,\"valueName\":\"search_term_string\"}}],\"inLanguage\":\"en-US\"},{\"@type\":\"Organization\",\"@id\":\"https:\\\/\\\/gooddealersmeds.com\\\/it\\\/#organization\",\"name\":\"Good Dealers Meds\",\"url\":\"https:\\\/\\\/gooddealersmeds.com\\\/it\\\/\",\"logo\":{\"@type\":\"ImageObject\",\"inLanguage\":\"en-US\",\"@id\":\"https:\\\/\\\/gooddealersmeds.com\\\/it\\\/#\\\/schema\\\/logo\\\/image\\\/\",\"url\":\"https:\\\/\\\/gooddealersmeds.com\\\/it\\\/wp-content\\\/uploads\\\/sites\\\/7\\\/2022\\\/03\\\/gooddealersmeds__logo__20220317T222800Z.00.png\",\"contentUrl\":\"https:\\\/\\\/gooddealersmeds.com\\\/it\\\/wp-content\\\/uploads\\\/sites\\\/7\\\/2022\\\/03\\\/gooddealersmeds__logo__20220317T222800Z.00.png\",\"width\":500,\"height\":325,\"caption\":\"Good Dealers Meds\"},\"image\":{\"@id\":\"https:\\\/\\\/gooddealersmeds.com\\\/it\\\/#\\\/schema\\\/logo\\\/image\\\/\"}}]}<\/script>\n<!-- \/ Yoast SEO Premium plugin. -->","yoast_head_json":{"title":"Acquista Oxycontin online | Acquista Oxy online senza ricetta","description":"Oxycontin \u00e8 usato per alleviare il dolore intenso. Influenza il cervello per consentire al corpo di resistere al dolore. acquista Oxycontin online, acquista oxy online.","robots":{"index":"index","follow":"follow","max-snippet":"max-snippet:-1","max-image-preview":"max-image-preview:large","max-video-preview":"max-video-preview:-1"},"canonical":"https:\/\/gooddealersmeds.com\/it\/product\/ossicontina\/","og_locale":"en_US","og_type":"article","og_title":"Oxycontin in vendita","og_description":"Oxycontin \u00e8 usato per alleviare il dolore intenso. Influenza il cervello per consentire al corpo di resistere al dolore. acquista Oxycontin online, acquista oxy online.","og_url":"https:\/\/gooddealersmeds.com\/it\/product\/ossicontina\/","og_site_name":"Good Dealers Meds","article_modified_time":"2022-12-30T23:45:04+00:00","og_image":[{"width":600,"height":450,"url":"https:\/\/gooddealersmeds.com\/it\/wp-content\/uploads\/sites\/7\/2022\/03\/Buy-Oxycontin-online-one.jpg","type":"image\/jpeg"}],"twitter_card":"summary_large_image","twitter_misc":{"Est. reading time":"2 minutes"},"schema":{"@context":"https:\/\/schema.org","@graph":[{"@type":"WebPage","@id":"https:\/\/gooddealersmeds.com\/it\/product\/ossicontina\/","url":"https:\/\/gooddealersmeds.com\/it\/product\/ossicontina\/","name":"Acquista Oxycontin online | Acquista Oxy online senza ricetta","isPartOf":{"@id":"https:\/\/gooddealersmeds.com\/it\/#website"},"primaryImageOfPage":{"@id":"https:\/\/gooddealersmeds.com\/it\/product\/ossicontina\/#primaryimage"},"image":{"@id":"https:\/\/gooddealersmeds.com\/it\/product\/ossicontina\/#primaryimage"},"thumbnailUrl":"https:\/\/gooddealersmeds.com\/it\/wp-content\/uploads\/sites\/7\/2022\/03\/Buy-Oxycontin-online-one.jpg","datePublished":"2022-03-18T00:24:33+00:00","dateModified":"2022-12-30T23:45:04+00:00","description":"Oxycontin \u00e8 usato per alleviare il dolore intenso. Influenza il cervello per consentire al corpo di resistere al dolore. acquista Oxycontin online, acquista oxy online.","breadcrumb":{"@id":"https:\/\/gooddealersmeds.com\/it\/product\/ossicontina\/#breadcrumb"},"inLanguage":"en-US","potentialAction":[{"@type":"ReadAction","target":["https:\/\/gooddealersmeds.com\/it\/product\/ossicontina\/"]}]},{"@type":"ImageObject","inLanguage":"en-US","@id":"https:\/\/gooddealersmeds.com\/it\/product\/ossicontina\/#primaryimage","url":"https:\/\/gooddealersmeds.com\/it\/wp-content\/uploads\/sites\/7\/2022\/03\/Buy-Oxycontin-online-one.jpg","contentUrl":"https:\/\/gooddealersmeds.com\/it\/wp-content\/uploads\/sites\/7\/2022\/03\/Buy-Oxycontin-online-one.jpg","width":600,"height":450,"caption":"Buy Oxycontin Online"},{"@type":"BreadcrumbList","@id":"https:\/\/gooddealersmeds.com\/it\/product\/ossicontina\/#breadcrumb","itemListElement":[{"@type":"ListItem","position":1,"name":"Home","item":"https:\/\/gooddealersmeds.com\/it\/"},{"@type":"ListItem","position":2,"name":"Prodotti","item":"https:\/\/gooddealersmeds.com\/it\/prodotti\/"},{"@type":"ListItem","position":3,"name":"Oxycontin in vendita"}]},{"@type":"WebSite","@id":"https:\/\/gooddealersmeds.com\/it\/#website","url":"https:\/\/gooddealersmeds.com\/it\/","name":"Good Dealers Meds","description":"All our best","publisher":{"@id":"https:\/\/gooddealersmeds.com\/it\/#organization"},"potentialAction":[{"@type":"SearchAction","target":{"@type":"EntryPoint","urlTemplate":"https:\/\/gooddealersmeds.com\/it\/?s={search_term_string}"},"query-input":{"@type":"PropertyValueSpecification","valueRequired":true,"valueName":"search_term_string"}}],"inLanguage":"en-US"},{"@type":"Organization","@id":"https:\/\/gooddealersmeds.com\/it\/#organization","name":"Good Dealers Meds","url":"https:\/\/gooddealersmeds.com\/it\/","logo":{"@type":"ImageObject","inLanguage":"en-US","@id":"https:\/\/gooddealersmeds.com\/it\/#\/schema\/logo\/image\/","url":"https:\/\/gooddealersmeds.com\/it\/wp-content\/uploads\/sites\/7\/2022\/03\/gooddealersmeds__logo__20220317T222800Z.00.png","contentUrl":"https:\/\/gooddealersmeds.com\/it\/wp-content\/uploads\/sites\/7\/2022\/03\/gooddealersmeds__logo__20220317T222800Z.00.png","width":500,"height":325,"caption":"Good Dealers Meds"},"image":{"@id":"https:\/\/gooddealersmeds.com\/it\/#\/schema\/logo\/image\/"}}]}},"_links":{"self":[{"href":"https:\/\/gooddealersmeds.com\/it\/wp-json\/wp\/v2\/product\/1544","targetHints":{"allow":["GET"]}}],"collection":[{"href":"https:\/\/gooddealersmeds.com\/it\/wp-json\/wp\/v2\/product"}],"about":[{"href":"https:\/\/gooddealersmeds.com\/it\/wp-json\/wp\/v2\/types\/product"}],"replies":[{"embeddable":true,"href":"https:\/\/gooddealersmeds.com\/it\/wp-json\/wp\/v2\/comments?post=1544"}],"wp:featuredmedia":[{"embeddable":true,"href":"https:\/\/gooddealersmeds.com\/it\/wp-json\/wp\/v2\/media\/1553"}],"wp:attachment":[{"href":"https:\/\/gooddealersmeds.com\/it\/wp-json\/wp\/v2\/media?parent=1544"}],"wp:term":[{"taxonomy":"product_brand","embeddable":true,"href":"https:\/\/gooddealersmeds.com\/it\/wp-json\/wp\/v2\/product_brand?post=1544"},{"taxonomy":"product_cat","embeddable":true,"href":"https:\/\/gooddealersmeds.com\/it\/wp-json\/wp\/v2\/product_cat?post=1544"},{"taxonomy":"product_tag","embeddable":true,"href":"https:\/\/gooddealersmeds.com\/it\/wp-json\/wp\/v2\/product_tag?post=1544"}],"curies":[{"name":"wp","href":"https:\/\/api.w.org\/{rel}","templated":true}]}}