{"id":1524,"date":"2022-03-17T23:13:27","date_gmt":"2022-03-17T23:13:27","guid":{"rendered":"https:\/\/gooddealersmeds.com\/it\/?post_type=product&#038;p=1524"},"modified":"2022-12-30T23:50:04","modified_gmt":"2022-12-30T23:50:04","slug":"compra-adderall-online","status":"publish","type":"product","link":"https:\/\/gooddealersmeds.com\/it\/product\/compra-adderall-online\/","title":{"rendered":"Acquista Adderall in linea"},"content":{"rendered":"<h2>Acquistare Adderall online dal top<\/h2>\n<p>La maggior parte dei clienti che cercano una fornitura per 30 giorni di Adderall generico preferisce acquistare e ricaricare la propria prescrizione da una fonte attendibile. Il nostro obiettivo \u00e8 fornire un luogo in cui i pazienti possano ottenere le loro prescrizioni indipendentemente dalla loro copertura assicurativa o dalla loro situazione finanziaria. Con la nostra assistenza, puoi facilmente Acquista Adderall in linea e gestire le tue prescrizioni!<\/p>\n<p>Adderall generico (destroanfetamina\/anfetamina) \u00e8 una miscela di due farmaci stimolanti del sistema nervoso centrale usati per trattare il disturbo da deficit di attenzione e iperattivit\u00e0 &#8211; ADHD. Agisce aumentando la noradrenalina e la dopamina, due sostanze chimiche presenti in natura nel cervello che stimolano l&#8217;attivit\u00e0 cerebrale e possono aiutarti a prestare attenzione, rimanere concentrato su un compito e controllare i problemi comportamentali. Funziona modificando le quantit\u00e0 di alcune molecole chimiche nel cervello.<\/p>\n<p><strong>Perch\u00e9 dovresti ordinare Adderall da noi?<\/strong><\/p>\n<p>Anfetamine\/destroanfetamine appartengono alla classe dei farmaci stimolanti. Pu\u00f2 anche aiutare con l&#8217;organizzazione del lavoro e lo sviluppo delle capacit\u00e0 di ascolto. Questo medicinale \u00e8 anche usato per trattare uno specifico disturbo del sonno noto come narcolessia per aiutarti a rimanere sveglio durante il giorno. Non dovrebbe essere usato per trattare la stanchezza o per rimandare l&#8217;andare a letto in coloro che non hanno problemi di sonno. Acquista Adderall in linea<\/p>\n<p>Il dosaggio si basa sulle condizioni mediche e sulla risposta al trattamento. Per ottenere i maggiori benefici da questo farmaco, prendilo frequentemente. Prendilo alla stessa ora ogni giorno per aiutare nella memoria. Le sostanze chimiche inattive in questo prodotto possono causare reazioni allergiche o altre complicazioni.<\/p>\n<p>Con la giusta farmacia online, puoi trovare ricariche per il tuo <a href=\"https:\/\/gooddealersmeds.com\/it\/product\/buy -adderall-online\/\">Adderall<\/a> prescrizione a prezzi ragionevoli. Vogliamo abbattere le barriere tra i pazienti e i farmaci di cui hanno bisogno per vivere la propria vita con effetti collaterali minimi. Ricevendo una fornitura di Adderall generico con noi, avrai accesso al modo pi\u00f9 conveniente per ottenere i tuoi farmaci per l&#8217;ADHD.<\/p>\n<p>Puoi acquistare Adderall online dal nostro <a href=\"https:\/\/gooddealersmeds.com \/it\/products\/\">negozio<\/a> con spedizione sicura in tutta la nostra Europa.<\/p>\n","protected":false},"excerpt":{"rendered":"<p>ADHD e narcolessia sono due disturbi principali che potrebbero devastare la vita comune delle persone in tutto il mondo. L&#8217;ADHD in generale \u00e8 il disturbo da deficit di attenzione e ipersensibilit\u00e0, in cui la maggior parte delle persone potrebbe non essere in grado di prestare attenzione o concentrarsi su determinati compiti e cose della vita. Ci\u00f2 \u00e8 dovuto allo squilibrio nelle sostanze chimiche del cervello che porta alla disattenzione. Si pu\u00f2 utilizzare il farmaco Adderall per trattare il problema della disattenzione, della narcolessia e dell&#8217;iperattivit\u00e0. La sensazione di distrazione \u00e8 molto comune nei disturbi dell&#8217;ADHD e nella narcolessia; le persone tendono a dormire anche durante le ore dispari del tempo. Detto questo, Adderall pu\u00f2 diventare un&#8217;abitudine se viene utilizzato in modo improprio senza la corretta consultazione di un medico. Inoltre, assicurati di non fornire Adderall 30mg a estranei o amici sconosciuti con precedenti di tossicodipendenza e abuso.<\/p>\n","protected":false},"featured_media":1532,"comment_status":"open","ping_status":"closed","template":"","meta":{"inline_featured_image":false},"product_brand":[],"product_cat":[346],"product_tag":[],"class_list":{"0":"post-1524","1":"product","2":"type-product","3":"status-publish","4":"has-post-thumbnail","6":"product_cat-stimolanti","7":"pa_pills-100-pills","8":"pa_pills-1000-pills","9":"pa_pills-30-pills","10":"pa_pills-300-pills","11":"pa_pills-50-pills","12":"pa_pills-500-pills","14":"first","15":"instock","16":"featured","17":"shipping-taxable","18":"purchasable","19":"product-type-variable","20":"has-default-attributes"},"yoast_head":"<!-- This site is optimized with the Yoast SEO Premium plugin v20.6 (Yoast SEO v27.5) - https:\/\/yoast.com\/product\/yoast-seo-premium-wordpress\/ -->\n<title>Acquista Adderall in linea - Adderall economico in vendita 30mg |<\/title>\n<meta name=\"description\" content=\"Acquista Adderall in linea 30mg senza prescrizione medica a buon mercato da Good Dealers Meds per il trattamento dell&#039;ADHD e della narcolessia.\" \/>\n<meta name=\"robots\" content=\"index, follow, max-snippet:-1, max-image-preview:large, max-video-preview:-1\" \/>\n<link rel=\"canonical\" href=\"https:\/\/gooddealersmeds.com\/it\/product\/compra-adderall-online\/\" \/>\n<meta property=\"og:locale\" content=\"en_US\" \/>\n<meta property=\"og:type\" content=\"article\" \/>\n<meta property=\"og:title\" content=\"Acquista Adderall in linea\" \/>\n<meta property=\"og:description\" content=\"Acquista Adderall in linea 30mg senza prescrizione medica a buon mercato da Good Dealers Meds per il trattamento dell&#039;ADHD e della narcolessia.\" \/>\n<meta property=\"og:url\" content=\"https:\/\/gooddealersmeds.com\/it\/product\/compra-adderall-online\/\" \/>\n<meta property=\"og:site_name\" content=\"Good Dealers Meds\" \/>\n<meta property=\"article:modified_time\" content=\"2022-12-30T23:50:04+00:00\" \/>\n<meta property=\"og:image\" content=\"https:\/\/gooddealersmeds.com\/it\/wp-content\/uploads\/sites\/7\/2022\/03\/buy-adderall-online1.jpg\" \/>\n\t<meta property=\"og:image:width\" content=\"300\" \/>\n\t<meta property=\"og:image:height\" content=\"300\" \/>\n\t<meta property=\"og:image:type\" content=\"image\/jpeg\" \/>\n<meta name=\"twitter:card\" content=\"summary_large_image\" \/>\n<meta name=\"twitter:label1\" content=\"Est. reading time\" \/>\n\t<meta name=\"twitter:data1\" content=\"2 minutes\" \/>\n<script type=\"application\/ld+json\" class=\"yoast-schema-graph\">{\"@context\":\"https:\\\/\\\/schema.org\",\"@graph\":[{\"@type\":\"WebPage\",\"@id\":\"https:\\\/\\\/gooddealersmeds.com\\\/it\\\/product\\\/compra-adderall-online\\\/\",\"url\":\"https:\\\/\\\/gooddealersmeds.com\\\/it\\\/product\\\/compra-adderall-online\\\/\",\"name\":\"Acquista Adderall in linea - Adderall economico in vendita 30mg |\",\"isPartOf\":{\"@id\":\"https:\\\/\\\/gooddealersmeds.com\\\/it\\\/#website\"},\"primaryImageOfPage\":{\"@id\":\"https:\\\/\\\/gooddealersmeds.com\\\/it\\\/product\\\/compra-adderall-online\\\/#primaryimage\"},\"image\":{\"@id\":\"https:\\\/\\\/gooddealersmeds.com\\\/it\\\/product\\\/compra-adderall-online\\\/#primaryimage\"},\"thumbnailUrl\":\"https:\\\/\\\/gooddealersmeds.com\\\/it\\\/wp-content\\\/uploads\\\/sites\\\/7\\\/2022\\\/03\\\/buy-adderall-online1.jpg\",\"datePublished\":\"2022-03-17T23:13:27+00:00\",\"dateModified\":\"2022-12-30T23:50:04+00:00\",\"description\":\"Acquista Adderall in linea 30mg senza prescrizione medica a buon mercato da Good Dealers Meds per il trattamento dell'ADHD e della narcolessia.\",\"breadcrumb\":{\"@id\":\"https:\\\/\\\/gooddealersmeds.com\\\/it\\\/product\\\/compra-adderall-online\\\/#breadcrumb\"},\"inLanguage\":\"en-US\",\"potentialAction\":[{\"@type\":\"ReadAction\",\"target\":[\"https:\\\/\\\/gooddealersmeds.com\\\/it\\\/product\\\/compra-adderall-online\\\/\"]}]},{\"@type\":\"ImageObject\",\"inLanguage\":\"en-US\",\"@id\":\"https:\\\/\\\/gooddealersmeds.com\\\/it\\\/product\\\/compra-adderall-online\\\/#primaryimage\",\"url\":\"https:\\\/\\\/gooddealersmeds.com\\\/it\\\/wp-content\\\/uploads\\\/sites\\\/7\\\/2022\\\/03\\\/buy-adderall-online1.jpg\",\"contentUrl\":\"https:\\\/\\\/gooddealersmeds.com\\\/it\\\/wp-content\\\/uploads\\\/sites\\\/7\\\/2022\\\/03\\\/buy-adderall-online1.jpg\",\"width\":300,\"height\":300,\"caption\":\"Buy Adderall Online\"},{\"@type\":\"BreadcrumbList\",\"@id\":\"https:\\\/\\\/gooddealersmeds.com\\\/it\\\/product\\\/compra-adderall-online\\\/#breadcrumb\",\"itemListElement\":[{\"@type\":\"ListItem\",\"position\":1,\"name\":\"Home\",\"item\":\"https:\\\/\\\/gooddealersmeds.com\\\/it\\\/\"},{\"@type\":\"ListItem\",\"position\":2,\"name\":\"Prodotti\",\"item\":\"https:\\\/\\\/gooddealersmeds.com\\\/it\\\/prodotti\\\/\"},{\"@type\":\"ListItem\",\"position\":3,\"name\":\"Acquista Adderall in linea\"}]},{\"@type\":\"WebSite\",\"@id\":\"https:\\\/\\\/gooddealersmeds.com\\\/it\\\/#website\",\"url\":\"https:\\\/\\\/gooddealersmeds.com\\\/it\\\/\",\"name\":\"Good Dealers Meds\",\"description\":\"All our best\",\"publisher\":{\"@id\":\"https:\\\/\\\/gooddealersmeds.com\\\/it\\\/#organization\"},\"potentialAction\":[{\"@type\":\"SearchAction\",\"target\":{\"@type\":\"EntryPoint\",\"urlTemplate\":\"https:\\\/\\\/gooddealersmeds.com\\\/it\\\/?s={search_term_string}\"},\"query-input\":{\"@type\":\"PropertyValueSpecification\",\"valueRequired\":true,\"valueName\":\"search_term_string\"}}],\"inLanguage\":\"en-US\"},{\"@type\":\"Organization\",\"@id\":\"https:\\\/\\\/gooddealersmeds.com\\\/it\\\/#organization\",\"name\":\"Good Dealers Meds\",\"url\":\"https:\\\/\\\/gooddealersmeds.com\\\/it\\\/\",\"logo\":{\"@type\":\"ImageObject\",\"inLanguage\":\"en-US\",\"@id\":\"https:\\\/\\\/gooddealersmeds.com\\\/it\\\/#\\\/schema\\\/logo\\\/image\\\/\",\"url\":\"https:\\\/\\\/gooddealersmeds.com\\\/it\\\/wp-content\\\/uploads\\\/sites\\\/7\\\/2022\\\/03\\\/gooddealersmeds__logo__20220317T222800Z.00.png\",\"contentUrl\":\"https:\\\/\\\/gooddealersmeds.com\\\/it\\\/wp-content\\\/uploads\\\/sites\\\/7\\\/2022\\\/03\\\/gooddealersmeds__logo__20220317T222800Z.00.png\",\"width\":500,\"height\":325,\"caption\":\"Good Dealers Meds\"},\"image\":{\"@id\":\"https:\\\/\\\/gooddealersmeds.com\\\/it\\\/#\\\/schema\\\/logo\\\/image\\\/\"}}]}<\/script>\n<!-- \/ Yoast SEO Premium plugin. -->","yoast_head_json":{"title":"Acquista Adderall in linea - Adderall economico in vendita 30mg |","description":"Acquista Adderall in linea 30mg senza prescrizione medica a buon mercato da Good Dealers Meds per il trattamento dell'ADHD e della narcolessia.","robots":{"index":"index","follow":"follow","max-snippet":"max-snippet:-1","max-image-preview":"max-image-preview:large","max-video-preview":"max-video-preview:-1"},"canonical":"https:\/\/gooddealersmeds.com\/it\/product\/compra-adderall-online\/","og_locale":"en_US","og_type":"article","og_title":"Acquista Adderall in linea","og_description":"Acquista Adderall in linea 30mg senza prescrizione medica a buon mercato da Good Dealers Meds per il trattamento dell'ADHD e della narcolessia.","og_url":"https:\/\/gooddealersmeds.com\/it\/product\/compra-adderall-online\/","og_site_name":"Good Dealers Meds","article_modified_time":"2022-12-30T23:50:04+00:00","og_image":[{"width":300,"height":300,"url":"https:\/\/gooddealersmeds.com\/it\/wp-content\/uploads\/sites\/7\/2022\/03\/buy-adderall-online1.jpg","type":"image\/jpeg"}],"twitter_card":"summary_large_image","twitter_misc":{"Est. reading time":"2 minutes"},"schema":{"@context":"https:\/\/schema.org","@graph":[{"@type":"WebPage","@id":"https:\/\/gooddealersmeds.com\/it\/product\/compra-adderall-online\/","url":"https:\/\/gooddealersmeds.com\/it\/product\/compra-adderall-online\/","name":"Acquista Adderall in linea - Adderall economico in vendita 30mg |","isPartOf":{"@id":"https:\/\/gooddealersmeds.com\/it\/#website"},"primaryImageOfPage":{"@id":"https:\/\/gooddealersmeds.com\/it\/product\/compra-adderall-online\/#primaryimage"},"image":{"@id":"https:\/\/gooddealersmeds.com\/it\/product\/compra-adderall-online\/#primaryimage"},"thumbnailUrl":"https:\/\/gooddealersmeds.com\/it\/wp-content\/uploads\/sites\/7\/2022\/03\/buy-adderall-online1.jpg","datePublished":"2022-03-17T23:13:27+00:00","dateModified":"2022-12-30T23:50:04+00:00","description":"Acquista Adderall in linea 30mg senza prescrizione medica a buon mercato da Good Dealers Meds per il trattamento dell'ADHD e della narcolessia.","breadcrumb":{"@id":"https:\/\/gooddealersmeds.com\/it\/product\/compra-adderall-online\/#breadcrumb"},"inLanguage":"en-US","potentialAction":[{"@type":"ReadAction","target":["https:\/\/gooddealersmeds.com\/it\/product\/compra-adderall-online\/"]}]},{"@type":"ImageObject","inLanguage":"en-US","@id":"https:\/\/gooddealersmeds.com\/it\/product\/compra-adderall-online\/#primaryimage","url":"https:\/\/gooddealersmeds.com\/it\/wp-content\/uploads\/sites\/7\/2022\/03\/buy-adderall-online1.jpg","contentUrl":"https:\/\/gooddealersmeds.com\/it\/wp-content\/uploads\/sites\/7\/2022\/03\/buy-adderall-online1.jpg","width":300,"height":300,"caption":"Buy Adderall Online"},{"@type":"BreadcrumbList","@id":"https:\/\/gooddealersmeds.com\/it\/product\/compra-adderall-online\/#breadcrumb","itemListElement":[{"@type":"ListItem","position":1,"name":"Home","item":"https:\/\/gooddealersmeds.com\/it\/"},{"@type":"ListItem","position":2,"name":"Prodotti","item":"https:\/\/gooddealersmeds.com\/it\/prodotti\/"},{"@type":"ListItem","position":3,"name":"Acquista Adderall in linea"}]},{"@type":"WebSite","@id":"https:\/\/gooddealersmeds.com\/it\/#website","url":"https:\/\/gooddealersmeds.com\/it\/","name":"Good Dealers Meds","description":"All our best","publisher":{"@id":"https:\/\/gooddealersmeds.com\/it\/#organization"},"potentialAction":[{"@type":"SearchAction","target":{"@type":"EntryPoint","urlTemplate":"https:\/\/gooddealersmeds.com\/it\/?s={search_term_string}"},"query-input":{"@type":"PropertyValueSpecification","valueRequired":true,"valueName":"search_term_string"}}],"inLanguage":"en-US"},{"@type":"Organization","@id":"https:\/\/gooddealersmeds.com\/it\/#organization","name":"Good Dealers Meds","url":"https:\/\/gooddealersmeds.com\/it\/","logo":{"@type":"ImageObject","inLanguage":"en-US","@id":"https:\/\/gooddealersmeds.com\/it\/#\/schema\/logo\/image\/","url":"https:\/\/gooddealersmeds.com\/it\/wp-content\/uploads\/sites\/7\/2022\/03\/gooddealersmeds__logo__20220317T222800Z.00.png","contentUrl":"https:\/\/gooddealersmeds.com\/it\/wp-content\/uploads\/sites\/7\/2022\/03\/gooddealersmeds__logo__20220317T222800Z.00.png","width":500,"height":325,"caption":"Good Dealers Meds"},"image":{"@id":"https:\/\/gooddealersmeds.com\/it\/#\/schema\/logo\/image\/"}}]}},"_links":{"self":[{"href":"https:\/\/gooddealersmeds.com\/it\/wp-json\/wp\/v2\/product\/1524","targetHints":{"allow":["GET"]}}],"collection":[{"href":"https:\/\/gooddealersmeds.com\/it\/wp-json\/wp\/v2\/product"}],"about":[{"href":"https:\/\/gooddealersmeds.com\/it\/wp-json\/wp\/v2\/types\/product"}],"replies":[{"embeddable":true,"href":"https:\/\/gooddealersmeds.com\/it\/wp-json\/wp\/v2\/comments?post=1524"}],"wp:featuredmedia":[{"embeddable":true,"href":"https:\/\/gooddealersmeds.com\/it\/wp-json\/wp\/v2\/media\/1532"}],"wp:attachment":[{"href":"https:\/\/gooddealersmeds.com\/it\/wp-json\/wp\/v2\/media?parent=1524"}],"wp:term":[{"taxonomy":"product_brand","embeddable":true,"href":"https:\/\/gooddealersmeds.com\/it\/wp-json\/wp\/v2\/product_brand?post=1524"},{"taxonomy":"product_cat","embeddable":true,"href":"https:\/\/gooddealersmeds.com\/it\/wp-json\/wp\/v2\/product_cat?post=1524"},{"taxonomy":"product_tag","embeddable":true,"href":"https:\/\/gooddealersmeds.com\/it\/wp-json\/wp\/v2\/product_tag?post=1524"}],"curies":[{"name":"wp","href":"https:\/\/api.w.org\/{rel}","templated":true}]}}