{"id":2224,"date":"2023-01-08T19:02:47","date_gmt":"2023-01-08T19:02:47","guid":{"rendered":"https:\/\/gooddealersmeds.com\/fr\/?post_type=product&#038;p=2224"},"modified":"2025-01-09T11:19:26","modified_gmt":"2025-01-09T11:19:26","slug":"acheter-du-cyanure-de-potassium","status":"publish","type":"product","link":"https:\/\/gooddealersmeds.com\/fr\/product\/acheter-du-cyanure-de-potassium\/","title":{"rendered":"Acheter du cyanure de potassium"},"content":{"rendered":"<h2><strong>Acheter du cyanure de potassium en ligne<br \/>\n<\/strong><\/h2>\n<p>Le cyanure de potassium est un sel hautement toxique de cyanure inorganique que les gens peuvent utiliser comme substitut du cyanure de sodium plus populaire. Acheter du cyanure de potassium en ligne =\u00a0 Sa formule chimique est KCN. Les gens prennent principalement du cyanure de potassium sous forme de comprim\u00e9s ou de poudre. Si vous exp\u00e9diez chez nous, la posologie disponible est de 300 mg de comprim\u00e9 oral et une commande minimale de 100 grammes de poudre, achetez du cyanure de potassium l\u00e9gal, achetez du cyanure de potassium au Canada, achetez du <a href=\"https:\/\/gooddealersmeds.com\/fr\/product\/acheter-du-cyanure-de-potassium\/\">cyanure de potassium<\/a> aux \u00c9tats-Unis<\/p>\n<p>&nbsp;<\/p>\n<p>Notre laboratoire fabrique et distribue du potassium de la meilleure qualit\u00e9 qui est un compos\u00e9 cristallin incolore. Notre cyanure de potassium est connu des marchands de bijoux pour ses propri\u00e9t\u00e9s de dorure et de polissage chimique de haute qualit\u00e9 extr\u00eame et exceptionnelle. Notre mine d&#8217;or. synth\u00e8se organique. et les clients de la galvanoplastie n&#8217;ont jamais cherch\u00e9 nulle part depuis qu&#8217;ils ont test\u00e9 notre cyanure de potassium. Le cyanure de potassium est offert en poudre ou en comprim\u00e9 cylindrique, chaque comprim\u00e9 pesant 100 grammes. C&#8217;est un compos\u00e9 inorganique de formule <a href=\"https:\/\/en.wikipedia.org\/wiki\/Potassium_cyanide\">KCN<\/a>. Ce compos\u00e9 cristallin incolore. semblable en apparence au sucre. est tr\u00e8s soluble dans l&#8217;eau. La plupart des KCN sont utilis\u00e9s dans l&#8217;extraction de l&#8217;or. synth\u00e8se organique. se suicider et faire de la galvanoplastie. Commandez du cyanure de potassium en ligne, du cyanure de potassium \u00e0 vendre<\/p>\n","protected":false},"excerpt":{"rendered":"<p>Achetez Potassium-Cyanure en ligne \u00e0 des prix abordables et faites-le livrer \u00e0 votre porte. Nous exp\u00e9dions dans le monde entier. Potassium-Cyanure \u00e0 vendre<\/p>\n","protected":false},"featured_media":2254,"comment_status":"open","ping_status":"closed","template":"","meta":{"inline_featured_image":false},"product_brand":[],"product_cat":[343],"product_tag":[],"class_list":{"0":"post-2224","1":"product","2":"type-product","3":"status-publish","4":"has-post-thumbnail","6":"product_cat-les-autres","8":"first","9":"instock","10":"shipping-taxable","11":"purchasable","12":"product-type-variable"},"yoast_head":"<!-- This site is optimized with the Yoast SEO Premium plugin v20.6 (Yoast SEO v27.4) - https:\/\/yoast.com\/product\/yoast-seo-premium-wordpress\/ -->\n<title>Acheter du cyanure de potassium | Cyanure de potassium \u00e0 vendre<\/title>\n<meta name=\"description\" content=\"Acheter du cyanure de potassium en ligne \u00e0 des prix abordables et faites-le livrer \u00e0 votre porte. Nous exp\u00e9dions dans le monde entier. Potassium-Cyanure \u00e0 vendre\" \/>\n<meta name=\"robots\" content=\"index, follow, max-snippet:-1, max-image-preview:large, max-video-preview:-1\" \/>\n<link rel=\"canonical\" href=\"https:\/\/gooddealersmeds.com\/fr\/product\/acheter-du-cyanure-de-potassium\/\" \/>\n<meta property=\"og:locale\" content=\"en_US\" \/>\n<meta property=\"og:type\" content=\"article\" \/>\n<meta property=\"og:title\" content=\"Acheter du cyanure de potassium\" \/>\n<meta property=\"og:description\" content=\"Acheter du cyanure de potassium en ligne \u00e0 des prix abordables et faites-le livrer \u00e0 votre porte. Nous exp\u00e9dions dans le monde entier. Potassium-Cyanure \u00e0 vendre\" \/>\n<meta property=\"og:url\" content=\"https:\/\/gooddealersmeds.com\/fr\/product\/acheter-du-cyanure-de-potassium\/\" \/>\n<meta property=\"og:site_name\" content=\"Good Dealers Meds\" \/>\n<meta property=\"article:modified_time\" content=\"2025-01-09T11:19:26+00:00\" \/>\n<meta property=\"og:image\" content=\"https:\/\/gooddealersmeds.com\/fr\/wp-content\/uploads\/sites\/5\/2023\/01\/potassium-cyanide.jpg\" \/>\n\t<meta property=\"og:image:width\" content=\"503\" \/>\n\t<meta property=\"og:image:height\" content=\"505\" \/>\n\t<meta property=\"og:image:type\" content=\"image\/jpeg\" \/>\n<meta name=\"twitter:card\" content=\"summary_large_image\" \/>\n<meta name=\"twitter:label1\" content=\"Est. reading time\" \/>\n\t<meta name=\"twitter:data1\" content=\"1 minute\" \/>\n<script type=\"application\/ld+json\" class=\"yoast-schema-graph\">{\"@context\":\"https:\\\/\\\/schema.org\",\"@graph\":[{\"@type\":\"WebPage\",\"@id\":\"https:\\\/\\\/gooddealersmeds.com\\\/fr\\\/product\\\/acheter-du-cyanure-de-potassium\\\/\",\"url\":\"https:\\\/\\\/gooddealersmeds.com\\\/fr\\\/product\\\/acheter-du-cyanure-de-potassium\\\/\",\"name\":\"Acheter du cyanure de potassium | Cyanure de potassium \u00e0 vendre\",\"isPartOf\":{\"@id\":\"https:\\\/\\\/gooddealersmeds.com\\\/fr\\\/#website\"},\"primaryImageOfPage\":{\"@id\":\"https:\\\/\\\/gooddealersmeds.com\\\/fr\\\/product\\\/acheter-du-cyanure-de-potassium\\\/#primaryimage\"},\"image\":{\"@id\":\"https:\\\/\\\/gooddealersmeds.com\\\/fr\\\/product\\\/acheter-du-cyanure-de-potassium\\\/#primaryimage\"},\"thumbnailUrl\":\"https:\\\/\\\/gooddealersmeds.com\\\/fr\\\/wp-content\\\/uploads\\\/sites\\\/5\\\/2023\\\/01\\\/potassium-cyanide.jpg\",\"datePublished\":\"2023-01-08T19:02:47+00:00\",\"dateModified\":\"2025-01-09T11:19:26+00:00\",\"description\":\"Acheter du cyanure de potassium en ligne \u00e0 des prix abordables et faites-le livrer \u00e0 votre porte. Nous exp\u00e9dions dans le monde entier. Potassium-Cyanure \u00e0 vendre\",\"breadcrumb\":{\"@id\":\"https:\\\/\\\/gooddealersmeds.com\\\/fr\\\/product\\\/acheter-du-cyanure-de-potassium\\\/#breadcrumb\"},\"inLanguage\":\"en-US\",\"potentialAction\":[{\"@type\":\"ReadAction\",\"target\":[\"https:\\\/\\\/gooddealersmeds.com\\\/fr\\\/product\\\/acheter-du-cyanure-de-potassium\\\/\"]}]},{\"@type\":\"ImageObject\",\"inLanguage\":\"en-US\",\"@id\":\"https:\\\/\\\/gooddealersmeds.com\\\/fr\\\/product\\\/acheter-du-cyanure-de-potassium\\\/#primaryimage\",\"url\":\"https:\\\/\\\/gooddealersmeds.com\\\/fr\\\/wp-content\\\/uploads\\\/sites\\\/5\\\/2023\\\/01\\\/potassium-cyanide.jpg\",\"contentUrl\":\"https:\\\/\\\/gooddealersmeds.com\\\/fr\\\/wp-content\\\/uploads\\\/sites\\\/5\\\/2023\\\/01\\\/potassium-cyanide.jpg\",\"width\":503,\"height\":505},{\"@type\":\"BreadcrumbList\",\"@id\":\"https:\\\/\\\/gooddealersmeds.com\\\/fr\\\/product\\\/acheter-du-cyanure-de-potassium\\\/#breadcrumb\",\"itemListElement\":[{\"@type\":\"ListItem\",\"position\":1,\"name\":\"Home\",\"item\":\"https:\\\/\\\/gooddealersmeds.com\\\/fr\\\/\"},{\"@type\":\"ListItem\",\"position\":2,\"name\":\"Des produits\",\"item\":\"https:\\\/\\\/gooddealersmeds.com\\\/fr\\\/des-produits\\\/\"},{\"@type\":\"ListItem\",\"position\":3,\"name\":\"Acheter du cyanure de potassium\"}]},{\"@type\":\"WebSite\",\"@id\":\"https:\\\/\\\/gooddealersmeds.com\\\/fr\\\/#website\",\"url\":\"https:\\\/\\\/gooddealersmeds.com\\\/fr\\\/\",\"name\":\"Good Dealers Meds\",\"description\":\"All our best\",\"publisher\":{\"@id\":\"https:\\\/\\\/gooddealersmeds.com\\\/fr\\\/#organization\"},\"potentialAction\":[{\"@type\":\"SearchAction\",\"target\":{\"@type\":\"EntryPoint\",\"urlTemplate\":\"https:\\\/\\\/gooddealersmeds.com\\\/fr\\\/?s={search_term_string}\"},\"query-input\":{\"@type\":\"PropertyValueSpecification\",\"valueRequired\":true,\"valueName\":\"search_term_string\"}}],\"inLanguage\":\"en-US\"},{\"@type\":\"Organization\",\"@id\":\"https:\\\/\\\/gooddealersmeds.com\\\/fr\\\/#organization\",\"name\":\"Good Dealers Meds\",\"url\":\"https:\\\/\\\/gooddealersmeds.com\\\/fr\\\/\",\"logo\":{\"@type\":\"ImageObject\",\"inLanguage\":\"en-US\",\"@id\":\"https:\\\/\\\/gooddealersmeds.com\\\/fr\\\/#\\\/schema\\\/logo\\\/image\\\/\",\"url\":\"https:\\\/\\\/gooddealersmeds.com\\\/fr\\\/wp-content\\\/uploads\\\/sites\\\/5\\\/2022\\\/03\\\/gooddealersmeds__logo__20220317T222800Z.00.png\",\"contentUrl\":\"https:\\\/\\\/gooddealersmeds.com\\\/fr\\\/wp-content\\\/uploads\\\/sites\\\/5\\\/2022\\\/03\\\/gooddealersmeds__logo__20220317T222800Z.00.png\",\"width\":500,\"height\":325,\"caption\":\"Good Dealers Meds\"},\"image\":{\"@id\":\"https:\\\/\\\/gooddealersmeds.com\\\/fr\\\/#\\\/schema\\\/logo\\\/image\\\/\"}}]}<\/script>\n<!-- \/ Yoast SEO Premium plugin. -->","yoast_head_json":{"title":"Acheter du cyanure de potassium | Cyanure de potassium \u00e0 vendre","description":"Acheter du cyanure de potassium en ligne \u00e0 des prix abordables et faites-le livrer \u00e0 votre porte. Nous exp\u00e9dions dans le monde entier. Potassium-Cyanure \u00e0 vendre","robots":{"index":"index","follow":"follow","max-snippet":"max-snippet:-1","max-image-preview":"max-image-preview:large","max-video-preview":"max-video-preview:-1"},"canonical":"https:\/\/gooddealersmeds.com\/fr\/product\/acheter-du-cyanure-de-potassium\/","og_locale":"en_US","og_type":"article","og_title":"Acheter du cyanure de potassium","og_description":"Acheter du cyanure de potassium en ligne \u00e0 des prix abordables et faites-le livrer \u00e0 votre porte. Nous exp\u00e9dions dans le monde entier. Potassium-Cyanure \u00e0 vendre","og_url":"https:\/\/gooddealersmeds.com\/fr\/product\/acheter-du-cyanure-de-potassium\/","og_site_name":"Good Dealers Meds","article_modified_time":"2025-01-09T11:19:26+00:00","og_image":[{"width":503,"height":505,"url":"https:\/\/gooddealersmeds.com\/fr\/wp-content\/uploads\/sites\/5\/2023\/01\/potassium-cyanide.jpg","type":"image\/jpeg"}],"twitter_card":"summary_large_image","twitter_misc":{"Est. reading time":"1 minute"},"schema":{"@context":"https:\/\/schema.org","@graph":[{"@type":"WebPage","@id":"https:\/\/gooddealersmeds.com\/fr\/product\/acheter-du-cyanure-de-potassium\/","url":"https:\/\/gooddealersmeds.com\/fr\/product\/acheter-du-cyanure-de-potassium\/","name":"Acheter du cyanure de potassium | Cyanure de potassium \u00e0 vendre","isPartOf":{"@id":"https:\/\/gooddealersmeds.com\/fr\/#website"},"primaryImageOfPage":{"@id":"https:\/\/gooddealersmeds.com\/fr\/product\/acheter-du-cyanure-de-potassium\/#primaryimage"},"image":{"@id":"https:\/\/gooddealersmeds.com\/fr\/product\/acheter-du-cyanure-de-potassium\/#primaryimage"},"thumbnailUrl":"https:\/\/gooddealersmeds.com\/fr\/wp-content\/uploads\/sites\/5\/2023\/01\/potassium-cyanide.jpg","datePublished":"2023-01-08T19:02:47+00:00","dateModified":"2025-01-09T11:19:26+00:00","description":"Acheter du cyanure de potassium en ligne \u00e0 des prix abordables et faites-le livrer \u00e0 votre porte. Nous exp\u00e9dions dans le monde entier. Potassium-Cyanure \u00e0 vendre","breadcrumb":{"@id":"https:\/\/gooddealersmeds.com\/fr\/product\/acheter-du-cyanure-de-potassium\/#breadcrumb"},"inLanguage":"en-US","potentialAction":[{"@type":"ReadAction","target":["https:\/\/gooddealersmeds.com\/fr\/product\/acheter-du-cyanure-de-potassium\/"]}]},{"@type":"ImageObject","inLanguage":"en-US","@id":"https:\/\/gooddealersmeds.com\/fr\/product\/acheter-du-cyanure-de-potassium\/#primaryimage","url":"https:\/\/gooddealersmeds.com\/fr\/wp-content\/uploads\/sites\/5\/2023\/01\/potassium-cyanide.jpg","contentUrl":"https:\/\/gooddealersmeds.com\/fr\/wp-content\/uploads\/sites\/5\/2023\/01\/potassium-cyanide.jpg","width":503,"height":505},{"@type":"BreadcrumbList","@id":"https:\/\/gooddealersmeds.com\/fr\/product\/acheter-du-cyanure-de-potassium\/#breadcrumb","itemListElement":[{"@type":"ListItem","position":1,"name":"Home","item":"https:\/\/gooddealersmeds.com\/fr\/"},{"@type":"ListItem","position":2,"name":"Des produits","item":"https:\/\/gooddealersmeds.com\/fr\/des-produits\/"},{"@type":"ListItem","position":3,"name":"Acheter du cyanure de potassium"}]},{"@type":"WebSite","@id":"https:\/\/gooddealersmeds.com\/fr\/#website","url":"https:\/\/gooddealersmeds.com\/fr\/","name":"Good Dealers Meds","description":"All our best","publisher":{"@id":"https:\/\/gooddealersmeds.com\/fr\/#organization"},"potentialAction":[{"@type":"SearchAction","target":{"@type":"EntryPoint","urlTemplate":"https:\/\/gooddealersmeds.com\/fr\/?s={search_term_string}"},"query-input":{"@type":"PropertyValueSpecification","valueRequired":true,"valueName":"search_term_string"}}],"inLanguage":"en-US"},{"@type":"Organization","@id":"https:\/\/gooddealersmeds.com\/fr\/#organization","name":"Good Dealers Meds","url":"https:\/\/gooddealersmeds.com\/fr\/","logo":{"@type":"ImageObject","inLanguage":"en-US","@id":"https:\/\/gooddealersmeds.com\/fr\/#\/schema\/logo\/image\/","url":"https:\/\/gooddealersmeds.com\/fr\/wp-content\/uploads\/sites\/5\/2022\/03\/gooddealersmeds__logo__20220317T222800Z.00.png","contentUrl":"https:\/\/gooddealersmeds.com\/fr\/wp-content\/uploads\/sites\/5\/2022\/03\/gooddealersmeds__logo__20220317T222800Z.00.png","width":500,"height":325,"caption":"Good Dealers Meds"},"image":{"@id":"https:\/\/gooddealersmeds.com\/fr\/#\/schema\/logo\/image\/"}}]}},"_links":{"self":[{"href":"https:\/\/gooddealersmeds.com\/fr\/wp-json\/wp\/v2\/product\/2224","targetHints":{"allow":["GET"]}}],"collection":[{"href":"https:\/\/gooddealersmeds.com\/fr\/wp-json\/wp\/v2\/product"}],"about":[{"href":"https:\/\/gooddealersmeds.com\/fr\/wp-json\/wp\/v2\/types\/product"}],"replies":[{"embeddable":true,"href":"https:\/\/gooddealersmeds.com\/fr\/wp-json\/wp\/v2\/comments?post=2224"}],"wp:featuredmedia":[{"embeddable":true,"href":"https:\/\/gooddealersmeds.com\/fr\/wp-json\/wp\/v2\/media\/2254"}],"wp:attachment":[{"href":"https:\/\/gooddealersmeds.com\/fr\/wp-json\/wp\/v2\/media?parent=2224"}],"wp:term":[{"taxonomy":"product_brand","embeddable":true,"href":"https:\/\/gooddealersmeds.com\/fr\/wp-json\/wp\/v2\/product_brand?post=2224"},{"taxonomy":"product_cat","embeddable":true,"href":"https:\/\/gooddealersmeds.com\/fr\/wp-json\/wp\/v2\/product_cat?post=2224"},{"taxonomy":"product_tag","embeddable":true,"href":"https:\/\/gooddealersmeds.com\/fr\/wp-json\/wp\/v2\/product_tag?post=2224"}],"curies":[{"name":"wp","href":"https:\/\/api.w.org\/{rel}","templated":true}]}}