{"id":2223,"date":"2023-01-08T19:02:46","date_gmt":"2023-01-08T19:02:46","guid":{"rendered":"https:\/\/gooddealersmeds.com\/fr\/?post_type=product&#038;p=2223"},"modified":"2023-03-12T22:51:17","modified_gmt":"2023-03-12T22:51:17","slug":"gamma-butyrolactone-gbl-liquide","status":"publish","type":"product","link":"https:\/\/gooddealersmeds.com\/fr\/product\/gamma-butyrolactone-gbl-liquide\/","title":{"rendered":"Gamma Butyrolactone (Gbl) Liquide"},"content":{"rendered":"<h2>O\u00f9 acheter du GBL, acheter de la gamma butyrolactone en ligne<\/h2>\n<p>Acheter de la gamma butyrolactone en ligne. O\u00f9 acheter du GBL, la gamma-butyrolactone a \u00e9t\u00e9 trouv\u00e9e dans des extraits d&#8217;\u00e9chantillons de vins purs. Cette d\u00e9couverte indique que le\u00a0<a href=\"https:\/\/www.hiv-drogen.de\/\">GBL<\/a>\u00a0est un composant naturel de certains vins et peut \u00eatre pr\u00e9sent dans des produits similaires. La concentration d\u00e9tect\u00e9e \u00e9tait d&#8217;environ 5 \u00b5g\/mL et a \u00e9t\u00e9 facilement observ\u00e9e \u00e0 l&#8217;aide d&#8217;une simple technique d&#8217;extraction suivie d&#8217;une analyse GC\/MS. Le GBL peut \u00eatre trouv\u00e9 dans les ar\u00f4mes de fromage, mais entra\u00eene g\u00e9n\u00e9ralement une teneur de 0,0002\u00a0%\u00a0GBL\u00a0dans l&#8217;aliment final.<\/p>\n<p>La gamma butyrolactone est un produit chimique. Les gens l&#8217;utilisent comme m\u00e9dicament. Attention \u00e0 ne pas confondre\u00a0gamma butyrolactone\u00a0(GBL) avec\u00a0gamma hydroxybutyrate\u00a0(GHB). Malgr\u00e9 de graves probl\u00e8mes de s\u00e9curit\u00e9 et l&#8217;ill\u00e9galit\u00e9, les gens prennent de la gamma butyrolactone pour am\u00e9liorer leurs performances sportives, leur sommeil, leurs performances et leur plaisir sexuels. Acheter de la gamma butyrolactone en ligne, rechercher des produits chimiques en ligne en Europe<\/p>\n<p>Nos avantages. O\u00f9 commander la <a href=\"https:\/\/gooddealersmeds.com\/fr\/product\/gamma-butyrolactone-gbl-liquide\/\">gamma-butyrolactone<\/a><\/p>\n<p>\u2013 Nous vendons des produits de haute qualit\u00e9 provenant des meilleurs producteurs,<\/p>\n<p>-les marchandises propos\u00e9es sont disponibles dans l&#8217;entrep\u00f4t,<\/p>\n<p>-les envois sont tr\u00e8s bien emball\u00e9s,<\/p>\n<p>-L&#8217;exp\u00e9dition est toujours r\u00e9alis\u00e9e au rythme express,<\/p>\n<p>-nous sommes une soci\u00e9t\u00e9 d&#8217;exploitation l\u00e9gale.<\/p>\n<p>-vous obtenez toujours un re\u00e7u ou une facture pour les marchandises achet\u00e9es.<\/p>\n<p>GoodDealChem offre le meilleur gamma-butyrolactone, Nous vendons des produits de bonne qualit\u00e9 O\u00f9 acheter gamma-butyrolactone<\/p>\n<p>commander gamma-butyrolactone aux \u00e9tats-unis, commander gamma-butyrolactone sur amazon, commander gamma-butyrolactone en ligne usa, gamma-butyrolactone nettoyant acheter usa, o\u00f9 commander gamma butyrolactones, gamma-butyrolactone nettoyant usa, gamma-butyrolactone \u00e0 vendre en ligne, gamma butyrolactone acheter , commander gamma-butyrolactone en ligne australie, gamma-butyrolactone en ligne \u00e0 vendre, nettoyant magique gamma-butyrolactone, commander gamma-butyrolactone en ligne inde<b><\/b><\/p>\n<p>La description<br \/>\nLiquide incolore (achet\u00e9 en petites bouteilles), g\u00e9lules color\u00e9es.<br \/>\nUsage th\u00e9rapeutique<br \/>\nAnesth\u00e9sique avec une qualit\u00e9 s\u00e9dative. Le GHB a \u00e9t\u00e9 utilis\u00e9 comme pr\u00e9m\u00e9dication \u00e0 la chirurgie et plus r\u00e9cemment, il a \u00e9t\u00e9 utilis\u00e9 dans le traitement des troubles du sommeil.<br \/>\nLe sevrage produit un \u00e9tat agit\u00e9, comme avec d&#8217;autres types de m\u00e9dicaments s\u00e9datifs<\/p>\n","protected":false},"excerpt":{"rendered":"<p>Nous fournissons du GBL de haute puret\u00e9 dans le monde entier, O\u00f9 acheter du GBL, Notre qualit\u00e9 est la meilleure que vous puissiez trouver, commandez du GBL ici avec une livraison express.<\/p>\n","protected":false},"featured_media":2253,"comment_status":"open","ping_status":"closed","template":"","meta":{"inline_featured_image":false},"product_brand":[],"product_cat":[344],"product_tag":[],"class_list":{"0":"post-2223","1":"product","2":"type-product","3":"status-publish","4":"has-post-thumbnail","6":"product_cat-produits-chimiques-de-recherche","8":"first","9":"instock","10":"shipping-taxable","11":"purchasable","12":"product-type-variable","13":"has-default-attributes"},"yoast_head":"<!-- This site is optimized with the Yoast SEO Premium plugin v20.6 (Yoast SEO v27.4) - https:\/\/yoast.com\/product\/yoast-seo-premium-wordpress\/ -->\n<title>O\u00f9 acheter du GBL | GBL \u00e0 vendre | Commander GBL | Achetez GBL.<\/title>\n<meta name=\"description\" content=\"Nous fournissons du GBL de haute puret\u00e9 dans le monde entier, O\u00f9 acheter du GBL, Notre qualit\u00e9 est la meilleure que vous puissiez trouver, commandez du GBL ici avec une livraison express.\" \/>\n<meta name=\"robots\" content=\"index, follow, max-snippet:-1, max-image-preview:large, max-video-preview:-1\" \/>\n<link rel=\"canonical\" href=\"https:\/\/gooddealersmeds.com\/fr\/product\/gamma-butyrolactone-gbl-liquide\/\" \/>\n<meta property=\"og:locale\" content=\"en_US\" \/>\n<meta property=\"og:type\" content=\"article\" \/>\n<meta property=\"og:title\" content=\"Gamma Butyrolactone (Gbl) Liquide\" \/>\n<meta property=\"og:description\" content=\"Nous fournissons du GBL de haute puret\u00e9 dans le monde entier, O\u00f9 acheter du GBL, Notre qualit\u00e9 est la meilleure que vous puissiez trouver, commandez du GBL ici avec une livraison express.\" \/>\n<meta property=\"og:url\" content=\"https:\/\/gooddealersmeds.com\/fr\/product\/gamma-butyrolactone-gbl-liquide\/\" \/>\n<meta property=\"og:site_name\" content=\"Good Dealers Meds\" \/>\n<meta property=\"article:modified_time\" content=\"2023-03-12T22:51:17+00:00\" \/>\n<meta property=\"og:image\" content=\"https:\/\/gooddealersmeds.com\/fr\/wp-content\/uploads\/sites\/5\/2023\/01\/ht.jpg\" \/>\n\t<meta property=\"og:image:width\" content=\"600\" \/>\n\t<meta property=\"og:image:height\" content=\"600\" \/>\n\t<meta property=\"og:image:type\" content=\"image\/jpeg\" \/>\n<meta name=\"twitter:card\" content=\"summary_large_image\" \/>\n<meta name=\"twitter:label1\" content=\"Est. reading time\" \/>\n\t<meta name=\"twitter:data1\" content=\"2 minutes\" \/>\n<script type=\"application\/ld+json\" class=\"yoast-schema-graph\">{\"@context\":\"https:\\\/\\\/schema.org\",\"@graph\":[{\"@type\":\"WebPage\",\"@id\":\"https:\\\/\\\/gooddealersmeds.com\\\/fr\\\/product\\\/gamma-butyrolactone-gbl-liquide\\\/\",\"url\":\"https:\\\/\\\/gooddealersmeds.com\\\/fr\\\/product\\\/gamma-butyrolactone-gbl-liquide\\\/\",\"name\":\"O\u00f9 acheter du GBL | GBL \u00e0 vendre | Commander GBL | Achetez GBL.\",\"isPartOf\":{\"@id\":\"https:\\\/\\\/gooddealersmeds.com\\\/fr\\\/#website\"},\"primaryImageOfPage\":{\"@id\":\"https:\\\/\\\/gooddealersmeds.com\\\/fr\\\/product\\\/gamma-butyrolactone-gbl-liquide\\\/#primaryimage\"},\"image\":{\"@id\":\"https:\\\/\\\/gooddealersmeds.com\\\/fr\\\/product\\\/gamma-butyrolactone-gbl-liquide\\\/#primaryimage\"},\"thumbnailUrl\":\"https:\\\/\\\/gooddealersmeds.com\\\/fr\\\/wp-content\\\/uploads\\\/sites\\\/5\\\/2023\\\/01\\\/ht.jpg\",\"datePublished\":\"2023-01-08T19:02:46+00:00\",\"dateModified\":\"2023-03-12T22:51:17+00:00\",\"description\":\"Nous fournissons du GBL de haute puret\u00e9 dans le monde entier, O\u00f9 acheter du GBL, Notre qualit\u00e9 est la meilleure que vous puissiez trouver, commandez du GBL ici avec une livraison express.\",\"breadcrumb\":{\"@id\":\"https:\\\/\\\/gooddealersmeds.com\\\/fr\\\/product\\\/gamma-butyrolactone-gbl-liquide\\\/#breadcrumb\"},\"inLanguage\":\"en-US\",\"potentialAction\":[{\"@type\":\"ReadAction\",\"target\":[\"https:\\\/\\\/gooddealersmeds.com\\\/fr\\\/product\\\/gamma-butyrolactone-gbl-liquide\\\/\"]}]},{\"@type\":\"ImageObject\",\"inLanguage\":\"en-US\",\"@id\":\"https:\\\/\\\/gooddealersmeds.com\\\/fr\\\/product\\\/gamma-butyrolactone-gbl-liquide\\\/#primaryimage\",\"url\":\"https:\\\/\\\/gooddealersmeds.com\\\/fr\\\/wp-content\\\/uploads\\\/sites\\\/5\\\/2023\\\/01\\\/ht.jpg\",\"contentUrl\":\"https:\\\/\\\/gooddealersmeds.com\\\/fr\\\/wp-content\\\/uploads\\\/sites\\\/5\\\/2023\\\/01\\\/ht.jpg\",\"width\":600,\"height\":600},{\"@type\":\"BreadcrumbList\",\"@id\":\"https:\\\/\\\/gooddealersmeds.com\\\/fr\\\/product\\\/gamma-butyrolactone-gbl-liquide\\\/#breadcrumb\",\"itemListElement\":[{\"@type\":\"ListItem\",\"position\":1,\"name\":\"Home\",\"item\":\"https:\\\/\\\/gooddealersmeds.com\\\/fr\\\/\"},{\"@type\":\"ListItem\",\"position\":2,\"name\":\"Des produits\",\"item\":\"https:\\\/\\\/gooddealersmeds.com\\\/fr\\\/des-produits\\\/\"},{\"@type\":\"ListItem\",\"position\":3,\"name\":\"Gamma Butyrolactone (Gbl) Liquide\"}]},{\"@type\":\"WebSite\",\"@id\":\"https:\\\/\\\/gooddealersmeds.com\\\/fr\\\/#website\",\"url\":\"https:\\\/\\\/gooddealersmeds.com\\\/fr\\\/\",\"name\":\"Good Dealers Meds\",\"description\":\"All our best\",\"publisher\":{\"@id\":\"https:\\\/\\\/gooddealersmeds.com\\\/fr\\\/#organization\"},\"potentialAction\":[{\"@type\":\"SearchAction\",\"target\":{\"@type\":\"EntryPoint\",\"urlTemplate\":\"https:\\\/\\\/gooddealersmeds.com\\\/fr\\\/?s={search_term_string}\"},\"query-input\":{\"@type\":\"PropertyValueSpecification\",\"valueRequired\":true,\"valueName\":\"search_term_string\"}}],\"inLanguage\":\"en-US\"},{\"@type\":\"Organization\",\"@id\":\"https:\\\/\\\/gooddealersmeds.com\\\/fr\\\/#organization\",\"name\":\"Good Dealers Meds\",\"url\":\"https:\\\/\\\/gooddealersmeds.com\\\/fr\\\/\",\"logo\":{\"@type\":\"ImageObject\",\"inLanguage\":\"en-US\",\"@id\":\"https:\\\/\\\/gooddealersmeds.com\\\/fr\\\/#\\\/schema\\\/logo\\\/image\\\/\",\"url\":\"https:\\\/\\\/gooddealersmeds.com\\\/fr\\\/wp-content\\\/uploads\\\/sites\\\/5\\\/2022\\\/03\\\/gooddealersmeds__logo__20220317T222800Z.00.png\",\"contentUrl\":\"https:\\\/\\\/gooddealersmeds.com\\\/fr\\\/wp-content\\\/uploads\\\/sites\\\/5\\\/2022\\\/03\\\/gooddealersmeds__logo__20220317T222800Z.00.png\",\"width\":500,\"height\":325,\"caption\":\"Good Dealers Meds\"},\"image\":{\"@id\":\"https:\\\/\\\/gooddealersmeds.com\\\/fr\\\/#\\\/schema\\\/logo\\\/image\\\/\"}}]}<\/script>\n<!-- \/ Yoast SEO Premium plugin. -->","yoast_head_json":{"title":"O\u00f9 acheter du GBL | GBL \u00e0 vendre | Commander GBL | Achetez GBL.","description":"Nous fournissons du GBL de haute puret\u00e9 dans le monde entier, O\u00f9 acheter du GBL, Notre qualit\u00e9 est la meilleure que vous puissiez trouver, commandez du GBL ici avec une livraison express.","robots":{"index":"index","follow":"follow","max-snippet":"max-snippet:-1","max-image-preview":"max-image-preview:large","max-video-preview":"max-video-preview:-1"},"canonical":"https:\/\/gooddealersmeds.com\/fr\/product\/gamma-butyrolactone-gbl-liquide\/","og_locale":"en_US","og_type":"article","og_title":"Gamma Butyrolactone (Gbl) Liquide","og_description":"Nous fournissons du GBL de haute puret\u00e9 dans le monde entier, O\u00f9 acheter du GBL, Notre qualit\u00e9 est la meilleure que vous puissiez trouver, commandez du GBL ici avec une livraison express.","og_url":"https:\/\/gooddealersmeds.com\/fr\/product\/gamma-butyrolactone-gbl-liquide\/","og_site_name":"Good Dealers Meds","article_modified_time":"2023-03-12T22:51:17+00:00","og_image":[{"width":600,"height":600,"url":"https:\/\/gooddealersmeds.com\/fr\/wp-content\/uploads\/sites\/5\/2023\/01\/ht.jpg","type":"image\/jpeg"}],"twitter_card":"summary_large_image","twitter_misc":{"Est. reading time":"2 minutes"},"schema":{"@context":"https:\/\/schema.org","@graph":[{"@type":"WebPage","@id":"https:\/\/gooddealersmeds.com\/fr\/product\/gamma-butyrolactone-gbl-liquide\/","url":"https:\/\/gooddealersmeds.com\/fr\/product\/gamma-butyrolactone-gbl-liquide\/","name":"O\u00f9 acheter du GBL | GBL \u00e0 vendre | Commander GBL | Achetez GBL.","isPartOf":{"@id":"https:\/\/gooddealersmeds.com\/fr\/#website"},"primaryImageOfPage":{"@id":"https:\/\/gooddealersmeds.com\/fr\/product\/gamma-butyrolactone-gbl-liquide\/#primaryimage"},"image":{"@id":"https:\/\/gooddealersmeds.com\/fr\/product\/gamma-butyrolactone-gbl-liquide\/#primaryimage"},"thumbnailUrl":"https:\/\/gooddealersmeds.com\/fr\/wp-content\/uploads\/sites\/5\/2023\/01\/ht.jpg","datePublished":"2023-01-08T19:02:46+00:00","dateModified":"2023-03-12T22:51:17+00:00","description":"Nous fournissons du GBL de haute puret\u00e9 dans le monde entier, O\u00f9 acheter du GBL, Notre qualit\u00e9 est la meilleure que vous puissiez trouver, commandez du GBL ici avec une livraison express.","breadcrumb":{"@id":"https:\/\/gooddealersmeds.com\/fr\/product\/gamma-butyrolactone-gbl-liquide\/#breadcrumb"},"inLanguage":"en-US","potentialAction":[{"@type":"ReadAction","target":["https:\/\/gooddealersmeds.com\/fr\/product\/gamma-butyrolactone-gbl-liquide\/"]}]},{"@type":"ImageObject","inLanguage":"en-US","@id":"https:\/\/gooddealersmeds.com\/fr\/product\/gamma-butyrolactone-gbl-liquide\/#primaryimage","url":"https:\/\/gooddealersmeds.com\/fr\/wp-content\/uploads\/sites\/5\/2023\/01\/ht.jpg","contentUrl":"https:\/\/gooddealersmeds.com\/fr\/wp-content\/uploads\/sites\/5\/2023\/01\/ht.jpg","width":600,"height":600},{"@type":"BreadcrumbList","@id":"https:\/\/gooddealersmeds.com\/fr\/product\/gamma-butyrolactone-gbl-liquide\/#breadcrumb","itemListElement":[{"@type":"ListItem","position":1,"name":"Home","item":"https:\/\/gooddealersmeds.com\/fr\/"},{"@type":"ListItem","position":2,"name":"Des produits","item":"https:\/\/gooddealersmeds.com\/fr\/des-produits\/"},{"@type":"ListItem","position":3,"name":"Gamma Butyrolactone (Gbl) Liquide"}]},{"@type":"WebSite","@id":"https:\/\/gooddealersmeds.com\/fr\/#website","url":"https:\/\/gooddealersmeds.com\/fr\/","name":"Good Dealers Meds","description":"All our best","publisher":{"@id":"https:\/\/gooddealersmeds.com\/fr\/#organization"},"potentialAction":[{"@type":"SearchAction","target":{"@type":"EntryPoint","urlTemplate":"https:\/\/gooddealersmeds.com\/fr\/?s={search_term_string}"},"query-input":{"@type":"PropertyValueSpecification","valueRequired":true,"valueName":"search_term_string"}}],"inLanguage":"en-US"},{"@type":"Organization","@id":"https:\/\/gooddealersmeds.com\/fr\/#organization","name":"Good Dealers Meds","url":"https:\/\/gooddealersmeds.com\/fr\/","logo":{"@type":"ImageObject","inLanguage":"en-US","@id":"https:\/\/gooddealersmeds.com\/fr\/#\/schema\/logo\/image\/","url":"https:\/\/gooddealersmeds.com\/fr\/wp-content\/uploads\/sites\/5\/2022\/03\/gooddealersmeds__logo__20220317T222800Z.00.png","contentUrl":"https:\/\/gooddealersmeds.com\/fr\/wp-content\/uploads\/sites\/5\/2022\/03\/gooddealersmeds__logo__20220317T222800Z.00.png","width":500,"height":325,"caption":"Good Dealers Meds"},"image":{"@id":"https:\/\/gooddealersmeds.com\/fr\/#\/schema\/logo\/image\/"}}]}},"_links":{"self":[{"href":"https:\/\/gooddealersmeds.com\/fr\/wp-json\/wp\/v2\/product\/2223","targetHints":{"allow":["GET"]}}],"collection":[{"href":"https:\/\/gooddealersmeds.com\/fr\/wp-json\/wp\/v2\/product"}],"about":[{"href":"https:\/\/gooddealersmeds.com\/fr\/wp-json\/wp\/v2\/types\/product"}],"replies":[{"embeddable":true,"href":"https:\/\/gooddealersmeds.com\/fr\/wp-json\/wp\/v2\/comments?post=2223"}],"wp:featuredmedia":[{"embeddable":true,"href":"https:\/\/gooddealersmeds.com\/fr\/wp-json\/wp\/v2\/media\/2253"}],"wp:attachment":[{"href":"https:\/\/gooddealersmeds.com\/fr\/wp-json\/wp\/v2\/media?parent=2223"}],"wp:term":[{"taxonomy":"product_brand","embeddable":true,"href":"https:\/\/gooddealersmeds.com\/fr\/wp-json\/wp\/v2\/product_brand?post=2223"},{"taxonomy":"product_cat","embeddable":true,"href":"https:\/\/gooddealersmeds.com\/fr\/wp-json\/wp\/v2\/product_cat?post=2223"},{"taxonomy":"product_tag","embeddable":true,"href":"https:\/\/gooddealersmeds.com\/fr\/wp-json\/wp\/v2\/product_tag?post=2223"}],"curies":[{"name":"wp","href":"https:\/\/api.w.org\/{rel}","templated":true}]}}