{"id":2222,"date":"2023-01-08T19:02:46","date_gmt":"2023-01-08T19:02:46","guid":{"rendered":"https:\/\/gooddealersmeds.com\/fr\/?post_type=product&#038;p=2222"},"modified":"2023-03-12T22:55:51","modified_gmt":"2023-03-12T22:55:51","slug":"commandez-apaan-alpha-phenylacetoacetonitrile-en-ligne","status":"publish","type":"product","link":"https:\/\/gooddealersmeds.com\/fr\/product\/commandez-apaan-alpha-phenylacetoacetonitrile-en-ligne\/","title":{"rendered":"Commandez APAAN (Alpha-Ph\u00e9nylac\u00e9toac\u00e9tonitrile) en ligne"},"content":{"rendered":"<h2>Achetez APAAN (alpha-ph\u00e9nylac\u00e9toac\u00e9tonitrile) en ligne \u2013 Commandez APAAN en ligne<\/h2>\n<p>Commander APAAN en ligne. APAAN (\u00e9galement appel\u00e9 : apane) ou alpha-Phenylacetoacetonitrile (en anglais : alpha-Phenylacetoacetonitrile) est un compos\u00e9 organique utilis\u00e9 dans la fabrication de plusieurs produits pharmaceutiques. APAAN contient un groupe nitrile et un cycle benz\u00e9nique (groupe ph\u00e9nyle).<\/p>\n<p>La substance sert de pr\u00e9curseur de drogue pour la production de la substance ph\u00e9nylac\u00e9tone (\u00e9galement connue sous le nom de BMK = benzyl m\u00e9thyl c\u00e9tone) et est utilis\u00e9e pour la production de la m\u00e9thamph\u00e9tamine et de l&#8217;amph\u00e9tamine stimulantes. Il existe d&#8217;autres fa\u00e7ons de fabriquer de la m\u00e9thamph\u00e9tamine. En particulier, le D\u00e9partement d&#8217;\u00c9tat am\u00e9ricain cite les Pays-Bas comme un endroit o\u00f9 l&#8217;APAAN est utilis\u00e9. [1] L&#8217;Observatoire europ\u00e9en des drogues et des toxicomanies (OEDT) mentionne sp\u00e9cifiquement la Pologne. Acheter APAAN (<a href=\"https:\/\/nl.wikipedia.org\/wiki\/APAAN\">alpha-ph\u00e9nylac\u00e9toac\u00e9tonitrile<\/a>) en ligne<\/p>\n<p>&nbsp;<\/p>\n<p>Habituellement, localiser tout ce qui est disponible \u00e0 l&#8217;achat n&#8217;est jamais une chose difficile. Le probl\u00e8me vient de l&#8217;achat de cette chose. En ce qui concerne APAAN, il y a tellement de vendeurs qui promettent de vous vendre le produit \u00e0 un prix tr\u00e8s abordable. Cependant, vous devez noter que l&#8217;APAAN est une substance contr\u00f4l\u00e9e dans la plupart des pays et qu&#8217;il n&#8217;y a aucun moyen qu&#8217;il soit aussi facilement accessible. La vente d&#8217;APAAN comporte trop de risques, et il peut s&#8217;agir de fraudeurs qui tentent de vous escroquer votre argent durement gagn\u00e9, Commander APAAN en ligne<\/p>\n<h3>Alors, o\u00f9 trouvez-vous APAAN \u00e0 vendre\u00a0?<\/h3>\n<p>Un moyen simple d&#8217;obtenir\u00a0APAAN\u00a0est de le faire \u00e0 partir d&#8217;une boutique en ligne. \u00c0 mesure que le commerce en ligne continue de cro\u00eetre, il devient plus facile d&#8217;obtenir m\u00eame des substances contr\u00f4l\u00e9es. Tout ce que vous avez \u00e0 faire est de trouver une bonne entreprise en ligne qui livrera discr\u00e8tement votre produit. Nous sommes une de ces entreprises.<\/p>\n<p>Nous vendons de l&#8217;APAAN et d&#8217;autres substances connexes \u00e0 un prix tr\u00e8s abordable. Apr\u00e8s avoir \u00e9t\u00e9 en affaires pendant une longue p\u00e9riode, nous savons exactement ce que tous nos clients veulent et m\u00e9ritent. Nous sommes tous sur des services et des produits de qualit\u00e9. Chaque fois que vous achetez chez nous, vous obtiendrez le meilleur.<\/p>\n<p>En ce qui concerne les livraisons, nous veillons \u00e0 ce qu&#8217;elles soient discr\u00e8tes et aussi rapides que possible. Votre colis est exp\u00e9di\u00e9 dans les 24 heures suivant la r\u00e9ception de votre paiement et nous l&#8217;exp\u00e9dions via un service de livraison rapide afin que vous receviez votre colis en moins de cinq jours apr\u00e8s son exp\u00e9dition. Vous recevez \u00e9galement un email contenant le num\u00e9ro de suivi de votre colis. Nous effectuons \u00e9galement des remboursements pour les colis qui pourraient \u00eatre perdus en cours de route ou cass\u00e9s. Cependant, nous pouvons vous garantir que ces cas sont tr\u00e8s peu nombreux puisque nous nous effor\u00e7ons chaque jour de vous offrir juste les services de qualit\u00e9 que vous m\u00e9ritez. En ce qui concerne les frais d&#8217;exp\u00e9dition, ils incluront les frais d&#8217;emballage et de manutention ainsi que les frais d&#8217;affranchissement. Notez que vos frais d&#8217;exp\u00e9dition d\u00e9pendront de la quantit\u00e9 que vous avez command\u00e9e et de la destination de votre colis.<\/p>\n<p>Nous veillons \u00e9galement \u00e0 ce que votre s\u00e9curit\u00e9 soit prise en charge. Nous exp\u00e9dions discr\u00e8tement et directement pour nous assurer que votre colis n&#8217;entre en contact avec personne. Nous avons \u00e9galement investi dans la derni\u00e8re technologie de cryptage pour prot\u00e9ger vos informations personnelles et financi\u00e8res contre tout pirate informatique.<\/p>\n","protected":false},"excerpt":{"rendered":"<p>Commandez APAAN en ligne, nous sommes un fournisseur fiable et de confiance d&#8217;APAAN, avec une livraison rapide 100% garantie &amp; de confiance. Achetez APAAN pas cher en ligne.<\/p>\n","protected":false},"featured_media":2252,"comment_status":"open","ping_status":"closed","template":"","meta":{"inline_featured_image":false},"product_brand":[],"product_cat":[344],"product_tag":[658,659,656,660,655,657],"class_list":{"0":"post-2222","1":"product","2":"type-product","3":"status-publish","4":"has-post-thumbnail","6":"product_cat-produits-chimiques-de-recherche","7":"product_tag-acheter-apaan-en-ligne","8":"product_tag-commander-apaan-a-bon-prix","9":"product_tag-fabricants-apaan-en-ligne","10":"product_tag-ou-acheter-apaan-en-ligne","11":"product_tag-prix-de-gros-de-lalpha-phenylacetoacetonitrile","12":"product_tag-vente-en-gros-apaan-en-ligne","14":"first","15":"instock","16":"shipping-taxable","17":"purchasable","18":"product-type-variable","19":"has-default-attributes"},"yoast_head":"<!-- This site is optimized with the Yoast SEO Premium plugin v20.6 (Yoast SEO v27.4) - https:\/\/yoast.com\/product\/yoast-seo-premium-wordpress\/ -->\n<title>Commander APAAN en ligne | APAAN \u00e0 vendre | Acheter APAAN pas cher<\/title>\n<meta name=\"description\" content=\"Commander APAAN en ligne, nous sommes un fournisseur fiable et de confiance d&#039;APAAN, avec une livraison rapide 100% garantie et fiable. Achetez APAAN pas cher en ligne.\" \/>\n<meta name=\"robots\" content=\"index, follow, max-snippet:-1, max-image-preview:large, max-video-preview:-1\" \/>\n<link rel=\"canonical\" href=\"https:\/\/gooddealersmeds.com\/fr\/product\/commandez-apaan-alpha-phenylacetoacetonitrile-en-ligne\/\" \/>\n<meta property=\"og:locale\" content=\"en_US\" \/>\n<meta property=\"og:type\" content=\"article\" \/>\n<meta property=\"og:title\" content=\"Commandez APAAN (Alpha-Ph\u00e9nylac\u00e9toac\u00e9tonitrile) en ligne\" \/>\n<meta property=\"og:description\" content=\"Commander APAAN en ligne, nous sommes un fournisseur fiable et de confiance d&#039;APAAN, avec une livraison rapide 100% garantie et fiable. Achetez APAAN pas cher en ligne.\" \/>\n<meta property=\"og:url\" content=\"https:\/\/gooddealersmeds.com\/fr\/product\/commandez-apaan-alpha-phenylacetoacetonitrile-en-ligne\/\" \/>\n<meta property=\"og:site_name\" content=\"Good Dealers Meds\" \/>\n<meta property=\"article:modified_time\" content=\"2023-03-12T22:55:51+00:00\" \/>\n<meta property=\"og:image\" content=\"https:\/\/gooddealersmeds.com\/fr\/wp-content\/uploads\/sites\/5\/2023\/01\/apaan.jpg\" \/>\n\t<meta property=\"og:image:width\" content=\"600\" \/>\n\t<meta property=\"og:image:height\" content=\"600\" \/>\n\t<meta property=\"og:image:type\" content=\"image\/jpeg\" \/>\n<meta name=\"twitter:card\" content=\"summary_large_image\" \/>\n<meta name=\"twitter:label1\" content=\"Est. reading time\" \/>\n\t<meta name=\"twitter:data1\" content=\"3 minutes\" \/>\n<script type=\"application\/ld+json\" class=\"yoast-schema-graph\">{\"@context\":\"https:\\\/\\\/schema.org\",\"@graph\":[{\"@type\":\"WebPage\",\"@id\":\"https:\\\/\\\/gooddealersmeds.com\\\/fr\\\/product\\\/commandez-apaan-alpha-phenylacetoacetonitrile-en-ligne\\\/\",\"url\":\"https:\\\/\\\/gooddealersmeds.com\\\/fr\\\/product\\\/commandez-apaan-alpha-phenylacetoacetonitrile-en-ligne\\\/\",\"name\":\"Commander APAAN en ligne | APAAN \u00e0 vendre | Acheter APAAN pas cher\",\"isPartOf\":{\"@id\":\"https:\\\/\\\/gooddealersmeds.com\\\/fr\\\/#website\"},\"primaryImageOfPage\":{\"@id\":\"https:\\\/\\\/gooddealersmeds.com\\\/fr\\\/product\\\/commandez-apaan-alpha-phenylacetoacetonitrile-en-ligne\\\/#primaryimage\"},\"image\":{\"@id\":\"https:\\\/\\\/gooddealersmeds.com\\\/fr\\\/product\\\/commandez-apaan-alpha-phenylacetoacetonitrile-en-ligne\\\/#primaryimage\"},\"thumbnailUrl\":\"https:\\\/\\\/gooddealersmeds.com\\\/fr\\\/wp-content\\\/uploads\\\/sites\\\/5\\\/2023\\\/01\\\/apaan.jpg\",\"datePublished\":\"2023-01-08T19:02:46+00:00\",\"dateModified\":\"2023-03-12T22:55:51+00:00\",\"description\":\"Commander APAAN en ligne, nous sommes un fournisseur fiable et de confiance d'APAAN, avec une livraison rapide 100% garantie et fiable. Achetez APAAN pas cher en ligne.\",\"breadcrumb\":{\"@id\":\"https:\\\/\\\/gooddealersmeds.com\\\/fr\\\/product\\\/commandez-apaan-alpha-phenylacetoacetonitrile-en-ligne\\\/#breadcrumb\"},\"inLanguage\":\"en-US\",\"potentialAction\":[{\"@type\":\"ReadAction\",\"target\":[\"https:\\\/\\\/gooddealersmeds.com\\\/fr\\\/product\\\/commandez-apaan-alpha-phenylacetoacetonitrile-en-ligne\\\/\"]}]},{\"@type\":\"ImageObject\",\"inLanguage\":\"en-US\",\"@id\":\"https:\\\/\\\/gooddealersmeds.com\\\/fr\\\/product\\\/commandez-apaan-alpha-phenylacetoacetonitrile-en-ligne\\\/#primaryimage\",\"url\":\"https:\\\/\\\/gooddealersmeds.com\\\/fr\\\/wp-content\\\/uploads\\\/sites\\\/5\\\/2023\\\/01\\\/apaan.jpg\",\"contentUrl\":\"https:\\\/\\\/gooddealersmeds.com\\\/fr\\\/wp-content\\\/uploads\\\/sites\\\/5\\\/2023\\\/01\\\/apaan.jpg\",\"width\":600,\"height\":600},{\"@type\":\"BreadcrumbList\",\"@id\":\"https:\\\/\\\/gooddealersmeds.com\\\/fr\\\/product\\\/commandez-apaan-alpha-phenylacetoacetonitrile-en-ligne\\\/#breadcrumb\",\"itemListElement\":[{\"@type\":\"ListItem\",\"position\":1,\"name\":\"Home\",\"item\":\"https:\\\/\\\/gooddealersmeds.com\\\/fr\\\/\"},{\"@type\":\"ListItem\",\"position\":2,\"name\":\"Des produits\",\"item\":\"https:\\\/\\\/gooddealersmeds.com\\\/fr\\\/des-produits\\\/\"},{\"@type\":\"ListItem\",\"position\":3,\"name\":\"Commandez APAAN (Alpha-Ph\u00e9nylac\u00e9toac\u00e9tonitrile) en ligne\"}]},{\"@type\":\"WebSite\",\"@id\":\"https:\\\/\\\/gooddealersmeds.com\\\/fr\\\/#website\",\"url\":\"https:\\\/\\\/gooddealersmeds.com\\\/fr\\\/\",\"name\":\"Good Dealers Meds\",\"description\":\"All our best\",\"publisher\":{\"@id\":\"https:\\\/\\\/gooddealersmeds.com\\\/fr\\\/#organization\"},\"potentialAction\":[{\"@type\":\"SearchAction\",\"target\":{\"@type\":\"EntryPoint\",\"urlTemplate\":\"https:\\\/\\\/gooddealersmeds.com\\\/fr\\\/?s={search_term_string}\"},\"query-input\":{\"@type\":\"PropertyValueSpecification\",\"valueRequired\":true,\"valueName\":\"search_term_string\"}}],\"inLanguage\":\"en-US\"},{\"@type\":\"Organization\",\"@id\":\"https:\\\/\\\/gooddealersmeds.com\\\/fr\\\/#organization\",\"name\":\"Good Dealers Meds\",\"url\":\"https:\\\/\\\/gooddealersmeds.com\\\/fr\\\/\",\"logo\":{\"@type\":\"ImageObject\",\"inLanguage\":\"en-US\",\"@id\":\"https:\\\/\\\/gooddealersmeds.com\\\/fr\\\/#\\\/schema\\\/logo\\\/image\\\/\",\"url\":\"https:\\\/\\\/gooddealersmeds.com\\\/fr\\\/wp-content\\\/uploads\\\/sites\\\/5\\\/2022\\\/03\\\/gooddealersmeds__logo__20220317T222800Z.00.png\",\"contentUrl\":\"https:\\\/\\\/gooddealersmeds.com\\\/fr\\\/wp-content\\\/uploads\\\/sites\\\/5\\\/2022\\\/03\\\/gooddealersmeds__logo__20220317T222800Z.00.png\",\"width\":500,\"height\":325,\"caption\":\"Good Dealers Meds\"},\"image\":{\"@id\":\"https:\\\/\\\/gooddealersmeds.com\\\/fr\\\/#\\\/schema\\\/logo\\\/image\\\/\"}}]}<\/script>\n<!-- \/ Yoast SEO Premium plugin. -->","yoast_head_json":{"title":"Commander APAAN en ligne | APAAN \u00e0 vendre | Acheter APAAN pas cher","description":"Commander APAAN en ligne, nous sommes un fournisseur fiable et de confiance d'APAAN, avec une livraison rapide 100% garantie et fiable. Achetez APAAN pas cher en ligne.","robots":{"index":"index","follow":"follow","max-snippet":"max-snippet:-1","max-image-preview":"max-image-preview:large","max-video-preview":"max-video-preview:-1"},"canonical":"https:\/\/gooddealersmeds.com\/fr\/product\/commandez-apaan-alpha-phenylacetoacetonitrile-en-ligne\/","og_locale":"en_US","og_type":"article","og_title":"Commandez APAAN (Alpha-Ph\u00e9nylac\u00e9toac\u00e9tonitrile) en ligne","og_description":"Commander APAAN en ligne, nous sommes un fournisseur fiable et de confiance d'APAAN, avec une livraison rapide 100% garantie et fiable. Achetez APAAN pas cher en ligne.","og_url":"https:\/\/gooddealersmeds.com\/fr\/product\/commandez-apaan-alpha-phenylacetoacetonitrile-en-ligne\/","og_site_name":"Good Dealers Meds","article_modified_time":"2023-03-12T22:55:51+00:00","og_image":[{"width":600,"height":600,"url":"https:\/\/gooddealersmeds.com\/fr\/wp-content\/uploads\/sites\/5\/2023\/01\/apaan.jpg","type":"image\/jpeg"}],"twitter_card":"summary_large_image","twitter_misc":{"Est. reading time":"3 minutes"},"schema":{"@context":"https:\/\/schema.org","@graph":[{"@type":"WebPage","@id":"https:\/\/gooddealersmeds.com\/fr\/product\/commandez-apaan-alpha-phenylacetoacetonitrile-en-ligne\/","url":"https:\/\/gooddealersmeds.com\/fr\/product\/commandez-apaan-alpha-phenylacetoacetonitrile-en-ligne\/","name":"Commander APAAN en ligne | APAAN \u00e0 vendre | Acheter APAAN pas cher","isPartOf":{"@id":"https:\/\/gooddealersmeds.com\/fr\/#website"},"primaryImageOfPage":{"@id":"https:\/\/gooddealersmeds.com\/fr\/product\/commandez-apaan-alpha-phenylacetoacetonitrile-en-ligne\/#primaryimage"},"image":{"@id":"https:\/\/gooddealersmeds.com\/fr\/product\/commandez-apaan-alpha-phenylacetoacetonitrile-en-ligne\/#primaryimage"},"thumbnailUrl":"https:\/\/gooddealersmeds.com\/fr\/wp-content\/uploads\/sites\/5\/2023\/01\/apaan.jpg","datePublished":"2023-01-08T19:02:46+00:00","dateModified":"2023-03-12T22:55:51+00:00","description":"Commander APAAN en ligne, nous sommes un fournisseur fiable et de confiance d'APAAN, avec une livraison rapide 100% garantie et fiable. Achetez APAAN pas cher en ligne.","breadcrumb":{"@id":"https:\/\/gooddealersmeds.com\/fr\/product\/commandez-apaan-alpha-phenylacetoacetonitrile-en-ligne\/#breadcrumb"},"inLanguage":"en-US","potentialAction":[{"@type":"ReadAction","target":["https:\/\/gooddealersmeds.com\/fr\/product\/commandez-apaan-alpha-phenylacetoacetonitrile-en-ligne\/"]}]},{"@type":"ImageObject","inLanguage":"en-US","@id":"https:\/\/gooddealersmeds.com\/fr\/product\/commandez-apaan-alpha-phenylacetoacetonitrile-en-ligne\/#primaryimage","url":"https:\/\/gooddealersmeds.com\/fr\/wp-content\/uploads\/sites\/5\/2023\/01\/apaan.jpg","contentUrl":"https:\/\/gooddealersmeds.com\/fr\/wp-content\/uploads\/sites\/5\/2023\/01\/apaan.jpg","width":600,"height":600},{"@type":"BreadcrumbList","@id":"https:\/\/gooddealersmeds.com\/fr\/product\/commandez-apaan-alpha-phenylacetoacetonitrile-en-ligne\/#breadcrumb","itemListElement":[{"@type":"ListItem","position":1,"name":"Home","item":"https:\/\/gooddealersmeds.com\/fr\/"},{"@type":"ListItem","position":2,"name":"Des produits","item":"https:\/\/gooddealersmeds.com\/fr\/des-produits\/"},{"@type":"ListItem","position":3,"name":"Commandez APAAN (Alpha-Ph\u00e9nylac\u00e9toac\u00e9tonitrile) en ligne"}]},{"@type":"WebSite","@id":"https:\/\/gooddealersmeds.com\/fr\/#website","url":"https:\/\/gooddealersmeds.com\/fr\/","name":"Good Dealers Meds","description":"All our best","publisher":{"@id":"https:\/\/gooddealersmeds.com\/fr\/#organization"},"potentialAction":[{"@type":"SearchAction","target":{"@type":"EntryPoint","urlTemplate":"https:\/\/gooddealersmeds.com\/fr\/?s={search_term_string}"},"query-input":{"@type":"PropertyValueSpecification","valueRequired":true,"valueName":"search_term_string"}}],"inLanguage":"en-US"},{"@type":"Organization","@id":"https:\/\/gooddealersmeds.com\/fr\/#organization","name":"Good Dealers Meds","url":"https:\/\/gooddealersmeds.com\/fr\/","logo":{"@type":"ImageObject","inLanguage":"en-US","@id":"https:\/\/gooddealersmeds.com\/fr\/#\/schema\/logo\/image\/","url":"https:\/\/gooddealersmeds.com\/fr\/wp-content\/uploads\/sites\/5\/2022\/03\/gooddealersmeds__logo__20220317T222800Z.00.png","contentUrl":"https:\/\/gooddealersmeds.com\/fr\/wp-content\/uploads\/sites\/5\/2022\/03\/gooddealersmeds__logo__20220317T222800Z.00.png","width":500,"height":325,"caption":"Good Dealers Meds"},"image":{"@id":"https:\/\/gooddealersmeds.com\/fr\/#\/schema\/logo\/image\/"}}]}},"_links":{"self":[{"href":"https:\/\/gooddealersmeds.com\/fr\/wp-json\/wp\/v2\/product\/2222","targetHints":{"allow":["GET"]}}],"collection":[{"href":"https:\/\/gooddealersmeds.com\/fr\/wp-json\/wp\/v2\/product"}],"about":[{"href":"https:\/\/gooddealersmeds.com\/fr\/wp-json\/wp\/v2\/types\/product"}],"replies":[{"embeddable":true,"href":"https:\/\/gooddealersmeds.com\/fr\/wp-json\/wp\/v2\/comments?post=2222"}],"wp:featuredmedia":[{"embeddable":true,"href":"https:\/\/gooddealersmeds.com\/fr\/wp-json\/wp\/v2\/media\/2252"}],"wp:attachment":[{"href":"https:\/\/gooddealersmeds.com\/fr\/wp-json\/wp\/v2\/media?parent=2222"}],"wp:term":[{"taxonomy":"product_brand","embeddable":true,"href":"https:\/\/gooddealersmeds.com\/fr\/wp-json\/wp\/v2\/product_brand?post=2222"},{"taxonomy":"product_cat","embeddable":true,"href":"https:\/\/gooddealersmeds.com\/fr\/wp-json\/wp\/v2\/product_cat?post=2222"},{"taxonomy":"product_tag","embeddable":true,"href":"https:\/\/gooddealersmeds.com\/fr\/wp-json\/wp\/v2\/product_tag?post=2222"}],"curies":[{"name":"wp","href":"https:\/\/api.w.org\/{rel}","templated":true}]}}