{"id":2221,"date":"2023-01-08T19:02:46","date_gmt":"2023-01-08T19:02:46","guid":{"rendered":"https:\/\/gooddealersmeds.com\/fr\/?post_type=product&#038;p=2221"},"modified":"2023-03-12T23:12:12","modified_gmt":"2023-03-12T23:12:12","slug":"phenylacetone-liquide-a-vendre","status":"publish","type":"product","link":"https:\/\/gooddealersmeds.com\/fr\/product\/phenylacetone-liquide-a-vendre\/","title":{"rendered":"Ph\u00e9nylac\u00e9tone liquide \u00e0 vendre"},"content":{"rendered":"<h2>Acheter Ph\u00e9nylac\u00e9tone en ligne \u2013 Ph\u00e9nylac\u00e9tone Liquide \u00c0 Vendre<\/h2>\n<p>La benzyl m\u00e9thyl c\u00e9tone (<a href=\"https:\/\/gooddealersmeds.com\/fr\/product\/phenylacetone-liquide-a-vendre\/\">ph\u00e9nylac\u00e9tone<\/a>) est un compos\u00e9 organique de formule chimique C6H5CH2COCH3. Ph\u00e9nylac\u00e9tone liquide \u00e0 vendre, c&#8217;est aussi une huile incolore soluble dans les solvants organiques. En outre, cette substance est utilis\u00e9e dans la fabrication de m\u00e9thamph\u00e9tamine et d&#8217;amph\u00e9tamine, o\u00f9 elle est commun\u00e9ment appel\u00e9e\u00a0<a href=\"https:\/\/en.wikipedia.org\/wiki\/Phenylacetone\">P2P<\/a>. Le pr\u00e9curseur le plus populaire de l&#8217;amph\u00e9tamine et de la m\u00e9thamph\u00e9tamine est \u00e9galement la ph\u00e9nyl-2-propanone ou\u00a0ph\u00e9nylac\u00e9tone. Il existe \u00e9galement un \u00e9ventail \u00e9tonnant de voies de synth\u00e8se vers ce compos\u00e9, \u00e0 la fois en raison de la structure relativement simple du compos\u00e9 et \u00e9galement en raison de sa popularit\u00e9. Enfin, de nombreuses synth\u00e8ses peuvent \u00e9galement \u00eatre modifi\u00e9es pour produire des ph\u00e9nyl-2-propanones substitu\u00e9es, telles que le toujours populaire pr\u00e9curseur de MDMA MDP2P (3,4-m\u00e9thyl\u00e8nedioxyph\u00e9nyl-2-propanone) en utilisant des mati\u00e8res premi\u00e8res avec les substituants aromatiques souhaitables.<\/p>\n<p>Commande de ph\u00e9nylac\u00e9tone<br \/>\nO\u00f9 puis-je acheter Ph\u00e9nylac\u00e9tone<br \/>\nPh\u00e9nylac\u00e9tone \u00e0 vendre<br \/>\nPh\u00e9nylac\u00e9tone<br \/>\nacheter Ph\u00e9nylac\u00e9tone en ligne<br \/>\nPh\u00e9nylac\u00e9tone acheter ici<br \/>\ncommander Ph\u00e9nylac\u00e9tone en ligne<br \/>\nPh\u00e9nylac\u00e9tone bon march\u00e9 \u00e0 vendre<br \/>\nPh\u00e9nylac\u00e9tone ici<br \/>\nPh\u00e9nylac\u00e9tone \u00e0 proximit\u00e9<br \/>\nPh\u00e9nylac\u00e9tone o\u00f9 commander<br \/>\nDistributeur de ph\u00e9nylac\u00e9tone<br \/>\ncommander Ph\u00e9nylac\u00e9tone en ligne<br \/>\nAcheter Ph\u00e9nylac\u00e9tone en ligne<br \/>\nla ph\u00e9nylac\u00e9tone est-elle l\u00e9gale<br \/>\nFournisseur l\u00e9gitime de ph\u00e9nylac\u00e9tone<\/p>\n<p>&nbsp;<\/p>\n<p>Nous contribuons \u00e0 fournir \u00e0 nos pr\u00e9cieux clients une ph\u00e9nylac\u00e9tone d&#8217;excellente qualit\u00e9, disponible avec les sp\u00e9cifications suivantes\u00a0: &#8211;<br \/>\nCAS\u00a0: 103-79-7<br \/>\nFormule mol\u00e9culaire : C9H10O<br \/>\nPoids de la formule\u00a0: 134,18<\/p>\n","protected":false},"excerpt":{"rendered":"<p>Nous sommes les meilleurs fournisseurs de ph\u00e9nylac\u00e9tone \u00e0 un prix abordable et garantissons la livraison. Commandez la meilleure qualit\u00e9, Ph\u00e9nylac\u00e9tone liquide \u00e0 vendre.<\/p>\n","protected":false},"featured_media":2251,"comment_status":"open","ping_status":"closed","template":"","meta":{"inline_featured_image":false},"product_brand":[],"product_cat":[344],"product_tag":[661,662,663,667,665,664,666,669,671,675,672,673,678,679,634,676,670,668,674,677],"class_list":{"0":"post-2221","1":"product","2":"type-product","3":"status-publish","4":"has-post-thumbnail","6":"product_cat-produits-chimiques-de-recherche","7":"product_tag-acheter-de-la-phenylacetone","8":"product_tag-acheter-du-cristal-de-phenylacetone","9":"product_tag-acheter-du-liquide-de-phenylacetone","10":"product_tag-commander-de-la-phenylacetone-en-ligne","11":"product_tag-comment-faire-de-la-phenylacetone","12":"product_tag-comment-obtenir-de-la-phenylacetone","13":"product_tag-comment-preparer-de-la-phenylacetone","14":"product_tag-cristal-de-phenylacetone","15":"product_tag-fournisseur-legitime-de-phenylacetone","16":"product_tag-fournisseurs-de-phenylacetone","17":"product_tag-liquide-de-phenylacetone","18":"product_tag-liquide-de-phenylacetone-a-vendre","19":"product_tag-ou-puis-je-acheter-de-la-phenylacetone","20":"product_tag-ou-puis-je-commander-de-la-phenylacetone","21":"product_tag-p2p","22":"product_tag-phenylacetone-a-methamphetamine","23":"product_tag-phenylacetone-a-vendre","24":"product_tag-phenylacetone-et-methylamine","25":"product_tag-prix-de-la-phenylacetone","26":"product_tag-quest-ce-que-la-phenylacetone","28":"first","29":"instock","30":"shipping-taxable","31":"purchasable","32":"product-type-variable","33":"has-default-attributes"},"yoast_head":"<!-- This site is optimized with the Yoast SEO Premium plugin v20.6 (Yoast SEO v27.3) - https:\/\/yoast.com\/product\/yoast-seo-premium-wordpress\/ -->\n<title>Liquide de ph\u00e9nylac\u00e9tone \u00e0 vendre | Acheter Ph\u00e9nylac\u00e9tone ici<\/title>\n<meta name=\"description\" content=\"Nous sommes les meilleurs fournisseurs de ph\u00e9nylac\u00e9tone \u00e0 un prix abordable et garantissons la livraison. Commandez la meilleure qualit\u00e9, Ph\u00e9nylac\u00e9tone liquide \u00e0 vendre.\" \/>\n<meta name=\"robots\" content=\"index, follow, max-snippet:-1, max-image-preview:large, max-video-preview:-1\" \/>\n<link rel=\"canonical\" href=\"https:\/\/gooddealersmeds.com\/fr\/product\/phenylacetone-liquide-a-vendre\/\" \/>\n<meta property=\"og:locale\" content=\"en_US\" \/>\n<meta property=\"og:type\" content=\"article\" \/>\n<meta property=\"og:title\" content=\"Ph\u00e9nylac\u00e9tone liquide \u00e0 vendre\" \/>\n<meta property=\"og:description\" content=\"Nous sommes les meilleurs fournisseurs de ph\u00e9nylac\u00e9tone \u00e0 un prix abordable et garantissons la livraison. Commandez la meilleure qualit\u00e9, Ph\u00e9nylac\u00e9tone liquide \u00e0 vendre.\" \/>\n<meta property=\"og:url\" content=\"https:\/\/gooddealersmeds.com\/fr\/product\/phenylacetone-liquide-a-vendre\/\" \/>\n<meta property=\"og:site_name\" content=\"Good Dealers Meds\" \/>\n<meta property=\"article:modified_time\" content=\"2023-03-12T23:12:12+00:00\" \/>\n<meta property=\"og:image\" content=\"https:\/\/gooddealersmeds.com\/fr\/wp-content\/uploads\/sites\/5\/2023\/01\/Phenylacetone-Liquid.jpg\" \/>\n\t<meta property=\"og:image:width\" content=\"600\" \/>\n\t<meta property=\"og:image:height\" content=\"600\" \/>\n\t<meta property=\"og:image:type\" content=\"image\/jpeg\" \/>\n<meta name=\"twitter:card\" content=\"summary_large_image\" \/>\n<meta name=\"twitter:label1\" content=\"Est. reading time\" \/>\n\t<meta name=\"twitter:data1\" content=\"1 minute\" \/>\n<script type=\"application\/ld+json\" class=\"yoast-schema-graph\">{\"@context\":\"https:\\\/\\\/schema.org\",\"@graph\":[{\"@type\":\"WebPage\",\"@id\":\"https:\\\/\\\/gooddealersmeds.com\\\/fr\\\/product\\\/phenylacetone-liquide-a-vendre\\\/\",\"url\":\"https:\\\/\\\/gooddealersmeds.com\\\/fr\\\/product\\\/phenylacetone-liquide-a-vendre\\\/\",\"name\":\"Liquide de ph\u00e9nylac\u00e9tone \u00e0 vendre | Acheter Ph\u00e9nylac\u00e9tone ici\",\"isPartOf\":{\"@id\":\"https:\\\/\\\/gooddealersmeds.com\\\/fr\\\/#website\"},\"primaryImageOfPage\":{\"@id\":\"https:\\\/\\\/gooddealersmeds.com\\\/fr\\\/product\\\/phenylacetone-liquide-a-vendre\\\/#primaryimage\"},\"image\":{\"@id\":\"https:\\\/\\\/gooddealersmeds.com\\\/fr\\\/product\\\/phenylacetone-liquide-a-vendre\\\/#primaryimage\"},\"thumbnailUrl\":\"https:\\\/\\\/gooddealersmeds.com\\\/fr\\\/wp-content\\\/uploads\\\/sites\\\/5\\\/2023\\\/01\\\/Phenylacetone-Liquid.jpg\",\"datePublished\":\"2023-01-08T19:02:46+00:00\",\"dateModified\":\"2023-03-12T23:12:12+00:00\",\"description\":\"Nous sommes les meilleurs fournisseurs de ph\u00e9nylac\u00e9tone \u00e0 un prix abordable et garantissons la livraison. Commandez la meilleure qualit\u00e9, Ph\u00e9nylac\u00e9tone liquide \u00e0 vendre.\",\"breadcrumb\":{\"@id\":\"https:\\\/\\\/gooddealersmeds.com\\\/fr\\\/product\\\/phenylacetone-liquide-a-vendre\\\/#breadcrumb\"},\"inLanguage\":\"en-US\",\"potentialAction\":[{\"@type\":\"ReadAction\",\"target\":[\"https:\\\/\\\/gooddealersmeds.com\\\/fr\\\/product\\\/phenylacetone-liquide-a-vendre\\\/\"]}]},{\"@type\":\"ImageObject\",\"inLanguage\":\"en-US\",\"@id\":\"https:\\\/\\\/gooddealersmeds.com\\\/fr\\\/product\\\/phenylacetone-liquide-a-vendre\\\/#primaryimage\",\"url\":\"https:\\\/\\\/gooddealersmeds.com\\\/fr\\\/wp-content\\\/uploads\\\/sites\\\/5\\\/2023\\\/01\\\/Phenylacetone-Liquid.jpg\",\"contentUrl\":\"https:\\\/\\\/gooddealersmeds.com\\\/fr\\\/wp-content\\\/uploads\\\/sites\\\/5\\\/2023\\\/01\\\/Phenylacetone-Liquid.jpg\",\"width\":600,\"height\":600},{\"@type\":\"BreadcrumbList\",\"@id\":\"https:\\\/\\\/gooddealersmeds.com\\\/fr\\\/product\\\/phenylacetone-liquide-a-vendre\\\/#breadcrumb\",\"itemListElement\":[{\"@type\":\"ListItem\",\"position\":1,\"name\":\"Home\",\"item\":\"https:\\\/\\\/gooddealersmeds.com\\\/fr\\\/\"},{\"@type\":\"ListItem\",\"position\":2,\"name\":\"Des produits\",\"item\":\"https:\\\/\\\/gooddealersmeds.com\\\/fr\\\/des-produits\\\/\"},{\"@type\":\"ListItem\",\"position\":3,\"name\":\"Ph\u00e9nylac\u00e9tone liquide \u00e0 vendre\"}]},{\"@type\":\"WebSite\",\"@id\":\"https:\\\/\\\/gooddealersmeds.com\\\/fr\\\/#website\",\"url\":\"https:\\\/\\\/gooddealersmeds.com\\\/fr\\\/\",\"name\":\"Good Dealers Meds\",\"description\":\"All our best\",\"publisher\":{\"@id\":\"https:\\\/\\\/gooddealersmeds.com\\\/fr\\\/#organization\"},\"potentialAction\":[{\"@type\":\"SearchAction\",\"target\":{\"@type\":\"EntryPoint\",\"urlTemplate\":\"https:\\\/\\\/gooddealersmeds.com\\\/fr\\\/?s={search_term_string}\"},\"query-input\":{\"@type\":\"PropertyValueSpecification\",\"valueRequired\":true,\"valueName\":\"search_term_string\"}}],\"inLanguage\":\"en-US\"},{\"@type\":\"Organization\",\"@id\":\"https:\\\/\\\/gooddealersmeds.com\\\/fr\\\/#organization\",\"name\":\"Good Dealers Meds\",\"url\":\"https:\\\/\\\/gooddealersmeds.com\\\/fr\\\/\",\"logo\":{\"@type\":\"ImageObject\",\"inLanguage\":\"en-US\",\"@id\":\"https:\\\/\\\/gooddealersmeds.com\\\/fr\\\/#\\\/schema\\\/logo\\\/image\\\/\",\"url\":\"https:\\\/\\\/gooddealersmeds.com\\\/fr\\\/wp-content\\\/uploads\\\/sites\\\/5\\\/2022\\\/03\\\/gooddealersmeds__logo__20220317T222800Z.00.png\",\"contentUrl\":\"https:\\\/\\\/gooddealersmeds.com\\\/fr\\\/wp-content\\\/uploads\\\/sites\\\/5\\\/2022\\\/03\\\/gooddealersmeds__logo__20220317T222800Z.00.png\",\"width\":500,\"height\":325,\"caption\":\"Good Dealers Meds\"},\"image\":{\"@id\":\"https:\\\/\\\/gooddealersmeds.com\\\/fr\\\/#\\\/schema\\\/logo\\\/image\\\/\"}}]}<\/script>\n<!-- \/ Yoast SEO Premium plugin. -->","yoast_head_json":{"title":"Liquide de ph\u00e9nylac\u00e9tone \u00e0 vendre | Acheter Ph\u00e9nylac\u00e9tone ici","description":"Nous sommes les meilleurs fournisseurs de ph\u00e9nylac\u00e9tone \u00e0 un prix abordable et garantissons la livraison. Commandez la meilleure qualit\u00e9, Ph\u00e9nylac\u00e9tone liquide \u00e0 vendre.","robots":{"index":"index","follow":"follow","max-snippet":"max-snippet:-1","max-image-preview":"max-image-preview:large","max-video-preview":"max-video-preview:-1"},"canonical":"https:\/\/gooddealersmeds.com\/fr\/product\/phenylacetone-liquide-a-vendre\/","og_locale":"en_US","og_type":"article","og_title":"Ph\u00e9nylac\u00e9tone liquide \u00e0 vendre","og_description":"Nous sommes les meilleurs fournisseurs de ph\u00e9nylac\u00e9tone \u00e0 un prix abordable et garantissons la livraison. Commandez la meilleure qualit\u00e9, Ph\u00e9nylac\u00e9tone liquide \u00e0 vendre.","og_url":"https:\/\/gooddealersmeds.com\/fr\/product\/phenylacetone-liquide-a-vendre\/","og_site_name":"Good Dealers Meds","article_modified_time":"2023-03-12T23:12:12+00:00","og_image":[{"width":600,"height":600,"url":"https:\/\/gooddealersmeds.com\/fr\/wp-content\/uploads\/sites\/5\/2023\/01\/Phenylacetone-Liquid.jpg","type":"image\/jpeg"}],"twitter_card":"summary_large_image","twitter_misc":{"Est. reading time":"1 minute"},"schema":{"@context":"https:\/\/schema.org","@graph":[{"@type":"WebPage","@id":"https:\/\/gooddealersmeds.com\/fr\/product\/phenylacetone-liquide-a-vendre\/","url":"https:\/\/gooddealersmeds.com\/fr\/product\/phenylacetone-liquide-a-vendre\/","name":"Liquide de ph\u00e9nylac\u00e9tone \u00e0 vendre | Acheter Ph\u00e9nylac\u00e9tone ici","isPartOf":{"@id":"https:\/\/gooddealersmeds.com\/fr\/#website"},"primaryImageOfPage":{"@id":"https:\/\/gooddealersmeds.com\/fr\/product\/phenylacetone-liquide-a-vendre\/#primaryimage"},"image":{"@id":"https:\/\/gooddealersmeds.com\/fr\/product\/phenylacetone-liquide-a-vendre\/#primaryimage"},"thumbnailUrl":"https:\/\/gooddealersmeds.com\/fr\/wp-content\/uploads\/sites\/5\/2023\/01\/Phenylacetone-Liquid.jpg","datePublished":"2023-01-08T19:02:46+00:00","dateModified":"2023-03-12T23:12:12+00:00","description":"Nous sommes les meilleurs fournisseurs de ph\u00e9nylac\u00e9tone \u00e0 un prix abordable et garantissons la livraison. Commandez la meilleure qualit\u00e9, Ph\u00e9nylac\u00e9tone liquide \u00e0 vendre.","breadcrumb":{"@id":"https:\/\/gooddealersmeds.com\/fr\/product\/phenylacetone-liquide-a-vendre\/#breadcrumb"},"inLanguage":"en-US","potentialAction":[{"@type":"ReadAction","target":["https:\/\/gooddealersmeds.com\/fr\/product\/phenylacetone-liquide-a-vendre\/"]}]},{"@type":"ImageObject","inLanguage":"en-US","@id":"https:\/\/gooddealersmeds.com\/fr\/product\/phenylacetone-liquide-a-vendre\/#primaryimage","url":"https:\/\/gooddealersmeds.com\/fr\/wp-content\/uploads\/sites\/5\/2023\/01\/Phenylacetone-Liquid.jpg","contentUrl":"https:\/\/gooddealersmeds.com\/fr\/wp-content\/uploads\/sites\/5\/2023\/01\/Phenylacetone-Liquid.jpg","width":600,"height":600},{"@type":"BreadcrumbList","@id":"https:\/\/gooddealersmeds.com\/fr\/product\/phenylacetone-liquide-a-vendre\/#breadcrumb","itemListElement":[{"@type":"ListItem","position":1,"name":"Home","item":"https:\/\/gooddealersmeds.com\/fr\/"},{"@type":"ListItem","position":2,"name":"Des produits","item":"https:\/\/gooddealersmeds.com\/fr\/des-produits\/"},{"@type":"ListItem","position":3,"name":"Ph\u00e9nylac\u00e9tone liquide \u00e0 vendre"}]},{"@type":"WebSite","@id":"https:\/\/gooddealersmeds.com\/fr\/#website","url":"https:\/\/gooddealersmeds.com\/fr\/","name":"Good Dealers Meds","description":"All our best","publisher":{"@id":"https:\/\/gooddealersmeds.com\/fr\/#organization"},"potentialAction":[{"@type":"SearchAction","target":{"@type":"EntryPoint","urlTemplate":"https:\/\/gooddealersmeds.com\/fr\/?s={search_term_string}"},"query-input":{"@type":"PropertyValueSpecification","valueRequired":true,"valueName":"search_term_string"}}],"inLanguage":"en-US"},{"@type":"Organization","@id":"https:\/\/gooddealersmeds.com\/fr\/#organization","name":"Good Dealers Meds","url":"https:\/\/gooddealersmeds.com\/fr\/","logo":{"@type":"ImageObject","inLanguage":"en-US","@id":"https:\/\/gooddealersmeds.com\/fr\/#\/schema\/logo\/image\/","url":"https:\/\/gooddealersmeds.com\/fr\/wp-content\/uploads\/sites\/5\/2022\/03\/gooddealersmeds__logo__20220317T222800Z.00.png","contentUrl":"https:\/\/gooddealersmeds.com\/fr\/wp-content\/uploads\/sites\/5\/2022\/03\/gooddealersmeds__logo__20220317T222800Z.00.png","width":500,"height":325,"caption":"Good Dealers Meds"},"image":{"@id":"https:\/\/gooddealersmeds.com\/fr\/#\/schema\/logo\/image\/"}}]}},"_links":{"self":[{"href":"https:\/\/gooddealersmeds.com\/fr\/wp-json\/wp\/v2\/product\/2221","targetHints":{"allow":["GET"]}}],"collection":[{"href":"https:\/\/gooddealersmeds.com\/fr\/wp-json\/wp\/v2\/product"}],"about":[{"href":"https:\/\/gooddealersmeds.com\/fr\/wp-json\/wp\/v2\/types\/product"}],"replies":[{"embeddable":true,"href":"https:\/\/gooddealersmeds.com\/fr\/wp-json\/wp\/v2\/comments?post=2221"}],"wp:featuredmedia":[{"embeddable":true,"href":"https:\/\/gooddealersmeds.com\/fr\/wp-json\/wp\/v2\/media\/2251"}],"wp:attachment":[{"href":"https:\/\/gooddealersmeds.com\/fr\/wp-json\/wp\/v2\/media?parent=2221"}],"wp:term":[{"taxonomy":"product_brand","embeddable":true,"href":"https:\/\/gooddealersmeds.com\/fr\/wp-json\/wp\/v2\/product_brand?post=2221"},{"taxonomy":"product_cat","embeddable":true,"href":"https:\/\/gooddealersmeds.com\/fr\/wp-json\/wp\/v2\/product_cat?post=2221"},{"taxonomy":"product_tag","embeddable":true,"href":"https:\/\/gooddealersmeds.com\/fr\/wp-json\/wp\/v2\/product_tag?post=2221"}],"curies":[{"name":"wp","href":"https:\/\/api.w.org\/{rel}","templated":true}]}}