{"id":2220,"date":"2023-01-08T19:02:46","date_gmt":"2023-01-08T19:02:46","guid":{"rendered":"https:\/\/gooddealersmeds.com\/fr\/?post_type=product&#038;p=2220"},"modified":"2023-03-12T23:07:36","modified_gmt":"2023-03-12T23:07:36","slug":"acheter-de-lhuile-pmk-piperonyl-methyl-ketone","status":"publish","type":"product","link":"https:\/\/gooddealersmeds.com\/fr\/product\/acheter-de-lhuile-pmk-piperonyl-methyl-ketone\/","title":{"rendered":"Acheter de l&#8217;huile PMK (Piperonyl Methyl Ketone)"},"content":{"rendered":"<h2>Acheter de l&#8217;huile PMK (Piperonyl Methyl Ketone) en ligne<\/h2>\n<p>Acheter de l&#8217;huile PMK (<a href=\"https:\/\/gooddealersmeds.com\/fr\/product\/acheter-de-lhuile-pmk-piperonyl-methyl-ketone\/\">Piperonyl Methyl Ketone<\/a>) en ligne. La 3,4-m\u00e9thyl\u00e8nedioxyph\u00e9nylpropan-2-one ou pip\u00e9ronyl m\u00e9thyl c\u00e9tone (MDP2P ou PMK) est un compos\u00e9 chimique constitu\u00e9 d&#8217;un fragment ph\u00e9nylac\u00e9tone substitu\u00e9 par un groupe fonctionnel m\u00e9thyl\u00e8nedioxy. Il est g\u00e9n\u00e9ralement synth\u00e9tis\u00e9 soit \u00e0 partir de safrole (par opposition au 3-[3,4-(m\u00e9thyl\u00e8nedioxy)ph\u00e9nyl]-2-prop\u00e8ne) soit \u00e0 partir de l&#8217;isom\u00e8re isosaphrole par oxydation selon la m\u00e9thode d&#8217;oxydation de Wacker ou par oxydation au peroxyacide. Le MDP2P est instable \u00e0 temp\u00e9rature ambiante et doit \u00eatre plac\u00e9 au cong\u00e9lateur pour une conservation appropri\u00e9e, Acheter de l&#8217;huile PMK<\/p>\n<p>Le MDP2P est un pr\u00e9curseur dans la synth\u00e8se chimique de la classe de compos\u00e9s m\u00e9thyl\u00e8nedioxyph\u00e9n\u00e9thylamine (MDxx), dont un exemple classique est la 3,4-m\u00e9thyl\u00e8nedioxy-N-m\u00e9thylamph\u00e9tamine (MDMA), et est \u00e9galement un interm\u00e9diaire entre la famille MDxx et la famille plus \u00e9loign\u00e9e pr\u00e9curseur, safrole ou isosaphrole. En raison de ses affectations aux classes chimiques MDxx, MDP2P, ainsi qu&#8217;au safrole et \u00e0 l&#8217;isosaphrole, il figure sur la liste des produits chimiques de l&#8217;annexe I en vertu de la loi am\u00e9ricaine sur les substances contr\u00f4l\u00e9es (USAA) qui dirige les produits chimiques et la loi sur les produits chimiques. Traite des personnes (CDTA). Il est \u00e9galement consid\u00e9r\u00e9 comme une mati\u00e8re premi\u00e8re de cat\u00e9gorie 1 dans l&#8217;Union europ\u00e9enne, Acheter de l&#8217;huile PMK<\/p>\n<p>&nbsp;<\/p>\n<p>3, 4-M\u00e9thyl\u00e8nedioxyph\u00e9nylpropan-2-one<br \/>\nPMR<br \/>\nMDP2P<br \/>\nNSC 16688<br \/>\nPVI-2<\/p>\n<h3>O\u00f9 pouvez-vous commander PMK\u00a0?<\/h3>\n<p>Vous venez peut-\u00eatre de vous r\u00e9veiller la nuit et votre esprit a \u00e9t\u00e9 fascin\u00e9 par une bonne pens\u00e9e : \u00ab puis-je faire ma propre molly\/ecstasy ? Eh bien, vous pouvez, mais c&#8217;est plus difficile que vous ne le pensez. Vous avez besoin de certains pr\u00e9curseurs tels que PMK pour faire cela Ou peut-\u00eatre ne voulez-vous pas que PMK fabrique de la MDMA ? Vous le voulez \u00e0 des fins de recherche ou des choses comme \u00e7a. O\u00f9 pouvez-vous l&#8217;acheter? Ou o\u00f9 obtiendrez-vous PMK?<\/p>\n","protected":false},"excerpt":{"rendered":"<p>Achetez de l&#8217;huile PMK en ligne, nous sommes un fournisseur fiable et de confiance d&#8217;huile PMK (Piperonyl Methyl Ketone), avec une livraison rapide 100% garantie &amp; de confiance.<\/p>\n","protected":false},"featured_media":2250,"comment_status":"open","ping_status":"closed","template":"","meta":{"inline_featured_image":false},"product_brand":[],"product_cat":[344],"product_tag":[],"class_list":{"0":"post-2220","1":"product","2":"type-product","3":"status-publish","4":"has-post-thumbnail","6":"product_cat-produits-chimiques-de-recherche","8":"first","9":"instock","10":"shipping-taxable","11":"purchasable","12":"product-type-variable","13":"has-default-attributes"},"yoast_head":"<!-- This site is optimized with the Yoast SEO Premium plugin v20.6 (Yoast SEO v27.4) - https:\/\/yoast.com\/product\/yoast-seo-premium-wordpress\/ -->\n<title>Acheter de l&#039;huile PMK | Commander de l&#039;huile Piperonyl Methyl Ketone<\/title>\n<meta name=\"description\" content=\"Acheter de l&#039;huile PMK en ligne, nous sommes un fournisseur fiable et de confiance d&#039;huile PMK (Piperonyl Methyl Ketone), avec une livraison rapide 100% garantie et fiable.\" \/>\n<meta name=\"robots\" content=\"index, follow, max-snippet:-1, max-image-preview:large, max-video-preview:-1\" \/>\n<link rel=\"canonical\" href=\"https:\/\/gooddealersmeds.com\/fr\/product\/acheter-de-lhuile-pmk-piperonyl-methyl-ketone\/\" \/>\n<meta property=\"og:locale\" content=\"en_US\" \/>\n<meta property=\"og:type\" content=\"article\" \/>\n<meta property=\"og:title\" content=\"Acheter de l&#039;huile PMK (Piperonyl Methyl Ketone)\" \/>\n<meta property=\"og:description\" content=\"Acheter de l&#039;huile PMK en ligne, nous sommes un fournisseur fiable et de confiance d&#039;huile PMK (Piperonyl Methyl Ketone), avec une livraison rapide 100% garantie et fiable.\" \/>\n<meta property=\"og:url\" content=\"https:\/\/gooddealersmeds.com\/fr\/product\/acheter-de-lhuile-pmk-piperonyl-methyl-ketone\/\" \/>\n<meta property=\"og:site_name\" content=\"Good Dealers Meds\" \/>\n<meta property=\"article:modified_time\" content=\"2023-03-12T23:07:36+00:00\" \/>\n<meta property=\"og:image\" content=\"https:\/\/gooddealersmeds.com\/fr\/wp-content\/uploads\/sites\/5\/2023\/01\/PMK-Piperonyl-Methyl-Ketone-Oil-1.jpg\" \/>\n\t<meta property=\"og:image:width\" content=\"600\" \/>\n\t<meta property=\"og:image:height\" content=\"600\" \/>\n\t<meta property=\"og:image:type\" content=\"image\/jpeg\" \/>\n<meta name=\"twitter:card\" content=\"summary_large_image\" \/>\n<meta name=\"twitter:label1\" content=\"Est. reading time\" \/>\n\t<meta name=\"twitter:data1\" content=\"2 minutes\" \/>\n<script type=\"application\/ld+json\" class=\"yoast-schema-graph\">{\"@context\":\"https:\\\/\\\/schema.org\",\"@graph\":[{\"@type\":\"WebPage\",\"@id\":\"https:\\\/\\\/gooddealersmeds.com\\\/fr\\\/product\\\/acheter-de-lhuile-pmk-piperonyl-methyl-ketone\\\/\",\"url\":\"https:\\\/\\\/gooddealersmeds.com\\\/fr\\\/product\\\/acheter-de-lhuile-pmk-piperonyl-methyl-ketone\\\/\",\"name\":\"Acheter de l'huile PMK | Commander de l'huile Piperonyl Methyl Ketone\",\"isPartOf\":{\"@id\":\"https:\\\/\\\/gooddealersmeds.com\\\/fr\\\/#website\"},\"primaryImageOfPage\":{\"@id\":\"https:\\\/\\\/gooddealersmeds.com\\\/fr\\\/product\\\/acheter-de-lhuile-pmk-piperonyl-methyl-ketone\\\/#primaryimage\"},\"image\":{\"@id\":\"https:\\\/\\\/gooddealersmeds.com\\\/fr\\\/product\\\/acheter-de-lhuile-pmk-piperonyl-methyl-ketone\\\/#primaryimage\"},\"thumbnailUrl\":\"https:\\\/\\\/gooddealersmeds.com\\\/fr\\\/wp-content\\\/uploads\\\/sites\\\/5\\\/2023\\\/01\\\/PMK-Piperonyl-Methyl-Ketone-Oil-1.jpg\",\"datePublished\":\"2023-01-08T19:02:46+00:00\",\"dateModified\":\"2023-03-12T23:07:36+00:00\",\"description\":\"Acheter de l'huile PMK en ligne, nous sommes un fournisseur fiable et de confiance d'huile PMK (Piperonyl Methyl Ketone), avec une livraison rapide 100% garantie et fiable.\",\"breadcrumb\":{\"@id\":\"https:\\\/\\\/gooddealersmeds.com\\\/fr\\\/product\\\/acheter-de-lhuile-pmk-piperonyl-methyl-ketone\\\/#breadcrumb\"},\"inLanguage\":\"en-US\",\"potentialAction\":[{\"@type\":\"ReadAction\",\"target\":[\"https:\\\/\\\/gooddealersmeds.com\\\/fr\\\/product\\\/acheter-de-lhuile-pmk-piperonyl-methyl-ketone\\\/\"]}]},{\"@type\":\"ImageObject\",\"inLanguage\":\"en-US\",\"@id\":\"https:\\\/\\\/gooddealersmeds.com\\\/fr\\\/product\\\/acheter-de-lhuile-pmk-piperonyl-methyl-ketone\\\/#primaryimage\",\"url\":\"https:\\\/\\\/gooddealersmeds.com\\\/fr\\\/wp-content\\\/uploads\\\/sites\\\/5\\\/2023\\\/01\\\/PMK-Piperonyl-Methyl-Ketone-Oil-1.jpg\",\"contentUrl\":\"https:\\\/\\\/gooddealersmeds.com\\\/fr\\\/wp-content\\\/uploads\\\/sites\\\/5\\\/2023\\\/01\\\/PMK-Piperonyl-Methyl-Ketone-Oil-1.jpg\",\"width\":600,\"height\":600},{\"@type\":\"BreadcrumbList\",\"@id\":\"https:\\\/\\\/gooddealersmeds.com\\\/fr\\\/product\\\/acheter-de-lhuile-pmk-piperonyl-methyl-ketone\\\/#breadcrumb\",\"itemListElement\":[{\"@type\":\"ListItem\",\"position\":1,\"name\":\"Home\",\"item\":\"https:\\\/\\\/gooddealersmeds.com\\\/fr\\\/\"},{\"@type\":\"ListItem\",\"position\":2,\"name\":\"Des produits\",\"item\":\"https:\\\/\\\/gooddealersmeds.com\\\/fr\\\/des-produits\\\/\"},{\"@type\":\"ListItem\",\"position\":3,\"name\":\"Acheter de l&#8217;huile PMK (Piperonyl Methyl Ketone)\"}]},{\"@type\":\"WebSite\",\"@id\":\"https:\\\/\\\/gooddealersmeds.com\\\/fr\\\/#website\",\"url\":\"https:\\\/\\\/gooddealersmeds.com\\\/fr\\\/\",\"name\":\"Good Dealers Meds\",\"description\":\"All our best\",\"publisher\":{\"@id\":\"https:\\\/\\\/gooddealersmeds.com\\\/fr\\\/#organization\"},\"potentialAction\":[{\"@type\":\"SearchAction\",\"target\":{\"@type\":\"EntryPoint\",\"urlTemplate\":\"https:\\\/\\\/gooddealersmeds.com\\\/fr\\\/?s={search_term_string}\"},\"query-input\":{\"@type\":\"PropertyValueSpecification\",\"valueRequired\":true,\"valueName\":\"search_term_string\"}}],\"inLanguage\":\"en-US\"},{\"@type\":\"Organization\",\"@id\":\"https:\\\/\\\/gooddealersmeds.com\\\/fr\\\/#organization\",\"name\":\"Good Dealers Meds\",\"url\":\"https:\\\/\\\/gooddealersmeds.com\\\/fr\\\/\",\"logo\":{\"@type\":\"ImageObject\",\"inLanguage\":\"en-US\",\"@id\":\"https:\\\/\\\/gooddealersmeds.com\\\/fr\\\/#\\\/schema\\\/logo\\\/image\\\/\",\"url\":\"https:\\\/\\\/gooddealersmeds.com\\\/fr\\\/wp-content\\\/uploads\\\/sites\\\/5\\\/2022\\\/03\\\/gooddealersmeds__logo__20220317T222800Z.00.png\",\"contentUrl\":\"https:\\\/\\\/gooddealersmeds.com\\\/fr\\\/wp-content\\\/uploads\\\/sites\\\/5\\\/2022\\\/03\\\/gooddealersmeds__logo__20220317T222800Z.00.png\",\"width\":500,\"height\":325,\"caption\":\"Good Dealers Meds\"},\"image\":{\"@id\":\"https:\\\/\\\/gooddealersmeds.com\\\/fr\\\/#\\\/schema\\\/logo\\\/image\\\/\"}}]}<\/script>\n<!-- \/ Yoast SEO Premium plugin. -->","yoast_head_json":{"title":"Acheter de l'huile PMK | Commander de l'huile Piperonyl Methyl Ketone","description":"Acheter de l'huile PMK en ligne, nous sommes un fournisseur fiable et de confiance d'huile PMK (Piperonyl Methyl Ketone), avec une livraison rapide 100% garantie et fiable.","robots":{"index":"index","follow":"follow","max-snippet":"max-snippet:-1","max-image-preview":"max-image-preview:large","max-video-preview":"max-video-preview:-1"},"canonical":"https:\/\/gooddealersmeds.com\/fr\/product\/acheter-de-lhuile-pmk-piperonyl-methyl-ketone\/","og_locale":"en_US","og_type":"article","og_title":"Acheter de l'huile PMK (Piperonyl Methyl Ketone)","og_description":"Acheter de l'huile PMK en ligne, nous sommes un fournisseur fiable et de confiance d'huile PMK (Piperonyl Methyl Ketone), avec une livraison rapide 100% garantie et fiable.","og_url":"https:\/\/gooddealersmeds.com\/fr\/product\/acheter-de-lhuile-pmk-piperonyl-methyl-ketone\/","og_site_name":"Good Dealers Meds","article_modified_time":"2023-03-12T23:07:36+00:00","og_image":[{"width":600,"height":600,"url":"https:\/\/gooddealersmeds.com\/fr\/wp-content\/uploads\/sites\/5\/2023\/01\/PMK-Piperonyl-Methyl-Ketone-Oil-1.jpg","type":"image\/jpeg"}],"twitter_card":"summary_large_image","twitter_misc":{"Est. reading time":"2 minutes"},"schema":{"@context":"https:\/\/schema.org","@graph":[{"@type":"WebPage","@id":"https:\/\/gooddealersmeds.com\/fr\/product\/acheter-de-lhuile-pmk-piperonyl-methyl-ketone\/","url":"https:\/\/gooddealersmeds.com\/fr\/product\/acheter-de-lhuile-pmk-piperonyl-methyl-ketone\/","name":"Acheter de l'huile PMK | Commander de l'huile Piperonyl Methyl Ketone","isPartOf":{"@id":"https:\/\/gooddealersmeds.com\/fr\/#website"},"primaryImageOfPage":{"@id":"https:\/\/gooddealersmeds.com\/fr\/product\/acheter-de-lhuile-pmk-piperonyl-methyl-ketone\/#primaryimage"},"image":{"@id":"https:\/\/gooddealersmeds.com\/fr\/product\/acheter-de-lhuile-pmk-piperonyl-methyl-ketone\/#primaryimage"},"thumbnailUrl":"https:\/\/gooddealersmeds.com\/fr\/wp-content\/uploads\/sites\/5\/2023\/01\/PMK-Piperonyl-Methyl-Ketone-Oil-1.jpg","datePublished":"2023-01-08T19:02:46+00:00","dateModified":"2023-03-12T23:07:36+00:00","description":"Acheter de l'huile PMK en ligne, nous sommes un fournisseur fiable et de confiance d'huile PMK (Piperonyl Methyl Ketone), avec une livraison rapide 100% garantie et fiable.","breadcrumb":{"@id":"https:\/\/gooddealersmeds.com\/fr\/product\/acheter-de-lhuile-pmk-piperonyl-methyl-ketone\/#breadcrumb"},"inLanguage":"en-US","potentialAction":[{"@type":"ReadAction","target":["https:\/\/gooddealersmeds.com\/fr\/product\/acheter-de-lhuile-pmk-piperonyl-methyl-ketone\/"]}]},{"@type":"ImageObject","inLanguage":"en-US","@id":"https:\/\/gooddealersmeds.com\/fr\/product\/acheter-de-lhuile-pmk-piperonyl-methyl-ketone\/#primaryimage","url":"https:\/\/gooddealersmeds.com\/fr\/wp-content\/uploads\/sites\/5\/2023\/01\/PMK-Piperonyl-Methyl-Ketone-Oil-1.jpg","contentUrl":"https:\/\/gooddealersmeds.com\/fr\/wp-content\/uploads\/sites\/5\/2023\/01\/PMK-Piperonyl-Methyl-Ketone-Oil-1.jpg","width":600,"height":600},{"@type":"BreadcrumbList","@id":"https:\/\/gooddealersmeds.com\/fr\/product\/acheter-de-lhuile-pmk-piperonyl-methyl-ketone\/#breadcrumb","itemListElement":[{"@type":"ListItem","position":1,"name":"Home","item":"https:\/\/gooddealersmeds.com\/fr\/"},{"@type":"ListItem","position":2,"name":"Des produits","item":"https:\/\/gooddealersmeds.com\/fr\/des-produits\/"},{"@type":"ListItem","position":3,"name":"Acheter de l&#8217;huile PMK (Piperonyl Methyl Ketone)"}]},{"@type":"WebSite","@id":"https:\/\/gooddealersmeds.com\/fr\/#website","url":"https:\/\/gooddealersmeds.com\/fr\/","name":"Good Dealers Meds","description":"All our best","publisher":{"@id":"https:\/\/gooddealersmeds.com\/fr\/#organization"},"potentialAction":[{"@type":"SearchAction","target":{"@type":"EntryPoint","urlTemplate":"https:\/\/gooddealersmeds.com\/fr\/?s={search_term_string}"},"query-input":{"@type":"PropertyValueSpecification","valueRequired":true,"valueName":"search_term_string"}}],"inLanguage":"en-US"},{"@type":"Organization","@id":"https:\/\/gooddealersmeds.com\/fr\/#organization","name":"Good Dealers Meds","url":"https:\/\/gooddealersmeds.com\/fr\/","logo":{"@type":"ImageObject","inLanguage":"en-US","@id":"https:\/\/gooddealersmeds.com\/fr\/#\/schema\/logo\/image\/","url":"https:\/\/gooddealersmeds.com\/fr\/wp-content\/uploads\/sites\/5\/2022\/03\/gooddealersmeds__logo__20220317T222800Z.00.png","contentUrl":"https:\/\/gooddealersmeds.com\/fr\/wp-content\/uploads\/sites\/5\/2022\/03\/gooddealersmeds__logo__20220317T222800Z.00.png","width":500,"height":325,"caption":"Good Dealers Meds"},"image":{"@id":"https:\/\/gooddealersmeds.com\/fr\/#\/schema\/logo\/image\/"}}]}},"_links":{"self":[{"href":"https:\/\/gooddealersmeds.com\/fr\/wp-json\/wp\/v2\/product\/2220","targetHints":{"allow":["GET"]}}],"collection":[{"href":"https:\/\/gooddealersmeds.com\/fr\/wp-json\/wp\/v2\/product"}],"about":[{"href":"https:\/\/gooddealersmeds.com\/fr\/wp-json\/wp\/v2\/types\/product"}],"replies":[{"embeddable":true,"href":"https:\/\/gooddealersmeds.com\/fr\/wp-json\/wp\/v2\/comments?post=2220"}],"wp:featuredmedia":[{"embeddable":true,"href":"https:\/\/gooddealersmeds.com\/fr\/wp-json\/wp\/v2\/media\/2250"}],"wp:attachment":[{"href":"https:\/\/gooddealersmeds.com\/fr\/wp-json\/wp\/v2\/media?parent=2220"}],"wp:term":[{"taxonomy":"product_brand","embeddable":true,"href":"https:\/\/gooddealersmeds.com\/fr\/wp-json\/wp\/v2\/product_brand?post=2220"},{"taxonomy":"product_cat","embeddable":true,"href":"https:\/\/gooddealersmeds.com\/fr\/wp-json\/wp\/v2\/product_cat?post=2220"},{"taxonomy":"product_tag","embeddable":true,"href":"https:\/\/gooddealersmeds.com\/fr\/wp-json\/wp\/v2\/product_tag?post=2220"}],"curies":[{"name":"wp","href":"https:\/\/api.w.org\/{rel}","templated":true}]}}