{"id":2219,"date":"2023-01-08T19:02:46","date_gmt":"2023-01-08T19:02:46","guid":{"rendered":"https:\/\/gooddealersmeds.com\/fr\/?post_type=product&#038;p=2219"},"modified":"2023-03-12T23:04:15","modified_gmt":"2023-03-12T23:04:15","slug":"acheter-jwh-250-en-ligne","status":"publish","type":"product","link":"https:\/\/gooddealersmeds.com\/fr\/product\/acheter-jwh-250-en-ligne\/","title":{"rendered":"Acheter JWH-250 en ligne"},"content":{"rendered":"<h2>Acheter JWH-250 en ligne<\/h2>\n<p>JWH-250 est un cannabimim\u00e9tique indole qui pr\u00e9sente une forte affinit\u00e9 pour les r\u00e9cepteurs cannabino\u00efdes centraux et p\u00e9riph\u00e9riques. L&#8217;achat de JWH-250 en ligne a \u00e9t\u00e9 identifi\u00e9 comme un composant de plusieurs produits &#8220;encens \u00e0 base de plantes&#8221;, souvent vendus comme &#8220;non humains&#8221;. Le JWH-250 appartient \u00e0 la cat\u00e9gorie des agonistes synth\u00e9tiques des r\u00e9cepteurs cannabino\u00efdes (SCRA) et a des effets similaires au THC. La quantit\u00e9 de JWH-250 dans un emballage peut varier consid\u00e9rablement, ce qui augmente le risque de surdosage car les consommateurs ne sont pas pleinement conscients de ce que contient ce produit \u00e0 base de plantes. Les effets de surdosage signal\u00e9s comprennent la tachycardie, l&#8217;hypertension, l&#8217;agitation, les hallucinations, une l\u00e9g\u00e8re \u00e9l\u00e9vation de la glyc\u00e9mie, l&#8217;hypokali\u00e9mie et les vomissements. <a href=\"https:\/\/gooddealersmeds.com\/fr\/product\/acheter-jwh-250-en-ligne\/\">JWH-250<\/a>.<\/p>\n<p>&nbsp;<\/p>\n<p>Achetez JWH-250 en ligne. JWH-250\u00a0est un agoniste synth\u00e9tique des r\u00e9cepteurs cannabino\u00efdes qui a \u00e9t\u00e9 d\u00e9tect\u00e9 dans des produits depuis la fin des ann\u00e9es 2000. Il a \u00e9t\u00e9 cr\u00e9\u00e9 par le Dr John W. Huffman et un rapport \u00e0 ce sujet a \u00e9t\u00e9 publi\u00e9 en 2005 par Huffman et al. Acheter JWH-250 en ligne<\/p>\n<p>&nbsp;<\/p>\n<p>Le m\u00e9dicament est un ph\u00e9nylac\u00e9tylindole et il agit comme un agoniste des r\u00e9cepteurs CB1 et CB2. Il a une affinit\u00e9 d&#8217;environ 11 nM \u00e0 CB1 et d&#8217;environ 33 nM \u00e0 CB2.<\/p>\n<p>Quelques ann\u00e9es apr\u00e8s sa premi\u00e8re mention dans la litt\u00e9rature, le\u00a0JWH-250\u00a0est apparu sur le march\u00e9.<\/p>\n<p>Il a \u00e9galement \u00e9t\u00e9 d\u00e9tect\u00e9 dans des poudres et des m\u00e9langes vendus via Internet \u00e0 des chercheurs au Japon. Ces \u00e9chantillons contenaient 77 \u00e0 165 mg par produit.<\/p>\n<p>En raison de la fa\u00e7on dont il a \u00e9t\u00e9 vendu, il est probable que des personnes aient rencontr\u00e9 JWH-250 sans s&#8217;en rendre compte.<\/p>\n<p>Masse molaire\u00a0:\u00a0335,439\u00a0g\/mol<\/p>\n<p>Identifiant ChEMBL\u00a0:\u00a0188031<\/p>\n<p>ID ChemSpider\u00a0:\u00a023256117<\/p>\n<p>Num\u00e9ro d&#8217;identification PubChem\u00a0:\u00a044397540<\/p>\n<p>Formule\u00a0:\u00a0C22H25NO2<\/p>\n<p>&nbsp;<\/p>\n<p>acheter l\u00e9gitime JWH-250 \u00e0 vendre page Web, comment acheter pas cher JWH-250 exp\u00e9dition dans le monde entier, JWH-250 m\u00e9dicament \u00e0 vendre, JWH-250 sels de bain \u00e0 vendre, JWH-250 \u00e0 vendre, JWH-250 aliment pour plantes \u00e0 vendre, qualit\u00e9 JWH -250 \u00e0 vendre, JWH-250 acheter des sites Web, o\u00f9 acheter JWH-250, commander JWH-250, JWH-250 vente, o\u00f9 puis-je acheter JWH-250, JWH-250 o\u00f9 acheter, meilleur endroit pour acheter JWH-250 , Fournisseurs mJWH-250, achat JWH-250, pur JWH-250, magasin JWH-250, JWH-250 magasin, JWH-250 vente en gros, JWH-250 acheter, JWH-250 \u00e0 vendre, acheter JWH-250, acheter pas cher JWH -250 en ligne, acheter de la m\u00e9ph\u00e9drone pas cher en ligne, o\u00f9 acheter du JWH-250 pas cher, acheter du JWH-250 pas cher pour une utilisation en usine, o\u00f9 acheter du JWH-250pour un usage personnel, acheter du JWH-250 pas cher, o\u00f9 trouver du JWH-250 \u00e0 vendre , acheter du JWH-250 en vrac, acheter du JWH-250 \u00e0 des prix abordables, acheter du JWH-250 pour un usage personnel, acheter du JWH-250 \u00e0 vendre, du JWH-250 de qualit\u00e9 \u00e0 vendre, acheter du JWH-250 sur internet,<\/p>\n","protected":false},"excerpt":{"rendered":"<p>JWH-250 est un cannabimim\u00e9tique indole qui pr\u00e9sente une forte affinit\u00e9 pour les r\u00e9cepteurs cannabino\u00efdes centraux et p\u00e9riph\u00e9riques. L&#8217;achat de JWH-250 en ligne a \u00e9t\u00e9 identifi\u00e9 comme un composant de plusieurs produits &#8220;encens \u00e0 base de plantes&#8221;, souvent vendus comme &#8220;non humains&#8221;.<\/p>\n","protected":false},"featured_media":2249,"comment_status":"open","ping_status":"closed","template":"","meta":{"inline_featured_image":false},"product_brand":[],"product_cat":[344],"product_tag":[],"class_list":{"0":"post-2219","1":"product","2":"type-product","3":"status-publish","4":"has-post-thumbnail","6":"product_cat-produits-chimiques-de-recherche","8":"first","9":"instock","10":"shipping-taxable","11":"purchasable","12":"product-type-variable","13":"has-default-attributes"},"yoast_head":"<!-- This site is optimized with the Yoast SEO Premium plugin v20.6 (Yoast SEO v27.4) - https:\/\/yoast.com\/product\/yoast-seo-premium-wordpress\/ -->\n<title>Acheter JWH-250 en ligne | Commander JWH-250 | JWH-250 \u00e0 vendre<\/title>\n<meta name=\"description\" content=\"Acheter JWH-250 en ligne \u00e0 un prix abordable, nous sommes un fournisseur fiable et de confiance de JWH-250, avec une livraison rapide100% garantie et fiable.\" \/>\n<meta name=\"robots\" content=\"index, follow, max-snippet:-1, max-image-preview:large, max-video-preview:-1\" \/>\n<link rel=\"canonical\" href=\"https:\/\/gooddealersmeds.com\/fr\/product\/acheter-jwh-250-en-ligne\/\" \/>\n<meta property=\"og:locale\" content=\"en_US\" \/>\n<meta property=\"og:type\" content=\"article\" \/>\n<meta property=\"og:title\" content=\"Acheter JWH-250 en ligne\" \/>\n<meta property=\"og:description\" content=\"Acheter JWH-250 en ligne \u00e0 un prix abordable, nous sommes un fournisseur fiable et de confiance de JWH-250, avec une livraison rapide100% garantie et fiable.\" \/>\n<meta property=\"og:url\" content=\"https:\/\/gooddealersmeds.com\/fr\/product\/acheter-jwh-250-en-ligne\/\" \/>\n<meta property=\"og:site_name\" content=\"Good Dealers Meds\" \/>\n<meta property=\"article:modified_time\" content=\"2023-03-12T23:04:15+00:00\" \/>\n<meta property=\"og:image\" content=\"https:\/\/gooddealersmeds.com\/fr\/wp-content\/uploads\/sites\/5\/2023\/01\/jhw.png\" \/>\n\t<meta property=\"og:image:width\" content=\"267\" \/>\n\t<meta property=\"og:image:height\" content=\"189\" \/>\n\t<meta property=\"og:image:type\" content=\"image\/png\" \/>\n<meta name=\"twitter:card\" content=\"summary_large_image\" \/>\n<meta name=\"twitter:label1\" content=\"Est. reading time\" \/>\n\t<meta name=\"twitter:data1\" content=\"2 minutes\" \/>\n<script type=\"application\/ld+json\" class=\"yoast-schema-graph\">{\"@context\":\"https:\\\/\\\/schema.org\",\"@graph\":[{\"@type\":\"WebPage\",\"@id\":\"https:\\\/\\\/gooddealersmeds.com\\\/fr\\\/product\\\/acheter-jwh-250-en-ligne\\\/\",\"url\":\"https:\\\/\\\/gooddealersmeds.com\\\/fr\\\/product\\\/acheter-jwh-250-en-ligne\\\/\",\"name\":\"Acheter JWH-250 en ligne | Commander JWH-250 | JWH-250 \u00e0 vendre\",\"isPartOf\":{\"@id\":\"https:\\\/\\\/gooddealersmeds.com\\\/fr\\\/#website\"},\"primaryImageOfPage\":{\"@id\":\"https:\\\/\\\/gooddealersmeds.com\\\/fr\\\/product\\\/acheter-jwh-250-en-ligne\\\/#primaryimage\"},\"image\":{\"@id\":\"https:\\\/\\\/gooddealersmeds.com\\\/fr\\\/product\\\/acheter-jwh-250-en-ligne\\\/#primaryimage\"},\"thumbnailUrl\":\"https:\\\/\\\/gooddealersmeds.com\\\/fr\\\/wp-content\\\/uploads\\\/sites\\\/5\\\/2023\\\/01\\\/jhw.png\",\"datePublished\":\"2023-01-08T19:02:46+00:00\",\"dateModified\":\"2023-03-12T23:04:15+00:00\",\"description\":\"Acheter JWH-250 en ligne \u00e0 un prix abordable, nous sommes un fournisseur fiable et de confiance de JWH-250, avec une livraison rapide100% garantie et fiable.\",\"breadcrumb\":{\"@id\":\"https:\\\/\\\/gooddealersmeds.com\\\/fr\\\/product\\\/acheter-jwh-250-en-ligne\\\/#breadcrumb\"},\"inLanguage\":\"en-US\",\"potentialAction\":[{\"@type\":\"ReadAction\",\"target\":[\"https:\\\/\\\/gooddealersmeds.com\\\/fr\\\/product\\\/acheter-jwh-250-en-ligne\\\/\"]}]},{\"@type\":\"ImageObject\",\"inLanguage\":\"en-US\",\"@id\":\"https:\\\/\\\/gooddealersmeds.com\\\/fr\\\/product\\\/acheter-jwh-250-en-ligne\\\/#primaryimage\",\"url\":\"https:\\\/\\\/gooddealersmeds.com\\\/fr\\\/wp-content\\\/uploads\\\/sites\\\/5\\\/2023\\\/01\\\/jhw.png\",\"contentUrl\":\"https:\\\/\\\/gooddealersmeds.com\\\/fr\\\/wp-content\\\/uploads\\\/sites\\\/5\\\/2023\\\/01\\\/jhw.png\",\"width\":267,\"height\":189},{\"@type\":\"BreadcrumbList\",\"@id\":\"https:\\\/\\\/gooddealersmeds.com\\\/fr\\\/product\\\/acheter-jwh-250-en-ligne\\\/#breadcrumb\",\"itemListElement\":[{\"@type\":\"ListItem\",\"position\":1,\"name\":\"Home\",\"item\":\"https:\\\/\\\/gooddealersmeds.com\\\/fr\\\/\"},{\"@type\":\"ListItem\",\"position\":2,\"name\":\"Des produits\",\"item\":\"https:\\\/\\\/gooddealersmeds.com\\\/fr\\\/des-produits\\\/\"},{\"@type\":\"ListItem\",\"position\":3,\"name\":\"Acheter JWH-250 en ligne\"}]},{\"@type\":\"WebSite\",\"@id\":\"https:\\\/\\\/gooddealersmeds.com\\\/fr\\\/#website\",\"url\":\"https:\\\/\\\/gooddealersmeds.com\\\/fr\\\/\",\"name\":\"Good Dealers Meds\",\"description\":\"All our best\",\"publisher\":{\"@id\":\"https:\\\/\\\/gooddealersmeds.com\\\/fr\\\/#organization\"},\"potentialAction\":[{\"@type\":\"SearchAction\",\"target\":{\"@type\":\"EntryPoint\",\"urlTemplate\":\"https:\\\/\\\/gooddealersmeds.com\\\/fr\\\/?s={search_term_string}\"},\"query-input\":{\"@type\":\"PropertyValueSpecification\",\"valueRequired\":true,\"valueName\":\"search_term_string\"}}],\"inLanguage\":\"en-US\"},{\"@type\":\"Organization\",\"@id\":\"https:\\\/\\\/gooddealersmeds.com\\\/fr\\\/#organization\",\"name\":\"Good Dealers Meds\",\"url\":\"https:\\\/\\\/gooddealersmeds.com\\\/fr\\\/\",\"logo\":{\"@type\":\"ImageObject\",\"inLanguage\":\"en-US\",\"@id\":\"https:\\\/\\\/gooddealersmeds.com\\\/fr\\\/#\\\/schema\\\/logo\\\/image\\\/\",\"url\":\"https:\\\/\\\/gooddealersmeds.com\\\/fr\\\/wp-content\\\/uploads\\\/sites\\\/5\\\/2022\\\/03\\\/gooddealersmeds__logo__20220317T222800Z.00.png\",\"contentUrl\":\"https:\\\/\\\/gooddealersmeds.com\\\/fr\\\/wp-content\\\/uploads\\\/sites\\\/5\\\/2022\\\/03\\\/gooddealersmeds__logo__20220317T222800Z.00.png\",\"width\":500,\"height\":325,\"caption\":\"Good Dealers Meds\"},\"image\":{\"@id\":\"https:\\\/\\\/gooddealersmeds.com\\\/fr\\\/#\\\/schema\\\/logo\\\/image\\\/\"}}]}<\/script>\n<!-- \/ Yoast SEO Premium plugin. -->","yoast_head_json":{"title":"Acheter JWH-250 en ligne | Commander JWH-250 | JWH-250 \u00e0 vendre","description":"Acheter JWH-250 en ligne \u00e0 un prix abordable, nous sommes un fournisseur fiable et de confiance de JWH-250, avec une livraison rapide100% garantie et fiable.","robots":{"index":"index","follow":"follow","max-snippet":"max-snippet:-1","max-image-preview":"max-image-preview:large","max-video-preview":"max-video-preview:-1"},"canonical":"https:\/\/gooddealersmeds.com\/fr\/product\/acheter-jwh-250-en-ligne\/","og_locale":"en_US","og_type":"article","og_title":"Acheter JWH-250 en ligne","og_description":"Acheter JWH-250 en ligne \u00e0 un prix abordable, nous sommes un fournisseur fiable et de confiance de JWH-250, avec une livraison rapide100% garantie et fiable.","og_url":"https:\/\/gooddealersmeds.com\/fr\/product\/acheter-jwh-250-en-ligne\/","og_site_name":"Good Dealers Meds","article_modified_time":"2023-03-12T23:04:15+00:00","og_image":[{"width":267,"height":189,"url":"https:\/\/gooddealersmeds.com\/fr\/wp-content\/uploads\/sites\/5\/2023\/01\/jhw.png","type":"image\/png"}],"twitter_card":"summary_large_image","twitter_misc":{"Est. reading time":"2 minutes"},"schema":{"@context":"https:\/\/schema.org","@graph":[{"@type":"WebPage","@id":"https:\/\/gooddealersmeds.com\/fr\/product\/acheter-jwh-250-en-ligne\/","url":"https:\/\/gooddealersmeds.com\/fr\/product\/acheter-jwh-250-en-ligne\/","name":"Acheter JWH-250 en ligne | Commander JWH-250 | JWH-250 \u00e0 vendre","isPartOf":{"@id":"https:\/\/gooddealersmeds.com\/fr\/#website"},"primaryImageOfPage":{"@id":"https:\/\/gooddealersmeds.com\/fr\/product\/acheter-jwh-250-en-ligne\/#primaryimage"},"image":{"@id":"https:\/\/gooddealersmeds.com\/fr\/product\/acheter-jwh-250-en-ligne\/#primaryimage"},"thumbnailUrl":"https:\/\/gooddealersmeds.com\/fr\/wp-content\/uploads\/sites\/5\/2023\/01\/jhw.png","datePublished":"2023-01-08T19:02:46+00:00","dateModified":"2023-03-12T23:04:15+00:00","description":"Acheter JWH-250 en ligne \u00e0 un prix abordable, nous sommes un fournisseur fiable et de confiance de JWH-250, avec une livraison rapide100% garantie et fiable.","breadcrumb":{"@id":"https:\/\/gooddealersmeds.com\/fr\/product\/acheter-jwh-250-en-ligne\/#breadcrumb"},"inLanguage":"en-US","potentialAction":[{"@type":"ReadAction","target":["https:\/\/gooddealersmeds.com\/fr\/product\/acheter-jwh-250-en-ligne\/"]}]},{"@type":"ImageObject","inLanguage":"en-US","@id":"https:\/\/gooddealersmeds.com\/fr\/product\/acheter-jwh-250-en-ligne\/#primaryimage","url":"https:\/\/gooddealersmeds.com\/fr\/wp-content\/uploads\/sites\/5\/2023\/01\/jhw.png","contentUrl":"https:\/\/gooddealersmeds.com\/fr\/wp-content\/uploads\/sites\/5\/2023\/01\/jhw.png","width":267,"height":189},{"@type":"BreadcrumbList","@id":"https:\/\/gooddealersmeds.com\/fr\/product\/acheter-jwh-250-en-ligne\/#breadcrumb","itemListElement":[{"@type":"ListItem","position":1,"name":"Home","item":"https:\/\/gooddealersmeds.com\/fr\/"},{"@type":"ListItem","position":2,"name":"Des produits","item":"https:\/\/gooddealersmeds.com\/fr\/des-produits\/"},{"@type":"ListItem","position":3,"name":"Acheter JWH-250 en ligne"}]},{"@type":"WebSite","@id":"https:\/\/gooddealersmeds.com\/fr\/#website","url":"https:\/\/gooddealersmeds.com\/fr\/","name":"Good Dealers Meds","description":"All our best","publisher":{"@id":"https:\/\/gooddealersmeds.com\/fr\/#organization"},"potentialAction":[{"@type":"SearchAction","target":{"@type":"EntryPoint","urlTemplate":"https:\/\/gooddealersmeds.com\/fr\/?s={search_term_string}"},"query-input":{"@type":"PropertyValueSpecification","valueRequired":true,"valueName":"search_term_string"}}],"inLanguage":"en-US"},{"@type":"Organization","@id":"https:\/\/gooddealersmeds.com\/fr\/#organization","name":"Good Dealers Meds","url":"https:\/\/gooddealersmeds.com\/fr\/","logo":{"@type":"ImageObject","inLanguage":"en-US","@id":"https:\/\/gooddealersmeds.com\/fr\/#\/schema\/logo\/image\/","url":"https:\/\/gooddealersmeds.com\/fr\/wp-content\/uploads\/sites\/5\/2022\/03\/gooddealersmeds__logo__20220317T222800Z.00.png","contentUrl":"https:\/\/gooddealersmeds.com\/fr\/wp-content\/uploads\/sites\/5\/2022\/03\/gooddealersmeds__logo__20220317T222800Z.00.png","width":500,"height":325,"caption":"Good Dealers Meds"},"image":{"@id":"https:\/\/gooddealersmeds.com\/fr\/#\/schema\/logo\/image\/"}}]}},"_links":{"self":[{"href":"https:\/\/gooddealersmeds.com\/fr\/wp-json\/wp\/v2\/product\/2219","targetHints":{"allow":["GET"]}}],"collection":[{"href":"https:\/\/gooddealersmeds.com\/fr\/wp-json\/wp\/v2\/product"}],"about":[{"href":"https:\/\/gooddealersmeds.com\/fr\/wp-json\/wp\/v2\/types\/product"}],"replies":[{"embeddable":true,"href":"https:\/\/gooddealersmeds.com\/fr\/wp-json\/wp\/v2\/comments?post=2219"}],"wp:featuredmedia":[{"embeddable":true,"href":"https:\/\/gooddealersmeds.com\/fr\/wp-json\/wp\/v2\/media\/2249"}],"wp:attachment":[{"href":"https:\/\/gooddealersmeds.com\/fr\/wp-json\/wp\/v2\/media?parent=2219"}],"wp:term":[{"taxonomy":"product_brand","embeddable":true,"href":"https:\/\/gooddealersmeds.com\/fr\/wp-json\/wp\/v2\/product_brand?post=2219"},{"taxonomy":"product_cat","embeddable":true,"href":"https:\/\/gooddealersmeds.com\/fr\/wp-json\/wp\/v2\/product_cat?post=2219"},{"taxonomy":"product_tag","embeddable":true,"href":"https:\/\/gooddealersmeds.com\/fr\/wp-json\/wp\/v2\/product_tag?post=2219"}],"curies":[{"name":"wp","href":"https:\/\/api.w.org\/{rel}","templated":true}]}}