{"id":2218,"date":"2023-01-08T19:02:46","date_gmt":"2023-01-08T19:02:46","guid":{"rendered":"https:\/\/gooddealersmeds.com\/fr\/?post_type=product&#038;p=2218"},"modified":"2023-03-12T23:01:55","modified_gmt":"2023-03-12T23:01:55","slug":"acheter-jwh-018-en-ligne","status":"publish","type":"product","link":"https:\/\/gooddealersmeds.com\/fr\/product\/acheter-jwh-018-en-ligne\/","title":{"rendered":"Acheter JWH-018 en ligne"},"content":{"rendered":"<h2>JWH 018 Poudre\u00a0: Achetez JWH-018 en ligne<\/h2>\n<p>Acheter JWH-018 en ligne est un mat\u00e9riau de r\u00e9f\u00e9rence analytique class\u00e9 comme un <a href=\"https:\/\/www.frontiersin.org\/articles\/10.3389\/fpsyt.2018.00055\/full\">cannabino\u00efde synth\u00e9tique<\/a>. 1. Trouv\u00e9 dans les m\u00e9langes d&#8217;herbes de type Spice\/K2 et peut avoir des propri\u00e9t\u00e9s neurotoxiques. JWH-018 a \u00e9galement \u00e9t\u00e9 obtenu \u00e0 partir de trois sources en ligne non traditionnelles\u00a0: jwh018\u00a0gooddealchem.com.<\/p>\n<p>Voir et acheter JWH 018 en haute puret\u00e9. JWH-018 est un agoniste cannabino\u00efde synth\u00e9tique sans la structure chimique cannabino\u00efde classique. Il a \u00e9t\u00e9 utilis\u00e9 dans la recherche comme outil de recherche.<\/p>\n<p>Commande JWH-018<br \/>\no\u00f9 puis-je acheter JWH-018<br \/>\nJWH-018 \u00e0 vendre<br \/>\nJWH-018<br \/>\nacheter JWH-018 en ligne<br \/>\nJWH-018 acheter ici<\/p>\n<p>&nbsp;<\/p>\n<p><strong>JWH-018 \u00e0 vendre<\/strong><\/p>\n<p>Nous nous engageons \u00e0 aider les clients du monde entier \u00e0 r\u00e9pondre \u00e0 leurs divers besoins en leur fournissant des services complets et professionnels. Profitez d&#8217;une bonne r\u00e9putation parmi nos partenaires commerciaux et clients pour des produits de haute qualit\u00e9, maintenez les normes les plus \u00e9lev\u00e9es dans la fabrication de nos produits et la s\u00e9lection de tous les produits que nous incluons dans notre gamme avec des ann\u00e9es d&#8217;exp\u00e9rience.<\/p>\n<p>Dans cette industrie, nous nous sommes forg\u00e9 une r\u00e9putation comme l&#8217;un des fournisseurs les plus fiables au Royaume-Uni, en Europe et dans le monde.<\/p>\n<p>Nous savons qu&#8217;il existe de nombreuses options diff\u00e9rentes pour votre livraison de produits chimiques de recherche,<\/p>\n<p>Alors, s&#8217;il vous pla\u00eet, prenez un moment pour lire ce qui nous diff\u00e9rencie des autres.<\/p>\n<p>commander JWH-018 en ligne<br \/>\nJWH-018 pas cher \u00e0 vendre<br \/>\nJWH-018 ici<br \/>\nJWH-018 \u00e0 proximit\u00e9<br \/>\nJWH-018 o\u00f9 commander<br \/>\nDistributeur JWH-018<\/p>\n","protected":false},"excerpt":{"rendered":"<p><strong>Achetez JWH 018 en ligne\u00a0:<\/strong><\/p>\n<p>De nombreux clients JWH 018 commandent chez nous. Nous vendons la meilleure qualit\u00e9 JWH-018 en ligne et notre meilleur mode de paiement. Vous pouvez commander JWH-018 et le faire livrer du jour au lendemain, la livraison est effectu\u00e9e avec soin, aucune signature requise. Gooddealchem.com est votre solution pour acheter JWH-018 en ligne.<\/p>\n","protected":false},"featured_media":2248,"comment_status":"open","ping_status":"closed","template":"","meta":{"inline_featured_image":false},"product_brand":[],"product_cat":[344],"product_tag":[681,680],"class_list":{"0":"post-2218","1":"product","2":"type-product","3":"status-publish","4":"has-post-thumbnail","6":"product_cat-produits-chimiques-de-recherche","7":"product_tag-fournisseur-legitime-de-jwh-018","8":"product_tag-lachat-de-jwh-018-en-ligne-est-jwh-018-legal","10":"first","11":"instock","12":"shipping-taxable","13":"purchasable","14":"product-type-variable","15":"has-default-attributes"},"yoast_head":"<!-- This site is optimized with the Yoast SEO Premium plugin v20.6 (Yoast SEO v27.3) - https:\/\/yoast.com\/product\/yoast-seo-premium-wordpress\/ -->\n<title>Acheter JWH-018 en ligne | Commandez JWH-018 ici | JWH-018 \u00e0 vendre.<\/title>\n<meta name=\"description\" content=\"Acheter JWH-018 en ligne, nous sommes les meilleurs fournisseurs de JWH-018 \u00e0 un prix abordable et garantissons la livraison. Commandez le meilleur produit de qualit\u00e9.\" \/>\n<meta name=\"robots\" content=\"index, follow, max-snippet:-1, max-image-preview:large, max-video-preview:-1\" \/>\n<link rel=\"canonical\" href=\"https:\/\/gooddealersmeds.com\/fr\/product\/acheter-jwh-018-en-ligne\/\" \/>\n<meta property=\"og:locale\" content=\"en_US\" \/>\n<meta property=\"og:type\" content=\"article\" \/>\n<meta property=\"og:title\" content=\"Acheter JWH-018 en ligne\" \/>\n<meta property=\"og:description\" content=\"Acheter JWH-018 en ligne, nous sommes les meilleurs fournisseurs de JWH-018 \u00e0 un prix abordable et garantissons la livraison. Commandez le meilleur produit de qualit\u00e9.\" \/>\n<meta property=\"og:url\" content=\"https:\/\/gooddealersmeds.com\/fr\/product\/acheter-jwh-018-en-ligne\/\" \/>\n<meta property=\"og:site_name\" content=\"Good Dealers Meds\" \/>\n<meta property=\"article:modified_time\" content=\"2023-03-12T23:01:55+00:00\" \/>\n<meta property=\"og:image\" content=\"https:\/\/gooddealersmeds.com\/fr\/wp-content\/uploads\/sites\/5\/2023\/01\/JHW-018-1.jpg\" \/>\n\t<meta property=\"og:image:width\" content=\"600\" \/>\n\t<meta property=\"og:image:height\" content=\"600\" \/>\n\t<meta property=\"og:image:type\" content=\"image\/jpeg\" \/>\n<meta name=\"twitter:card\" content=\"summary_large_image\" \/>\n<meta name=\"twitter:label1\" content=\"Est. reading time\" \/>\n\t<meta name=\"twitter:data1\" content=\"1 minute\" \/>\n<script type=\"application\/ld+json\" class=\"yoast-schema-graph\">{\"@context\":\"https:\\\/\\\/schema.org\",\"@graph\":[{\"@type\":\"WebPage\",\"@id\":\"https:\\\/\\\/gooddealersmeds.com\\\/fr\\\/product\\\/acheter-jwh-018-en-ligne\\\/\",\"url\":\"https:\\\/\\\/gooddealersmeds.com\\\/fr\\\/product\\\/acheter-jwh-018-en-ligne\\\/\",\"name\":\"Acheter JWH-018 en ligne | Commandez JWH-018 ici | JWH-018 \u00e0 vendre.\",\"isPartOf\":{\"@id\":\"https:\\\/\\\/gooddealersmeds.com\\\/fr\\\/#website\"},\"primaryImageOfPage\":{\"@id\":\"https:\\\/\\\/gooddealersmeds.com\\\/fr\\\/product\\\/acheter-jwh-018-en-ligne\\\/#primaryimage\"},\"image\":{\"@id\":\"https:\\\/\\\/gooddealersmeds.com\\\/fr\\\/product\\\/acheter-jwh-018-en-ligne\\\/#primaryimage\"},\"thumbnailUrl\":\"https:\\\/\\\/gooddealersmeds.com\\\/fr\\\/wp-content\\\/uploads\\\/sites\\\/5\\\/2023\\\/01\\\/JHW-018-1.jpg\",\"datePublished\":\"2023-01-08T19:02:46+00:00\",\"dateModified\":\"2023-03-12T23:01:55+00:00\",\"description\":\"Acheter JWH-018 en ligne, nous sommes les meilleurs fournisseurs de JWH-018 \u00e0 un prix abordable et garantissons la livraison. Commandez le meilleur produit de qualit\u00e9.\",\"breadcrumb\":{\"@id\":\"https:\\\/\\\/gooddealersmeds.com\\\/fr\\\/product\\\/acheter-jwh-018-en-ligne\\\/#breadcrumb\"},\"inLanguage\":\"en-US\",\"potentialAction\":[{\"@type\":\"ReadAction\",\"target\":[\"https:\\\/\\\/gooddealersmeds.com\\\/fr\\\/product\\\/acheter-jwh-018-en-ligne\\\/\"]}]},{\"@type\":\"ImageObject\",\"inLanguage\":\"en-US\",\"@id\":\"https:\\\/\\\/gooddealersmeds.com\\\/fr\\\/product\\\/acheter-jwh-018-en-ligne\\\/#primaryimage\",\"url\":\"https:\\\/\\\/gooddealersmeds.com\\\/fr\\\/wp-content\\\/uploads\\\/sites\\\/5\\\/2023\\\/01\\\/JHW-018-1.jpg\",\"contentUrl\":\"https:\\\/\\\/gooddealersmeds.com\\\/fr\\\/wp-content\\\/uploads\\\/sites\\\/5\\\/2023\\\/01\\\/JHW-018-1.jpg\",\"width\":600,\"height\":600},{\"@type\":\"BreadcrumbList\",\"@id\":\"https:\\\/\\\/gooddealersmeds.com\\\/fr\\\/product\\\/acheter-jwh-018-en-ligne\\\/#breadcrumb\",\"itemListElement\":[{\"@type\":\"ListItem\",\"position\":1,\"name\":\"Home\",\"item\":\"https:\\\/\\\/gooddealersmeds.com\\\/fr\\\/\"},{\"@type\":\"ListItem\",\"position\":2,\"name\":\"Des produits\",\"item\":\"https:\\\/\\\/gooddealersmeds.com\\\/fr\\\/des-produits\\\/\"},{\"@type\":\"ListItem\",\"position\":3,\"name\":\"Acheter JWH-018 en ligne\"}]},{\"@type\":\"WebSite\",\"@id\":\"https:\\\/\\\/gooddealersmeds.com\\\/fr\\\/#website\",\"url\":\"https:\\\/\\\/gooddealersmeds.com\\\/fr\\\/\",\"name\":\"Good Dealers Meds\",\"description\":\"All our best\",\"publisher\":{\"@id\":\"https:\\\/\\\/gooddealersmeds.com\\\/fr\\\/#organization\"},\"potentialAction\":[{\"@type\":\"SearchAction\",\"target\":{\"@type\":\"EntryPoint\",\"urlTemplate\":\"https:\\\/\\\/gooddealersmeds.com\\\/fr\\\/?s={search_term_string}\"},\"query-input\":{\"@type\":\"PropertyValueSpecification\",\"valueRequired\":true,\"valueName\":\"search_term_string\"}}],\"inLanguage\":\"en-US\"},{\"@type\":\"Organization\",\"@id\":\"https:\\\/\\\/gooddealersmeds.com\\\/fr\\\/#organization\",\"name\":\"Good Dealers Meds\",\"url\":\"https:\\\/\\\/gooddealersmeds.com\\\/fr\\\/\",\"logo\":{\"@type\":\"ImageObject\",\"inLanguage\":\"en-US\",\"@id\":\"https:\\\/\\\/gooddealersmeds.com\\\/fr\\\/#\\\/schema\\\/logo\\\/image\\\/\",\"url\":\"https:\\\/\\\/gooddealersmeds.com\\\/fr\\\/wp-content\\\/uploads\\\/sites\\\/5\\\/2022\\\/03\\\/gooddealersmeds__logo__20220317T222800Z.00.png\",\"contentUrl\":\"https:\\\/\\\/gooddealersmeds.com\\\/fr\\\/wp-content\\\/uploads\\\/sites\\\/5\\\/2022\\\/03\\\/gooddealersmeds__logo__20220317T222800Z.00.png\",\"width\":500,\"height\":325,\"caption\":\"Good Dealers Meds\"},\"image\":{\"@id\":\"https:\\\/\\\/gooddealersmeds.com\\\/fr\\\/#\\\/schema\\\/logo\\\/image\\\/\"}}]}<\/script>\n<!-- \/ Yoast SEO Premium plugin. -->","yoast_head_json":{"title":"Acheter JWH-018 en ligne | Commandez JWH-018 ici | JWH-018 \u00e0 vendre.","description":"Acheter JWH-018 en ligne, nous sommes les meilleurs fournisseurs de JWH-018 \u00e0 un prix abordable et garantissons la livraison. Commandez le meilleur produit de qualit\u00e9.","robots":{"index":"index","follow":"follow","max-snippet":"max-snippet:-1","max-image-preview":"max-image-preview:large","max-video-preview":"max-video-preview:-1"},"canonical":"https:\/\/gooddealersmeds.com\/fr\/product\/acheter-jwh-018-en-ligne\/","og_locale":"en_US","og_type":"article","og_title":"Acheter JWH-018 en ligne","og_description":"Acheter JWH-018 en ligne, nous sommes les meilleurs fournisseurs de JWH-018 \u00e0 un prix abordable et garantissons la livraison. Commandez le meilleur produit de qualit\u00e9.","og_url":"https:\/\/gooddealersmeds.com\/fr\/product\/acheter-jwh-018-en-ligne\/","og_site_name":"Good Dealers Meds","article_modified_time":"2023-03-12T23:01:55+00:00","og_image":[{"width":600,"height":600,"url":"https:\/\/gooddealersmeds.com\/fr\/wp-content\/uploads\/sites\/5\/2023\/01\/JHW-018-1.jpg","type":"image\/jpeg"}],"twitter_card":"summary_large_image","twitter_misc":{"Est. reading time":"1 minute"},"schema":{"@context":"https:\/\/schema.org","@graph":[{"@type":"WebPage","@id":"https:\/\/gooddealersmeds.com\/fr\/product\/acheter-jwh-018-en-ligne\/","url":"https:\/\/gooddealersmeds.com\/fr\/product\/acheter-jwh-018-en-ligne\/","name":"Acheter JWH-018 en ligne | Commandez JWH-018 ici | JWH-018 \u00e0 vendre.","isPartOf":{"@id":"https:\/\/gooddealersmeds.com\/fr\/#website"},"primaryImageOfPage":{"@id":"https:\/\/gooddealersmeds.com\/fr\/product\/acheter-jwh-018-en-ligne\/#primaryimage"},"image":{"@id":"https:\/\/gooddealersmeds.com\/fr\/product\/acheter-jwh-018-en-ligne\/#primaryimage"},"thumbnailUrl":"https:\/\/gooddealersmeds.com\/fr\/wp-content\/uploads\/sites\/5\/2023\/01\/JHW-018-1.jpg","datePublished":"2023-01-08T19:02:46+00:00","dateModified":"2023-03-12T23:01:55+00:00","description":"Acheter JWH-018 en ligne, nous sommes les meilleurs fournisseurs de JWH-018 \u00e0 un prix abordable et garantissons la livraison. Commandez le meilleur produit de qualit\u00e9.","breadcrumb":{"@id":"https:\/\/gooddealersmeds.com\/fr\/product\/acheter-jwh-018-en-ligne\/#breadcrumb"},"inLanguage":"en-US","potentialAction":[{"@type":"ReadAction","target":["https:\/\/gooddealersmeds.com\/fr\/product\/acheter-jwh-018-en-ligne\/"]}]},{"@type":"ImageObject","inLanguage":"en-US","@id":"https:\/\/gooddealersmeds.com\/fr\/product\/acheter-jwh-018-en-ligne\/#primaryimage","url":"https:\/\/gooddealersmeds.com\/fr\/wp-content\/uploads\/sites\/5\/2023\/01\/JHW-018-1.jpg","contentUrl":"https:\/\/gooddealersmeds.com\/fr\/wp-content\/uploads\/sites\/5\/2023\/01\/JHW-018-1.jpg","width":600,"height":600},{"@type":"BreadcrumbList","@id":"https:\/\/gooddealersmeds.com\/fr\/product\/acheter-jwh-018-en-ligne\/#breadcrumb","itemListElement":[{"@type":"ListItem","position":1,"name":"Home","item":"https:\/\/gooddealersmeds.com\/fr\/"},{"@type":"ListItem","position":2,"name":"Des produits","item":"https:\/\/gooddealersmeds.com\/fr\/des-produits\/"},{"@type":"ListItem","position":3,"name":"Acheter JWH-018 en ligne"}]},{"@type":"WebSite","@id":"https:\/\/gooddealersmeds.com\/fr\/#website","url":"https:\/\/gooddealersmeds.com\/fr\/","name":"Good Dealers Meds","description":"All our best","publisher":{"@id":"https:\/\/gooddealersmeds.com\/fr\/#organization"},"potentialAction":[{"@type":"SearchAction","target":{"@type":"EntryPoint","urlTemplate":"https:\/\/gooddealersmeds.com\/fr\/?s={search_term_string}"},"query-input":{"@type":"PropertyValueSpecification","valueRequired":true,"valueName":"search_term_string"}}],"inLanguage":"en-US"},{"@type":"Organization","@id":"https:\/\/gooddealersmeds.com\/fr\/#organization","name":"Good Dealers Meds","url":"https:\/\/gooddealersmeds.com\/fr\/","logo":{"@type":"ImageObject","inLanguage":"en-US","@id":"https:\/\/gooddealersmeds.com\/fr\/#\/schema\/logo\/image\/","url":"https:\/\/gooddealersmeds.com\/fr\/wp-content\/uploads\/sites\/5\/2022\/03\/gooddealersmeds__logo__20220317T222800Z.00.png","contentUrl":"https:\/\/gooddealersmeds.com\/fr\/wp-content\/uploads\/sites\/5\/2022\/03\/gooddealersmeds__logo__20220317T222800Z.00.png","width":500,"height":325,"caption":"Good Dealers Meds"},"image":{"@id":"https:\/\/gooddealersmeds.com\/fr\/#\/schema\/logo\/image\/"}}]}},"_links":{"self":[{"href":"https:\/\/gooddealersmeds.com\/fr\/wp-json\/wp\/v2\/product\/2218","targetHints":{"allow":["GET"]}}],"collection":[{"href":"https:\/\/gooddealersmeds.com\/fr\/wp-json\/wp\/v2\/product"}],"about":[{"href":"https:\/\/gooddealersmeds.com\/fr\/wp-json\/wp\/v2\/types\/product"}],"replies":[{"embeddable":true,"href":"https:\/\/gooddealersmeds.com\/fr\/wp-json\/wp\/v2\/comments?post=2218"}],"wp:featuredmedia":[{"embeddable":true,"href":"https:\/\/gooddealersmeds.com\/fr\/wp-json\/wp\/v2\/media\/2248"}],"wp:attachment":[{"href":"https:\/\/gooddealersmeds.com\/fr\/wp-json\/wp\/v2\/media?parent=2218"}],"wp:term":[{"taxonomy":"product_brand","embeddable":true,"href":"https:\/\/gooddealersmeds.com\/fr\/wp-json\/wp\/v2\/product_brand?post=2218"},{"taxonomy":"product_cat","embeddable":true,"href":"https:\/\/gooddealersmeds.com\/fr\/wp-json\/wp\/v2\/product_cat?post=2218"},{"taxonomy":"product_tag","embeddable":true,"href":"https:\/\/gooddealersmeds.com\/fr\/wp-json\/wp\/v2\/product_tag?post=2218"}],"curies":[{"name":"wp","href":"https:\/\/api.w.org\/{rel}","templated":true}]}}