{"id":2217,"date":"2023-01-08T19:02:46","date_gmt":"2023-01-08T19:02:46","guid":{"rendered":"https:\/\/gooddealersmeds.com\/fr\/?post_type=product&#038;p=2217"},"modified":"2023-03-12T22:40:53","modified_gmt":"2023-03-12T22:40:53","slug":"acheter-caluanie-muelar-oxydize","status":"publish","type":"product","link":"https:\/\/gooddealersmeds.com\/fr\/product\/acheter-caluanie-muelar-oxydize\/","title":{"rendered":"Acheter Caluanie Muelar Oxydize"},"content":{"rendered":"<h2><strong>Caluanie Muelear Oxydize \u00e0 vendre en ligne \/ Acheter Caluanie Muelear Oxydize\u00a0<\/strong><\/h2>\n<p>Acheter Caluanie Muelear Oxydize , Le produit <a href=\"https:\/\/en.wikipedia.org\/wiki\/Research_chemical\">chimique<\/a>\u00a0de Caluanie est un liquide visqueux brun clair obtenu \u00e0 partir de<\/p>\n<p>La caluanie est utilis\u00e9e dans les industries chimiques et de la peinture comme agent hygroscopique et est largement utilis\u00e9e dans les industries des rev\u00eatements, des peintures, des plastiques et des encres d&#8217;imprimerie.<\/p>\n<p>&nbsp;<\/p>\n<p><strong>Nous proposons Caluanie Muelear Oxidize \u00e0 vendre.<\/strong><\/p>\n<p>Produits\u00a0:\u00a0Caluanie Muelear Oxidize\u00a0(Caluanie brut produit \u00e0 99\u00a0% par Muelearoxide), Caluanie (thermostat de distribution oxydante, eau lourde)\u00a0:<\/p>\n<p>Ce produit est utilis\u00e9 pour le concassage et le traitement des m\u00e9taux pr\u00e9cieux et des pierres semi-pr\u00e9cieuses. Il est utilis\u00e9 dans le traitement des pierres pr\u00e9cieuses et semi-pr\u00e9cieuses, ainsi que pour le broyage des m\u00e9taux dans l&#8217;industrie chimique. Caluanie Mulear Oxid en ligne USA<\/p>\n<p>Emballage disponible\u00a0: 5\u00a0L et 20\u00a0L, 50\u00a0L, 100\u00a0L en vrac ou \u00e0 la demande de l&#8217;acheteur.,<\/p>\n<p>Acheter Oxyde Caluanie Mulear en ligne Europe<br \/>\nO\u00f9 acheter Caluanie Mulear Oxide en ligne Europe<br \/>\nVente en gros Caluanie Mulear Oxide en ligne Europe<\/p>\n<p>Nous sommes un fournisseur fiable et obtenons 100 % de succ\u00e8s dans tous les pays.<br \/>\nL&#8217;eau lourde modifie les propri\u00e9t\u00e9s des m\u00e9taux et les rend cassants. Mais au moment de l&#8217;\u00e9vaporation de l&#8217;eau lourde, le m\u00e9tal revient \u00e0 son \u00e9tat d&#8217;origine<\/p>\n<p>Caluanie Muelar Oxyder commander<br \/>\nO\u00f9 puis-je acheter Caluanie Muelar Oxydize<br \/>\nCaluanie Muelar Oxydize \u00e0 vendre<br \/>\nCaluanie Muelar Oxyd\u00e9<br \/>\nacheter Caluanie Muelar Oxydize en ligne<br \/>\nCaluanie Muelar Oxydize acheter ici<br \/>\nCaluanie Muelar Oxyd\u00e9<br \/>\ncommander Caluanie Muelar Oxydize en ligne<br \/>\nPas cher Caluanie Muelear oxyder \u00e0 vendre<br \/>\nCaluanie Muelar Oxyder ici<br \/>\nCaluanie Muelar Oxyder \u00e0 proximit\u00e9<br \/>\nCaluanie Muelar Oxyder o\u00f9 commander<br \/>\nDistributeur Caluanie Muelar Oxydize<\/p>\n<p>Commander Caluanie Mulear Oxide en ligne Europe<br \/>\nO\u00f9 commander Caluanie Mulear Oxide en ligne Europe<br \/>\nVente en gros Caluanie Mulear Oxyde en ligne<\/p>\n<p>Nous proposons \u00e0 la vente Caluanie Muelear Oxydize<\/p>\n","protected":false},"excerpt":{"rendered":"<p><strong>Achetez de l&#8217;oxyde Caluanie Muelar fabriqu\u00e9 aux \u00c9tats-Unis pour le concassage des m\u00e9taux<\/strong><\/p>\n<p>Nous proposons \u00e0 la vente Caluanie Muelear Oxydize. Produit : Caluanie Muelear Oxidize (Caluanie brute \u00e0 99% produite \u00e0 partir de Muelearoxidize) Caluanie (Thermostat pour partisanisation oxydative, eau lourde) : Prix par bo\u00eete (1 pi\u00e8ce) -5 L.<\/p>\n","protected":false},"featured_media":2247,"comment_status":"open","ping_status":"closed","template":"","meta":{"inline_featured_image":false},"product_brand":[],"product_cat":[344],"product_tag":[692,682,685,683,688,684,686,689,687,691,693,690],"class_list":{"0":"post-2217","1":"product","2":"type-product","3":"status-publish","4":"has-post-thumbnail","6":"product_cat-produits-chimiques-de-recherche","7":"product_tag-acheter-caluanie-muelear-oxidize-en-ligne","8":"product_tag-caluanie-muelear-oxydez","9":"product_tag-caluanie-muelear-oxydez-a-vendre","10":"product_tag-caluanie-muelear-oxydez-acheter-ici","11":"product_tag-caluanie-muelear-oxydez-commander","12":"product_tag-caluanie-muelear-oxydez-distributeur","13":"product_tag-caluanie-muelear-oxydez-ici","14":"product_tag-caluanie-muelear-oxydez-ou-commander","15":"product_tag-caluanie-muelear-oxydez-pres-de-chez-moi","16":"product_tag-commander-caluanie-muelear-oxydize-en-ligne","17":"product_tag-ou-puis-je-acheter-caluanie-muelear-oxidize","18":"product_tag-pas-cher-caluanie-muelear-oxydez-a-vendre","20":"first","21":"instock","22":"shipping-taxable","23":"purchasable","24":"product-type-variable","25":"has-default-attributes"},"yoast_head":"<!-- This site is optimized with the Yoast SEO Premium plugin v20.6 (Yoast SEO v27.4) - https:\/\/yoast.com\/product\/yoast-seo-premium-wordpress\/ -->\n<title>Acheter Caluanie Muelar Oxydize | Caluanie Muelear oxyder \u00e0 vendre.<\/title>\n<meta name=\"description\" content=\"Nous sommes les meilleurs fournisseurs de Caluanie Muelear Oxydize \u00e0 un prix abordable et garantissons la livraison. Acheter Caluanie Muelar Oxydize.\" \/>\n<meta name=\"robots\" content=\"index, follow, max-snippet:-1, max-image-preview:large, max-video-preview:-1\" \/>\n<link rel=\"canonical\" href=\"https:\/\/gooddealersmeds.com\/fr\/product\/acheter-caluanie-muelar-oxydize\/\" \/>\n<meta property=\"og:locale\" content=\"en_US\" \/>\n<meta property=\"og:type\" content=\"article\" \/>\n<meta property=\"og:title\" content=\"Acheter Caluanie Muelar Oxydize\" \/>\n<meta property=\"og:description\" content=\"Nous sommes les meilleurs fournisseurs de Caluanie Muelear Oxydize \u00e0 un prix abordable et garantissons la livraison. Acheter Caluanie Muelar Oxydize.\" \/>\n<meta property=\"og:url\" content=\"https:\/\/gooddealersmeds.com\/fr\/product\/acheter-caluanie-muelar-oxydize\/\" \/>\n<meta property=\"og:site_name\" content=\"Good Dealers Meds\" \/>\n<meta property=\"article:modified_time\" content=\"2023-03-12T22:40:53+00:00\" \/>\n<meta property=\"og:image\" content=\"https:\/\/gooddealersmeds.com\/fr\/wp-content\/uploads\/sites\/5\/2023\/01\/Caluanie-Muelear-Oxidize-for-sal.jpg\" \/>\n\t<meta property=\"og:image:width\" content=\"600\" \/>\n\t<meta property=\"og:image:height\" content=\"600\" \/>\n\t<meta property=\"og:image:type\" content=\"image\/jpeg\" \/>\n<meta name=\"twitter:card\" content=\"summary_large_image\" \/>\n<meta name=\"twitter:label1\" content=\"Est. reading time\" \/>\n\t<meta name=\"twitter:data1\" content=\"2 minutes\" \/>\n<script type=\"application\/ld+json\" class=\"yoast-schema-graph\">{\"@context\":\"https:\\\/\\\/schema.org\",\"@graph\":[{\"@type\":\"WebPage\",\"@id\":\"https:\\\/\\\/gooddealersmeds.com\\\/fr\\\/product\\\/acheter-caluanie-muelar-oxydize\\\/\",\"url\":\"https:\\\/\\\/gooddealersmeds.com\\\/fr\\\/product\\\/acheter-caluanie-muelar-oxydize\\\/\",\"name\":\"Acheter Caluanie Muelar Oxydize | Caluanie Muelear oxyder \u00e0 vendre.\",\"isPartOf\":{\"@id\":\"https:\\\/\\\/gooddealersmeds.com\\\/fr\\\/#website\"},\"primaryImageOfPage\":{\"@id\":\"https:\\\/\\\/gooddealersmeds.com\\\/fr\\\/product\\\/acheter-caluanie-muelar-oxydize\\\/#primaryimage\"},\"image\":{\"@id\":\"https:\\\/\\\/gooddealersmeds.com\\\/fr\\\/product\\\/acheter-caluanie-muelar-oxydize\\\/#primaryimage\"},\"thumbnailUrl\":\"https:\\\/\\\/gooddealersmeds.com\\\/fr\\\/wp-content\\\/uploads\\\/sites\\\/5\\\/2023\\\/01\\\/Caluanie-Muelear-Oxidize-for-sal.jpg\",\"datePublished\":\"2023-01-08T19:02:46+00:00\",\"dateModified\":\"2023-03-12T22:40:53+00:00\",\"description\":\"Nous sommes les meilleurs fournisseurs de Caluanie Muelear Oxydize \u00e0 un prix abordable et garantissons la livraison. Acheter Caluanie Muelar Oxydize.\",\"breadcrumb\":{\"@id\":\"https:\\\/\\\/gooddealersmeds.com\\\/fr\\\/product\\\/acheter-caluanie-muelar-oxydize\\\/#breadcrumb\"},\"inLanguage\":\"en-US\",\"potentialAction\":[{\"@type\":\"ReadAction\",\"target\":[\"https:\\\/\\\/gooddealersmeds.com\\\/fr\\\/product\\\/acheter-caluanie-muelar-oxydize\\\/\"]}]},{\"@type\":\"ImageObject\",\"inLanguage\":\"en-US\",\"@id\":\"https:\\\/\\\/gooddealersmeds.com\\\/fr\\\/product\\\/acheter-caluanie-muelar-oxydize\\\/#primaryimage\",\"url\":\"https:\\\/\\\/gooddealersmeds.com\\\/fr\\\/wp-content\\\/uploads\\\/sites\\\/5\\\/2023\\\/01\\\/Caluanie-Muelear-Oxidize-for-sal.jpg\",\"contentUrl\":\"https:\\\/\\\/gooddealersmeds.com\\\/fr\\\/wp-content\\\/uploads\\\/sites\\\/5\\\/2023\\\/01\\\/Caluanie-Muelear-Oxidize-for-sal.jpg\",\"width\":600,\"height\":600},{\"@type\":\"BreadcrumbList\",\"@id\":\"https:\\\/\\\/gooddealersmeds.com\\\/fr\\\/product\\\/acheter-caluanie-muelar-oxydize\\\/#breadcrumb\",\"itemListElement\":[{\"@type\":\"ListItem\",\"position\":1,\"name\":\"Home\",\"item\":\"https:\\\/\\\/gooddealersmeds.com\\\/fr\\\/\"},{\"@type\":\"ListItem\",\"position\":2,\"name\":\"Des produits\",\"item\":\"https:\\\/\\\/gooddealersmeds.com\\\/fr\\\/des-produits\\\/\"},{\"@type\":\"ListItem\",\"position\":3,\"name\":\"Acheter Caluanie Muelar Oxydize\"}]},{\"@type\":\"WebSite\",\"@id\":\"https:\\\/\\\/gooddealersmeds.com\\\/fr\\\/#website\",\"url\":\"https:\\\/\\\/gooddealersmeds.com\\\/fr\\\/\",\"name\":\"Good Dealers Meds\",\"description\":\"All our best\",\"publisher\":{\"@id\":\"https:\\\/\\\/gooddealersmeds.com\\\/fr\\\/#organization\"},\"potentialAction\":[{\"@type\":\"SearchAction\",\"target\":{\"@type\":\"EntryPoint\",\"urlTemplate\":\"https:\\\/\\\/gooddealersmeds.com\\\/fr\\\/?s={search_term_string}\"},\"query-input\":{\"@type\":\"PropertyValueSpecification\",\"valueRequired\":true,\"valueName\":\"search_term_string\"}}],\"inLanguage\":\"en-US\"},{\"@type\":\"Organization\",\"@id\":\"https:\\\/\\\/gooddealersmeds.com\\\/fr\\\/#organization\",\"name\":\"Good Dealers Meds\",\"url\":\"https:\\\/\\\/gooddealersmeds.com\\\/fr\\\/\",\"logo\":{\"@type\":\"ImageObject\",\"inLanguage\":\"en-US\",\"@id\":\"https:\\\/\\\/gooddealersmeds.com\\\/fr\\\/#\\\/schema\\\/logo\\\/image\\\/\",\"url\":\"https:\\\/\\\/gooddealersmeds.com\\\/fr\\\/wp-content\\\/uploads\\\/sites\\\/5\\\/2022\\\/03\\\/gooddealersmeds__logo__20220317T222800Z.00.png\",\"contentUrl\":\"https:\\\/\\\/gooddealersmeds.com\\\/fr\\\/wp-content\\\/uploads\\\/sites\\\/5\\\/2022\\\/03\\\/gooddealersmeds__logo__20220317T222800Z.00.png\",\"width\":500,\"height\":325,\"caption\":\"Good Dealers Meds\"},\"image\":{\"@id\":\"https:\\\/\\\/gooddealersmeds.com\\\/fr\\\/#\\\/schema\\\/logo\\\/image\\\/\"}}]}<\/script>\n<!-- \/ Yoast SEO Premium plugin. -->","yoast_head_json":{"title":"Acheter Caluanie Muelar Oxydize | Caluanie Muelear oxyder \u00e0 vendre.","description":"Nous sommes les meilleurs fournisseurs de Caluanie Muelear Oxydize \u00e0 un prix abordable et garantissons la livraison. Acheter Caluanie Muelar Oxydize.","robots":{"index":"index","follow":"follow","max-snippet":"max-snippet:-1","max-image-preview":"max-image-preview:large","max-video-preview":"max-video-preview:-1"},"canonical":"https:\/\/gooddealersmeds.com\/fr\/product\/acheter-caluanie-muelar-oxydize\/","og_locale":"en_US","og_type":"article","og_title":"Acheter Caluanie Muelar Oxydize","og_description":"Nous sommes les meilleurs fournisseurs de Caluanie Muelear Oxydize \u00e0 un prix abordable et garantissons la livraison. Acheter Caluanie Muelar Oxydize.","og_url":"https:\/\/gooddealersmeds.com\/fr\/product\/acheter-caluanie-muelar-oxydize\/","og_site_name":"Good Dealers Meds","article_modified_time":"2023-03-12T22:40:53+00:00","og_image":[{"width":600,"height":600,"url":"https:\/\/gooddealersmeds.com\/fr\/wp-content\/uploads\/sites\/5\/2023\/01\/Caluanie-Muelear-Oxidize-for-sal.jpg","type":"image\/jpeg"}],"twitter_card":"summary_large_image","twitter_misc":{"Est. reading time":"2 minutes"},"schema":{"@context":"https:\/\/schema.org","@graph":[{"@type":"WebPage","@id":"https:\/\/gooddealersmeds.com\/fr\/product\/acheter-caluanie-muelar-oxydize\/","url":"https:\/\/gooddealersmeds.com\/fr\/product\/acheter-caluanie-muelar-oxydize\/","name":"Acheter Caluanie Muelar Oxydize | Caluanie Muelear oxyder \u00e0 vendre.","isPartOf":{"@id":"https:\/\/gooddealersmeds.com\/fr\/#website"},"primaryImageOfPage":{"@id":"https:\/\/gooddealersmeds.com\/fr\/product\/acheter-caluanie-muelar-oxydize\/#primaryimage"},"image":{"@id":"https:\/\/gooddealersmeds.com\/fr\/product\/acheter-caluanie-muelar-oxydize\/#primaryimage"},"thumbnailUrl":"https:\/\/gooddealersmeds.com\/fr\/wp-content\/uploads\/sites\/5\/2023\/01\/Caluanie-Muelear-Oxidize-for-sal.jpg","datePublished":"2023-01-08T19:02:46+00:00","dateModified":"2023-03-12T22:40:53+00:00","description":"Nous sommes les meilleurs fournisseurs de Caluanie Muelear Oxydize \u00e0 un prix abordable et garantissons la livraison. Acheter Caluanie Muelar Oxydize.","breadcrumb":{"@id":"https:\/\/gooddealersmeds.com\/fr\/product\/acheter-caluanie-muelar-oxydize\/#breadcrumb"},"inLanguage":"en-US","potentialAction":[{"@type":"ReadAction","target":["https:\/\/gooddealersmeds.com\/fr\/product\/acheter-caluanie-muelar-oxydize\/"]}]},{"@type":"ImageObject","inLanguage":"en-US","@id":"https:\/\/gooddealersmeds.com\/fr\/product\/acheter-caluanie-muelar-oxydize\/#primaryimage","url":"https:\/\/gooddealersmeds.com\/fr\/wp-content\/uploads\/sites\/5\/2023\/01\/Caluanie-Muelear-Oxidize-for-sal.jpg","contentUrl":"https:\/\/gooddealersmeds.com\/fr\/wp-content\/uploads\/sites\/5\/2023\/01\/Caluanie-Muelear-Oxidize-for-sal.jpg","width":600,"height":600},{"@type":"BreadcrumbList","@id":"https:\/\/gooddealersmeds.com\/fr\/product\/acheter-caluanie-muelar-oxydize\/#breadcrumb","itemListElement":[{"@type":"ListItem","position":1,"name":"Home","item":"https:\/\/gooddealersmeds.com\/fr\/"},{"@type":"ListItem","position":2,"name":"Des produits","item":"https:\/\/gooddealersmeds.com\/fr\/des-produits\/"},{"@type":"ListItem","position":3,"name":"Acheter Caluanie Muelar Oxydize"}]},{"@type":"WebSite","@id":"https:\/\/gooddealersmeds.com\/fr\/#website","url":"https:\/\/gooddealersmeds.com\/fr\/","name":"Good Dealers Meds","description":"All our best","publisher":{"@id":"https:\/\/gooddealersmeds.com\/fr\/#organization"},"potentialAction":[{"@type":"SearchAction","target":{"@type":"EntryPoint","urlTemplate":"https:\/\/gooddealersmeds.com\/fr\/?s={search_term_string}"},"query-input":{"@type":"PropertyValueSpecification","valueRequired":true,"valueName":"search_term_string"}}],"inLanguage":"en-US"},{"@type":"Organization","@id":"https:\/\/gooddealersmeds.com\/fr\/#organization","name":"Good Dealers Meds","url":"https:\/\/gooddealersmeds.com\/fr\/","logo":{"@type":"ImageObject","inLanguage":"en-US","@id":"https:\/\/gooddealersmeds.com\/fr\/#\/schema\/logo\/image\/","url":"https:\/\/gooddealersmeds.com\/fr\/wp-content\/uploads\/sites\/5\/2022\/03\/gooddealersmeds__logo__20220317T222800Z.00.png","contentUrl":"https:\/\/gooddealersmeds.com\/fr\/wp-content\/uploads\/sites\/5\/2022\/03\/gooddealersmeds__logo__20220317T222800Z.00.png","width":500,"height":325,"caption":"Good Dealers Meds"},"image":{"@id":"https:\/\/gooddealersmeds.com\/fr\/#\/schema\/logo\/image\/"}}]}},"_links":{"self":[{"href":"https:\/\/gooddealersmeds.com\/fr\/wp-json\/wp\/v2\/product\/2217","targetHints":{"allow":["GET"]}}],"collection":[{"href":"https:\/\/gooddealersmeds.com\/fr\/wp-json\/wp\/v2\/product"}],"about":[{"href":"https:\/\/gooddealersmeds.com\/fr\/wp-json\/wp\/v2\/types\/product"}],"replies":[{"embeddable":true,"href":"https:\/\/gooddealersmeds.com\/fr\/wp-json\/wp\/v2\/comments?post=2217"}],"wp:featuredmedia":[{"embeddable":true,"href":"https:\/\/gooddealersmeds.com\/fr\/wp-json\/wp\/v2\/media\/2247"}],"wp:attachment":[{"href":"https:\/\/gooddealersmeds.com\/fr\/wp-json\/wp\/v2\/media?parent=2217"}],"wp:term":[{"taxonomy":"product_brand","embeddable":true,"href":"https:\/\/gooddealersmeds.com\/fr\/wp-json\/wp\/v2\/product_brand?post=2217"},{"taxonomy":"product_cat","embeddable":true,"href":"https:\/\/gooddealersmeds.com\/fr\/wp-json\/wp\/v2\/product_cat?post=2217"},{"taxonomy":"product_tag","embeddable":true,"href":"https:\/\/gooddealersmeds.com\/fr\/wp-json\/wp\/v2\/product_tag?post=2217"}],"curies":[{"name":"wp","href":"https:\/\/api.w.org\/{rel}","templated":true}]}}