{"id":2216,"date":"2023-01-08T19:02:46","date_gmt":"2023-01-08T19:02:46","guid":{"rendered":"https:\/\/gooddealersmeds.com\/fr\/?post_type=product&#038;p=2216"},"modified":"2023-03-12T23:00:12","modified_gmt":"2023-03-12T23:00:12","slug":"acheter-a-oil-huile-damphetamine","status":"publish","type":"product","link":"https:\/\/gooddealersmeds.com\/fr\/product\/acheter-a-oil-huile-damphetamine\/","title":{"rendered":"Acheter de l&#8217;huile A (huile d&#8217;amph\u00e9tamine)"},"content":{"rendered":"<h2>Acheter de l&#8217;huile d&#8217;amph\u00e9tamine (A-oil) en ligne maintenant<\/h2>\n<p>Acheter de l&#8217;huile d&#8217;amph\u00e9tamine (A-oil) en ligne. L&#8217;huile <a href=\"https:\/\/www.emcdda.europa.eu\/publications\/drug-profiles\/amphetamine_en\">A-amph\u00e9tamine<\/a> est utilis\u00e9e dans la r\u00e9action du pot pour synth\u00e9tiser l&#8217;amph\u00e9tamine, mais cette drogue est difficile \u00e0 isoler et purifier. Lorsqu&#8217;elle est chauff\u00e9e avec de l&#8217;acide formique, la N-formylamph\u00e9tamine forme un m\u00e9lange de ph\u00e9nylactone et de formamph\u00e9tamide, qui est hydrolys\u00e9 pour donner du chlorhydrate d&#8217;amph\u00e9tamine. L&#8217;huile d&#8217;amph\u00e9tamine est obtenue apr\u00e8s neutralisation avec une base plus douce. L&#8217;huile d&#8217;amph\u00e9tamine est ensuite distill\u00e9e \u00e0 la vapeur pour produire de l&#8217;amph\u00e9tamine pure. L&#8217;acide sulfurique est ensuite utilis\u00e9 pour traiter l&#8217;amph\u00e9tamine basique afin de produire un sel cristallin. commander de l&#8217;huile d&#8217;amph\u00e9tamine (<a href=\"https:\/\/gooddealersmeds.com\/fr\/product\/acheter-a-oil-huile-damphetamine\/\">A-oil<\/a>) en ligne, fournisseur d&#8217;huile d&#8217;amph\u00e9tamine en ligne, commander de l&#8217;huile d&#8217;amph\u00e9tamine en vrac \u00e0 bas prix, l&#8217;huile d&#8217;amph\u00e9tamine \u00e9galement appel\u00e9e huile A, comment utiliser l&#8217;huile d&#8217;amph\u00e9tamine,<\/p>\n<p>Une autre possibilit\u00e9 est de synth\u00e9tiser l&#8217;amph\u00e9tamine par amination r\u00e9ductrice de la ph\u00e9nylac\u00e9tone. Dans le cas du gaz ammoniac, la ph\u00e9nylac\u00e9tone est produite par l&#8217;amph\u00e9tamine lorsqu&#8217;elle est r\u00e9duite catalytiquement (Pd\/C ou Pt2O).<\/p>\n<p>Synth\u00e8se de m\u00e9thamph\u00e9tamine et d&#8217;amph\u00e9tamine cach\u00e9e avec de l&#8217;amph\u00e9tamine r\u00e9duite en huile. L&#8217;\u00e9tape de r\u00e9duction dans la synth\u00e8se en un point est au c\u0153ur des diff\u00e9rentes voies publi\u00e9es pour la synth\u00e8se de l&#8217;amph\u00e9tamine et de la m\u00e9thamph\u00e9tamine. Sur les 95 r\u00e9f\u00e9rences consid\u00e9r\u00e9es pour la synth\u00e8se, toutes sauf dix ont utilis\u00e9 une approche r\u00e9ductionniste. Compte tenu de cette diversit\u00e9, nous envisageons une revue de la chimie et une discussion de la litt\u00e9rature composite. o\u00f9 commander de l&#8217;huile d&#8217;amph\u00e9tamine, commander de l&#8217;huile A en ligne, de l&#8217;huile d&#8217;amph\u00e9tamine \u00e0 vendre, comment obtenir de l&#8217;huile d&#8217;amph\u00e9tamine, commander de l&#8217;huile d&#8217;amph\u00e9tamine, de l&#8217;huile A \u00e0 vendre, comment acheter de l&#8217;huile A en ligne,<\/p>\n","protected":false},"excerpt":{"rendered":"<p>Acheter de l&#8217;huile d&#8217;amph\u00e9tamine (A-oil) en ligne. L&#8217;huile d&#8217;amph\u00e9tamine\u00a0A est utilis\u00e9e dans la r\u00e9action du pot pour synth\u00e9tiser l&#8217;amph\u00e9tamine, mais ce m\u00e9dicament est difficile \u00e0 isoler et \u00e0 purifier.<\/p>\n","protected":false},"featured_media":2246,"comment_status":"open","ping_status":"closed","template":"","meta":{"inline_featured_image":false},"product_brand":[],"product_cat":[344],"product_tag":[],"class_list":{"0":"post-2216","1":"product","2":"type-product","3":"status-publish","4":"has-post-thumbnail","6":"product_cat-produits-chimiques-de-recherche","8":"first","9":"instock","10":"shipping-taxable","11":"purchasable","12":"product-type-variable","13":"has-default-attributes"},"yoast_head":"<!-- This site is optimized with the Yoast SEO Premium plugin v20.6 (Yoast SEO v27.3) - https:\/\/yoast.com\/product\/yoast-seo-premium-wordpress\/ -->\n<title>Acheter de l&#039;huile d&#039;amph\u00e9tamine (A-oil) | huile d&#039;amph\u00e9tamine \u00e0 vendre<\/title>\n<meta name=\"description\" content=\"Acheter de l&#039;huile d&#039;amph\u00e9tamine (A-oil) en ligne \u00e0 des prix abordables et faites-la livrer \u00e0 votre porte. Nous exp\u00e9dions dans le monde entier. commande d&#039;huile d&#039;amph\u00e9tamine\" \/>\n<meta name=\"robots\" content=\"index, follow, max-snippet:-1, max-image-preview:large, max-video-preview:-1\" \/>\n<link rel=\"canonical\" href=\"https:\/\/gooddealersmeds.com\/fr\/product\/acheter-a-oil-huile-damphetamine\/\" \/>\n<meta property=\"og:locale\" content=\"en_US\" \/>\n<meta property=\"og:type\" content=\"article\" \/>\n<meta property=\"og:title\" content=\"Acheter de l&#039;huile A (huile d&#039;amph\u00e9tamine)\" \/>\n<meta property=\"og:description\" content=\"Acheter de l&#039;huile d&#039;amph\u00e9tamine (A-oil) en ligne \u00e0 des prix abordables et faites-la livrer \u00e0 votre porte. Nous exp\u00e9dions dans le monde entier. commande d&#039;huile d&#039;amph\u00e9tamine\" \/>\n<meta property=\"og:url\" content=\"https:\/\/gooddealersmeds.com\/fr\/product\/acheter-a-oil-huile-damphetamine\/\" \/>\n<meta property=\"og:site_name\" content=\"Good Dealers Meds\" \/>\n<meta property=\"article:modified_time\" content=\"2023-03-12T23:00:12+00:00\" \/>\n<meta property=\"og:image\" content=\"https:\/\/gooddealersmeds.com\/fr\/wp-content\/uploads\/sites\/5\/2023\/01\/A-Oil-Amphetamine-Oil-1.jpg\" \/>\n\t<meta property=\"og:image:width\" content=\"600\" \/>\n\t<meta property=\"og:image:height\" content=\"600\" \/>\n\t<meta property=\"og:image:type\" content=\"image\/jpeg\" \/>\n<meta name=\"twitter:card\" content=\"summary_large_image\" \/>\n<meta name=\"twitter:label1\" content=\"Est. reading time\" \/>\n\t<meta name=\"twitter:data1\" content=\"2 minutes\" \/>\n<script type=\"application\/ld+json\" class=\"yoast-schema-graph\">{\"@context\":\"https:\\\/\\\/schema.org\",\"@graph\":[{\"@type\":\"WebPage\",\"@id\":\"https:\\\/\\\/gooddealersmeds.com\\\/fr\\\/product\\\/acheter-a-oil-huile-damphetamine\\\/\",\"url\":\"https:\\\/\\\/gooddealersmeds.com\\\/fr\\\/product\\\/acheter-a-oil-huile-damphetamine\\\/\",\"name\":\"Acheter de l'huile d'amph\u00e9tamine (A-oil) | huile d'amph\u00e9tamine \u00e0 vendre\",\"isPartOf\":{\"@id\":\"https:\\\/\\\/gooddealersmeds.com\\\/fr\\\/#website\"},\"primaryImageOfPage\":{\"@id\":\"https:\\\/\\\/gooddealersmeds.com\\\/fr\\\/product\\\/acheter-a-oil-huile-damphetamine\\\/#primaryimage\"},\"image\":{\"@id\":\"https:\\\/\\\/gooddealersmeds.com\\\/fr\\\/product\\\/acheter-a-oil-huile-damphetamine\\\/#primaryimage\"},\"thumbnailUrl\":\"https:\\\/\\\/gooddealersmeds.com\\\/fr\\\/wp-content\\\/uploads\\\/sites\\\/5\\\/2023\\\/01\\\/A-Oil-Amphetamine-Oil-1.jpg\",\"datePublished\":\"2023-01-08T19:02:46+00:00\",\"dateModified\":\"2023-03-12T23:00:12+00:00\",\"description\":\"Acheter de l'huile d'amph\u00e9tamine (A-oil) en ligne \u00e0 des prix abordables et faites-la livrer \u00e0 votre porte. Nous exp\u00e9dions dans le monde entier. commande d'huile d'amph\u00e9tamine\",\"breadcrumb\":{\"@id\":\"https:\\\/\\\/gooddealersmeds.com\\\/fr\\\/product\\\/acheter-a-oil-huile-damphetamine\\\/#breadcrumb\"},\"inLanguage\":\"en-US\",\"potentialAction\":[{\"@type\":\"ReadAction\",\"target\":[\"https:\\\/\\\/gooddealersmeds.com\\\/fr\\\/product\\\/acheter-a-oil-huile-damphetamine\\\/\"]}]},{\"@type\":\"ImageObject\",\"inLanguage\":\"en-US\",\"@id\":\"https:\\\/\\\/gooddealersmeds.com\\\/fr\\\/product\\\/acheter-a-oil-huile-damphetamine\\\/#primaryimage\",\"url\":\"https:\\\/\\\/gooddealersmeds.com\\\/fr\\\/wp-content\\\/uploads\\\/sites\\\/5\\\/2023\\\/01\\\/A-Oil-Amphetamine-Oil-1.jpg\",\"contentUrl\":\"https:\\\/\\\/gooddealersmeds.com\\\/fr\\\/wp-content\\\/uploads\\\/sites\\\/5\\\/2023\\\/01\\\/A-Oil-Amphetamine-Oil-1.jpg\",\"width\":600,\"height\":600},{\"@type\":\"BreadcrumbList\",\"@id\":\"https:\\\/\\\/gooddealersmeds.com\\\/fr\\\/product\\\/acheter-a-oil-huile-damphetamine\\\/#breadcrumb\",\"itemListElement\":[{\"@type\":\"ListItem\",\"position\":1,\"name\":\"Home\",\"item\":\"https:\\\/\\\/gooddealersmeds.com\\\/fr\\\/\"},{\"@type\":\"ListItem\",\"position\":2,\"name\":\"Des produits\",\"item\":\"https:\\\/\\\/gooddealersmeds.com\\\/fr\\\/des-produits\\\/\"},{\"@type\":\"ListItem\",\"position\":3,\"name\":\"Acheter de l&#8217;huile A (huile d&#8217;amph\u00e9tamine)\"}]},{\"@type\":\"WebSite\",\"@id\":\"https:\\\/\\\/gooddealersmeds.com\\\/fr\\\/#website\",\"url\":\"https:\\\/\\\/gooddealersmeds.com\\\/fr\\\/\",\"name\":\"Good Dealers Meds\",\"description\":\"All our best\",\"publisher\":{\"@id\":\"https:\\\/\\\/gooddealersmeds.com\\\/fr\\\/#organization\"},\"potentialAction\":[{\"@type\":\"SearchAction\",\"target\":{\"@type\":\"EntryPoint\",\"urlTemplate\":\"https:\\\/\\\/gooddealersmeds.com\\\/fr\\\/?s={search_term_string}\"},\"query-input\":{\"@type\":\"PropertyValueSpecification\",\"valueRequired\":true,\"valueName\":\"search_term_string\"}}],\"inLanguage\":\"en-US\"},{\"@type\":\"Organization\",\"@id\":\"https:\\\/\\\/gooddealersmeds.com\\\/fr\\\/#organization\",\"name\":\"Good Dealers Meds\",\"url\":\"https:\\\/\\\/gooddealersmeds.com\\\/fr\\\/\",\"logo\":{\"@type\":\"ImageObject\",\"inLanguage\":\"en-US\",\"@id\":\"https:\\\/\\\/gooddealersmeds.com\\\/fr\\\/#\\\/schema\\\/logo\\\/image\\\/\",\"url\":\"https:\\\/\\\/gooddealersmeds.com\\\/fr\\\/wp-content\\\/uploads\\\/sites\\\/5\\\/2022\\\/03\\\/gooddealersmeds__logo__20220317T222800Z.00.png\",\"contentUrl\":\"https:\\\/\\\/gooddealersmeds.com\\\/fr\\\/wp-content\\\/uploads\\\/sites\\\/5\\\/2022\\\/03\\\/gooddealersmeds__logo__20220317T222800Z.00.png\",\"width\":500,\"height\":325,\"caption\":\"Good Dealers Meds\"},\"image\":{\"@id\":\"https:\\\/\\\/gooddealersmeds.com\\\/fr\\\/#\\\/schema\\\/logo\\\/image\\\/\"}}]}<\/script>\n<!-- \/ Yoast SEO Premium plugin. -->","yoast_head_json":{"title":"Acheter de l'huile d'amph\u00e9tamine (A-oil) | huile d'amph\u00e9tamine \u00e0 vendre","description":"Acheter de l'huile d'amph\u00e9tamine (A-oil) en ligne \u00e0 des prix abordables et faites-la livrer \u00e0 votre porte. Nous exp\u00e9dions dans le monde entier. commande d'huile d'amph\u00e9tamine","robots":{"index":"index","follow":"follow","max-snippet":"max-snippet:-1","max-image-preview":"max-image-preview:large","max-video-preview":"max-video-preview:-1"},"canonical":"https:\/\/gooddealersmeds.com\/fr\/product\/acheter-a-oil-huile-damphetamine\/","og_locale":"en_US","og_type":"article","og_title":"Acheter de l'huile A (huile d'amph\u00e9tamine)","og_description":"Acheter de l'huile d'amph\u00e9tamine (A-oil) en ligne \u00e0 des prix abordables et faites-la livrer \u00e0 votre porte. Nous exp\u00e9dions dans le monde entier. commande d'huile d'amph\u00e9tamine","og_url":"https:\/\/gooddealersmeds.com\/fr\/product\/acheter-a-oil-huile-damphetamine\/","og_site_name":"Good Dealers Meds","article_modified_time":"2023-03-12T23:00:12+00:00","og_image":[{"width":600,"height":600,"url":"https:\/\/gooddealersmeds.com\/fr\/wp-content\/uploads\/sites\/5\/2023\/01\/A-Oil-Amphetamine-Oil-1.jpg","type":"image\/jpeg"}],"twitter_card":"summary_large_image","twitter_misc":{"Est. reading time":"2 minutes"},"schema":{"@context":"https:\/\/schema.org","@graph":[{"@type":"WebPage","@id":"https:\/\/gooddealersmeds.com\/fr\/product\/acheter-a-oil-huile-damphetamine\/","url":"https:\/\/gooddealersmeds.com\/fr\/product\/acheter-a-oil-huile-damphetamine\/","name":"Acheter de l'huile d'amph\u00e9tamine (A-oil) | huile d'amph\u00e9tamine \u00e0 vendre","isPartOf":{"@id":"https:\/\/gooddealersmeds.com\/fr\/#website"},"primaryImageOfPage":{"@id":"https:\/\/gooddealersmeds.com\/fr\/product\/acheter-a-oil-huile-damphetamine\/#primaryimage"},"image":{"@id":"https:\/\/gooddealersmeds.com\/fr\/product\/acheter-a-oil-huile-damphetamine\/#primaryimage"},"thumbnailUrl":"https:\/\/gooddealersmeds.com\/fr\/wp-content\/uploads\/sites\/5\/2023\/01\/A-Oil-Amphetamine-Oil-1.jpg","datePublished":"2023-01-08T19:02:46+00:00","dateModified":"2023-03-12T23:00:12+00:00","description":"Acheter de l'huile d'amph\u00e9tamine (A-oil) en ligne \u00e0 des prix abordables et faites-la livrer \u00e0 votre porte. Nous exp\u00e9dions dans le monde entier. commande d'huile d'amph\u00e9tamine","breadcrumb":{"@id":"https:\/\/gooddealersmeds.com\/fr\/product\/acheter-a-oil-huile-damphetamine\/#breadcrumb"},"inLanguage":"en-US","potentialAction":[{"@type":"ReadAction","target":["https:\/\/gooddealersmeds.com\/fr\/product\/acheter-a-oil-huile-damphetamine\/"]}]},{"@type":"ImageObject","inLanguage":"en-US","@id":"https:\/\/gooddealersmeds.com\/fr\/product\/acheter-a-oil-huile-damphetamine\/#primaryimage","url":"https:\/\/gooddealersmeds.com\/fr\/wp-content\/uploads\/sites\/5\/2023\/01\/A-Oil-Amphetamine-Oil-1.jpg","contentUrl":"https:\/\/gooddealersmeds.com\/fr\/wp-content\/uploads\/sites\/5\/2023\/01\/A-Oil-Amphetamine-Oil-1.jpg","width":600,"height":600},{"@type":"BreadcrumbList","@id":"https:\/\/gooddealersmeds.com\/fr\/product\/acheter-a-oil-huile-damphetamine\/#breadcrumb","itemListElement":[{"@type":"ListItem","position":1,"name":"Home","item":"https:\/\/gooddealersmeds.com\/fr\/"},{"@type":"ListItem","position":2,"name":"Des produits","item":"https:\/\/gooddealersmeds.com\/fr\/des-produits\/"},{"@type":"ListItem","position":3,"name":"Acheter de l&#8217;huile A (huile d&#8217;amph\u00e9tamine)"}]},{"@type":"WebSite","@id":"https:\/\/gooddealersmeds.com\/fr\/#website","url":"https:\/\/gooddealersmeds.com\/fr\/","name":"Good Dealers Meds","description":"All our best","publisher":{"@id":"https:\/\/gooddealersmeds.com\/fr\/#organization"},"potentialAction":[{"@type":"SearchAction","target":{"@type":"EntryPoint","urlTemplate":"https:\/\/gooddealersmeds.com\/fr\/?s={search_term_string}"},"query-input":{"@type":"PropertyValueSpecification","valueRequired":true,"valueName":"search_term_string"}}],"inLanguage":"en-US"},{"@type":"Organization","@id":"https:\/\/gooddealersmeds.com\/fr\/#organization","name":"Good Dealers Meds","url":"https:\/\/gooddealersmeds.com\/fr\/","logo":{"@type":"ImageObject","inLanguage":"en-US","@id":"https:\/\/gooddealersmeds.com\/fr\/#\/schema\/logo\/image\/","url":"https:\/\/gooddealersmeds.com\/fr\/wp-content\/uploads\/sites\/5\/2022\/03\/gooddealersmeds__logo__20220317T222800Z.00.png","contentUrl":"https:\/\/gooddealersmeds.com\/fr\/wp-content\/uploads\/sites\/5\/2022\/03\/gooddealersmeds__logo__20220317T222800Z.00.png","width":500,"height":325,"caption":"Good Dealers Meds"},"image":{"@id":"https:\/\/gooddealersmeds.com\/fr\/#\/schema\/logo\/image\/"}}]}},"_links":{"self":[{"href":"https:\/\/gooddealersmeds.com\/fr\/wp-json\/wp\/v2\/product\/2216","targetHints":{"allow":["GET"]}}],"collection":[{"href":"https:\/\/gooddealersmeds.com\/fr\/wp-json\/wp\/v2\/product"}],"about":[{"href":"https:\/\/gooddealersmeds.com\/fr\/wp-json\/wp\/v2\/types\/product"}],"replies":[{"embeddable":true,"href":"https:\/\/gooddealersmeds.com\/fr\/wp-json\/wp\/v2\/comments?post=2216"}],"wp:featuredmedia":[{"embeddable":true,"href":"https:\/\/gooddealersmeds.com\/fr\/wp-json\/wp\/v2\/media\/2246"}],"wp:attachment":[{"href":"https:\/\/gooddealersmeds.com\/fr\/wp-json\/wp\/v2\/media?parent=2216"}],"wp:term":[{"taxonomy":"product_brand","embeddable":true,"href":"https:\/\/gooddealersmeds.com\/fr\/wp-json\/wp\/v2\/product_brand?post=2216"},{"taxonomy":"product_cat","embeddable":true,"href":"https:\/\/gooddealersmeds.com\/fr\/wp-json\/wp\/v2\/product_cat?post=2216"},{"taxonomy":"product_tag","embeddable":true,"href":"https:\/\/gooddealersmeds.com\/fr\/wp-json\/wp\/v2\/product_tag?post=2216"}],"curies":[{"name":"wp","href":"https:\/\/api.w.org\/{rel}","templated":true}]}}