{"id":2215,"date":"2023-01-08T19:02:45","date_gmt":"2023-01-08T19:02:45","guid":{"rendered":"https:\/\/gooddealersmeds.com\/fr\/?post_type=product&#038;p=2215"},"modified":"2023-03-12T23:15:07","modified_gmt":"2023-03-12T23:15:07","slug":"huile-de-benzylmethylcetone-bmk","status":"publish","type":"product","link":"https:\/\/gooddealersmeds.com\/fr\/product\/huile-de-benzylmethylcetone-bmk\/","title":{"rendered":"Huile de benzylm\u00e9thylc\u00e9tone (BMK)"},"content":{"rendered":"<h2>O\u00f9 commander de l&#8217;huile BMK<\/h2>\n<p>Nous fournissons \u00e0 grande et petite \u00e9chelle. O\u00f9 commander de l&#8217;huile BMK\u00a0\u00a0Nous ne traitons qu&#8217;avec des acheteurs s\u00e9rieux. Veuillez ne pas nous contacter si vous n&#8217;avez pas l&#8217;intention d&#8217;acheter. Nous livrons en Europe et dans le reste du monde, achetons la route, l&#8217;air et faisons \u00e9galement le largage et la livraison est garantie \u00e0 100%. Pour plus de d\u00e9tails sur nos produits et comment nous placer et commander les contacts ci-dessous : CAS 4676-39-5 ; A-huile\u00a0; Huile BMK\u00a0; Ph\u00e9nylac\u00e9tone; Huile PMK\u00a0; Huile MDP2P\u00a0; NCA 103-79-7<\/p>\n<p>ACHETER DE L&#8217;HUILE DE BENZYL M\u00c9THYL C\u00c9TONE (BMK)<\/p>\n<p>Poudre de benzylm\u00e9thylc\u00e9tone (BMK)<\/p>\n<p>Huile de benzylm\u00e9thylc\u00e9tone (BMK)<\/p>\n<p>Ph\u00e9nylac\u00e9tone : Poudre<\/p>\n<p>Acheter de la ph\u00e9nylac\u00e9tone 99,34 % de puret\u00e9<\/p>\n<p>La ph\u00e9nylac\u00e9tone (\u00e9galement connue sous le nom de 2-ph\u00e9nyl-2one,\u00a0<a href=\"https:\/\/pubs.rsc.org\/\">benzyl menthyl m\u00e9thyl c\u00e9tone<\/a> ou bromure de benzyl-c\u00e9tone) est un compos\u00e9 organique. C&#8217;est une huile transparente avec un indice de r\u00e9fraction de 1,5168. Cette Sunstance dans la fabrication de m\u00e9thaph\u00e9tamine et d&#8217;amph\u00e9tamine en tant que mati\u00e8re premi\u00e8re ou interm\u00e9diaire, o\u00f9 elle est \u00e9galement commun\u00e9ment appel\u00e9e P2P. Acheter de l&#8217;huile de ph\u00e9nylac\u00e9tone \u00e0 vendre en ligne.<\/p>\n<p>La ph\u00e9nylac\u00e9tone est un compos\u00e9 organique qui est une huile transparente avec un indice de r\u00e9fraction de 1,5168. Cette substance est utilis\u00e9e dans la fabrication de m\u00e9thamph\u00e9tamine et d&#8217;amph\u00e9tamine o\u00f9 elle est commun\u00e9ment appel\u00e9e P2P. La ph\u00e9nylac\u00e9tone est le produit d&#8217;\u00e9limination de l&#8217;amph\u00e9tamine dans le corps humain. La ph\u00e9nylac\u00e9tone porte \u00e9galement d&#8217;autres noms tels que ph\u00e9nylpropan-2-one, benzyl m\u00e9thyl c\u00e9tone ou m\u00e9thyl benzyl c\u00e9tone.<\/p>\n<h3>UTILISATIONS DE L&#8217;HUILE BMK<\/h3>\n<p>Diff\u00e9rents produits pharmaceutiques sont fabriqu\u00e9s \u00e0 l&#8217;aide de cette ph\u00e9nyl 2 propanone<\/p>\n<p>Il est utilis\u00e9 comme aromatisant dans les aliments.<\/p>\n<p>Il est utilis\u00e9 pour la production de produits chimiques tels que la m\u00e9thamph\u00e9tamine et l&#8217;amph\u00e9tamine comme ingr\u00e9dient de d\u00e9part.<\/p>\n<h3>O\u00d9 ACHETER DE L&#8217;HUILE BMK OU DE L&#8217;HUILE DE PH\u00c9NYLAC\u00c9TONE \u00c0 VENDRE EN LIGNE\u00a0?<\/h3>\n<p>Acheter de l&#8217;huile bmk, commander de l&#8217;huile bmk, commander de l&#8217;huile bmk bon march\u00e9, bmk \u00e0 vendre, acheter de la porcelaine bmk, de la porcelaine BMK,<\/p>\n","protected":false},"excerpt":{"rendered":"<p>Nous fournissons \u00e0 grande et \u00e0 petite \u00e9chelle de l&#8217;huile BMK, o\u00f9 commander de l&#8217;huile BMK, nous ne traitons qu&#8217;avec des acheteurs s\u00e9rieux. contactez-nous pour acheter de l&#8217;huile BMK<\/p>\n","protected":false},"featured_media":2245,"comment_status":"open","ping_status":"closed","template":"","meta":{"inline_featured_image":false},"product_brand":[],"product_cat":[344],"product_tag":[695,608,694,696],"class_list":{"0":"post-2215","1":"product","2":"type-product","3":"status-publish","4":"has-post-thumbnail","6":"product_cat-produits-chimiques-de-recherche","7":"product_tag-acheter-de-lhuile-bmk","8":"product_tag-bmk-oil","9":"product_tag-huile-bmk-a-vendre","10":"product_tag-ou-commander-de-lhuile-bmk","12":"first","13":"instock","14":"shipping-taxable","15":"purchasable","16":"product-type-variable","17":"has-default-attributes"},"yoast_head":"<!-- This site is optimized with the Yoast SEO Premium plugin v20.6 (Yoast SEO v27.4) - https:\/\/yoast.com\/product\/yoast-seo-premium-wordpress\/ -->\n<title>O\u00f9 commander l&#039;huile BMK | Acheter de l&#039;huile BMK | Huile BMK \u00e0 vendre<\/title>\n<meta name=\"description\" content=\"Nous fournissons \u00e0 grande et \u00e0 petite \u00e9chelle de l&#039;huile BMK, o\u00f9 commander de l&#039;huile BMK, nous ne traitons qu&#039;avec des acheteurs s\u00e9rieux. contactez-nous pour acheter de l&#039;huile BMK\" \/>\n<meta name=\"robots\" content=\"index, follow, max-snippet:-1, max-image-preview:large, max-video-preview:-1\" \/>\n<link rel=\"canonical\" href=\"https:\/\/gooddealersmeds.com\/fr\/product\/huile-de-benzylmethylcetone-bmk\/\" \/>\n<meta property=\"og:locale\" content=\"en_US\" \/>\n<meta property=\"og:type\" content=\"article\" \/>\n<meta property=\"og:title\" content=\"Huile de benzylm\u00e9thylc\u00e9tone (BMK)\" \/>\n<meta property=\"og:description\" content=\"Nous fournissons \u00e0 grande et \u00e0 petite \u00e9chelle de l&#039;huile BMK, o\u00f9 commander de l&#039;huile BMK, nous ne traitons qu&#039;avec des acheteurs s\u00e9rieux. contactez-nous pour acheter de l&#039;huile BMK\" \/>\n<meta property=\"og:url\" content=\"https:\/\/gooddealersmeds.com\/fr\/product\/huile-de-benzylmethylcetone-bmk\/\" \/>\n<meta property=\"og:site_name\" content=\"Good Dealers Meds\" \/>\n<meta property=\"article:modified_time\" content=\"2023-03-12T23:15:07+00:00\" \/>\n<meta property=\"og:image\" content=\"https:\/\/gooddealersmeds.com\/fr\/wp-content\/uploads\/sites\/5\/2023\/01\/bmk-oil.jpg\" \/>\n\t<meta property=\"og:image:width\" content=\"600\" \/>\n\t<meta property=\"og:image:height\" content=\"600\" \/>\n\t<meta property=\"og:image:type\" content=\"image\/jpeg\" \/>\n<meta name=\"twitter:card\" content=\"summary_large_image\" \/>\n<meta name=\"twitter:label1\" content=\"Est. reading time\" \/>\n\t<meta name=\"twitter:data1\" content=\"2 minutes\" \/>\n<script type=\"application\/ld+json\" class=\"yoast-schema-graph\">{\"@context\":\"https:\\\/\\\/schema.org\",\"@graph\":[{\"@type\":\"WebPage\",\"@id\":\"https:\\\/\\\/gooddealersmeds.com\\\/fr\\\/product\\\/huile-de-benzylmethylcetone-bmk\\\/\",\"url\":\"https:\\\/\\\/gooddealersmeds.com\\\/fr\\\/product\\\/huile-de-benzylmethylcetone-bmk\\\/\",\"name\":\"O\u00f9 commander l'huile BMK | Acheter de l'huile BMK | Huile BMK \u00e0 vendre\",\"isPartOf\":{\"@id\":\"https:\\\/\\\/gooddealersmeds.com\\\/fr\\\/#website\"},\"primaryImageOfPage\":{\"@id\":\"https:\\\/\\\/gooddealersmeds.com\\\/fr\\\/product\\\/huile-de-benzylmethylcetone-bmk\\\/#primaryimage\"},\"image\":{\"@id\":\"https:\\\/\\\/gooddealersmeds.com\\\/fr\\\/product\\\/huile-de-benzylmethylcetone-bmk\\\/#primaryimage\"},\"thumbnailUrl\":\"https:\\\/\\\/gooddealersmeds.com\\\/fr\\\/wp-content\\\/uploads\\\/sites\\\/5\\\/2023\\\/01\\\/bmk-oil.jpg\",\"datePublished\":\"2023-01-08T19:02:45+00:00\",\"dateModified\":\"2023-03-12T23:15:07+00:00\",\"description\":\"Nous fournissons \u00e0 grande et \u00e0 petite \u00e9chelle de l'huile BMK, o\u00f9 commander de l'huile BMK, nous ne traitons qu'avec des acheteurs s\u00e9rieux. contactez-nous pour acheter de l'huile BMK\",\"breadcrumb\":{\"@id\":\"https:\\\/\\\/gooddealersmeds.com\\\/fr\\\/product\\\/huile-de-benzylmethylcetone-bmk\\\/#breadcrumb\"},\"inLanguage\":\"en-US\",\"potentialAction\":[{\"@type\":\"ReadAction\",\"target\":[\"https:\\\/\\\/gooddealersmeds.com\\\/fr\\\/product\\\/huile-de-benzylmethylcetone-bmk\\\/\"]}]},{\"@type\":\"ImageObject\",\"inLanguage\":\"en-US\",\"@id\":\"https:\\\/\\\/gooddealersmeds.com\\\/fr\\\/product\\\/huile-de-benzylmethylcetone-bmk\\\/#primaryimage\",\"url\":\"https:\\\/\\\/gooddealersmeds.com\\\/fr\\\/wp-content\\\/uploads\\\/sites\\\/5\\\/2023\\\/01\\\/bmk-oil.jpg\",\"contentUrl\":\"https:\\\/\\\/gooddealersmeds.com\\\/fr\\\/wp-content\\\/uploads\\\/sites\\\/5\\\/2023\\\/01\\\/bmk-oil.jpg\",\"width\":600,\"height\":600},{\"@type\":\"BreadcrumbList\",\"@id\":\"https:\\\/\\\/gooddealersmeds.com\\\/fr\\\/product\\\/huile-de-benzylmethylcetone-bmk\\\/#breadcrumb\",\"itemListElement\":[{\"@type\":\"ListItem\",\"position\":1,\"name\":\"Home\",\"item\":\"https:\\\/\\\/gooddealersmeds.com\\\/fr\\\/\"},{\"@type\":\"ListItem\",\"position\":2,\"name\":\"Des produits\",\"item\":\"https:\\\/\\\/gooddealersmeds.com\\\/fr\\\/des-produits\\\/\"},{\"@type\":\"ListItem\",\"position\":3,\"name\":\"Huile de benzylm\u00e9thylc\u00e9tone (BMK)\"}]},{\"@type\":\"WebSite\",\"@id\":\"https:\\\/\\\/gooddealersmeds.com\\\/fr\\\/#website\",\"url\":\"https:\\\/\\\/gooddealersmeds.com\\\/fr\\\/\",\"name\":\"Good Dealers Meds\",\"description\":\"All our best\",\"publisher\":{\"@id\":\"https:\\\/\\\/gooddealersmeds.com\\\/fr\\\/#organization\"},\"potentialAction\":[{\"@type\":\"SearchAction\",\"target\":{\"@type\":\"EntryPoint\",\"urlTemplate\":\"https:\\\/\\\/gooddealersmeds.com\\\/fr\\\/?s={search_term_string}\"},\"query-input\":{\"@type\":\"PropertyValueSpecification\",\"valueRequired\":true,\"valueName\":\"search_term_string\"}}],\"inLanguage\":\"en-US\"},{\"@type\":\"Organization\",\"@id\":\"https:\\\/\\\/gooddealersmeds.com\\\/fr\\\/#organization\",\"name\":\"Good Dealers Meds\",\"url\":\"https:\\\/\\\/gooddealersmeds.com\\\/fr\\\/\",\"logo\":{\"@type\":\"ImageObject\",\"inLanguage\":\"en-US\",\"@id\":\"https:\\\/\\\/gooddealersmeds.com\\\/fr\\\/#\\\/schema\\\/logo\\\/image\\\/\",\"url\":\"https:\\\/\\\/gooddealersmeds.com\\\/fr\\\/wp-content\\\/uploads\\\/sites\\\/5\\\/2022\\\/03\\\/gooddealersmeds__logo__20220317T222800Z.00.png\",\"contentUrl\":\"https:\\\/\\\/gooddealersmeds.com\\\/fr\\\/wp-content\\\/uploads\\\/sites\\\/5\\\/2022\\\/03\\\/gooddealersmeds__logo__20220317T222800Z.00.png\",\"width\":500,\"height\":325,\"caption\":\"Good Dealers Meds\"},\"image\":{\"@id\":\"https:\\\/\\\/gooddealersmeds.com\\\/fr\\\/#\\\/schema\\\/logo\\\/image\\\/\"}}]}<\/script>\n<!-- \/ Yoast SEO Premium plugin. -->","yoast_head_json":{"title":"O\u00f9 commander l'huile BMK | Acheter de l'huile BMK | Huile BMK \u00e0 vendre","description":"Nous fournissons \u00e0 grande et \u00e0 petite \u00e9chelle de l'huile BMK, o\u00f9 commander de l'huile BMK, nous ne traitons qu'avec des acheteurs s\u00e9rieux. contactez-nous pour acheter de l'huile BMK","robots":{"index":"index","follow":"follow","max-snippet":"max-snippet:-1","max-image-preview":"max-image-preview:large","max-video-preview":"max-video-preview:-1"},"canonical":"https:\/\/gooddealersmeds.com\/fr\/product\/huile-de-benzylmethylcetone-bmk\/","og_locale":"en_US","og_type":"article","og_title":"Huile de benzylm\u00e9thylc\u00e9tone (BMK)","og_description":"Nous fournissons \u00e0 grande et \u00e0 petite \u00e9chelle de l'huile BMK, o\u00f9 commander de l'huile BMK, nous ne traitons qu'avec des acheteurs s\u00e9rieux. contactez-nous pour acheter de l'huile BMK","og_url":"https:\/\/gooddealersmeds.com\/fr\/product\/huile-de-benzylmethylcetone-bmk\/","og_site_name":"Good Dealers Meds","article_modified_time":"2023-03-12T23:15:07+00:00","og_image":[{"width":600,"height":600,"url":"https:\/\/gooddealersmeds.com\/fr\/wp-content\/uploads\/sites\/5\/2023\/01\/bmk-oil.jpg","type":"image\/jpeg"}],"twitter_card":"summary_large_image","twitter_misc":{"Est. reading time":"2 minutes"},"schema":{"@context":"https:\/\/schema.org","@graph":[{"@type":"WebPage","@id":"https:\/\/gooddealersmeds.com\/fr\/product\/huile-de-benzylmethylcetone-bmk\/","url":"https:\/\/gooddealersmeds.com\/fr\/product\/huile-de-benzylmethylcetone-bmk\/","name":"O\u00f9 commander l'huile BMK | Acheter de l'huile BMK | Huile BMK \u00e0 vendre","isPartOf":{"@id":"https:\/\/gooddealersmeds.com\/fr\/#website"},"primaryImageOfPage":{"@id":"https:\/\/gooddealersmeds.com\/fr\/product\/huile-de-benzylmethylcetone-bmk\/#primaryimage"},"image":{"@id":"https:\/\/gooddealersmeds.com\/fr\/product\/huile-de-benzylmethylcetone-bmk\/#primaryimage"},"thumbnailUrl":"https:\/\/gooddealersmeds.com\/fr\/wp-content\/uploads\/sites\/5\/2023\/01\/bmk-oil.jpg","datePublished":"2023-01-08T19:02:45+00:00","dateModified":"2023-03-12T23:15:07+00:00","description":"Nous fournissons \u00e0 grande et \u00e0 petite \u00e9chelle de l'huile BMK, o\u00f9 commander de l'huile BMK, nous ne traitons qu'avec des acheteurs s\u00e9rieux. contactez-nous pour acheter de l'huile BMK","breadcrumb":{"@id":"https:\/\/gooddealersmeds.com\/fr\/product\/huile-de-benzylmethylcetone-bmk\/#breadcrumb"},"inLanguage":"en-US","potentialAction":[{"@type":"ReadAction","target":["https:\/\/gooddealersmeds.com\/fr\/product\/huile-de-benzylmethylcetone-bmk\/"]}]},{"@type":"ImageObject","inLanguage":"en-US","@id":"https:\/\/gooddealersmeds.com\/fr\/product\/huile-de-benzylmethylcetone-bmk\/#primaryimage","url":"https:\/\/gooddealersmeds.com\/fr\/wp-content\/uploads\/sites\/5\/2023\/01\/bmk-oil.jpg","contentUrl":"https:\/\/gooddealersmeds.com\/fr\/wp-content\/uploads\/sites\/5\/2023\/01\/bmk-oil.jpg","width":600,"height":600},{"@type":"BreadcrumbList","@id":"https:\/\/gooddealersmeds.com\/fr\/product\/huile-de-benzylmethylcetone-bmk\/#breadcrumb","itemListElement":[{"@type":"ListItem","position":1,"name":"Home","item":"https:\/\/gooddealersmeds.com\/fr\/"},{"@type":"ListItem","position":2,"name":"Des produits","item":"https:\/\/gooddealersmeds.com\/fr\/des-produits\/"},{"@type":"ListItem","position":3,"name":"Huile de benzylm\u00e9thylc\u00e9tone (BMK)"}]},{"@type":"WebSite","@id":"https:\/\/gooddealersmeds.com\/fr\/#website","url":"https:\/\/gooddealersmeds.com\/fr\/","name":"Good Dealers Meds","description":"All our best","publisher":{"@id":"https:\/\/gooddealersmeds.com\/fr\/#organization"},"potentialAction":[{"@type":"SearchAction","target":{"@type":"EntryPoint","urlTemplate":"https:\/\/gooddealersmeds.com\/fr\/?s={search_term_string}"},"query-input":{"@type":"PropertyValueSpecification","valueRequired":true,"valueName":"search_term_string"}}],"inLanguage":"en-US"},{"@type":"Organization","@id":"https:\/\/gooddealersmeds.com\/fr\/#organization","name":"Good Dealers Meds","url":"https:\/\/gooddealersmeds.com\/fr\/","logo":{"@type":"ImageObject","inLanguage":"en-US","@id":"https:\/\/gooddealersmeds.com\/fr\/#\/schema\/logo\/image\/","url":"https:\/\/gooddealersmeds.com\/fr\/wp-content\/uploads\/sites\/5\/2022\/03\/gooddealersmeds__logo__20220317T222800Z.00.png","contentUrl":"https:\/\/gooddealersmeds.com\/fr\/wp-content\/uploads\/sites\/5\/2022\/03\/gooddealersmeds__logo__20220317T222800Z.00.png","width":500,"height":325,"caption":"Good Dealers Meds"},"image":{"@id":"https:\/\/gooddealersmeds.com\/fr\/#\/schema\/logo\/image\/"}}]}},"_links":{"self":[{"href":"https:\/\/gooddealersmeds.com\/fr\/wp-json\/wp\/v2\/product\/2215","targetHints":{"allow":["GET"]}}],"collection":[{"href":"https:\/\/gooddealersmeds.com\/fr\/wp-json\/wp\/v2\/product"}],"about":[{"href":"https:\/\/gooddealersmeds.com\/fr\/wp-json\/wp\/v2\/types\/product"}],"replies":[{"embeddable":true,"href":"https:\/\/gooddealersmeds.com\/fr\/wp-json\/wp\/v2\/comments?post=2215"}],"wp:featuredmedia":[{"embeddable":true,"href":"https:\/\/gooddealersmeds.com\/fr\/wp-json\/wp\/v2\/media\/2245"}],"wp:attachment":[{"href":"https:\/\/gooddealersmeds.com\/fr\/wp-json\/wp\/v2\/media?parent=2215"}],"wp:term":[{"taxonomy":"product_brand","embeddable":true,"href":"https:\/\/gooddealersmeds.com\/fr\/wp-json\/wp\/v2\/product_brand?post=2215"},{"taxonomy":"product_cat","embeddable":true,"href":"https:\/\/gooddealersmeds.com\/fr\/wp-json\/wp\/v2\/product_cat?post=2215"},{"taxonomy":"product_tag","embeddable":true,"href":"https:\/\/gooddealersmeds.com\/fr\/wp-json\/wp\/v2\/product_tag?post=2215"}],"curies":[{"name":"wp","href":"https:\/\/api.w.org\/{rel}","templated":true}]}}