{"id":2009,"date":"2022-07-03T14:50:24","date_gmt":"2022-07-03T14:50:24","guid":{"rendered":"https:\/\/gooddealersmeds.com\/fr\/?post_type=product&#038;p=2009"},"modified":"2023-01-04T18:35:00","modified_gmt":"2023-01-04T18:35:00","slug":"acheter-liquide-lsd-200ug-goutte-en-ligne","status":"publish","type":"product","link":"https:\/\/gooddealersmeds.com\/fr\/product\/acheter-liquide-lsd-200ug-goutte-en-ligne\/","title":{"rendered":"Acheter du LSD liquide 200ug Drop en ligne"},"content":{"rendered":"<h2>Acheter du LSD liquide 200ug Drop en ligne chez nous.<\/h2>\n<p>Vous cherchez un moyen acheter goutte de LSD liquide 200ug en ligne ?<\/p>\n<p><a href=\"https:\/\/gooddealersmeds.com\/fr\/product\/buy -liquid-lsd-200ug-drop-online\/\">Liquid LSD 200ug drop<\/a> est un m\u00e9dicament qui peut \u00eatre utilis\u00e9 \u00e0 des fins r\u00e9cr\u00e9atives et th\u00e9rapeutiques.<\/p>\n<p>Eh bien, il y a deux mani\u00e8res principales : en en ajoutant des gouttes directement sous la langue ou en le m\u00e9langeant avec de l&#8217;alcool ou de l&#8217;eau et en le buvant comme un cocktail. Cette derni\u00e8re m\u00e9thode est g\u00e9n\u00e9ralement consid\u00e9r\u00e9e comme plus dangereuse car elle n\u00e9cessite plus de prudence et produit un effet plus fort sur le corps plus rapidement que n\u00e9cessaire pour \u00e0 peu pr\u00e8s n&#8217;importe quelle autre substance, mais si ce n&#8217;est pas quelque chose qui vous pr\u00e9occupe trop, alors allez-y et utilisez soit m\u00e9thode\u00a0!<\/p>\n<p>N&#8217;oubliez pas que m\u00eame une seule goutte de LSD liquide peut \u00eatre trop forte.<\/p>\n<p>Si vous \u00eates nouveau dans ce domaine, allez-y avec une goutte. Il est toujours tr\u00e8s fort et aura un bon effet sur votre corps, mais il ne durera pas aussi longtemps.<\/p>\n<p><strong>Pourquoi commander Liquid LSD 200ug Drop Online\u00a0?<\/strong><\/p>\n<p>Nous savons qu&#8217;acheter du LSD liquide n&#8217;est pas aussi simple que de frapper votre revendeur de drogue local. Cela prend du temps, des connaissances et de l&#8217;argent, et si vous cherchez \u00e0 acheter en ligne, vous devrez probablement faire face \u00e0 des revendeurs louches qui cherchent \u00e0 vous arnaquer.<\/p>\n<p>Peu importe o\u00f9 vous vivez dans ce monde , vous pourrez trouver une source fiable de LSD et d&#8217;autres drogues sans aucun probl\u00e8me.<\/p>\n<p><strong>O\u00f9 acheter du LSD liquide 200\u00a0ug en ligne\u00a0?<\/strong><\/p>\n<p>Pour profiter des avantages de ce m\u00e9dicament, vous aurez besoin d&#8217;une goutte de LSD liquide de 200 ug. Vous pouvez l&#8217;acheter en ligne chez Good Dealers Meds.<\/p>\n<p>Nous avons les meilleures offres sur Internet et nos prix sont toujours comp\u00e9titifs. Nous avons plus de 10\u00a0ans d&#8217;exp\u00e9rience dans l&#8217;industrie, alors faites-nous confiance lorsque nous disons que vous obtenez une bonne affaire. Votre recherche pour acheter les gouttes de LSD liquide 200ug en ligne est donc termin\u00e9e\u00a0!<\/p>\n","protected":false},"excerpt":{"rendered":"<p>Acheter du lsd liquide 200ug &amp; d\u00e9poser en ligne pas cher. L&#8217;achat de\u00a0<em>LSD<\/em>\u00a0est tr\u00e8s facile, il est facilement disponible sur la boutique en ligne des \u00c9tats-Unis.<\/p>\n<p><strong>1\u00a0ml = 20\u00a0gouttes = 20 buvards<\/strong><\/p>\n","protected":false},"featured_media":2010,"comment_status":"open","ping_status":"closed","template":"","meta":{"inline_featured_image":false},"product_brand":[],"product_cat":[345],"product_tag":[107,585,574,580,576,575,105,586,587,584,578,582,579,577,581,583],"class_list":{"0":"post-2009","1":"product","2":"type-product","3":"status-publish","4":"has-post-thumbnail","6":"product_cat-drogues-psychdliques","7":"product_tag-acheter","8":"product_tag-acheter-liquide-lsd-200ug-drop-pills-en-ligne-usa","9":"product_tag-acheter-lsd-liquide-200ug-goutte-en-ligne-acheter-lsd-liquide","10":"product_tag-acheter-lsd-liquide-200ug-en-ligne","11":"product_tag-acheter-lsd-liquide-en-ligne","12":"product_tag-acheter-liquide-lsd-200ug-goutte","13":"product_tag-canada","14":"product_tag-comment-commander-liquide-lsd-200ug-goutte","15":"product_tag-is-liquid-lsd-200ug-drop-legal-in-canada","16":"product_tag-is-liquid-lsd-200ug-drop-legal-in-usa","17":"product_tag-liquide-lsd-200ug-goutte--vendre","18":"product_tag-liquide-lsd-200ug-goutte--vendre-aux-etats-unis","19":"product_tag-lsd-liquide-a-vendre","20":"product_tag-o-acheter-liquide-lsd-200ug-goutte","21":"product_tag-o-acheter-liquide-lsd-200ug-goutte-en-ligne","22":"product_tag-vous-pouvez-toujours-obtenir-lsd-liquide-200ug-goutte","24":"first","25":"instock","26":"shipping-taxable","27":"purchasable","28":"product-type-variable","29":"has-default-attributes"},"yoast_head":"<!-- This site is optimized with the Yoast SEO Premium plugin v20.6 (Yoast SEO v27.4) - https:\/\/yoast.com\/product\/yoast-seo-premium-wordpress\/ -->\n<title>Acheter goutte de LSD liquide | Commander une goutte de LSD<\/title>\n<meta name=\"description\" content=\"Acheter goutte de LSD liquide 200ug &amp; drop en ligne \u00e0 bas prix avec la plus grande puret\u00e9. Il est facilement disponible sur la boutique en ligne d&#039;Europe.\" \/>\n<meta name=\"robots\" content=\"index, follow, max-snippet:-1, max-image-preview:large, max-video-preview:-1\" \/>\n<link rel=\"canonical\" href=\"https:\/\/gooddealersmeds.com\/fr\/product\/acheter-liquide-lsd-200ug-goutte-en-ligne\/\" \/>\n<meta property=\"og:locale\" content=\"en_US\" \/>\n<meta property=\"og:type\" content=\"article\" \/>\n<meta property=\"og:title\" content=\"Acheter du LSD liquide 200ug Drop en ligne\" \/>\n<meta property=\"og:description\" content=\"Acheter goutte de LSD liquide 200ug &amp; drop en ligne \u00e0 bas prix avec la plus grande puret\u00e9. Il est facilement disponible sur la boutique en ligne d&#039;Europe.\" \/>\n<meta property=\"og:url\" content=\"https:\/\/gooddealersmeds.com\/fr\/product\/acheter-liquide-lsd-200ug-goutte-en-ligne\/\" \/>\n<meta property=\"og:site_name\" content=\"Good Dealers Meds\" \/>\n<meta property=\"article:modified_time\" content=\"2023-01-04T18:35:00+00:00\" \/>\n<meta property=\"og:image\" content=\"https:\/\/gooddealersmeds.com\/fr\/wp-content\/uploads\/sites\/5\/2022\/07\/buy-liquid-lsd-200ug-drop-online-cheap-1.jpg\" \/>\n\t<meta property=\"og:image:width\" content=\"600\" \/>\n\t<meta property=\"og:image:height\" content=\"600\" \/>\n\t<meta property=\"og:image:type\" content=\"image\/jpeg\" \/>\n<meta name=\"twitter:card\" content=\"summary_large_image\" \/>\n<meta name=\"twitter:label1\" content=\"Est. reading time\" \/>\n\t<meta name=\"twitter:data1\" content=\"2 minutes\" \/>\n<script type=\"application\/ld+json\" class=\"yoast-schema-graph\">{\"@context\":\"https:\\\/\\\/schema.org\",\"@graph\":[{\"@type\":\"WebPage\",\"@id\":\"https:\\\/\\\/gooddealersmeds.com\\\/fr\\\/product\\\/acheter-liquide-lsd-200ug-goutte-en-ligne\\\/\",\"url\":\"https:\\\/\\\/gooddealersmeds.com\\\/fr\\\/product\\\/acheter-liquide-lsd-200ug-goutte-en-ligne\\\/\",\"name\":\"Acheter goutte de LSD liquide | Commander une goutte de LSD\",\"isPartOf\":{\"@id\":\"https:\\\/\\\/gooddealersmeds.com\\\/fr\\\/#website\"},\"primaryImageOfPage\":{\"@id\":\"https:\\\/\\\/gooddealersmeds.com\\\/fr\\\/product\\\/acheter-liquide-lsd-200ug-goutte-en-ligne\\\/#primaryimage\"},\"image\":{\"@id\":\"https:\\\/\\\/gooddealersmeds.com\\\/fr\\\/product\\\/acheter-liquide-lsd-200ug-goutte-en-ligne\\\/#primaryimage\"},\"thumbnailUrl\":\"https:\\\/\\\/gooddealersmeds.com\\\/fr\\\/wp-content\\\/uploads\\\/sites\\\/5\\\/2022\\\/07\\\/buy-liquid-lsd-200ug-drop-online-cheap-1.jpg\",\"datePublished\":\"2022-07-03T14:50:24+00:00\",\"dateModified\":\"2023-01-04T18:35:00+00:00\",\"description\":\"Acheter goutte de LSD liquide 200ug & drop en ligne \u00e0 bas prix avec la plus grande puret\u00e9. Il est facilement disponible sur la boutique en ligne d'Europe.\",\"breadcrumb\":{\"@id\":\"https:\\\/\\\/gooddealersmeds.com\\\/fr\\\/product\\\/acheter-liquide-lsd-200ug-goutte-en-ligne\\\/#breadcrumb\"},\"inLanguage\":\"en-US\",\"potentialAction\":[{\"@type\":\"ReadAction\",\"target\":[\"https:\\\/\\\/gooddealersmeds.com\\\/fr\\\/product\\\/acheter-liquide-lsd-200ug-goutte-en-ligne\\\/\"]}]},{\"@type\":\"ImageObject\",\"inLanguage\":\"en-US\",\"@id\":\"https:\\\/\\\/gooddealersmeds.com\\\/fr\\\/product\\\/acheter-liquide-lsd-200ug-goutte-en-ligne\\\/#primaryimage\",\"url\":\"https:\\\/\\\/gooddealersmeds.com\\\/fr\\\/wp-content\\\/uploads\\\/sites\\\/5\\\/2022\\\/07\\\/buy-liquid-lsd-200ug-drop-online-cheap-1.jpg\",\"contentUrl\":\"https:\\\/\\\/gooddealersmeds.com\\\/fr\\\/wp-content\\\/uploads\\\/sites\\\/5\\\/2022\\\/07\\\/buy-liquid-lsd-200ug-drop-online-cheap-1.jpg\",\"width\":600,\"height\":600,\"caption\":\"Buy liquid LSD Drop\"},{\"@type\":\"BreadcrumbList\",\"@id\":\"https:\\\/\\\/gooddealersmeds.com\\\/fr\\\/product\\\/acheter-liquide-lsd-200ug-goutte-en-ligne\\\/#breadcrumb\",\"itemListElement\":[{\"@type\":\"ListItem\",\"position\":1,\"name\":\"Home\",\"item\":\"https:\\\/\\\/gooddealersmeds.com\\\/fr\\\/\"},{\"@type\":\"ListItem\",\"position\":2,\"name\":\"Des produits\",\"item\":\"https:\\\/\\\/gooddealersmeds.com\\\/fr\\\/des-produits\\\/\"},{\"@type\":\"ListItem\",\"position\":3,\"name\":\"Acheter du LSD liquide 200ug Drop en ligne\"}]},{\"@type\":\"WebSite\",\"@id\":\"https:\\\/\\\/gooddealersmeds.com\\\/fr\\\/#website\",\"url\":\"https:\\\/\\\/gooddealersmeds.com\\\/fr\\\/\",\"name\":\"Good Dealers Meds\",\"description\":\"All our best\",\"publisher\":{\"@id\":\"https:\\\/\\\/gooddealersmeds.com\\\/fr\\\/#organization\"},\"potentialAction\":[{\"@type\":\"SearchAction\",\"target\":{\"@type\":\"EntryPoint\",\"urlTemplate\":\"https:\\\/\\\/gooddealersmeds.com\\\/fr\\\/?s={search_term_string}\"},\"query-input\":{\"@type\":\"PropertyValueSpecification\",\"valueRequired\":true,\"valueName\":\"search_term_string\"}}],\"inLanguage\":\"en-US\"},{\"@type\":\"Organization\",\"@id\":\"https:\\\/\\\/gooddealersmeds.com\\\/fr\\\/#organization\",\"name\":\"Good Dealers Meds\",\"url\":\"https:\\\/\\\/gooddealersmeds.com\\\/fr\\\/\",\"logo\":{\"@type\":\"ImageObject\",\"inLanguage\":\"en-US\",\"@id\":\"https:\\\/\\\/gooddealersmeds.com\\\/fr\\\/#\\\/schema\\\/logo\\\/image\\\/\",\"url\":\"https:\\\/\\\/gooddealersmeds.com\\\/fr\\\/wp-content\\\/uploads\\\/sites\\\/5\\\/2022\\\/03\\\/gooddealersmeds__logo__20220317T222800Z.00.png\",\"contentUrl\":\"https:\\\/\\\/gooddealersmeds.com\\\/fr\\\/wp-content\\\/uploads\\\/sites\\\/5\\\/2022\\\/03\\\/gooddealersmeds__logo__20220317T222800Z.00.png\",\"width\":500,\"height\":325,\"caption\":\"Good Dealers Meds\"},\"image\":{\"@id\":\"https:\\\/\\\/gooddealersmeds.com\\\/fr\\\/#\\\/schema\\\/logo\\\/image\\\/\"}}]}<\/script>\n<!-- \/ Yoast SEO Premium plugin. -->","yoast_head_json":{"title":"Acheter goutte de LSD liquide | Commander une goutte de LSD","description":"Acheter goutte de LSD liquide 200ug & drop en ligne \u00e0 bas prix avec la plus grande puret\u00e9. Il est facilement disponible sur la boutique en ligne d'Europe.","robots":{"index":"index","follow":"follow","max-snippet":"max-snippet:-1","max-image-preview":"max-image-preview:large","max-video-preview":"max-video-preview:-1"},"canonical":"https:\/\/gooddealersmeds.com\/fr\/product\/acheter-liquide-lsd-200ug-goutte-en-ligne\/","og_locale":"en_US","og_type":"article","og_title":"Acheter du LSD liquide 200ug Drop en ligne","og_description":"Acheter goutte de LSD liquide 200ug & drop en ligne \u00e0 bas prix avec la plus grande puret\u00e9. Il est facilement disponible sur la boutique en ligne d'Europe.","og_url":"https:\/\/gooddealersmeds.com\/fr\/product\/acheter-liquide-lsd-200ug-goutte-en-ligne\/","og_site_name":"Good Dealers Meds","article_modified_time":"2023-01-04T18:35:00+00:00","og_image":[{"width":600,"height":600,"url":"https:\/\/gooddealersmeds.com\/fr\/wp-content\/uploads\/sites\/5\/2022\/07\/buy-liquid-lsd-200ug-drop-online-cheap-1.jpg","type":"image\/jpeg"}],"twitter_card":"summary_large_image","twitter_misc":{"Est. reading time":"2 minutes"},"schema":{"@context":"https:\/\/schema.org","@graph":[{"@type":"WebPage","@id":"https:\/\/gooddealersmeds.com\/fr\/product\/acheter-liquide-lsd-200ug-goutte-en-ligne\/","url":"https:\/\/gooddealersmeds.com\/fr\/product\/acheter-liquide-lsd-200ug-goutte-en-ligne\/","name":"Acheter goutte de LSD liquide | Commander une goutte de LSD","isPartOf":{"@id":"https:\/\/gooddealersmeds.com\/fr\/#website"},"primaryImageOfPage":{"@id":"https:\/\/gooddealersmeds.com\/fr\/product\/acheter-liquide-lsd-200ug-goutte-en-ligne\/#primaryimage"},"image":{"@id":"https:\/\/gooddealersmeds.com\/fr\/product\/acheter-liquide-lsd-200ug-goutte-en-ligne\/#primaryimage"},"thumbnailUrl":"https:\/\/gooddealersmeds.com\/fr\/wp-content\/uploads\/sites\/5\/2022\/07\/buy-liquid-lsd-200ug-drop-online-cheap-1.jpg","datePublished":"2022-07-03T14:50:24+00:00","dateModified":"2023-01-04T18:35:00+00:00","description":"Acheter goutte de LSD liquide 200ug & drop en ligne \u00e0 bas prix avec la plus grande puret\u00e9. Il est facilement disponible sur la boutique en ligne d'Europe.","breadcrumb":{"@id":"https:\/\/gooddealersmeds.com\/fr\/product\/acheter-liquide-lsd-200ug-goutte-en-ligne\/#breadcrumb"},"inLanguage":"en-US","potentialAction":[{"@type":"ReadAction","target":["https:\/\/gooddealersmeds.com\/fr\/product\/acheter-liquide-lsd-200ug-goutte-en-ligne\/"]}]},{"@type":"ImageObject","inLanguage":"en-US","@id":"https:\/\/gooddealersmeds.com\/fr\/product\/acheter-liquide-lsd-200ug-goutte-en-ligne\/#primaryimage","url":"https:\/\/gooddealersmeds.com\/fr\/wp-content\/uploads\/sites\/5\/2022\/07\/buy-liquid-lsd-200ug-drop-online-cheap-1.jpg","contentUrl":"https:\/\/gooddealersmeds.com\/fr\/wp-content\/uploads\/sites\/5\/2022\/07\/buy-liquid-lsd-200ug-drop-online-cheap-1.jpg","width":600,"height":600,"caption":"Buy liquid LSD Drop"},{"@type":"BreadcrumbList","@id":"https:\/\/gooddealersmeds.com\/fr\/product\/acheter-liquide-lsd-200ug-goutte-en-ligne\/#breadcrumb","itemListElement":[{"@type":"ListItem","position":1,"name":"Home","item":"https:\/\/gooddealersmeds.com\/fr\/"},{"@type":"ListItem","position":2,"name":"Des produits","item":"https:\/\/gooddealersmeds.com\/fr\/des-produits\/"},{"@type":"ListItem","position":3,"name":"Acheter du LSD liquide 200ug Drop en ligne"}]},{"@type":"WebSite","@id":"https:\/\/gooddealersmeds.com\/fr\/#website","url":"https:\/\/gooddealersmeds.com\/fr\/","name":"Good Dealers Meds","description":"All our best","publisher":{"@id":"https:\/\/gooddealersmeds.com\/fr\/#organization"},"potentialAction":[{"@type":"SearchAction","target":{"@type":"EntryPoint","urlTemplate":"https:\/\/gooddealersmeds.com\/fr\/?s={search_term_string}"},"query-input":{"@type":"PropertyValueSpecification","valueRequired":true,"valueName":"search_term_string"}}],"inLanguage":"en-US"},{"@type":"Organization","@id":"https:\/\/gooddealersmeds.com\/fr\/#organization","name":"Good Dealers Meds","url":"https:\/\/gooddealersmeds.com\/fr\/","logo":{"@type":"ImageObject","inLanguage":"en-US","@id":"https:\/\/gooddealersmeds.com\/fr\/#\/schema\/logo\/image\/","url":"https:\/\/gooddealersmeds.com\/fr\/wp-content\/uploads\/sites\/5\/2022\/03\/gooddealersmeds__logo__20220317T222800Z.00.png","contentUrl":"https:\/\/gooddealersmeds.com\/fr\/wp-content\/uploads\/sites\/5\/2022\/03\/gooddealersmeds__logo__20220317T222800Z.00.png","width":500,"height":325,"caption":"Good Dealers Meds"},"image":{"@id":"https:\/\/gooddealersmeds.com\/fr\/#\/schema\/logo\/image\/"}}]}},"_links":{"self":[{"href":"https:\/\/gooddealersmeds.com\/fr\/wp-json\/wp\/v2\/product\/2009","targetHints":{"allow":["GET"]}}],"collection":[{"href":"https:\/\/gooddealersmeds.com\/fr\/wp-json\/wp\/v2\/product"}],"about":[{"href":"https:\/\/gooddealersmeds.com\/fr\/wp-json\/wp\/v2\/types\/product"}],"replies":[{"embeddable":true,"href":"https:\/\/gooddealersmeds.com\/fr\/wp-json\/wp\/v2\/comments?post=2009"}],"wp:featuredmedia":[{"embeddable":true,"href":"https:\/\/gooddealersmeds.com\/fr\/wp-json\/wp\/v2\/media\/2010"}],"wp:attachment":[{"href":"https:\/\/gooddealersmeds.com\/fr\/wp-json\/wp\/v2\/media?parent=2009"}],"wp:term":[{"taxonomy":"product_brand","embeddable":true,"href":"https:\/\/gooddealersmeds.com\/fr\/wp-json\/wp\/v2\/product_brand?post=2009"},{"taxonomy":"product_cat","embeddable":true,"href":"https:\/\/gooddealersmeds.com\/fr\/wp-json\/wp\/v2\/product_cat?post=2009"},{"taxonomy":"product_tag","embeddable":true,"href":"https:\/\/gooddealersmeds.com\/fr\/wp-json\/wp\/v2\/product_tag?post=2009"}],"curies":[{"name":"wp","href":"https:\/\/api.w.org\/{rel}","templated":true}]}}