{"id":2002,"date":"2022-08-01T19:12:36","date_gmt":"2022-08-01T19:12:36","guid":{"rendered":"https:\/\/gooddealersmeds.com\/fr\/?post_type=product&#038;p=2002"},"modified":"2023-01-04T18:29:37","modified_gmt":"2023-01-04T18:29:37","slug":"acheter-qualite-phencyclidine-pcp-liquide","status":"publish","type":"product","link":"https:\/\/gooddealersmeds.com\/fr\/product\/acheter-qualite-phencyclidine-pcp-liquide\/","title":{"rendered":"Acheter du liquide de phencyclidine (PCP) de qualit\u00e9"},"content":{"rendered":"<h2>Acheter Phencyclidine liquide (PCP)<\/h2>\n<p>Phencyclidine liquide (PCP) est une drogue psych\u00e9d\u00e9lique qui est prise pour sa capacit\u00e9 \u00e0 modifier la r\u00e9alit\u00e9. C&#8217;est une drogue r\u00e9cr\u00e9ative; il peut \u00e9galement \u00eatre inject\u00e9 car il est \u00e0 l&#8217;\u00e9tat liquide Acheter du liquide de phencyclidine en ligne. Il peut \u00e9galement \u00eatre m\u00e9lang\u00e9 avec du tabac ou de la marijuana selon les pr\u00e9f\u00e9rences individuelles, o\u00f9 commander Phencyclidine Liquid. La phencyclidine est un membre de la classe de m\u00e9dicaments arylcyclohexylamine et c&#8217;est un anesth\u00e9sique dissociatif. Il aide \u00e0 r\u00e9duire significativement la douleur en fonction de la dose prise ; il pourrait \u00e9galement agir comme anesth\u00e9sique, stimulant ou d\u00e9presseur. Des effets secondaires tels qu&#8217;une vision floue, des vomissements et des \u00e9tourdissements peuvent \u00eatre associ\u00e9s \u00e0 la prise de doses significativement \u00e9lev\u00e9es. Lorsqu&#8217;il est utilis\u00e9 avec mod\u00e9ration, il vous fait vous sentir d\u00e9tach\u00e9 de la r\u00e9alit\u00e9 et donne un sentiment d&#8217;euphorie. Il est connu pour imiter presque comme si vous aviez une force surhumaine et que vous n&#8217;aviez peur de rien.<\/p>\n<p><strong>Utilisation de la ph\u00e9ncyclidine\u00a0<\/strong><\/p>\n<p>Le liquide de ph\u00e9ncyclidine (PCP) a une temps de r\u00e9action rapide lorsqu&#8217;il est inject\u00e9 directement dans le corps. Il s&#8217;use g\u00e9n\u00e9ralement apr\u00e8s 6 \u00e0 24 heures selon le dosage utilis\u00e9. Le danger d&#8217;effets secondaires importants et de surdosage augmente lorsque le PCP est associ\u00e9 \u00e0 d&#8217;autres m\u00e9dicaments, y compris sur ordonnance, <a href=\"https:\/\/gooddealersmeds.com\/fr\/product\/buy-quality-phencyclidine-pcp-liquid\/\">PCP en vente libre (OTC)<\/a> et d&#8217;autres opio\u00efdes r\u00e9cr\u00e9atifs. Cela est particuli\u00e8rement vrai lorsque vous combinez des m\u00e9dicaments qui d\u00e9priment le syst\u00e8me nerveux central. Cela pourrait ralentir consid\u00e9rablement votre respiration et entra\u00eener une augmentation de la pression art\u00e9rielle.<\/p>\n<p><strong>Dose de PCP<\/strong><\/p>\n<p>Le liquide de ph\u00e9ncyclidine (PCP) ne doit pas \u00eatre utilis\u00e9 souvent car une utilisation fr\u00e9quente et \u00e0 long terme pourrait avoir des effets d\u00e9sagr\u00e9ables. Il ne doit pas \u00eatre utilis\u00e9 seul car l&#8217;utilisateur pourrait avoir des hallucinations pouvant entra\u00eener un comportement \u00e9trange et de la confusion ; avoir un compagnon ou une compagnie serait excellent et b\u00e9n\u00e9fique en cas de probl\u00e8me. Restez toujours hydrat\u00e9 lorsque vous utilisez du PCP pour \u00e9viter la d\u00e9shydratation et une temp\u00e9rature corporelle \u00e9lev\u00e9e. C&#8217;est toujours une bonne id\u00e9e d&#8217;\u00e9viter de m\u00e9langer le PCP avec de l&#8217;alcool. Il existe un risque de devenir accro \u00e0 ce m\u00e9dicament, surtout lorsque vous l&#8217;utilisez constamment, il doit \u00eatre pris \u00e0 doses mod\u00e9r\u00e9es et vous pouvez contacter nos m\u00e9decins pour obtenir une formation appropri\u00e9e sur l&#8217;utilisation, Acheter phencyclidine liquide en ligne<\/p>\n","protected":false},"excerpt":{"rendered":"<p>Acheter Phencyclidine liquide (PCP) Phencyclidine liquide (PCP) est une drogue psych\u00e9d\u00e9lique qui est prise pour sa capacit\u00e9 \u00e0 modifier la r\u00e9alit\u00e9. C&#8217;est une drogue r\u00e9cr\u00e9ative; il peut \u00e9galement \u00eatre inject\u00e9 car il est \u00e0 l&#8217;\u00e9tat liquide Acheter du liquide de phencyclidine en ligne. Il peut \u00e9galement \u00eatre m\u00e9lang\u00e9 avec du tabac ou de la marijuana&#8230;<\/p>\n","protected":false},"featured_media":2003,"comment_status":"open","ping_status":"closed","template":"","meta":{"inline_featured_image":false},"product_brand":[],"product_cat":[345],"product_tag":[],"class_list":{"0":"post-2002","1":"product","2":"type-product","3":"status-publish","4":"has-post-thumbnail","6":"product_cat-drogues-psychdliques","8":"first","9":"instock","10":"shipping-taxable","11":"product-type-simple"},"yoast_head":"<!-- This site is optimized with the Yoast SEO Premium plugin v20.6 (Yoast SEO v27.4) - https:\/\/yoast.com\/product\/yoast-seo-premium-wordpress\/ -->\n<title>Acheter phencyclidine liquide en ligne | Commander du liquide PCP<\/title>\n<meta name=\"description\" content=\"Acheter phencyclidine liquide en ligne (\u00e9galement connu sous le nom de poussi\u00e8re d&#039;ange) \u00e0 un prix abordable aupr\u00e8s de fournisseurs de confiance avec la plus grande puret\u00e9.\" \/>\n<meta name=\"robots\" content=\"index, follow, max-snippet:-1, max-image-preview:large, max-video-preview:-1\" \/>\n<link rel=\"canonical\" href=\"https:\/\/gooddealersmeds.com\/fr\/product\/acheter-qualite-phencyclidine-pcp-liquide\/\" \/>\n<meta property=\"og:locale\" content=\"en_US\" \/>\n<meta property=\"og:type\" content=\"article\" \/>\n<meta property=\"og:title\" content=\"Acheter du liquide de phencyclidine (PCP) de qualit\u00e9\" \/>\n<meta property=\"og:description\" content=\"Acheter phencyclidine liquide en ligne (\u00e9galement connu sous le nom de poussi\u00e8re d&#039;ange) \u00e0 un prix abordable aupr\u00e8s de fournisseurs de confiance avec la plus grande puret\u00e9.\" \/>\n<meta property=\"og:url\" content=\"https:\/\/gooddealersmeds.com\/fr\/product\/acheter-qualite-phencyclidine-pcp-liquide\/\" \/>\n<meta property=\"og:site_name\" content=\"Good Dealers Meds\" \/>\n<meta property=\"article:modified_time\" content=\"2023-01-04T18:29:37+00:00\" \/>\n<meta property=\"og:image\" content=\"https:\/\/gooddealersmeds.com\/fr\/wp-content\/uploads\/sites\/5\/2022\/07\/pcp-angel-dust-solution.jpg\" \/>\n\t<meta property=\"og:image:width\" content=\"718\" \/>\n\t<meta property=\"og:image:height\" content=\"539\" \/>\n\t<meta property=\"og:image:type\" content=\"image\/jpeg\" \/>\n<meta name=\"twitter:card\" content=\"summary_large_image\" \/>\n<meta name=\"twitter:label1\" content=\"Est. reading time\" \/>\n\t<meta name=\"twitter:data1\" content=\"2 minutes\" \/>\n<script type=\"application\/ld+json\" class=\"yoast-schema-graph\">{\"@context\":\"https:\\\/\\\/schema.org\",\"@graph\":[{\"@type\":\"WebPage\",\"@id\":\"https:\\\/\\\/gooddealersmeds.com\\\/fr\\\/product\\\/acheter-qualite-phencyclidine-pcp-liquide\\\/\",\"url\":\"https:\\\/\\\/gooddealersmeds.com\\\/fr\\\/product\\\/acheter-qualite-phencyclidine-pcp-liquide\\\/\",\"name\":\"Acheter phencyclidine liquide en ligne | Commander du liquide PCP\",\"isPartOf\":{\"@id\":\"https:\\\/\\\/gooddealersmeds.com\\\/fr\\\/#website\"},\"primaryImageOfPage\":{\"@id\":\"https:\\\/\\\/gooddealersmeds.com\\\/fr\\\/product\\\/acheter-qualite-phencyclidine-pcp-liquide\\\/#primaryimage\"},\"image\":{\"@id\":\"https:\\\/\\\/gooddealersmeds.com\\\/fr\\\/product\\\/acheter-qualite-phencyclidine-pcp-liquide\\\/#primaryimage\"},\"thumbnailUrl\":\"https:\\\/\\\/gooddealersmeds.com\\\/fr\\\/wp-content\\\/uploads\\\/sites\\\/5\\\/2022\\\/07\\\/pcp-angel-dust-solution.jpg\",\"datePublished\":\"2022-08-01T19:12:36+00:00\",\"dateModified\":\"2023-01-04T18:29:37+00:00\",\"description\":\"Acheter phencyclidine liquide en ligne (\u00e9galement connu sous le nom de poussi\u00e8re d'ange) \u00e0 un prix abordable aupr\u00e8s de fournisseurs de confiance avec la plus grande puret\u00e9.\",\"breadcrumb\":{\"@id\":\"https:\\\/\\\/gooddealersmeds.com\\\/fr\\\/product\\\/acheter-qualite-phencyclidine-pcp-liquide\\\/#breadcrumb\"},\"inLanguage\":\"en-US\",\"potentialAction\":[{\"@type\":\"ReadAction\",\"target\":[\"https:\\\/\\\/gooddealersmeds.com\\\/fr\\\/product\\\/acheter-qualite-phencyclidine-pcp-liquide\\\/\"]}]},{\"@type\":\"ImageObject\",\"inLanguage\":\"en-US\",\"@id\":\"https:\\\/\\\/gooddealersmeds.com\\\/fr\\\/product\\\/acheter-qualite-phencyclidine-pcp-liquide\\\/#primaryimage\",\"url\":\"https:\\\/\\\/gooddealersmeds.com\\\/fr\\\/wp-content\\\/uploads\\\/sites\\\/5\\\/2022\\\/07\\\/pcp-angel-dust-solution.jpg\",\"contentUrl\":\"https:\\\/\\\/gooddealersmeds.com\\\/fr\\\/wp-content\\\/uploads\\\/sites\\\/5\\\/2022\\\/07\\\/pcp-angel-dust-solution.jpg\",\"width\":718,\"height\":539,\"caption\":\"buy pcp powder\"},{\"@type\":\"BreadcrumbList\",\"@id\":\"https:\\\/\\\/gooddealersmeds.com\\\/fr\\\/product\\\/acheter-qualite-phencyclidine-pcp-liquide\\\/#breadcrumb\",\"itemListElement\":[{\"@type\":\"ListItem\",\"position\":1,\"name\":\"Home\",\"item\":\"https:\\\/\\\/gooddealersmeds.com\\\/fr\\\/\"},{\"@type\":\"ListItem\",\"position\":2,\"name\":\"Des produits\",\"item\":\"https:\\\/\\\/gooddealersmeds.com\\\/fr\\\/des-produits\\\/\"},{\"@type\":\"ListItem\",\"position\":3,\"name\":\"Acheter du liquide de phencyclidine (PCP) de qualit\u00e9\"}]},{\"@type\":\"WebSite\",\"@id\":\"https:\\\/\\\/gooddealersmeds.com\\\/fr\\\/#website\",\"url\":\"https:\\\/\\\/gooddealersmeds.com\\\/fr\\\/\",\"name\":\"Good Dealers Meds\",\"description\":\"All our best\",\"publisher\":{\"@id\":\"https:\\\/\\\/gooddealersmeds.com\\\/fr\\\/#organization\"},\"potentialAction\":[{\"@type\":\"SearchAction\",\"target\":{\"@type\":\"EntryPoint\",\"urlTemplate\":\"https:\\\/\\\/gooddealersmeds.com\\\/fr\\\/?s={search_term_string}\"},\"query-input\":{\"@type\":\"PropertyValueSpecification\",\"valueRequired\":true,\"valueName\":\"search_term_string\"}}],\"inLanguage\":\"en-US\"},{\"@type\":\"Organization\",\"@id\":\"https:\\\/\\\/gooddealersmeds.com\\\/fr\\\/#organization\",\"name\":\"Good Dealers Meds\",\"url\":\"https:\\\/\\\/gooddealersmeds.com\\\/fr\\\/\",\"logo\":{\"@type\":\"ImageObject\",\"inLanguage\":\"en-US\",\"@id\":\"https:\\\/\\\/gooddealersmeds.com\\\/fr\\\/#\\\/schema\\\/logo\\\/image\\\/\",\"url\":\"https:\\\/\\\/gooddealersmeds.com\\\/fr\\\/wp-content\\\/uploads\\\/sites\\\/5\\\/2022\\\/03\\\/gooddealersmeds__logo__20220317T222800Z.00.png\",\"contentUrl\":\"https:\\\/\\\/gooddealersmeds.com\\\/fr\\\/wp-content\\\/uploads\\\/sites\\\/5\\\/2022\\\/03\\\/gooddealersmeds__logo__20220317T222800Z.00.png\",\"width\":500,\"height\":325,\"caption\":\"Good Dealers Meds\"},\"image\":{\"@id\":\"https:\\\/\\\/gooddealersmeds.com\\\/fr\\\/#\\\/schema\\\/logo\\\/image\\\/\"}}]}<\/script>\n<!-- \/ Yoast SEO Premium plugin. -->","yoast_head_json":{"title":"Acheter phencyclidine liquide en ligne | Commander du liquide PCP","description":"Acheter phencyclidine liquide en ligne (\u00e9galement connu sous le nom de poussi\u00e8re d'ange) \u00e0 un prix abordable aupr\u00e8s de fournisseurs de confiance avec la plus grande puret\u00e9.","robots":{"index":"index","follow":"follow","max-snippet":"max-snippet:-1","max-image-preview":"max-image-preview:large","max-video-preview":"max-video-preview:-1"},"canonical":"https:\/\/gooddealersmeds.com\/fr\/product\/acheter-qualite-phencyclidine-pcp-liquide\/","og_locale":"en_US","og_type":"article","og_title":"Acheter du liquide de phencyclidine (PCP) de qualit\u00e9","og_description":"Acheter phencyclidine liquide en ligne (\u00e9galement connu sous le nom de poussi\u00e8re d'ange) \u00e0 un prix abordable aupr\u00e8s de fournisseurs de confiance avec la plus grande puret\u00e9.","og_url":"https:\/\/gooddealersmeds.com\/fr\/product\/acheter-qualite-phencyclidine-pcp-liquide\/","og_site_name":"Good Dealers Meds","article_modified_time":"2023-01-04T18:29:37+00:00","og_image":[{"width":718,"height":539,"url":"https:\/\/gooddealersmeds.com\/fr\/wp-content\/uploads\/sites\/5\/2022\/07\/pcp-angel-dust-solution.jpg","type":"image\/jpeg"}],"twitter_card":"summary_large_image","twitter_misc":{"Est. reading time":"2 minutes"},"schema":{"@context":"https:\/\/schema.org","@graph":[{"@type":"WebPage","@id":"https:\/\/gooddealersmeds.com\/fr\/product\/acheter-qualite-phencyclidine-pcp-liquide\/","url":"https:\/\/gooddealersmeds.com\/fr\/product\/acheter-qualite-phencyclidine-pcp-liquide\/","name":"Acheter phencyclidine liquide en ligne | Commander du liquide PCP","isPartOf":{"@id":"https:\/\/gooddealersmeds.com\/fr\/#website"},"primaryImageOfPage":{"@id":"https:\/\/gooddealersmeds.com\/fr\/product\/acheter-qualite-phencyclidine-pcp-liquide\/#primaryimage"},"image":{"@id":"https:\/\/gooddealersmeds.com\/fr\/product\/acheter-qualite-phencyclidine-pcp-liquide\/#primaryimage"},"thumbnailUrl":"https:\/\/gooddealersmeds.com\/fr\/wp-content\/uploads\/sites\/5\/2022\/07\/pcp-angel-dust-solution.jpg","datePublished":"2022-08-01T19:12:36+00:00","dateModified":"2023-01-04T18:29:37+00:00","description":"Acheter phencyclidine liquide en ligne (\u00e9galement connu sous le nom de poussi\u00e8re d'ange) \u00e0 un prix abordable aupr\u00e8s de fournisseurs de confiance avec la plus grande puret\u00e9.","breadcrumb":{"@id":"https:\/\/gooddealersmeds.com\/fr\/product\/acheter-qualite-phencyclidine-pcp-liquide\/#breadcrumb"},"inLanguage":"en-US","potentialAction":[{"@type":"ReadAction","target":["https:\/\/gooddealersmeds.com\/fr\/product\/acheter-qualite-phencyclidine-pcp-liquide\/"]}]},{"@type":"ImageObject","inLanguage":"en-US","@id":"https:\/\/gooddealersmeds.com\/fr\/product\/acheter-qualite-phencyclidine-pcp-liquide\/#primaryimage","url":"https:\/\/gooddealersmeds.com\/fr\/wp-content\/uploads\/sites\/5\/2022\/07\/pcp-angel-dust-solution.jpg","contentUrl":"https:\/\/gooddealersmeds.com\/fr\/wp-content\/uploads\/sites\/5\/2022\/07\/pcp-angel-dust-solution.jpg","width":718,"height":539,"caption":"buy pcp powder"},{"@type":"BreadcrumbList","@id":"https:\/\/gooddealersmeds.com\/fr\/product\/acheter-qualite-phencyclidine-pcp-liquide\/#breadcrumb","itemListElement":[{"@type":"ListItem","position":1,"name":"Home","item":"https:\/\/gooddealersmeds.com\/fr\/"},{"@type":"ListItem","position":2,"name":"Des produits","item":"https:\/\/gooddealersmeds.com\/fr\/des-produits\/"},{"@type":"ListItem","position":3,"name":"Acheter du liquide de phencyclidine (PCP) de qualit\u00e9"}]},{"@type":"WebSite","@id":"https:\/\/gooddealersmeds.com\/fr\/#website","url":"https:\/\/gooddealersmeds.com\/fr\/","name":"Good Dealers Meds","description":"All our best","publisher":{"@id":"https:\/\/gooddealersmeds.com\/fr\/#organization"},"potentialAction":[{"@type":"SearchAction","target":{"@type":"EntryPoint","urlTemplate":"https:\/\/gooddealersmeds.com\/fr\/?s={search_term_string}"},"query-input":{"@type":"PropertyValueSpecification","valueRequired":true,"valueName":"search_term_string"}}],"inLanguage":"en-US"},{"@type":"Organization","@id":"https:\/\/gooddealersmeds.com\/fr\/#organization","name":"Good Dealers Meds","url":"https:\/\/gooddealersmeds.com\/fr\/","logo":{"@type":"ImageObject","inLanguage":"en-US","@id":"https:\/\/gooddealersmeds.com\/fr\/#\/schema\/logo\/image\/","url":"https:\/\/gooddealersmeds.com\/fr\/wp-content\/uploads\/sites\/5\/2022\/03\/gooddealersmeds__logo__20220317T222800Z.00.png","contentUrl":"https:\/\/gooddealersmeds.com\/fr\/wp-content\/uploads\/sites\/5\/2022\/03\/gooddealersmeds__logo__20220317T222800Z.00.png","width":500,"height":325,"caption":"Good Dealers Meds"},"image":{"@id":"https:\/\/gooddealersmeds.com\/fr\/#\/schema\/logo\/image\/"}}]}},"_links":{"self":[{"href":"https:\/\/gooddealersmeds.com\/fr\/wp-json\/wp\/v2\/product\/2002","targetHints":{"allow":["GET"]}}],"collection":[{"href":"https:\/\/gooddealersmeds.com\/fr\/wp-json\/wp\/v2\/product"}],"about":[{"href":"https:\/\/gooddealersmeds.com\/fr\/wp-json\/wp\/v2\/types\/product"}],"replies":[{"embeddable":true,"href":"https:\/\/gooddealersmeds.com\/fr\/wp-json\/wp\/v2\/comments?post=2002"}],"wp:featuredmedia":[{"embeddable":true,"href":"https:\/\/gooddealersmeds.com\/fr\/wp-json\/wp\/v2\/media\/2003"}],"wp:attachment":[{"href":"https:\/\/gooddealersmeds.com\/fr\/wp-json\/wp\/v2\/media?parent=2002"}],"wp:term":[{"taxonomy":"product_brand","embeddable":true,"href":"https:\/\/gooddealersmeds.com\/fr\/wp-json\/wp\/v2\/product_brand?post=2002"},{"taxonomy":"product_cat","embeddable":true,"href":"https:\/\/gooddealersmeds.com\/fr\/wp-json\/wp\/v2\/product_cat?post=2002"},{"taxonomy":"product_tag","embeddable":true,"href":"https:\/\/gooddealersmeds.com\/fr\/wp-json\/wp\/v2\/product_tag?post=2002"}],"curies":[{"name":"wp","href":"https:\/\/api.w.org\/{rel}","templated":true}]}}