{"id":2001,"date":"2022-07-03T14:45:15","date_gmt":"2022-07-03T14:45:15","guid":{"rendered":"https:\/\/gooddealersmeds.com\/fr\/?post_type=product&#038;p=2001"},"modified":"2023-01-04T18:41:18","modified_gmt":"2023-01-04T18:41:18","slug":"acheter-ketamine-poudre-en-ligne","status":"publish","type":"product","link":"https:\/\/gooddealersmeds.com\/fr\/product\/acheter-ketamine-poudre-en-ligne\/","title":{"rendered":"Acheter de la poudre de k\u00e9tamine en ligne"},"content":{"rendered":"<h2>Qu&#8217;est-ce que la poudre de k\u00e9tamine et comment \u00e7a marche<\/h2>\n<p>La k\u00e9tamine est un anesth\u00e9sique dissociatif. Il est utilis\u00e9 par les m\u00e9decins pour commencer l&#8217;anesth\u00e9sie g\u00e9n\u00e9rale &#8211; Acheter de la poudre de k\u00e9tamine en ligne. Il peut \u00eatre utilis\u00e9 pour traiter la d\u00e9pression chez les patients qui ne r\u00e9pondent pas bien aux autres formes de traitements. Il peut \u00eatre utilis\u00e9 pour traiter les probl\u00e8mes d&#8217;anxi\u00e9t\u00e9. L&#8217;alcool et la k\u00e9tamine sont des d\u00e9presseurs du syst\u00e8me nerveux central et, en tant que tels, la k\u00e9tamine associ\u00e9e \u00e0 l&#8217;alcool n&#8217;est pas recommand\u00e9e car elle pourrait avoir des effets mortels. C&#8217;est une drogue r\u00e9cr\u00e9ative populaire qui peut produire un sentiment d&#8217;euphorie lorsqu&#8217;elle est prise. Il peut \u00e9galement \u00eatre utilis\u00e9 pour soulager la douleur, en particulier lorsque d&#8217;autres m\u00e9dicaments ne semblent pas faire le travail. La k\u00e9tamine ne fonctionne pas comme les autres anesth\u00e9siques qui bloquent les signaux de douleur, elle agit de telle mani\u00e8re qu&#8217;elle d\u00e9connecte le cerveau du corps. Il entrave la capacit\u00e9 du cerveau \u00e0 traiter les signaux de douleur. La k\u00e9tamine est connue pour augmenter l&#8217;activit\u00e9 neuronale et certaines \u00e9tudes ont montr\u00e9 que c&#8217;est possible. <a href=\"https:\/\/gooddealersmeds.com\/fr\/product\/buy-ketamine-powder-online\/\">Comment commander de la k\u00e9tamine<\/a><\/p>\n<p><strong>Quel est le bon endroit pour acheter de la k\u00e9tamine ?<\/strong><\/p>\n<p>\u00eatre utilis\u00e9 pour traiter certaines maladies mentales. Il peut \u00eatre utilis\u00e9 pour soulager la douleur r\u00e9sultant de br\u00fblures. Il peut \u00eatre utilis\u00e9 pour traiter les blessures subies sur le champ de bataille. Il a \u00e9galement \u00e9t\u00e9 utilis\u00e9 pour la gestion de la douleur chez les enfants qui ne peuvent pas utiliser d&#8217;autres anesth\u00e9siques en raison d&#8217;effets ind\u00e9sirables ou d&#8217;allergies. L&#8217;effet se fait g\u00e9n\u00e9ralement sentir quelques minutes apr\u00e8s la prise. Le temps de r\u00e9action d\u00e9pend du mode d&#8217;utilisation &#8211; Poudre de k\u00e9tamine \u00e0 vendre. Lorsqu&#8217;il est pris, le temps qu&#8217;il faut pour qu&#8217;il commence \u00e0 fonctionner varie de quelques secondes \u00e0 30 minutes. Il a \u00e9t\u00e9 rapport\u00e9 que les utilisateurs de k\u00e9tamine ressentent un high qui peut les rendre heureux et \u00e0 l&#8217;aise. De plus, ils pourraient se sentir d\u00e9tach\u00e9s de leur corps en raison du fait qu&#8217;il s&#8217;agit d&#8217;un anesth\u00e9sique dissociatif. Le m\u00e9dicament a un impact sur les r\u00e9cepteurs de la glutamine et r\u00e9pare et r\u00e9active les synapses, am\u00e9liorant ainsi l&#8217;adaptabilit\u00e9 du cerveau, ce qui peut aider \u00e0 surmonter la d\u00e9pression. Acheter de la poudre de k\u00e9tamine<\/p>\n<p><strong>Comment commander de la k\u00e9tamine et comment l&#8217;utiliser<\/strong><\/p>\n<p>Il a \u00e9t\u00e9 rapport\u00e9 que la k\u00e9tamine rend les antid\u00e9presseurs ou la psychoth\u00e9rapie efficaces m\u00eame s&#8217;ils n&#8217;\u00e9taient pas tr\u00e8s efficaces au d\u00e9but. Cela pourrait \u00e9galement expliquer pourquoi la k\u00e9tamine peut rendre les antid\u00e9presseurs ou la psychoth\u00e9rapie efficaces apr\u00e8s qu&#8217;ils ne l&#8217;\u00e9taient pas auparavant. Certains utilisateurs affirment que cela procure une sensation agr\u00e9able et les fait se sentir en harmonie avec le cosmos. Le prendre en compagnie d&#8217;amis dans un calme &#8211; commander de la poudre de k\u00e9tamine ici, un cadre d\u00e9tendu peut \u00eatre spirituel et apaisant\u00a0; le prendre dans un club peut \u00eatre exaltant avec une \u00e9nergie accrue et un bon high.<\/p>\n<p>La k\u00e9tamine peut \u00e9galement avoir d&#8217;autres effets secondaires d\u00e9favorables, tels que l&#8217;anxi\u00e9t\u00e9, le vertige ou la perte de solde. C&#8217;est aussi une drogue tr\u00e8s addictive, elle est inodore et incolore et peut \u00eatre utilis\u00e9e pour nuire si des pr\u00e9cautions ne sont pas prises correctement. K\u00e9tamine \u00e0 vendre Consultez nos m\u00e9decins pour des conseils appropri\u00e9s.<\/p>\n","protected":false},"excerpt":{"rendered":"<p>Achetez de la poudre de k\u00e9tamine en ligne. Acheter de la poudre de k\u00e9tamine HCL \u00e0 vendre en ligne &#8211; Poudre de k\u00e9tamine \u00e0 vendre en ligne &#8211; Commander de la poudre de k\u00e9tamine<\/p>\n","protected":false},"featured_media":2008,"comment_status":"open","ping_status":"closed","template":"","meta":{"inline_featured_image":false},"product_brand":[],"product_cat":[345],"product_tag":[107,563,562,561,571,203,105,572,108,104,109,570,566,573,110,564,567,565,568,106,569],"class_list":{"0":"post-2001","1":"product","2":"type-product","3":"status-publish","4":"has-post-thumbnail","6":"product_cat-drogues-psychdliques","7":"product_tag-acheter","8":"product_tag-acheter-ktamine-en-ligne","9":"product_tag-acheter-ketamine-poudre","10":"product_tag-acheter-ktamine-poudre-acheter-en-ligne-poudre","11":"product_tag-acheter-ktamine-poudre-en-ligne-usa","12":"product_tag-acheter-poudre-en-ligne","13":"product_tag-canada","14":"product_tag-comment-commander-la-ktamine-en-poudre","15":"product_tag-en-ligne","16":"product_tag-etats-unis","17":"product_tag-fournisseurs","18":"product_tag-is-ketamine-powder-legal-in-usa","19":"product_tag-vente-de-ktamine","20":"product_tag-la-poudre-de-ktamine-est-elle-lgale-au-canada","21":"product_tag-livraison-en-toute-scurit","22":"product_tag-o-acheter-la-ktamine-en-poudre","23":"product_tag-o-acheter-de-la-poudre-de-ktamine-en-ligne","24":"product_tag-ktamine-poudre--vendre","25":"product_tag-ktamine-poudre--vendre-aux-etats-unis","26":"product_tag-royaume-uni","27":"product_tag-vous-pouvez-toujours-obtenir-de-la-ktamine-en-poudre","29":"first","30":"instock","31":"shipping-taxable","32":"purchasable","33":"product-type-variable","34":"has-default-attributes"},"yoast_head":"<!-- This site is optimized with the Yoast SEO Premium plugin v20.6 (Yoast SEO v27.5) - https:\/\/yoast.com\/product\/yoast-seo-premium-wordpress\/ -->\n<title>Acheter de la poudre de k\u00e9tamine | Acheter de la k\u00e9tamine<\/title>\n<meta name=\"description\" content=\"Acheter de la poudre de k\u00e9tamine. K\u00e9tamine HCL \u00e0 vendre - Commandez de la k\u00e9tamine \u00e0 un prix abordable avec une satisfaction garantie et une livraison rapide.\" \/>\n<meta name=\"robots\" content=\"index, follow, max-snippet:-1, max-image-preview:large, max-video-preview:-1\" \/>\n<link rel=\"canonical\" href=\"https:\/\/gooddealersmeds.com\/fr\/product\/acheter-ketamine-poudre-en-ligne\/\" \/>\n<meta property=\"og:locale\" content=\"en_US\" \/>\n<meta property=\"og:type\" content=\"article\" \/>\n<meta property=\"og:title\" content=\"Acheter de la poudre de k\u00e9tamine en ligne\" \/>\n<meta property=\"og:description\" content=\"Acheter de la poudre de k\u00e9tamine. K\u00e9tamine HCL \u00e0 vendre - Commandez de la k\u00e9tamine \u00e0 un prix abordable avec une satisfaction garantie et une livraison rapide.\" \/>\n<meta property=\"og:url\" content=\"https:\/\/gooddealersmeds.com\/fr\/product\/acheter-ketamine-poudre-en-ligne\/\" \/>\n<meta property=\"og:site_name\" content=\"Good Dealers Meds\" \/>\n<meta property=\"article:modified_time\" content=\"2023-01-04T18:41:18+00:00\" \/>\n<meta property=\"og:image\" content=\"https:\/\/gooddealersmeds.com\/fr\/wp-content\/uploads\/sites\/5\/2022\/07\/ketamine-powder.jpg\" \/>\n\t<meta property=\"og:image:width\" content=\"600\" \/>\n\t<meta property=\"og:image:height\" content=\"600\" \/>\n\t<meta property=\"og:image:type\" content=\"image\/jpeg\" \/>\n<meta name=\"twitter:card\" content=\"summary_large_image\" \/>\n<meta name=\"twitter:label1\" content=\"Est. reading time\" \/>\n\t<meta name=\"twitter:data1\" content=\"3 minutes\" \/>\n<script type=\"application\/ld+json\" class=\"yoast-schema-graph\">{\"@context\":\"https:\\\/\\\/schema.org\",\"@graph\":[{\"@type\":\"WebPage\",\"@id\":\"https:\\\/\\\/gooddealersmeds.com\\\/fr\\\/product\\\/acheter-ketamine-poudre-en-ligne\\\/\",\"url\":\"https:\\\/\\\/gooddealersmeds.com\\\/fr\\\/product\\\/acheter-ketamine-poudre-en-ligne\\\/\",\"name\":\"Acheter de la poudre de k\u00e9tamine | Acheter de la k\u00e9tamine\",\"isPartOf\":{\"@id\":\"https:\\\/\\\/gooddealersmeds.com\\\/fr\\\/#website\"},\"primaryImageOfPage\":{\"@id\":\"https:\\\/\\\/gooddealersmeds.com\\\/fr\\\/product\\\/acheter-ketamine-poudre-en-ligne\\\/#primaryimage\"},\"image\":{\"@id\":\"https:\\\/\\\/gooddealersmeds.com\\\/fr\\\/product\\\/acheter-ketamine-poudre-en-ligne\\\/#primaryimage\"},\"thumbnailUrl\":\"https:\\\/\\\/gooddealersmeds.com\\\/fr\\\/wp-content\\\/uploads\\\/sites\\\/5\\\/2022\\\/07\\\/ketamine-powder.jpg\",\"datePublished\":\"2022-07-03T14:45:15+00:00\",\"dateModified\":\"2023-01-04T18:41:18+00:00\",\"description\":\"Acheter de la poudre de k\u00e9tamine. K\u00e9tamine HCL \u00e0 vendre - Commandez de la k\u00e9tamine \u00e0 un prix abordable avec une satisfaction garantie et une livraison rapide.\",\"breadcrumb\":{\"@id\":\"https:\\\/\\\/gooddealersmeds.com\\\/fr\\\/product\\\/acheter-ketamine-poudre-en-ligne\\\/#breadcrumb\"},\"inLanguage\":\"en-US\",\"potentialAction\":[{\"@type\":\"ReadAction\",\"target\":[\"https:\\\/\\\/gooddealersmeds.com\\\/fr\\\/product\\\/acheter-ketamine-poudre-en-ligne\\\/\"]}]},{\"@type\":\"ImageObject\",\"inLanguage\":\"en-US\",\"@id\":\"https:\\\/\\\/gooddealersmeds.com\\\/fr\\\/product\\\/acheter-ketamine-poudre-en-ligne\\\/#primaryimage\",\"url\":\"https:\\\/\\\/gooddealersmeds.com\\\/fr\\\/wp-content\\\/uploads\\\/sites\\\/5\\\/2022\\\/07\\\/ketamine-powder.jpg\",\"contentUrl\":\"https:\\\/\\\/gooddealersmeds.com\\\/fr\\\/wp-content\\\/uploads\\\/sites\\\/5\\\/2022\\\/07\\\/ketamine-powder.jpg\",\"width\":600,\"height\":600,\"caption\":\"Buy Ketamine Powder Online\"},{\"@type\":\"BreadcrumbList\",\"@id\":\"https:\\\/\\\/gooddealersmeds.com\\\/fr\\\/product\\\/acheter-ketamine-poudre-en-ligne\\\/#breadcrumb\",\"itemListElement\":[{\"@type\":\"ListItem\",\"position\":1,\"name\":\"Home\",\"item\":\"https:\\\/\\\/gooddealersmeds.com\\\/fr\\\/\"},{\"@type\":\"ListItem\",\"position\":2,\"name\":\"Des produits\",\"item\":\"https:\\\/\\\/gooddealersmeds.com\\\/fr\\\/des-produits\\\/\"},{\"@type\":\"ListItem\",\"position\":3,\"name\":\"Acheter de la poudre de k\u00e9tamine en ligne\"}]},{\"@type\":\"WebSite\",\"@id\":\"https:\\\/\\\/gooddealersmeds.com\\\/fr\\\/#website\",\"url\":\"https:\\\/\\\/gooddealersmeds.com\\\/fr\\\/\",\"name\":\"Good Dealers Meds\",\"description\":\"All our best\",\"publisher\":{\"@id\":\"https:\\\/\\\/gooddealersmeds.com\\\/fr\\\/#organization\"},\"potentialAction\":[{\"@type\":\"SearchAction\",\"target\":{\"@type\":\"EntryPoint\",\"urlTemplate\":\"https:\\\/\\\/gooddealersmeds.com\\\/fr\\\/?s={search_term_string}\"},\"query-input\":{\"@type\":\"PropertyValueSpecification\",\"valueRequired\":true,\"valueName\":\"search_term_string\"}}],\"inLanguage\":\"en-US\"},{\"@type\":\"Organization\",\"@id\":\"https:\\\/\\\/gooddealersmeds.com\\\/fr\\\/#organization\",\"name\":\"Good Dealers Meds\",\"url\":\"https:\\\/\\\/gooddealersmeds.com\\\/fr\\\/\",\"logo\":{\"@type\":\"ImageObject\",\"inLanguage\":\"en-US\",\"@id\":\"https:\\\/\\\/gooddealersmeds.com\\\/fr\\\/#\\\/schema\\\/logo\\\/image\\\/\",\"url\":\"https:\\\/\\\/gooddealersmeds.com\\\/fr\\\/wp-content\\\/uploads\\\/sites\\\/5\\\/2022\\\/03\\\/gooddealersmeds__logo__20220317T222800Z.00.png\",\"contentUrl\":\"https:\\\/\\\/gooddealersmeds.com\\\/fr\\\/wp-content\\\/uploads\\\/sites\\\/5\\\/2022\\\/03\\\/gooddealersmeds__logo__20220317T222800Z.00.png\",\"width\":500,\"height\":325,\"caption\":\"Good Dealers Meds\"},\"image\":{\"@id\":\"https:\\\/\\\/gooddealersmeds.com\\\/fr\\\/#\\\/schema\\\/logo\\\/image\\\/\"}}]}<\/script>\n<!-- \/ Yoast SEO Premium plugin. -->","yoast_head_json":{"title":"Acheter de la poudre de k\u00e9tamine | Acheter de la k\u00e9tamine","description":"Acheter de la poudre de k\u00e9tamine. K\u00e9tamine HCL \u00e0 vendre - Commandez de la k\u00e9tamine \u00e0 un prix abordable avec une satisfaction garantie et une livraison rapide.","robots":{"index":"index","follow":"follow","max-snippet":"max-snippet:-1","max-image-preview":"max-image-preview:large","max-video-preview":"max-video-preview:-1"},"canonical":"https:\/\/gooddealersmeds.com\/fr\/product\/acheter-ketamine-poudre-en-ligne\/","og_locale":"en_US","og_type":"article","og_title":"Acheter de la poudre de k\u00e9tamine en ligne","og_description":"Acheter de la poudre de k\u00e9tamine. K\u00e9tamine HCL \u00e0 vendre - Commandez de la k\u00e9tamine \u00e0 un prix abordable avec une satisfaction garantie et une livraison rapide.","og_url":"https:\/\/gooddealersmeds.com\/fr\/product\/acheter-ketamine-poudre-en-ligne\/","og_site_name":"Good Dealers Meds","article_modified_time":"2023-01-04T18:41:18+00:00","og_image":[{"width":600,"height":600,"url":"https:\/\/gooddealersmeds.com\/fr\/wp-content\/uploads\/sites\/5\/2022\/07\/ketamine-powder.jpg","type":"image\/jpeg"}],"twitter_card":"summary_large_image","twitter_misc":{"Est. reading time":"3 minutes"},"schema":{"@context":"https:\/\/schema.org","@graph":[{"@type":"WebPage","@id":"https:\/\/gooddealersmeds.com\/fr\/product\/acheter-ketamine-poudre-en-ligne\/","url":"https:\/\/gooddealersmeds.com\/fr\/product\/acheter-ketamine-poudre-en-ligne\/","name":"Acheter de la poudre de k\u00e9tamine | Acheter de la k\u00e9tamine","isPartOf":{"@id":"https:\/\/gooddealersmeds.com\/fr\/#website"},"primaryImageOfPage":{"@id":"https:\/\/gooddealersmeds.com\/fr\/product\/acheter-ketamine-poudre-en-ligne\/#primaryimage"},"image":{"@id":"https:\/\/gooddealersmeds.com\/fr\/product\/acheter-ketamine-poudre-en-ligne\/#primaryimage"},"thumbnailUrl":"https:\/\/gooddealersmeds.com\/fr\/wp-content\/uploads\/sites\/5\/2022\/07\/ketamine-powder.jpg","datePublished":"2022-07-03T14:45:15+00:00","dateModified":"2023-01-04T18:41:18+00:00","description":"Acheter de la poudre de k\u00e9tamine. K\u00e9tamine HCL \u00e0 vendre - Commandez de la k\u00e9tamine \u00e0 un prix abordable avec une satisfaction garantie et une livraison rapide.","breadcrumb":{"@id":"https:\/\/gooddealersmeds.com\/fr\/product\/acheter-ketamine-poudre-en-ligne\/#breadcrumb"},"inLanguage":"en-US","potentialAction":[{"@type":"ReadAction","target":["https:\/\/gooddealersmeds.com\/fr\/product\/acheter-ketamine-poudre-en-ligne\/"]}]},{"@type":"ImageObject","inLanguage":"en-US","@id":"https:\/\/gooddealersmeds.com\/fr\/product\/acheter-ketamine-poudre-en-ligne\/#primaryimage","url":"https:\/\/gooddealersmeds.com\/fr\/wp-content\/uploads\/sites\/5\/2022\/07\/ketamine-powder.jpg","contentUrl":"https:\/\/gooddealersmeds.com\/fr\/wp-content\/uploads\/sites\/5\/2022\/07\/ketamine-powder.jpg","width":600,"height":600,"caption":"Buy Ketamine Powder Online"},{"@type":"BreadcrumbList","@id":"https:\/\/gooddealersmeds.com\/fr\/product\/acheter-ketamine-poudre-en-ligne\/#breadcrumb","itemListElement":[{"@type":"ListItem","position":1,"name":"Home","item":"https:\/\/gooddealersmeds.com\/fr\/"},{"@type":"ListItem","position":2,"name":"Des produits","item":"https:\/\/gooddealersmeds.com\/fr\/des-produits\/"},{"@type":"ListItem","position":3,"name":"Acheter de la poudre de k\u00e9tamine en ligne"}]},{"@type":"WebSite","@id":"https:\/\/gooddealersmeds.com\/fr\/#website","url":"https:\/\/gooddealersmeds.com\/fr\/","name":"Good Dealers Meds","description":"All our best","publisher":{"@id":"https:\/\/gooddealersmeds.com\/fr\/#organization"},"potentialAction":[{"@type":"SearchAction","target":{"@type":"EntryPoint","urlTemplate":"https:\/\/gooddealersmeds.com\/fr\/?s={search_term_string}"},"query-input":{"@type":"PropertyValueSpecification","valueRequired":true,"valueName":"search_term_string"}}],"inLanguage":"en-US"},{"@type":"Organization","@id":"https:\/\/gooddealersmeds.com\/fr\/#organization","name":"Good Dealers Meds","url":"https:\/\/gooddealersmeds.com\/fr\/","logo":{"@type":"ImageObject","inLanguage":"en-US","@id":"https:\/\/gooddealersmeds.com\/fr\/#\/schema\/logo\/image\/","url":"https:\/\/gooddealersmeds.com\/fr\/wp-content\/uploads\/sites\/5\/2022\/03\/gooddealersmeds__logo__20220317T222800Z.00.png","contentUrl":"https:\/\/gooddealersmeds.com\/fr\/wp-content\/uploads\/sites\/5\/2022\/03\/gooddealersmeds__logo__20220317T222800Z.00.png","width":500,"height":325,"caption":"Good Dealers Meds"},"image":{"@id":"https:\/\/gooddealersmeds.com\/fr\/#\/schema\/logo\/image\/"}}]}},"_links":{"self":[{"href":"https:\/\/gooddealersmeds.com\/fr\/wp-json\/wp\/v2\/product\/2001","targetHints":{"allow":["GET"]}}],"collection":[{"href":"https:\/\/gooddealersmeds.com\/fr\/wp-json\/wp\/v2\/product"}],"about":[{"href":"https:\/\/gooddealersmeds.com\/fr\/wp-json\/wp\/v2\/types\/product"}],"replies":[{"embeddable":true,"href":"https:\/\/gooddealersmeds.com\/fr\/wp-json\/wp\/v2\/comments?post=2001"}],"wp:featuredmedia":[{"embeddable":true,"href":"https:\/\/gooddealersmeds.com\/fr\/wp-json\/wp\/v2\/media\/2008"}],"wp:attachment":[{"href":"https:\/\/gooddealersmeds.com\/fr\/wp-json\/wp\/v2\/media?parent=2001"}],"wp:term":[{"taxonomy":"product_brand","embeddable":true,"href":"https:\/\/gooddealersmeds.com\/fr\/wp-json\/wp\/v2\/product_brand?post=2001"},{"taxonomy":"product_cat","embeddable":true,"href":"https:\/\/gooddealersmeds.com\/fr\/wp-json\/wp\/v2\/product_cat?post=2001"},{"taxonomy":"product_tag","embeddable":true,"href":"https:\/\/gooddealersmeds.com\/fr\/wp-json\/wp\/v2\/product_tag?post=2001"}],"curies":[{"name":"wp","href":"https:\/\/api.w.org\/{rel}","templated":true}]}}