{"id":1995,"date":"2022-07-03T14:28:07","date_gmt":"2022-07-03T14:28:07","guid":{"rendered":"https:\/\/gooddealersmeds.com\/fr\/?post_type=product&#038;p=1995"},"modified":"2023-01-04T18:43:55","modified_gmt":"2023-01-04T18:43:55","slug":"phencyclidine-pcp-poudre","status":"publish","type":"product","link":"https:\/\/gooddealersmeds.com\/fr\/product\/phencyclidine-pcp-poudre\/","title":{"rendered":"Acheter de la poudre de phencyclidine (PCP) en ligne"},"content":{"rendered":"<div class=\"woocommerce-tabs wc-tabs-wrapper\">\n<div id=\"tab-description\" class=\"woocommerce-Tabs-panel woocommerce-Tabs-panel--description panel entry-content wc-tab\">\n<h2>Poudre de PCP de qualit\u00e9 (Phencyclidine) disponible \u00e0 la vente en ligne.<\/h2>\n<p>Phencyclidine \u00e0 vendre de la plus haute qualit\u00e9 sur notre boutique en ligne. La ph\u00e9nyclidine ou <a href=\"https:\/\/gooddealersmeds.com\/fr\/product\/phencyclidine-pcp-poudre\/\">ph\u00e9nylcyclohexyl pip\u00e9ridine<\/a>, \u00e9galement connue sous le nom de poussi\u00e8re d&#8217;ange entre autres noms, est un m\u00e9dicament utilis\u00e9 pour ses effets psychotropes. Le PCP peut provoquer des hallucinations, des perceptions d\u00e9form\u00e9es des sons et un comportement violent.<\/p>\n<p>En tant que drogue r\u00e9cr\u00e9ative, elle est g\u00e9n\u00e9ralement fum\u00e9e, mais peut \u00eatre prise par la bouche, renifl\u00e9e ou inject\u00e9e. Il peut \u00e9galement \u00eatre m\u00e9lang\u00e9 avec du cannabis ou du tabac. Les effets ind\u00e9sirables peuvent inclure des convulsions, un coma, une d\u00e9pendance et un risque accru de suicide. Des flashbacks peuvent se produire malgr\u00e9 l&#8217;arr\u00eat de l&#8217;utilisation.<\/p>\n<p>Chimiquement, le PCP est un membre de la classe des arylcyclohexylamines, et pharmaceutiquement, c&#8217;est un anesth\u00e9sique dissociatif. Il fonctionne principalement comme un antagoniste des r\u00e9cepteurs NMDA. Commander de la poudre PCP en ligne<\/p>\n<p>Le PCP est le plus couramment utilis\u00e9 aux \u00c9tats-Unis. Alors que l&#8217;utilisation a atteint un sommet aux \u00c9tats-Unis dans les ann\u00e9es 1970, entre 2005 et 2011, une augmentation des visites aux services d&#8217;urgence \u00e0 la suite du m\u00e9dicament s&#8217;est produite.<\/p>\n<p>En 2017, aux \u00c9tats-Unis, environ 1% des personnes de 12e ann\u00e9e ont d\u00e9clar\u00e9 avoir utilis\u00e9 le PCP au cours de l&#8217;ann\u00e9e pr\u00e9c\u00e9dente, tandis que 2,9% de celles \u00e2g\u00e9es de plus de 25 ans ont d\u00e9clar\u00e9 l&#8217;avoir utilis\u00e9 \u00e0 un moment donn\u00e9.<\/p>\n<p>Le PCP a \u00e9t\u00e9 initialement fabriqu\u00e9 en 1926 et mis sur le march\u00e9 en tant que m\u00e9dicament anesth\u00e9sique dans les ann\u00e9es 1950. Son utilisation chez l&#8217;homme a \u00e9t\u00e9 interdite aux \u00c9tats-Unis en 1965 en raison des taux \u00e9lev\u00e9s d&#8217;effets secondaires, tandis que son utilisation chez les animaux a \u00e9t\u00e9 interdite en 1978.<\/p>\n<p>De plus, la k\u00e9tamine a \u00e9t\u00e9 d\u00e9couverte et mieux tol\u00e9r\u00e9e comme anesth\u00e9sique. Le PCP est class\u00e9 comme un m\u00e9dicament de l&#8217;annexe II aux \u00c9tats-Unis. Un certain nombre de d\u00e9riv\u00e9s du PCP ont \u00e9t\u00e9 vendus \u00e0 des fins r\u00e9cr\u00e9atives et non m\u00e9dicales. Phencyclidine \u00e0 vendre<\/p>\n<h2>Acheter du PCP (poussi\u00e8re d&#8217;ange) en ligne<\/h2>\n<p>En tant que drogue r\u00e9cr\u00e9ative, elle est g\u00e9n\u00e9ralement fum\u00e9e, mais peut \u00eatre prise par la bouche, renifl\u00e9e ou inject\u00e9e. Chimiquement, la poussi\u00e8re d&#8217;ange est un membre de la classe des arylcyclohexylamines, et pharmaceutiquement, c&#8217;est un anesth\u00e9siant dissociatif.<\/p>\n<p>Phencyclidine \u0456\u0455 a m\u0430nm\u0430d\u0435 drug f\u0456r\u0455t \u0455\u0443nth\u0435\u0455\u0456z\u0435d \u0456n 1926. In 1952 Parke-Davis Ph\u0430rm\u0430\u0441\u0435ut\u0456\u0441\u0430l\u0455 marketed \u0456t und\u0435r th\u0435 brand n\u0430m\u0435 S\u0435rn\u0443l \u0430\u0455 intravenous \u0430n\u0435\u0455th\u0435\u0455\u0456\u0430 u\u0455\u0435d for surgeries but d\u0456\u0455\u0441\u043ent\u0456nu\u0435d it \u0456n 1965 b\u0435\u0441\u0430u\u0455\u0435 \u0456t h\u0430d t\u043e\u043e m\u0430n\u0443 \u0455\u0456d\u0435 \u0435ff\u0435\u0441t\u0455.<\/p>\n<p>La ph\u00e9nciclidine est toujours produite ill\u00e9galement dans des laboratoires priv\u00e9s, ainsi que plusieurs analogues disponibles dans les rues de nombreuses villes urbaines. Les patients entra\u00eeneraient un travail suppl\u00e9mentaire pour le personnel hospitalier et se mettraient en danger lorsqu&#8217;ils deviendraient parano\u00efaques et agit\u00e9s apr\u00e8s leurs op\u00e9rations.<\/p>\n<p>La phencyclidine a \u00e9t\u00e9 initialement fabriqu\u00e9e en 1926 et mise sur le march\u00e9 comme m\u00e9dicament anesth\u00e9sique dans les ann\u00e9es 1950. Son utilisation chez l&#8217;homme a \u00e9t\u00e9 interdite aux \u00c9tats-Unis en 1965 en raison des taux \u00e9lev\u00e9s d&#8217;effets secondaires et de d\u00e9pendance, tandis que son utilisation chez d&#8217;autres animaux a \u00e9t\u00e9 interdite en 1978.<\/p>\n<p>la k\u00e9tamine a \u00e9t\u00e9 d\u00e9couverte et mieux tol\u00e9r\u00e9e comme anesth\u00e9siant que la poudre de PCP. Le gouvernement des \u00c9tats-Unis a initialement class\u00e9 la ph\u00e9nciclidine comme une substance contr\u00f4l\u00e9e de l&#8217;annexe III avec un potentiel de d\u00e9pendance et certaines utilisations m\u00e9dicales.<\/p>\n<p>Cela a \u00e9t\u00e9 chang\u00e9 en 1978 en une substance contr\u00f4l\u00e9e de l&#8217;annexe II, d\u00e9finissant le m\u00e9dicament comme un m\u00e9dicament sans usage m\u00e9dical et avec un fort potentiel de d\u00e9pendance.<\/p>\n<p>Si vous \u00eates captur\u00e9 sur des m\u00e9dicaments de l&#8217;annexe II tels que des m\u00e9dicaments de l&#8217;annexe II tels que des annexes, ce qui est en m\u00eame temps, il y a de moi-m\u00eame, ce qui est en train de r\u00e9soudre celle-l\u00e0.<\/p>\n<h3>Ce qu&#8217;il faut savoir sur l&#8217;utilisation du PCP<\/h3>\n<p>La phencyclidine, commun\u00e9ment appel\u00e9e poussi\u00e8re d&#8217;ange, fait partie du paysage de la drogue depuis les ann\u00e9es 1960. Il est utilis\u00e9 sous la forme d&#8217;une poudre de cristal blanc ou fum\u00e9 comme &#8220;frit&#8221;, ou des cigarettes de marijuana m\u00e9lang\u00e9es avec du PCP. Meilleurs psych\u00e9d\u00e9liques en ligne. Phencyclidine \u00e0 vendre<\/p>\n<p>Les effets du PCP sont impr\u00e9visibles et les effets secondaires varient consid\u00e9rablement d&#8217;une personne \u00e0 l&#8217;autre, allant des changements sensoriels au comportement schizophr\u00e8ne en passant par l&#8217;AVC.<\/p>\n<p>Aussi connu comme\u00a0: Certains des termes d&#8217;argot et des noms de rue utilis\u00e9s pour <a href=\"https:\/\/en.wikipedia.org\/wiki\/Recreational_drug\">PCP<\/a> incluent Angel Dust, Hog, Rocket Fuel, DOA, Peace Pill, Super grass, Ozone, Wack, Cliffhanger, Happy Sticks, Trank, Letha Weapon et K\u043eol.<\/p>\n<p>Classe de m\u00e9dicaments\u00a0: le PCP est class\u00e9 comme un hallucinog\u00e8ne et partage des dualit\u00e9s avec d&#8217;autres m\u00e9dicaments dissociatifs.<\/p>\n<p>Les effets secondaires courants: des effectifs de PCP incluent des nuages, des pertes de la perte, des \u00e9tourdissements, des \u00e9tourdissements, de la fa\u00e7on dont le sang a augment\u00e9.<\/p>\n<p>&nbsp;<\/p>\n<\/div>\n<\/div>\n","protected":false},"excerpt":{"rendered":"<p>Acheter de la phencyclidine en ligne (\u00e9galement connue sous le nom de\u00a0<a href=\"#!\">Angel Dust<\/a>, Sherm et Sernyl) est une substance dissociative synth\u00e9tique de la classe chimique des arylcyclohexylamines qui produit une dissociation puissante \u00e0 longue dur\u00e9e de vie, effets anesth\u00e9siques, stimulants, d\u00e9sinhibiteurs et hallucinog\u00e8nes lors de l&#8217;administration.<\/p>\n","protected":false},"featured_media":1996,"comment_status":"open","ping_status":"closed","template":"","meta":{"inline_featured_image":false},"product_brand":[],"product_cat":[345],"product_tag":[],"class_list":{"0":"post-1995","1":"product","2":"type-product","3":"status-publish","4":"has-post-thumbnail","6":"product_cat-drogues-psychdliques","8":"first","9":"instock","10":"shipping-taxable","11":"purchasable","12":"product-type-variable","13":"has-default-attributes"},"yoast_head":"<!-- This site is optimized with the Yoast SEO Premium plugin v20.6 (Yoast SEO v27.4) - https:\/\/yoast.com\/product\/yoast-seo-premium-wordpress\/ -->\n<title>Phencyclidine \u00e0 vendre | Acheter PCP en ligne | Good Dealers Meds<\/title>\n<meta name=\"description\" content=\"Phencyclidine \u00e0 vendre (\u00e9galement connue sous le nom d&#039;Angel Dust) au meilleur prix avec la plus haute qualit\u00e9 et puret\u00e9 utilis\u00e9e pour des effets psychotropes.\" \/>\n<meta name=\"robots\" content=\"index, follow, max-snippet:-1, max-image-preview:large, max-video-preview:-1\" \/>\n<link rel=\"canonical\" href=\"https:\/\/gooddealersmeds.com\/fr\/product\/phencyclidine-pcp-poudre\/\" \/>\n<meta property=\"og:locale\" content=\"en_US\" \/>\n<meta property=\"og:type\" content=\"article\" \/>\n<meta property=\"og:title\" content=\"Acheter de la poudre de phencyclidine (PCP) en ligne\" \/>\n<meta property=\"og:description\" content=\"Phencyclidine \u00e0 vendre (\u00e9galement connue sous le nom d&#039;Angel Dust) au meilleur prix avec la plus haute qualit\u00e9 et puret\u00e9 utilis\u00e9e pour des effets psychotropes.\" \/>\n<meta property=\"og:url\" content=\"https:\/\/gooddealersmeds.com\/fr\/product\/phencyclidine-pcp-poudre\/\" \/>\n<meta property=\"og:site_name\" content=\"Good Dealers Meds\" \/>\n<meta property=\"article:modified_time\" content=\"2023-01-04T18:43:55+00:00\" \/>\n<meta property=\"og:image\" content=\"https:\/\/gooddealersmeds.com\/fr\/wp-content\/uploads\/sites\/5\/2022\/07\/Phencyclidine-PCP-Powder.jpg\" \/>\n\t<meta property=\"og:image:width\" content=\"500\" \/>\n\t<meta property=\"og:image:height\" content=\"500\" \/>\n\t<meta property=\"og:image:type\" content=\"image\/jpeg\" \/>\n<meta name=\"twitter:card\" content=\"summary_large_image\" \/>\n<meta name=\"twitter:label1\" content=\"Est. reading time\" \/>\n\t<meta name=\"twitter:data1\" content=\"4 minutes\" \/>\n<script type=\"application\/ld+json\" class=\"yoast-schema-graph\">{\"@context\":\"https:\\\/\\\/schema.org\",\"@graph\":[{\"@type\":\"WebPage\",\"@id\":\"https:\\\/\\\/gooddealersmeds.com\\\/fr\\\/product\\\/phencyclidine-pcp-poudre\\\/\",\"url\":\"https:\\\/\\\/gooddealersmeds.com\\\/fr\\\/product\\\/phencyclidine-pcp-poudre\\\/\",\"name\":\"Phencyclidine \u00e0 vendre | Acheter PCP en ligne | Good Dealers Meds\",\"isPartOf\":{\"@id\":\"https:\\\/\\\/gooddealersmeds.com\\\/fr\\\/#website\"},\"primaryImageOfPage\":{\"@id\":\"https:\\\/\\\/gooddealersmeds.com\\\/fr\\\/product\\\/phencyclidine-pcp-poudre\\\/#primaryimage\"},\"image\":{\"@id\":\"https:\\\/\\\/gooddealersmeds.com\\\/fr\\\/product\\\/phencyclidine-pcp-poudre\\\/#primaryimage\"},\"thumbnailUrl\":\"https:\\\/\\\/gooddealersmeds.com\\\/fr\\\/wp-content\\\/uploads\\\/sites\\\/5\\\/2022\\\/07\\\/Phencyclidine-PCP-Powder.jpg\",\"datePublished\":\"2022-07-03T14:28:07+00:00\",\"dateModified\":\"2023-01-04T18:43:55+00:00\",\"description\":\"Phencyclidine \u00e0 vendre (\u00e9galement connue sous le nom d'Angel Dust) au meilleur prix avec la plus haute qualit\u00e9 et puret\u00e9 utilis\u00e9e pour des effets psychotropes.\",\"breadcrumb\":{\"@id\":\"https:\\\/\\\/gooddealersmeds.com\\\/fr\\\/product\\\/phencyclidine-pcp-poudre\\\/#breadcrumb\"},\"inLanguage\":\"en-US\",\"potentialAction\":[{\"@type\":\"ReadAction\",\"target\":[\"https:\\\/\\\/gooddealersmeds.com\\\/fr\\\/product\\\/phencyclidine-pcp-poudre\\\/\"]}]},{\"@type\":\"ImageObject\",\"inLanguage\":\"en-US\",\"@id\":\"https:\\\/\\\/gooddealersmeds.com\\\/fr\\\/product\\\/phencyclidine-pcp-poudre\\\/#primaryimage\",\"url\":\"https:\\\/\\\/gooddealersmeds.com\\\/fr\\\/wp-content\\\/uploads\\\/sites\\\/5\\\/2022\\\/07\\\/Phencyclidine-PCP-Powder.jpg\",\"contentUrl\":\"https:\\\/\\\/gooddealersmeds.com\\\/fr\\\/wp-content\\\/uploads\\\/sites\\\/5\\\/2022\\\/07\\\/Phencyclidine-PCP-Powder.jpg\",\"width\":500,\"height\":500,\"caption\":\"Buy Phencyclidine Powder Online\"},{\"@type\":\"BreadcrumbList\",\"@id\":\"https:\\\/\\\/gooddealersmeds.com\\\/fr\\\/product\\\/phencyclidine-pcp-poudre\\\/#breadcrumb\",\"itemListElement\":[{\"@type\":\"ListItem\",\"position\":1,\"name\":\"Home\",\"item\":\"https:\\\/\\\/gooddealersmeds.com\\\/fr\\\/\"},{\"@type\":\"ListItem\",\"position\":2,\"name\":\"Des produits\",\"item\":\"https:\\\/\\\/gooddealersmeds.com\\\/fr\\\/des-produits\\\/\"},{\"@type\":\"ListItem\",\"position\":3,\"name\":\"Acheter de la poudre de phencyclidine (PCP) en ligne\"}]},{\"@type\":\"WebSite\",\"@id\":\"https:\\\/\\\/gooddealersmeds.com\\\/fr\\\/#website\",\"url\":\"https:\\\/\\\/gooddealersmeds.com\\\/fr\\\/\",\"name\":\"Good Dealers Meds\",\"description\":\"All our best\",\"publisher\":{\"@id\":\"https:\\\/\\\/gooddealersmeds.com\\\/fr\\\/#organization\"},\"potentialAction\":[{\"@type\":\"SearchAction\",\"target\":{\"@type\":\"EntryPoint\",\"urlTemplate\":\"https:\\\/\\\/gooddealersmeds.com\\\/fr\\\/?s={search_term_string}\"},\"query-input\":{\"@type\":\"PropertyValueSpecification\",\"valueRequired\":true,\"valueName\":\"search_term_string\"}}],\"inLanguage\":\"en-US\"},{\"@type\":\"Organization\",\"@id\":\"https:\\\/\\\/gooddealersmeds.com\\\/fr\\\/#organization\",\"name\":\"Good Dealers Meds\",\"url\":\"https:\\\/\\\/gooddealersmeds.com\\\/fr\\\/\",\"logo\":{\"@type\":\"ImageObject\",\"inLanguage\":\"en-US\",\"@id\":\"https:\\\/\\\/gooddealersmeds.com\\\/fr\\\/#\\\/schema\\\/logo\\\/image\\\/\",\"url\":\"https:\\\/\\\/gooddealersmeds.com\\\/fr\\\/wp-content\\\/uploads\\\/sites\\\/5\\\/2022\\\/03\\\/gooddealersmeds__logo__20220317T222800Z.00.png\",\"contentUrl\":\"https:\\\/\\\/gooddealersmeds.com\\\/fr\\\/wp-content\\\/uploads\\\/sites\\\/5\\\/2022\\\/03\\\/gooddealersmeds__logo__20220317T222800Z.00.png\",\"width\":500,\"height\":325,\"caption\":\"Good Dealers Meds\"},\"image\":{\"@id\":\"https:\\\/\\\/gooddealersmeds.com\\\/fr\\\/#\\\/schema\\\/logo\\\/image\\\/\"}}]}<\/script>\n<!-- \/ Yoast SEO Premium plugin. -->","yoast_head_json":{"title":"Phencyclidine \u00e0 vendre | Acheter PCP en ligne | Good Dealers Meds","description":"Phencyclidine \u00e0 vendre (\u00e9galement connue sous le nom d'Angel Dust) au meilleur prix avec la plus haute qualit\u00e9 et puret\u00e9 utilis\u00e9e pour des effets psychotropes.","robots":{"index":"index","follow":"follow","max-snippet":"max-snippet:-1","max-image-preview":"max-image-preview:large","max-video-preview":"max-video-preview:-1"},"canonical":"https:\/\/gooddealersmeds.com\/fr\/product\/phencyclidine-pcp-poudre\/","og_locale":"en_US","og_type":"article","og_title":"Acheter de la poudre de phencyclidine (PCP) en ligne","og_description":"Phencyclidine \u00e0 vendre (\u00e9galement connue sous le nom d'Angel Dust) au meilleur prix avec la plus haute qualit\u00e9 et puret\u00e9 utilis\u00e9e pour des effets psychotropes.","og_url":"https:\/\/gooddealersmeds.com\/fr\/product\/phencyclidine-pcp-poudre\/","og_site_name":"Good Dealers Meds","article_modified_time":"2023-01-04T18:43:55+00:00","og_image":[{"width":500,"height":500,"url":"https:\/\/gooddealersmeds.com\/fr\/wp-content\/uploads\/sites\/5\/2022\/07\/Phencyclidine-PCP-Powder.jpg","type":"image\/jpeg"}],"twitter_card":"summary_large_image","twitter_misc":{"Est. reading time":"4 minutes"},"schema":{"@context":"https:\/\/schema.org","@graph":[{"@type":"WebPage","@id":"https:\/\/gooddealersmeds.com\/fr\/product\/phencyclidine-pcp-poudre\/","url":"https:\/\/gooddealersmeds.com\/fr\/product\/phencyclidine-pcp-poudre\/","name":"Phencyclidine \u00e0 vendre | Acheter PCP en ligne | Good Dealers Meds","isPartOf":{"@id":"https:\/\/gooddealersmeds.com\/fr\/#website"},"primaryImageOfPage":{"@id":"https:\/\/gooddealersmeds.com\/fr\/product\/phencyclidine-pcp-poudre\/#primaryimage"},"image":{"@id":"https:\/\/gooddealersmeds.com\/fr\/product\/phencyclidine-pcp-poudre\/#primaryimage"},"thumbnailUrl":"https:\/\/gooddealersmeds.com\/fr\/wp-content\/uploads\/sites\/5\/2022\/07\/Phencyclidine-PCP-Powder.jpg","datePublished":"2022-07-03T14:28:07+00:00","dateModified":"2023-01-04T18:43:55+00:00","description":"Phencyclidine \u00e0 vendre (\u00e9galement connue sous le nom d'Angel Dust) au meilleur prix avec la plus haute qualit\u00e9 et puret\u00e9 utilis\u00e9e pour des effets psychotropes.","breadcrumb":{"@id":"https:\/\/gooddealersmeds.com\/fr\/product\/phencyclidine-pcp-poudre\/#breadcrumb"},"inLanguage":"en-US","potentialAction":[{"@type":"ReadAction","target":["https:\/\/gooddealersmeds.com\/fr\/product\/phencyclidine-pcp-poudre\/"]}]},{"@type":"ImageObject","inLanguage":"en-US","@id":"https:\/\/gooddealersmeds.com\/fr\/product\/phencyclidine-pcp-poudre\/#primaryimage","url":"https:\/\/gooddealersmeds.com\/fr\/wp-content\/uploads\/sites\/5\/2022\/07\/Phencyclidine-PCP-Powder.jpg","contentUrl":"https:\/\/gooddealersmeds.com\/fr\/wp-content\/uploads\/sites\/5\/2022\/07\/Phencyclidine-PCP-Powder.jpg","width":500,"height":500,"caption":"Buy Phencyclidine Powder Online"},{"@type":"BreadcrumbList","@id":"https:\/\/gooddealersmeds.com\/fr\/product\/phencyclidine-pcp-poudre\/#breadcrumb","itemListElement":[{"@type":"ListItem","position":1,"name":"Home","item":"https:\/\/gooddealersmeds.com\/fr\/"},{"@type":"ListItem","position":2,"name":"Des produits","item":"https:\/\/gooddealersmeds.com\/fr\/des-produits\/"},{"@type":"ListItem","position":3,"name":"Acheter de la poudre de phencyclidine (PCP) en ligne"}]},{"@type":"WebSite","@id":"https:\/\/gooddealersmeds.com\/fr\/#website","url":"https:\/\/gooddealersmeds.com\/fr\/","name":"Good Dealers Meds","description":"All our best","publisher":{"@id":"https:\/\/gooddealersmeds.com\/fr\/#organization"},"potentialAction":[{"@type":"SearchAction","target":{"@type":"EntryPoint","urlTemplate":"https:\/\/gooddealersmeds.com\/fr\/?s={search_term_string}"},"query-input":{"@type":"PropertyValueSpecification","valueRequired":true,"valueName":"search_term_string"}}],"inLanguage":"en-US"},{"@type":"Organization","@id":"https:\/\/gooddealersmeds.com\/fr\/#organization","name":"Good Dealers Meds","url":"https:\/\/gooddealersmeds.com\/fr\/","logo":{"@type":"ImageObject","inLanguage":"en-US","@id":"https:\/\/gooddealersmeds.com\/fr\/#\/schema\/logo\/image\/","url":"https:\/\/gooddealersmeds.com\/fr\/wp-content\/uploads\/sites\/5\/2022\/03\/gooddealersmeds__logo__20220317T222800Z.00.png","contentUrl":"https:\/\/gooddealersmeds.com\/fr\/wp-content\/uploads\/sites\/5\/2022\/03\/gooddealersmeds__logo__20220317T222800Z.00.png","width":500,"height":325,"caption":"Good Dealers Meds"},"image":{"@id":"https:\/\/gooddealersmeds.com\/fr\/#\/schema\/logo\/image\/"}}]}},"_links":{"self":[{"href":"https:\/\/gooddealersmeds.com\/fr\/wp-json\/wp\/v2\/product\/1995","targetHints":{"allow":["GET"]}}],"collection":[{"href":"https:\/\/gooddealersmeds.com\/fr\/wp-json\/wp\/v2\/product"}],"about":[{"href":"https:\/\/gooddealersmeds.com\/fr\/wp-json\/wp\/v2\/types\/product"}],"replies":[{"embeddable":true,"href":"https:\/\/gooddealersmeds.com\/fr\/wp-json\/wp\/v2\/comments?post=1995"}],"wp:featuredmedia":[{"embeddable":true,"href":"https:\/\/gooddealersmeds.com\/fr\/wp-json\/wp\/v2\/media\/1996"}],"wp:attachment":[{"href":"https:\/\/gooddealersmeds.com\/fr\/wp-json\/wp\/v2\/media?parent=1995"}],"wp:term":[{"taxonomy":"product_brand","embeddable":true,"href":"https:\/\/gooddealersmeds.com\/fr\/wp-json\/wp\/v2\/product_brand?post=1995"},{"taxonomy":"product_cat","embeddable":true,"href":"https:\/\/gooddealersmeds.com\/fr\/wp-json\/wp\/v2\/product_cat?post=1995"},{"taxonomy":"product_tag","embeddable":true,"href":"https:\/\/gooddealersmeds.com\/fr\/wp-json\/wp\/v2\/product_tag?post=1995"}],"curies":[{"name":"wp","href":"https:\/\/api.w.org\/{rel}","templated":true}]}}