{"id":1986,"date":"2022-07-03T13:54:43","date_gmt":"2022-07-03T13:54:43","guid":{"rendered":"https:\/\/gooddealersmeds.com\/fr\/?post_type=product&#038;p=1986"},"modified":"2023-01-04T18:46:10","modified_gmt":"2023-01-04T18:46:10","slug":"buvards-al-lad-150mcg","status":"publish","type":"product","link":"https:\/\/gooddealersmeds.com\/fr\/product\/buvards-al-lad-150mcg\/","title":{"rendered":"Acheter des buvards AL-LAD 150mcg"},"content":{"rendered":"<h2>Acheter des buvards AL-LAD 150mcg en ligne chez Good Dealers Meds.<\/h2>\n<p>AL-LAD 150mcg Blotters Online est un produit chimique psych\u00e9d\u00e9lique de la classe Lysergamide. Comparativement au 1P-LSD et au LSD-25, il a des hallucinations visuelles accrues et de l\u00e9gers effets psychologiques. Cela a \u00e9t\u00e9 d\u00e9velopp\u00e9 pour la premi\u00e8re fois au milieu des ann\u00e9es 1980 \u00e0 des fins de recherche. Cela a \u00e9t\u00e9 d\u00e9velopp\u00e9 pour la premi\u00e8re fois au milieu des ann\u00e9es 1980 \u00e0 des fins de recherche. Cela a \u00e9t\u00e9 d\u00e9velopp\u00e9 pour la premi\u00e8re fois au milieu des ann\u00e9es 1980 \u00e0 des fins de recherche. Cependant, il est maintenant disponible pour un usage r\u00e9cr\u00e9atif.<\/p>\n<p>AL-LAD 150mcg Blotters Online est souvent consid\u00e9r\u00e9 comme le plus &#8220;r\u00e9cr\u00e9atif&#8221; des analogues de lysergamide.<\/p>\n<p>Il est \u00e9galement connu comme un puissant entactog\u00e8ne, qui vous fait vous sentir plus proche de vous-m\u00eame et des autres, et une faible dose peut produire des effets puissants sans causer d&#8217;inconfort physique.<\/p>\n<p><strong>Pourquoi acheter Buvards AL-LAD 150mcg en ligne\u00a0?<\/strong><\/p>\n<p>AL-LAD est souvent utilis\u00e9 par les personnes \u00e0 la recherche d&#8217;une alternative au LSD en raison de sa puissance plus \u00e9lev\u00e9e, de ses effets plus doux et de moindre co\u00fbt. C&#8217;est une id\u00e9e parfaite d&#8217;acheter des produits chimiques de recherche en ligne pour \u00e9conomiser de l&#8217;argent. Aucun frais cach\u00e9 n&#8217;est associ\u00e9 \u00e0 l&#8217;un de ces produits, car ils sont vendus \u00e0 un prix abordable. Pour plus de commodit\u00e9, vous pouvez les faire livrer directement \u00e0 votre porte sans avoir \u00e0 vous soucier de rien.<\/p>\n<p><strong>Le meilleur endroit pour Achetez des buvards AL-LAD 150mcg en ligne<\/strong><\/p>\n<p>Si vous souhaitez <a href=\"https:\/\/gooddealersmeds.com\/fr\/product\/al-lad-150mcg-blotters\/\">acheter AL-LAD 150mcg Blotters en ligne<\/a>, vous venez d&#8217;atterrir au meilleur endroit. GoodDealersMeds propose des buvards AL-LAD 150mcg \u00e0 des prix abordables sur toutes les commandes pass\u00e9es via notre site Web OU via des appels re\u00e7us au +31645886273.<\/p>\n<p>Achetez des buvards AL-LAD 150mcg en ligne aujourd&#8217;hui pour \u00e9conomiser de l&#8217;argent.<\/p>\n","protected":false},"excerpt":{"rendered":"<p>L&#8217;AL-LAD, techniquement appel\u00e9 di\u00e9thylamide de l&#8217;acide 6-allyl-6-nor-lysergique, est un analogue relativement nouveau du LSD-25. On suppose qu&#8217;il a un m\u00e9canisme d&#8217;action similaire, fonctionnant principalement en se liant aux r\u00e9cepteurs de la s\u00e9rotonine du cerveau. On pense \u00e9galement qu&#8217;il s&#8217;agit d&#8217;une prodrogue du LSD-25, bien que cela n&#8217;ait pas \u00e9t\u00e9 confirm\u00e9 en laboratoire.<\/p>\n","protected":false},"featured_media":1987,"comment_status":"open","ping_status":"closed","template":"","meta":{"inline_featured_image":false},"product_brand":[],"product_cat":[345],"product_tag":[],"class_list":{"0":"post-1986","1":"product","2":"type-product","3":"status-publish","4":"has-post-thumbnail","6":"product_cat-drogues-psychdliques","8":"first","9":"instock","10":"shipping-taxable","11":"purchasable","12":"product-type-variable","13":"has-default-attributes"},"yoast_head":"<!-- This site is optimized with the Yoast SEO Premium plugin v20.6 (Yoast SEO v27.4) - https:\/\/yoast.com\/product\/yoast-seo-premium-wordpress\/ -->\n<title>Acheter des buvards AL-LAD | Commande AL-LAD - Good Dealers Meds<\/title>\n<meta name=\"description\" content=\"Acheter des buvards AL-LAD en ligne (6-allyl-6-nor-LSD ou N-AN-ally-nor-lysergic) est un produit chimique psych\u00e9d\u00e9lique de la classe Lysergamide.\" \/>\n<meta name=\"robots\" content=\"index, follow, max-snippet:-1, max-image-preview:large, max-video-preview:-1\" \/>\n<link rel=\"canonical\" href=\"https:\/\/gooddealersmeds.com\/fr\/product\/buvards-al-lad-150mcg\/\" \/>\n<meta property=\"og:locale\" content=\"en_US\" \/>\n<meta property=\"og:type\" content=\"article\" \/>\n<meta property=\"og:title\" content=\"Acheter des buvards AL-LAD 150mcg\" \/>\n<meta property=\"og:description\" content=\"Acheter des buvards AL-LAD en ligne (6-allyl-6-nor-LSD ou N-AN-ally-nor-lysergic) est un produit chimique psych\u00e9d\u00e9lique de la classe Lysergamide.\" \/>\n<meta property=\"og:url\" content=\"https:\/\/gooddealersmeds.com\/fr\/product\/buvards-al-lad-150mcg\/\" \/>\n<meta property=\"og:site_name\" content=\"Good Dealers Meds\" \/>\n<meta property=\"article:modified_time\" content=\"2023-01-04T18:46:10+00:00\" \/>\n<meta property=\"og:image\" content=\"https:\/\/gooddealersmeds.com\/fr\/wp-content\/uploads\/sites\/5\/2022\/07\/AL-LAD-150mcg-Blotters.webp\" \/>\n\t<meta property=\"og:image:width\" content=\"1553\" \/>\n\t<meta property=\"og:image:height\" content=\"1553\" \/>\n\t<meta property=\"og:image:type\" content=\"image\/webp\" \/>\n<meta name=\"twitter:card\" content=\"summary_large_image\" \/>\n<meta name=\"twitter:label1\" content=\"Est. reading time\" \/>\n\t<meta name=\"twitter:data1\" content=\"2 minutes\" \/>\n<script type=\"application\/ld+json\" class=\"yoast-schema-graph\">{\"@context\":\"https:\\\/\\\/schema.org\",\"@graph\":[{\"@type\":\"WebPage\",\"@id\":\"https:\\\/\\\/gooddealersmeds.com\\\/fr\\\/product\\\/buvards-al-lad-150mcg\\\/\",\"url\":\"https:\\\/\\\/gooddealersmeds.com\\\/fr\\\/product\\\/buvards-al-lad-150mcg\\\/\",\"name\":\"Acheter des buvards AL-LAD | Commande AL-LAD - Good Dealers Meds\",\"isPartOf\":{\"@id\":\"https:\\\/\\\/gooddealersmeds.com\\\/fr\\\/#website\"},\"primaryImageOfPage\":{\"@id\":\"https:\\\/\\\/gooddealersmeds.com\\\/fr\\\/product\\\/buvards-al-lad-150mcg\\\/#primaryimage\"},\"image\":{\"@id\":\"https:\\\/\\\/gooddealersmeds.com\\\/fr\\\/product\\\/buvards-al-lad-150mcg\\\/#primaryimage\"},\"thumbnailUrl\":\"https:\\\/\\\/gooddealersmeds.com\\\/fr\\\/wp-content\\\/uploads\\\/sites\\\/5\\\/2022\\\/07\\\/AL-LAD-150mcg-Blotters.webp\",\"datePublished\":\"2022-07-03T13:54:43+00:00\",\"dateModified\":\"2023-01-04T18:46:10+00:00\",\"description\":\"Acheter des buvards AL-LAD en ligne (6-allyl-6-nor-LSD ou N-AN-ally-nor-lysergic) est un produit chimique psych\u00e9d\u00e9lique de la classe Lysergamide.\",\"breadcrumb\":{\"@id\":\"https:\\\/\\\/gooddealersmeds.com\\\/fr\\\/product\\\/buvards-al-lad-150mcg\\\/#breadcrumb\"},\"inLanguage\":\"en-US\",\"potentialAction\":[{\"@type\":\"ReadAction\",\"target\":[\"https:\\\/\\\/gooddealersmeds.com\\\/fr\\\/product\\\/buvards-al-lad-150mcg\\\/\"]}]},{\"@type\":\"ImageObject\",\"inLanguage\":\"en-US\",\"@id\":\"https:\\\/\\\/gooddealersmeds.com\\\/fr\\\/product\\\/buvards-al-lad-150mcg\\\/#primaryimage\",\"url\":\"https:\\\/\\\/gooddealersmeds.com\\\/fr\\\/wp-content\\\/uploads\\\/sites\\\/5\\\/2022\\\/07\\\/AL-LAD-150mcg-Blotters.webp\",\"contentUrl\":\"https:\\\/\\\/gooddealersmeds.com\\\/fr\\\/wp-content\\\/uploads\\\/sites\\\/5\\\/2022\\\/07\\\/AL-LAD-150mcg-Blotters.webp\",\"width\":1553,\"height\":1553,\"caption\":\"AL-LAD Blotters\"},{\"@type\":\"BreadcrumbList\",\"@id\":\"https:\\\/\\\/gooddealersmeds.com\\\/fr\\\/product\\\/buvards-al-lad-150mcg\\\/#breadcrumb\",\"itemListElement\":[{\"@type\":\"ListItem\",\"position\":1,\"name\":\"Home\",\"item\":\"https:\\\/\\\/gooddealersmeds.com\\\/fr\\\/\"},{\"@type\":\"ListItem\",\"position\":2,\"name\":\"Des produits\",\"item\":\"https:\\\/\\\/gooddealersmeds.com\\\/fr\\\/des-produits\\\/\"},{\"@type\":\"ListItem\",\"position\":3,\"name\":\"Acheter des buvards AL-LAD 150mcg\"}]},{\"@type\":\"WebSite\",\"@id\":\"https:\\\/\\\/gooddealersmeds.com\\\/fr\\\/#website\",\"url\":\"https:\\\/\\\/gooddealersmeds.com\\\/fr\\\/\",\"name\":\"Good Dealers Meds\",\"description\":\"All our best\",\"publisher\":{\"@id\":\"https:\\\/\\\/gooddealersmeds.com\\\/fr\\\/#organization\"},\"potentialAction\":[{\"@type\":\"SearchAction\",\"target\":{\"@type\":\"EntryPoint\",\"urlTemplate\":\"https:\\\/\\\/gooddealersmeds.com\\\/fr\\\/?s={search_term_string}\"},\"query-input\":{\"@type\":\"PropertyValueSpecification\",\"valueRequired\":true,\"valueName\":\"search_term_string\"}}],\"inLanguage\":\"en-US\"},{\"@type\":\"Organization\",\"@id\":\"https:\\\/\\\/gooddealersmeds.com\\\/fr\\\/#organization\",\"name\":\"Good Dealers Meds\",\"url\":\"https:\\\/\\\/gooddealersmeds.com\\\/fr\\\/\",\"logo\":{\"@type\":\"ImageObject\",\"inLanguage\":\"en-US\",\"@id\":\"https:\\\/\\\/gooddealersmeds.com\\\/fr\\\/#\\\/schema\\\/logo\\\/image\\\/\",\"url\":\"https:\\\/\\\/gooddealersmeds.com\\\/fr\\\/wp-content\\\/uploads\\\/sites\\\/5\\\/2022\\\/03\\\/gooddealersmeds__logo__20220317T222800Z.00.png\",\"contentUrl\":\"https:\\\/\\\/gooddealersmeds.com\\\/fr\\\/wp-content\\\/uploads\\\/sites\\\/5\\\/2022\\\/03\\\/gooddealersmeds__logo__20220317T222800Z.00.png\",\"width\":500,\"height\":325,\"caption\":\"Good Dealers Meds\"},\"image\":{\"@id\":\"https:\\\/\\\/gooddealersmeds.com\\\/fr\\\/#\\\/schema\\\/logo\\\/image\\\/\"}}]}<\/script>\n<!-- \/ Yoast SEO Premium plugin. -->","yoast_head_json":{"title":"Acheter des buvards AL-LAD | Commande AL-LAD - Good Dealers Meds","description":"Acheter des buvards AL-LAD en ligne (6-allyl-6-nor-LSD ou N-AN-ally-nor-lysergic) est un produit chimique psych\u00e9d\u00e9lique de la classe Lysergamide.","robots":{"index":"index","follow":"follow","max-snippet":"max-snippet:-1","max-image-preview":"max-image-preview:large","max-video-preview":"max-video-preview:-1"},"canonical":"https:\/\/gooddealersmeds.com\/fr\/product\/buvards-al-lad-150mcg\/","og_locale":"en_US","og_type":"article","og_title":"Acheter des buvards AL-LAD 150mcg","og_description":"Acheter des buvards AL-LAD en ligne (6-allyl-6-nor-LSD ou N-AN-ally-nor-lysergic) est un produit chimique psych\u00e9d\u00e9lique de la classe Lysergamide.","og_url":"https:\/\/gooddealersmeds.com\/fr\/product\/buvards-al-lad-150mcg\/","og_site_name":"Good Dealers Meds","article_modified_time":"2023-01-04T18:46:10+00:00","og_image":[{"width":1553,"height":1553,"url":"https:\/\/gooddealersmeds.com\/fr\/wp-content\/uploads\/sites\/5\/2022\/07\/AL-LAD-150mcg-Blotters.webp","type":"image\/webp"}],"twitter_card":"summary_large_image","twitter_misc":{"Est. reading time":"2 minutes"},"schema":{"@context":"https:\/\/schema.org","@graph":[{"@type":"WebPage","@id":"https:\/\/gooddealersmeds.com\/fr\/product\/buvards-al-lad-150mcg\/","url":"https:\/\/gooddealersmeds.com\/fr\/product\/buvards-al-lad-150mcg\/","name":"Acheter des buvards AL-LAD | Commande AL-LAD - Good Dealers Meds","isPartOf":{"@id":"https:\/\/gooddealersmeds.com\/fr\/#website"},"primaryImageOfPage":{"@id":"https:\/\/gooddealersmeds.com\/fr\/product\/buvards-al-lad-150mcg\/#primaryimage"},"image":{"@id":"https:\/\/gooddealersmeds.com\/fr\/product\/buvards-al-lad-150mcg\/#primaryimage"},"thumbnailUrl":"https:\/\/gooddealersmeds.com\/fr\/wp-content\/uploads\/sites\/5\/2022\/07\/AL-LAD-150mcg-Blotters.webp","datePublished":"2022-07-03T13:54:43+00:00","dateModified":"2023-01-04T18:46:10+00:00","description":"Acheter des buvards AL-LAD en ligne (6-allyl-6-nor-LSD ou N-AN-ally-nor-lysergic) est un produit chimique psych\u00e9d\u00e9lique de la classe Lysergamide.","breadcrumb":{"@id":"https:\/\/gooddealersmeds.com\/fr\/product\/buvards-al-lad-150mcg\/#breadcrumb"},"inLanguage":"en-US","potentialAction":[{"@type":"ReadAction","target":["https:\/\/gooddealersmeds.com\/fr\/product\/buvards-al-lad-150mcg\/"]}]},{"@type":"ImageObject","inLanguage":"en-US","@id":"https:\/\/gooddealersmeds.com\/fr\/product\/buvards-al-lad-150mcg\/#primaryimage","url":"https:\/\/gooddealersmeds.com\/fr\/wp-content\/uploads\/sites\/5\/2022\/07\/AL-LAD-150mcg-Blotters.webp","contentUrl":"https:\/\/gooddealersmeds.com\/fr\/wp-content\/uploads\/sites\/5\/2022\/07\/AL-LAD-150mcg-Blotters.webp","width":1553,"height":1553,"caption":"AL-LAD Blotters"},{"@type":"BreadcrumbList","@id":"https:\/\/gooddealersmeds.com\/fr\/product\/buvards-al-lad-150mcg\/#breadcrumb","itemListElement":[{"@type":"ListItem","position":1,"name":"Home","item":"https:\/\/gooddealersmeds.com\/fr\/"},{"@type":"ListItem","position":2,"name":"Des produits","item":"https:\/\/gooddealersmeds.com\/fr\/des-produits\/"},{"@type":"ListItem","position":3,"name":"Acheter des buvards AL-LAD 150mcg"}]},{"@type":"WebSite","@id":"https:\/\/gooddealersmeds.com\/fr\/#website","url":"https:\/\/gooddealersmeds.com\/fr\/","name":"Good Dealers Meds","description":"All our best","publisher":{"@id":"https:\/\/gooddealersmeds.com\/fr\/#organization"},"potentialAction":[{"@type":"SearchAction","target":{"@type":"EntryPoint","urlTemplate":"https:\/\/gooddealersmeds.com\/fr\/?s={search_term_string}"},"query-input":{"@type":"PropertyValueSpecification","valueRequired":true,"valueName":"search_term_string"}}],"inLanguage":"en-US"},{"@type":"Organization","@id":"https:\/\/gooddealersmeds.com\/fr\/#organization","name":"Good Dealers Meds","url":"https:\/\/gooddealersmeds.com\/fr\/","logo":{"@type":"ImageObject","inLanguage":"en-US","@id":"https:\/\/gooddealersmeds.com\/fr\/#\/schema\/logo\/image\/","url":"https:\/\/gooddealersmeds.com\/fr\/wp-content\/uploads\/sites\/5\/2022\/03\/gooddealersmeds__logo__20220317T222800Z.00.png","contentUrl":"https:\/\/gooddealersmeds.com\/fr\/wp-content\/uploads\/sites\/5\/2022\/03\/gooddealersmeds__logo__20220317T222800Z.00.png","width":500,"height":325,"caption":"Good Dealers Meds"},"image":{"@id":"https:\/\/gooddealersmeds.com\/fr\/#\/schema\/logo\/image\/"}}]}},"_links":{"self":[{"href":"https:\/\/gooddealersmeds.com\/fr\/wp-json\/wp\/v2\/product\/1986","targetHints":{"allow":["GET"]}}],"collection":[{"href":"https:\/\/gooddealersmeds.com\/fr\/wp-json\/wp\/v2\/product"}],"about":[{"href":"https:\/\/gooddealersmeds.com\/fr\/wp-json\/wp\/v2\/types\/product"}],"replies":[{"embeddable":true,"href":"https:\/\/gooddealersmeds.com\/fr\/wp-json\/wp\/v2\/comments?post=1986"}],"wp:featuredmedia":[{"embeddable":true,"href":"https:\/\/gooddealersmeds.com\/fr\/wp-json\/wp\/v2\/media\/1987"}],"wp:attachment":[{"href":"https:\/\/gooddealersmeds.com\/fr\/wp-json\/wp\/v2\/media?parent=1986"}],"wp:term":[{"taxonomy":"product_brand","embeddable":true,"href":"https:\/\/gooddealersmeds.com\/fr\/wp-json\/wp\/v2\/product_brand?post=1986"},{"taxonomy":"product_cat","embeddable":true,"href":"https:\/\/gooddealersmeds.com\/fr\/wp-json\/wp\/v2\/product_cat?post=1986"},{"taxonomy":"product_tag","embeddable":true,"href":"https:\/\/gooddealersmeds.com\/fr\/wp-json\/wp\/v2\/product_tag?post=1986"}],"curies":[{"name":"wp","href":"https:\/\/api.w.org\/{rel}","templated":true}]}}