{"id":1984,"date":"2022-07-03T13:39:25","date_gmt":"2022-07-03T13:39:25","guid":{"rendered":"https:\/\/gooddealersmeds.com\/fr\/?post_type=product&#038;p=1984"},"modified":"2023-01-04T19:05:50","modified_gmt":"2023-01-04T19:05:50","slug":"acheter-gamma-hydroxybutyrate-ghb-liquide","status":"publish","type":"product","link":"https:\/\/gooddealersmeds.com\/fr\/product\/acheter-gamma-hydroxybutyrate-ghb-liquide\/","title":{"rendered":"Acheter Gamma Hydroxybutyrate (GHB) Liquide"},"content":{"rendered":"<h2>Acheter du GHB liquide en ligne avec garantie<\/h2>\n<p>Le Gamma Hydroxybutyrate (GHB) est un d\u00e9presseur qui peut \u00eatre pris par voie orale, par injection ou vaporis\u00e9 dans un vaporisateur de m\u00e9dicaments. C&#8217;est un liquide clair avec des effets s\u00e9datifs et peut causer de la somnolence et une alt\u00e9ration de la fonction motrice. O\u00f9 acheter du GHB Liquide<\/p>\n<p>Le GHB est parfois appel\u00e9 &#8220;m\u00e9dicament de synth\u00e8se&#8221; ou &#8220;<a href=\"https:\/\/gooddealersmeds.com\/fr\/product\/buy-gamma-hydroxybutyrate-ghb-liquid \/\">ecstasy liquide<\/a>&#8221; car elle a \u00e9t\u00e9 d\u00e9velopp\u00e9e \u00e0 l&#8217;origine dans les ann\u00e9es 1960 par des scientifiques. Le but initial du GHB \u00e9tait d&#8217;aider les personnes souffrant de narcolepsie \u00e0 s&#8217;endormir plus facilement ; cependant, ce m\u00e9dicament est rapidement devenu populaire aupr\u00e8s des amateurs de clubs et des clubbers qui l&#8217;utilisaient comme drogue pour profiter de l&#8217;ivresse sans devenir ivre. Depuis lors, le GHB a \u00e9t\u00e9 utilis\u00e9 de nombreuses autres mani\u00e8res\u00a0: pour traiter la somnolence diurne excessive et parfois les opio\u00efdes.<\/p>\n<p>&nbsp;<\/p>\n<p><strong>Pourquoi acheter du GHB en ligne\u00a0? <\/strong><\/p>\n<p>Il existe de nombreuses raisons derri\u00e8re l&#8217;achat du GHB liquide en ligne. Citons-en quelques-unes\u00a0:<\/p>\n<ul>\n<li>En achetant du GHB en ligne, vous pouvez acheter votre m\u00e9dicament \u00e0 des prix attractifs. Parfois, les pharmacies en ligne proposent \u00e9galement des cartes de fid\u00e9lit\u00e9 ou des codes promotionnels pour profiter des opportunit\u00e9s de r\u00e9duction.<\/li>\n<li>Vous trouverez plusieurs sites Web en ligne qui vendent du GHB liquide. Il est donc plus facile de comparer les prix en ligne.<\/li>\n<li>Les m\u00e9dicaments comme le gamma hydroxybutyrate (GHB) sont souvent rares \u00e0 trouver dans les pharmacies. Vous pouvez donc les acheter en ligne.<\/li>\n<li>Passez votre commande en appuyant simplement sur quelques boutons. C&#8217;est aussi simple que cela\u00a0!<\/li>\n<\/ul>\n<p><strong>\u00a0<\/strong><\/p>\n<p><strong>O\u00f9 puis-je acheter du GHB en ligne\u00a0?<\/strong><\/p>\n<p>De nombreuses pharmacies proposent du GHB en ligne, mais le meilleur endroit est GoodDealersMeds. Nous offrons la livraison gratuite afin que vous puissiez commander vos m\u00e9dicaments pr\u00e9f\u00e9r\u00e9s rapidement et facilement de n&#8217;importe o\u00f9 dans le monde.<\/p>\n","protected":false},"excerpt":{"rendered":"<p>Le gamma-hydroxybutyrate est un s\u00e9datif utilis\u00e9 \u00e0 la fois comme somnif\u00e8re sur ordonnance et comme intoxicant r\u00e9cr\u00e9atif o\u00f9 se procurer du GHB. Il est connu pour sa capacit\u00e9 \u00e0 induire un sommeil de courte dur\u00e9e (plusieurs heures) de type coma \u00e0 fortes doses.<\/p>\n","protected":false},"featured_media":1985,"comment_status":"open","ping_status":"closed","template":"","meta":{"inline_featured_image":false},"product_brand":[],"product_cat":[345],"product_tag":[551,549,523,541,546,547,527,539,555,552,554,525,542,526,545,537,529,530,531,532,534,538,533,535,524,550,553,540,528,544,548,536,543],"class_list":{"0":"post-1984","1":"product","2":"type-product","3":"status-publish","4":"has-post-thumbnail","6":"product_cat-drogues-psychdliques","7":"product_tag-acheter-bromomthane-en-ligne","8":"product_tag-achat-retail-gamma-butyrolactone","9":"product_tag-acheter-dieldrine-en-ligne","10":"product_tag-acheter-legal-gamma-hydroxybutyrate-en-ligne","11":"product_tag-achat-en-gros-gamma-butyrolactone","12":"product_tag-acheter-en-gros-gamma-butyrolactone-en-ligne","13":"product_tag-acheter-endosulfan-en-ligne","14":"product_tag-acheter-gamma-hydroxybutyrate-en-ligne","15":"product_tag-acheter-methylhexanamine-en-ligne","16":"product_tag-vente-en-gros-de-bromomthane-en-ligne","17":"product_tag-lgal-bromomthane-en-ligne","18":"product_tag-cheap-dieldrin-online","19":"product_tag-cheap-gamma-hydroxybutyrate-online","20":"product_tag-comment-acheter-dieldrine-en-ligne","21":"product_tag-comment-acheter-gamma-butyrolactone","22":"product_tag-comment-commander-ghb-en-ligne","23":"product_tag-grossiste-endosulfan-en-ligne","24":"product_tag-lgal-endosulfan-en-ligne","25":"product_tag-gamma-butyrolactone-comme-mdicament","26":"product_tag-gamma-butyrolactone-a-vendre","27":"product_tag-gamma-hydroxybutyrate-acheter","28":"product_tag-lgal-gamma-hydroxybutyrate-en-ligne","29":"product_tag-ghb-acheter-australie","30":"product_tag-ghb-acheter-canada","31":"product_tag-o-acheter-dieldrine-en-ligne","32":"product_tag-o-acheter-au-dtail-gamma-butyrolactone-en-ligne","33":"product_tag-o-acheter-du-bromomthane-en-ligne","34":"product_tag-o-acheter-gamma-hydroxybutyrate-en-ligne","35":"product_tag-o-acheter-endosulfan-en-ligne","36":"product_tag-o-acheter-gamma-butyrolactone","37":"product_tag-o-acheter-en-gros-gamma-butyrolactone","38":"product_tag-o-commander-ghb-en-ligne","39":"product_tag-gamma-butyrolactone-vente-en-gros","41":"first","42":"instock","43":"shipping-taxable","44":"purchasable","45":"product-type-simple"},"yoast_head":"<!-- This site is optimized with the Yoast SEO Premium plugin v20.6 (Yoast SEO v27.5) - https:\/\/yoast.com\/product\/yoast-seo-premium-wordpress\/ -->\n<title>O\u00f9 acheter du GHB Liquide | GHB liquide \u00e0 vendre Good Dealers Meds<\/title>\n<meta name=\"description\" content=\"O\u00f9 acheter du GHB Liquide aupr\u00e8s de nos revendeurs, utilis\u00e9 \u00e0 la fois comme somnif\u00e8re sur ordonnance et comme intoxicant r\u00e9cr\u00e9atif.\" \/>\n<meta name=\"robots\" content=\"index, follow, max-snippet:-1, max-image-preview:large, max-video-preview:-1\" \/>\n<link rel=\"canonical\" href=\"https:\/\/gooddealersmeds.com\/fr\/product\/acheter-gamma-hydroxybutyrate-ghb-liquide\/\" \/>\n<meta property=\"og:locale\" content=\"en_US\" \/>\n<meta property=\"og:type\" content=\"article\" \/>\n<meta property=\"og:title\" content=\"Acheter Gamma Hydroxybutyrate (GHB) Liquide\" \/>\n<meta property=\"og:description\" content=\"O\u00f9 acheter du GHB Liquide aupr\u00e8s de nos revendeurs, utilis\u00e9 \u00e0 la fois comme somnif\u00e8re sur ordonnance et comme intoxicant r\u00e9cr\u00e9atif.\" \/>\n<meta property=\"og:url\" content=\"https:\/\/gooddealersmeds.com\/fr\/product\/acheter-gamma-hydroxybutyrate-ghb-liquide\/\" \/>\n<meta property=\"og:site_name\" content=\"Good Dealers Meds\" \/>\n<meta property=\"article:modified_time\" content=\"2023-01-04T19:05:50+00:00\" \/>\n<meta property=\"og:image\" content=\"https:\/\/gooddealersmeds.com\/fr\/wp-content\/uploads\/sites\/5\/2022\/07\/Buy-Gamma-Hydroxybutyrate-Ghb-Liquid.jpg\" \/>\n\t<meta property=\"og:image:width\" content=\"600\" \/>\n\t<meta property=\"og:image:height\" content=\"600\" \/>\n\t<meta property=\"og:image:type\" content=\"image\/jpeg\" \/>\n<meta name=\"twitter:card\" content=\"summary_large_image\" \/>\n<meta name=\"twitter:label1\" content=\"Est. reading time\" \/>\n\t<meta name=\"twitter:data1\" content=\"2 minutes\" \/>\n<script type=\"application\/ld+json\" class=\"yoast-schema-graph\">{\"@context\":\"https:\\\/\\\/schema.org\",\"@graph\":[{\"@type\":\"WebPage\",\"@id\":\"https:\\\/\\\/gooddealersmeds.com\\\/fr\\\/product\\\/acheter-gamma-hydroxybutyrate-ghb-liquide\\\/\",\"url\":\"https:\\\/\\\/gooddealersmeds.com\\\/fr\\\/product\\\/acheter-gamma-hydroxybutyrate-ghb-liquide\\\/\",\"name\":\"O\u00f9 acheter du GHB Liquide | GHB liquide \u00e0 vendre Good Dealers Meds\",\"isPartOf\":{\"@id\":\"https:\\\/\\\/gooddealersmeds.com\\\/fr\\\/#website\"},\"primaryImageOfPage\":{\"@id\":\"https:\\\/\\\/gooddealersmeds.com\\\/fr\\\/product\\\/acheter-gamma-hydroxybutyrate-ghb-liquide\\\/#primaryimage\"},\"image\":{\"@id\":\"https:\\\/\\\/gooddealersmeds.com\\\/fr\\\/product\\\/acheter-gamma-hydroxybutyrate-ghb-liquide\\\/#primaryimage\"},\"thumbnailUrl\":\"https:\\\/\\\/gooddealersmeds.com\\\/fr\\\/wp-content\\\/uploads\\\/sites\\\/5\\\/2022\\\/07\\\/Buy-Gamma-Hydroxybutyrate-Ghb-Liquid.jpg\",\"datePublished\":\"2022-07-03T13:39:25+00:00\",\"dateModified\":\"2023-01-04T19:05:50+00:00\",\"description\":\"O\u00f9 acheter du GHB Liquide aupr\u00e8s de nos revendeurs, utilis\u00e9 \u00e0 la fois comme somnif\u00e8re sur ordonnance et comme intoxicant r\u00e9cr\u00e9atif.\",\"breadcrumb\":{\"@id\":\"https:\\\/\\\/gooddealersmeds.com\\\/fr\\\/product\\\/acheter-gamma-hydroxybutyrate-ghb-liquide\\\/#breadcrumb\"},\"inLanguage\":\"en-US\",\"potentialAction\":[{\"@type\":\"ReadAction\",\"target\":[\"https:\\\/\\\/gooddealersmeds.com\\\/fr\\\/product\\\/acheter-gamma-hydroxybutyrate-ghb-liquide\\\/\"]}]},{\"@type\":\"ImageObject\",\"inLanguage\":\"en-US\",\"@id\":\"https:\\\/\\\/gooddealersmeds.com\\\/fr\\\/product\\\/acheter-gamma-hydroxybutyrate-ghb-liquide\\\/#primaryimage\",\"url\":\"https:\\\/\\\/gooddealersmeds.com\\\/fr\\\/wp-content\\\/uploads\\\/sites\\\/5\\\/2022\\\/07\\\/Buy-Gamma-Hydroxybutyrate-Ghb-Liquid.jpg\",\"contentUrl\":\"https:\\\/\\\/gooddealersmeds.com\\\/fr\\\/wp-content\\\/uploads\\\/sites\\\/5\\\/2022\\\/07\\\/Buy-Gamma-Hydroxybutyrate-Ghb-Liquid.jpg\",\"width\":600,\"height\":600,\"caption\":\"Buy Gamma Hydroxybutyrate Liquid\"},{\"@type\":\"BreadcrumbList\",\"@id\":\"https:\\\/\\\/gooddealersmeds.com\\\/fr\\\/product\\\/acheter-gamma-hydroxybutyrate-ghb-liquide\\\/#breadcrumb\",\"itemListElement\":[{\"@type\":\"ListItem\",\"position\":1,\"name\":\"Home\",\"item\":\"https:\\\/\\\/gooddealersmeds.com\\\/fr\\\/\"},{\"@type\":\"ListItem\",\"position\":2,\"name\":\"Des produits\",\"item\":\"https:\\\/\\\/gooddealersmeds.com\\\/fr\\\/des-produits\\\/\"},{\"@type\":\"ListItem\",\"position\":3,\"name\":\"Acheter Gamma Hydroxybutyrate (GHB) Liquide\"}]},{\"@type\":\"WebSite\",\"@id\":\"https:\\\/\\\/gooddealersmeds.com\\\/fr\\\/#website\",\"url\":\"https:\\\/\\\/gooddealersmeds.com\\\/fr\\\/\",\"name\":\"Good Dealers Meds\",\"description\":\"All our best\",\"publisher\":{\"@id\":\"https:\\\/\\\/gooddealersmeds.com\\\/fr\\\/#organization\"},\"potentialAction\":[{\"@type\":\"SearchAction\",\"target\":{\"@type\":\"EntryPoint\",\"urlTemplate\":\"https:\\\/\\\/gooddealersmeds.com\\\/fr\\\/?s={search_term_string}\"},\"query-input\":{\"@type\":\"PropertyValueSpecification\",\"valueRequired\":true,\"valueName\":\"search_term_string\"}}],\"inLanguage\":\"en-US\"},{\"@type\":\"Organization\",\"@id\":\"https:\\\/\\\/gooddealersmeds.com\\\/fr\\\/#organization\",\"name\":\"Good Dealers Meds\",\"url\":\"https:\\\/\\\/gooddealersmeds.com\\\/fr\\\/\",\"logo\":{\"@type\":\"ImageObject\",\"inLanguage\":\"en-US\",\"@id\":\"https:\\\/\\\/gooddealersmeds.com\\\/fr\\\/#\\\/schema\\\/logo\\\/image\\\/\",\"url\":\"https:\\\/\\\/gooddealersmeds.com\\\/fr\\\/wp-content\\\/uploads\\\/sites\\\/5\\\/2022\\\/03\\\/gooddealersmeds__logo__20220317T222800Z.00.png\",\"contentUrl\":\"https:\\\/\\\/gooddealersmeds.com\\\/fr\\\/wp-content\\\/uploads\\\/sites\\\/5\\\/2022\\\/03\\\/gooddealersmeds__logo__20220317T222800Z.00.png\",\"width\":500,\"height\":325,\"caption\":\"Good Dealers Meds\"},\"image\":{\"@id\":\"https:\\\/\\\/gooddealersmeds.com\\\/fr\\\/#\\\/schema\\\/logo\\\/image\\\/\"}}]}<\/script>\n<!-- \/ Yoast SEO Premium plugin. -->","yoast_head_json":{"title":"O\u00f9 acheter du GHB Liquide | GHB liquide \u00e0 vendre Good Dealers Meds","description":"O\u00f9 acheter du GHB Liquide aupr\u00e8s de nos revendeurs, utilis\u00e9 \u00e0 la fois comme somnif\u00e8re sur ordonnance et comme intoxicant r\u00e9cr\u00e9atif.","robots":{"index":"index","follow":"follow","max-snippet":"max-snippet:-1","max-image-preview":"max-image-preview:large","max-video-preview":"max-video-preview:-1"},"canonical":"https:\/\/gooddealersmeds.com\/fr\/product\/acheter-gamma-hydroxybutyrate-ghb-liquide\/","og_locale":"en_US","og_type":"article","og_title":"Acheter Gamma Hydroxybutyrate (GHB) Liquide","og_description":"O\u00f9 acheter du GHB Liquide aupr\u00e8s de nos revendeurs, utilis\u00e9 \u00e0 la fois comme somnif\u00e8re sur ordonnance et comme intoxicant r\u00e9cr\u00e9atif.","og_url":"https:\/\/gooddealersmeds.com\/fr\/product\/acheter-gamma-hydroxybutyrate-ghb-liquide\/","og_site_name":"Good Dealers Meds","article_modified_time":"2023-01-04T19:05:50+00:00","og_image":[{"width":600,"height":600,"url":"https:\/\/gooddealersmeds.com\/fr\/wp-content\/uploads\/sites\/5\/2022\/07\/Buy-Gamma-Hydroxybutyrate-Ghb-Liquid.jpg","type":"image\/jpeg"}],"twitter_card":"summary_large_image","twitter_misc":{"Est. reading time":"2 minutes"},"schema":{"@context":"https:\/\/schema.org","@graph":[{"@type":"WebPage","@id":"https:\/\/gooddealersmeds.com\/fr\/product\/acheter-gamma-hydroxybutyrate-ghb-liquide\/","url":"https:\/\/gooddealersmeds.com\/fr\/product\/acheter-gamma-hydroxybutyrate-ghb-liquide\/","name":"O\u00f9 acheter du GHB Liquide | GHB liquide \u00e0 vendre Good Dealers Meds","isPartOf":{"@id":"https:\/\/gooddealersmeds.com\/fr\/#website"},"primaryImageOfPage":{"@id":"https:\/\/gooddealersmeds.com\/fr\/product\/acheter-gamma-hydroxybutyrate-ghb-liquide\/#primaryimage"},"image":{"@id":"https:\/\/gooddealersmeds.com\/fr\/product\/acheter-gamma-hydroxybutyrate-ghb-liquide\/#primaryimage"},"thumbnailUrl":"https:\/\/gooddealersmeds.com\/fr\/wp-content\/uploads\/sites\/5\/2022\/07\/Buy-Gamma-Hydroxybutyrate-Ghb-Liquid.jpg","datePublished":"2022-07-03T13:39:25+00:00","dateModified":"2023-01-04T19:05:50+00:00","description":"O\u00f9 acheter du GHB Liquide aupr\u00e8s de nos revendeurs, utilis\u00e9 \u00e0 la fois comme somnif\u00e8re sur ordonnance et comme intoxicant r\u00e9cr\u00e9atif.","breadcrumb":{"@id":"https:\/\/gooddealersmeds.com\/fr\/product\/acheter-gamma-hydroxybutyrate-ghb-liquide\/#breadcrumb"},"inLanguage":"en-US","potentialAction":[{"@type":"ReadAction","target":["https:\/\/gooddealersmeds.com\/fr\/product\/acheter-gamma-hydroxybutyrate-ghb-liquide\/"]}]},{"@type":"ImageObject","inLanguage":"en-US","@id":"https:\/\/gooddealersmeds.com\/fr\/product\/acheter-gamma-hydroxybutyrate-ghb-liquide\/#primaryimage","url":"https:\/\/gooddealersmeds.com\/fr\/wp-content\/uploads\/sites\/5\/2022\/07\/Buy-Gamma-Hydroxybutyrate-Ghb-Liquid.jpg","contentUrl":"https:\/\/gooddealersmeds.com\/fr\/wp-content\/uploads\/sites\/5\/2022\/07\/Buy-Gamma-Hydroxybutyrate-Ghb-Liquid.jpg","width":600,"height":600,"caption":"Buy Gamma Hydroxybutyrate Liquid"},{"@type":"BreadcrumbList","@id":"https:\/\/gooddealersmeds.com\/fr\/product\/acheter-gamma-hydroxybutyrate-ghb-liquide\/#breadcrumb","itemListElement":[{"@type":"ListItem","position":1,"name":"Home","item":"https:\/\/gooddealersmeds.com\/fr\/"},{"@type":"ListItem","position":2,"name":"Des produits","item":"https:\/\/gooddealersmeds.com\/fr\/des-produits\/"},{"@type":"ListItem","position":3,"name":"Acheter Gamma Hydroxybutyrate (GHB) Liquide"}]},{"@type":"WebSite","@id":"https:\/\/gooddealersmeds.com\/fr\/#website","url":"https:\/\/gooddealersmeds.com\/fr\/","name":"Good Dealers Meds","description":"All our best","publisher":{"@id":"https:\/\/gooddealersmeds.com\/fr\/#organization"},"potentialAction":[{"@type":"SearchAction","target":{"@type":"EntryPoint","urlTemplate":"https:\/\/gooddealersmeds.com\/fr\/?s={search_term_string}"},"query-input":{"@type":"PropertyValueSpecification","valueRequired":true,"valueName":"search_term_string"}}],"inLanguage":"en-US"},{"@type":"Organization","@id":"https:\/\/gooddealersmeds.com\/fr\/#organization","name":"Good Dealers Meds","url":"https:\/\/gooddealersmeds.com\/fr\/","logo":{"@type":"ImageObject","inLanguage":"en-US","@id":"https:\/\/gooddealersmeds.com\/fr\/#\/schema\/logo\/image\/","url":"https:\/\/gooddealersmeds.com\/fr\/wp-content\/uploads\/sites\/5\/2022\/03\/gooddealersmeds__logo__20220317T222800Z.00.png","contentUrl":"https:\/\/gooddealersmeds.com\/fr\/wp-content\/uploads\/sites\/5\/2022\/03\/gooddealersmeds__logo__20220317T222800Z.00.png","width":500,"height":325,"caption":"Good Dealers Meds"},"image":{"@id":"https:\/\/gooddealersmeds.com\/fr\/#\/schema\/logo\/image\/"}}]}},"_links":{"self":[{"href":"https:\/\/gooddealersmeds.com\/fr\/wp-json\/wp\/v2\/product\/1984","targetHints":{"allow":["GET"]}}],"collection":[{"href":"https:\/\/gooddealersmeds.com\/fr\/wp-json\/wp\/v2\/product"}],"about":[{"href":"https:\/\/gooddealersmeds.com\/fr\/wp-json\/wp\/v2\/types\/product"}],"replies":[{"embeddable":true,"href":"https:\/\/gooddealersmeds.com\/fr\/wp-json\/wp\/v2\/comments?post=1984"}],"wp:featuredmedia":[{"embeddable":true,"href":"https:\/\/gooddealersmeds.com\/fr\/wp-json\/wp\/v2\/media\/1985"}],"wp:attachment":[{"href":"https:\/\/gooddealersmeds.com\/fr\/wp-json\/wp\/v2\/media?parent=1984"}],"wp:term":[{"taxonomy":"product_brand","embeddable":true,"href":"https:\/\/gooddealersmeds.com\/fr\/wp-json\/wp\/v2\/product_brand?post=1984"},{"taxonomy":"product_cat","embeddable":true,"href":"https:\/\/gooddealersmeds.com\/fr\/wp-json\/wp\/v2\/product_cat?post=1984"},{"taxonomy":"product_tag","embeddable":true,"href":"https:\/\/gooddealersmeds.com\/fr\/wp-json\/wp\/v2\/product_tag?post=1984"}],"curies":[{"name":"wp","href":"https:\/\/api.w.org\/{rel}","templated":true}]}}